{"id":9635,"date":"2021-02-08T17:32:41","date_gmt":"2021-02-08T16:32:41","guid":{"rendered":"https:\/\/xocomon.com\/?post_type=product&#038;p=9635"},"modified":"2026-03-02T19:13:24","modified_gmt":"2026-03-02T18:13:24","slug":"pack-lego-grande-2-legos-700gr-chocolate-negro","status":"publish","type":"product","link":"https:\/\/xocomon.com\/es\/producto\/pack-lego-grande-2-legos-700gr-chocolate-negro\/","title":{"rendered":"Pack LEGO grande + 2 legos. 700gr.  Chocolate Negro"},"content":{"rendered":"<p>&nbsp;<\/p>\n<p><span data-sheets-value=\"{&quot;1&quot;:2,&quot;2&quot;:&quot;Huevos de pascua con sorpresa de chocolate dentro, Mona de Pascua XOCOMON&quot;}\" data-sheets-userformat=\"{&quot;2&quot;:899,&quot;3&quot;:{&quot;1&quot;:0},&quot;4&quot;:{&quot;1&quot;:2,&quot;2&quot;:16770457},&quot;10&quot;:0,&quot;11&quot;:4,&quot;12&quot;:0}\">Caja LEGO de 12*12 *7 cm de alto, pesa 400 gr y le acompa\u00f1an dos cajas de bricks LEGO XOCOMON de 150 gr cada una, total 700 gr de chocolate. Es una ilusi\u00f3n hecha realidad.\u00a0<\/span><\/p>\n<p>Nos encanta el Lego y sabemos que a vosotros tambi\u00e9n, nos ped\u00edais figuras mas grandes para hacer un fant\u00e1stico regalo, pues aqu\u00ed esta, ha nacido en XOCOMON. \u00a1 A DISFRUTAR!<\/p>\n<p><span data-sheets-value=\"{&quot;1&quot;:2,&quot;2&quot;:&quot;Huevo de Pascua de Chocolate Negro CON SORPRESA EN EL INTERIOR, para al\u00e9rgicos,SIN frutos secos, cacahuete, leche, huevo, gluten y SIN TRAZAS de todos ellos.n400gr, 18 cm de alto, empaquetados y listos para entregar a tu ahijad@ y hacerl@ disfrutar de esta &quot;Mona&quot; de oro negra.nLa tradici\u00f3n del huevo de Pascua o mona de Pascua: Durante siglos, y hasta bien entrado el siglo XX, fue costumbre entre los pasteleros y tambi\u00e9n en las casas, hacer roscones o tortas con huevos duros incrustados en la superficie, que los padrinos regalaban a sus ahijados el domingo de Pascua o el d\u00eda siguiente. Seg\u00fan la tradici\u00f3n, el dulce deb\u00eda tener tantos huevos como a\u00f1os ten\u00eda el ni\u00f1o o ni\u00f1a a quien iba destinado, hasta que ya hab\u00eda hecho la primera comuni\u00f3n. Con los a\u00f1os, los huevos pasaron a ser de chocolate, y hoy &quot;la mona&quot; se ha convertido en una figura de chocolate que puede ser de muchos tipos y colores: podemos encontrar desde el huevo tradicional hasta personajes de dibujos, animales, jugadores de f\u00fatbol, \u200b\u200betc.nA XOCOMON no queremos que nadie se quede sin Huevo de Pascua por problemas de alergia, es por eso que hemos decidido hacer disfrutar a todo el mundo de esta hermosa tradici\u00f3n que une padrinos y ahijados con esta &quot;mona&quot; deliciosa . Ingredientes: pasta de cacao, az\u00facar, manteca de cacao; emulgente :lecitina de soja; aroma natural de vainilla .nNo contiene trazas de leche ni frutos secos, leche, huevo,ni gluten. Obrador solo de chocolate As\u00ed, aparte de los al\u00e9rgicos a los frutos secos, pueden comer tambi\u00e9n los al\u00e9rgicos a la leche, los veganos y los vegetarianos, ya que hemos comprado una m\u00e1quina nueva y podemos garantizar las trazas de leche!nEs un chocolate belga, muy bueno, PARA TODA LA FAMILIA, con un sabor a cacao amargo bien equilibrado (55% de cacao) y lo mejor es que NO CONTIENE: prote\u00ednas de leche, lactosa, huevos ni derivados, altramuz, gluten, trigo, cent\u00e9simo, ma\u00edz, avellanas, almendras, aceite de avellana o de almendra, cacahuetes, aceite de cacahuete, nueces, pacanas, anacardos, pistachos, casta\u00f1as de Par\u00e1 (o nueces de Brasil), nueces de macadamia, casta\u00f1as , mostaza, sulfitos, miel, Glutamato E620-&gt; E625, sulfitos E220-&gt; E227, \u00c1cido benzoico E210-&gt; E213, Parabens E214-&gt; E219, tartracina E102, Amarillo naranja E110, azorrubina E122, Amaranto E123, Rojo E124 y E129, azul E131, indigotina E132, Licopeno E160B-D, tragacanto E413, \u00c1cido s\u00f3rbico E200-&gt; E203, BHA \/ BHT E320 \/ 321. NI TRAZAS..nProducida de una manera ARTESANA por nuestra experta chocolatera Marta y Maria, en moldes especiales donde s\u00f3lo se fabrica nuestro chocolate y en un obrador seguro.nDISPONIBLES LAS FICHAS DE PRODUCTO.nMuchas gracias por comprar Xocomon.&quot;}\" data-sheets-userformat=\"{&quot;2&quot;:899,&quot;3&quot;:{&quot;1&quot;:0},&quot;4&quot;:{&quot;1&quot;:2,&quot;2&quot;:16770457},&quot;10&quot;:0,&quot;11&quot;:4,&quot;12&quot;:0}\" data-sheets-textstyleruns=\"{&quot;1&quot;:0}\uee10{&quot;1&quot;:1244,&quot;2&quot;:{&quot;5&quot;:1}}\uee10{&quot;1&quot;:1258}\uee10{&quot;1&quot;:1311,&quot;2&quot;:{&quot;2&quot;:{&quot;1&quot;:2,&quot;2&quot;:16711680}}}\uee10{&quot;1&quot;:1328}\">El lote es indivisible, se vende la caja LEGO cerrada grande y dos cajitas de bricks LEGO peque\u00f1os de 150gr que siempre hemos tenido en la web, TODO para al\u00e9rgicos, SIN frutos secos, cacahuete, leche, huevo, gluten, soja.<\/span><\/p>\n<p><span data-sheets-value=\"{&quot;1&quot;:2,&quot;2&quot;:&quot;Huevo de Pascua de Chocolate Negro CON SORPRESA EN EL INTERIOR, para al\u00e9rgicos,SIN frutos secos, cacahuete, leche, huevo, gluten y SIN TRAZAS de todos ellos.n400gr, 18 cm de alto, empaquetados y listos para entregar a tu ahijad@ y hacerl@ disfrutar de esta &quot;Mona&quot; de oro negra.nLa tradici\u00f3n del huevo de Pascua o mona de Pascua: Durante siglos, y hasta bien entrado el siglo XX, fue costumbre entre los pasteleros y tambi\u00e9n en las casas, hacer roscones o tortas con huevos duros incrustados en la superficie, que los padrinos regalaban a sus ahijados el domingo de Pascua o el d\u00eda siguiente. Seg\u00fan la tradici\u00f3n, el dulce deb\u00eda tener tantos huevos como a\u00f1os ten\u00eda el ni\u00f1o o ni\u00f1a a quien iba destinado, hasta que ya hab\u00eda hecho la primera comuni\u00f3n. Con los a\u00f1os, los huevos pasaron a ser de chocolate, y hoy &quot;la mona&quot; se ha convertido en una figura de chocolate que puede ser de muchos tipos y colores: podemos encontrar desde el huevo tradicional hasta personajes de dibujos, animales, jugadores de f\u00fatbol, \u200b\u200betc.nA XOCOMON no queremos que nadie se quede sin Huevo de Pascua por problemas de alergia, es por eso que hemos decidido hacer disfrutar a todo el mundo de esta hermosa tradici\u00f3n que une padrinos y ahijados con esta &quot;mona&quot; deliciosa . Ingredientes: pasta de cacao, az\u00facar, manteca de cacao; emulgente :lecitina de soja; aroma natural de vainilla .nNo contiene trazas de leche ni frutos secos, leche, huevo,ni gluten. Obrador solo de chocolate As\u00ed, aparte de los al\u00e9rgicos a los frutos secos, pueden comer tambi\u00e9n los al\u00e9rgicos a la leche, los veganos y los vegetarianos, ya que hemos comprado una m\u00e1quina nueva y podemos garantizar las trazas de leche!nEs un chocolate belga, muy bueno, PARA TODA LA FAMILIA, con un sabor a cacao amargo bien equilibrado (55% de cacao) y lo mejor es que NO CONTIENE: prote\u00ednas de leche, lactosa, huevos ni derivados, altramuz, gluten, trigo, cent\u00e9simo, ma\u00edz, avellanas, almendras, aceite de avellana o de almendra, cacahuetes, aceite de cacahuete, nueces, pacanas, anacardos, pistachos, casta\u00f1as de Par\u00e1 (o nueces de Brasil), nueces de macadamia, casta\u00f1as , mostaza, sulfitos, miel, Glutamato E620-&gt; E625, sulfitos E220-&gt; E227, \u00c1cido benzoico E210-&gt; E213, Parabens E214-&gt; E219, tartracina E102, Amarillo naranja E110, azorrubina E122, Amaranto E123, Rojo E124 y E129, azul E131, indigotina E132, Licopeno E160B-D, tragacanto E413, \u00c1cido s\u00f3rbico E200-&gt; E203, BHA \/ BHT E320 \/ 321. NI TRAZAS..nProducida de una manera ARTESANA por nuestra experta chocolatera Marta y Maria, en moldes especiales donde s\u00f3lo se fabrica nuestro chocolate y en un obrador seguro.nDISPONIBLES LAS FICHAS DE PRODUCTO.nMuchas gracias por comprar Xocomon.&quot;}\" data-sheets-userformat=\"{&quot;2&quot;:899,&quot;3&quot;:{&quot;1&quot;:0},&quot;4&quot;:{&quot;1&quot;:2,&quot;2&quot;:16770457},&quot;10&quot;:0,&quot;11&quot;:4,&quot;12&quot;:0}\" data-sheets-textstyleruns=\"{&quot;1&quot;:0}\uee10{&quot;1&quot;:1244,&quot;2&quot;:{&quot;5&quot;:1}}\uee10{&quot;1&quot;:1258}\uee10{&quot;1&quot;:1311,&quot;2&quot;:{&quot;2&quot;:{&quot;1&quot;:2,&quot;2&quot;:16711680}}}\uee10{&quot;1&quot;:1328}\">700gr total de Chocolate negro 55% de cacao, 12 cm de alto, empaquetado y listos para entregar a tu ahijad@ y hacerl@ disfrutar de esta \u00abMona\u00bb de oro negro.<br \/>\nLa tradici\u00f3n del huevo de Pascua o mona de Pascua: Durante siglos, y hasta bien entrado el siglo XX, fue costumbre entre los pasteleros y tambi\u00e9n en las casas, hacer roscones o tortas con huevos duros incrustados en la superficie, que los padrinos regalaban a sus ahijados el domingo de Pascua o el d\u00eda siguiente. Seg\u00fan la tradici\u00f3n, el dulce deb\u00eda tener tantos huevos como a\u00f1os ten\u00eda el ni\u00f1o o ni\u00f1a a quien iba destinado, hasta que ya hab\u00eda hecho la primera comuni\u00f3n. Con los a\u00f1os, los huevos pasaron a ser de chocolate, y hoy \u00abla mona\u00bb se ha convertido en una figura de chocolate que puede ser de muchos tipos y colores: podemos encontrar desde el huevo tradicional hasta personajes de dibujos, animales, jugadores de f\u00fatbol, \u200b\u200betc.<br \/>\nA XOCOMON no queremos que nadie se quede sin Huevo de Pascua por problemas de alergia, es por eso que hemos decidido hacer disfrutar a todo el mundo de esta hermosa tradici\u00f3n que une padrinos y ahijados con esta \u00abmona\u00bb deliciosa . Ingredientes: pasta de cacao, az\u00facar, manteca de cacao; emulgente :lecitina de soja; aroma natural de vainilla .<br \/>\nNo contiene trazas de leche ni frutos secos, leche, huevo, ni gluten. Obrador solo de chocolate As\u00ed, aparte de los al\u00e9rgicos a los frutos secos, pueden comer tambi\u00e9n los al\u00e9rgicos a la leche, los veganos y los vegetarianos, ya que hemos comprado una m\u00e1quina nueva y podemos garantizar las trazas de leche!<\/span><\/p>\n<p>Producida de una manera ARTESANA por nuestra experta chocolatera, en moldes especiales donde s\u00f3lo se fabrica nuestro chocolate y en nuestro obrador en Matar\u00f3.<\/p>\n<p>Muchas gracias por comprar Xocomon.<\/p>\n","protected":false},"excerpt":{"rendered":"<p><span data-sheets-value=\"{&quot;1&quot;:2,&quot;2&quot;:&quot;Huevos de pascua con sorpresa de chocolate dentro, Mona de Pascua XOCOMON&quot;}\" data-sheets-userformat=\"{&quot;2&quot;:899,&quot;3&quot;:{&quot;1&quot;:0},&quot;4&quot;:{&quot;1&quot;:2,&quot;2&quot;:16770457},&quot;10&quot;:0,&quot;11&quot;:4,&quot;12&quot;:0}\">Caja LEGO de 12*12 *7 cm de alto, pesa 400 gr y dos cajas de bricks LEGO XOCOMON de 150 gr cada una, total 700 gr de chocolate. envia la Mona online de pascua a tu ahijado \/a<\/span><\/p>\n<p>INGREDIENTES; Pasta de cacao, az\u00facar, manteca de cacao.<\/p>\n<p>&nbsp;<\/p>\n<p><strong>SIN GLUTEN, SIN HUEVO, SIN FRUTOS SECOS, SIN CACAHUETE, SIN LECHE, SIN SOJA<\/strong><\/p>\n","protected":false},"featured_media":12943,"comment_status":"open","ping_status":"closed","template":"","meta":[],"product_brand":[],"product_cat":[206,131,190],"product_tag":[307,257],"class_list":{"0":"post-9635","1":"product","2":"type-product","3":"status-publish","4":"has-post-thumbnail","6":"product_cat-lotes","7":"product_cat-pascua","8":"product_cat-chocolate-negro-pascuas","9":"product_tag-xocolata-es","10":"product_tag-xocolata-negra-es","11":"tm-has-options","13":"first","14":"instock","15":"sale","16":"taxable","17":"shipping-taxable","18":"purchasable","19":"product-type-woosb"},"yoast_head":"<!-- This site is optimized with the Yoast SEO plugin v26.7 - https:\/\/yoast.com\/wordpress\/plugins\/seo\/ -->\n<title>Pack LEGO grande + 2 legos. 700gr. Chocolate Negro - Xocomon<\/title>\n<meta name=\"description\" content=\"figura de pascua grande en forma de pieza de lego y dos cajitas con piezas apilables, se pueden hacer figuras, ideal mona de pascua.\" \/>\n<meta name=\"robots\" content=\"index, follow, max-snippet:-1, max-image-preview:large, max-video-preview:-1\" \/>\n<link rel=\"canonical\" href=\"https:\/\/xocomon.com\/es\/producto\/pack-lego-grande-2-legos-700gr-chocolate-negro\/\" \/>\n<meta property=\"og:locale\" content=\"es_ES\" \/>\n<meta property=\"og:type\" content=\"article\" \/>\n<meta property=\"og:title\" content=\"Pack LEGO grande + 2 legos. 700gr. Chocolate Negro - Xocomon\" \/>\n<meta property=\"og:description\" content=\"figura de pascua grande en forma de pieza de lego y dos cajitas con piezas apilables, se pueden hacer figuras, ideal mona de pascua.\" \/>\n<meta property=\"og:url\" content=\"https:\/\/xocomon.com\/es\/producto\/pack-lego-grande-2-legos-700gr-chocolate-negro\/\" \/>\n<meta property=\"og:site_name\" content=\"Xocomon\" \/>\n<meta property=\"article:publisher\" content=\"https:\/\/www.facebook.com\/xocomon\/\" \/>\n<meta property=\"article:modified_time\" content=\"2026-03-02T18:13:24+00:00\" \/>\n<meta property=\"og:image\" content=\"https:\/\/xocomon.com\/wp-content\/uploads\/2022\/03\/5D__7810_XCM_low.jpg\" \/>\n\t<meta property=\"og:image:width\" content=\"640\" \/>\n\t<meta property=\"og:image:height\" content=\"438\" \/>\n\t<meta property=\"og:image:type\" content=\"image\/jpeg\" \/>\n<meta name=\"twitter:card\" content=\"summary_large_image\" \/>\n<meta name=\"twitter:label1\" content=\"Tiempo de lectura\" \/>\n\t<meta name=\"twitter:data1\" content=\"4 minutos\" \/>\n<script type=\"application\/ld+json\" class=\"yoast-schema-graph\">{\"@context\":\"https:\/\/schema.org\",\"@graph\":[{\"@type\":\"WebPage\",\"@id\":\"https:\/\/xocomon.com\/es\/producto\/pack-lego-grande-2-legos-700gr-chocolate-negro\/\",\"url\":\"https:\/\/xocomon.com\/es\/producto\/pack-lego-grande-2-legos-700gr-chocolate-negro\/\",\"name\":\"Pack LEGO grande + 2 legos. 700gr. Chocolate Negro - Xocomon\",\"isPartOf\":{\"@id\":\"https:\/\/xocomon.com\/#website\"},\"primaryImageOfPage\":{\"@id\":\"https:\/\/xocomon.com\/es\/producto\/pack-lego-grande-2-legos-700gr-chocolate-negro\/#primaryimage\"},\"image\":{\"@id\":\"https:\/\/xocomon.com\/es\/producto\/pack-lego-grande-2-legos-700gr-chocolate-negro\/#primaryimage\"},\"thumbnailUrl\":\"https:\/\/xocomon.com\/wp-content\/uploads\/2022\/03\/5D__7810_XCM_low.jpg\",\"datePublished\":\"2021-02-08T16:32:41+00:00\",\"dateModified\":\"2026-03-02T18:13:24+00:00\",\"description\":\"figura de pascua grande en forma de pieza de lego y dos cajitas con piezas apilables, se pueden hacer figuras, ideal mona de pascua.\",\"breadcrumb\":{\"@id\":\"https:\/\/xocomon.com\/es\/producto\/pack-lego-grande-2-legos-700gr-chocolate-negro\/#breadcrumb\"},\"inLanguage\":\"es\",\"potentialAction\":[{\"@type\":\"ReadAction\",\"target\":[\"https:\/\/xocomon.com\/es\/producto\/pack-lego-grande-2-legos-700gr-chocolate-negro\/\"]}]},{\"@type\":\"ImageObject\",\"inLanguage\":\"es\",\"@id\":\"https:\/\/xocomon.com\/es\/producto\/pack-lego-grande-2-legos-700gr-chocolate-negro\/#primaryimage\",\"url\":\"https:\/\/xocomon.com\/wp-content\/uploads\/2022\/03\/5D__7810_XCM_low.jpg\",\"contentUrl\":\"https:\/\/xocomon.com\/wp-content\/uploads\/2022\/03\/5D__7810_XCM_low.jpg\",\"width\":640,\"height\":438},{\"@type\":\"BreadcrumbList\",\"@id\":\"https:\/\/xocomon.com\/es\/producto\/pack-lego-grande-2-legos-700gr-chocolate-negro\/#breadcrumb\",\"itemListElement\":[{\"@type\":\"ListItem\",\"position\":1,\"name\":\"Portada\",\"item\":\"https:\/\/xocomon.com\/es\/\"},{\"@type\":\"ListItem\",\"position\":2,\"name\":\"Tienda\",\"item\":\"https:\/\/xocomon.com\/es\/tienda\/\"},{\"@type\":\"ListItem\",\"position\":3,\"name\":\"Pack LEGO grande + 2 legos. 700gr. Chocolate Negro\"}]},{\"@type\":\"WebSite\",\"@id\":\"https:\/\/xocomon.com\/#website\",\"url\":\"https:\/\/xocomon.com\/\",\"name\":\"Xocomon\",\"description\":\"\",\"potentialAction\":[{\"@type\":\"SearchAction\",\"target\":{\"@type\":\"EntryPoint\",\"urlTemplate\":\"https:\/\/xocomon.com\/?s={search_term_string}\"},\"query-input\":{\"@type\":\"PropertyValueSpecification\",\"valueRequired\":true,\"valueName\":\"search_term_string\"}}],\"inLanguage\":\"es\"}]}<\/script>\n<!-- \/ Yoast SEO plugin. -->","yoast_head_json":{"title":"Pack LEGO grande + 2 legos. 700gr. Chocolate Negro - Xocomon","description":"figura de pascua grande en forma de pieza de lego y dos cajitas con piezas apilables, se pueden hacer figuras, ideal mona de pascua.","robots":{"index":"index","follow":"follow","max-snippet":"max-snippet:-1","max-image-preview":"max-image-preview:large","max-video-preview":"max-video-preview:-1"},"canonical":"https:\/\/xocomon.com\/es\/producto\/pack-lego-grande-2-legos-700gr-chocolate-negro\/","og_locale":"es_ES","og_type":"article","og_title":"Pack LEGO grande + 2 legos. 700gr. Chocolate Negro - Xocomon","og_description":"figura de pascua grande en forma de pieza de lego y dos cajitas con piezas apilables, se pueden hacer figuras, ideal mona de pascua.","og_url":"https:\/\/xocomon.com\/es\/producto\/pack-lego-grande-2-legos-700gr-chocolate-negro\/","og_site_name":"Xocomon","article_publisher":"https:\/\/www.facebook.com\/xocomon\/","article_modified_time":"2026-03-02T18:13:24+00:00","og_image":[{"width":640,"height":438,"url":"https:\/\/xocomon.com\/wp-content\/uploads\/2022\/03\/5D__7810_XCM_low.jpg","type":"image\/jpeg"}],"twitter_card":"summary_large_image","twitter_misc":{"Tiempo de lectura":"4 minutos"},"schema":{"@context":"https:\/\/schema.org","@graph":[{"@type":"WebPage","@id":"https:\/\/xocomon.com\/es\/producto\/pack-lego-grande-2-legos-700gr-chocolate-negro\/","url":"https:\/\/xocomon.com\/es\/producto\/pack-lego-grande-2-legos-700gr-chocolate-negro\/","name":"Pack LEGO grande + 2 legos. 700gr. Chocolate Negro - Xocomon","isPartOf":{"@id":"https:\/\/xocomon.com\/#website"},"primaryImageOfPage":{"@id":"https:\/\/xocomon.com\/es\/producto\/pack-lego-grande-2-legos-700gr-chocolate-negro\/#primaryimage"},"image":{"@id":"https:\/\/xocomon.com\/es\/producto\/pack-lego-grande-2-legos-700gr-chocolate-negro\/#primaryimage"},"thumbnailUrl":"https:\/\/xocomon.com\/wp-content\/uploads\/2022\/03\/5D__7810_XCM_low.jpg","datePublished":"2021-02-08T16:32:41+00:00","dateModified":"2026-03-02T18:13:24+00:00","description":"figura de pascua grande en forma de pieza de lego y dos cajitas con piezas apilables, se pueden hacer figuras, ideal mona de pascua.","breadcrumb":{"@id":"https:\/\/xocomon.com\/es\/producto\/pack-lego-grande-2-legos-700gr-chocolate-negro\/#breadcrumb"},"inLanguage":"es","potentialAction":[{"@type":"ReadAction","target":["https:\/\/xocomon.com\/es\/producto\/pack-lego-grande-2-legos-700gr-chocolate-negro\/"]}]},{"@type":"ImageObject","inLanguage":"es","@id":"https:\/\/xocomon.com\/es\/producto\/pack-lego-grande-2-legos-700gr-chocolate-negro\/#primaryimage","url":"https:\/\/xocomon.com\/wp-content\/uploads\/2022\/03\/5D__7810_XCM_low.jpg","contentUrl":"https:\/\/xocomon.com\/wp-content\/uploads\/2022\/03\/5D__7810_XCM_low.jpg","width":640,"height":438},{"@type":"BreadcrumbList","@id":"https:\/\/xocomon.com\/es\/producto\/pack-lego-grande-2-legos-700gr-chocolate-negro\/#breadcrumb","itemListElement":[{"@type":"ListItem","position":1,"name":"Portada","item":"https:\/\/xocomon.com\/es\/"},{"@type":"ListItem","position":2,"name":"Tienda","item":"https:\/\/xocomon.com\/es\/tienda\/"},{"@type":"ListItem","position":3,"name":"Pack LEGO grande + 2 legos. 700gr. Chocolate Negro"}]},{"@type":"WebSite","@id":"https:\/\/xocomon.com\/#website","url":"https:\/\/xocomon.com\/","name":"Xocomon","description":"","potentialAction":[{"@type":"SearchAction","target":{"@type":"EntryPoint","urlTemplate":"https:\/\/xocomon.com\/?s={search_term_string}"},"query-input":{"@type":"PropertyValueSpecification","valueRequired":true,"valueName":"search_term_string"}}],"inLanguage":"es"}]}},"tiered_pricing_type":"fixed","tiered_pricing_fixed_rules":[],"tiered_pricing_product_settings":{"layout":"default","base_unit_name":{"singular":null,"plural":null},"default_variation":null},"tiered_pricing_minimum_quantity":null,"tiered_pricing_roles_data":[],"tiered_pricing_percentage_rules":[],"_links":{"self":[{"href":"https:\/\/xocomon.com\/es\/wp-json\/wp\/v2\/product\/9635","targetHints":{"allow":["GET"]}}],"collection":[{"href":"https:\/\/xocomon.com\/es\/wp-json\/wp\/v2\/product"}],"about":[{"href":"https:\/\/xocomon.com\/es\/wp-json\/wp\/v2\/types\/product"}],"replies":[{"embeddable":true,"href":"https:\/\/xocomon.com\/es\/wp-json\/wp\/v2\/comments?post=9635"}],"wp:featuredmedia":[{"embeddable":true,"href":"https:\/\/xocomon.com\/es\/wp-json\/wp\/v2\/media\/12943"}],"wp:attachment":[{"href":"https:\/\/xocomon.com\/es\/wp-json\/wp\/v2\/media?parent=9635"}],"wp:term":[{"taxonomy":"product_brand","embeddable":true,"href":"https:\/\/xocomon.com\/es\/wp-json\/wp\/v2\/product_brand?post=9635"},{"taxonomy":"product_cat","embeddable":true,"href":"https:\/\/xocomon.com\/es\/wp-json\/wp\/v2\/product_cat?post=9635"},{"taxonomy":"product_tag","embeddable":true,"href":"https:\/\/xocomon.com\/es\/wp-json\/wp\/v2\/product_tag?post=9635"}],"curies":[{"name":"wp","href":"https:\/\/api.w.org\/{rel}","templated":true}]}}