{"id":9628,"date":"2021-02-08T14:54:25","date_gmt":"2021-02-08T14:54:25","guid":{"rendered":"https:\/\/xocomon.com\/?post_type=product&#038;p=9628"},"modified":"2026-02-09T15:08:55","modified_gmt":"2026-02-09T14:08:55","slug":"mini-chocolatina-leche-para-cafe-250-unidades","status":"publish","type":"product","link":"https:\/\/xocomon.com\/es\/producto\/mini-chocolatina-leche-para-cafe-250-unidades\/","title":{"rendered":"Mini Chocolatina Leche para Caf\u00e9 250 unidades"},"content":{"rendered":"<p>Mini Chocolatina Leche para Caf\u00e9 250 unidades<\/p>\n<p>Mini CHOCOLATINA Leche 250 unidades <strong>(FORMATO AHORRO) <\/strong>de 5 gr cada una, total 1250 gr.<br \/>\nHemos creado este formato para los muy <strong>Coffe LOVERS<\/strong><\/p>\n<p>Chocolatinas para Caf\u00e9, son un mini placer para disfrutar en esos caf\u00e9s, largos, cortos, \u00fanicos, junto a tu mejora amigo o por la ma\u00f1ana. El chocolate <b>realza el sabor y la intensidad de la caf\u00e9 <\/b>haciendo este momento \u00fanico. En XOCOMON nos encanta el caf\u00e9, lo asociamos a parar, respirar, coger fuerzas, hablar, reunirse o para enamorarse &#8230;.<\/p>\n<p><strong>Hoy te lo mereces<\/strong>, &#8230;&#8230;&#8230;&#8230;. ma\u00f1ana quiz\u00e1s tambi\u00e9n<\/p>\n<p>Disfruta de estos 2 placeres juntos<strong> CAF\u00c9<\/strong>&#8211;<strong>CHOCOLATE<\/strong><\/p>\n","protected":false},"excerpt":{"rendered":"<p>Mini Chocolatina Leche para Caf\u00e9 250 unidades<\/p>\n<p>Queremos mezclar el placer del <strong>Caf\u00e9 <\/strong>con el <strong>Chocolate<\/strong><\/p>\n<p>\u00bf\u00bfy t\u00fa puedes resistirte??<\/p>\n<p>INGREDIENTES para Todos Xocomon<\/p>\n<p>ingredientes leche : Az\u00facar, manteca de cacao, <strong>leche<\/strong> en polvo, pasta de cacao,emulgente: lecitina de <strong>soja<\/strong>, aroma natural de vainilla.<br \/>\nCONTIENE <strong>SOJA Y LECHE<\/strong><\/p>\n<p><strong>SIN GLUTEN, SIN HUEVO, SIN FRUTOS SECOS, SIN CACAHUETE, SIN TRAZAS<\/strong><\/p>\n","protected":false},"featured_media":13045,"comment_status":"open","ping_status":"closed","template":"","meta":[],"product_brand":[],"product_cat":[130,28,199,202],"product_tag":[],"class_list":{"0":"post-9628","1":"product","2":"type-product","3":"status-publish","4":"has-post-thumbnail","6":"product_cat-chocolate","7":"product_cat-chocolate-con-leche","8":"product_cat-fiestas","9":"product_cat-chocolate-con-leche-fiestas","10":"tm-has-options","12":"first","13":"instock","14":"taxable","15":"shipping-taxable","16":"purchasable","17":"product-type-simple"},"yoast_head":"<!-- This site is optimized with the Yoast SEO plugin v26.7 - https:\/\/yoast.com\/wordpress\/plugins\/seo\/ -->\n<title>Mini Chocolatina Leche para Caf\u00e9 250 unidades - Xocomon<\/title>\n<meta name=\"description\" content=\"Mini Chocolatina Leche para Caf\u00e9 250 unidades, sin frutos secos, sin cacahuete, sin gluten, sin huevo, sin trazas, ingredientes:...\" \/>\n<meta name=\"robots\" content=\"index, follow, max-snippet:-1, max-image-preview:large, max-video-preview:-1\" \/>\n<link rel=\"canonical\" href=\"https:\/\/xocomon.com\/es\/producto\/mini-chocolatina-leche-para-cafe-250-unidades\/\" \/>\n<meta property=\"og:locale\" content=\"es_ES\" \/>\n<meta property=\"og:type\" content=\"article\" \/>\n<meta property=\"og:title\" content=\"Mini Chocolatina Leche para Caf\u00e9 250 unidades - Xocomon\" \/>\n<meta property=\"og:description\" content=\"Mini Chocolatina Leche para Caf\u00e9 250 unidades, sin frutos secos, sin cacahuete, sin gluten, sin huevo, sin trazas, ingredientes:...\" \/>\n<meta property=\"og:url\" content=\"https:\/\/xocomon.com\/es\/producto\/mini-chocolatina-leche-para-cafe-250-unidades\/\" \/>\n<meta property=\"og:site_name\" content=\"Xocomon\" \/>\n<meta property=\"article:publisher\" content=\"https:\/\/www.facebook.com\/xocomon\/\" \/>\n<meta property=\"article:modified_time\" content=\"2026-02-09T14:08:55+00:00\" \/>\n<meta property=\"og:image\" content=\"https:\/\/xocomon.com\/wp-content\/uploads\/2022\/03\/5D__8084-Edit_XCM_low.jpg\" \/>\n\t<meta property=\"og:image:width\" content=\"640\" \/>\n\t<meta property=\"og:image:height\" content=\"438\" \/>\n\t<meta property=\"og:image:type\" content=\"image\/jpeg\" \/>\n<meta name=\"twitter:card\" content=\"summary_large_image\" \/>\n<meta name=\"twitter:label1\" content=\"Tiempo de lectura\" \/>\n\t<meta name=\"twitter:data1\" content=\"1 minuto\" \/>\n<script type=\"application\/ld+json\" class=\"yoast-schema-graph\">{\"@context\":\"https:\/\/schema.org\",\"@graph\":[{\"@type\":\"WebPage\",\"@id\":\"https:\/\/xocomon.com\/es\/producto\/mini-chocolatina-leche-para-cafe-250-unidades\/\",\"url\":\"https:\/\/xocomon.com\/es\/producto\/mini-chocolatina-leche-para-cafe-250-unidades\/\",\"name\":\"Mini Chocolatina Leche para Caf\u00e9 250 unidades - Xocomon\",\"isPartOf\":{\"@id\":\"https:\/\/xocomon.com\/#website\"},\"primaryImageOfPage\":{\"@id\":\"https:\/\/xocomon.com\/es\/producto\/mini-chocolatina-leche-para-cafe-250-unidades\/#primaryimage\"},\"image\":{\"@id\":\"https:\/\/xocomon.com\/es\/producto\/mini-chocolatina-leche-para-cafe-250-unidades\/#primaryimage\"},\"thumbnailUrl\":\"https:\/\/xocomon.com\/wp-content\/uploads\/2022\/03\/5D__8084-Edit_XCM_low.jpg\",\"datePublished\":\"2021-02-08T14:54:25+00:00\",\"dateModified\":\"2026-02-09T14:08:55+00:00\",\"description\":\"Mini Chocolatina Leche para Caf\u00e9 250 unidades, sin frutos secos, sin cacahuete, sin gluten, sin huevo, sin trazas, ingredientes:...\",\"breadcrumb\":{\"@id\":\"https:\/\/xocomon.com\/es\/producto\/mini-chocolatina-leche-para-cafe-250-unidades\/#breadcrumb\"},\"inLanguage\":\"es\",\"potentialAction\":[{\"@type\":\"ReadAction\",\"target\":[\"https:\/\/xocomon.com\/es\/producto\/mini-chocolatina-leche-para-cafe-250-unidades\/\"]}]},{\"@type\":\"ImageObject\",\"inLanguage\":\"es\",\"@id\":\"https:\/\/xocomon.com\/es\/producto\/mini-chocolatina-leche-para-cafe-250-unidades\/#primaryimage\",\"url\":\"https:\/\/xocomon.com\/wp-content\/uploads\/2022\/03\/5D__8084-Edit_XCM_low.jpg\",\"contentUrl\":\"https:\/\/xocomon.com\/wp-content\/uploads\/2022\/03\/5D__8084-Edit_XCM_low.jpg\",\"width\":640,\"height\":438},{\"@type\":\"BreadcrumbList\",\"@id\":\"https:\/\/xocomon.com\/es\/producto\/mini-chocolatina-leche-para-cafe-250-unidades\/#breadcrumb\",\"itemListElement\":[{\"@type\":\"ListItem\",\"position\":1,\"name\":\"Portada\",\"item\":\"https:\/\/xocomon.com\/es\/\"},{\"@type\":\"ListItem\",\"position\":2,\"name\":\"Tienda\",\"item\":\"https:\/\/xocomon.com\/es\/tienda\/\"},{\"@type\":\"ListItem\",\"position\":3,\"name\":\"Mini Chocolatina Leche para Caf\u00e9 250 unidades\"}]},{\"@type\":\"WebSite\",\"@id\":\"https:\/\/xocomon.com\/#website\",\"url\":\"https:\/\/xocomon.com\/\",\"name\":\"Xocomon\",\"description\":\"\",\"potentialAction\":[{\"@type\":\"SearchAction\",\"target\":{\"@type\":\"EntryPoint\",\"urlTemplate\":\"https:\/\/xocomon.com\/?s={search_term_string}\"},\"query-input\":{\"@type\":\"PropertyValueSpecification\",\"valueRequired\":true,\"valueName\":\"search_term_string\"}}],\"inLanguage\":\"es\"}]}<\/script>\n<!-- \/ Yoast SEO plugin. -->","yoast_head_json":{"title":"Mini Chocolatina Leche para Caf\u00e9 250 unidades - Xocomon","description":"Mini Chocolatina Leche para Caf\u00e9 250 unidades, sin frutos secos, sin cacahuete, sin gluten, sin huevo, sin trazas, ingredientes:...","robots":{"index":"index","follow":"follow","max-snippet":"max-snippet:-1","max-image-preview":"max-image-preview:large","max-video-preview":"max-video-preview:-1"},"canonical":"https:\/\/xocomon.com\/es\/producto\/mini-chocolatina-leche-para-cafe-250-unidades\/","og_locale":"es_ES","og_type":"article","og_title":"Mini Chocolatina Leche para Caf\u00e9 250 unidades - Xocomon","og_description":"Mini Chocolatina Leche para Caf\u00e9 250 unidades, sin frutos secos, sin cacahuete, sin gluten, sin huevo, sin trazas, ingredientes:...","og_url":"https:\/\/xocomon.com\/es\/producto\/mini-chocolatina-leche-para-cafe-250-unidades\/","og_site_name":"Xocomon","article_publisher":"https:\/\/www.facebook.com\/xocomon\/","article_modified_time":"2026-02-09T14:08:55+00:00","og_image":[{"width":640,"height":438,"url":"https:\/\/xocomon.com\/wp-content\/uploads\/2022\/03\/5D__8084-Edit_XCM_low.jpg","type":"image\/jpeg"}],"twitter_card":"summary_large_image","twitter_misc":{"Tiempo de lectura":"1 minuto"},"schema":{"@context":"https:\/\/schema.org","@graph":[{"@type":"WebPage","@id":"https:\/\/xocomon.com\/es\/producto\/mini-chocolatina-leche-para-cafe-250-unidades\/","url":"https:\/\/xocomon.com\/es\/producto\/mini-chocolatina-leche-para-cafe-250-unidades\/","name":"Mini Chocolatina Leche para Caf\u00e9 250 unidades - Xocomon","isPartOf":{"@id":"https:\/\/xocomon.com\/#website"},"primaryImageOfPage":{"@id":"https:\/\/xocomon.com\/es\/producto\/mini-chocolatina-leche-para-cafe-250-unidades\/#primaryimage"},"image":{"@id":"https:\/\/xocomon.com\/es\/producto\/mini-chocolatina-leche-para-cafe-250-unidades\/#primaryimage"},"thumbnailUrl":"https:\/\/xocomon.com\/wp-content\/uploads\/2022\/03\/5D__8084-Edit_XCM_low.jpg","datePublished":"2021-02-08T14:54:25+00:00","dateModified":"2026-02-09T14:08:55+00:00","description":"Mini Chocolatina Leche para Caf\u00e9 250 unidades, sin frutos secos, sin cacahuete, sin gluten, sin huevo, sin trazas, ingredientes:...","breadcrumb":{"@id":"https:\/\/xocomon.com\/es\/producto\/mini-chocolatina-leche-para-cafe-250-unidades\/#breadcrumb"},"inLanguage":"es","potentialAction":[{"@type":"ReadAction","target":["https:\/\/xocomon.com\/es\/producto\/mini-chocolatina-leche-para-cafe-250-unidades\/"]}]},{"@type":"ImageObject","inLanguage":"es","@id":"https:\/\/xocomon.com\/es\/producto\/mini-chocolatina-leche-para-cafe-250-unidades\/#primaryimage","url":"https:\/\/xocomon.com\/wp-content\/uploads\/2022\/03\/5D__8084-Edit_XCM_low.jpg","contentUrl":"https:\/\/xocomon.com\/wp-content\/uploads\/2022\/03\/5D__8084-Edit_XCM_low.jpg","width":640,"height":438},{"@type":"BreadcrumbList","@id":"https:\/\/xocomon.com\/es\/producto\/mini-chocolatina-leche-para-cafe-250-unidades\/#breadcrumb","itemListElement":[{"@type":"ListItem","position":1,"name":"Portada","item":"https:\/\/xocomon.com\/es\/"},{"@type":"ListItem","position":2,"name":"Tienda","item":"https:\/\/xocomon.com\/es\/tienda\/"},{"@type":"ListItem","position":3,"name":"Mini Chocolatina Leche para Caf\u00e9 250 unidades"}]},{"@type":"WebSite","@id":"https:\/\/xocomon.com\/#website","url":"https:\/\/xocomon.com\/","name":"Xocomon","description":"","potentialAction":[{"@type":"SearchAction","target":{"@type":"EntryPoint","urlTemplate":"https:\/\/xocomon.com\/?s={search_term_string}"},"query-input":{"@type":"PropertyValueSpecification","valueRequired":true,"valueName":"search_term_string"}}],"inLanguage":"es"}]}},"tiered_pricing_type":"fixed","tiered_pricing_fixed_rules":[],"tiered_pricing_product_settings":{"layout":"default","base_unit_name":{"singular":null,"plural":null},"default_variation":null},"tiered_pricing_minimum_quantity":null,"tiered_pricing_roles_data":[],"tiered_pricing_percentage_rules":[],"_links":{"self":[{"href":"https:\/\/xocomon.com\/es\/wp-json\/wp\/v2\/product\/9628","targetHints":{"allow":["GET"]}}],"collection":[{"href":"https:\/\/xocomon.com\/es\/wp-json\/wp\/v2\/product"}],"about":[{"href":"https:\/\/xocomon.com\/es\/wp-json\/wp\/v2\/types\/product"}],"replies":[{"embeddable":true,"href":"https:\/\/xocomon.com\/es\/wp-json\/wp\/v2\/comments?post=9628"}],"wp:featuredmedia":[{"embeddable":true,"href":"https:\/\/xocomon.com\/es\/wp-json\/wp\/v2\/media\/13045"}],"wp:attachment":[{"href":"https:\/\/xocomon.com\/es\/wp-json\/wp\/v2\/media?parent=9628"}],"wp:term":[{"taxonomy":"product_brand","embeddable":true,"href":"https:\/\/xocomon.com\/es\/wp-json\/wp\/v2\/product_brand?post=9628"},{"taxonomy":"product_cat","embeddable":true,"href":"https:\/\/xocomon.com\/es\/wp-json\/wp\/v2\/product_cat?post=9628"},{"taxonomy":"product_tag","embeddable":true,"href":"https:\/\/xocomon.com\/es\/wp-json\/wp\/v2\/product_tag?post=9628"}],"curies":[{"name":"wp","href":"https:\/\/api.w.org\/{rel}","templated":true}]}}