{"id":9569,"date":"2021-02-02T17:24:32","date_gmt":"2021-02-02T16:24:32","guid":{"rendered":"https:\/\/xocomon.com\/?post_type=product&#038;p=9569"},"modified":"2026-05-12T15:33:19","modified_gmt":"2026-05-12T14:33:19","slug":"chocolatina-negra-para-cafe-36-unidades","status":"publish","type":"product","link":"https:\/\/xocomon.com\/es\/producto\/chocolatina-negra-para-cafe-36-unidades\/","title":{"rendered":"Mini Chocolatina negra para Caf\u00e9 36 unidades"},"content":{"rendered":"<p>Mini Chocolatina negra para Caf\u00e9 36 unidades<\/p>\n<p>Mini CHOCOLATINA de chocolate negro ,36 unidades de 5 gr cada una. total 180gr.<br \/>\nHemos creado este formato para los muy <strong>Coffe LOVERS<\/strong><\/p>\n<p>Chocolatinas para Caf\u00e9 son un mini placer para disfrutar en esos momentos del caf\u00e9, disfrutarlo con tiempo, <strong>realza el sabor y la intensidad del caf\u00e9<\/strong>.\u00a0 En XOCOMON nos encanta el caf\u00e9, lo asociamos a parar, respirar, hablar, compartir reunirse o para enamorarse &#8230;.<\/p>\n<p><strong>Hoy te lo mereces<\/strong>, &#8230;&#8230;&#8230;&#8230;. ma\u00f1ana quiz\u00e1s tambi\u00e9n<\/p>\n<p>Disfruta de estos 2 placeres juntos<strong> CAF\u00c9<\/strong> &#8211;<strong>CHOCOLATE\u00a0 y como siempre sin trazas.<\/strong><\/p>\n<p>&nbsp;<\/p>\n","protected":false},"excerpt":{"rendered":"<p>Mini Chocolatina negra para Caf\u00e9 36 unidades<\/p>\n<p><strong>Ingredientes<\/strong><\/p>\n<ul>\n<li>Pasta de cacao.<\/li>\n<li>Az\u00facar.<\/li>\n<li>Mantequilla de cacao.<\/li>\n<li>Emulgente: lecitina.<\/li>\n<li>Aroma natural de vainilla.<\/li>\n<\/ul>\n<p>SIN AL\u00c9RGENOS<\/p>\n<p>Fabricado en nuestro obrador de Matar\u00f3, s\u00f3lo se trabaja chocolate.<br \/>\nTenemos dos obradores totalmente separados uno de chocolate negro y uno de leche.<\/p>\n<p><strong>No existe posible contaminaci\u00f3n.<\/strong><\/p>\n<p>&nbsp;<\/p>\n","protected":false},"featured_media":13133,"comment_status":"open","ping_status":"closed","template":"","meta":[],"product_brand":[],"product_cat":[130,127,199,203],"product_tag":[],"class_list":{"0":"post-9569","1":"product","2":"type-product","3":"status-publish","4":"has-post-thumbnail","6":"product_cat-chocolate","7":"product_cat-chocolate-negro","8":"product_cat-fiestas","9":"product_cat-chocolate-negro-fiestas","10":"tm-has-options","12":"first","13":"instock","14":"taxable","15":"shipping-taxable","16":"purchasable","17":"product-type-simple"},"yoast_head":"<!-- This site is optimized with the Yoast SEO plugin v26.7 - https:\/\/yoast.com\/wordpress\/plugins\/seo\/ -->\n<title>Mini Chocolatina negra para Caf\u00e9 36 unidades - Xocomon<\/title>\n<meta name=\"description\" content=\"Mini Chocolatina negra para Caf\u00e9 36 unidades ingredientes: pasta de cacao, az\u00facar, manteca de cacao, lecitina, aroma de vainilla\" \/>\n<meta name=\"robots\" content=\"index, follow, max-snippet:-1, max-image-preview:large, max-video-preview:-1\" \/>\n<link rel=\"canonical\" href=\"https:\/\/xocomon.com\/es\/producto\/chocolatina-negra-para-cafe-36-unidades\/\" \/>\n<meta property=\"og:locale\" content=\"es_ES\" \/>\n<meta property=\"og:type\" content=\"article\" \/>\n<meta property=\"og:title\" content=\"Mini Chocolatina negra para Caf\u00e9 36 unidades - Xocomon\" \/>\n<meta property=\"og:description\" content=\"Mini Chocolatina negra para Caf\u00e9 36 unidades ingredientes: pasta de cacao, az\u00facar, manteca de cacao, lecitina, aroma de vainilla\" \/>\n<meta property=\"og:url\" content=\"https:\/\/xocomon.com\/es\/producto\/chocolatina-negra-para-cafe-36-unidades\/\" \/>\n<meta property=\"og:site_name\" content=\"Xocomon\" \/>\n<meta property=\"article:publisher\" content=\"https:\/\/www.facebook.com\/xocomon\/\" \/>\n<meta property=\"article:modified_time\" content=\"2026-05-12T14:33:19+00:00\" \/>\n<meta property=\"og:image\" content=\"https:\/\/xocomon.com\/wp-content\/uploads\/2022\/03\/5D__7834-Edit_XCM_low.jpg\" \/>\n\t<meta property=\"og:image:width\" content=\"640\" \/>\n\t<meta property=\"og:image:height\" content=\"527\" \/>\n\t<meta property=\"og:image:type\" content=\"image\/jpeg\" \/>\n<meta name=\"twitter:card\" content=\"summary_large_image\" \/>\n<meta name=\"twitter:label1\" content=\"Tiempo de lectura\" \/>\n\t<meta name=\"twitter:data1\" content=\"1 minuto\" \/>\n<script type=\"application\/ld+json\" class=\"yoast-schema-graph\">{\"@context\":\"https:\/\/schema.org\",\"@graph\":[{\"@type\":\"WebPage\",\"@id\":\"https:\/\/xocomon.com\/es\/producto\/chocolatina-negra-para-cafe-36-unidades\/\",\"url\":\"https:\/\/xocomon.com\/es\/producto\/chocolatina-negra-para-cafe-36-unidades\/\",\"name\":\"Mini Chocolatina negra para Caf\u00e9 36 unidades - Xocomon\",\"isPartOf\":{\"@id\":\"https:\/\/xocomon.com\/#website\"},\"primaryImageOfPage\":{\"@id\":\"https:\/\/xocomon.com\/es\/producto\/chocolatina-negra-para-cafe-36-unidades\/#primaryimage\"},\"image\":{\"@id\":\"https:\/\/xocomon.com\/es\/producto\/chocolatina-negra-para-cafe-36-unidades\/#primaryimage\"},\"thumbnailUrl\":\"https:\/\/xocomon.com\/wp-content\/uploads\/2022\/03\/5D__7834-Edit_XCM_low.jpg\",\"datePublished\":\"2021-02-02T16:24:32+00:00\",\"dateModified\":\"2026-05-12T14:33:19+00:00\",\"description\":\"Mini Chocolatina negra para Caf\u00e9 36 unidades ingredientes: pasta de cacao, az\u00facar, manteca de cacao, lecitina, aroma de vainilla\",\"breadcrumb\":{\"@id\":\"https:\/\/xocomon.com\/es\/producto\/chocolatina-negra-para-cafe-36-unidades\/#breadcrumb\"},\"inLanguage\":\"es\",\"potentialAction\":[{\"@type\":\"ReadAction\",\"target\":[\"https:\/\/xocomon.com\/es\/producto\/chocolatina-negra-para-cafe-36-unidades\/\"]}]},{\"@type\":\"ImageObject\",\"inLanguage\":\"es\",\"@id\":\"https:\/\/xocomon.com\/es\/producto\/chocolatina-negra-para-cafe-36-unidades\/#primaryimage\",\"url\":\"https:\/\/xocomon.com\/wp-content\/uploads\/2022\/03\/5D__7834-Edit_XCM_low.jpg\",\"contentUrl\":\"https:\/\/xocomon.com\/wp-content\/uploads\/2022\/03\/5D__7834-Edit_XCM_low.jpg\",\"width\":640,\"height\":527},{\"@type\":\"BreadcrumbList\",\"@id\":\"https:\/\/xocomon.com\/es\/producto\/chocolatina-negra-para-cafe-36-unidades\/#breadcrumb\",\"itemListElement\":[{\"@type\":\"ListItem\",\"position\":1,\"name\":\"Portada\",\"item\":\"https:\/\/xocomon.com\/es\/\"},{\"@type\":\"ListItem\",\"position\":2,\"name\":\"Tienda\",\"item\":\"https:\/\/xocomon.com\/es\/tienda\/\"},{\"@type\":\"ListItem\",\"position\":3,\"name\":\"Mini Chocolatina negra para Caf\u00e9 36 unidades\"}]},{\"@type\":\"WebSite\",\"@id\":\"https:\/\/xocomon.com\/#website\",\"url\":\"https:\/\/xocomon.com\/\",\"name\":\"Xocomon\",\"description\":\"\",\"potentialAction\":[{\"@type\":\"SearchAction\",\"target\":{\"@type\":\"EntryPoint\",\"urlTemplate\":\"https:\/\/xocomon.com\/?s={search_term_string}\"},\"query-input\":{\"@type\":\"PropertyValueSpecification\",\"valueRequired\":true,\"valueName\":\"search_term_string\"}}],\"inLanguage\":\"es\"}]}<\/script>\n<!-- \/ Yoast SEO plugin. -->","yoast_head_json":{"title":"Mini Chocolatina negra para Caf\u00e9 36 unidades - Xocomon","description":"Mini Chocolatina negra para Caf\u00e9 36 unidades ingredientes: pasta de cacao, az\u00facar, manteca de cacao, lecitina, aroma de vainilla","robots":{"index":"index","follow":"follow","max-snippet":"max-snippet:-1","max-image-preview":"max-image-preview:large","max-video-preview":"max-video-preview:-1"},"canonical":"https:\/\/xocomon.com\/es\/producto\/chocolatina-negra-para-cafe-36-unidades\/","og_locale":"es_ES","og_type":"article","og_title":"Mini Chocolatina negra para Caf\u00e9 36 unidades - Xocomon","og_description":"Mini Chocolatina negra para Caf\u00e9 36 unidades ingredientes: pasta de cacao, az\u00facar, manteca de cacao, lecitina, aroma de vainilla","og_url":"https:\/\/xocomon.com\/es\/producto\/chocolatina-negra-para-cafe-36-unidades\/","og_site_name":"Xocomon","article_publisher":"https:\/\/www.facebook.com\/xocomon\/","article_modified_time":"2026-05-12T14:33:19+00:00","og_image":[{"width":640,"height":527,"url":"https:\/\/xocomon.com\/wp-content\/uploads\/2022\/03\/5D__7834-Edit_XCM_low.jpg","type":"image\/jpeg"}],"twitter_card":"summary_large_image","twitter_misc":{"Tiempo de lectura":"1 minuto"},"schema":{"@context":"https:\/\/schema.org","@graph":[{"@type":"WebPage","@id":"https:\/\/xocomon.com\/es\/producto\/chocolatina-negra-para-cafe-36-unidades\/","url":"https:\/\/xocomon.com\/es\/producto\/chocolatina-negra-para-cafe-36-unidades\/","name":"Mini Chocolatina negra para Caf\u00e9 36 unidades - Xocomon","isPartOf":{"@id":"https:\/\/xocomon.com\/#website"},"primaryImageOfPage":{"@id":"https:\/\/xocomon.com\/es\/producto\/chocolatina-negra-para-cafe-36-unidades\/#primaryimage"},"image":{"@id":"https:\/\/xocomon.com\/es\/producto\/chocolatina-negra-para-cafe-36-unidades\/#primaryimage"},"thumbnailUrl":"https:\/\/xocomon.com\/wp-content\/uploads\/2022\/03\/5D__7834-Edit_XCM_low.jpg","datePublished":"2021-02-02T16:24:32+00:00","dateModified":"2026-05-12T14:33:19+00:00","description":"Mini Chocolatina negra para Caf\u00e9 36 unidades ingredientes: pasta de cacao, az\u00facar, manteca de cacao, lecitina, aroma de vainilla","breadcrumb":{"@id":"https:\/\/xocomon.com\/es\/producto\/chocolatina-negra-para-cafe-36-unidades\/#breadcrumb"},"inLanguage":"es","potentialAction":[{"@type":"ReadAction","target":["https:\/\/xocomon.com\/es\/producto\/chocolatina-negra-para-cafe-36-unidades\/"]}]},{"@type":"ImageObject","inLanguage":"es","@id":"https:\/\/xocomon.com\/es\/producto\/chocolatina-negra-para-cafe-36-unidades\/#primaryimage","url":"https:\/\/xocomon.com\/wp-content\/uploads\/2022\/03\/5D__7834-Edit_XCM_low.jpg","contentUrl":"https:\/\/xocomon.com\/wp-content\/uploads\/2022\/03\/5D__7834-Edit_XCM_low.jpg","width":640,"height":527},{"@type":"BreadcrumbList","@id":"https:\/\/xocomon.com\/es\/producto\/chocolatina-negra-para-cafe-36-unidades\/#breadcrumb","itemListElement":[{"@type":"ListItem","position":1,"name":"Portada","item":"https:\/\/xocomon.com\/es\/"},{"@type":"ListItem","position":2,"name":"Tienda","item":"https:\/\/xocomon.com\/es\/tienda\/"},{"@type":"ListItem","position":3,"name":"Mini Chocolatina negra para Caf\u00e9 36 unidades"}]},{"@type":"WebSite","@id":"https:\/\/xocomon.com\/#website","url":"https:\/\/xocomon.com\/","name":"Xocomon","description":"","potentialAction":[{"@type":"SearchAction","target":{"@type":"EntryPoint","urlTemplate":"https:\/\/xocomon.com\/?s={search_term_string}"},"query-input":{"@type":"PropertyValueSpecification","valueRequired":true,"valueName":"search_term_string"}}],"inLanguage":"es"}]}},"tiered_pricing_type":"fixed","tiered_pricing_fixed_rules":[],"tiered_pricing_product_settings":{"layout":"default","base_unit_name":{"singular":null,"plural":null},"default_variation":null},"tiered_pricing_minimum_quantity":null,"tiered_pricing_roles_data":[],"tiered_pricing_percentage_rules":[],"_links":{"self":[{"href":"https:\/\/xocomon.com\/es\/wp-json\/wp\/v2\/product\/9569","targetHints":{"allow":["GET"]}}],"collection":[{"href":"https:\/\/xocomon.com\/es\/wp-json\/wp\/v2\/product"}],"about":[{"href":"https:\/\/xocomon.com\/es\/wp-json\/wp\/v2\/types\/product"}],"replies":[{"embeddable":true,"href":"https:\/\/xocomon.com\/es\/wp-json\/wp\/v2\/comments?post=9569"}],"wp:featuredmedia":[{"embeddable":true,"href":"https:\/\/xocomon.com\/es\/wp-json\/wp\/v2\/media\/13133"}],"wp:attachment":[{"href":"https:\/\/xocomon.com\/es\/wp-json\/wp\/v2\/media?parent=9569"}],"wp:term":[{"taxonomy":"product_brand","embeddable":true,"href":"https:\/\/xocomon.com\/es\/wp-json\/wp\/v2\/product_brand?post=9569"},{"taxonomy":"product_cat","embeddable":true,"href":"https:\/\/xocomon.com\/es\/wp-json\/wp\/v2\/product_cat?post=9569"},{"taxonomy":"product_tag","embeddable":true,"href":"https:\/\/xocomon.com\/es\/wp-json\/wp\/v2\/product_tag?post=9569"}],"curies":[{"name":"wp","href":"https:\/\/api.w.org\/{rel}","templated":true}]}}