{"id":8375,"date":"2020-04-08T09:42:05","date_gmt":"2020-04-08T09:42:05","guid":{"rendered":"https:\/\/xocomon.com\/?post_type=product&#038;p=8375"},"modified":"2026-03-16T03:06:03","modified_gmt":"2026-03-16T02:06:03","slug":"lote-de-pascua-num-11","status":"publish","type":"product","link":"https:\/\/xocomon.com\/es\/producto\/lote-de-pascua-num-11\/","title":{"rendered":"LOTE DE PASCUA NUM 11"},"content":{"rendered":"<p>LOTE DE PASCUA NUM 11<\/p>\n<p>El huevo es el de 300g , huevos peque\u00f1os y una tableta de 85g.<\/p>\n<p>Super chulo<\/p>\n<h3>l porque de los lotes de Xocomon<\/h3>\n<p>Al ser una tienda on-line a veces al recibir el paquete es un poco decepcionante porque viene el producto muy embalado para que no se rompa.<\/p>\n<p>En esta ocasi\u00f3n el producto viene en un malet\u00edn bonito, de xocomon, personalizado para la ocasi\u00f3n con motivos de pascua o navidad, dependiendo de la campa\u00f1a.<\/p>\n<p>Nos gusta agrupar productos nuestros y dar un poco de descuento, para que sean m\u00e1s atractivos.<\/p>\n<p>Nos dan muy buenos resultados y os encantan, fue de las primeras cosas que pedisteis y desde siempre hemos dado esta opci\u00f3n.<\/p>\n<p>Esperemos que os guste y sea un regalo perfecto.<\/p>\n<p>&nbsp;<\/p>\n","protected":false},"excerpt":{"rendered":"<p>LOTE PASCUA N\u00ba 11<\/p>\n<p>1 huevo 300g<\/p>\n<p>1 huevos peque\u00f1os de 100gr<\/p>\n<p>1 tableta de 85 gr<\/p>\n<p>INGREDIENTES; Pasta de cacao, az\u00facar, manteca de cacao.<\/p>\n<p>&nbsp;<\/p>\n<p><strong>SIN GLUTEN, SIN HUEVO, SIN FRUTOS SECOS, SIN CACAHUETE, SIN LECHE , SIN SOJA\u00a0<\/strong><\/p>\n","protected":false},"featured_media":27771,"comment_status":"open","ping_status":"closed","template":"","meta":[],"product_brand":[],"product_cat":[206,131,190],"product_tag":[551],"class_list":{"0":"post-8375","1":"product","2":"type-product","3":"status-publish","4":"has-post-thumbnail","6":"product_cat-lotes","7":"product_cat-pascua","8":"product_cat-chocolate-negro-pascuas","9":"product_tag-lote-de-pascua-num-11-es","10":"tm-has-options","12":"first","13":"instock","14":"sale","15":"taxable","16":"shipping-taxable","17":"purchasable","18":"product-type-woosb"},"yoast_head":"<!-- This site is optimized with the Yoast SEO plugin v26.7 - https:\/\/yoast.com\/wordpress\/plugins\/seo\/ -->\n<title>LOTE DE PASCUA NUM 11 - Xocomon<\/title>\n<meta name=\"description\" content=\"LOTE DE PASCUA NUM 11, selecci\u00f3n de productos xocomon en chocolate negro, sin soja, sin leche, sin huevo sin gluten sin frutos secos ni trazas\" \/>\n<meta name=\"robots\" content=\"index, follow, max-snippet:-1, max-image-preview:large, max-video-preview:-1\" \/>\n<link rel=\"canonical\" href=\"https:\/\/xocomon.com\/es\/producto\/lote-de-pascua-num-11\/\" \/>\n<meta property=\"og:locale\" content=\"es_ES\" \/>\n<meta property=\"og:type\" content=\"article\" \/>\n<meta property=\"og:title\" content=\"LOTE DE PASCUA NUM 11 - Xocomon\" \/>\n<meta property=\"og:description\" content=\"LOTE DE PASCUA NUM 11, selecci\u00f3n de productos xocomon en chocolate negro, sin soja, sin leche, sin huevo sin gluten sin frutos secos ni trazas\" \/>\n<meta property=\"og:url\" content=\"https:\/\/xocomon.com\/es\/producto\/lote-de-pascua-num-11\/\" \/>\n<meta property=\"og:site_name\" content=\"Xocomon\" \/>\n<meta property=\"article:publisher\" content=\"https:\/\/www.facebook.com\/xocomon\/\" \/>\n<meta property=\"article:modified_time\" content=\"2026-03-16T02:06:03+00:00\" \/>\n<meta property=\"og:image\" content=\"https:\/\/xocomon.com\/wp-content\/uploads\/2026\/02\/LOT-11-2026.png\" \/>\n\t<meta property=\"og:image:width\" content=\"1600\" \/>\n\t<meta property=\"og:image:height\" content=\"1600\" \/>\n\t<meta property=\"og:image:type\" content=\"image\/png\" \/>\n<meta name=\"twitter:card\" content=\"summary_large_image\" \/>\n<meta name=\"twitter:label1\" content=\"Tiempo de lectura\" \/>\n\t<meta name=\"twitter:data1\" content=\"1 minuto\" \/>\n<script type=\"application\/ld+json\" class=\"yoast-schema-graph\">{\"@context\":\"https:\/\/schema.org\",\"@graph\":[{\"@type\":\"WebPage\",\"@id\":\"https:\/\/xocomon.com\/es\/producto\/lote-de-pascua-num-11\/\",\"url\":\"https:\/\/xocomon.com\/es\/producto\/lote-de-pascua-num-11\/\",\"name\":\"LOTE DE PASCUA NUM 11 - Xocomon\",\"isPartOf\":{\"@id\":\"https:\/\/xocomon.com\/#website\"},\"primaryImageOfPage\":{\"@id\":\"https:\/\/xocomon.com\/es\/producto\/lote-de-pascua-num-11\/#primaryimage\"},\"image\":{\"@id\":\"https:\/\/xocomon.com\/es\/producto\/lote-de-pascua-num-11\/#primaryimage\"},\"thumbnailUrl\":\"https:\/\/xocomon.com\/wp-content\/uploads\/2026\/02\/LOT-11-2026.png\",\"datePublished\":\"2020-04-08T09:42:05+00:00\",\"dateModified\":\"2026-03-16T02:06:03+00:00\",\"description\":\"LOTE DE PASCUA NUM 11, selecci\u00f3n de productos xocomon en chocolate negro, sin soja, sin leche, sin huevo sin gluten sin frutos secos ni trazas\",\"breadcrumb\":{\"@id\":\"https:\/\/xocomon.com\/es\/producto\/lote-de-pascua-num-11\/#breadcrumb\"},\"inLanguage\":\"es\",\"potentialAction\":[{\"@type\":\"ReadAction\",\"target\":[\"https:\/\/xocomon.com\/es\/producto\/lote-de-pascua-num-11\/\"]}]},{\"@type\":\"ImageObject\",\"inLanguage\":\"es\",\"@id\":\"https:\/\/xocomon.com\/es\/producto\/lote-de-pascua-num-11\/#primaryimage\",\"url\":\"https:\/\/xocomon.com\/wp-content\/uploads\/2026\/02\/LOT-11-2026.png\",\"contentUrl\":\"https:\/\/xocomon.com\/wp-content\/uploads\/2026\/02\/LOT-11-2026.png\",\"width\":1600,\"height\":1600},{\"@type\":\"BreadcrumbList\",\"@id\":\"https:\/\/xocomon.com\/es\/producto\/lote-de-pascua-num-11\/#breadcrumb\",\"itemListElement\":[{\"@type\":\"ListItem\",\"position\":1,\"name\":\"Portada\",\"item\":\"https:\/\/xocomon.com\/es\/\"},{\"@type\":\"ListItem\",\"position\":2,\"name\":\"Tienda\",\"item\":\"https:\/\/xocomon.com\/es\/tienda\/\"},{\"@type\":\"ListItem\",\"position\":3,\"name\":\"LOTE DE PASCUA NUM 11\"}]},{\"@type\":\"WebSite\",\"@id\":\"https:\/\/xocomon.com\/#website\",\"url\":\"https:\/\/xocomon.com\/\",\"name\":\"Xocomon\",\"description\":\"\",\"potentialAction\":[{\"@type\":\"SearchAction\",\"target\":{\"@type\":\"EntryPoint\",\"urlTemplate\":\"https:\/\/xocomon.com\/?s={search_term_string}\"},\"query-input\":{\"@type\":\"PropertyValueSpecification\",\"valueRequired\":true,\"valueName\":\"search_term_string\"}}],\"inLanguage\":\"es\"}]}<\/script>\n<!-- \/ Yoast SEO plugin. -->","yoast_head_json":{"title":"LOTE DE PASCUA NUM 11 - Xocomon","description":"LOTE DE PASCUA NUM 11, selecci\u00f3n de productos xocomon en chocolate negro, sin soja, sin leche, sin huevo sin gluten sin frutos secos ni trazas","robots":{"index":"index","follow":"follow","max-snippet":"max-snippet:-1","max-image-preview":"max-image-preview:large","max-video-preview":"max-video-preview:-1"},"canonical":"https:\/\/xocomon.com\/es\/producto\/lote-de-pascua-num-11\/","og_locale":"es_ES","og_type":"article","og_title":"LOTE DE PASCUA NUM 11 - Xocomon","og_description":"LOTE DE PASCUA NUM 11, selecci\u00f3n de productos xocomon en chocolate negro, sin soja, sin leche, sin huevo sin gluten sin frutos secos ni trazas","og_url":"https:\/\/xocomon.com\/es\/producto\/lote-de-pascua-num-11\/","og_site_name":"Xocomon","article_publisher":"https:\/\/www.facebook.com\/xocomon\/","article_modified_time":"2026-03-16T02:06:03+00:00","og_image":[{"width":1600,"height":1600,"url":"https:\/\/xocomon.com\/wp-content\/uploads\/2026\/02\/LOT-11-2026.png","type":"image\/png"}],"twitter_card":"summary_large_image","twitter_misc":{"Tiempo de lectura":"1 minuto"},"schema":{"@context":"https:\/\/schema.org","@graph":[{"@type":"WebPage","@id":"https:\/\/xocomon.com\/es\/producto\/lote-de-pascua-num-11\/","url":"https:\/\/xocomon.com\/es\/producto\/lote-de-pascua-num-11\/","name":"LOTE DE PASCUA NUM 11 - Xocomon","isPartOf":{"@id":"https:\/\/xocomon.com\/#website"},"primaryImageOfPage":{"@id":"https:\/\/xocomon.com\/es\/producto\/lote-de-pascua-num-11\/#primaryimage"},"image":{"@id":"https:\/\/xocomon.com\/es\/producto\/lote-de-pascua-num-11\/#primaryimage"},"thumbnailUrl":"https:\/\/xocomon.com\/wp-content\/uploads\/2026\/02\/LOT-11-2026.png","datePublished":"2020-04-08T09:42:05+00:00","dateModified":"2026-03-16T02:06:03+00:00","description":"LOTE DE PASCUA NUM 11, selecci\u00f3n de productos xocomon en chocolate negro, sin soja, sin leche, sin huevo sin gluten sin frutos secos ni trazas","breadcrumb":{"@id":"https:\/\/xocomon.com\/es\/producto\/lote-de-pascua-num-11\/#breadcrumb"},"inLanguage":"es","potentialAction":[{"@type":"ReadAction","target":["https:\/\/xocomon.com\/es\/producto\/lote-de-pascua-num-11\/"]}]},{"@type":"ImageObject","inLanguage":"es","@id":"https:\/\/xocomon.com\/es\/producto\/lote-de-pascua-num-11\/#primaryimage","url":"https:\/\/xocomon.com\/wp-content\/uploads\/2026\/02\/LOT-11-2026.png","contentUrl":"https:\/\/xocomon.com\/wp-content\/uploads\/2026\/02\/LOT-11-2026.png","width":1600,"height":1600},{"@type":"BreadcrumbList","@id":"https:\/\/xocomon.com\/es\/producto\/lote-de-pascua-num-11\/#breadcrumb","itemListElement":[{"@type":"ListItem","position":1,"name":"Portada","item":"https:\/\/xocomon.com\/es\/"},{"@type":"ListItem","position":2,"name":"Tienda","item":"https:\/\/xocomon.com\/es\/tienda\/"},{"@type":"ListItem","position":3,"name":"LOTE DE PASCUA NUM 11"}]},{"@type":"WebSite","@id":"https:\/\/xocomon.com\/#website","url":"https:\/\/xocomon.com\/","name":"Xocomon","description":"","potentialAction":[{"@type":"SearchAction","target":{"@type":"EntryPoint","urlTemplate":"https:\/\/xocomon.com\/?s={search_term_string}"},"query-input":{"@type":"PropertyValueSpecification","valueRequired":true,"valueName":"search_term_string"}}],"inLanguage":"es"}]}},"tiered_pricing_type":"fixed","tiered_pricing_fixed_rules":[],"tiered_pricing_product_settings":{"layout":"default","base_unit_name":{"singular":null,"plural":null},"default_variation":null},"tiered_pricing_minimum_quantity":null,"tiered_pricing_roles_data":[],"tiered_pricing_percentage_rules":[],"_links":{"self":[{"href":"https:\/\/xocomon.com\/es\/wp-json\/wp\/v2\/product\/8375","targetHints":{"allow":["GET"]}}],"collection":[{"href":"https:\/\/xocomon.com\/es\/wp-json\/wp\/v2\/product"}],"about":[{"href":"https:\/\/xocomon.com\/es\/wp-json\/wp\/v2\/types\/product"}],"replies":[{"embeddable":true,"href":"https:\/\/xocomon.com\/es\/wp-json\/wp\/v2\/comments?post=8375"}],"wp:featuredmedia":[{"embeddable":true,"href":"https:\/\/xocomon.com\/es\/wp-json\/wp\/v2\/media\/27771"}],"wp:attachment":[{"href":"https:\/\/xocomon.com\/es\/wp-json\/wp\/v2\/media?parent=8375"}],"wp:term":[{"taxonomy":"product_brand","embeddable":true,"href":"https:\/\/xocomon.com\/es\/wp-json\/wp\/v2\/product_brand?post=8375"},{"taxonomy":"product_cat","embeddable":true,"href":"https:\/\/xocomon.com\/es\/wp-json\/wp\/v2\/product_cat?post=8375"},{"taxonomy":"product_tag","embeddable":true,"href":"https:\/\/xocomon.com\/es\/wp-json\/wp\/v2\/product_tag?post=8375"}],"curies":[{"name":"wp","href":"https:\/\/api.w.org\/{rel}","templated":true}]}}