{"id":8122,"date":"2020-03-06T13:42:37","date_gmt":"2020-03-06T13:42:37","guid":{"rendered":"https:\/\/xocomon.com\/product\/lot-festa-xocolata-negra\/"},"modified":"2026-03-21T19:27:31","modified_gmt":"2026-03-21T18:27:31","slug":"lot-festa-xocolata-negra","status":"publish","type":"product","link":"https:\/\/xocomon.com\/es\/producto\/lot-festa-xocolata-negra\/","title":{"rendered":"LOTE FIESTA chocolate negro"},"content":{"rendered":"<p><span data-sheets-value=\"{&quot;1&quot;:2,&quot;2&quot;:&quot;1 huevos peque\u00f1os xocomon (6 unidades), 1 tableta de chocolate 85gr, 2 chocolatinas 22 gr *3 ( total 6 chocolatinas) y la caja.&quot;}\" data-sheets-userformat=\"{&quot;2&quot;:899,&quot;3&quot;:{&quot;1&quot;:0},&quot;4&quot;:{&quot;1&quot;:2,&quot;2&quot;:255},&quot;10&quot;:0,&quot;11&quot;:4,&quot;12&quot;:0}\">Especial fiestas de cumplea\u00f1os, regalos, comuniones y fiestas sin al\u00e9rgenos<\/span><\/p>\n<p><span data-sheets-value=\"{&quot;1&quot;:2,&quot;2&quot;:&quot;1 huevos peque\u00f1os xocomon (6 unidades), 1 tableta de chocolate 85gr, 2 chocolatinas 22 gr *3 ( total 6 chocolatinas) y la caja.&quot;}\" data-sheets-userformat=\"{&quot;2&quot;:899,&quot;3&quot;:{&quot;1&quot;:0},&quot;4&quot;:{&quot;1&quot;:2,&quot;2&quot;:255},&quot;10&quot;:0,&quot;11&quot;:4,&quot;12&quot;:0}\">1 huevera de huevos peque\u00f1os xocomon (6 unidades), <\/span><\/p>\n<p><span data-sheets-value=\"{&quot;1&quot;:2,&quot;2&quot;:&quot;1 huevos peque\u00f1os xocomon (6 unidades), 1 tableta de chocolate 85gr, 2 chocolatinas 22 gr *3 ( total 6 chocolatinas) y la caja.&quot;}\" data-sheets-userformat=\"{&quot;2&quot;:899,&quot;3&quot;:{&quot;1&quot;:0},&quot;4&quot;:{&quot;1&quot;:2,&quot;2&quot;:255},&quot;10&quot;:0,&quot;11&quot;:4,&quot;12&quot;:0}\">1 tableta de chocolate 85gr, <\/span><\/p>\n<p><span data-sheets-value=\"{&quot;1&quot;:2,&quot;2&quot;:&quot;1 huevos peque\u00f1os xocomon (6 unidades), 1 tableta de chocolate 85gr, 2 chocolatinas 22 gr *3 ( total 6 chocolatinas) y la caja.&quot;}\" data-sheets-userformat=\"{&quot;2&quot;:899,&quot;3&quot;:{&quot;1&quot;:0},&quot;4&quot;:{&quot;1&quot;:2,&quot;2&quot;:255},&quot;10&quot;:0,&quot;11&quot;:4,&quot;12&quot;:0}\">2 chocolatinas 22 gr *3 ( total 6 chocolatinas)<\/span><\/p>\n<p><span data-sheets-value=\"{&quot;1&quot;:2,&quot;2&quot;:&quot;1 huevos peque\u00f1os xocomon (6 unidades), 1 tableta de chocolate 85gr, 2 chocolatinas 22 gr *3 ( total 6 chocolatinas) y la caja.&quot;}\" data-sheets-userformat=\"{&quot;2&quot;:899,&quot;3&quot;:{&quot;1&quot;:0},&quot;4&quot;:{&quot;1&quot;:2,&quot;2&quot;:255},&quot;10&quot;:0,&quot;11&quot;:4,&quot;12&quot;:0}\">y la caja.<\/span><\/p>\n","protected":false},"excerpt":{"rendered":"<p><span data-sheets-value=\"{&quot;1&quot;:2,&quot;2&quot;:&quot;LOT FESTA XOCOLATA NEGRA XOCOMON Ingredients: Pasta de cacau, sucre, mantega de cacau, emulgent: lecitina de soja, aroma natural de vainilla.\\nNO CONT\u00c9 fruits secs, cacahuet, llet, ou ni gluten, ni traces de tots ells.CONT\u00c9 SOJA\\nHem preparat aquest lot de productes Xocomon en una caixeta molt maca, ideal per a festes d'aniversari, comunions, festes etc... Esperem que us agradin molt. \\nEspecial per a festes d'aniversari.\\n&quot;}\" data-sheets-userformat=\"{&quot;2&quot;:899,&quot;3&quot;:{&quot;1&quot;:0},&quot;4&quot;:{&quot;1&quot;:2,&quot;2&quot;:16770457},&quot;10&quot;:0,&quot;11&quot;:4,&quot;12&quot;:0}\" data-sheets-textstyleruns=\"{&quot;1&quot;:0}\uee10{&quot;1&quot;:99,&quot;2&quot;:{&quot;2&quot;:{&quot;1&quot;:2,&quot;2&quot;:16711680}}}\uee10{&quot;1&quot;:114}\uee10{&quot;1&quot;:224,&quot;2&quot;:{&quot;2&quot;:{&quot;1&quot;:2,&quot;2&quot;:16711680}}}\uee10{&quot;1&quot;:228}\">LOTE FIESTA CHOCOLATE NEGRO XOCOMON<br \/>\nIngredientes: Pasta de cacao, az\u00facar, manteca de cacao.<\/span><\/p>\n<p>&nbsp;<\/p>\n<p>Hemos preparado este lote de productos Xocomon con una caja de lo m\u00e1s bonita , ideal para fiestas de cumplea\u00f1os, regalos, comuniones etc .Espero que os gusten.<br \/>\nEspecial para fiestas de cumplea\u00f1os, regalos, comuniones y fiestas sin al\u00e9rgenos.<\/p>\n","protected":false},"featured_media":26330,"comment_status":"open","ping_status":"closed","template":"","meta":[],"product_brand":[],"product_cat":[130,127,206,199,203],"product_tag":[],"class_list":{"0":"post-8122","1":"product","2":"type-product","3":"status-publish","4":"has-post-thumbnail","6":"product_cat-chocolate","7":"product_cat-chocolate-negro","8":"product_cat-lotes","9":"product_cat-fiestas","10":"product_cat-chocolate-negro-fiestas","11":"tm-has-options","13":"first","14":"instock","15":"taxable","16":"shipping-taxable","17":"purchasable","18":"product-type-woosb"},"yoast_head":"<!-- This site is optimized with the Yoast SEO plugin v26.7 - https:\/\/yoast.com\/wordpress\/plugins\/seo\/ -->\n<title>LOTE FIESTA chocolate negro - Xocomon<\/title>\n<meta name=\"robots\" content=\"index, follow, max-snippet:-1, max-image-preview:large, max-video-preview:-1\" \/>\n<link rel=\"canonical\" href=\"https:\/\/xocomon.com\/es\/producto\/lot-festa-xocolata-negra\/\" \/>\n<meta property=\"og:locale\" content=\"es_ES\" \/>\n<meta property=\"og:type\" content=\"article\" \/>\n<meta property=\"og:title\" content=\"LOTE FIESTA chocolate negro - Xocomon\" \/>\n<meta property=\"og:description\" content=\"LOTE FIESTA CHOCOLATE NEGRO XOCOMON Ingredientes: Pasta de cacao, az\u00facar, manteca de cacao.  &nbsp;  Hemos preparado este lote de productos Xocomon con una caja de lo m\u00e1s bonita , ideal para fiestas de cumplea\u00f1os, regalos, comuniones etc .Espero que os gusten. Especial para fiestas de cumplea\u00f1os, regalos, comuniones y fiestas sin al\u00e9rgenos.\" \/>\n<meta property=\"og:url\" content=\"https:\/\/xocomon.com\/es\/producto\/lot-festa-xocolata-negra\/\" \/>\n<meta property=\"og:site_name\" content=\"Xocomon\" \/>\n<meta property=\"article:publisher\" content=\"https:\/\/www.facebook.com\/xocomon\/\" \/>\n<meta property=\"article:modified_time\" content=\"2026-03-21T18:27:31+00:00\" \/>\n<meta property=\"og:image\" content=\"https:\/\/xocomon.com\/wp-content\/uploads\/2025\/11\/Disseny-sense-titol-14.png\" \/>\n\t<meta property=\"og:image:width\" content=\"1600\" \/>\n\t<meta property=\"og:image:height\" content=\"1200\" \/>\n\t<meta property=\"og:image:type\" content=\"image\/png\" \/>\n<meta name=\"twitter:card\" content=\"summary_large_image\" \/>\n<meta name=\"twitter:label1\" content=\"Tiempo de lectura\" \/>\n\t<meta name=\"twitter:data1\" content=\"1 minuto\" \/>\n<script type=\"application\/ld+json\" class=\"yoast-schema-graph\">{\"@context\":\"https:\/\/schema.org\",\"@graph\":[{\"@type\":\"WebPage\",\"@id\":\"https:\/\/xocomon.com\/es\/producto\/lot-festa-xocolata-negra\/\",\"url\":\"https:\/\/xocomon.com\/es\/producto\/lot-festa-xocolata-negra\/\",\"name\":\"LOTE FIESTA chocolate negro - Xocomon\",\"isPartOf\":{\"@id\":\"https:\/\/xocomon.com\/#website\"},\"primaryImageOfPage\":{\"@id\":\"https:\/\/xocomon.com\/es\/producto\/lot-festa-xocolata-negra\/#primaryimage\"},\"image\":{\"@id\":\"https:\/\/xocomon.com\/es\/producto\/lot-festa-xocolata-negra\/#primaryimage\"},\"thumbnailUrl\":\"https:\/\/xocomon.com\/wp-content\/uploads\/2025\/11\/Disseny-sense-titol-14.png\",\"datePublished\":\"2020-03-06T13:42:37+00:00\",\"dateModified\":\"2026-03-21T18:27:31+00:00\",\"breadcrumb\":{\"@id\":\"https:\/\/xocomon.com\/es\/producto\/lot-festa-xocolata-negra\/#breadcrumb\"},\"inLanguage\":\"es\",\"potentialAction\":[{\"@type\":\"ReadAction\",\"target\":[\"https:\/\/xocomon.com\/es\/producto\/lot-festa-xocolata-negra\/\"]}]},{\"@type\":\"ImageObject\",\"inLanguage\":\"es\",\"@id\":\"https:\/\/xocomon.com\/es\/producto\/lot-festa-xocolata-negra\/#primaryimage\",\"url\":\"https:\/\/xocomon.com\/wp-content\/uploads\/2025\/11\/Disseny-sense-titol-14.png\",\"contentUrl\":\"https:\/\/xocomon.com\/wp-content\/uploads\/2025\/11\/Disseny-sense-titol-14.png\",\"width\":1600,\"height\":1200},{\"@type\":\"BreadcrumbList\",\"@id\":\"https:\/\/xocomon.com\/es\/producto\/lot-festa-xocolata-negra\/#breadcrumb\",\"itemListElement\":[{\"@type\":\"ListItem\",\"position\":1,\"name\":\"Portada\",\"item\":\"https:\/\/xocomon.com\/es\/\"},{\"@type\":\"ListItem\",\"position\":2,\"name\":\"Tienda\",\"item\":\"https:\/\/xocomon.com\/es\/tienda\/\"},{\"@type\":\"ListItem\",\"position\":3,\"name\":\"LOTE FIESTA chocolate negro\"}]},{\"@type\":\"WebSite\",\"@id\":\"https:\/\/xocomon.com\/#website\",\"url\":\"https:\/\/xocomon.com\/\",\"name\":\"Xocomon\",\"description\":\"\",\"potentialAction\":[{\"@type\":\"SearchAction\",\"target\":{\"@type\":\"EntryPoint\",\"urlTemplate\":\"https:\/\/xocomon.com\/?s={search_term_string}\"},\"query-input\":{\"@type\":\"PropertyValueSpecification\",\"valueRequired\":true,\"valueName\":\"search_term_string\"}}],\"inLanguage\":\"es\"}]}<\/script>\n<!-- \/ Yoast SEO plugin. -->","yoast_head_json":{"title":"LOTE FIESTA chocolate negro - Xocomon","robots":{"index":"index","follow":"follow","max-snippet":"max-snippet:-1","max-image-preview":"max-image-preview:large","max-video-preview":"max-video-preview:-1"},"canonical":"https:\/\/xocomon.com\/es\/producto\/lot-festa-xocolata-negra\/","og_locale":"es_ES","og_type":"article","og_title":"LOTE FIESTA chocolate negro - Xocomon","og_description":"LOTE FIESTA CHOCOLATE NEGRO XOCOMON Ingredientes: Pasta de cacao, az\u00facar, manteca de cacao.  &nbsp;  Hemos preparado este lote de productos Xocomon con una caja de lo m\u00e1s bonita , ideal para fiestas de cumplea\u00f1os, regalos, comuniones etc .Espero que os gusten. Especial para fiestas de cumplea\u00f1os, regalos, comuniones y fiestas sin al\u00e9rgenos.","og_url":"https:\/\/xocomon.com\/es\/producto\/lot-festa-xocolata-negra\/","og_site_name":"Xocomon","article_publisher":"https:\/\/www.facebook.com\/xocomon\/","article_modified_time":"2026-03-21T18:27:31+00:00","og_image":[{"width":1600,"height":1200,"url":"https:\/\/xocomon.com\/wp-content\/uploads\/2025\/11\/Disseny-sense-titol-14.png","type":"image\/png"}],"twitter_card":"summary_large_image","twitter_misc":{"Tiempo de lectura":"1 minuto"},"schema":{"@context":"https:\/\/schema.org","@graph":[{"@type":"WebPage","@id":"https:\/\/xocomon.com\/es\/producto\/lot-festa-xocolata-negra\/","url":"https:\/\/xocomon.com\/es\/producto\/lot-festa-xocolata-negra\/","name":"LOTE FIESTA chocolate negro - Xocomon","isPartOf":{"@id":"https:\/\/xocomon.com\/#website"},"primaryImageOfPage":{"@id":"https:\/\/xocomon.com\/es\/producto\/lot-festa-xocolata-negra\/#primaryimage"},"image":{"@id":"https:\/\/xocomon.com\/es\/producto\/lot-festa-xocolata-negra\/#primaryimage"},"thumbnailUrl":"https:\/\/xocomon.com\/wp-content\/uploads\/2025\/11\/Disseny-sense-titol-14.png","datePublished":"2020-03-06T13:42:37+00:00","dateModified":"2026-03-21T18:27:31+00:00","breadcrumb":{"@id":"https:\/\/xocomon.com\/es\/producto\/lot-festa-xocolata-negra\/#breadcrumb"},"inLanguage":"es","potentialAction":[{"@type":"ReadAction","target":["https:\/\/xocomon.com\/es\/producto\/lot-festa-xocolata-negra\/"]}]},{"@type":"ImageObject","inLanguage":"es","@id":"https:\/\/xocomon.com\/es\/producto\/lot-festa-xocolata-negra\/#primaryimage","url":"https:\/\/xocomon.com\/wp-content\/uploads\/2025\/11\/Disseny-sense-titol-14.png","contentUrl":"https:\/\/xocomon.com\/wp-content\/uploads\/2025\/11\/Disseny-sense-titol-14.png","width":1600,"height":1200},{"@type":"BreadcrumbList","@id":"https:\/\/xocomon.com\/es\/producto\/lot-festa-xocolata-negra\/#breadcrumb","itemListElement":[{"@type":"ListItem","position":1,"name":"Portada","item":"https:\/\/xocomon.com\/es\/"},{"@type":"ListItem","position":2,"name":"Tienda","item":"https:\/\/xocomon.com\/es\/tienda\/"},{"@type":"ListItem","position":3,"name":"LOTE FIESTA chocolate negro"}]},{"@type":"WebSite","@id":"https:\/\/xocomon.com\/#website","url":"https:\/\/xocomon.com\/","name":"Xocomon","description":"","potentialAction":[{"@type":"SearchAction","target":{"@type":"EntryPoint","urlTemplate":"https:\/\/xocomon.com\/?s={search_term_string}"},"query-input":{"@type":"PropertyValueSpecification","valueRequired":true,"valueName":"search_term_string"}}],"inLanguage":"es"}]}},"tiered_pricing_type":"fixed","tiered_pricing_fixed_rules":[],"tiered_pricing_product_settings":{"layout":"default","base_unit_name":{"singular":null,"plural":null},"default_variation":null},"tiered_pricing_minimum_quantity":null,"tiered_pricing_roles_data":[],"tiered_pricing_percentage_rules":[],"_links":{"self":[{"href":"https:\/\/xocomon.com\/es\/wp-json\/wp\/v2\/product\/8122","targetHints":{"allow":["GET"]}}],"collection":[{"href":"https:\/\/xocomon.com\/es\/wp-json\/wp\/v2\/product"}],"about":[{"href":"https:\/\/xocomon.com\/es\/wp-json\/wp\/v2\/types\/product"}],"replies":[{"embeddable":true,"href":"https:\/\/xocomon.com\/es\/wp-json\/wp\/v2\/comments?post=8122"}],"wp:featuredmedia":[{"embeddable":true,"href":"https:\/\/xocomon.com\/es\/wp-json\/wp\/v2\/media\/26330"}],"wp:attachment":[{"href":"https:\/\/xocomon.com\/es\/wp-json\/wp\/v2\/media?parent=8122"}],"wp:term":[{"taxonomy":"product_brand","embeddable":true,"href":"https:\/\/xocomon.com\/es\/wp-json\/wp\/v2\/product_brand?post=8122"},{"taxonomy":"product_cat","embeddable":true,"href":"https:\/\/xocomon.com\/es\/wp-json\/wp\/v2\/product_cat?post=8122"},{"taxonomy":"product_tag","embeddable":true,"href":"https:\/\/xocomon.com\/es\/wp-json\/wp\/v2\/product_tag?post=8122"}],"curies":[{"name":"wp","href":"https:\/\/api.w.org\/{rel}","templated":true}]}}