{"id":8112,"date":"2020-03-06T13:31:07","date_gmt":"2020-03-06T12:31:07","guid":{"rendered":"https:\/\/xocomon.com\/product\/caixa-pollets-xocolata-amb-llet\/"},"modified":"2026-04-21T12:45:52","modified_gmt":"2026-04-21T11:45:52","slug":"caixa-pollets-xocolata-amb-llet","status":"publish","type":"product","link":"https:\/\/xocomon.com\/es\/producto\/caixa-pollets-xocolata-amb-llet\/","title":{"rendered":"CAJA Pascua, chocolate con leche 200gr"},"content":{"rendered":"<p><span data-sheets-value=\"{&quot;1&quot;:2,&quot;2&quot;:&quot;Chocolatinas de chocolate con leche. Total 175 g.\\n12 Chocolatinas de Pascua, con dibujos variados de pascua, y 18 sin motivo, lisas.\\nEs un formato muy c\u00f3modo para regalar, ideales para acompa\u00f1ar el caf\u00e9.\\nNo contiene trazas de frutos secos, cacahuete, huevo ni gluten. Chocolate con leche de verdad para los al\u00e9rgicos a los frutos secos. Ingredientes: az\u00facar, manteca de cacao, leche entera en polvo, pasta de cacao, emulgente: lecitina de soja, aroma natural de vainilla.\\nCONTIENE SOJA Y LECHE.\\nEs un chocolate belga, muy buena, con un sabor a cacao amargo bien equilibrado (55% de cacao) y lo mejor es que NO CONTIENE: huevos ni derivados, altramuz, gluten, trigo, cent\u00e9simo, ma\u00edz moro, avellanas, almendras, aceite de avellana o de almendra, cacahuetes, aceite de cacahuete, nueces, pacanas, anacardos, pistachos, casta\u00f1as de Par\u00e1 (o nueces de Brasil), nueces de macadamia, casta\u00f1as, mostaza, sulfitos, miel , Glutamato E620 -&gt;; E625, Sulfitos E220 -&gt;; E227, \u00c1cido benzoico E210 -&gt;; E213, Parabens E214 -&gt;; E219, tartracina E102, Amarillo naranja E110, azorrubina E122, Amaranto E123, Rojo E124 y E129, Azul E131 , indigotina E132, Licopeno E160B-D, tragacanto E413, \u00c1cido s\u00f3rbico E200 -&gt;; E203, BHA \/ BHT E320 \/ 321. NI TRAZAS.\\nProducida de forma artesanal por nuestra artesana chocolatera y en moldes especiales donde s\u00f3lo se fabrica este chocolate.\\n\\n&quot;}\" data-sheets-userformat=\"{&quot;2&quot;:4995,&quot;3&quot;:{&quot;1&quot;:0},&quot;4&quot;:{&quot;1&quot;:2,&quot;2&quot;:255},&quot;10&quot;:2,&quot;11&quot;:4,&quot;12&quot;:0,&quot;15&quot;:&quot;Arial&quot;}\" data-sheets-textstyleruns=\"[null,0]\uee10[null,377,[null,null,[null,2,16711680]]]\uee10[null,398]\uee10[null,427,[null,null,[null,2,16711680]]]\uee10[null,443]\uee10[null,480,[null,null,[null,2,16711680]]]\uee10[null,494]\">28 Chocolatinas de chocolate con leche. Total 200 g.<\/span><\/p>\n<p>Es un formato muy c\u00f3modo para regalar, ideales para acompa\u00f1ar el caf\u00e9.<br \/>\nNo contiene trazas de frutos secos, cacahuete, huevo ni gluten. Chocolate con leche de verdad para los al\u00e9rgicos a los frutos secos.<\/p>\n<p><span data-sheets-value=\"{&quot;1&quot;:2,&quot;2&quot;:&quot;Chocolatinas de chocolate con leche. Total 175 g.\\n12 Chocolatinas de Pascua, con dibujos variados de pascua, y 18 sin motivo, lisas.\\nEs un formato muy c\u00f3modo para regalar, ideales para acompa\u00f1ar el caf\u00e9.\\nNo contiene trazas de frutos secos, cacahuete, huevo ni gluten. Chocolate con leche de verdad para los al\u00e9rgicos a los frutos secos. Ingredientes: az\u00facar, manteca de cacao, leche entera en polvo, pasta de cacao, emulgente: lecitina de soja, aroma natural de vainilla.\\nCONTIENE SOJA Y LECHE.\\nEs un chocolate belga, muy buena, con un sabor a cacao amargo bien equilibrado (55% de cacao) y lo mejor es que NO CONTIENE: huevos ni derivados, altramuz, gluten, trigo, cent\u00e9simo, ma\u00edz moro, avellanas, almendras, aceite de avellana o de almendra, cacahuetes, aceite de cacahuete, nueces, pacanas, anacardos, pistachos, casta\u00f1as de Par\u00e1 (o nueces de Brasil), nueces de macadamia, casta\u00f1as, mostaza, sulfitos, miel , Glutamato E620 -&gt;; E625, Sulfitos E220 -&gt;; E227, \u00c1cido benzoico E210 -&gt;; E213, Parabens E214 -&gt;; E219, tartracina E102, Amarillo naranja E110, azorrubina E122, Amaranto E123, Rojo E124 y E129, Azul E131 , indigotina E132, Licopeno E160B-D, tragacanto E413, \u00c1cido s\u00f3rbico E200 -&gt;; E203, BHA \/ BHT E320 \/ 321. NI TRAZAS.\\nProducida de forma artesanal por nuestra artesana chocolatera y en moldes especiales donde s\u00f3lo se fabrica este chocolate.\\n\\n&quot;}\" data-sheets-userformat=\"{&quot;2&quot;:4995,&quot;3&quot;:{&quot;1&quot;:0},&quot;4&quot;:{&quot;1&quot;:2,&quot;2&quot;:255},&quot;10&quot;:2,&quot;11&quot;:4,&quot;12&quot;:0,&quot;15&quot;:&quot;Arial&quot;}\" data-sheets-textstyleruns=\"[null,0]\uee10[null,377,[null,null,[null,2,16711680]]]\uee10[null,398]\uee10[null,427,[null,null,[null,2,16711680]]]\uee10[null,443]\uee10[null,480,[null,null,[null,2,16711680]]]\uee10[null,494]\">Ingredientes: az\u00facar, manteca de cacao, leche entera en polvo, pasta de cacao, emulgente: lecitina de soja, aroma natural de vainilla.<br \/>\nCONTIENE SOJA Y LECHE.<\/span><\/p>\n<p><span data-sheets-value=\"{&quot;1&quot;:2,&quot;2&quot;:&quot;Chocolatinas de chocolate con leche. Total 175 g.\\n12 Chocolatinas de Pascua, con dibujos variados de pascua, y 18 sin motivo, lisas.\\nEs un formato muy c\u00f3modo para regalar, ideales para acompa\u00f1ar el caf\u00e9.\\nNo contiene trazas de frutos secos, cacahuete, huevo ni gluten. Chocolate con leche de verdad para los al\u00e9rgicos a los frutos secos. Ingredientes: az\u00facar, manteca de cacao, leche entera en polvo, pasta de cacao, emulgente: lecitina de soja, aroma natural de vainilla.\\nCONTIENE SOJA Y LECHE.\\nEs un chocolate belga, muy buena, con un sabor a cacao amargo bien equilibrado (55% de cacao) y lo mejor es que NO CONTIENE: huevos ni derivados, altramuz, gluten, trigo, cent\u00e9simo, ma\u00edz moro, avellanas, almendras, aceite de avellana o de almendra, cacahuetes, aceite de cacahuete, nueces, pacanas, anacardos, pistachos, casta\u00f1as de Par\u00e1 (o nueces de Brasil), nueces de macadamia, casta\u00f1as, mostaza, sulfitos, miel , Glutamato E620 -&gt;; E625, Sulfitos E220 -&gt;; E227, \u00c1cido benzoico E210 -&gt;; E213, Parabens E214 -&gt;; E219, tartracina E102, Amarillo naranja E110, azorrubina E122, Amaranto E123, Rojo E124 y E129, Azul E131 , indigotina E132, Licopeno E160B-D, tragacanto E413, \u00c1cido s\u00f3rbico E200 -&gt;; E203, BHA \/ BHT E320 \/ 321. NI TRAZAS.\\nProducida de forma artesanal por nuestra artesana chocolatera y en moldes especiales donde s\u00f3lo se fabrica este chocolate.\\n\\n&quot;}\" data-sheets-userformat=\"{&quot;2&quot;:4995,&quot;3&quot;:{&quot;1&quot;:0},&quot;4&quot;:{&quot;1&quot;:2,&quot;2&quot;:255},&quot;10&quot;:2,&quot;11&quot;:4,&quot;12&quot;:0,&quot;15&quot;:&quot;Arial&quot;}\" data-sheets-textstyleruns=\"[null,0]\uee10[null,377,[null,null,[null,2,16711680]]]\uee10[null,398]\uee10[null,427,[null,null,[null,2,16711680]]]\uee10[null,443]\uee10[null,480,[null,null,[null,2,16711680]]]\uee10[null,494]\"><br \/>\nEs un chocolate belga, muy buena, con un sabor a cacao amargo bien equilibrado (55% de cacao).<br \/>\nProducida de forma artesanal por nuestra artesana chocolatera y en moldes especiales donde s\u00f3lo se fabrica este chocolate.<\/span><\/p>\n","protected":false},"excerpt":{"rendered":"<p>CAJA Pascua, chocolate con leche 200gr<\/p>\n<p><span data-sheets-value=\"{&quot;1&quot;:2,&quot;2&quot;:&quot;Caja con chocolatinas variadas, con motivos de pascua o lisas.\\nHemos comprado moldes con figuritas de pascua para hacer alguna cosa diferente para esta pascua 2020, es un formato nuevo, veremos si os gusta.\\nLos dibujos son pollitos, huevos, campanas, conejos, gallina, muy graciosos y las hay sin nada tambi\u00e9n, solo chocolate. Esperamos que os gusten mucho.\\n&quot;}\" data-sheets-userformat=\"{&quot;2&quot;:4995,&quot;3&quot;:{&quot;1&quot;:0},&quot;4&quot;:{&quot;1&quot;:2,&quot;2&quot;:255},&quot;10&quot;:2,&quot;11&quot;:4,&quot;12&quot;:0,&quot;15&quot;:&quot;Arial&quot;}\">Caja con chocolatinas variadas, con motivos de pascua o lisas.<br \/>\nHemos comprado moldes con figuritas de pascua para hacer alguna cosa diferente para esta pascua 2020, es un formato nuevo, veremos si os gusta.<br \/>\nLos dibujos son pollitos, huevos, campanas, conejos, gallina, muy graciosos y las hay sin nada tambi\u00e9n, solo chocolate. Esperamos que os gusten mucho.<\/span><\/p>\n<p>INGREDIENTES para Todos los productos Xocomon leche : Pasta de cacao, az\u00facar, manteca de cacao, <strong>leche<\/strong> en polvo emulgente: lecitina de <strong>soja<\/strong>, aroma natural de vainilla.<br \/>\nCONTIENE <strong>SOJA Y LECHE<\/strong><\/p>\n<p><strong>SIN GLUTEN, SIN HUEVO, SIN FRUTOS SECOS, SIN CACAHUETE, SIN TRAZAS<\/strong><\/p>\n","protected":false},"featured_media":9763,"comment_status":"open","ping_status":"closed","template":"","meta":[],"product_brand":[],"product_cat":[131,191],"product_tag":[],"class_list":{"0":"post-8112","1":"product","2":"type-product","3":"status-publish","4":"has-post-thumbnail","6":"product_cat-pascua","7":"product_cat-chocolate-con-leche-pascuas","8":"tm-has-options","10":"first","11":"instock","12":"taxable","13":"shipping-taxable","14":"purchasable","15":"product-type-simple"},"yoast_head":"<!-- This site is optimized with the Yoast SEO plugin v26.7 - https:\/\/yoast.com\/wordpress\/plugins\/seo\/ -->\n<title>CAJA Pascua, chocolate con leche 200gr - Xocomon<\/title>\n<meta name=\"description\" content=\"CAJA Pascua, chocolate con leche 250gr, INGREDIENTES : Pasta de cacao, az\u00facar, manteca de cacao, leche, emulgente: lecitina de soja, aroma.\" \/>\n<meta name=\"robots\" content=\"index, follow, max-snippet:-1, max-image-preview:large, max-video-preview:-1\" \/>\n<link rel=\"canonical\" href=\"https:\/\/xocomon.com\/producto\/caixa-pollets-xocolata-amb-llet\/\" \/>\n<meta property=\"og:locale\" content=\"es_ES\" \/>\n<meta property=\"og:type\" content=\"article\" \/>\n<meta property=\"og:title\" content=\"CAJA Pascua, chocolate con leche 200gr - Xocomon\" \/>\n<meta property=\"og:description\" content=\"CAJA Pascua, chocolate con leche 250gr, INGREDIENTES : Pasta de cacao, az\u00facar, manteca de cacao, leche, emulgente: lecitina de soja, aroma.\" \/>\n<meta property=\"og:url\" content=\"https:\/\/xocomon.com\/producto\/caixa-pollets-xocolata-amb-llet\/\" \/>\n<meta property=\"og:site_name\" content=\"Xocomon\" \/>\n<meta property=\"article:publisher\" content=\"https:\/\/www.facebook.com\/xocomon\/\" \/>\n<meta property=\"article:modified_time\" content=\"2026-04-21T11:45:52+00:00\" \/>\n<meta property=\"og:image\" content=\"https:\/\/xocomon.com\/wp-content\/uploads\/2021\/02\/xocolatinas-llet-8.jpg\" \/>\n\t<meta property=\"og:image:width\" content=\"428\" \/>\n\t<meta property=\"og:image:height\" content=\"640\" \/>\n\t<meta property=\"og:image:type\" content=\"image\/jpeg\" \/>\n<meta name=\"twitter:card\" content=\"summary_large_image\" \/>\n<meta name=\"twitter:label1\" content=\"Tiempo de lectura\" \/>\n\t<meta name=\"twitter:data1\" content=\"2 minutos\" \/>\n<script type=\"application\/ld+json\" class=\"yoast-schema-graph\">{\"@context\":\"https:\/\/schema.org\",\"@graph\":[{\"@type\":\"WebPage\",\"@id\":\"https:\/\/xocomon.com\/producto\/caixa-pollets-xocolata-amb-llet\/\",\"url\":\"https:\/\/xocomon.com\/producto\/caixa-pollets-xocolata-amb-llet\/\",\"name\":\"CAJA Pascua, chocolate con leche 200gr - Xocomon\",\"isPartOf\":{\"@id\":\"https:\/\/xocomon.com\/#website\"},\"primaryImageOfPage\":{\"@id\":\"https:\/\/xocomon.com\/producto\/caixa-pollets-xocolata-amb-llet\/#primaryimage\"},\"image\":{\"@id\":\"https:\/\/xocomon.com\/producto\/caixa-pollets-xocolata-amb-llet\/#primaryimage\"},\"thumbnailUrl\":\"https:\/\/xocomon.com\/wp-content\/uploads\/2021\/02\/xocolatinas-llet-8.jpg\",\"datePublished\":\"2020-03-06T12:31:07+00:00\",\"dateModified\":\"2026-04-21T11:45:52+00:00\",\"description\":\"CAJA Pascua, chocolate con leche 250gr, INGREDIENTES : Pasta de cacao, az\u00facar, manteca de cacao, leche, emulgente: lecitina de soja, aroma.\",\"breadcrumb\":{\"@id\":\"https:\/\/xocomon.com\/producto\/caixa-pollets-xocolata-amb-llet\/#breadcrumb\"},\"inLanguage\":\"es\",\"potentialAction\":[{\"@type\":\"ReadAction\",\"target\":[\"https:\/\/xocomon.com\/producto\/caixa-pollets-xocolata-amb-llet\/\"]}]},{\"@type\":\"ImageObject\",\"inLanguage\":\"es\",\"@id\":\"https:\/\/xocomon.com\/producto\/caixa-pollets-xocolata-amb-llet\/#primaryimage\",\"url\":\"https:\/\/xocomon.com\/wp-content\/uploads\/2021\/02\/xocolatinas-llet-8.jpg\",\"contentUrl\":\"https:\/\/xocomon.com\/wp-content\/uploads\/2021\/02\/xocolatinas-llet-8.jpg\",\"width\":428,\"height\":640},{\"@type\":\"BreadcrumbList\",\"@id\":\"https:\/\/xocomon.com\/producto\/caixa-pollets-xocolata-amb-llet\/#breadcrumb\",\"itemListElement\":[{\"@type\":\"ListItem\",\"position\":1,\"name\":\"Portada\",\"item\":\"https:\/\/xocomon.com\/es\/\"},{\"@type\":\"ListItem\",\"position\":2,\"name\":\"Tienda\",\"item\":\"https:\/\/xocomon.com\/es\/tienda\/\"},{\"@type\":\"ListItem\",\"position\":3,\"name\":\"CAJA Pascua, chocolate con leche 200gr\"}]},{\"@type\":\"WebSite\",\"@id\":\"https:\/\/xocomon.com\/#website\",\"url\":\"https:\/\/xocomon.com\/\",\"name\":\"Xocomon\",\"description\":\"\",\"potentialAction\":[{\"@type\":\"SearchAction\",\"target\":{\"@type\":\"EntryPoint\",\"urlTemplate\":\"https:\/\/xocomon.com\/?s={search_term_string}\"},\"query-input\":{\"@type\":\"PropertyValueSpecification\",\"valueRequired\":true,\"valueName\":\"search_term_string\"}}],\"inLanguage\":\"es\"}]}<\/script>\n<!-- \/ Yoast SEO plugin. -->","yoast_head_json":{"title":"CAJA Pascua, chocolate con leche 200gr - Xocomon","description":"CAJA Pascua, chocolate con leche 250gr, INGREDIENTES : Pasta de cacao, az\u00facar, manteca de cacao, leche, emulgente: lecitina de soja, aroma.","robots":{"index":"index","follow":"follow","max-snippet":"max-snippet:-1","max-image-preview":"max-image-preview:large","max-video-preview":"max-video-preview:-1"},"canonical":"https:\/\/xocomon.com\/producto\/caixa-pollets-xocolata-amb-llet\/","og_locale":"es_ES","og_type":"article","og_title":"CAJA Pascua, chocolate con leche 200gr - Xocomon","og_description":"CAJA Pascua, chocolate con leche 250gr, INGREDIENTES : Pasta de cacao, az\u00facar, manteca de cacao, leche, emulgente: lecitina de soja, aroma.","og_url":"https:\/\/xocomon.com\/producto\/caixa-pollets-xocolata-amb-llet\/","og_site_name":"Xocomon","article_publisher":"https:\/\/www.facebook.com\/xocomon\/","article_modified_time":"2026-04-21T11:45:52+00:00","og_image":[{"width":428,"height":640,"url":"https:\/\/xocomon.com\/wp-content\/uploads\/2021\/02\/xocolatinas-llet-8.jpg","type":"image\/jpeg"}],"twitter_card":"summary_large_image","twitter_misc":{"Tiempo de lectura":"2 minutos"},"schema":{"@context":"https:\/\/schema.org","@graph":[{"@type":"WebPage","@id":"https:\/\/xocomon.com\/producto\/caixa-pollets-xocolata-amb-llet\/","url":"https:\/\/xocomon.com\/producto\/caixa-pollets-xocolata-amb-llet\/","name":"CAJA Pascua, chocolate con leche 200gr - Xocomon","isPartOf":{"@id":"https:\/\/xocomon.com\/#website"},"primaryImageOfPage":{"@id":"https:\/\/xocomon.com\/producto\/caixa-pollets-xocolata-amb-llet\/#primaryimage"},"image":{"@id":"https:\/\/xocomon.com\/producto\/caixa-pollets-xocolata-amb-llet\/#primaryimage"},"thumbnailUrl":"https:\/\/xocomon.com\/wp-content\/uploads\/2021\/02\/xocolatinas-llet-8.jpg","datePublished":"2020-03-06T12:31:07+00:00","dateModified":"2026-04-21T11:45:52+00:00","description":"CAJA Pascua, chocolate con leche 250gr, INGREDIENTES : Pasta de cacao, az\u00facar, manteca de cacao, leche, emulgente: lecitina de soja, aroma.","breadcrumb":{"@id":"https:\/\/xocomon.com\/producto\/caixa-pollets-xocolata-amb-llet\/#breadcrumb"},"inLanguage":"es","potentialAction":[{"@type":"ReadAction","target":["https:\/\/xocomon.com\/producto\/caixa-pollets-xocolata-amb-llet\/"]}]},{"@type":"ImageObject","inLanguage":"es","@id":"https:\/\/xocomon.com\/producto\/caixa-pollets-xocolata-amb-llet\/#primaryimage","url":"https:\/\/xocomon.com\/wp-content\/uploads\/2021\/02\/xocolatinas-llet-8.jpg","contentUrl":"https:\/\/xocomon.com\/wp-content\/uploads\/2021\/02\/xocolatinas-llet-8.jpg","width":428,"height":640},{"@type":"BreadcrumbList","@id":"https:\/\/xocomon.com\/producto\/caixa-pollets-xocolata-amb-llet\/#breadcrumb","itemListElement":[{"@type":"ListItem","position":1,"name":"Portada","item":"https:\/\/xocomon.com\/es\/"},{"@type":"ListItem","position":2,"name":"Tienda","item":"https:\/\/xocomon.com\/es\/tienda\/"},{"@type":"ListItem","position":3,"name":"CAJA Pascua, chocolate con leche 200gr"}]},{"@type":"WebSite","@id":"https:\/\/xocomon.com\/#website","url":"https:\/\/xocomon.com\/","name":"Xocomon","description":"","potentialAction":[{"@type":"SearchAction","target":{"@type":"EntryPoint","urlTemplate":"https:\/\/xocomon.com\/?s={search_term_string}"},"query-input":{"@type":"PropertyValueSpecification","valueRequired":true,"valueName":"search_term_string"}}],"inLanguage":"es"}]}},"tiered_pricing_type":"fixed","tiered_pricing_fixed_rules":[],"tiered_pricing_product_settings":{"layout":"default","base_unit_name":{"singular":null,"plural":null},"default_variation":null},"tiered_pricing_minimum_quantity":null,"tiered_pricing_roles_data":[],"tiered_pricing_percentage_rules":[],"_links":{"self":[{"href":"https:\/\/xocomon.com\/es\/wp-json\/wp\/v2\/product\/8112","targetHints":{"allow":["GET"]}}],"collection":[{"href":"https:\/\/xocomon.com\/es\/wp-json\/wp\/v2\/product"}],"about":[{"href":"https:\/\/xocomon.com\/es\/wp-json\/wp\/v2\/types\/product"}],"replies":[{"embeddable":true,"href":"https:\/\/xocomon.com\/es\/wp-json\/wp\/v2\/comments?post=8112"}],"wp:featuredmedia":[{"embeddable":true,"href":"https:\/\/xocomon.com\/es\/wp-json\/wp\/v2\/media\/9763"}],"wp:attachment":[{"href":"https:\/\/xocomon.com\/es\/wp-json\/wp\/v2\/media?parent=8112"}],"wp:term":[{"taxonomy":"product_brand","embeddable":true,"href":"https:\/\/xocomon.com\/es\/wp-json\/wp\/v2\/product_brand?post=8112"},{"taxonomy":"product_cat","embeddable":true,"href":"https:\/\/xocomon.com\/es\/wp-json\/wp\/v2\/product_cat?post=8112"},{"taxonomy":"product_tag","embeddable":true,"href":"https:\/\/xocomon.com\/es\/wp-json\/wp\/v2\/product_tag?post=8112"}],"curies":[{"name":"wp","href":"https:\/\/api.w.org\/{rel}","templated":true}]}}