{"id":8096,"date":"2020-03-06T13:21:50","date_gmt":"2020-03-06T12:21:50","guid":{"rendered":"https:\/\/xocomon.com\/product\/caixa-pollets-xocolata-negra\/"},"modified":"2026-04-21T12:44:26","modified_gmt":"2026-04-21T11:44:26","slug":"caixa-pollets-xocolata-negra","status":"publish","type":"product","link":"https:\/\/xocomon.com\/es\/producto\/caixa-pollets-xocolata-negra\/","title":{"rendered":"CAJA Pascua, chocolate negro 200gr"},"content":{"rendered":"<p><span data-sheets-value=\"{&quot;1&quot;:2,&quot;2&quot;:&quot;Caja con chocolatinas variadas, con motivos de pascua o lisas.\\nHemos comprado moldes con figuritas de pascua para hacer alguna cosa diferente para esta pascua 2020, es un formato que gusto mucho en la pasada campa\u00f1a de Navidad. Es un tama\u00f1o de tableta que gusta mucho y se vende muy bien. 3*3. El peso que tiene al final es muy competitivo y hemos repetido.\\nLos dibujos son pollitos, huevos, campanas, conejos, gallina, muy graciosos y las hay sin nada tambi\u00e9n, solo chocolate. Esperamos que os gusten mucho.\\n&quot;}\" data-sheets-userformat=\"{&quot;2&quot;:4995,&quot;3&quot;:{&quot;1&quot;:0},&quot;4&quot;:{&quot;1&quot;:2,&quot;2&quot;:255},&quot;10&quot;:2,&quot;11&quot;:4,&quot;12&quot;:0,&quot;15&quot;:&quot;Arial&quot;}\">Chocolatinas de chocolate negro VARIADAS. Total 200 gr.<\/span><\/p>\n<p>Los dibujos son pollitos, huevos, campanas, conejos, gallina, muy graciosos, solo chocolate. Esperamos que os gusten mucho.<\/p>\n<p>Chocolatinas con motivos de pascua, con dibujos variados de pascua, ideales para estas pascuas.<\/p>\n<p><span data-sheets-value=\"{&quot;1&quot;:2,&quot;2&quot;:&quot;Caja con chocolatinas variadas, con motivos de pascua o lisas.\\nHemos comprado moldes con figuritas de pascua para hacer alguna cosa diferente para esta pascua 2020, es un formato que gusto mucho en la pasada campa\u00f1a de Navidad. Es un tama\u00f1o de tableta que gusta mucho y se vende muy bien. 3*3. El peso que tiene al final es muy competitivo y hemos repetido.\\nLos dibujos son pollitos, huevos, campanas, conejos, gallina, muy graciosos y las hay sin nada tambi\u00e9n, solo chocolate. Esperamos que os gusten mucho.\\n&quot;}\" data-sheets-userformat=\"{&quot;2&quot;:4995,&quot;3&quot;:{&quot;1&quot;:0},&quot;4&quot;:{&quot;1&quot;:2,&quot;2&quot;:255},&quot;10&quot;:2,&quot;11&quot;:4,&quot;12&quot;:0,&quot;15&quot;:&quot;Arial&quot;}\">Es un formato muy c\u00f3modo para regalar, son ideales para acompa\u00f1ar el caf\u00e9.<\/span><\/p>\n<p>Es un chocolate belga, muy buena, con un sabor a cacao amargo bien equilibrado (55% de cacao)<br \/>\nProducida de forma artesanal por nuestra artesana chocolatera y en moldes especiales donde s\u00f3lo se fabrica este chocolate. En un obrador seguro.<\/p>\n","protected":false},"excerpt":{"rendered":"<p>CAJA Pascua, chocolate negro 200gr<\/p>\n<p><strong>Ingredientes<\/strong><\/p>\n<ul>\n<li>Pasta de cacao.<\/li>\n<li>Az\u00facar.<\/li>\n<li>Mantequilla de cacao.<\/li>\n<\/ul>\n<p>SIN AL\u00c9RGENOS<\/p>\n<p>Fabricado en nuestro obrador de Matar\u00f3, s\u00f3lo se trabaja chocolate.<br \/>\nTenemos dos obradores totalmente separados uno de chocolate negro y uno de leche.<\/p>\n<p><strong>No existe posible contaminaci\u00f3n.<\/strong><\/p>\n<p>&nbsp;<\/p>\n<p>&nbsp;<\/p>\n<p>&nbsp;<\/p>\n","protected":false},"featured_media":9691,"comment_status":"open","ping_status":"closed","template":"","meta":[],"product_brand":[],"product_cat":[131,190],"product_tag":[],"class_list":{"0":"post-8096","1":"product","2":"type-product","3":"status-publish","4":"has-post-thumbnail","6":"product_cat-pascua","7":"product_cat-chocolate-negro-pascuas","8":"tm-has-options","10":"first","11":"instock","12":"taxable","13":"shipping-taxable","14":"purchasable","15":"product-type-simple"},"yoast_head":"<!-- This site is optimized with the Yoast SEO plugin v26.7 - https:\/\/yoast.com\/wordpress\/plugins\/seo\/ -->\n<title>CAJA Pascua, chocolate negro 200gr - Xocomon<\/title>\n<meta name=\"description\" content=\"CAJA Pascua, chocolate negro 200gr, INGREDIENTES; Pasta de cacao, az\u00facar, manteca de cacao, emulgente: lecitina de soja, aroma natural de vainilla\" \/>\n<meta name=\"robots\" content=\"index, follow, max-snippet:-1, max-image-preview:large, max-video-preview:-1\" \/>\n<link rel=\"canonical\" href=\"https:\/\/xocomon.com\/producto\/caixa-pollets-xocolata-negra\/\" \/>\n<meta property=\"og:locale\" content=\"es_ES\" \/>\n<meta property=\"og:type\" content=\"article\" \/>\n<meta property=\"og:title\" content=\"CAJA Pascua, chocolate negro 200gr - Xocomon\" \/>\n<meta property=\"og:description\" content=\"CAJA Pascua, chocolate negro 200gr, INGREDIENTES; Pasta de cacao, az\u00facar, manteca de cacao, emulgente: lecitina de soja, aroma natural de vainilla\" \/>\n<meta property=\"og:url\" content=\"https:\/\/xocomon.com\/producto\/caixa-pollets-xocolata-negra\/\" \/>\n<meta property=\"og:site_name\" content=\"Xocomon\" \/>\n<meta property=\"article:publisher\" content=\"https:\/\/www.facebook.com\/xocomon\/\" \/>\n<meta property=\"article:modified_time\" content=\"2026-04-21T11:44:26+00:00\" \/>\n<meta property=\"og:image\" content=\"https:\/\/xocomon.com\/wp-content\/uploads\/2021\/02\/xocolatinas-negres-5.jpg\" \/>\n\t<meta property=\"og:image:width\" content=\"480\" \/>\n\t<meta property=\"og:image:height\" content=\"640\" \/>\n\t<meta property=\"og:image:type\" content=\"image\/jpeg\" \/>\n<meta name=\"twitter:card\" content=\"summary_large_image\" \/>\n<meta name=\"twitter:label1\" content=\"Tiempo de lectura\" \/>\n\t<meta name=\"twitter:data1\" content=\"1 minuto\" \/>\n<script type=\"application\/ld+json\" class=\"yoast-schema-graph\">{\"@context\":\"https:\/\/schema.org\",\"@graph\":[{\"@type\":\"WebPage\",\"@id\":\"https:\/\/xocomon.com\/producto\/caixa-pollets-xocolata-negra\/\",\"url\":\"https:\/\/xocomon.com\/producto\/caixa-pollets-xocolata-negra\/\",\"name\":\"CAJA Pascua, chocolate negro 200gr - Xocomon\",\"isPartOf\":{\"@id\":\"https:\/\/xocomon.com\/#website\"},\"primaryImageOfPage\":{\"@id\":\"https:\/\/xocomon.com\/producto\/caixa-pollets-xocolata-negra\/#primaryimage\"},\"image\":{\"@id\":\"https:\/\/xocomon.com\/producto\/caixa-pollets-xocolata-negra\/#primaryimage\"},\"thumbnailUrl\":\"https:\/\/xocomon.com\/wp-content\/uploads\/2021\/02\/xocolatinas-negres-5.jpg\",\"datePublished\":\"2020-03-06T12:21:50+00:00\",\"dateModified\":\"2026-04-21T11:44:26+00:00\",\"description\":\"CAJA Pascua, chocolate negro 200gr, INGREDIENTES; Pasta de cacao, az\u00facar, manteca de cacao, emulgente: lecitina de soja, aroma natural de vainilla\",\"breadcrumb\":{\"@id\":\"https:\/\/xocomon.com\/producto\/caixa-pollets-xocolata-negra\/#breadcrumb\"},\"inLanguage\":\"es\",\"potentialAction\":[{\"@type\":\"ReadAction\",\"target\":[\"https:\/\/xocomon.com\/producto\/caixa-pollets-xocolata-negra\/\"]}]},{\"@type\":\"ImageObject\",\"inLanguage\":\"es\",\"@id\":\"https:\/\/xocomon.com\/producto\/caixa-pollets-xocolata-negra\/#primaryimage\",\"url\":\"https:\/\/xocomon.com\/wp-content\/uploads\/2021\/02\/xocolatinas-negres-5.jpg\",\"contentUrl\":\"https:\/\/xocomon.com\/wp-content\/uploads\/2021\/02\/xocolatinas-negres-5.jpg\",\"width\":480,\"height\":640},{\"@type\":\"BreadcrumbList\",\"@id\":\"https:\/\/xocomon.com\/producto\/caixa-pollets-xocolata-negra\/#breadcrumb\",\"itemListElement\":[{\"@type\":\"ListItem\",\"position\":1,\"name\":\"Portada\",\"item\":\"https:\/\/xocomon.com\/es\/\"},{\"@type\":\"ListItem\",\"position\":2,\"name\":\"Tienda\",\"item\":\"https:\/\/xocomon.com\/es\/tienda\/\"},{\"@type\":\"ListItem\",\"position\":3,\"name\":\"CAJA Pascua, chocolate negro 200gr\"}]},{\"@type\":\"WebSite\",\"@id\":\"https:\/\/xocomon.com\/#website\",\"url\":\"https:\/\/xocomon.com\/\",\"name\":\"Xocomon\",\"description\":\"\",\"potentialAction\":[{\"@type\":\"SearchAction\",\"target\":{\"@type\":\"EntryPoint\",\"urlTemplate\":\"https:\/\/xocomon.com\/?s={search_term_string}\"},\"query-input\":{\"@type\":\"PropertyValueSpecification\",\"valueRequired\":true,\"valueName\":\"search_term_string\"}}],\"inLanguage\":\"es\"}]}<\/script>\n<!-- \/ Yoast SEO plugin. -->","yoast_head_json":{"title":"CAJA Pascua, chocolate negro 200gr - Xocomon","description":"CAJA Pascua, chocolate negro 200gr, INGREDIENTES; Pasta de cacao, az\u00facar, manteca de cacao, emulgente: lecitina de soja, aroma natural de vainilla","robots":{"index":"index","follow":"follow","max-snippet":"max-snippet:-1","max-image-preview":"max-image-preview:large","max-video-preview":"max-video-preview:-1"},"canonical":"https:\/\/xocomon.com\/producto\/caixa-pollets-xocolata-negra\/","og_locale":"es_ES","og_type":"article","og_title":"CAJA Pascua, chocolate negro 200gr - Xocomon","og_description":"CAJA Pascua, chocolate negro 200gr, INGREDIENTES; Pasta de cacao, az\u00facar, manteca de cacao, emulgente: lecitina de soja, aroma natural de vainilla","og_url":"https:\/\/xocomon.com\/producto\/caixa-pollets-xocolata-negra\/","og_site_name":"Xocomon","article_publisher":"https:\/\/www.facebook.com\/xocomon\/","article_modified_time":"2026-04-21T11:44:26+00:00","og_image":[{"width":480,"height":640,"url":"https:\/\/xocomon.com\/wp-content\/uploads\/2021\/02\/xocolatinas-negres-5.jpg","type":"image\/jpeg"}],"twitter_card":"summary_large_image","twitter_misc":{"Tiempo de lectura":"1 minuto"},"schema":{"@context":"https:\/\/schema.org","@graph":[{"@type":"WebPage","@id":"https:\/\/xocomon.com\/producto\/caixa-pollets-xocolata-negra\/","url":"https:\/\/xocomon.com\/producto\/caixa-pollets-xocolata-negra\/","name":"CAJA Pascua, chocolate negro 200gr - Xocomon","isPartOf":{"@id":"https:\/\/xocomon.com\/#website"},"primaryImageOfPage":{"@id":"https:\/\/xocomon.com\/producto\/caixa-pollets-xocolata-negra\/#primaryimage"},"image":{"@id":"https:\/\/xocomon.com\/producto\/caixa-pollets-xocolata-negra\/#primaryimage"},"thumbnailUrl":"https:\/\/xocomon.com\/wp-content\/uploads\/2021\/02\/xocolatinas-negres-5.jpg","datePublished":"2020-03-06T12:21:50+00:00","dateModified":"2026-04-21T11:44:26+00:00","description":"CAJA Pascua, chocolate negro 200gr, INGREDIENTES; Pasta de cacao, az\u00facar, manteca de cacao, emulgente: lecitina de soja, aroma natural de vainilla","breadcrumb":{"@id":"https:\/\/xocomon.com\/producto\/caixa-pollets-xocolata-negra\/#breadcrumb"},"inLanguage":"es","potentialAction":[{"@type":"ReadAction","target":["https:\/\/xocomon.com\/producto\/caixa-pollets-xocolata-negra\/"]}]},{"@type":"ImageObject","inLanguage":"es","@id":"https:\/\/xocomon.com\/producto\/caixa-pollets-xocolata-negra\/#primaryimage","url":"https:\/\/xocomon.com\/wp-content\/uploads\/2021\/02\/xocolatinas-negres-5.jpg","contentUrl":"https:\/\/xocomon.com\/wp-content\/uploads\/2021\/02\/xocolatinas-negres-5.jpg","width":480,"height":640},{"@type":"BreadcrumbList","@id":"https:\/\/xocomon.com\/producto\/caixa-pollets-xocolata-negra\/#breadcrumb","itemListElement":[{"@type":"ListItem","position":1,"name":"Portada","item":"https:\/\/xocomon.com\/es\/"},{"@type":"ListItem","position":2,"name":"Tienda","item":"https:\/\/xocomon.com\/es\/tienda\/"},{"@type":"ListItem","position":3,"name":"CAJA Pascua, chocolate negro 200gr"}]},{"@type":"WebSite","@id":"https:\/\/xocomon.com\/#website","url":"https:\/\/xocomon.com\/","name":"Xocomon","description":"","potentialAction":[{"@type":"SearchAction","target":{"@type":"EntryPoint","urlTemplate":"https:\/\/xocomon.com\/?s={search_term_string}"},"query-input":{"@type":"PropertyValueSpecification","valueRequired":true,"valueName":"search_term_string"}}],"inLanguage":"es"}]}},"tiered_pricing_type":"fixed","tiered_pricing_fixed_rules":[],"tiered_pricing_product_settings":{"layout":"default","base_unit_name":{"singular":null,"plural":null},"default_variation":null},"tiered_pricing_minimum_quantity":null,"tiered_pricing_roles_data":[],"tiered_pricing_percentage_rules":[],"_links":{"self":[{"href":"https:\/\/xocomon.com\/es\/wp-json\/wp\/v2\/product\/8096","targetHints":{"allow":["GET"]}}],"collection":[{"href":"https:\/\/xocomon.com\/es\/wp-json\/wp\/v2\/product"}],"about":[{"href":"https:\/\/xocomon.com\/es\/wp-json\/wp\/v2\/types\/product"}],"replies":[{"embeddable":true,"href":"https:\/\/xocomon.com\/es\/wp-json\/wp\/v2\/comments?post=8096"}],"wp:featuredmedia":[{"embeddable":true,"href":"https:\/\/xocomon.com\/es\/wp-json\/wp\/v2\/media\/9691"}],"wp:attachment":[{"href":"https:\/\/xocomon.com\/es\/wp-json\/wp\/v2\/media?parent=8096"}],"wp:term":[{"taxonomy":"product_brand","embeddable":true,"href":"https:\/\/xocomon.com\/es\/wp-json\/wp\/v2\/product_brand?post=8096"},{"taxonomy":"product_cat","embeddable":true,"href":"https:\/\/xocomon.com\/es\/wp-json\/wp\/v2\/product_cat?post=8096"},{"taxonomy":"product_tag","embeddable":true,"href":"https:\/\/xocomon.com\/es\/wp-json\/wp\/v2\/product_tag?post=8096"}],"curies":[{"name":"wp","href":"https:\/\/api.w.org\/{rel}","templated":true}]}}