{"id":8053,"date":"2020-03-06T12:46:54","date_gmt":"2020-03-06T11:46:54","guid":{"rendered":"https:\/\/xocomon.com\/product\/piruleta-xocolata-amb-llet\/"},"modified":"2026-04-10T22:12:46","modified_gmt":"2026-04-10T21:12:46","slug":"piruleta-xocolata-amb-llet","status":"publish","type":"product","link":"https:\/\/xocomon.com\/es\/producto\/piruleta-xocolata-amb-llet\/","title":{"rendered":"PIRULETA chocolate con leche"},"content":{"rendered":"<p>PIRULETA chocolate con leche<\/p>\n<p>Sin frutos secos, cacahuete, huevo, gluten ni trazas de todos ellos<\/p>\n<p>&nbsp;<\/p>\n","protected":false},"excerpt":{"rendered":"<p><span data-sheets-value=\"{&quot;1&quot;:2,&quot;2&quot;:&quot;PIRULETA DE XOCOLATA AMB LLET XOCOMON Ingredients: Pasta de cacau, sucre, mantega de cacau, llet en pols emulgent: lecitina de soja, aroma natural de vainilla.\\nNO CONT\u00c9 fruits secs, cacahuet, llet, ou ni gluten, ni traces de tots ells.CONT\u00c9 SOJA i LLET\\nUna piruleta de xocolata es un luxe dels bons i si a m\u00e8s a m\u00e8s la pot menjar tothom \u00e9s fant\u00e0stic. L'hem fabricada perqu\u00e8 era una demanda vostra desde sempre. Aix\u00ed que les vostres peticions son ordes per nosaltres i aqui est\u00e0! Per a tots i per uns berenars de luxe inoblidables. Ens encanta la xocolata Xocomon i fer-vos feli\u00e7os.\\nson de 30 gr, ben equilibrades i amb un pal molt llarg. Esperem que us agradin molt. \\nEspecial per a festes d'aniversari.\\n&quot;}\" data-sheets-userformat=\"{&quot;2&quot;:899,&quot;3&quot;:{&quot;1&quot;:0},&quot;4&quot;:{&quot;1&quot;:2,&quot;2&quot;:16770457},&quot;10&quot;:0,&quot;11&quot;:4,&quot;12&quot;:0}\" data-sheets-textstyleruns=\"{&quot;1&quot;:0}\uee10{&quot;1&quot;:92,&quot;2&quot;:{&quot;2&quot;:{&quot;1&quot;:2,&quot;2&quot;:16711680}}}\uee10{&quot;1&quot;:105}\uee10{&quot;1&quot;:116,&quot;2&quot;:{&quot;2&quot;:{&quot;1&quot;:2,&quot;2&quot;:16711680}}}\uee10{&quot;1&quot;:131}\uee10{&quot;1&quot;:241,&quot;2&quot;:{&quot;2&quot;:{&quot;1&quot;:2,&quot;2&quot;:16711680}}}\uee10{&quot;1&quot;:252}\">PIRULETA DE CHOCOLATE CON LECHE XOCOMON<\/span><\/p>\n<p><span data-sheets-value=\"{&quot;1&quot;:2,&quot;2&quot;:&quot;PIRULETA DE XOCOLATA AMB LLET XOCOMON Ingredients: Pasta de cacau, sucre, mantega de cacau, llet en pols emulgent: lecitina de soja, aroma natural de vainilla.\\nNO CONT\u00c9 fruits secs, cacahuet, llet, ou ni gluten, ni traces de tots ells.CONT\u00c9 SOJA i LLET\\nUna piruleta de xocolata es un luxe dels bons i si a m\u00e8s a m\u00e8s la pot menjar tothom \u00e9s fant\u00e0stic. L'hem fabricada perqu\u00e8 era una demanda vostra desde sempre. Aix\u00ed que les vostres peticions son ordes per nosaltres i aqui est\u00e0! Per a tots i per uns berenars de luxe inoblidables. Ens encanta la xocolata Xocomon i fer-vos feli\u00e7os.\\nson de 30 gr, ben equilibrades i amb un pal molt llarg. Esperem que us agradin molt. \\nEspecial per a festes d'aniversari.\\n&quot;}\" data-sheets-userformat=\"{&quot;2&quot;:899,&quot;3&quot;:{&quot;1&quot;:0},&quot;4&quot;:{&quot;1&quot;:2,&quot;2&quot;:16770457},&quot;10&quot;:0,&quot;11&quot;:4,&quot;12&quot;:0}\" data-sheets-textstyleruns=\"{&quot;1&quot;:0}\uee10{&quot;1&quot;:92,&quot;2&quot;:{&quot;2&quot;:{&quot;1&quot;:2,&quot;2&quot;:16711680}}}\uee10{&quot;1&quot;:105}\uee10{&quot;1&quot;:116,&quot;2&quot;:{&quot;2&quot;:{&quot;1&quot;:2,&quot;2&quot;:16711680}}}\uee10{&quot;1&quot;:131}\uee10{&quot;1&quot;:241,&quot;2&quot;:{&quot;2&quot;:{&quot;1&quot;:2,&quot;2&quot;:16711680}}}\uee10{&quot;1&quot;:252}\"><br \/>\nIngredientes: Pasta de cacao, az\u00facar, manteca de cacao, emulgente: lecitina de <strong><span style=\"color: #ff0000\">soja<\/span><\/strong>, <span style=\"color: #ff0000\"><strong>leche en polvo<\/strong><\/span> aroma natural de vainilla.<\/span><\/p>\n<p><span data-sheets-value=\"{&quot;1&quot;:2,&quot;2&quot;:&quot;PIRULETA DE XOCOLATA AMB LLET XOCOMON Ingredients: Pasta de cacau, sucre, mantega de cacau, llet en pols emulgent: lecitina de soja, aroma natural de vainilla.\\nNO CONT\u00c9 fruits secs, cacahuet, llet, ou ni gluten, ni traces de tots ells.CONT\u00c9 SOJA i LLET\\nUna piruleta de xocolata es un luxe dels bons i si a m\u00e8s a m\u00e8s la pot menjar tothom \u00e9s fant\u00e0stic. L'hem fabricada perqu\u00e8 era una demanda vostra desde sempre. Aix\u00ed que les vostres peticions son ordes per nosaltres i aqui est\u00e0! Per a tots i per uns berenars de luxe inoblidables. Ens encanta la xocolata Xocomon i fer-vos feli\u00e7os.\\nson de 30 gr, ben equilibrades i amb un pal molt llarg. Esperem que us agradin molt. \\nEspecial per a festes d'aniversari.\\n&quot;}\" data-sheets-userformat=\"{&quot;2&quot;:899,&quot;3&quot;:{&quot;1&quot;:0},&quot;4&quot;:{&quot;1&quot;:2,&quot;2&quot;:16770457},&quot;10&quot;:0,&quot;11&quot;:4,&quot;12&quot;:0}\" data-sheets-textstyleruns=\"{&quot;1&quot;:0}\uee10{&quot;1&quot;:92,&quot;2&quot;:{&quot;2&quot;:{&quot;1&quot;:2,&quot;2&quot;:16711680}}}\uee10{&quot;1&quot;:105}\uee10{&quot;1&quot;:116,&quot;2&quot;:{&quot;2&quot;:{&quot;1&quot;:2,&quot;2&quot;:16711680}}}\uee10{&quot;1&quot;:131}\uee10{&quot;1&quot;:241,&quot;2&quot;:{&quot;2&quot;:{&quot;1&quot;:2,&quot;2&quot;:16711680}}}\uee10{&quot;1&quot;:252}\"><br \/>\nNO CONTIENE frutos secos, cacahuete, huevo ni gluten, ni trazas de todos ellos.\u00a0<\/span><\/p>\n<p><span data-sheets-value=\"{&quot;1&quot;:2,&quot;2&quot;:&quot;PIRULETA DE XOCOLATA AMB LLET XOCOMON Ingredients: Pasta de cacau, sucre, mantega de cacau, llet en pols emulgent: lecitina de soja, aroma natural de vainilla.\\nNO CONT\u00c9 fruits secs, cacahuet, llet, ou ni gluten, ni traces de tots ells.CONT\u00c9 SOJA i LLET\\nUna piruleta de xocolata es un luxe dels bons i si a m\u00e8s a m\u00e8s la pot menjar tothom \u00e9s fant\u00e0stic. L'hem fabricada perqu\u00e8 era una demanda vostra desde sempre. Aix\u00ed que les vostres peticions son ordes per nosaltres i aqui est\u00e0! Per a tots i per uns berenars de luxe inoblidables. Ens encanta la xocolata Xocomon i fer-vos feli\u00e7os.\\nson de 30 gr, ben equilibrades i amb un pal molt llarg. Esperem que us agradin molt. \\nEspecial per a festes d'aniversari.\\n&quot;}\" data-sheets-userformat=\"{&quot;2&quot;:899,&quot;3&quot;:{&quot;1&quot;:0},&quot;4&quot;:{&quot;1&quot;:2,&quot;2&quot;:16770457},&quot;10&quot;:0,&quot;11&quot;:4,&quot;12&quot;:0}\" data-sheets-textstyleruns=\"{&quot;1&quot;:0}\uee10{&quot;1&quot;:92,&quot;2&quot;:{&quot;2&quot;:{&quot;1&quot;:2,&quot;2&quot;:16711680}}}\uee10{&quot;1&quot;:105}\uee10{&quot;1&quot;:116,&quot;2&quot;:{&quot;2&quot;:{&quot;1&quot;:2,&quot;2&quot;:16711680}}}\uee10{&quot;1&quot;:131}\uee10{&quot;1&quot;:241,&quot;2&quot;:{&quot;2&quot;:{&quot;1&quot;:2,&quot;2&quot;:16711680}}}\uee10{&quot;1&quot;:252}\"><br \/>\nUna piruleta de chocolate es un lujo de los buenos y si adem\u00e1s la pueden comer todos es fant\u00e1stico. Al final la hemos fabricado porque era una demanda vuestra desde el principio. As\u00ed que vuestras peticiones son ordenes y aqu\u00ed esta! Para todos y para una merienda de lujo. Nos encanta el chocolate Xocomon y haceros felices.<br \/>\ntienen 30 gr, bien equilibradas y con palo largo. Esperamos que os gusten.<br \/>\nEspecial para fiestas de aniversario.<br \/>\n<\/span><\/p>\n","protected":false},"featured_media":8985,"comment_status":"open","ping_status":"closed","template":"","meta":[],"product_brand":[],"product_cat":[130,28,199,202],"product_tag":[],"class_list":{"0":"post-8053","1":"product","2":"type-product","3":"status-publish","4":"has-post-thumbnail","6":"product_cat-chocolate","7":"product_cat-chocolate-con-leche","8":"product_cat-fiestas","9":"product_cat-chocolate-con-leche-fiestas","10":"tm-has-options","12":"first","13":"instock","14":"taxable","15":"shipping-taxable","16":"purchasable","17":"product-type-simple"},"yoast_head":"<!-- This site is optimized with the Yoast SEO plugin v26.7 - https:\/\/yoast.com\/wordpress\/plugins\/seo\/ -->\n<title>PIRULETA chocolate con leche - Xocomon<\/title>\n<meta name=\"description\" content=\"PIRULETA chocolate con leche, Ingredientes: Pasta de cacao, az\u00facar, manteca de cacao, emulgente: lecitina de soja, leche en polvo aroma natural de vainilla.\" \/>\n<meta name=\"robots\" content=\"index, follow, max-snippet:-1, max-image-preview:large, max-video-preview:-1\" \/>\n<link rel=\"canonical\" href=\"https:\/\/xocomon.com\/producto\/piruleta-xocolata-amb-llet\/\" \/>\n<meta property=\"og:locale\" content=\"es_ES\" \/>\n<meta property=\"og:type\" content=\"article\" \/>\n<meta property=\"og:title\" content=\"PIRULETA chocolate con leche - Xocomon\" \/>\n<meta property=\"og:description\" content=\"PIRULETA chocolate con leche, Ingredientes: Pasta de cacao, az\u00facar, manteca de cacao, emulgente: lecitina de soja, leche en polvo aroma natural de vainilla.\" \/>\n<meta property=\"og:url\" content=\"https:\/\/xocomon.com\/producto\/piruleta-xocolata-amb-llet\/\" \/>\n<meta property=\"og:site_name\" content=\"Xocomon\" \/>\n<meta property=\"article:publisher\" content=\"https:\/\/www.facebook.com\/xocomon\/\" \/>\n<meta property=\"article:modified_time\" content=\"2026-04-10T21:12:46+00:00\" \/>\n<meta property=\"og:image\" content=\"https:\/\/xocomon.com\/wp-content\/uploads\/2020\/11\/XOCOMON-29-min.jpg\" \/>\n\t<meta property=\"og:image:width\" content=\"1000\" \/>\n\t<meta property=\"og:image:height\" content=\"858\" \/>\n\t<meta property=\"og:image:type\" content=\"image\/jpeg\" \/>\n<meta name=\"twitter:card\" content=\"summary_large_image\" \/>\n<meta name=\"twitter:label1\" content=\"Tiempo de lectura\" \/>\n\t<meta name=\"twitter:data1\" content=\"1 minuto\" \/>\n<script type=\"application\/ld+json\" class=\"yoast-schema-graph\">{\"@context\":\"https:\/\/schema.org\",\"@graph\":[{\"@type\":\"WebPage\",\"@id\":\"https:\/\/xocomon.com\/producto\/piruleta-xocolata-amb-llet\/\",\"url\":\"https:\/\/xocomon.com\/producto\/piruleta-xocolata-amb-llet\/\",\"name\":\"PIRULETA chocolate con leche - Xocomon\",\"isPartOf\":{\"@id\":\"https:\/\/xocomon.com\/#website\"},\"primaryImageOfPage\":{\"@id\":\"https:\/\/xocomon.com\/producto\/piruleta-xocolata-amb-llet\/#primaryimage\"},\"image\":{\"@id\":\"https:\/\/xocomon.com\/producto\/piruleta-xocolata-amb-llet\/#primaryimage\"},\"thumbnailUrl\":\"https:\/\/xocomon.com\/wp-content\/uploads\/2020\/11\/XOCOMON-29-min.jpg\",\"datePublished\":\"2020-03-06T11:46:54+00:00\",\"dateModified\":\"2026-04-10T21:12:46+00:00\",\"description\":\"PIRULETA chocolate con leche, Ingredientes: Pasta de cacao, az\u00facar, manteca de cacao, emulgente: lecitina de soja, leche en polvo aroma natural de vainilla.\",\"breadcrumb\":{\"@id\":\"https:\/\/xocomon.com\/producto\/piruleta-xocolata-amb-llet\/#breadcrumb\"},\"inLanguage\":\"es\",\"potentialAction\":[{\"@type\":\"ReadAction\",\"target\":[\"https:\/\/xocomon.com\/producto\/piruleta-xocolata-amb-llet\/\"]}]},{\"@type\":\"ImageObject\",\"inLanguage\":\"es\",\"@id\":\"https:\/\/xocomon.com\/producto\/piruleta-xocolata-amb-llet\/#primaryimage\",\"url\":\"https:\/\/xocomon.com\/wp-content\/uploads\/2020\/11\/XOCOMON-29-min.jpg\",\"contentUrl\":\"https:\/\/xocomon.com\/wp-content\/uploads\/2020\/11\/XOCOMON-29-min.jpg\",\"width\":1000,\"height\":858},{\"@type\":\"BreadcrumbList\",\"@id\":\"https:\/\/xocomon.com\/producto\/piruleta-xocolata-amb-llet\/#breadcrumb\",\"itemListElement\":[{\"@type\":\"ListItem\",\"position\":1,\"name\":\"Portada\",\"item\":\"https:\/\/xocomon.com\/es\/\"},{\"@type\":\"ListItem\",\"position\":2,\"name\":\"Tienda\",\"item\":\"https:\/\/xocomon.com\/es\/tienda\/\"},{\"@type\":\"ListItem\",\"position\":3,\"name\":\"PIRULETA chocolate con leche\"}]},{\"@type\":\"WebSite\",\"@id\":\"https:\/\/xocomon.com\/#website\",\"url\":\"https:\/\/xocomon.com\/\",\"name\":\"Xocomon\",\"description\":\"\",\"potentialAction\":[{\"@type\":\"SearchAction\",\"target\":{\"@type\":\"EntryPoint\",\"urlTemplate\":\"https:\/\/xocomon.com\/?s={search_term_string}\"},\"query-input\":{\"@type\":\"PropertyValueSpecification\",\"valueRequired\":true,\"valueName\":\"search_term_string\"}}],\"inLanguage\":\"es\"}]}<\/script>\n<!-- \/ Yoast SEO plugin. -->","yoast_head_json":{"title":"PIRULETA chocolate con leche - Xocomon","description":"PIRULETA chocolate con leche, Ingredientes: Pasta de cacao, az\u00facar, manteca de cacao, emulgente: lecitina de soja, leche en polvo aroma natural de vainilla.","robots":{"index":"index","follow":"follow","max-snippet":"max-snippet:-1","max-image-preview":"max-image-preview:large","max-video-preview":"max-video-preview:-1"},"canonical":"https:\/\/xocomon.com\/producto\/piruleta-xocolata-amb-llet\/","og_locale":"es_ES","og_type":"article","og_title":"PIRULETA chocolate con leche - Xocomon","og_description":"PIRULETA chocolate con leche, Ingredientes: Pasta de cacao, az\u00facar, manteca de cacao, emulgente: lecitina de soja, leche en polvo aroma natural de vainilla.","og_url":"https:\/\/xocomon.com\/producto\/piruleta-xocolata-amb-llet\/","og_site_name":"Xocomon","article_publisher":"https:\/\/www.facebook.com\/xocomon\/","article_modified_time":"2026-04-10T21:12:46+00:00","og_image":[{"width":1000,"height":858,"url":"https:\/\/xocomon.com\/wp-content\/uploads\/2020\/11\/XOCOMON-29-min.jpg","type":"image\/jpeg"}],"twitter_card":"summary_large_image","twitter_misc":{"Tiempo de lectura":"1 minuto"},"schema":{"@context":"https:\/\/schema.org","@graph":[{"@type":"WebPage","@id":"https:\/\/xocomon.com\/producto\/piruleta-xocolata-amb-llet\/","url":"https:\/\/xocomon.com\/producto\/piruleta-xocolata-amb-llet\/","name":"PIRULETA chocolate con leche - Xocomon","isPartOf":{"@id":"https:\/\/xocomon.com\/#website"},"primaryImageOfPage":{"@id":"https:\/\/xocomon.com\/producto\/piruleta-xocolata-amb-llet\/#primaryimage"},"image":{"@id":"https:\/\/xocomon.com\/producto\/piruleta-xocolata-amb-llet\/#primaryimage"},"thumbnailUrl":"https:\/\/xocomon.com\/wp-content\/uploads\/2020\/11\/XOCOMON-29-min.jpg","datePublished":"2020-03-06T11:46:54+00:00","dateModified":"2026-04-10T21:12:46+00:00","description":"PIRULETA chocolate con leche, Ingredientes: Pasta de cacao, az\u00facar, manteca de cacao, emulgente: lecitina de soja, leche en polvo aroma natural de vainilla.","breadcrumb":{"@id":"https:\/\/xocomon.com\/producto\/piruleta-xocolata-amb-llet\/#breadcrumb"},"inLanguage":"es","potentialAction":[{"@type":"ReadAction","target":["https:\/\/xocomon.com\/producto\/piruleta-xocolata-amb-llet\/"]}]},{"@type":"ImageObject","inLanguage":"es","@id":"https:\/\/xocomon.com\/producto\/piruleta-xocolata-amb-llet\/#primaryimage","url":"https:\/\/xocomon.com\/wp-content\/uploads\/2020\/11\/XOCOMON-29-min.jpg","contentUrl":"https:\/\/xocomon.com\/wp-content\/uploads\/2020\/11\/XOCOMON-29-min.jpg","width":1000,"height":858},{"@type":"BreadcrumbList","@id":"https:\/\/xocomon.com\/producto\/piruleta-xocolata-amb-llet\/#breadcrumb","itemListElement":[{"@type":"ListItem","position":1,"name":"Portada","item":"https:\/\/xocomon.com\/es\/"},{"@type":"ListItem","position":2,"name":"Tienda","item":"https:\/\/xocomon.com\/es\/tienda\/"},{"@type":"ListItem","position":3,"name":"PIRULETA chocolate con leche"}]},{"@type":"WebSite","@id":"https:\/\/xocomon.com\/#website","url":"https:\/\/xocomon.com\/","name":"Xocomon","description":"","potentialAction":[{"@type":"SearchAction","target":{"@type":"EntryPoint","urlTemplate":"https:\/\/xocomon.com\/?s={search_term_string}"},"query-input":{"@type":"PropertyValueSpecification","valueRequired":true,"valueName":"search_term_string"}}],"inLanguage":"es"}]}},"tiered_pricing_type":"fixed","tiered_pricing_fixed_rules":{"10":1.57,"30":1.48},"tiered_pricing_product_settings":{"layout":"default","base_unit_name":{"singular":null,"plural":null},"default_variation":null},"tiered_pricing_minimum_quantity":null,"tiered_pricing_roles_data":[],"tiered_pricing_percentage_rules":[],"_links":{"self":[{"href":"https:\/\/xocomon.com\/es\/wp-json\/wp\/v2\/product\/8053","targetHints":{"allow":["GET"]}}],"collection":[{"href":"https:\/\/xocomon.com\/es\/wp-json\/wp\/v2\/product"}],"about":[{"href":"https:\/\/xocomon.com\/es\/wp-json\/wp\/v2\/types\/product"}],"replies":[{"embeddable":true,"href":"https:\/\/xocomon.com\/es\/wp-json\/wp\/v2\/comments?post=8053"}],"wp:featuredmedia":[{"embeddable":true,"href":"https:\/\/xocomon.com\/es\/wp-json\/wp\/v2\/media\/8985"}],"wp:attachment":[{"href":"https:\/\/xocomon.com\/es\/wp-json\/wp\/v2\/media?parent=8053"}],"wp:term":[{"taxonomy":"product_brand","embeddable":true,"href":"https:\/\/xocomon.com\/es\/wp-json\/wp\/v2\/product_brand?post=8053"},{"taxonomy":"product_cat","embeddable":true,"href":"https:\/\/xocomon.com\/es\/wp-json\/wp\/v2\/product_cat?post=8053"},{"taxonomy":"product_tag","embeddable":true,"href":"https:\/\/xocomon.com\/es\/wp-json\/wp\/v2\/product_tag?post=8053"}],"curies":[{"name":"wp","href":"https:\/\/api.w.org\/{rel}","templated":true}]}}