{"id":6722,"date":"2019-07-10T08:45:39","date_gmt":"2019-07-10T07:45:39","guid":{"rendered":"https:\/\/xocomon.com\/product\/turron-de-chocolate-negro-crujiente\/"},"modified":"2026-04-14T13:22:10","modified_gmt":"2026-04-14T12:22:10","slug":"turron-de-chocolate-negro-crujiente","status":"publish","type":"product","link":"https:\/\/xocomon.com\/es\/producto\/turron-de-chocolate-negro-crujiente\/","title":{"rendered":"Turr\u00f3n de chocolate negro CRUJIENTE"},"content":{"rendered":"<p>TURR\u00d3N de chocolate negro Xocomon y cereales crujientes.<\/p>\n<p>Un turr\u00f3n artesano, hecho a mano, uno a uno, con la m\u00e1xima seguridad alimentaria tal como nos caracteriza. Es un turr\u00f3n de 185g. De chocolate negro xocomon crujiente.<\/p>\n<p>Apto para veganos y vegetarianos.<\/p>\n<p>Ingredientes: pasta de cacao az\u00facar, manteca de cacao, aceite de oliva, s\u00e9mola de ma\u00edz, cacao en polvo\u00a0\u00a0 emulgente: lecitina , sal yodada, aroma natural de vainilla<\/p>\n<p>Producida de forma artesanal por nuestra maestra chocolatera en moldes y m\u00e1quina donde s\u00f3lo se fabrica este chocolate. Hemos puesto los cereales uno a uno para dar una textura crujiente uniforme e \u00fanica.<\/p>\n<p>Esperamos que disfrute mucho de la NAVIDAD con Xocomon y que nos mande fotos para compartir con nosotros la alegr\u00eda de ser como todo el mundo.<br \/>\nFeliz Navidad<\/p>\n","protected":false},"excerpt":{"rendered":"<p>Turr\u00f3n de chocolate negro CRUJIENTE 185gr.<\/p>\n<p>Ingredientes:<\/p>\n<p>Pasta de cacao, az\u00facar, manteca de cacao, aceite de oliva, s\u00e9mola de ma\u00edz, cacao en polvo, sal yodada.<\/p>\n<p>apto para veganos y vegetarianos.<\/p>\n","protected":false},"featured_media":21896,"comment_status":"open","ping_status":"closed","template":"","meta":[],"product_brand":[],"product_cat":[1133,149,186],"product_tag":[],"class_list":{"0":"post-6722","1":"product","2":"type-product","3":"status-publish","4":"has-post-thumbnail","6":"product_cat-ofertas-outlet","7":"product_cat-navidad","8":"product_cat-chocolate-negro-navidad","9":"tm-has-options","11":"first","12":"instock","13":"sale","14":"taxable","15":"shipping-taxable","16":"purchasable","17":"product-type-simple"},"yoast_head":"<!-- This site is optimized with the Yoast SEO plugin v26.7 - https:\/\/yoast.com\/wordpress\/plugins\/seo\/ -->\n<title>Turr\u00f3n de chocolate negro CRUJIENTE - Xocomon<\/title>\n<meta name=\"description\" content=\"turr\u00f3n sin alergenos, aptos todas las personas, exquisito, chocolate belga xocomon, artesano, obradores seguros en matar\u00f3.\" \/>\n<meta name=\"robots\" content=\"index, follow, max-snippet:-1, max-image-preview:large, max-video-preview:-1\" \/>\n<link rel=\"canonical\" href=\"https:\/\/xocomon.com\/es\/producto\/turron-de-chocolate-negro-crujiente\/\" \/>\n<meta property=\"og:locale\" content=\"es_ES\" \/>\n<meta property=\"og:type\" content=\"article\" \/>\n<meta property=\"og:title\" content=\"Turr\u00f3n de chocolate negro CRUJIENTE - Xocomon\" \/>\n<meta property=\"og:description\" content=\"turr\u00f3n sin alergenos, aptos todas las personas, exquisito, chocolate belga xocomon, artesano, obradores seguros en matar\u00f3.\" \/>\n<meta property=\"og:url\" content=\"https:\/\/xocomon.com\/es\/producto\/turron-de-chocolate-negro-crujiente\/\" \/>\n<meta property=\"og:site_name\" content=\"Xocomon\" \/>\n<meta property=\"article:publisher\" content=\"https:\/\/www.facebook.com\/xocomon\/\" \/>\n<meta property=\"article:modified_time\" content=\"2026-04-14T12:22:10+00:00\" \/>\n<meta property=\"og:image\" content=\"https:\/\/xocomon.com\/wp-content\/uploads\/2024\/10\/Diseno-sin-titulo-27.png\" \/>\n\t<meta property=\"og:image:width\" content=\"1080\" \/>\n\t<meta property=\"og:image:height\" content=\"1080\" \/>\n\t<meta property=\"og:image:type\" content=\"image\/png\" \/>\n<meta name=\"twitter:card\" content=\"summary_large_image\" \/>\n<meta name=\"twitter:label1\" content=\"Tiempo de lectura\" \/>\n\t<meta name=\"twitter:data1\" content=\"1 minuto\" \/>\n<script type=\"application\/ld+json\" class=\"yoast-schema-graph\">{\"@context\":\"https:\/\/schema.org\",\"@graph\":[{\"@type\":\"WebPage\",\"@id\":\"https:\/\/xocomon.com\/es\/producto\/turron-de-chocolate-negro-crujiente\/\",\"url\":\"https:\/\/xocomon.com\/es\/producto\/turron-de-chocolate-negro-crujiente\/\",\"name\":\"Turr\u00f3n de chocolate negro CRUJIENTE - Xocomon\",\"isPartOf\":{\"@id\":\"https:\/\/xocomon.com\/#website\"},\"primaryImageOfPage\":{\"@id\":\"https:\/\/xocomon.com\/es\/producto\/turron-de-chocolate-negro-crujiente\/#primaryimage\"},\"image\":{\"@id\":\"https:\/\/xocomon.com\/es\/producto\/turron-de-chocolate-negro-crujiente\/#primaryimage\"},\"thumbnailUrl\":\"https:\/\/xocomon.com\/wp-content\/uploads\/2024\/10\/Diseno-sin-titulo-27.png\",\"datePublished\":\"2019-07-10T07:45:39+00:00\",\"dateModified\":\"2026-04-14T12:22:10+00:00\",\"description\":\"turr\u00f3n sin alergenos, aptos todas las personas, exquisito, chocolate belga xocomon, artesano, obradores seguros en matar\u00f3.\",\"breadcrumb\":{\"@id\":\"https:\/\/xocomon.com\/es\/producto\/turron-de-chocolate-negro-crujiente\/#breadcrumb\"},\"inLanguage\":\"es\",\"potentialAction\":[{\"@type\":\"ReadAction\",\"target\":[\"https:\/\/xocomon.com\/es\/producto\/turron-de-chocolate-negro-crujiente\/\"]}]},{\"@type\":\"ImageObject\",\"inLanguage\":\"es\",\"@id\":\"https:\/\/xocomon.com\/es\/producto\/turron-de-chocolate-negro-crujiente\/#primaryimage\",\"url\":\"https:\/\/xocomon.com\/wp-content\/uploads\/2024\/10\/Diseno-sin-titulo-27.png\",\"contentUrl\":\"https:\/\/xocomon.com\/wp-content\/uploads\/2024\/10\/Diseno-sin-titulo-27.png\",\"width\":1080,\"height\":1080},{\"@type\":\"BreadcrumbList\",\"@id\":\"https:\/\/xocomon.com\/es\/producto\/turron-de-chocolate-negro-crujiente\/#breadcrumb\",\"itemListElement\":[{\"@type\":\"ListItem\",\"position\":1,\"name\":\"Portada\",\"item\":\"https:\/\/xocomon.com\/es\/\"},{\"@type\":\"ListItem\",\"position\":2,\"name\":\"Tienda\",\"item\":\"https:\/\/xocomon.com\/es\/tienda\/\"},{\"@type\":\"ListItem\",\"position\":3,\"name\":\"Turr\u00f3n de chocolate negro CRUJIENTE\"}]},{\"@type\":\"WebSite\",\"@id\":\"https:\/\/xocomon.com\/#website\",\"url\":\"https:\/\/xocomon.com\/\",\"name\":\"Xocomon\",\"description\":\"\",\"potentialAction\":[{\"@type\":\"SearchAction\",\"target\":{\"@type\":\"EntryPoint\",\"urlTemplate\":\"https:\/\/xocomon.com\/?s={search_term_string}\"},\"query-input\":{\"@type\":\"PropertyValueSpecification\",\"valueRequired\":true,\"valueName\":\"search_term_string\"}}],\"inLanguage\":\"es\"}]}<\/script>\n<!-- \/ Yoast SEO plugin. -->","yoast_head_json":{"title":"Turr\u00f3n de chocolate negro CRUJIENTE - Xocomon","description":"turr\u00f3n sin alergenos, aptos todas las personas, exquisito, chocolate belga xocomon, artesano, obradores seguros en matar\u00f3.","robots":{"index":"index","follow":"follow","max-snippet":"max-snippet:-1","max-image-preview":"max-image-preview:large","max-video-preview":"max-video-preview:-1"},"canonical":"https:\/\/xocomon.com\/es\/producto\/turron-de-chocolate-negro-crujiente\/","og_locale":"es_ES","og_type":"article","og_title":"Turr\u00f3n de chocolate negro CRUJIENTE - Xocomon","og_description":"turr\u00f3n sin alergenos, aptos todas las personas, exquisito, chocolate belga xocomon, artesano, obradores seguros en matar\u00f3.","og_url":"https:\/\/xocomon.com\/es\/producto\/turron-de-chocolate-negro-crujiente\/","og_site_name":"Xocomon","article_publisher":"https:\/\/www.facebook.com\/xocomon\/","article_modified_time":"2026-04-14T12:22:10+00:00","og_image":[{"width":1080,"height":1080,"url":"https:\/\/xocomon.com\/wp-content\/uploads\/2024\/10\/Diseno-sin-titulo-27.png","type":"image\/png"}],"twitter_card":"summary_large_image","twitter_misc":{"Tiempo de lectura":"1 minuto"},"schema":{"@context":"https:\/\/schema.org","@graph":[{"@type":"WebPage","@id":"https:\/\/xocomon.com\/es\/producto\/turron-de-chocolate-negro-crujiente\/","url":"https:\/\/xocomon.com\/es\/producto\/turron-de-chocolate-negro-crujiente\/","name":"Turr\u00f3n de chocolate negro CRUJIENTE - Xocomon","isPartOf":{"@id":"https:\/\/xocomon.com\/#website"},"primaryImageOfPage":{"@id":"https:\/\/xocomon.com\/es\/producto\/turron-de-chocolate-negro-crujiente\/#primaryimage"},"image":{"@id":"https:\/\/xocomon.com\/es\/producto\/turron-de-chocolate-negro-crujiente\/#primaryimage"},"thumbnailUrl":"https:\/\/xocomon.com\/wp-content\/uploads\/2024\/10\/Diseno-sin-titulo-27.png","datePublished":"2019-07-10T07:45:39+00:00","dateModified":"2026-04-14T12:22:10+00:00","description":"turr\u00f3n sin alergenos, aptos todas las personas, exquisito, chocolate belga xocomon, artesano, obradores seguros en matar\u00f3.","breadcrumb":{"@id":"https:\/\/xocomon.com\/es\/producto\/turron-de-chocolate-negro-crujiente\/#breadcrumb"},"inLanguage":"es","potentialAction":[{"@type":"ReadAction","target":["https:\/\/xocomon.com\/es\/producto\/turron-de-chocolate-negro-crujiente\/"]}]},{"@type":"ImageObject","inLanguage":"es","@id":"https:\/\/xocomon.com\/es\/producto\/turron-de-chocolate-negro-crujiente\/#primaryimage","url":"https:\/\/xocomon.com\/wp-content\/uploads\/2024\/10\/Diseno-sin-titulo-27.png","contentUrl":"https:\/\/xocomon.com\/wp-content\/uploads\/2024\/10\/Diseno-sin-titulo-27.png","width":1080,"height":1080},{"@type":"BreadcrumbList","@id":"https:\/\/xocomon.com\/es\/producto\/turron-de-chocolate-negro-crujiente\/#breadcrumb","itemListElement":[{"@type":"ListItem","position":1,"name":"Portada","item":"https:\/\/xocomon.com\/es\/"},{"@type":"ListItem","position":2,"name":"Tienda","item":"https:\/\/xocomon.com\/es\/tienda\/"},{"@type":"ListItem","position":3,"name":"Turr\u00f3n de chocolate negro CRUJIENTE"}]},{"@type":"WebSite","@id":"https:\/\/xocomon.com\/#website","url":"https:\/\/xocomon.com\/","name":"Xocomon","description":"","potentialAction":[{"@type":"SearchAction","target":{"@type":"EntryPoint","urlTemplate":"https:\/\/xocomon.com\/?s={search_term_string}"},"query-input":{"@type":"PropertyValueSpecification","valueRequired":true,"valueName":"search_term_string"}}],"inLanguage":"es"}]}},"tiered_pricing_type":"fixed","tiered_pricing_fixed_rules":{"6":13.18},"tiered_pricing_product_settings":{"layout":"default","base_unit_name":{"singular":null,"plural":null},"default_variation":null},"tiered_pricing_minimum_quantity":null,"tiered_pricing_roles_data":[],"tiered_pricing_percentage_rules":[],"_links":{"self":[{"href":"https:\/\/xocomon.com\/es\/wp-json\/wp\/v2\/product\/6722","targetHints":{"allow":["GET"]}}],"collection":[{"href":"https:\/\/xocomon.com\/es\/wp-json\/wp\/v2\/product"}],"about":[{"href":"https:\/\/xocomon.com\/es\/wp-json\/wp\/v2\/types\/product"}],"replies":[{"embeddable":true,"href":"https:\/\/xocomon.com\/es\/wp-json\/wp\/v2\/comments?post=6722"}],"wp:featuredmedia":[{"embeddable":true,"href":"https:\/\/xocomon.com\/es\/wp-json\/wp\/v2\/media\/21896"}],"wp:attachment":[{"href":"https:\/\/xocomon.com\/es\/wp-json\/wp\/v2\/media?parent=6722"}],"wp:term":[{"taxonomy":"product_brand","embeddable":true,"href":"https:\/\/xocomon.com\/es\/wp-json\/wp\/v2\/product_brand?post=6722"},{"taxonomy":"product_cat","embeddable":true,"href":"https:\/\/xocomon.com\/es\/wp-json\/wp\/v2\/product_cat?post=6722"},{"taxonomy":"product_tag","embeddable":true,"href":"https:\/\/xocomon.com\/es\/wp-json\/wp\/v2\/product_tag?post=6722"}],"curies":[{"name":"wp","href":"https:\/\/api.w.org\/{rel}","templated":true}]}}