{"id":6323,"date":"2019-03-11T09:23:43","date_gmt":"2019-03-11T08:23:43","guid":{"rendered":"https:\/\/xocomon.com\/product\/piezas-de-lego-apilables-de-chocolate-con-leche\/"},"modified":"2026-04-09T14:26:02","modified_gmt":"2026-04-09T13:26:02","slug":"piezas-apilables-de-chocolate-con-leche","status":"publish","type":"product","link":"https:\/\/xocomon.com\/es\/producto\/piezas-apilables-de-chocolate-con-leche\/","title":{"rendered":"Piezas apilables de chocolate con leche 150gr"},"content":{"rendered":"<p>Piezas apilables de chocolate con leche 150gr<\/p>\n<p>No contiene trazas ni frutos secos, sin gluten, sin cacahuete, ni huevo.<\/p>\n<p>\u00a1As\u00ed, aparte de los al\u00e9rgicos a los frutos secos, pueden comer tambi\u00e9n los vegetarianos, ya que los fabricamos artesanalmente uno a uno!<br \/>\nEs un chocolate belga, buen\u00edsima para peque\u00f1os y mayores.<br \/>\nProducidos uno a uno ARTESANALMENTE por nuestra experta chocolatera, en moldes especiales donde s\u00f3lo se fabrica nuestro chocolate y en un obrador seguro.<br \/>\nMuchas gracias por comprar Xocomon.<br \/>\nTenemos a su disposici\u00f3n las fichas t\u00e9cnicas de todos nuestros productos y los an\u00e1lisis de los chocolates empleados<\/p>\n","protected":false},"excerpt":{"rendered":"<p><strong>Piezas apilables de chocolate con leche 150gr.<\/strong><\/p>\n<p>24 PIEZAS APILABLES (150 GR) &#8211; CHOCOLATE CON LECHE.<\/p>\n<p><span style=\"text-decoration: underline\">Contenido<\/span>: piezas grandes, medianas y peque\u00f1as. 24 unidades aproximadamente. Se apilan entre ellas<\/p>\n<h4>Ingredientes:<\/h4>\n<ul>\n<li>Pasta de cacao.<\/li>\n<li>Az\u00facar.<\/li>\n<li><strong>Leche en polvo.<\/strong><\/li>\n<li>Manteca de cacao.<\/li>\n<li>Emulgente: <strong>lecitina de soja.<\/strong><\/li>\n<li>Aroma natural de vainilla.<\/li>\n<\/ul>\n<p><strong>CONTIENE SOJA Y LECHE.<\/strong><\/p>\n<p>Nos encanta el juego de piezas apilables, en casa es uno de los juegos preferidos de Cesc y Cl\u00e0udia \u00bfas\u00ed que porqu\u00e9 no hacer en chocolate estas figuras?<\/p>\n<p>Hemos hecho el formato del brick apilable y vac\u00edo por dentro para que su tama\u00f1o sea el \u00f3ptimo para comer un poco de chocolate, pero no demasiado.<\/p>\n<p>Bien equilibrado y buen\u00edsimo. Simplemente hay que dejar volar la imaginaci\u00f3n y permitir que nazcan m\u00faltiples ideas creativas durante el juego.<br \/>\nEspecial para fiestas de aniversario.<\/p>\n<img loading=\"lazy\" decoding=\"async\" class=\"size-full wp-image-20848 alignnone\" src=\"https:\/\/xocomon.com\/wp-content\/uploads\/2024\/04\/icons-con-leche.png\" alt=\"\" width=\"307\" height=\"81\" \/>\n<p>&nbsp;<\/p>\n","protected":false},"featured_media":24439,"comment_status":"open","ping_status":"closed","template":"","meta":[],"product_brand":[],"product_cat":[130,28,199,202],"product_tag":[],"class_list":{"0":"post-6323","1":"product","2":"type-product","3":"status-publish","4":"has-post-thumbnail","6":"product_cat-chocolate","7":"product_cat-chocolate-con-leche","8":"product_cat-fiestas","9":"product_cat-chocolate-con-leche-fiestas","10":"tm-has-options","12":"first","13":"instock","14":"taxable","15":"shipping-taxable","16":"purchasable","17":"product-type-simple"},"yoast_head":"<!-- This site is optimized with the Yoast SEO plugin v26.7 - https:\/\/yoast.com\/wordpress\/plugins\/seo\/ -->\n<title>Piezas apilables de chocolate con leche 150gr - Xocomon<\/title>\n<meta name=\"description\" content=\"Piezas de Lego apilables de chocolate con leche 150gr, ingredientes: pasta de cacao, az\u00facar, manteca de cacao, leche, lecitina de soja, aroma\" \/>\n<meta name=\"robots\" content=\"index, follow, max-snippet:-1, max-image-preview:large, max-video-preview:-1\" \/>\n<link rel=\"canonical\" href=\"https:\/\/xocomon.com\/producto\/peces-de-lego-apilables-xocolata-amb-llet\/\" \/>\n<meta property=\"og:locale\" content=\"es_ES\" \/>\n<meta property=\"og:type\" content=\"article\" \/>\n<meta property=\"og:title\" content=\"Piezas apilables de chocolate con leche 150gr - Xocomon\" \/>\n<meta property=\"og:description\" content=\"Piezas de Lego apilables de chocolate con leche 150gr, ingredientes: pasta de cacao, az\u00facar, manteca de cacao, leche, lecitina de soja, aroma\" \/>\n<meta property=\"og:url\" content=\"https:\/\/xocomon.com\/producto\/peces-de-lego-apilables-xocolata-amb-llet\/\" \/>\n<meta property=\"og:site_name\" content=\"Xocomon\" \/>\n<meta property=\"article:publisher\" content=\"https:\/\/www.facebook.com\/xocomon\/\" \/>\n<meta property=\"article:modified_time\" content=\"2026-04-09T13:26:02+00:00\" \/>\n<meta property=\"og:image\" content=\"https:\/\/xocomon.com\/wp-content\/uploads\/2019\/03\/FOTO-LEGO-LECHE-XOCOMON-min.jpg\" \/>\n\t<meta property=\"og:image:width\" content=\"493\" \/>\n\t<meta property=\"og:image:height\" content=\"657\" \/>\n\t<meta property=\"og:image:type\" content=\"image\/jpeg\" \/>\n<meta name=\"twitter:card\" content=\"summary_large_image\" \/>\n<meta name=\"twitter:label1\" content=\"Tiempo de lectura\" \/>\n\t<meta name=\"twitter:data1\" content=\"1 minuto\" \/>\n<script type=\"application\/ld+json\" class=\"yoast-schema-graph\">{\"@context\":\"https:\/\/schema.org\",\"@graph\":[{\"@type\":\"WebPage\",\"@id\":\"https:\/\/xocomon.com\/producto\/peces-de-lego-apilables-xocolata-amb-llet\/\",\"url\":\"https:\/\/xocomon.com\/producto\/peces-de-lego-apilables-xocolata-amb-llet\/\",\"name\":\"Piezas apilables de chocolate con leche 150gr - Xocomon\",\"isPartOf\":{\"@id\":\"https:\/\/xocomon.com\/#website\"},\"primaryImageOfPage\":{\"@id\":\"https:\/\/xocomon.com\/producto\/peces-de-lego-apilables-xocolata-amb-llet\/#primaryimage\"},\"image\":{\"@id\":\"https:\/\/xocomon.com\/producto\/peces-de-lego-apilables-xocolata-amb-llet\/#primaryimage\"},\"thumbnailUrl\":\"https:\/\/xocomon.com\/wp-content\/uploads\/2019\/03\/FOTO-LEGO-LECHE-XOCOMON-min.jpg\",\"datePublished\":\"2019-03-11T08:23:43+00:00\",\"dateModified\":\"2026-04-09T13:26:02+00:00\",\"description\":\"Piezas de Lego apilables de chocolate con leche 150gr, ingredientes: pasta de cacao, az\u00facar, manteca de cacao, leche, lecitina de soja, aroma\",\"breadcrumb\":{\"@id\":\"https:\/\/xocomon.com\/producto\/peces-de-lego-apilables-xocolata-amb-llet\/#breadcrumb\"},\"inLanguage\":\"es\",\"potentialAction\":[{\"@type\":\"ReadAction\",\"target\":[\"https:\/\/xocomon.com\/producto\/peces-de-lego-apilables-xocolata-amb-llet\/\"]}]},{\"@type\":\"ImageObject\",\"inLanguage\":\"es\",\"@id\":\"https:\/\/xocomon.com\/producto\/peces-de-lego-apilables-xocolata-amb-llet\/#primaryimage\",\"url\":\"https:\/\/xocomon.com\/wp-content\/uploads\/2019\/03\/FOTO-LEGO-LECHE-XOCOMON-min.jpg\",\"contentUrl\":\"https:\/\/xocomon.com\/wp-content\/uploads\/2019\/03\/FOTO-LEGO-LECHE-XOCOMON-min.jpg\",\"width\":493,\"height\":657},{\"@type\":\"BreadcrumbList\",\"@id\":\"https:\/\/xocomon.com\/producto\/peces-de-lego-apilables-xocolata-amb-llet\/#breadcrumb\",\"itemListElement\":[{\"@type\":\"ListItem\",\"position\":1,\"name\":\"Portada\",\"item\":\"https:\/\/xocomon.com\/es\/\"},{\"@type\":\"ListItem\",\"position\":2,\"name\":\"Tienda\",\"item\":\"https:\/\/xocomon.com\/es\/tienda\/\"},{\"@type\":\"ListItem\",\"position\":3,\"name\":\"Piezas apilables de chocolate con leche 150gr\"}]},{\"@type\":\"WebSite\",\"@id\":\"https:\/\/xocomon.com\/#website\",\"url\":\"https:\/\/xocomon.com\/\",\"name\":\"Xocomon\",\"description\":\"\",\"potentialAction\":[{\"@type\":\"SearchAction\",\"target\":{\"@type\":\"EntryPoint\",\"urlTemplate\":\"https:\/\/xocomon.com\/?s={search_term_string}\"},\"query-input\":{\"@type\":\"PropertyValueSpecification\",\"valueRequired\":true,\"valueName\":\"search_term_string\"}}],\"inLanguage\":\"es\"}]}<\/script>\n<!-- \/ Yoast SEO plugin. -->","yoast_head_json":{"title":"Piezas apilables de chocolate con leche 150gr - Xocomon","description":"Piezas de Lego apilables de chocolate con leche 150gr, ingredientes: pasta de cacao, az\u00facar, manteca de cacao, leche, lecitina de soja, aroma","robots":{"index":"index","follow":"follow","max-snippet":"max-snippet:-1","max-image-preview":"max-image-preview:large","max-video-preview":"max-video-preview:-1"},"canonical":"https:\/\/xocomon.com\/producto\/peces-de-lego-apilables-xocolata-amb-llet\/","og_locale":"es_ES","og_type":"article","og_title":"Piezas apilables de chocolate con leche 150gr - Xocomon","og_description":"Piezas de Lego apilables de chocolate con leche 150gr, ingredientes: pasta de cacao, az\u00facar, manteca de cacao, leche, lecitina de soja, aroma","og_url":"https:\/\/xocomon.com\/producto\/peces-de-lego-apilables-xocolata-amb-llet\/","og_site_name":"Xocomon","article_publisher":"https:\/\/www.facebook.com\/xocomon\/","article_modified_time":"2026-04-09T13:26:02+00:00","og_image":[{"width":493,"height":657,"url":"https:\/\/xocomon.com\/wp-content\/uploads\/2019\/03\/FOTO-LEGO-LECHE-XOCOMON-min.jpg","type":"image\/jpeg"}],"twitter_card":"summary_large_image","twitter_misc":{"Tiempo de lectura":"1 minuto"},"schema":{"@context":"https:\/\/schema.org","@graph":[{"@type":"WebPage","@id":"https:\/\/xocomon.com\/producto\/peces-de-lego-apilables-xocolata-amb-llet\/","url":"https:\/\/xocomon.com\/producto\/peces-de-lego-apilables-xocolata-amb-llet\/","name":"Piezas apilables de chocolate con leche 150gr - Xocomon","isPartOf":{"@id":"https:\/\/xocomon.com\/#website"},"primaryImageOfPage":{"@id":"https:\/\/xocomon.com\/producto\/peces-de-lego-apilables-xocolata-amb-llet\/#primaryimage"},"image":{"@id":"https:\/\/xocomon.com\/producto\/peces-de-lego-apilables-xocolata-amb-llet\/#primaryimage"},"thumbnailUrl":"https:\/\/xocomon.com\/wp-content\/uploads\/2019\/03\/FOTO-LEGO-LECHE-XOCOMON-min.jpg","datePublished":"2019-03-11T08:23:43+00:00","dateModified":"2026-04-09T13:26:02+00:00","description":"Piezas de Lego apilables de chocolate con leche 150gr, ingredientes: pasta de cacao, az\u00facar, manteca de cacao, leche, lecitina de soja, aroma","breadcrumb":{"@id":"https:\/\/xocomon.com\/producto\/peces-de-lego-apilables-xocolata-amb-llet\/#breadcrumb"},"inLanguage":"es","potentialAction":[{"@type":"ReadAction","target":["https:\/\/xocomon.com\/producto\/peces-de-lego-apilables-xocolata-amb-llet\/"]}]},{"@type":"ImageObject","inLanguage":"es","@id":"https:\/\/xocomon.com\/producto\/peces-de-lego-apilables-xocolata-amb-llet\/#primaryimage","url":"https:\/\/xocomon.com\/wp-content\/uploads\/2019\/03\/FOTO-LEGO-LECHE-XOCOMON-min.jpg","contentUrl":"https:\/\/xocomon.com\/wp-content\/uploads\/2019\/03\/FOTO-LEGO-LECHE-XOCOMON-min.jpg","width":493,"height":657},{"@type":"BreadcrumbList","@id":"https:\/\/xocomon.com\/producto\/peces-de-lego-apilables-xocolata-amb-llet\/#breadcrumb","itemListElement":[{"@type":"ListItem","position":1,"name":"Portada","item":"https:\/\/xocomon.com\/es\/"},{"@type":"ListItem","position":2,"name":"Tienda","item":"https:\/\/xocomon.com\/es\/tienda\/"},{"@type":"ListItem","position":3,"name":"Piezas apilables de chocolate con leche 150gr"}]},{"@type":"WebSite","@id":"https:\/\/xocomon.com\/#website","url":"https:\/\/xocomon.com\/","name":"Xocomon","description":"","potentialAction":[{"@type":"SearchAction","target":{"@type":"EntryPoint","urlTemplate":"https:\/\/xocomon.com\/?s={search_term_string}"},"query-input":{"@type":"PropertyValueSpecification","valueRequired":true,"valueName":"search_term_string"}}],"inLanguage":"es"}]}},"tiered_pricing_type":"fixed","tiered_pricing_fixed_rules":{"5":5.28},"tiered_pricing_product_settings":{"layout":"default","base_unit_name":{"singular":null,"plural":null},"default_variation":null},"tiered_pricing_minimum_quantity":null,"tiered_pricing_roles_data":[],"tiered_pricing_percentage_rules":[],"_links":{"self":[{"href":"https:\/\/xocomon.com\/es\/wp-json\/wp\/v2\/product\/6323","targetHints":{"allow":["GET"]}}],"collection":[{"href":"https:\/\/xocomon.com\/es\/wp-json\/wp\/v2\/product"}],"about":[{"href":"https:\/\/xocomon.com\/es\/wp-json\/wp\/v2\/types\/product"}],"replies":[{"embeddable":true,"href":"https:\/\/xocomon.com\/es\/wp-json\/wp\/v2\/comments?post=6323"}],"wp:featuredmedia":[{"embeddable":true,"href":"https:\/\/xocomon.com\/es\/wp-json\/wp\/v2\/media\/24439"}],"wp:attachment":[{"href":"https:\/\/xocomon.com\/es\/wp-json\/wp\/v2\/media?parent=6323"}],"wp:term":[{"taxonomy":"product_brand","embeddable":true,"href":"https:\/\/xocomon.com\/es\/wp-json\/wp\/v2\/product_brand?post=6323"},{"taxonomy":"product_cat","embeddable":true,"href":"https:\/\/xocomon.com\/es\/wp-json\/wp\/v2\/product_cat?post=6323"},{"taxonomy":"product_tag","embeddable":true,"href":"https:\/\/xocomon.com\/es\/wp-json\/wp\/v2\/product_tag?post=6323"}],"curies":[{"name":"wp","href":"https:\/\/api.w.org\/{rel}","templated":true}]}}