{"id":6319,"date":"2019-03-11T09:23:43","date_gmt":"2019-03-11T09:23:43","guid":{"rendered":"https:\/\/xocomon.com\/product\/lote-de-pascua-num-10\/"},"modified":"2026-02-24T13:30:38","modified_gmt":"2026-02-24T12:30:38","slug":"lote-de-pascua-num-10","status":"publish","type":"product","link":"https:\/\/xocomon.com\/es\/producto\/lote-de-pascua-num-10\/","title":{"rendered":"LOTE DE PASCUA NUM 10"},"content":{"rendered":"<p>Este malet\u00edn es el REY del chocolate, no puede ser m\u00e1s bonito, lleno de productos Xocomon buen\u00edsimos, con casi todos los formatos de chocolate que tenemos hasta el d\u00eda de hoy.<\/p>\n<p>Incluye un bolsa de callets de cobertura, por si sois unos s\u00faper buenos padrinos @ y les apetece preparar adem\u00e1s un pastel con cobertura de chocolate. Os permitir\u00e1 fundir el chocolate f\u00e1cilmente y hacer un pastel u otras figuras que desee, si tienen moldes para tal fin.<\/p>\n<p>Contiene un huevo de 300 g. ideal para regalar, pero muchos de vosotros nos ped\u00edais m\u00e1s y m\u00e1s. As\u00ed que lleva huevos de distinto tama\u00f1o. Con el fin de que no se rompa durante el transporte, ya sab\u00e9is que es chocolate y es delicado, el formato ha sido en hueveras de 6 unidades. \u00a1Han quedado unas hueveras mon\u00edsimas con etiquetas Xocomon!<\/p>\n<p>\u00a1Y tampoco pod\u00edan faltar los balones de f\u00fatbol, que en la mayor\u00eda de ni\u00f1os y muchos mayores gustan, tambi\u00e9n las hemos hecho, con caja de pl\u00e1stico xocomon para que no se rompan!<br \/>\n&#8230;&#8230; todo ello un malet\u00edn lleno de chocolate para disfrutar mucho de la pascua!<\/p>\n<p>La caja malet\u00edn permite hacer entrega de la Mona directamente, debe abrirse con mucho amor, poco a poco, por la leng\u00fceta y se entrega como un pastel.<\/p>\n<p>Puede personalizarse la tapa con el nombre del ahijado @, o escribir el mensaje que desee ya que la caja es de color marr\u00f3n Kraft y permite personalizaci\u00f3n, as\u00ed que os animamos a dejar un mensaje bien bonito con rotuladores.<\/p>\n<p>Esperamos que os encante, \u00a1a nosotros nos enamora!<\/p>\n<p>&nbsp;<\/p>\n<h3>El porque de los lotes de Xocomon<\/h3>\n<p>Al ser una tienda on-line a veces al recibir el paquete es un poco decepcionante porque viene el producto muy embalado para que no se rompa.<\/p>\n<p>En esta ocasi\u00f3n el producto viene en un malet\u00edn bonito, de xocomon, personalizado para la ocasi\u00f3n con motivos de pascua o navidad, dependiendo de la campa\u00f1a.<\/p>\n<p>Nos gusta agrupar productos nuestros y dar un poco de descuento, para que sean m\u00e1s atractivos.<\/p>\n<p>Nos dan muy buenos resultados y os encantan, fue de las primeras cosas que pedisteis y desde siempre hemos dado esta opci\u00f3n.<\/p>\n<p>Esperemos que os guste y sea un regalo perfecto.<\/p>\n<p>&nbsp;<\/p>\n<p>&nbsp;<\/p>\n","protected":false},"excerpt":{"rendered":"<p>LOTE PASCUA N\u00ba 10<\/p>\n<p>1 huevo 300 gr<\/p>\n<p>1 huevos peque\u00f1os 100 gr ( 6 huevos)<\/p>\n<p>4 tabletas de 85gr<\/p>\n<p>1 callets 300g<\/p>\n<p>1 caja pascua 200g<\/p>\n<p>1 pelotas 110g<\/p>\n<p>2 chocolatinas de 3 unidades cada una.<\/p>\n<p>1 huvos minis 100g<\/p>\n<p>un malet\u00edn de cart\u00f3n (<strong>CAJA REGALO<\/strong>)<\/p>\n<p>&nbsp;<\/p>\n<p>&nbsp;<\/p>\n<p>INGREDIENTES\u00a0 : Pasta de cacao, az\u00facar, manteca de cacao, <strong>leche<\/strong> en polvo emulgente: lecitina de <strong>soja<\/strong>, aroma natural de vainilla.<br \/>\nCONTIENE <strong>SOJA Y LECHE<\/strong><\/p>\n<p><strong>SIN GLUTEN, SIN HUEVO, SIN FRUTOS SECOS, SIN CACAHUETE, SIN TRAZAS<\/strong><\/p>\n","protected":false},"featured_media":27749,"comment_status":"open","ping_status":"closed","template":"","meta":[],"product_brand":[],"product_cat":[206,131,191],"product_tag":[],"class_list":{"0":"post-6319","1":"product","2":"type-product","3":"status-publish","4":"has-post-thumbnail","6":"product_cat-lotes","7":"product_cat-pascua","8":"product_cat-chocolate-con-leche-pascuas","9":"tm-has-options","11":"first","12":"outofstock","13":"sale","14":"taxable","15":"shipping-taxable","16":"purchasable","17":"product-type-woosb"},"yoast_head":"<!-- This site is optimized with the Yoast SEO plugin v26.7 - https:\/\/yoast.com\/wordpress\/plugins\/seo\/ -->\n<title>LOTE DE PASCUA NUM 10 - Xocomon<\/title>\n<meta name=\"description\" content=\"INGREDIENTES para Todos los productos Xocomon leche : Pasta de cacao, az\u00facar, manteca de cacao, leche en polvo emulgente: lecitina de soja, aroma vainilla\" \/>\n<meta name=\"robots\" content=\"index, follow, max-snippet:-1, max-image-preview:large, max-video-preview:-1\" \/>\n<link rel=\"canonical\" href=\"https:\/\/xocomon.com\/es\/producto\/lote-de-pascua-num-10\/\" \/>\n<meta property=\"og:locale\" content=\"es_ES\" \/>\n<meta property=\"og:type\" content=\"article\" \/>\n<meta property=\"og:title\" content=\"LOTE DE PASCUA NUM 10 - Xocomon\" \/>\n<meta property=\"og:description\" content=\"INGREDIENTES para Todos los productos Xocomon leche : Pasta de cacao, az\u00facar, manteca de cacao, leche en polvo emulgente: lecitina de soja, aroma vainilla\" \/>\n<meta property=\"og:url\" content=\"https:\/\/xocomon.com\/es\/producto\/lote-de-pascua-num-10\/\" \/>\n<meta property=\"og:site_name\" content=\"Xocomon\" \/>\n<meta property=\"article:publisher\" content=\"https:\/\/www.facebook.com\/xocomon\/\" \/>\n<meta property=\"article:modified_time\" content=\"2026-02-24T12:30:38+00:00\" \/>\n<meta property=\"og:image\" content=\"https:\/\/xocomon.com\/wp-content\/uploads\/2026\/02\/lot-10.png\" \/>\n\t<meta property=\"og:image:width\" content=\"1600\" \/>\n\t<meta property=\"og:image:height\" content=\"1600\" \/>\n\t<meta property=\"og:image:type\" content=\"image\/png\" \/>\n<meta name=\"twitter:card\" content=\"summary_large_image\" \/>\n<meta name=\"twitter:label1\" content=\"Tiempo de lectura\" \/>\n\t<meta name=\"twitter:data1\" content=\"3 minutos\" \/>\n<script type=\"application\/ld+json\" class=\"yoast-schema-graph\">{\"@context\":\"https:\/\/schema.org\",\"@graph\":[{\"@type\":\"WebPage\",\"@id\":\"https:\/\/xocomon.com\/es\/producto\/lote-de-pascua-num-10\/\",\"url\":\"https:\/\/xocomon.com\/es\/producto\/lote-de-pascua-num-10\/\",\"name\":\"LOTE DE PASCUA NUM 10 - Xocomon\",\"isPartOf\":{\"@id\":\"https:\/\/xocomon.com\/#website\"},\"primaryImageOfPage\":{\"@id\":\"https:\/\/xocomon.com\/es\/producto\/lote-de-pascua-num-10\/#primaryimage\"},\"image\":{\"@id\":\"https:\/\/xocomon.com\/es\/producto\/lote-de-pascua-num-10\/#primaryimage\"},\"thumbnailUrl\":\"https:\/\/xocomon.com\/wp-content\/uploads\/2026\/02\/lot-10.png\",\"datePublished\":\"2019-03-11T09:23:43+00:00\",\"dateModified\":\"2026-02-24T12:30:38+00:00\",\"description\":\"INGREDIENTES para Todos los productos Xocomon leche : Pasta de cacao, az\u00facar, manteca de cacao, leche en polvo emulgente: lecitina de soja, aroma vainilla\",\"breadcrumb\":{\"@id\":\"https:\/\/xocomon.com\/es\/producto\/lote-de-pascua-num-10\/#breadcrumb\"},\"inLanguage\":\"es\",\"potentialAction\":[{\"@type\":\"ReadAction\",\"target\":[\"https:\/\/xocomon.com\/es\/producto\/lote-de-pascua-num-10\/\"]}]},{\"@type\":\"ImageObject\",\"inLanguage\":\"es\",\"@id\":\"https:\/\/xocomon.com\/es\/producto\/lote-de-pascua-num-10\/#primaryimage\",\"url\":\"https:\/\/xocomon.com\/wp-content\/uploads\/2026\/02\/lot-10.png\",\"contentUrl\":\"https:\/\/xocomon.com\/wp-content\/uploads\/2026\/02\/lot-10.png\",\"width\":1600,\"height\":1600},{\"@type\":\"BreadcrumbList\",\"@id\":\"https:\/\/xocomon.com\/es\/producto\/lote-de-pascua-num-10\/#breadcrumb\",\"itemListElement\":[{\"@type\":\"ListItem\",\"position\":1,\"name\":\"Portada\",\"item\":\"https:\/\/xocomon.com\/es\/\"},{\"@type\":\"ListItem\",\"position\":2,\"name\":\"Tienda\",\"item\":\"https:\/\/xocomon.com\/es\/tienda\/\"},{\"@type\":\"ListItem\",\"position\":3,\"name\":\"LOTE DE PASCUA NUM 10\"}]},{\"@type\":\"WebSite\",\"@id\":\"https:\/\/xocomon.com\/#website\",\"url\":\"https:\/\/xocomon.com\/\",\"name\":\"Xocomon\",\"description\":\"\",\"potentialAction\":[{\"@type\":\"SearchAction\",\"target\":{\"@type\":\"EntryPoint\",\"urlTemplate\":\"https:\/\/xocomon.com\/?s={search_term_string}\"},\"query-input\":{\"@type\":\"PropertyValueSpecification\",\"valueRequired\":true,\"valueName\":\"search_term_string\"}}],\"inLanguage\":\"es\"}]}<\/script>\n<!-- \/ Yoast SEO plugin. -->","yoast_head_json":{"title":"LOTE DE PASCUA NUM 10 - Xocomon","description":"INGREDIENTES para Todos los productos Xocomon leche : Pasta de cacao, az\u00facar, manteca de cacao, leche en polvo emulgente: lecitina de soja, aroma vainilla","robots":{"index":"index","follow":"follow","max-snippet":"max-snippet:-1","max-image-preview":"max-image-preview:large","max-video-preview":"max-video-preview:-1"},"canonical":"https:\/\/xocomon.com\/es\/producto\/lote-de-pascua-num-10\/","og_locale":"es_ES","og_type":"article","og_title":"LOTE DE PASCUA NUM 10 - Xocomon","og_description":"INGREDIENTES para Todos los productos Xocomon leche : Pasta de cacao, az\u00facar, manteca de cacao, leche en polvo emulgente: lecitina de soja, aroma vainilla","og_url":"https:\/\/xocomon.com\/es\/producto\/lote-de-pascua-num-10\/","og_site_name":"Xocomon","article_publisher":"https:\/\/www.facebook.com\/xocomon\/","article_modified_time":"2026-02-24T12:30:38+00:00","og_image":[{"width":1600,"height":1600,"url":"https:\/\/xocomon.com\/wp-content\/uploads\/2026\/02\/lot-10.png","type":"image\/png"}],"twitter_card":"summary_large_image","twitter_misc":{"Tiempo de lectura":"3 minutos"},"schema":{"@context":"https:\/\/schema.org","@graph":[{"@type":"WebPage","@id":"https:\/\/xocomon.com\/es\/producto\/lote-de-pascua-num-10\/","url":"https:\/\/xocomon.com\/es\/producto\/lote-de-pascua-num-10\/","name":"LOTE DE PASCUA NUM 10 - Xocomon","isPartOf":{"@id":"https:\/\/xocomon.com\/#website"},"primaryImageOfPage":{"@id":"https:\/\/xocomon.com\/es\/producto\/lote-de-pascua-num-10\/#primaryimage"},"image":{"@id":"https:\/\/xocomon.com\/es\/producto\/lote-de-pascua-num-10\/#primaryimage"},"thumbnailUrl":"https:\/\/xocomon.com\/wp-content\/uploads\/2026\/02\/lot-10.png","datePublished":"2019-03-11T09:23:43+00:00","dateModified":"2026-02-24T12:30:38+00:00","description":"INGREDIENTES para Todos los productos Xocomon leche : Pasta de cacao, az\u00facar, manteca de cacao, leche en polvo emulgente: lecitina de soja, aroma vainilla","breadcrumb":{"@id":"https:\/\/xocomon.com\/es\/producto\/lote-de-pascua-num-10\/#breadcrumb"},"inLanguage":"es","potentialAction":[{"@type":"ReadAction","target":["https:\/\/xocomon.com\/es\/producto\/lote-de-pascua-num-10\/"]}]},{"@type":"ImageObject","inLanguage":"es","@id":"https:\/\/xocomon.com\/es\/producto\/lote-de-pascua-num-10\/#primaryimage","url":"https:\/\/xocomon.com\/wp-content\/uploads\/2026\/02\/lot-10.png","contentUrl":"https:\/\/xocomon.com\/wp-content\/uploads\/2026\/02\/lot-10.png","width":1600,"height":1600},{"@type":"BreadcrumbList","@id":"https:\/\/xocomon.com\/es\/producto\/lote-de-pascua-num-10\/#breadcrumb","itemListElement":[{"@type":"ListItem","position":1,"name":"Portada","item":"https:\/\/xocomon.com\/es\/"},{"@type":"ListItem","position":2,"name":"Tienda","item":"https:\/\/xocomon.com\/es\/tienda\/"},{"@type":"ListItem","position":3,"name":"LOTE DE PASCUA NUM 10"}]},{"@type":"WebSite","@id":"https:\/\/xocomon.com\/#website","url":"https:\/\/xocomon.com\/","name":"Xocomon","description":"","potentialAction":[{"@type":"SearchAction","target":{"@type":"EntryPoint","urlTemplate":"https:\/\/xocomon.com\/?s={search_term_string}"},"query-input":{"@type":"PropertyValueSpecification","valueRequired":true,"valueName":"search_term_string"}}],"inLanguage":"es"}]}},"tiered_pricing_type":"fixed","tiered_pricing_fixed_rules":[],"tiered_pricing_product_settings":{"layout":"default","base_unit_name":{"singular":null,"plural":null},"default_variation":null},"tiered_pricing_minimum_quantity":null,"tiered_pricing_roles_data":[],"tiered_pricing_percentage_rules":[],"_links":{"self":[{"href":"https:\/\/xocomon.com\/es\/wp-json\/wp\/v2\/product\/6319","targetHints":{"allow":["GET"]}}],"collection":[{"href":"https:\/\/xocomon.com\/es\/wp-json\/wp\/v2\/product"}],"about":[{"href":"https:\/\/xocomon.com\/es\/wp-json\/wp\/v2\/types\/product"}],"replies":[{"embeddable":true,"href":"https:\/\/xocomon.com\/es\/wp-json\/wp\/v2\/comments?post=6319"}],"wp:featuredmedia":[{"embeddable":true,"href":"https:\/\/xocomon.com\/es\/wp-json\/wp\/v2\/media\/27749"}],"wp:attachment":[{"href":"https:\/\/xocomon.com\/es\/wp-json\/wp\/v2\/media?parent=6319"}],"wp:term":[{"taxonomy":"product_brand","embeddable":true,"href":"https:\/\/xocomon.com\/es\/wp-json\/wp\/v2\/product_brand?post=6319"},{"taxonomy":"product_cat","embeddable":true,"href":"https:\/\/xocomon.com\/es\/wp-json\/wp\/v2\/product_cat?post=6319"},{"taxonomy":"product_tag","embeddable":true,"href":"https:\/\/xocomon.com\/es\/wp-json\/wp\/v2\/product_tag?post=6319"}],"curies":[{"name":"wp","href":"https:\/\/api.w.org\/{rel}","templated":true}]}}