{"id":6310,"date":"2019-03-11T09:23:39","date_gmt":"2019-03-11T08:23:39","guid":{"rendered":"https:\/\/xocomon.com\/product\/1-kg-de-cobertura-de-chocolate-negro-55-cacao-sin-gluten-sin-frutos-secos-sin-leche-postres-xocomon\/"},"modified":"2026-05-14T13:14:01","modified_gmt":"2026-05-14T12:14:01","slug":"1-kg-de-cobertura-de-chocolate-negro-55-cacao-sin-gluten-sin-frutos-secos-sin-leche-postres-xocomon","status":"publish","type":"product","link":"https:\/\/xocomon.com\/es\/producto\/1-kg-de-cobertura-de-chocolate-negro-55-cacao-sin-gluten-sin-frutos-secos-sin-leche-postres-xocomon\/","title":{"rendered":"1 kg de cobertura de chocolate negro 55%. Especial Reposter\u00eda"},"content":{"rendered":"<p>Chocolate Negro 1kg para todos veganos y vegetarianos.<\/p>\n<p>1kg de chocolate negro Xocomon, en formato tableta gigante para fundir en casa y listos para preparar postres deliciosos!<\/p>\n<p>Un chocolate f\u00e1cil de trocear y fundir, con una textura que lo hace ideal para preparar todo tipo de coberturas, relleno, bombones o postres de todo tipo, e incluso para un chocolate caliente.<\/p>\n<p>Se puede fundir el chocolate troceado, al ba\u00f1o mar\u00eda o en el microondas.<\/p>\n<p>Es un chocolate belga, muy buena, <strong>PARA TODA LA FAMILIA,<\/strong> con un sabor a cacao amargo bien equilibrado (55% de cacao).<\/p>\n<p>Producida de una manera ARTESANA por nuestra experta chocolatera, en moldes especiales donde s\u00f3lo se fabrica nuestro chocolate, obrador xocomon en Matar\u00f3.<\/p>\n","protected":false},"excerpt":{"rendered":"<p>Tableta de 1 kg <strong>COBERTURA DE CHOCOLATE NEGRO 55% CACAO<\/strong>. idela para todos<strong>,<\/strong> <strong>veganos<\/strong> y <strong>vegeterianos<\/strong>,\u00a0 POSTRES XOCOMON<\/p>\n<p>INGREDIENTES; Pasta de cacao, az\u00facar, manteca de cacao, emulgente: lecitina, aroma natural de vainilla.<\/p>\n<p>sin leche, sin frutos secos, sin gluten, sin cacahuete, sin soja, sin huevo.<\/p>\n<p>Cobertura de Chocolate negro 55%, este modelo puede llegar roto, es muy dif\u00edcil su transporte en paqueter\u00eda. No afecta a la calidad del producto.<\/p>\n","protected":false},"featured_media":6046,"comment_status":"open","ping_status":"closed","template":"","meta":[],"product_brand":[],"product_cat":[130,127],"product_tag":[],"class_list":{"0":"post-6310","1":"product","2":"type-product","3":"status-publish","4":"has-post-thumbnail","6":"product_cat-chocolate","7":"product_cat-chocolate-negro","8":"tm-has-options","10":"first","11":"instock","12":"taxable","13":"shipping-taxable","14":"purchasable","15":"product-type-simple"},"yoast_head":"<!-- This site is optimized with the Yoast SEO plugin v26.7 - https:\/\/yoast.com\/wordpress\/plugins\/seo\/ -->\n<title>1 kg de cobertura de chocolate negro 55%. Especial Reposter\u00eda - Xocomon<\/title>\n<meta name=\"description\" content=\"1 kg de cobertura de chocolate negro 55%. Especial Reposter\u00eda. ingredientes: pasta de cacao, az\u00facar, manteca de cacao, lecitina soja, aroma vainilla.\" \/>\n<meta name=\"robots\" content=\"index, follow, max-snippet:-1, max-image-preview:large, max-video-preview:-1\" \/>\n<link rel=\"canonical\" href=\"https:\/\/xocomon.com\/producto\/1-kg-de-cobertura-de-xocolata-negra-55-cacao-sense-gluten-sense-fruits-secs-sense-llet-postres-xocomon\/\" \/>\n<meta property=\"og:locale\" content=\"es_ES\" \/>\n<meta property=\"og:type\" content=\"article\" \/>\n<meta property=\"og:title\" content=\"1 kg de cobertura de chocolate negro 55%. Especial Reposter\u00eda - Xocomon\" \/>\n<meta property=\"og:description\" content=\"1 kg de cobertura de chocolate negro 55%. Especial Reposter\u00eda. ingredientes: pasta de cacao, az\u00facar, manteca de cacao, lecitina soja, aroma vainilla.\" \/>\n<meta property=\"og:url\" content=\"https:\/\/xocomon.com\/producto\/1-kg-de-cobertura-de-xocolata-negra-55-cacao-sense-gluten-sense-fruits-secs-sense-llet-postres-xocomon\/\" \/>\n<meta property=\"og:site_name\" content=\"Xocomon\" \/>\n<meta property=\"article:publisher\" content=\"https:\/\/www.facebook.com\/xocomon\/\" \/>\n<meta property=\"article:modified_time\" content=\"2026-05-14T12:14:01+00:00\" \/>\n<meta property=\"og:image\" content=\"https:\/\/xocomon.com\/wp-content\/uploads\/2019\/03\/1-KG-CHOCO-NEGRO-2.jpg\" \/>\n\t<meta property=\"og:image:width\" content=\"900\" \/>\n\t<meta property=\"og:image:height\" content=\"900\" \/>\n\t<meta property=\"og:image:type\" content=\"image\/jpeg\" \/>\n<meta name=\"twitter:card\" content=\"summary_large_image\" \/>\n<meta name=\"twitter:label1\" content=\"Tiempo de lectura\" \/>\n\t<meta name=\"twitter:data1\" content=\"1 minuto\" \/>\n<script type=\"application\/ld+json\" class=\"yoast-schema-graph\">{\"@context\":\"https:\/\/schema.org\",\"@graph\":[{\"@type\":\"WebPage\",\"@id\":\"https:\/\/xocomon.com\/producto\/1-kg-de-cobertura-de-xocolata-negra-55-cacao-sense-gluten-sense-fruits-secs-sense-llet-postres-xocomon\/\",\"url\":\"https:\/\/xocomon.com\/producto\/1-kg-de-cobertura-de-xocolata-negra-55-cacao-sense-gluten-sense-fruits-secs-sense-llet-postres-xocomon\/\",\"name\":\"1 kg de cobertura de chocolate negro 55%. Especial Reposter\u00eda - Xocomon\",\"isPartOf\":{\"@id\":\"https:\/\/xocomon.com\/#website\"},\"primaryImageOfPage\":{\"@id\":\"https:\/\/xocomon.com\/producto\/1-kg-de-cobertura-de-xocolata-negra-55-cacao-sense-gluten-sense-fruits-secs-sense-llet-postres-xocomon\/#primaryimage\"},\"image\":{\"@id\":\"https:\/\/xocomon.com\/producto\/1-kg-de-cobertura-de-xocolata-negra-55-cacao-sense-gluten-sense-fruits-secs-sense-llet-postres-xocomon\/#primaryimage\"},\"thumbnailUrl\":\"https:\/\/xocomon.com\/wp-content\/uploads\/2019\/03\/1-KG-CHOCO-NEGRO-2.jpg\",\"datePublished\":\"2019-03-11T08:23:39+00:00\",\"dateModified\":\"2026-05-14T12:14:01+00:00\",\"description\":\"1 kg de cobertura de chocolate negro 55%. Especial Reposter\u00eda. ingredientes: pasta de cacao, az\u00facar, manteca de cacao, lecitina soja, aroma vainilla.\",\"breadcrumb\":{\"@id\":\"https:\/\/xocomon.com\/producto\/1-kg-de-cobertura-de-xocolata-negra-55-cacao-sense-gluten-sense-fruits-secs-sense-llet-postres-xocomon\/#breadcrumb\"},\"inLanguage\":\"es\",\"potentialAction\":[{\"@type\":\"ReadAction\",\"target\":[\"https:\/\/xocomon.com\/producto\/1-kg-de-cobertura-de-xocolata-negra-55-cacao-sense-gluten-sense-fruits-secs-sense-llet-postres-xocomon\/\"]}]},{\"@type\":\"ImageObject\",\"inLanguage\":\"es\",\"@id\":\"https:\/\/xocomon.com\/producto\/1-kg-de-cobertura-de-xocolata-negra-55-cacao-sense-gluten-sense-fruits-secs-sense-llet-postres-xocomon\/#primaryimage\",\"url\":\"https:\/\/xocomon.com\/wp-content\/uploads\/2019\/03\/1-KG-CHOCO-NEGRO-2.jpg\",\"contentUrl\":\"https:\/\/xocomon.com\/wp-content\/uploads\/2019\/03\/1-KG-CHOCO-NEGRO-2.jpg\",\"width\":900,\"height\":900},{\"@type\":\"BreadcrumbList\",\"@id\":\"https:\/\/xocomon.com\/producto\/1-kg-de-cobertura-de-xocolata-negra-55-cacao-sense-gluten-sense-fruits-secs-sense-llet-postres-xocomon\/#breadcrumb\",\"itemListElement\":[{\"@type\":\"ListItem\",\"position\":1,\"name\":\"Portada\",\"item\":\"https:\/\/xocomon.com\/es\/\"},{\"@type\":\"ListItem\",\"position\":2,\"name\":\"Tienda\",\"item\":\"https:\/\/xocomon.com\/es\/tienda\/\"},{\"@type\":\"ListItem\",\"position\":3,\"name\":\"1 kg de cobertura de chocolate negro 55%. Especial Reposter\u00eda\"}]},{\"@type\":\"WebSite\",\"@id\":\"https:\/\/xocomon.com\/#website\",\"url\":\"https:\/\/xocomon.com\/\",\"name\":\"Xocomon\",\"description\":\"\",\"potentialAction\":[{\"@type\":\"SearchAction\",\"target\":{\"@type\":\"EntryPoint\",\"urlTemplate\":\"https:\/\/xocomon.com\/?s={search_term_string}\"},\"query-input\":{\"@type\":\"PropertyValueSpecification\",\"valueRequired\":true,\"valueName\":\"search_term_string\"}}],\"inLanguage\":\"es\"}]}<\/script>\n<!-- \/ Yoast SEO plugin. -->","yoast_head_json":{"title":"1 kg de cobertura de chocolate negro 55%. Especial Reposter\u00eda - Xocomon","description":"1 kg de cobertura de chocolate negro 55%. Especial Reposter\u00eda. ingredientes: pasta de cacao, az\u00facar, manteca de cacao, lecitina soja, aroma vainilla.","robots":{"index":"index","follow":"follow","max-snippet":"max-snippet:-1","max-image-preview":"max-image-preview:large","max-video-preview":"max-video-preview:-1"},"canonical":"https:\/\/xocomon.com\/producto\/1-kg-de-cobertura-de-xocolata-negra-55-cacao-sense-gluten-sense-fruits-secs-sense-llet-postres-xocomon\/","og_locale":"es_ES","og_type":"article","og_title":"1 kg de cobertura de chocolate negro 55%. Especial Reposter\u00eda - Xocomon","og_description":"1 kg de cobertura de chocolate negro 55%. Especial Reposter\u00eda. ingredientes: pasta de cacao, az\u00facar, manteca de cacao, lecitina soja, aroma vainilla.","og_url":"https:\/\/xocomon.com\/producto\/1-kg-de-cobertura-de-xocolata-negra-55-cacao-sense-gluten-sense-fruits-secs-sense-llet-postres-xocomon\/","og_site_name":"Xocomon","article_publisher":"https:\/\/www.facebook.com\/xocomon\/","article_modified_time":"2026-05-14T12:14:01+00:00","og_image":[{"width":900,"height":900,"url":"https:\/\/xocomon.com\/wp-content\/uploads\/2019\/03\/1-KG-CHOCO-NEGRO-2.jpg","type":"image\/jpeg"}],"twitter_card":"summary_large_image","twitter_misc":{"Tiempo de lectura":"1 minuto"},"schema":{"@context":"https:\/\/schema.org","@graph":[{"@type":"WebPage","@id":"https:\/\/xocomon.com\/producto\/1-kg-de-cobertura-de-xocolata-negra-55-cacao-sense-gluten-sense-fruits-secs-sense-llet-postres-xocomon\/","url":"https:\/\/xocomon.com\/producto\/1-kg-de-cobertura-de-xocolata-negra-55-cacao-sense-gluten-sense-fruits-secs-sense-llet-postres-xocomon\/","name":"1 kg de cobertura de chocolate negro 55%. Especial Reposter\u00eda - Xocomon","isPartOf":{"@id":"https:\/\/xocomon.com\/#website"},"primaryImageOfPage":{"@id":"https:\/\/xocomon.com\/producto\/1-kg-de-cobertura-de-xocolata-negra-55-cacao-sense-gluten-sense-fruits-secs-sense-llet-postres-xocomon\/#primaryimage"},"image":{"@id":"https:\/\/xocomon.com\/producto\/1-kg-de-cobertura-de-xocolata-negra-55-cacao-sense-gluten-sense-fruits-secs-sense-llet-postres-xocomon\/#primaryimage"},"thumbnailUrl":"https:\/\/xocomon.com\/wp-content\/uploads\/2019\/03\/1-KG-CHOCO-NEGRO-2.jpg","datePublished":"2019-03-11T08:23:39+00:00","dateModified":"2026-05-14T12:14:01+00:00","description":"1 kg de cobertura de chocolate negro 55%. Especial Reposter\u00eda. ingredientes: pasta de cacao, az\u00facar, manteca de cacao, lecitina soja, aroma vainilla.","breadcrumb":{"@id":"https:\/\/xocomon.com\/producto\/1-kg-de-cobertura-de-xocolata-negra-55-cacao-sense-gluten-sense-fruits-secs-sense-llet-postres-xocomon\/#breadcrumb"},"inLanguage":"es","potentialAction":[{"@type":"ReadAction","target":["https:\/\/xocomon.com\/producto\/1-kg-de-cobertura-de-xocolata-negra-55-cacao-sense-gluten-sense-fruits-secs-sense-llet-postres-xocomon\/"]}]},{"@type":"ImageObject","inLanguage":"es","@id":"https:\/\/xocomon.com\/producto\/1-kg-de-cobertura-de-xocolata-negra-55-cacao-sense-gluten-sense-fruits-secs-sense-llet-postres-xocomon\/#primaryimage","url":"https:\/\/xocomon.com\/wp-content\/uploads\/2019\/03\/1-KG-CHOCO-NEGRO-2.jpg","contentUrl":"https:\/\/xocomon.com\/wp-content\/uploads\/2019\/03\/1-KG-CHOCO-NEGRO-2.jpg","width":900,"height":900},{"@type":"BreadcrumbList","@id":"https:\/\/xocomon.com\/producto\/1-kg-de-cobertura-de-xocolata-negra-55-cacao-sense-gluten-sense-fruits-secs-sense-llet-postres-xocomon\/#breadcrumb","itemListElement":[{"@type":"ListItem","position":1,"name":"Portada","item":"https:\/\/xocomon.com\/es\/"},{"@type":"ListItem","position":2,"name":"Tienda","item":"https:\/\/xocomon.com\/es\/tienda\/"},{"@type":"ListItem","position":3,"name":"1 kg de cobertura de chocolate negro 55%. Especial Reposter\u00eda"}]},{"@type":"WebSite","@id":"https:\/\/xocomon.com\/#website","url":"https:\/\/xocomon.com\/","name":"Xocomon","description":"","potentialAction":[{"@type":"SearchAction","target":{"@type":"EntryPoint","urlTemplate":"https:\/\/xocomon.com\/?s={search_term_string}"},"query-input":{"@type":"PropertyValueSpecification","valueRequired":true,"valueName":"search_term_string"}}],"inLanguage":"es"}]}},"tiered_pricing_type":"fixed","tiered_pricing_fixed_rules":[],"tiered_pricing_product_settings":{"layout":"default","base_unit_name":{"singular":null,"plural":null},"default_variation":null},"tiered_pricing_minimum_quantity":null,"tiered_pricing_roles_data":[],"tiered_pricing_percentage_rules":[],"_links":{"self":[{"href":"https:\/\/xocomon.com\/es\/wp-json\/wp\/v2\/product\/6310","targetHints":{"allow":["GET"]}}],"collection":[{"href":"https:\/\/xocomon.com\/es\/wp-json\/wp\/v2\/product"}],"about":[{"href":"https:\/\/xocomon.com\/es\/wp-json\/wp\/v2\/types\/product"}],"replies":[{"embeddable":true,"href":"https:\/\/xocomon.com\/es\/wp-json\/wp\/v2\/comments?post=6310"}],"wp:featuredmedia":[{"embeddable":true,"href":"https:\/\/xocomon.com\/es\/wp-json\/wp\/v2\/media\/6046"}],"wp:attachment":[{"href":"https:\/\/xocomon.com\/es\/wp-json\/wp\/v2\/media?parent=6310"}],"wp:term":[{"taxonomy":"product_brand","embeddable":true,"href":"https:\/\/xocomon.com\/es\/wp-json\/wp\/v2\/product_brand?post=6310"},{"taxonomy":"product_cat","embeddable":true,"href":"https:\/\/xocomon.com\/es\/wp-json\/wp\/v2\/product_cat?post=6310"},{"taxonomy":"product_tag","embeddable":true,"href":"https:\/\/xocomon.com\/es\/wp-json\/wp\/v2\/product_tag?post=6310"}],"curies":[{"name":"wp","href":"https:\/\/api.w.org\/{rel}","templated":true}]}}