{"id":6308,"date":"2019-03-11T09:23:39","date_gmt":"2019-03-11T08:23:39","guid":{"rendered":"https:\/\/xocomon.com\/product\/chocolate-con-leche\/"},"modified":"2026-04-14T06:27:51","modified_gmt":"2026-04-14T05:27:51","slug":"tableta-chocolate-con-leche-85g","status":"publish","type":"product","link":"https:\/\/xocomon.com\/es\/producto\/tableta-chocolate-con-leche-85g\/","title":{"rendered":"Tableta Chocolate con leche 85g"},"content":{"rendered":"<p>Chocolate con leche sin trazas de frutos secos, sin gluten, sin huevo, sin cacahuete. Tableta de 85gr.<\/p>\n<p>Tras pensarlo mucho, nace tambi\u00e9n el chocolate con leche. Dado que nuestra hija es peque\u00f1a (2017 s\u00f3lo tiene 9 a\u00f1os), hacemos este chocolate con leche tambi\u00e9n sin trazas de frutos secos.<\/p>\n<p>CONTIENE <strong><span style=\"color: #ff0000\">leche y soja<\/span><\/strong>, y es apta para vegetarianos.<\/p>\n<p>Este chocolate est\u00e1 elaborado con una f\u00f3rmula tradicional y artesana y en moldes especiales para no contaminar el chocolate negro.<br \/>\n\u00bfPor qu\u00e9 con leche, os preguntar\u00e9is? Pues por la demanda de nuestros amigos al\u00e9rgicos: quieren un chocolate con leche apta para al\u00e9rgicos a los frutos secos pero que no pierda el sabor ni la calidad y, sobre todo, que sea segura.<br \/>\nEste chocolate proviene de una f\u00e1brica segura, no contiene trazas de frutos secos. Nuestros artesanos lo transforman en tableta sin a\u00f1adir ning\u00fan producto. As\u00ed sigue certificada, segura y con la m\u00e1xima calidad y sabor.<br \/>\nEs un chocolate belga, buen\u00edsimo para peque\u00f1os y mayores,<\/p>\n<p>INGREDIENTES: manteca de cacao, pasta de cacao, az\u00facar, <strong><span style=\"color: #ff0000\">leche en polvo<\/span><\/strong>, emulgente: <span style=\"color: #ff0000\"><strong>lecitina de soja<\/strong><\/span>, y aroma\u00a0 natural de vainilla.<\/p>\n<p>La imagen de este chocolate es fresca, verde \u2026 Hace un d\u00eda radiante, el sol brilla y los ni\u00f1os juegan en el pinar de la escuela. Los ni\u00f1os son todos diferentes, todos somos diferentes\u2026Aqu\u00ed ya se puede ver por primera vez a la ni\u00f1a, Claudia.<br \/>\nHay movimiento, juego, historias, animales, vegetaci\u00f3n y verde, mucho verde \u2026 El verde es el color de la esperanza, y eso es lo \u00faltimo que se puede perder. A nosotros nos representa<\/p>\n","protected":false},"excerpt":{"rendered":"<p>85g tableta de CHOCOLATE CON LECHE. SIN GLUTEN, SIN FRUTOS SECOS.<\/p>\n<h4>INGREDIENTES<\/h4>\n<ul>\n<li>Pasta de cacao.<\/li>\n<li>Manteca de cacao.<\/li>\n<li>Az\u00facar<\/li>\n<li><strong>Leche en polvo<\/strong><\/li>\n<li>Emulgente: <strong>lecitina de soja<\/strong><\/li>\n<li>Aroma natural de vainilla.<\/li>\n<li><\/li>\n<\/ul>\n<p>Chocolate con leche.<\/p>\n<h6>SIN GLUTEN, SIN HUEVO, SIN FRUTOS SECOS, SIN CACAHUETES, SIN ACEITE DE PALMA.<\/h6>\n<h6>Apta para vegetarianos<\/h6>\n","protected":false},"featured_media":6029,"comment_status":"open","ping_status":"closed","template":"","meta":[],"product_brand":[],"product_cat":[130,28],"product_tag":[373],"class_list":{"0":"post-6308","1":"product","2":"type-product","3":"status-publish","4":"has-post-thumbnail","6":"product_cat-chocolate","7":"product_cat-chocolate-con-leche","8":"product_tag-tableta-chocolate-con-leche-85g","9":"tm-has-options","11":"first","12":"instock","13":"taxable","14":"shipping-taxable","15":"purchasable","16":"product-type-simple"},"yoast_head":"<!-- This site is optimized with the Yoast SEO plugin v26.7 - https:\/\/yoast.com\/wordpress\/plugins\/seo\/ -->\n<title>Tableta Chocolate con leche 85g - Xocomon<\/title>\n<meta name=\"description\" content=\"Tableta Chocolate con leche 85g, ingredientes: az\u00facar, pasta de cacao, manteca de cacao, leche entera en polvo, lecitina de soja aroma natural de vainilla\" \/>\n<meta name=\"robots\" content=\"index, follow, max-snippet:-1, max-image-preview:large, max-video-preview:-1\" \/>\n<link rel=\"canonical\" href=\"https:\/\/xocomon.com\/producto\/85-g-xocolata-amb-llet-xocomon\/\" \/>\n<meta property=\"og:locale\" content=\"es_ES\" \/>\n<meta property=\"og:type\" content=\"article\" \/>\n<meta property=\"og:title\" content=\"Tableta Chocolate con leche 85g - Xocomon\" \/>\n<meta property=\"og:description\" content=\"Tableta Chocolate con leche 85g, ingredientes: az\u00facar, pasta de cacao, manteca de cacao, leche entera en polvo, lecitina de soja aroma natural de vainilla\" \/>\n<meta property=\"og:url\" content=\"https:\/\/xocomon.com\/producto\/85-g-xocolata-amb-llet-xocomon\/\" \/>\n<meta property=\"og:site_name\" content=\"Xocomon\" \/>\n<meta property=\"article:publisher\" content=\"https:\/\/www.facebook.com\/xocomon\/\" \/>\n<meta property=\"article:modified_time\" content=\"2026-04-14T05:27:51+00:00\" \/>\n<meta property=\"og:image\" content=\"https:\/\/xocomon.com\/wp-content\/uploads\/2019\/03\/85-GR-LECHE-1.jpg\" \/>\n\t<meta property=\"og:image:width\" content=\"900\" \/>\n\t<meta property=\"og:image:height\" content=\"900\" \/>\n\t<meta property=\"og:image:type\" content=\"image\/jpeg\" \/>\n<meta name=\"twitter:card\" content=\"summary_large_image\" \/>\n<meta name=\"twitter:label1\" content=\"Tiempo de lectura\" \/>\n\t<meta name=\"twitter:data1\" content=\"2 minutos\" \/>\n<script type=\"application\/ld+json\" class=\"yoast-schema-graph\">{\"@context\":\"https:\/\/schema.org\",\"@graph\":[{\"@type\":\"WebPage\",\"@id\":\"https:\/\/xocomon.com\/producto\/85-g-xocolata-amb-llet-xocomon\/\",\"url\":\"https:\/\/xocomon.com\/producto\/85-g-xocolata-amb-llet-xocomon\/\",\"name\":\"Tableta Chocolate con leche 85g - Xocomon\",\"isPartOf\":{\"@id\":\"https:\/\/xocomon.com\/#website\"},\"primaryImageOfPage\":{\"@id\":\"https:\/\/xocomon.com\/producto\/85-g-xocolata-amb-llet-xocomon\/#primaryimage\"},\"image\":{\"@id\":\"https:\/\/xocomon.com\/producto\/85-g-xocolata-amb-llet-xocomon\/#primaryimage\"},\"thumbnailUrl\":\"https:\/\/xocomon.com\/wp-content\/uploads\/2019\/03\/85-GR-LECHE-1.jpg\",\"datePublished\":\"2019-03-11T08:23:39+00:00\",\"dateModified\":\"2026-04-14T05:27:51+00:00\",\"description\":\"Tableta Chocolate con leche 85g, ingredientes: az\u00facar, pasta de cacao, manteca de cacao, leche entera en polvo, lecitina de soja aroma natural de vainilla\",\"breadcrumb\":{\"@id\":\"https:\/\/xocomon.com\/producto\/85-g-xocolata-amb-llet-xocomon\/#breadcrumb\"},\"inLanguage\":\"es\",\"potentialAction\":[{\"@type\":\"ReadAction\",\"target\":[\"https:\/\/xocomon.com\/producto\/85-g-xocolata-amb-llet-xocomon\/\"]}]},{\"@type\":\"ImageObject\",\"inLanguage\":\"es\",\"@id\":\"https:\/\/xocomon.com\/producto\/85-g-xocolata-amb-llet-xocomon\/#primaryimage\",\"url\":\"https:\/\/xocomon.com\/wp-content\/uploads\/2019\/03\/85-GR-LECHE-1.jpg\",\"contentUrl\":\"https:\/\/xocomon.com\/wp-content\/uploads\/2019\/03\/85-GR-LECHE-1.jpg\",\"width\":900,\"height\":900,\"caption\":\"Tableta Xocolata amb Llet 85g\"},{\"@type\":\"BreadcrumbList\",\"@id\":\"https:\/\/xocomon.com\/producto\/85-g-xocolata-amb-llet-xocomon\/#breadcrumb\",\"itemListElement\":[{\"@type\":\"ListItem\",\"position\":1,\"name\":\"Portada\",\"item\":\"https:\/\/xocomon.com\/es\/\"},{\"@type\":\"ListItem\",\"position\":2,\"name\":\"Tienda\",\"item\":\"https:\/\/xocomon.com\/es\/tienda\/\"},{\"@type\":\"ListItem\",\"position\":3,\"name\":\"Tableta Chocolate con leche 85g\"}]},{\"@type\":\"WebSite\",\"@id\":\"https:\/\/xocomon.com\/#website\",\"url\":\"https:\/\/xocomon.com\/\",\"name\":\"Xocomon\",\"description\":\"\",\"potentialAction\":[{\"@type\":\"SearchAction\",\"target\":{\"@type\":\"EntryPoint\",\"urlTemplate\":\"https:\/\/xocomon.com\/?s={search_term_string}\"},\"query-input\":{\"@type\":\"PropertyValueSpecification\",\"valueRequired\":true,\"valueName\":\"search_term_string\"}}],\"inLanguage\":\"es\"}]}<\/script>\n<!-- \/ Yoast SEO plugin. -->","yoast_head_json":{"title":"Tableta Chocolate con leche 85g - Xocomon","description":"Tableta Chocolate con leche 85g, ingredientes: az\u00facar, pasta de cacao, manteca de cacao, leche entera en polvo, lecitina de soja aroma natural de vainilla","robots":{"index":"index","follow":"follow","max-snippet":"max-snippet:-1","max-image-preview":"max-image-preview:large","max-video-preview":"max-video-preview:-1"},"canonical":"https:\/\/xocomon.com\/producto\/85-g-xocolata-amb-llet-xocomon\/","og_locale":"es_ES","og_type":"article","og_title":"Tableta Chocolate con leche 85g - Xocomon","og_description":"Tableta Chocolate con leche 85g, ingredientes: az\u00facar, pasta de cacao, manteca de cacao, leche entera en polvo, lecitina de soja aroma natural de vainilla","og_url":"https:\/\/xocomon.com\/producto\/85-g-xocolata-amb-llet-xocomon\/","og_site_name":"Xocomon","article_publisher":"https:\/\/www.facebook.com\/xocomon\/","article_modified_time":"2026-04-14T05:27:51+00:00","og_image":[{"width":900,"height":900,"url":"https:\/\/xocomon.com\/wp-content\/uploads\/2019\/03\/85-GR-LECHE-1.jpg","type":"image\/jpeg"}],"twitter_card":"summary_large_image","twitter_misc":{"Tiempo de lectura":"2 minutos"},"schema":{"@context":"https:\/\/schema.org","@graph":[{"@type":"WebPage","@id":"https:\/\/xocomon.com\/producto\/85-g-xocolata-amb-llet-xocomon\/","url":"https:\/\/xocomon.com\/producto\/85-g-xocolata-amb-llet-xocomon\/","name":"Tableta Chocolate con leche 85g - Xocomon","isPartOf":{"@id":"https:\/\/xocomon.com\/#website"},"primaryImageOfPage":{"@id":"https:\/\/xocomon.com\/producto\/85-g-xocolata-amb-llet-xocomon\/#primaryimage"},"image":{"@id":"https:\/\/xocomon.com\/producto\/85-g-xocolata-amb-llet-xocomon\/#primaryimage"},"thumbnailUrl":"https:\/\/xocomon.com\/wp-content\/uploads\/2019\/03\/85-GR-LECHE-1.jpg","datePublished":"2019-03-11T08:23:39+00:00","dateModified":"2026-04-14T05:27:51+00:00","description":"Tableta Chocolate con leche 85g, ingredientes: az\u00facar, pasta de cacao, manteca de cacao, leche entera en polvo, lecitina de soja aroma natural de vainilla","breadcrumb":{"@id":"https:\/\/xocomon.com\/producto\/85-g-xocolata-amb-llet-xocomon\/#breadcrumb"},"inLanguage":"es","potentialAction":[{"@type":"ReadAction","target":["https:\/\/xocomon.com\/producto\/85-g-xocolata-amb-llet-xocomon\/"]}]},{"@type":"ImageObject","inLanguage":"es","@id":"https:\/\/xocomon.com\/producto\/85-g-xocolata-amb-llet-xocomon\/#primaryimage","url":"https:\/\/xocomon.com\/wp-content\/uploads\/2019\/03\/85-GR-LECHE-1.jpg","contentUrl":"https:\/\/xocomon.com\/wp-content\/uploads\/2019\/03\/85-GR-LECHE-1.jpg","width":900,"height":900,"caption":"Tableta Xocolata amb Llet 85g"},{"@type":"BreadcrumbList","@id":"https:\/\/xocomon.com\/producto\/85-g-xocolata-amb-llet-xocomon\/#breadcrumb","itemListElement":[{"@type":"ListItem","position":1,"name":"Portada","item":"https:\/\/xocomon.com\/es\/"},{"@type":"ListItem","position":2,"name":"Tienda","item":"https:\/\/xocomon.com\/es\/tienda\/"},{"@type":"ListItem","position":3,"name":"Tableta Chocolate con leche 85g"}]},{"@type":"WebSite","@id":"https:\/\/xocomon.com\/#website","url":"https:\/\/xocomon.com\/","name":"Xocomon","description":"","potentialAction":[{"@type":"SearchAction","target":{"@type":"EntryPoint","urlTemplate":"https:\/\/xocomon.com\/?s={search_term_string}"},"query-input":{"@type":"PropertyValueSpecification","valueRequired":true,"valueName":"search_term_string"}}],"inLanguage":"es"}]}},"tiered_pricing_type":"fixed","tiered_pricing_fixed_rules":{"2":4.55,"6":4.1,"10":3.64,"20":3.5},"tiered_pricing_product_settings":{"layout":"default","base_unit_name":{"singular":null,"plural":null},"default_variation":null},"tiered_pricing_minimum_quantity":null,"tiered_pricing_roles_data":[],"tiered_pricing_percentage_rules":[],"_links":{"self":[{"href":"https:\/\/xocomon.com\/es\/wp-json\/wp\/v2\/product\/6308","targetHints":{"allow":["GET"]}}],"collection":[{"href":"https:\/\/xocomon.com\/es\/wp-json\/wp\/v2\/product"}],"about":[{"href":"https:\/\/xocomon.com\/es\/wp-json\/wp\/v2\/types\/product"}],"replies":[{"embeddable":true,"href":"https:\/\/xocomon.com\/es\/wp-json\/wp\/v2\/comments?post=6308"}],"wp:featuredmedia":[{"embeddable":true,"href":"https:\/\/xocomon.com\/es\/wp-json\/wp\/v2\/media\/6029"}],"wp:attachment":[{"href":"https:\/\/xocomon.com\/es\/wp-json\/wp\/v2\/media?parent=6308"}],"wp:term":[{"taxonomy":"product_brand","embeddable":true,"href":"https:\/\/xocomon.com\/es\/wp-json\/wp\/v2\/product_brand?post=6308"},{"taxonomy":"product_cat","embeddable":true,"href":"https:\/\/xocomon.com\/es\/wp-json\/wp\/v2\/product_cat?post=6308"},{"taxonomy":"product_tag","embeddable":true,"href":"https:\/\/xocomon.com\/es\/wp-json\/wp\/v2\/product_tag?post=6308"}],"curies":[{"name":"wp","href":"https:\/\/api.w.org\/{rel}","templated":true}]}}