{"id":6305,"date":"2019-03-11T09:23:39","date_gmt":"2019-03-11T08:23:39","guid":{"rendered":"https:\/\/xocomon.com\/product\/chocolatina-con-leche-3-tabletas-de-20-gr\/"},"modified":"2026-04-14T06:27:48","modified_gmt":"2026-04-14T05:27:48","slug":"chocolatina-con-leche-3-tabletas-de-20-gr","status":"publish","type":"product","link":"https:\/\/xocomon.com\/es\/producto\/chocolatina-con-leche-3-tabletas-de-20-gr\/","title":{"rendered":"Chocolatina con leche, 3 tabletas  22g"},"content":{"rendered":"<p>Chocolatina con leche. 3 tabletas de 22 g<\/p>\n<p>Chocolate con leche sin trazas de frutos secos, sin gluten<br \/>\ningredientes: pasta de cacao, az\u00facar, manteca de cacao, <span style=\"color: #ed1c24\">leche entera en polvo<\/span>, emulgente: <span style=\"color: #ed1c24\">lecitina de soja<\/span>, aroma natural de vainilla.<\/p>\n<p>CONTIENE: leche y soja, y es apta para vegetarianos.<\/p>\n<p>Este chocolate es elaborado con una f\u00f3rmula tradicional y artesana y en moldes especiales para no contaminar el chocolate negro.<br \/>\nEste chocolate proviene de una f\u00e1brica donde aseguran que no contiene trazas de frutos secos.<br \/>\nSomos artesanos y lo transformamos en tableta sin a\u00f1adir ning\u00fan producto. As\u00ed sigue certificada, y aseguramos la m\u00e1xima calidad y sabor.<br \/>\nEs un chocolate belga, buen\u00edsima para peque\u00f1os y grandes.<\/p>\n","protected":false},"excerpt":{"rendered":"<p><strong>Chocolatina con leche. 3 tabletas de 22 g.<\/strong><\/p>\n<p>Es un chocolate belga, buen\u00edsima para peque\u00f1os y grandes.<\/p>\n<p>Es un formato muy c\u00f3modo para ir a la escuela, en el parque o de colonias.<\/p>\n<h4>Ingredientes:<\/h4>\n<ul>\n<li>Az\u00facar.<\/li>\n<li>Manteca de cacao.<\/li>\n<li>Leche en polvo.<\/li>\n<li>Pasta de cacao.<\/li>\n<li>Emulgente: lecitina de soja.<\/li>\n<li>Aroma natural de vainilla.<\/li>\n<\/ul>\n<p><span style=\"color: #ed1c24\"><span style=\"text-decoration: underline\"><strong>Contiene<\/strong><\/span>: leche y soja.<\/span><\/p>\n<h6>Es apta para vegetarianos.<\/h6>\n<img loading=\"lazy\" decoding=\"async\" class=\"size-full wp-image-20848 alignnone\" src=\"https:\/\/xocomon.com\/wp-content\/uploads\/2024\/04\/icons-con-leche.png\" alt=\"\" width=\"307\" height=\"81\" \/>\n","protected":false},"featured_media":5987,"comment_status":"open","ping_status":"closed","template":"","meta":[],"product_brand":[],"product_cat":[130,28,199,202],"product_tag":[396],"class_list":{"0":"post-6305","1":"product","2":"type-product","3":"status-publish","4":"has-post-thumbnail","6":"product_cat-chocolate","7":"product_cat-chocolate-con-leche","8":"product_cat-fiestas","9":"product_cat-chocolate-con-leche-fiestas","10":"product_tag-chocolatina-con-leche-3-tabletas-de-22-g","11":"tm-has-options","13":"first","14":"instock","15":"taxable","16":"shipping-taxable","17":"purchasable","18":"product-type-simple"},"yoast_head":"<!-- This site is optimized with the Yoast SEO plugin v26.7 - https:\/\/yoast.com\/wordpress\/plugins\/seo\/ -->\n<title>Chocolatina con leche, 3 tabletas 22g - Xocomon<\/title>\n<meta name=\"description\" content=\"Chocolatina con leche. 3 tabletas de 22 g, ingredientes: az\u00facar, pasta de cacao, manteca de cacao, leche entera en polvo, lecitina de soja y aroma\" \/>\n<meta name=\"robots\" content=\"index, follow, max-snippet:-1, max-image-preview:large, max-video-preview:-1\" \/>\n<link rel=\"canonical\" href=\"https:\/\/xocomon.com\/producto\/xocolatina-amb-llet-3-tauletes-de-22-gr\/\" \/>\n<meta property=\"og:locale\" content=\"es_ES\" \/>\n<meta property=\"og:type\" content=\"article\" \/>\n<meta property=\"og:title\" content=\"Chocolatina con leche, 3 tabletas 22g - Xocomon\" \/>\n<meta property=\"og:description\" content=\"Chocolatina con leche. 3 tabletas de 22 g, ingredientes: az\u00facar, pasta de cacao, manteca de cacao, leche entera en polvo, lecitina de soja y aroma\" \/>\n<meta property=\"og:url\" content=\"https:\/\/xocomon.com\/producto\/xocolatina-amb-llet-3-tauletes-de-22-gr\/\" \/>\n<meta property=\"og:site_name\" content=\"Xocomon\" \/>\n<meta property=\"article:publisher\" content=\"https:\/\/www.facebook.com\/xocomon\/\" \/>\n<meta property=\"article:modified_time\" content=\"2026-04-14T05:27:48+00:00\" \/>\n<meta property=\"og:image\" content=\"https:\/\/xocomon.com\/wp-content\/uploads\/2019\/03\/CHOCOLATINA-LECHE-1.jpg\" \/>\n\t<meta property=\"og:image:width\" content=\"900\" \/>\n\t<meta property=\"og:image:height\" content=\"900\" \/>\n\t<meta property=\"og:image:type\" content=\"image\/jpeg\" \/>\n<meta name=\"twitter:card\" content=\"summary_large_image\" \/>\n<meta name=\"twitter:label1\" content=\"Tiempo de lectura\" \/>\n\t<meta name=\"twitter:data1\" content=\"1 minuto\" \/>\n<script type=\"application\/ld+json\" class=\"yoast-schema-graph\">{\"@context\":\"https:\/\/schema.org\",\"@graph\":[{\"@type\":\"WebPage\",\"@id\":\"https:\/\/xocomon.com\/producto\/xocolatina-amb-llet-3-tauletes-de-22-gr\/\",\"url\":\"https:\/\/xocomon.com\/producto\/xocolatina-amb-llet-3-tauletes-de-22-gr\/\",\"name\":\"Chocolatina con leche, 3 tabletas 22g - Xocomon\",\"isPartOf\":{\"@id\":\"https:\/\/xocomon.com\/#website\"},\"primaryImageOfPage\":{\"@id\":\"https:\/\/xocomon.com\/producto\/xocolatina-amb-llet-3-tauletes-de-22-gr\/#primaryimage\"},\"image\":{\"@id\":\"https:\/\/xocomon.com\/producto\/xocolatina-amb-llet-3-tauletes-de-22-gr\/#primaryimage\"},\"thumbnailUrl\":\"https:\/\/xocomon.com\/wp-content\/uploads\/2019\/03\/CHOCOLATINA-LECHE-1.jpg\",\"datePublished\":\"2019-03-11T08:23:39+00:00\",\"dateModified\":\"2026-04-14T05:27:48+00:00\",\"description\":\"Chocolatina con leche. 3 tabletas de 22 g, ingredientes: az\u00facar, pasta de cacao, manteca de cacao, leche entera en polvo, lecitina de soja y aroma\",\"breadcrumb\":{\"@id\":\"https:\/\/xocomon.com\/producto\/xocolatina-amb-llet-3-tauletes-de-22-gr\/#breadcrumb\"},\"inLanguage\":\"es\",\"potentialAction\":[{\"@type\":\"ReadAction\",\"target\":[\"https:\/\/xocomon.com\/producto\/xocolatina-amb-llet-3-tauletes-de-22-gr\/\"]}]},{\"@type\":\"ImageObject\",\"inLanguage\":\"es\",\"@id\":\"https:\/\/xocomon.com\/producto\/xocolatina-amb-llet-3-tauletes-de-22-gr\/#primaryimage\",\"url\":\"https:\/\/xocomon.com\/wp-content\/uploads\/2019\/03\/CHOCOLATINA-LECHE-1.jpg\",\"contentUrl\":\"https:\/\/xocomon.com\/wp-content\/uploads\/2019\/03\/CHOCOLATINA-LECHE-1.jpg\",\"width\":900,\"height\":900},{\"@type\":\"BreadcrumbList\",\"@id\":\"https:\/\/xocomon.com\/producto\/xocolatina-amb-llet-3-tauletes-de-22-gr\/#breadcrumb\",\"itemListElement\":[{\"@type\":\"ListItem\",\"position\":1,\"name\":\"Portada\",\"item\":\"https:\/\/xocomon.com\/es\/\"},{\"@type\":\"ListItem\",\"position\":2,\"name\":\"Tienda\",\"item\":\"https:\/\/xocomon.com\/es\/tienda\/\"},{\"@type\":\"ListItem\",\"position\":3,\"name\":\"Chocolatina con leche, 3 tabletas 22g\"}]},{\"@type\":\"WebSite\",\"@id\":\"https:\/\/xocomon.com\/#website\",\"url\":\"https:\/\/xocomon.com\/\",\"name\":\"Xocomon\",\"description\":\"\",\"potentialAction\":[{\"@type\":\"SearchAction\",\"target\":{\"@type\":\"EntryPoint\",\"urlTemplate\":\"https:\/\/xocomon.com\/?s={search_term_string}\"},\"query-input\":{\"@type\":\"PropertyValueSpecification\",\"valueRequired\":true,\"valueName\":\"search_term_string\"}}],\"inLanguage\":\"es\"}]}<\/script>\n<!-- \/ Yoast SEO plugin. -->","yoast_head_json":{"title":"Chocolatina con leche, 3 tabletas 22g - Xocomon","description":"Chocolatina con leche. 3 tabletas de 22 g, ingredientes: az\u00facar, pasta de cacao, manteca de cacao, leche entera en polvo, lecitina de soja y aroma","robots":{"index":"index","follow":"follow","max-snippet":"max-snippet:-1","max-image-preview":"max-image-preview:large","max-video-preview":"max-video-preview:-1"},"canonical":"https:\/\/xocomon.com\/producto\/xocolatina-amb-llet-3-tauletes-de-22-gr\/","og_locale":"es_ES","og_type":"article","og_title":"Chocolatina con leche, 3 tabletas 22g - Xocomon","og_description":"Chocolatina con leche. 3 tabletas de 22 g, ingredientes: az\u00facar, pasta de cacao, manteca de cacao, leche entera en polvo, lecitina de soja y aroma","og_url":"https:\/\/xocomon.com\/producto\/xocolatina-amb-llet-3-tauletes-de-22-gr\/","og_site_name":"Xocomon","article_publisher":"https:\/\/www.facebook.com\/xocomon\/","article_modified_time":"2026-04-14T05:27:48+00:00","og_image":[{"width":900,"height":900,"url":"https:\/\/xocomon.com\/wp-content\/uploads\/2019\/03\/CHOCOLATINA-LECHE-1.jpg","type":"image\/jpeg"}],"twitter_card":"summary_large_image","twitter_misc":{"Tiempo de lectura":"1 minuto"},"schema":{"@context":"https:\/\/schema.org","@graph":[{"@type":"WebPage","@id":"https:\/\/xocomon.com\/producto\/xocolatina-amb-llet-3-tauletes-de-22-gr\/","url":"https:\/\/xocomon.com\/producto\/xocolatina-amb-llet-3-tauletes-de-22-gr\/","name":"Chocolatina con leche, 3 tabletas 22g - Xocomon","isPartOf":{"@id":"https:\/\/xocomon.com\/#website"},"primaryImageOfPage":{"@id":"https:\/\/xocomon.com\/producto\/xocolatina-amb-llet-3-tauletes-de-22-gr\/#primaryimage"},"image":{"@id":"https:\/\/xocomon.com\/producto\/xocolatina-amb-llet-3-tauletes-de-22-gr\/#primaryimage"},"thumbnailUrl":"https:\/\/xocomon.com\/wp-content\/uploads\/2019\/03\/CHOCOLATINA-LECHE-1.jpg","datePublished":"2019-03-11T08:23:39+00:00","dateModified":"2026-04-14T05:27:48+00:00","description":"Chocolatina con leche. 3 tabletas de 22 g, ingredientes: az\u00facar, pasta de cacao, manteca de cacao, leche entera en polvo, lecitina de soja y aroma","breadcrumb":{"@id":"https:\/\/xocomon.com\/producto\/xocolatina-amb-llet-3-tauletes-de-22-gr\/#breadcrumb"},"inLanguage":"es","potentialAction":[{"@type":"ReadAction","target":["https:\/\/xocomon.com\/producto\/xocolatina-amb-llet-3-tauletes-de-22-gr\/"]}]},{"@type":"ImageObject","inLanguage":"es","@id":"https:\/\/xocomon.com\/producto\/xocolatina-amb-llet-3-tauletes-de-22-gr\/#primaryimage","url":"https:\/\/xocomon.com\/wp-content\/uploads\/2019\/03\/CHOCOLATINA-LECHE-1.jpg","contentUrl":"https:\/\/xocomon.com\/wp-content\/uploads\/2019\/03\/CHOCOLATINA-LECHE-1.jpg","width":900,"height":900},{"@type":"BreadcrumbList","@id":"https:\/\/xocomon.com\/producto\/xocolatina-amb-llet-3-tauletes-de-22-gr\/#breadcrumb","itemListElement":[{"@type":"ListItem","position":1,"name":"Portada","item":"https:\/\/xocomon.com\/es\/"},{"@type":"ListItem","position":2,"name":"Tienda","item":"https:\/\/xocomon.com\/es\/tienda\/"},{"@type":"ListItem","position":3,"name":"Chocolatina con leche, 3 tabletas 22g"}]},{"@type":"WebSite","@id":"https:\/\/xocomon.com\/#website","url":"https:\/\/xocomon.com\/","name":"Xocomon","description":"","potentialAction":[{"@type":"SearchAction","target":{"@type":"EntryPoint","urlTemplate":"https:\/\/xocomon.com\/?s={search_term_string}"},"query-input":{"@type":"PropertyValueSpecification","valueRequired":true,"valueName":"search_term_string"}}],"inLanguage":"es"}]}},"tiered_pricing_type":"fixed","tiered_pricing_fixed_rules":[],"tiered_pricing_product_settings":{"layout":"default","base_unit_name":{"singular":null,"plural":null},"default_variation":null},"tiered_pricing_minimum_quantity":null,"tiered_pricing_roles_data":[],"tiered_pricing_percentage_rules":[],"_links":{"self":[{"href":"https:\/\/xocomon.com\/es\/wp-json\/wp\/v2\/product\/6305","targetHints":{"allow":["GET"]}}],"collection":[{"href":"https:\/\/xocomon.com\/es\/wp-json\/wp\/v2\/product"}],"about":[{"href":"https:\/\/xocomon.com\/es\/wp-json\/wp\/v2\/types\/product"}],"replies":[{"embeddable":true,"href":"https:\/\/xocomon.com\/es\/wp-json\/wp\/v2\/comments?post=6305"}],"wp:featuredmedia":[{"embeddable":true,"href":"https:\/\/xocomon.com\/es\/wp-json\/wp\/v2\/media\/5987"}],"wp:attachment":[{"href":"https:\/\/xocomon.com\/es\/wp-json\/wp\/v2\/media?parent=6305"}],"wp:term":[{"taxonomy":"product_brand","embeddable":true,"href":"https:\/\/xocomon.com\/es\/wp-json\/wp\/v2\/product_brand?post=6305"},{"taxonomy":"product_cat","embeddable":true,"href":"https:\/\/xocomon.com\/es\/wp-json\/wp\/v2\/product_cat?post=6305"},{"taxonomy":"product_tag","embeddable":true,"href":"https:\/\/xocomon.com\/es\/wp-json\/wp\/v2\/product_tag?post=6305"}],"curies":[{"name":"wp","href":"https:\/\/api.w.org\/{rel}","templated":true}]}}