{"id":28651,"date":"2026-04-11T09:49:57","date_gmt":"2026-04-11T08:49:57","guid":{"rendered":"https:\/\/xocomon.com\/?post_type=product&#038;p=28651"},"modified":"2026-04-17T09:04:01","modified_gmt":"2026-04-17T08:04:01","slug":"piruleta-de-chocolate-negro-sant-jordi","status":"publish","type":"product","link":"https:\/\/xocomon.com\/es\/producto\/piruleta-de-chocolate-negro-sant-jordi\/","title":{"rendered":"Piruleta de Chocolate Negro Sant Jordi"},"content":{"rendered":"<pre id=\"tw-target-text\" class=\"tw-data-text tw-text-large tw-ta\" dir=\"ltr\" tabindex=\"-1\" role=\"text\" data-placeholder=\"Traducci\u00f3\" data-ved=\"2ahUKEwjR4rTtk-OTAxVN_rsIHdtlAnkQ3ewLegQIFBAW\" aria-label=\"Text tradu\u00eft: PIRULETA DE CHOCOLATE NEGRO DRAG\u00d3 ST JORDI PIRULETA DE CHOCOLATE NEGRO DRAG\u00d3 ST JORDI Una piruleta de chocolate de Xocomon es un lujo para todos y si todo el mundo la puede comer, es fant\u00e1stica. La hicimos porque siempre ha sido una petici\u00f3n vuestra. As\u00ed que sus peticiones son pedidos para nosotros y aqu\u00ed la tiene! Para todos y para aperitivos de lujo inolvidables. Nos encanta el chocolate Xocomon y hacerles felices. Son de 30 gr, bien equilibradas y con un palo muy largo, todas dicen XOCOMON, \u00a1as\u00ed que es imposible confundirlas! Somos artesanos, hacemos cada piruleta a mano, una por una. Sin prisa con todo el amor. \u00bfPor qu\u00e9 chocolate Xocomon? Porque es segura, deliciosa y \u00fanica. Este proyecto naci\u00f3 de la necesidad de hacer chocolate sin trazas de frutos secos. A partir de aqu\u00ed tambi\u00e9n es sin gluten, sin l\u00e1cteos, sin soja, sin huevo y sin cacahuetes. Muchos de vosotros nos preguntan por qu\u00e9 hacemos chocolate con leche, si la leche es un al\u00e9rgeno? Claudia finalmente es el chocolate que quer\u00eda ya que tolera la prote\u00edna de la leche. Y \u00e9sta es nuestra raz\u00f3n de ser. A partir de ah\u00ed vimos que hay mucha gente al\u00e9rgica a la prote\u00edna de la leche y hicimos chocolate negro sin leche ni trazas. As\u00ed pues, ahora nos saben un poco m\u00e1s, esperamos que les guste. Seguridad La seguridad es nuestra raz\u00f3n de ser. Compramos chocolate certificado sin frutos secos al proveedor. Por tanto, nuestros proveedores son grandes productores de cacao. Nuevos obradores en Matar\u00f3 desde 2023.\"><span class=\"Y2IQFc\" lang=\"es\" style=\"font-family: arial, helvetica, sans-serif;\">PIRULETA DE CHOCOLATE NEGRO DRAGON ST JORDI\r\n\r\n<strong>PIRULETA DE CHOCOLATE NEGRO DRAGON ST JORDI<\/strong>\r\n\r\nUna piruleta de chocolate de Xocomon es un lujo para todos y si todo el mundo la puede comer, es fant\u00e1stica.\r\n\r\nLa hicimos porque siempre ha sido una petici\u00f3n vuestra. As\u00ed que sus peticiones son pedidos para nosotros y aqu\u00ed la tiene! Para todos y para aperitivos de lujo inolvidables. Nos encanta el chocolate Xocomon y hacerles felices.\r\n\r\nSon de 30 gr, bien equilibradas y con un palo muy largo, todas dicen XOCOMON, \u00a1as\u00ed que es imposible confundirlas!\r\n\r\nSomos artesanos, hacemos cada piruleta a mano, una por una. Sin prisa con todo el amor.\r\n\r\n\u00bfPor qu\u00e9 chocolate Xocomon?\r\n\r\nPorque es segura, deliciosa y \u00fanica.\r\n\r\nEste proyecto naci\u00f3 de la necesidad de hacer chocolate sin trazas de frutos secos.\r\n\r\nA partir de aqu\u00ed tambi\u00e9n es sin gluten, sin l\u00e1cteos, sin soja, sin huevo y sin cacahuetes.\r\n\r\nMuchos de vosotros nos preguntan por qu\u00e9 hacemos chocolate con leche, si la leche es un al\u00e9rgeno?\r\n\r\nClaudia finalmente es el chocolate que quer\u00eda ya que tolera la prote\u00edna de la leche.\r\n\r\nY \u00e9sta es nuestra raz\u00f3n de ser.\r\n\r\nA partir de ah\u00ed vimos que hay mucha gente al\u00e9rgica a la prote\u00edna de la leche y hicimos chocolate negro sin leche ni trazas.\r\n\r\nAs\u00ed pues, ahora nos saben un poco m\u00e1s, esperamos que les guste.\r\n\r\nSeguridad\r\n\r\nLa seguridad es nuestra raz\u00f3n de ser.\r\n\r\nCompramos chocolate certificado sin frutos secos al proveedor.\r\n\r\nPor tanto, nuestros proveedores son grandes productores de cacao.\r\n\r\nNuevos obradores en Matar\u00f3 desde 2023.<\/span><\/pre>\n","protected":false},"excerpt":{"rendered":"<p><span class=\"Y2IQFc\" lang=\"es\" style=\"font-family: arial, helvetica, sans-serif;\">PIRULETA CHOCOLATE NEGRO drag\u00f3n de st Jordi<\/span><\/p>\n<p>Ingredientes: Pasta de cacao, az\u00facar, mantequilla de cacao.<\/p>\n<p>peso 30g<\/p>\n<p>SIN TRAZAS DE FRUTOS SECOS, LECHE, HUEVO, CACAHUET, GLUTEN Y SOJA.<\/p>\n","protected":false},"featured_media":28655,"comment_status":"open","ping_status":"closed","template":"","meta":[],"product_brand":[],"product_cat":[1563,130,127,199,203],"product_tag":[],"class_list":{"0":"post-28651","1":"product","2":"type-product","3":"status-publish","4":"has-post-thumbnail","6":"product_cat-love","7":"product_cat-chocolate","8":"product_cat-chocolate-negro","9":"product_cat-fiestas","10":"product_cat-chocolate-negro-fiestas","11":"tm-has-options","13":"first","14":"instock","15":"taxable","16":"shipping-taxable","17":"purchasable","18":"product-type-simple"},"yoast_head":"<!-- This site is optimized with the Yoast SEO plugin v26.7 - https:\/\/yoast.com\/wordpress\/plugins\/seo\/ -->\n<title>Piruleta de Chocolate Negro Sant Jordi - Xocomon<\/title>\n<meta name=\"description\" content=\"PIRULETA chocolate negro. Ingredientes: Pasta de cacao, az\u00facar, manteca de cacao, emulgente: lecitina de soja, aroma natural de vainilla.\" \/>\n<meta name=\"robots\" content=\"index, follow, max-snippet:-1, max-image-preview:large, max-video-preview:-1\" \/>\n<link rel=\"canonical\" href=\"https:\/\/xocomon.com\/es\/producto\/piruleta-de-chocolate-negro-sant-jordi\/\" \/>\n<meta property=\"og:locale\" content=\"es_ES\" \/>\n<meta property=\"og:type\" content=\"article\" \/>\n<meta property=\"og:title\" content=\"Piruleta de Chocolate Negro Sant Jordi - Xocomon\" \/>\n<meta property=\"og:description\" content=\"PIRULETA chocolate negro. Ingredientes: Pasta de cacao, az\u00facar, manteca de cacao, emulgente: lecitina de soja, aroma natural de vainilla.\" \/>\n<meta property=\"og:url\" content=\"https:\/\/xocomon.com\/es\/producto\/piruleta-de-chocolate-negro-sant-jordi\/\" \/>\n<meta property=\"og:site_name\" content=\"Xocomon\" \/>\n<meta property=\"article:publisher\" content=\"https:\/\/www.facebook.com\/xocomon\/\" \/>\n<meta property=\"article:modified_time\" content=\"2026-04-17T08:04:01+00:00\" \/>\n<meta property=\"og:image\" content=\"https:\/\/xocomon.com\/wp-content\/uploads\/2026\/04\/1.png\" \/>\n\t<meta property=\"og:image:width\" content=\"1080\" \/>\n\t<meta property=\"og:image:height\" content=\"1350\" \/>\n\t<meta property=\"og:image:type\" content=\"image\/png\" \/>\n<meta name=\"twitter:card\" content=\"summary_large_image\" \/>\n<meta name=\"twitter:label1\" content=\"Tiempo de lectura\" \/>\n\t<meta name=\"twitter:data1\" content=\"1 minuto\" \/>\n<script type=\"application\/ld+json\" class=\"yoast-schema-graph\">{\"@context\":\"https:\/\/schema.org\",\"@graph\":[{\"@type\":\"WebPage\",\"@id\":\"https:\/\/xocomon.com\/es\/producto\/piruleta-de-chocolate-negro-sant-jordi\/\",\"url\":\"https:\/\/xocomon.com\/es\/producto\/piruleta-de-chocolate-negro-sant-jordi\/\",\"name\":\"Piruleta de Chocolate Negro Sant Jordi - Xocomon\",\"isPartOf\":{\"@id\":\"https:\/\/xocomon.com\/#website\"},\"primaryImageOfPage\":{\"@id\":\"https:\/\/xocomon.com\/es\/producto\/piruleta-de-chocolate-negro-sant-jordi\/#primaryimage\"},\"image\":{\"@id\":\"https:\/\/xocomon.com\/es\/producto\/piruleta-de-chocolate-negro-sant-jordi\/#primaryimage\"},\"thumbnailUrl\":\"https:\/\/xocomon.com\/wp-content\/uploads\/2026\/04\/1.png\",\"datePublished\":\"2026-04-11T08:49:57+00:00\",\"dateModified\":\"2026-04-17T08:04:01+00:00\",\"description\":\"PIRULETA chocolate negro. Ingredientes: Pasta de cacao, az\u00facar, manteca de cacao, emulgente: lecitina de soja, aroma natural de vainilla.\",\"breadcrumb\":{\"@id\":\"https:\/\/xocomon.com\/es\/producto\/piruleta-de-chocolate-negro-sant-jordi\/#breadcrumb\"},\"inLanguage\":\"es\",\"potentialAction\":[{\"@type\":\"ReadAction\",\"target\":[\"https:\/\/xocomon.com\/es\/producto\/piruleta-de-chocolate-negro-sant-jordi\/\"]}]},{\"@type\":\"ImageObject\",\"inLanguage\":\"es\",\"@id\":\"https:\/\/xocomon.com\/es\/producto\/piruleta-de-chocolate-negro-sant-jordi\/#primaryimage\",\"url\":\"https:\/\/xocomon.com\/wp-content\/uploads\/2026\/04\/1.png\",\"contentUrl\":\"https:\/\/xocomon.com\/wp-content\/uploads\/2026\/04\/1.png\",\"width\":1080,\"height\":1350},{\"@type\":\"BreadcrumbList\",\"@id\":\"https:\/\/xocomon.com\/es\/producto\/piruleta-de-chocolate-negro-sant-jordi\/#breadcrumb\",\"itemListElement\":[{\"@type\":\"ListItem\",\"position\":1,\"name\":\"Portada\",\"item\":\"https:\/\/xocomon.com\/es\/\"},{\"@type\":\"ListItem\",\"position\":2,\"name\":\"Tienda\",\"item\":\"https:\/\/xocomon.com\/es\/tienda\/\"},{\"@type\":\"ListItem\",\"position\":3,\"name\":\"Piruleta de Chocolate Negro Sant Jordi\"}]},{\"@type\":\"WebSite\",\"@id\":\"https:\/\/xocomon.com\/#website\",\"url\":\"https:\/\/xocomon.com\/\",\"name\":\"Xocomon\",\"description\":\"\",\"potentialAction\":[{\"@type\":\"SearchAction\",\"target\":{\"@type\":\"EntryPoint\",\"urlTemplate\":\"https:\/\/xocomon.com\/?s={search_term_string}\"},\"query-input\":{\"@type\":\"PropertyValueSpecification\",\"valueRequired\":true,\"valueName\":\"search_term_string\"}}],\"inLanguage\":\"es\"}]}<\/script>\n<!-- \/ Yoast SEO plugin. -->","yoast_head_json":{"title":"Piruleta de Chocolate Negro Sant Jordi - Xocomon","description":"PIRULETA chocolate negro. Ingredientes: Pasta de cacao, az\u00facar, manteca de cacao, emulgente: lecitina de soja, aroma natural de vainilla.","robots":{"index":"index","follow":"follow","max-snippet":"max-snippet:-1","max-image-preview":"max-image-preview:large","max-video-preview":"max-video-preview:-1"},"canonical":"https:\/\/xocomon.com\/es\/producto\/piruleta-de-chocolate-negro-sant-jordi\/","og_locale":"es_ES","og_type":"article","og_title":"Piruleta de Chocolate Negro Sant Jordi - Xocomon","og_description":"PIRULETA chocolate negro. Ingredientes: Pasta de cacao, az\u00facar, manteca de cacao, emulgente: lecitina de soja, aroma natural de vainilla.","og_url":"https:\/\/xocomon.com\/es\/producto\/piruleta-de-chocolate-negro-sant-jordi\/","og_site_name":"Xocomon","article_publisher":"https:\/\/www.facebook.com\/xocomon\/","article_modified_time":"2026-04-17T08:04:01+00:00","og_image":[{"width":1080,"height":1350,"url":"https:\/\/xocomon.com\/wp-content\/uploads\/2026\/04\/1.png","type":"image\/png"}],"twitter_card":"summary_large_image","twitter_misc":{"Tiempo de lectura":"1 minuto"},"schema":{"@context":"https:\/\/schema.org","@graph":[{"@type":"WebPage","@id":"https:\/\/xocomon.com\/es\/producto\/piruleta-de-chocolate-negro-sant-jordi\/","url":"https:\/\/xocomon.com\/es\/producto\/piruleta-de-chocolate-negro-sant-jordi\/","name":"Piruleta de Chocolate Negro Sant Jordi - Xocomon","isPartOf":{"@id":"https:\/\/xocomon.com\/#website"},"primaryImageOfPage":{"@id":"https:\/\/xocomon.com\/es\/producto\/piruleta-de-chocolate-negro-sant-jordi\/#primaryimage"},"image":{"@id":"https:\/\/xocomon.com\/es\/producto\/piruleta-de-chocolate-negro-sant-jordi\/#primaryimage"},"thumbnailUrl":"https:\/\/xocomon.com\/wp-content\/uploads\/2026\/04\/1.png","datePublished":"2026-04-11T08:49:57+00:00","dateModified":"2026-04-17T08:04:01+00:00","description":"PIRULETA chocolate negro. Ingredientes: Pasta de cacao, az\u00facar, manteca de cacao, emulgente: lecitina de soja, aroma natural de vainilla.","breadcrumb":{"@id":"https:\/\/xocomon.com\/es\/producto\/piruleta-de-chocolate-negro-sant-jordi\/#breadcrumb"},"inLanguage":"es","potentialAction":[{"@type":"ReadAction","target":["https:\/\/xocomon.com\/es\/producto\/piruleta-de-chocolate-negro-sant-jordi\/"]}]},{"@type":"ImageObject","inLanguage":"es","@id":"https:\/\/xocomon.com\/es\/producto\/piruleta-de-chocolate-negro-sant-jordi\/#primaryimage","url":"https:\/\/xocomon.com\/wp-content\/uploads\/2026\/04\/1.png","contentUrl":"https:\/\/xocomon.com\/wp-content\/uploads\/2026\/04\/1.png","width":1080,"height":1350},{"@type":"BreadcrumbList","@id":"https:\/\/xocomon.com\/es\/producto\/piruleta-de-chocolate-negro-sant-jordi\/#breadcrumb","itemListElement":[{"@type":"ListItem","position":1,"name":"Portada","item":"https:\/\/xocomon.com\/es\/"},{"@type":"ListItem","position":2,"name":"Tienda","item":"https:\/\/xocomon.com\/es\/tienda\/"},{"@type":"ListItem","position":3,"name":"Piruleta de Chocolate Negro Sant Jordi"}]},{"@type":"WebSite","@id":"https:\/\/xocomon.com\/#website","url":"https:\/\/xocomon.com\/","name":"Xocomon","description":"","potentialAction":[{"@type":"SearchAction","target":{"@type":"EntryPoint","urlTemplate":"https:\/\/xocomon.com\/?s={search_term_string}"},"query-input":{"@type":"PropertyValueSpecification","valueRequired":true,"valueName":"search_term_string"}}],"inLanguage":"es"}]}},"tiered_pricing_type":"fixed","tiered_pricing_fixed_rules":[],"tiered_pricing_product_settings":{"layout":"default","base_unit_name":{"singular":null,"plural":null},"default_variation":null},"tiered_pricing_minimum_quantity":null,"tiered_pricing_roles_data":[],"tiered_pricing_percentage_rules":[],"_links":{"self":[{"href":"https:\/\/xocomon.com\/es\/wp-json\/wp\/v2\/product\/28651","targetHints":{"allow":["GET"]}}],"collection":[{"href":"https:\/\/xocomon.com\/es\/wp-json\/wp\/v2\/product"}],"about":[{"href":"https:\/\/xocomon.com\/es\/wp-json\/wp\/v2\/types\/product"}],"replies":[{"embeddable":true,"href":"https:\/\/xocomon.com\/es\/wp-json\/wp\/v2\/comments?post=28651"}],"wp:featuredmedia":[{"embeddable":true,"href":"https:\/\/xocomon.com\/es\/wp-json\/wp\/v2\/media\/28655"}],"wp:attachment":[{"href":"https:\/\/xocomon.com\/es\/wp-json\/wp\/v2\/media?parent=28651"}],"wp:term":[{"taxonomy":"product_brand","embeddable":true,"href":"https:\/\/xocomon.com\/es\/wp-json\/wp\/v2\/product_brand?post=28651"},{"taxonomy":"product_cat","embeddable":true,"href":"https:\/\/xocomon.com\/es\/wp-json\/wp\/v2\/product_cat?post=28651"},{"taxonomy":"product_tag","embeddable":true,"href":"https:\/\/xocomon.com\/es\/wp-json\/wp\/v2\/product_tag?post=28651"}],"curies":[{"name":"wp","href":"https:\/\/api.w.org\/{rel}","templated":true}]}}