{"id":28638,"date":"2026-04-10T12:29:21","date_gmt":"2026-04-10T11:29:21","guid":{"rendered":"https:\/\/xocomon.com\/?post_type=product&#038;p=28638"},"modified":"2026-04-17T08:55:11","modified_gmt":"2026-04-17T07:55:11","slug":"huevo-de-chocolate-negro-con-sorpresa-en-el-interior-dragon-de-peluche-de-sant-jordi","status":"publish","type":"product","link":"https:\/\/xocomon.com\/es\/producto\/huevo-de-chocolate-negro-con-sorpresa-en-el-interior-dragon-de-peluche-de-sant-jordi\/","title":{"rendered":"Huevo de Chocolate negro con Sorpresa en el Interior \u2013 Drag\u00f3n de peluche de Sant Jordi"},"content":{"rendered":"<pre id=\"tw-target-text\" class=\"tw-data-text tw-text-large tw-ta\" dir=\"ltr\" tabindex=\"-1\" role=\"text\" data-placeholder=\"Traducci\u00f3\" data-ved=\"2ahUKEwj6yvuJ1tOSAxVXUkEAHWu1ArQQ3ewLegQIChAX\" aria-label=\"Text tradu\u00eft: HUEVO DE PASCUA 300 g de chocolate negro Xocomon \u2013 Pureza, intensidad y calidad para todos Descubre el Huevo de Pascua de 300 g de chocolate negro Xocomon, una propuesta pura y elegante para los amantes del chocolate intenso. Elaborado con s\u00f3lo 3 ingredientes, esta joya de Pascua destaca por su sabor profundo, equilibrado y aut\u00e9ntico. Es un huevo de Pascua vegano, sin alergen alguno, pensado para que todo el mundo lo pueda disfrutar con total tranquilidad. Con 300 gramos de chocolate negro de alta calidad, es ideal para regalar, compartir o convertir la celebraci\u00f3n de Pascua en un momento especial. Su cuidado acabado y su presencia elegante lo hacen perfecto tanto para peque\u00f1os como para mayores. Con Xocomon, menos es m\u00e1s: s\u00f3lo tres ingredientes, m\u00e1xima calidad y intenso sabor. \u2714 300 g de chocolate negro premium \u2714 Sin al\u00e9rgenos \u2714 S\u00f3lo 3 ingredientes \u2714 100% vegano \u2714 Perfecto para todos Celebra la Pascua con la intensidad y la seguridad del Huevo de Pascua Xocomon.\"><span class=\"Y2IQFc\" lang=\"es\" style=\"font-family: helvetica, arial, sans-serif;\">HUEVO  300 g de chocolate negro Xocomon con SORPRESA en el interior. Peluche de drag\u00f3n \u2013 Pureza, intensidad y calidad para todos\r\n\r\nDescubre el Huevo de 300 g de chocolate negro Xocomon, una propuesta pura y elegante para los amantes del chocolate intenso. \r\n\r\nElaborado con s\u00f3lo 3 ingredientes, esta joya destaca por su sabor profundo, equilibrado y aut\u00e9ntico.\r\n\r\nEs un huevo vegano, sin al\u00e9rgeno alguno, pensado para que todo el mundo lo pueda disfrutar con total tranquilidad.\r\n\r\nCon 300 gramos de chocolate negro de alta calidad, es ideal para regalar, compartir o convertir la celebraci\u00f3n de st Jordi en un momento especial. Su cuidado acabado y su presencia elegante lo hacen perfecto tanto para peque\u00f1os como para mayores.\r\n\r\nCon Xocomon, menos es m\u00e1s: s\u00f3lo tres ingredientes, m\u00e1xima calidad y intenso sabor.\r\n\r\n\u2714 300 g de chocolate negro premium\r\n\u2714 Sin al\u00e9rgenos\r\n\u2714 S\u00f3lo 3 ingredientes\r\n\u2714 100% vegano\r\n\u2714 Perfecto para todos\r\n\r\nCelebra la vida con la intensidad y la seguridad del Huevo de Xocomon.<\/span><\/pre>\n<p>&nbsp;<\/p>\n<p><span data-sheets-value=\"{&quot;1&quot;:2,&quot;2&quot;:&quot;Huevo de Pascua de Chocolate Negro CON SORPRESA EN EL INTERIOR, para al\u00e9rgicos,SIN frutos secos, cacahuete, leche, huevo, gluten y SIN TRAZAS de todos ellos.n400gr, 18 cm de alto, empaquetados y listos para entregar a tu ahijad@ y hacerl@ disfrutar de esta &quot;Mona&quot; de oro negra.nLa tradici\u00f3n del huevo de Pascua o mona de Pascua: Durante siglos, y hasta bien entrado el siglo XX, fue costumbre entre los pasteleros y tambi\u00e9n en las casas, hacer roscones o tortas con huevos duros incrustados en la superficie, que los padrinos regalaban a sus ahijados el domingo de Pascua o el d\u00eda siguiente. Seg\u00fan la tradici\u00f3n, el dulce deb\u00eda tener tantos huevos como a\u00f1os ten\u00eda el ni\u00f1o o ni\u00f1a a quien iba destinado, hasta que ya hab\u00eda hecho la primera comuni\u00f3n. Con los a\u00f1os, los huevos pasaron a ser de chocolate, y hoy &quot;la mona&quot; se ha convertido en una figura de chocolate que puede ser de muchos tipos y colores: podemos encontrar desde el huevo tradicional hasta personajes de dibujos, animales, jugadores de f\u00fatbol, \u200b\u200betc.nA XOCOMON no queremos que nadie se quede sin Huevo de Pascua por problemas de alergia, es por eso que hemos decidido hacer disfrutar a todo el mundo de esta hermosa tradici\u00f3n que une padrinos y ahijados con esta &quot;mona&quot; deliciosa . Ingredientes: pasta de cacao, az\u00facar, manteca de cacao; emulgente :lecitina de soja; aroma natural de vainilla .nNo contiene trazas de leche ni frutos secos, leche, huevo,ni gluten. Obrador solo de chocolate As\u00ed, aparte de los al\u00e9rgicos a los frutos secos, pueden comer tambi\u00e9n los al\u00e9rgicos a la leche, los veganos y los vegetarianos, ya que hemos comprado una m\u00e1quina nueva y podemos garantizar las trazas de leche!nEs un chocolate belga, muy bueno, PARA TODA LA FAMILIA, con un sabor a cacao amargo bien equilibrado (55% de cacao) y lo mejor es que NO CONTIENE: prote\u00ednas de leche, lactosa, huevos ni derivados, altramuz, gluten, trigo, cent\u00e9simo, ma\u00edz, avellanas, almendras, aceite de avellana o de almendra, cacahuetes, aceite de cacahuete, nueces, pacanas, anacardos, pistachos, casta\u00f1as de Par\u00e1 (o nueces de Brasil), nueces de macadamia, casta\u00f1as , mostaza, sulfitos, miel, Glutamato E620-&gt; E625, sulfitos E220-&gt; E227, \u00c1cido benzoico E210-&gt; E213, Parabens E214-&gt; E219, tartracina E102, Amarillo naranja E110, azorrubina E122, Amaranto E123, Rojo E124 y E129, azul E131, indigotina E132, Licopeno E160B-D, tragacanto E413, \u00c1cido s\u00f3rbico E200-&gt; E203, BHA \/ BHT E320 \/ 321. NI TRAZAS..nProducida de una manera ARTESANA por nuestra experta chocolatera Marta y Maria, en moldes especiales donde s\u00f3lo se fabrica nuestro chocolate y en un obrador seguro.nDISPONIBLES LAS FICHAS DE PRODUCTO.nMuchas gracias por comprar Xocomon.&quot;}\" data-sheets-userformat=\"{&quot;2&quot;:899,&quot;3&quot;:{&quot;1&quot;:0},&quot;4&quot;:{&quot;1&quot;:2,&quot;2&quot;:16770457},&quot;10&quot;:0,&quot;11&quot;:4,&quot;12&quot;:0}\" data-sheets-textstyleruns=\"{&quot;1&quot;:0}\uee10{&quot;1&quot;:1244,&quot;2&quot;:{&quot;5&quot;:1}}\uee10{&quot;1&quot;:1258}\uee10{&quot;1&quot;:1311,&quot;2&quot;:{&quot;2&quot;:{&quot;1&quot;:2,&quot;2&quot;:16711680}}}\uee10{&quot;1&quot;:1328}\">\u00a0<\/span><\/p>\n","protected":false},"excerpt":{"rendered":"<p><span data-sheets-value=\"{&quot;1&quot;:2,&quot;2&quot;:&quot;Huevos de pascua con sorpresa de chocolate dentro, Mona de Pascua XOCOMON&quot;}\" data-sheets-userformat=\"{&quot;2&quot;:899,&quot;3&quot;:{&quot;1&quot;:0},&quot;4&quot;:{&quot;1&quot;:2,&quot;2&quot;:16770457},&quot;10&quot;:0,&quot;11&quot;:4,&quot;12&quot;:0}\">Huevos con sorpresa de chocolate CON SORPRESA en el INTERIOR (drag\u00f3n de peluche)<\/span><\/p>\n<p>300 gr, 18 cm de alto, Huevo.<\/p>\n<p>INGREDIENTES; Pasta de cacao, az\u00facar, manteca de cacao,.<\/p>\n<p><strong>SIN GLUTEN, SIN HUEVO, SIN FRUTOS SECOS, SIN CACAHUETE, SIN LECHE , SIN SOJA<\/strong><\/p>\n<p>Mona de Pascua apto para todos , veganos y vegetarianos<\/p>\n","protected":false},"featured_media":28632,"comment_status":"open","ping_status":"closed","template":"","meta":[],"product_brand":[],"product_cat":[1563,130,199,131,190],"product_tag":[],"class_list":{"0":"post-28638","1":"product","2":"type-product","3":"status-publish","4":"has-post-thumbnail","6":"product_cat-love","7":"product_cat-chocolate","8":"product_cat-fiestas","9":"product_cat-pascua","10":"product_cat-chocolate-negro-pascuas","11":"tm-has-options","13":"first","14":"instock","15":"taxable","16":"shipping-taxable","17":"purchasable","18":"product-type-simple"},"yoast_head":"<!-- This site is optimized with the Yoast SEO plugin v26.7 - https:\/\/yoast.com\/wordpress\/plugins\/seo\/ -->\n<title>Huevo de Chocolate negro con Sorpresa en el Interior \u2013 Drag\u00f3n de peluche de Sant Jordi - Xocomon<\/title>\n<meta name=\"description\" content=\"HUEVO Chocolate Negro CON SORPRESA INTERIOR 300 gr. sin al\u00e9rgenos, artesano, los fabricamos todos uno a uno en nuestro obrador en Matar\u00f3\" \/>\n<meta name=\"robots\" content=\"index, follow, max-snippet:-1, max-image-preview:large, max-video-preview:-1\" \/>\n<link rel=\"canonical\" href=\"https:\/\/xocomon.com\/es\/producto\/huevo-de-chocolate-negro-con-sorpresa-en-el-interior-dragon-de-peluche-de-sant-jordi\/\" \/>\n<meta property=\"og:locale\" content=\"es_ES\" \/>\n<meta property=\"og:type\" content=\"article\" \/>\n<meta property=\"og:title\" content=\"Huevo de Chocolate negro con Sorpresa en el Interior \u2013 Drag\u00f3n de peluche de Sant Jordi - Xocomon\" \/>\n<meta property=\"og:description\" content=\"HUEVO Chocolate Negro CON SORPRESA INTERIOR 300 gr. sin al\u00e9rgenos, artesano, los fabricamos todos uno a uno en nuestro obrador en Matar\u00f3\" \/>\n<meta property=\"og:url\" content=\"https:\/\/xocomon.com\/es\/producto\/huevo-de-chocolate-negro-con-sorpresa-en-el-interior-dragon-de-peluche-de-sant-jordi\/\" \/>\n<meta property=\"og:site_name\" content=\"Xocomon\" \/>\n<meta property=\"article:publisher\" content=\"https:\/\/www.facebook.com\/xocomon\/\" \/>\n<meta property=\"article:modified_time\" content=\"2026-04-17T07:55:11+00:00\" \/>\n<meta property=\"og:image\" content=\"https:\/\/xocomon.com\/wp-content\/uploads\/2026\/04\/ou-negre-drac.jpeg\" \/>\n\t<meta property=\"og:image:width\" content=\"896\" \/>\n\t<meta property=\"og:image:height\" content=\"1195\" \/>\n\t<meta property=\"og:image:type\" content=\"image\/jpeg\" \/>\n<meta name=\"twitter:card\" content=\"summary_large_image\" \/>\n<meta name=\"twitter:label1\" content=\"Tiempo de lectura\" \/>\n\t<meta name=\"twitter:data1\" content=\"1 minuto\" \/>\n<script type=\"application\/ld+json\" class=\"yoast-schema-graph\">{\"@context\":\"https:\/\/schema.org\",\"@graph\":[{\"@type\":\"WebPage\",\"@id\":\"https:\/\/xocomon.com\/es\/producto\/huevo-de-chocolate-negro-con-sorpresa-en-el-interior-dragon-de-peluche-de-sant-jordi\/\",\"url\":\"https:\/\/xocomon.com\/es\/producto\/huevo-de-chocolate-negro-con-sorpresa-en-el-interior-dragon-de-peluche-de-sant-jordi\/\",\"name\":\"Huevo de Chocolate negro con Sorpresa en el Interior \u2013 Drag\u00f3n de peluche de Sant Jordi - Xocomon\",\"isPartOf\":{\"@id\":\"https:\/\/xocomon.com\/#website\"},\"primaryImageOfPage\":{\"@id\":\"https:\/\/xocomon.com\/es\/producto\/huevo-de-chocolate-negro-con-sorpresa-en-el-interior-dragon-de-peluche-de-sant-jordi\/#primaryimage\"},\"image\":{\"@id\":\"https:\/\/xocomon.com\/es\/producto\/huevo-de-chocolate-negro-con-sorpresa-en-el-interior-dragon-de-peluche-de-sant-jordi\/#primaryimage\"},\"thumbnailUrl\":\"https:\/\/xocomon.com\/wp-content\/uploads\/2026\/04\/ou-negre-drac.jpeg\",\"datePublished\":\"2026-04-10T11:29:21+00:00\",\"dateModified\":\"2026-04-17T07:55:11+00:00\",\"description\":\"HUEVO Chocolate Negro CON SORPRESA INTERIOR 300 gr. sin al\u00e9rgenos, artesano, los fabricamos todos uno a uno en nuestro obrador en Matar\u00f3\",\"breadcrumb\":{\"@id\":\"https:\/\/xocomon.com\/es\/producto\/huevo-de-chocolate-negro-con-sorpresa-en-el-interior-dragon-de-peluche-de-sant-jordi\/#breadcrumb\"},\"inLanguage\":\"es\",\"potentialAction\":[{\"@type\":\"ReadAction\",\"target\":[\"https:\/\/xocomon.com\/es\/producto\/huevo-de-chocolate-negro-con-sorpresa-en-el-interior-dragon-de-peluche-de-sant-jordi\/\"]}]},{\"@type\":\"ImageObject\",\"inLanguage\":\"es\",\"@id\":\"https:\/\/xocomon.com\/es\/producto\/huevo-de-chocolate-negro-con-sorpresa-en-el-interior-dragon-de-peluche-de-sant-jordi\/#primaryimage\",\"url\":\"https:\/\/xocomon.com\/wp-content\/uploads\/2026\/04\/ou-negre-drac.jpeg\",\"contentUrl\":\"https:\/\/xocomon.com\/wp-content\/uploads\/2026\/04\/ou-negre-drac.jpeg\",\"width\":896,\"height\":1195},{\"@type\":\"BreadcrumbList\",\"@id\":\"https:\/\/xocomon.com\/es\/producto\/huevo-de-chocolate-negro-con-sorpresa-en-el-interior-dragon-de-peluche-de-sant-jordi\/#breadcrumb\",\"itemListElement\":[{\"@type\":\"ListItem\",\"position\":1,\"name\":\"Portada\",\"item\":\"https:\/\/xocomon.com\/es\/\"},{\"@type\":\"ListItem\",\"position\":2,\"name\":\"Tienda\",\"item\":\"https:\/\/xocomon.com\/es\/tienda\/\"},{\"@type\":\"ListItem\",\"position\":3,\"name\":\"Huevo de Chocolate negro con Sorpresa en el Interior \u2013 Drag\u00f3n de peluche de Sant Jordi\"}]},{\"@type\":\"WebSite\",\"@id\":\"https:\/\/xocomon.com\/#website\",\"url\":\"https:\/\/xocomon.com\/\",\"name\":\"Xocomon\",\"description\":\"\",\"potentialAction\":[{\"@type\":\"SearchAction\",\"target\":{\"@type\":\"EntryPoint\",\"urlTemplate\":\"https:\/\/xocomon.com\/?s={search_term_string}\"},\"query-input\":{\"@type\":\"PropertyValueSpecification\",\"valueRequired\":true,\"valueName\":\"search_term_string\"}}],\"inLanguage\":\"es\"}]}<\/script>\n<!-- \/ Yoast SEO plugin. -->","yoast_head_json":{"title":"Huevo de Chocolate negro con Sorpresa en el Interior \u2013 Drag\u00f3n de peluche de Sant Jordi - Xocomon","description":"HUEVO Chocolate Negro CON SORPRESA INTERIOR 300 gr. sin al\u00e9rgenos, artesano, los fabricamos todos uno a uno en nuestro obrador en Matar\u00f3","robots":{"index":"index","follow":"follow","max-snippet":"max-snippet:-1","max-image-preview":"max-image-preview:large","max-video-preview":"max-video-preview:-1"},"canonical":"https:\/\/xocomon.com\/es\/producto\/huevo-de-chocolate-negro-con-sorpresa-en-el-interior-dragon-de-peluche-de-sant-jordi\/","og_locale":"es_ES","og_type":"article","og_title":"Huevo de Chocolate negro con Sorpresa en el Interior \u2013 Drag\u00f3n de peluche de Sant Jordi - Xocomon","og_description":"HUEVO Chocolate Negro CON SORPRESA INTERIOR 300 gr. sin al\u00e9rgenos, artesano, los fabricamos todos uno a uno en nuestro obrador en Matar\u00f3","og_url":"https:\/\/xocomon.com\/es\/producto\/huevo-de-chocolate-negro-con-sorpresa-en-el-interior-dragon-de-peluche-de-sant-jordi\/","og_site_name":"Xocomon","article_publisher":"https:\/\/www.facebook.com\/xocomon\/","article_modified_time":"2026-04-17T07:55:11+00:00","og_image":[{"width":896,"height":1195,"url":"https:\/\/xocomon.com\/wp-content\/uploads\/2026\/04\/ou-negre-drac.jpeg","type":"image\/jpeg"}],"twitter_card":"summary_large_image","twitter_misc":{"Tiempo de lectura":"1 minuto"},"schema":{"@context":"https:\/\/schema.org","@graph":[{"@type":"WebPage","@id":"https:\/\/xocomon.com\/es\/producto\/huevo-de-chocolate-negro-con-sorpresa-en-el-interior-dragon-de-peluche-de-sant-jordi\/","url":"https:\/\/xocomon.com\/es\/producto\/huevo-de-chocolate-negro-con-sorpresa-en-el-interior-dragon-de-peluche-de-sant-jordi\/","name":"Huevo de Chocolate negro con Sorpresa en el Interior \u2013 Drag\u00f3n de peluche de Sant Jordi - Xocomon","isPartOf":{"@id":"https:\/\/xocomon.com\/#website"},"primaryImageOfPage":{"@id":"https:\/\/xocomon.com\/es\/producto\/huevo-de-chocolate-negro-con-sorpresa-en-el-interior-dragon-de-peluche-de-sant-jordi\/#primaryimage"},"image":{"@id":"https:\/\/xocomon.com\/es\/producto\/huevo-de-chocolate-negro-con-sorpresa-en-el-interior-dragon-de-peluche-de-sant-jordi\/#primaryimage"},"thumbnailUrl":"https:\/\/xocomon.com\/wp-content\/uploads\/2026\/04\/ou-negre-drac.jpeg","datePublished":"2026-04-10T11:29:21+00:00","dateModified":"2026-04-17T07:55:11+00:00","description":"HUEVO Chocolate Negro CON SORPRESA INTERIOR 300 gr. sin al\u00e9rgenos, artesano, los fabricamos todos uno a uno en nuestro obrador en Matar\u00f3","breadcrumb":{"@id":"https:\/\/xocomon.com\/es\/producto\/huevo-de-chocolate-negro-con-sorpresa-en-el-interior-dragon-de-peluche-de-sant-jordi\/#breadcrumb"},"inLanguage":"es","potentialAction":[{"@type":"ReadAction","target":["https:\/\/xocomon.com\/es\/producto\/huevo-de-chocolate-negro-con-sorpresa-en-el-interior-dragon-de-peluche-de-sant-jordi\/"]}]},{"@type":"ImageObject","inLanguage":"es","@id":"https:\/\/xocomon.com\/es\/producto\/huevo-de-chocolate-negro-con-sorpresa-en-el-interior-dragon-de-peluche-de-sant-jordi\/#primaryimage","url":"https:\/\/xocomon.com\/wp-content\/uploads\/2026\/04\/ou-negre-drac.jpeg","contentUrl":"https:\/\/xocomon.com\/wp-content\/uploads\/2026\/04\/ou-negre-drac.jpeg","width":896,"height":1195},{"@type":"BreadcrumbList","@id":"https:\/\/xocomon.com\/es\/producto\/huevo-de-chocolate-negro-con-sorpresa-en-el-interior-dragon-de-peluche-de-sant-jordi\/#breadcrumb","itemListElement":[{"@type":"ListItem","position":1,"name":"Portada","item":"https:\/\/xocomon.com\/es\/"},{"@type":"ListItem","position":2,"name":"Tienda","item":"https:\/\/xocomon.com\/es\/tienda\/"},{"@type":"ListItem","position":3,"name":"Huevo de Chocolate negro con Sorpresa en el Interior \u2013 Drag\u00f3n de peluche de Sant Jordi"}]},{"@type":"WebSite","@id":"https:\/\/xocomon.com\/#website","url":"https:\/\/xocomon.com\/","name":"Xocomon","description":"","potentialAction":[{"@type":"SearchAction","target":{"@type":"EntryPoint","urlTemplate":"https:\/\/xocomon.com\/?s={search_term_string}"},"query-input":{"@type":"PropertyValueSpecification","valueRequired":true,"valueName":"search_term_string"}}],"inLanguage":"es"}]}},"tiered_pricing_type":"fixed","tiered_pricing_fixed_rules":[],"tiered_pricing_product_settings":{"layout":"default","base_unit_name":{"singular":null,"plural":null},"default_variation":null},"tiered_pricing_minimum_quantity":null,"tiered_pricing_roles_data":[],"tiered_pricing_percentage_rules":[],"_links":{"self":[{"href":"https:\/\/xocomon.com\/es\/wp-json\/wp\/v2\/product\/28638","targetHints":{"allow":["GET"]}}],"collection":[{"href":"https:\/\/xocomon.com\/es\/wp-json\/wp\/v2\/product"}],"about":[{"href":"https:\/\/xocomon.com\/es\/wp-json\/wp\/v2\/types\/product"}],"replies":[{"embeddable":true,"href":"https:\/\/xocomon.com\/es\/wp-json\/wp\/v2\/comments?post=28638"}],"wp:featuredmedia":[{"embeddable":true,"href":"https:\/\/xocomon.com\/es\/wp-json\/wp\/v2\/media\/28632"}],"wp:attachment":[{"href":"https:\/\/xocomon.com\/es\/wp-json\/wp\/v2\/media?parent=28638"}],"wp:term":[{"taxonomy":"product_brand","embeddable":true,"href":"https:\/\/xocomon.com\/es\/wp-json\/wp\/v2\/product_brand?post=28638"},{"taxonomy":"product_cat","embeddable":true,"href":"https:\/\/xocomon.com\/es\/wp-json\/wp\/v2\/product_cat?post=28638"},{"taxonomy":"product_tag","embeddable":true,"href":"https:\/\/xocomon.com\/es\/wp-json\/wp\/v2\/product_tag?post=28638"}],"curies":[{"name":"wp","href":"https:\/\/api.w.org\/{rel}","templated":true}]}}