{"id":27645,"date":"2026-02-19T11:12:27","date_gmt":"2026-02-19T10:12:27","guid":{"rendered":"https:\/\/xocomon.com\/?post_type=product&#038;p=27645"},"modified":"2026-04-09T19:24:14","modified_gmt":"2026-04-09T18:24:14","slug":"lote-de-pascua-bolsa-conejito-con-tableta-pascua-negra-y-crema-de-cacao-sin-alergenos","status":"publish","type":"product","link":"https:\/\/xocomon.com\/es\/producto\/lote-de-pascua-bolsa-conejito-con-tableta-pascua-negra-y-crema-de-cacao-sin-alergenos\/","title":{"rendered":"Lote de Pascua bolsa conejito con tableta pascua negra y crema de cacao sin al\u00e9rgenos"},"content":{"rendered":"<h2 data-start=\"95\" data-end=\"116\">Lote de Pascua bolsa conejito con tableta pascua negra y crema de cacao sin al\u00e9rgenos<\/h2>\n<p data-start=\"117\" data-end=\"152\">Xocomon Crema + Mini Tabletas 5 g.<\/p>\n<p data-start=\"154\" data-end=\"280\">Descubre el nuevo lote Xocomon pensado para disfrutar del mejor cacao sin al\u00e9rgenos en cualquier momento.<br data-start=\"259\" data-end=\"262\" \/>Este pack incluye:<\/p>\n<p data-start=\"282\" data-end=\"461\">\ud83e\uddc1 <strong data-start=\"285\" data-end=\"322\">1 tarro de Crema de Cacao Xocomon<\/strong> \u2013 textura suave, sabor intenso y 100% libre de al\u00e9rgenos. Ideal para desayunos, meriendas o para dar un toque especial a cualquier receta.<\/p>\n<p data-start=\"463\" data-end=\"492\"><strong data-start=\"463\" data-end=\"492\">Ingredientes de la crema:<\/strong><\/p>\n<ul data-start=\"494\" data-end=\"635\">\n<li data-start=\"494\" data-end=\"521\">\n<p data-start=\"496\" data-end=\"521\">Az\u00facar moreno de ca\u00f1a *<\/p>\n<\/li>\n<li data-start=\"522\" data-end=\"556\">\n<p data-start=\"524\" data-end=\"556\">Aceite de oliva virgen extra *<\/p>\n<\/li>\n<li data-start=\"557\" data-end=\"588\">\n<p data-start=\"559\" data-end=\"588\">Cacao desgrasado en polvo *<\/p>\n<\/li>\n<li data-start=\"589\" data-end=\"611\">\n<p data-start=\"591\" data-end=\"611\">Manteca de cacao *<\/p>\n<\/li>\n<li data-start=\"612\" data-end=\"635\">\n<p data-start=\"614\" data-end=\"635\">Lecitina de girasol *<\/p>\n<\/li>\n<\/ul>\n<p data-start=\"637\" data-end=\"801\">\ud83c\udf6b <strong data-start=\"640\" data-end=\"667\">10 mini tabletas de 5 g<\/strong> \u2013 peque\u00f1as, irresistibles y perfectas para llevar, compartir o dar un capricho dulce y seguro a los m\u00e1s peque\u00f1os (y no tan peque\u00f1os).<\/p>\n<p data-start=\"803\" data-end=\"841\"><strong data-start=\"803\" data-end=\"841\">Ingredientes de las mini tabletas:<\/strong><\/p>\n<ul data-start=\"843\" data-end=\"977\">\n<li data-start=\"843\" data-end=\"861\">\n<p data-start=\"845\" data-end=\"861\">Pasta de cacao<\/p>\n<\/li>\n<li data-start=\"862\" data-end=\"882\">\n<p data-start=\"864\" data-end=\"882\">Manteca de cacao<\/p>\n<\/li>\n<li data-start=\"883\" data-end=\"893\">\n<p data-start=\"885\" data-end=\"893\">Az\u00facar<\/p>\n<\/li>\n<\/ul>\n<p data-start=\"979\" data-end=\"1119\">Todo nuestro cacao es <strong data-start=\"1001\" data-end=\"1021\">sin frutos secos<\/strong>, tal como garantizamos siempre desde Xocomon, para que todos puedan disfrutarlo con tranquilidad.<\/p>\n<ul data-start=\"1121\" data-end=\"1210\">\n<li data-start=\"1121\" data-end=\"1158\">\n<p data-start=\"1123\" data-end=\"1158\"><strong data-start=\"1123\" data-end=\"1156\">Chocolate negro sin al\u00e9rgenos<\/strong><\/p>\n<\/li>\n<li data-start=\"1159\" data-end=\"1210\">\n<p data-start=\"1161\" data-end=\"1210\"><strong data-start=\"1161\" data-end=\"1210\">Chocolate con leche que contiene soja y leche<\/strong><\/p>\n<\/li>\n<\/ul>\n<p data-start=\"1212\" data-end=\"1315\">Un regalo ideal, un detalle perfecto o simplemente una forma deliciosa de tener Xocomon siempre a mano.<\/p>\n<p data-start=\"1317\" data-end=\"1359\" data-is-last-node=\"\" data-is-only-node=\"\"><strong data-start=\"1317\" data-end=\"1359\" data-is-last-node=\"\">\u00a1Disfruta del placer seguro del cacao!<\/strong><\/p>\n","protected":false},"excerpt":{"rendered":"<p>Lote de Pascua bolsa conejito con tableta pascua negra y crema de cacao sin al\u00e9rgenos Xocomon Crema + Mini Tabletas 5 g. Descubre el nuevo lote Xocomon pensado para disfrutar del mejor cacao sin al\u00e9rgenos en cualquier momento.Este pack incluye: \ud83e\uddc1 1 tarro de Crema de Cacao Xocomon \u2013 textura suave, sabor intenso y 100% [&#8230;]\n","protected":false},"featured_media":27655,"comment_status":"closed","ping_status":"closed","template":"","meta":[],"product_brand":[],"product_cat":[206,131,190],"product_tag":[],"class_list":{"0":"post-27645","1":"product","2":"type-product","3":"status-publish","4":"has-post-thumbnail","6":"product_cat-lotes","7":"product_cat-pascua","8":"product_cat-chocolate-negro-pascuas","9":"tm-has-options","11":"first","12":"instock","13":"taxable","14":"shipping-taxable","15":"purchasable","16":"product-type-simple"},"yoast_head":"<!-- This site is optimized with the Yoast SEO plugin v26.7 - https:\/\/yoast.com\/wordpress\/plugins\/seo\/ -->\n<title>Lote de Pascua bolsa conejito con tableta pascua negra y crema de cacao sin al\u00e9rgenos - Xocomon<\/title>\n<meta name=\"description\" content=\"Lote de Pascua bolsa conejito con tableta pascua negra y crema de cacao sin al\u00e9rgenos\" \/>\n<meta name=\"robots\" content=\"index, follow, max-snippet:-1, max-image-preview:large, max-video-preview:-1\" \/>\n<link rel=\"canonical\" href=\"https:\/\/xocomon.com\/es\/producto\/lote-de-pascua-bolsa-conejito-con-tableta-pascua-negra-y-crema-de-cacao-sin-alergenos\/\" \/>\n<meta property=\"og:locale\" content=\"es_ES\" \/>\n<meta property=\"og:type\" content=\"article\" \/>\n<meta property=\"og:title\" content=\"Lote de Pascua bolsa conejito con tableta pascua negra y crema de cacao sin al\u00e9rgenos - Xocomon\" \/>\n<meta property=\"og:description\" content=\"Lote de Pascua bolsa conejito con tableta pascua negra y crema de cacao sin al\u00e9rgenos\" \/>\n<meta property=\"og:url\" content=\"https:\/\/xocomon.com\/es\/producto\/lote-de-pascua-bolsa-conejito-con-tableta-pascua-negra-y-crema-de-cacao-sin-alergenos\/\" \/>\n<meta property=\"og:site_name\" content=\"Xocomon\" \/>\n<meta property=\"article:publisher\" content=\"https:\/\/www.facebook.com\/xocomon\/\" \/>\n<meta property=\"article:modified_time\" content=\"2026-04-09T18:24:14+00:00\" \/>\n<meta property=\"og:image\" content=\"https:\/\/xocomon.com\/wp-content\/uploads\/2026\/02\/lot-pascua-negra-.png\" \/>\n\t<meta property=\"og:image:width\" content=\"1600\" \/>\n\t<meta property=\"og:image:height\" content=\"1600\" \/>\n\t<meta property=\"og:image:type\" content=\"image\/png\" \/>\n<meta name=\"twitter:card\" content=\"summary_large_image\" \/>\n<meta name=\"twitter:label1\" content=\"Tiempo de lectura\" \/>\n\t<meta name=\"twitter:data1\" content=\"2 minutos\" \/>\n<script type=\"application\/ld+json\" class=\"yoast-schema-graph\">{\"@context\":\"https:\/\/schema.org\",\"@graph\":[{\"@type\":\"WebPage\",\"@id\":\"https:\/\/xocomon.com\/es\/producto\/lote-de-pascua-bolsa-conejito-con-tableta-pascua-negra-y-crema-de-cacao-sin-alergenos\/\",\"url\":\"https:\/\/xocomon.com\/es\/producto\/lote-de-pascua-bolsa-conejito-con-tableta-pascua-negra-y-crema-de-cacao-sin-alergenos\/\",\"name\":\"Lote de Pascua bolsa conejito con tableta pascua negra y crema de cacao sin al\u00e9rgenos - Xocomon\",\"isPartOf\":{\"@id\":\"https:\/\/xocomon.com\/#website\"},\"primaryImageOfPage\":{\"@id\":\"https:\/\/xocomon.com\/es\/producto\/lote-de-pascua-bolsa-conejito-con-tableta-pascua-negra-y-crema-de-cacao-sin-alergenos\/#primaryimage\"},\"image\":{\"@id\":\"https:\/\/xocomon.com\/es\/producto\/lote-de-pascua-bolsa-conejito-con-tableta-pascua-negra-y-crema-de-cacao-sin-alergenos\/#primaryimage\"},\"thumbnailUrl\":\"https:\/\/xocomon.com\/wp-content\/uploads\/2026\/02\/lot-pascua-negra-.png\",\"datePublished\":\"2026-02-19T10:12:27+00:00\",\"dateModified\":\"2026-04-09T18:24:14+00:00\",\"description\":\"Lote de Pascua bolsa conejito con tableta pascua negra y crema de cacao sin al\u00e9rgenos\",\"breadcrumb\":{\"@id\":\"https:\/\/xocomon.com\/es\/producto\/lote-de-pascua-bolsa-conejito-con-tableta-pascua-negra-y-crema-de-cacao-sin-alergenos\/#breadcrumb\"},\"inLanguage\":\"es\",\"potentialAction\":[{\"@type\":\"ReadAction\",\"target\":[\"https:\/\/xocomon.com\/es\/producto\/lote-de-pascua-bolsa-conejito-con-tableta-pascua-negra-y-crema-de-cacao-sin-alergenos\/\"]}]},{\"@type\":\"ImageObject\",\"inLanguage\":\"es\",\"@id\":\"https:\/\/xocomon.com\/es\/producto\/lote-de-pascua-bolsa-conejito-con-tableta-pascua-negra-y-crema-de-cacao-sin-alergenos\/#primaryimage\",\"url\":\"https:\/\/xocomon.com\/wp-content\/uploads\/2026\/02\/lot-pascua-negra-.png\",\"contentUrl\":\"https:\/\/xocomon.com\/wp-content\/uploads\/2026\/02\/lot-pascua-negra-.png\",\"width\":1600,\"height\":1600},{\"@type\":\"BreadcrumbList\",\"@id\":\"https:\/\/xocomon.com\/es\/producto\/lote-de-pascua-bolsa-conejito-con-tableta-pascua-negra-y-crema-de-cacao-sin-alergenos\/#breadcrumb\",\"itemListElement\":[{\"@type\":\"ListItem\",\"position\":1,\"name\":\"Portada\",\"item\":\"https:\/\/xocomon.com\/es\/\"},{\"@type\":\"ListItem\",\"position\":2,\"name\":\"Tienda\",\"item\":\"https:\/\/xocomon.com\/es\/tienda\/\"},{\"@type\":\"ListItem\",\"position\":3,\"name\":\"Lote de Pascua bolsa conejito con tableta pascua negra y crema de cacao sin al\u00e9rgenos\"}]},{\"@type\":\"WebSite\",\"@id\":\"https:\/\/xocomon.com\/#website\",\"url\":\"https:\/\/xocomon.com\/\",\"name\":\"Xocomon\",\"description\":\"\",\"potentialAction\":[{\"@type\":\"SearchAction\",\"target\":{\"@type\":\"EntryPoint\",\"urlTemplate\":\"https:\/\/xocomon.com\/?s={search_term_string}\"},\"query-input\":{\"@type\":\"PropertyValueSpecification\",\"valueRequired\":true,\"valueName\":\"search_term_string\"}}],\"inLanguage\":\"es\"}]}<\/script>\n<!-- \/ Yoast SEO plugin. -->","yoast_head_json":{"title":"Lote de Pascua bolsa conejito con tableta pascua negra y crema de cacao sin al\u00e9rgenos - Xocomon","description":"Lote de Pascua bolsa conejito con tableta pascua negra y crema de cacao sin al\u00e9rgenos","robots":{"index":"index","follow":"follow","max-snippet":"max-snippet:-1","max-image-preview":"max-image-preview:large","max-video-preview":"max-video-preview:-1"},"canonical":"https:\/\/xocomon.com\/es\/producto\/lote-de-pascua-bolsa-conejito-con-tableta-pascua-negra-y-crema-de-cacao-sin-alergenos\/","og_locale":"es_ES","og_type":"article","og_title":"Lote de Pascua bolsa conejito con tableta pascua negra y crema de cacao sin al\u00e9rgenos - Xocomon","og_description":"Lote de Pascua bolsa conejito con tableta pascua negra y crema de cacao sin al\u00e9rgenos","og_url":"https:\/\/xocomon.com\/es\/producto\/lote-de-pascua-bolsa-conejito-con-tableta-pascua-negra-y-crema-de-cacao-sin-alergenos\/","og_site_name":"Xocomon","article_publisher":"https:\/\/www.facebook.com\/xocomon\/","article_modified_time":"2026-04-09T18:24:14+00:00","og_image":[{"width":1600,"height":1600,"url":"https:\/\/xocomon.com\/wp-content\/uploads\/2026\/02\/lot-pascua-negra-.png","type":"image\/png"}],"twitter_card":"summary_large_image","twitter_misc":{"Tiempo de lectura":"2 minutos"},"schema":{"@context":"https:\/\/schema.org","@graph":[{"@type":"WebPage","@id":"https:\/\/xocomon.com\/es\/producto\/lote-de-pascua-bolsa-conejito-con-tableta-pascua-negra-y-crema-de-cacao-sin-alergenos\/","url":"https:\/\/xocomon.com\/es\/producto\/lote-de-pascua-bolsa-conejito-con-tableta-pascua-negra-y-crema-de-cacao-sin-alergenos\/","name":"Lote de Pascua bolsa conejito con tableta pascua negra y crema de cacao sin al\u00e9rgenos - Xocomon","isPartOf":{"@id":"https:\/\/xocomon.com\/#website"},"primaryImageOfPage":{"@id":"https:\/\/xocomon.com\/es\/producto\/lote-de-pascua-bolsa-conejito-con-tableta-pascua-negra-y-crema-de-cacao-sin-alergenos\/#primaryimage"},"image":{"@id":"https:\/\/xocomon.com\/es\/producto\/lote-de-pascua-bolsa-conejito-con-tableta-pascua-negra-y-crema-de-cacao-sin-alergenos\/#primaryimage"},"thumbnailUrl":"https:\/\/xocomon.com\/wp-content\/uploads\/2026\/02\/lot-pascua-negra-.png","datePublished":"2026-02-19T10:12:27+00:00","dateModified":"2026-04-09T18:24:14+00:00","description":"Lote de Pascua bolsa conejito con tableta pascua negra y crema de cacao sin al\u00e9rgenos","breadcrumb":{"@id":"https:\/\/xocomon.com\/es\/producto\/lote-de-pascua-bolsa-conejito-con-tableta-pascua-negra-y-crema-de-cacao-sin-alergenos\/#breadcrumb"},"inLanguage":"es","potentialAction":[{"@type":"ReadAction","target":["https:\/\/xocomon.com\/es\/producto\/lote-de-pascua-bolsa-conejito-con-tableta-pascua-negra-y-crema-de-cacao-sin-alergenos\/"]}]},{"@type":"ImageObject","inLanguage":"es","@id":"https:\/\/xocomon.com\/es\/producto\/lote-de-pascua-bolsa-conejito-con-tableta-pascua-negra-y-crema-de-cacao-sin-alergenos\/#primaryimage","url":"https:\/\/xocomon.com\/wp-content\/uploads\/2026\/02\/lot-pascua-negra-.png","contentUrl":"https:\/\/xocomon.com\/wp-content\/uploads\/2026\/02\/lot-pascua-negra-.png","width":1600,"height":1600},{"@type":"BreadcrumbList","@id":"https:\/\/xocomon.com\/es\/producto\/lote-de-pascua-bolsa-conejito-con-tableta-pascua-negra-y-crema-de-cacao-sin-alergenos\/#breadcrumb","itemListElement":[{"@type":"ListItem","position":1,"name":"Portada","item":"https:\/\/xocomon.com\/es\/"},{"@type":"ListItem","position":2,"name":"Tienda","item":"https:\/\/xocomon.com\/es\/tienda\/"},{"@type":"ListItem","position":3,"name":"Lote de Pascua bolsa conejito con tableta pascua negra y crema de cacao sin al\u00e9rgenos"}]},{"@type":"WebSite","@id":"https:\/\/xocomon.com\/#website","url":"https:\/\/xocomon.com\/","name":"Xocomon","description":"","potentialAction":[{"@type":"SearchAction","target":{"@type":"EntryPoint","urlTemplate":"https:\/\/xocomon.com\/?s={search_term_string}"},"query-input":{"@type":"PropertyValueSpecification","valueRequired":true,"valueName":"search_term_string"}}],"inLanguage":"es"}]}},"tiered_pricing_type":"fixed","tiered_pricing_fixed_rules":[],"tiered_pricing_product_settings":{"layout":"default","base_unit_name":{"singular":null,"plural":null},"default_variation":null},"tiered_pricing_minimum_quantity":null,"tiered_pricing_roles_data":[],"tiered_pricing_percentage_rules":[],"_links":{"self":[{"href":"https:\/\/xocomon.com\/es\/wp-json\/wp\/v2\/product\/27645","targetHints":{"allow":["GET"]}}],"collection":[{"href":"https:\/\/xocomon.com\/es\/wp-json\/wp\/v2\/product"}],"about":[{"href":"https:\/\/xocomon.com\/es\/wp-json\/wp\/v2\/types\/product"}],"replies":[{"embeddable":true,"href":"https:\/\/xocomon.com\/es\/wp-json\/wp\/v2\/comments?post=27645"}],"wp:featuredmedia":[{"embeddable":true,"href":"https:\/\/xocomon.com\/es\/wp-json\/wp\/v2\/media\/27655"}],"wp:attachment":[{"href":"https:\/\/xocomon.com\/es\/wp-json\/wp\/v2\/media?parent=27645"}],"wp:term":[{"taxonomy":"product_brand","embeddable":true,"href":"https:\/\/xocomon.com\/es\/wp-json\/wp\/v2\/product_brand?post=27645"},{"taxonomy":"product_cat","embeddable":true,"href":"https:\/\/xocomon.com\/es\/wp-json\/wp\/v2\/product_cat?post=27645"},{"taxonomy":"product_tag","embeddable":true,"href":"https:\/\/xocomon.com\/es\/wp-json\/wp\/v2\/product_tag?post=27645"}],"curies":[{"name":"wp","href":"https:\/\/api.w.org\/{rel}","templated":true}]}}