{"id":27565,"date":"2026-02-18T10:28:05","date_gmt":"2026-02-18T09:28:05","guid":{"rendered":"https:\/\/xocomon.com\/?post_type=product&#038;p=27565"},"modified":"2026-03-27T09:19:57","modified_gmt":"2026-03-27T08:19:57","slug":"huevo-de-chocolate-con-leche-con-sorpresa-granja","status":"publish","type":"product","link":"https:\/\/xocomon.com\/es\/producto\/huevo-de-chocolate-con-leche-con-sorpresa-granja\/","title":{"rendered":"HUEVO de chocolate con leche CON SORPRESA (animales de la granja  juguete)"},"content":{"rendered":"<p id=\"tw-target-text\" class=\"tw-data-text tw-text-large tw-ta\" dir=\"ltr\" tabindex=\"-1\" role=\"text\" data-placeholder=\"Traducci\u00f3n\" data-ved=\"2ahUKEwiT_Pf-6dOSAxXANPsDHU-jEIgQ3ewLegQIDBAW\" aria-label=\"Texto traducido: HUEVO DE PASCUA de chocolate con leche Chocomon\u00a0 y chocolatinas dentro! Al romperse hay asombro. Lo de siempre, una joya con packaging precioso. Descubre el Huevo de Pascua de chocolate con leche Xocomon, el cl\u00e1sico de siempre convertido en una aut\u00e9ntica joya de Pascua. Elaborado con chocolate con leche de alta calidad, suave, cremoso y con el punto perfecto de dulzura, es el regalo ideal para sorprender a peque\u00f1os y mayores. En Xocomon, tradici\u00f3n, calidad y seguridad alimentaria est\u00e1n garantizadas. El huevo de siempre con sorpresa dentro, con la presentaci\u00f3n m\u00e1s bonita. \u2728 Ideal para regalar \u2728 Chocolate con leche cremoso y equilibrado \u2728 Packaging exclusivo y elegante Compra ahora el Huevo de Pascua Xocomon y celebra la Pascua con el sabor m\u00e1s aut\u00e9ntico. Sin frutos secos, gluten, cacahuete, huevo. Contiene leche y soja.\"><span class=\"Y2IQFc\" lang=\"es\">HUEVO DE PASCUA de chocolate con leche Xocomon\u00a0 y figuras de pl\u00e1stico de animales de la granja dentro! <\/span><\/p>\n<p class=\"tw-data-text tw-text-large tw-ta\" dir=\"ltr\" tabindex=\"-1\" role=\"text\" data-placeholder=\"Traducci\u00f3n\" data-ved=\"2ahUKEwiT_Pf-6dOSAxXANPsDHU-jEIgQ3ewLegQIDBAW\" aria-label=\"Texto traducido: HUEVO DE PASCUA de chocolate con leche Chocomon\u00a0 y chocolatinas dentro! Al romperse hay asombro. Lo de siempre, una joya con packaging precioso. Descubre el Huevo de Pascua de chocolate con leche Xocomon, el cl\u00e1sico de siempre convertido en una aut\u00e9ntica joya de Pascua. Elaborado con chocolate con leche de alta calidad, suave, cremoso y con el punto perfecto de dulzura, es el regalo ideal para sorprender a peque\u00f1os y mayores. En Xocomon, tradici\u00f3n, calidad y seguridad alimentaria est\u00e1n garantizadas. El huevo de siempre con sorpresa dentro, con la presentaci\u00f3n m\u00e1s bonita. \u2728 Ideal para regalar \u2728 Chocolate con leche cremoso y equilibrado \u2728 Packaging exclusivo y elegante Compra ahora el Huevo de Pascua Xocomon y celebra la Pascua con el sabor m\u00e1s aut\u00e9ntico. Sin frutos secos, gluten, cacahuete, huevo. Contiene leche y soja.\"><span class=\"Y2IQFc\" lang=\"es\">Al romperse hay SORPRESA DENTRO.<\/span><\/p>\n<p class=\"tw-data-text tw-text-large tw-ta\" dir=\"ltr\" tabindex=\"-1\" role=\"text\" data-placeholder=\"Traducci\u00f3n\" data-ved=\"2ahUKEwiT_Pf-6dOSAxXANPsDHU-jEIgQ3ewLegQIDBAW\" aria-label=\"Texto traducido: HUEVO DE PASCUA de chocolate con leche Chocomon\u00a0 y chocolatinas dentro! Al romperse hay asombro. Lo de siempre, una joya con packaging precioso. Descubre el Huevo de Pascua de chocolate con leche Xocomon, el cl\u00e1sico de siempre convertido en una aut\u00e9ntica joya de Pascua. Elaborado con chocolate con leche de alta calidad, suave, cremoso y con el punto perfecto de dulzura, es el regalo ideal para sorprender a peque\u00f1os y mayores. En Xocomon, tradici\u00f3n, calidad y seguridad alimentaria est\u00e1n garantizadas. El huevo de siempre con sorpresa dentro, con la presentaci\u00f3n m\u00e1s bonita. \u2728 Ideal para regalar \u2728 Chocolate con leche cremoso y equilibrado \u2728 Packaging exclusivo y elegante Compra ahora el Huevo de Pascua Xocomon y celebra la Pascua con el sabor m\u00e1s aut\u00e9ntico. Sin frutos secos, gluten, cacahuete, huevo. Contiene leche y soja.\"><span class=\"Y2IQFc\" lang=\"es\">El de siempre, una joya con packaging precioso. <\/span><\/p>\n<p class=\"tw-data-text tw-text-large tw-ta\" dir=\"ltr\" tabindex=\"-1\" role=\"text\" data-placeholder=\"Traducci\u00f3n\" data-ved=\"2ahUKEwiT_Pf-6dOSAxXANPsDHU-jEIgQ3ewLegQIDBAW\" aria-label=\"Texto traducido: HUEVO DE PASCUA de chocolate con leche Chocomon\u00a0 y chocolatinas dentro! Al romperse hay asombro. Lo de siempre, una joya con packaging precioso. Descubre el Huevo de Pascua de chocolate con leche Xocomon, el cl\u00e1sico de siempre convertido en una aut\u00e9ntica joya de Pascua. Elaborado con chocolate con leche de alta calidad, suave, cremoso y con el punto perfecto de dulzura, es el regalo ideal para sorprender a peque\u00f1os y mayores. En Xocomon, tradici\u00f3n, calidad y seguridad alimentaria est\u00e1n garantizadas. El huevo de siempre con sorpresa dentro, con la presentaci\u00f3n m\u00e1s bonita. \u2728 Ideal para regalar \u2728 Chocolate con leche cremoso y equilibrado \u2728 Packaging exclusivo y elegante Compra ahora el Huevo de Pascua Xocomon y celebra la Pascua con el sabor m\u00e1s aut\u00e9ntico. Sin frutos secos, gluten, cacahuete, huevo. Contiene leche y soja.\"><span class=\"Y2IQFc\" lang=\"es\">Descubre el Huevo de Pascua de chocolate con leche Xocomon, el cl\u00e1sico de siempre convertido en una aut\u00e9ntica joya de Pascua. <\/span><\/p>\n<p class=\"tw-data-text tw-text-large tw-ta\" dir=\"ltr\" tabindex=\"-1\" role=\"text\" data-placeholder=\"Traducci\u00f3n\" data-ved=\"2ahUKEwiT_Pf-6dOSAxXANPsDHU-jEIgQ3ewLegQIDBAW\" aria-label=\"Texto traducido: HUEVO DE PASCUA de chocolate con leche Chocomon\u00a0 y chocolatinas dentro! Al romperse hay asombro. Lo de siempre, una joya con packaging precioso. Descubre el Huevo de Pascua de chocolate con leche Xocomon, el cl\u00e1sico de siempre convertido en una aut\u00e9ntica joya de Pascua. Elaborado con chocolate con leche de alta calidad, suave, cremoso y con el punto perfecto de dulzura, es el regalo ideal para sorprender a peque\u00f1os y mayores. En Xocomon, tradici\u00f3n, calidad y seguridad alimentaria est\u00e1n garantizadas. El huevo de siempre con sorpresa dentro, con la presentaci\u00f3n m\u00e1s bonita. \u2728 Ideal para regalar \u2728 Chocolate con leche cremoso y equilibrado \u2728 Packaging exclusivo y elegante Compra ahora el Huevo de Pascua Xocomon y celebra la Pascua con el sabor m\u00e1s aut\u00e9ntico. Sin frutos secos, gluten, cacahuete, huevo. Contiene leche y soja.\"><span class=\"Y2IQFc\" lang=\"es\">Elaborado con chocolate con leche de alta calidad, suave, cremoso y con el punto perfecto de dulzura, es el regalo ideal para sorprender a peque\u00f1os y mayores. <\/span><\/p>\n<p class=\"tw-data-text tw-text-large tw-ta\" dir=\"ltr\" tabindex=\"-1\" role=\"text\" data-placeholder=\"Traducci\u00f3n\" data-ved=\"2ahUKEwiT_Pf-6dOSAxXANPsDHU-jEIgQ3ewLegQIDBAW\" aria-label=\"Texto traducido: HUEVO DE PASCUA de chocolate con leche Chocomon\u00a0 y chocolatinas dentro! Al romperse hay asombro. Lo de siempre, una joya con packaging precioso. Descubre el Huevo de Pascua de chocolate con leche Xocomon, el cl\u00e1sico de siempre convertido en una aut\u00e9ntica joya de Pascua. Elaborado con chocolate con leche de alta calidad, suave, cremoso y con el punto perfecto de dulzura, es el regalo ideal para sorprender a peque\u00f1os y mayores. En Xocomon, tradici\u00f3n, calidad y seguridad alimentaria est\u00e1n garantizadas. El huevo de siempre con sorpresa dentro, con la presentaci\u00f3n m\u00e1s bonita. \u2728 Ideal para regalar \u2728 Chocolate con leche cremoso y equilibrado \u2728 Packaging exclusivo y elegante Compra ahora el Huevo de Pascua Xocomon y celebra la Pascua con el sabor m\u00e1s aut\u00e9ntico. Sin frutos secos, gluten, cacahuete, huevo. Contiene leche y soja.\"><span class=\"Y2IQFc\" lang=\"es\">En Xocomon, tradici\u00f3n, calidad y seguridad alimentaria est\u00e1n garantizadas. <\/span><\/p>\n<p class=\"tw-data-text tw-text-large tw-ta\" dir=\"ltr\" tabindex=\"-1\" role=\"text\" data-placeholder=\"Traducci\u00f3n\" data-ved=\"2ahUKEwiT_Pf-6dOSAxXANPsDHU-jEIgQ3ewLegQIDBAW\" aria-label=\"Texto traducido: HUEVO DE PASCUA de chocolate con leche Chocomon\u00a0 y chocolatinas dentro! Al romperse hay asombro. Lo de siempre, una joya con packaging precioso. Descubre el Huevo de Pascua de chocolate con leche Xocomon, el cl\u00e1sico de siempre convertido en una aut\u00e9ntica joya de Pascua. Elaborado con chocolate con leche de alta calidad, suave, cremoso y con el punto perfecto de dulzura, es el regalo ideal para sorprender a peque\u00f1os y mayores. En Xocomon, tradici\u00f3n, calidad y seguridad alimentaria est\u00e1n garantizadas. El huevo de siempre con sorpresa dentro, con la presentaci\u00f3n m\u00e1s bonita. \u2728 Ideal para regalar \u2728 Chocolate con leche cremoso y equilibrado \u2728 Packaging exclusivo y elegante Compra ahora el Huevo de Pascua Xocomon y celebra la Pascua con el sabor m\u00e1s aut\u00e9ntico. Sin frutos secos, gluten, cacahuete, huevo. Contiene leche y soja.\"><span class=\"Y2IQFc\" lang=\"es\">El huevo de siempre con sorpresa dentro, con la presentaci\u00f3n m\u00e1s bonita. <\/span><\/p>\n<p class=\"tw-data-text tw-text-large tw-ta\" dir=\"ltr\" tabindex=\"-1\" role=\"text\" data-placeholder=\"Traducci\u00f3n\" data-ved=\"2ahUKEwiT_Pf-6dOSAxXANPsDHU-jEIgQ3ewLegQIDBAW\" aria-label=\"Texto traducido: HUEVO DE PASCUA de chocolate con leche Chocomon\u00a0 y chocolatinas dentro! Al romperse hay asombro. Lo de siempre, una joya con packaging precioso. Descubre el Huevo de Pascua de chocolate con leche Xocomon, el cl\u00e1sico de siempre convertido en una aut\u00e9ntica joya de Pascua. Elaborado con chocolate con leche de alta calidad, suave, cremoso y con el punto perfecto de dulzura, es el regalo ideal para sorprender a peque\u00f1os y mayores. En Xocomon, tradici\u00f3n, calidad y seguridad alimentaria est\u00e1n garantizadas. El huevo de siempre con sorpresa dentro, con la presentaci\u00f3n m\u00e1s bonita. \u2728 Ideal para regalar \u2728 Chocolate con leche cremoso y equilibrado \u2728 Packaging exclusivo y elegante Compra ahora el Huevo de Pascua Xocomon y celebra la Pascua con el sabor m\u00e1s aut\u00e9ntico. Sin frutos secos, gluten, cacahuete, huevo. Contiene leche y soja.\"><span class=\"Y2IQFc\" lang=\"es\">\u2728 Ideal para regalar <\/span><\/p>\n<p class=\"tw-data-text tw-text-large tw-ta\" dir=\"ltr\" tabindex=\"-1\" role=\"text\" data-placeholder=\"Traducci\u00f3n\" data-ved=\"2ahUKEwiT_Pf-6dOSAxXANPsDHU-jEIgQ3ewLegQIDBAW\" aria-label=\"Texto traducido: HUEVO DE PASCUA de chocolate con leche Chocomon\u00a0 y chocolatinas dentro! Al romperse hay asombro. Lo de siempre, una joya con packaging precioso. Descubre el Huevo de Pascua de chocolate con leche Xocomon, el cl\u00e1sico de siempre convertido en una aut\u00e9ntica joya de Pascua. Elaborado con chocolate con leche de alta calidad, suave, cremoso y con el punto perfecto de dulzura, es el regalo ideal para sorprender a peque\u00f1os y mayores. En Xocomon, tradici\u00f3n, calidad y seguridad alimentaria est\u00e1n garantizadas. El huevo de siempre con sorpresa dentro, con la presentaci\u00f3n m\u00e1s bonita. \u2728 Ideal para regalar \u2728 Chocolate con leche cremoso y equilibrado \u2728 Packaging exclusivo y elegante Compra ahora el Huevo de Pascua Xocomon y celebra la Pascua con el sabor m\u00e1s aut\u00e9ntico. Sin frutos secos, gluten, cacahuete, huevo. Contiene leche y soja.\"><span class=\"Y2IQFc\" lang=\"es\">\u2728 Chocolate con leche cremoso y equilibrado<\/span><\/p>\n<p class=\"tw-data-text tw-text-large tw-ta\" dir=\"ltr\" tabindex=\"-1\" role=\"text\" data-placeholder=\"Traducci\u00f3n\" data-ved=\"2ahUKEwiT_Pf-6dOSAxXANPsDHU-jEIgQ3ewLegQIDBAW\" aria-label=\"Texto traducido: HUEVO DE PASCUA de chocolate con leche Chocomon\u00a0 y chocolatinas dentro! Al romperse hay asombro. Lo de siempre, una joya con packaging precioso. Descubre el Huevo de Pascua de chocolate con leche Xocomon, el cl\u00e1sico de siempre convertido en una aut\u00e9ntica joya de Pascua. Elaborado con chocolate con leche de alta calidad, suave, cremoso y con el punto perfecto de dulzura, es el regalo ideal para sorprender a peque\u00f1os y mayores. En Xocomon, tradici\u00f3n, calidad y seguridad alimentaria est\u00e1n garantizadas. El huevo de siempre con sorpresa dentro, con la presentaci\u00f3n m\u00e1s bonita. \u2728 Ideal para regalar \u2728 Chocolate con leche cremoso y equilibrado \u2728 Packaging exclusivo y elegante Compra ahora el Huevo de Pascua Xocomon y celebra la Pascua con el sabor m\u00e1s aut\u00e9ntico. Sin frutos secos, gluten, cacahuete, huevo. Contiene leche y soja.\"><span class=\"Y2IQFc\" lang=\"es\">\u2728 Packaging exclusivo y elegante <\/span><\/p>\n<p class=\"tw-data-text tw-text-large tw-ta\" dir=\"ltr\" tabindex=\"-1\" role=\"text\" data-placeholder=\"Traducci\u00f3n\" data-ved=\"2ahUKEwiT_Pf-6dOSAxXANPsDHU-jEIgQ3ewLegQIDBAW\" aria-label=\"Texto traducido: HUEVO DE PASCUA de chocolate con leche Chocomon\u00a0 y chocolatinas dentro! Al romperse hay asombro. Lo de siempre, una joya con packaging precioso. Descubre el Huevo de Pascua de chocolate con leche Xocomon, el cl\u00e1sico de siempre convertido en una aut\u00e9ntica joya de Pascua. Elaborado con chocolate con leche de alta calidad, suave, cremoso y con el punto perfecto de dulzura, es el regalo ideal para sorprender a peque\u00f1os y mayores. En Xocomon, tradici\u00f3n, calidad y seguridad alimentaria est\u00e1n garantizadas. El huevo de siempre con sorpresa dentro, con la presentaci\u00f3n m\u00e1s bonita. \u2728 Ideal para regalar \u2728 Chocolate con leche cremoso y equilibrado \u2728 Packaging exclusivo y elegante Compra ahora el Huevo de Pascua Xocomon y celebra la Pascua con el sabor m\u00e1s aut\u00e9ntico. Sin frutos secos, gluten, cacahuete, huevo. Contiene leche y soja.\"><span class=\"Y2IQFc\" lang=\"es\">Compra ahora el Huevo de Pascua Xocomon y celebra la Pascua con el sabor m\u00e1s aut\u00e9ntico. Sin frutos secos, gluten, cacahuete, huevo. <\/span><\/p>\n<p class=\"tw-data-text tw-text-large tw-ta\" dir=\"ltr\" tabindex=\"-1\" role=\"text\" data-placeholder=\"Traducci\u00f3n\" data-ved=\"2ahUKEwiT_Pf-6dOSAxXANPsDHU-jEIgQ3ewLegQIDBAW\" aria-label=\"Texto traducido: HUEVO DE PASCUA de chocolate con leche Chocomon\u00a0 y chocolatinas dentro! Al romperse hay asombro. Lo de siempre, una joya con packaging precioso. Descubre el Huevo de Pascua de chocolate con leche Xocomon, el cl\u00e1sico de siempre convertido en una aut\u00e9ntica joya de Pascua. Elaborado con chocolate con leche de alta calidad, suave, cremoso y con el punto perfecto de dulzura, es el regalo ideal para sorprender a peque\u00f1os y mayores. En Xocomon, tradici\u00f3n, calidad y seguridad alimentaria est\u00e1n garantizadas. El huevo de siempre con sorpresa dentro, con la presentaci\u00f3n m\u00e1s bonita. \u2728 Ideal para regalar \u2728 Chocolate con leche cremoso y equilibrado \u2728 Packaging exclusivo y elegante Compra ahora el Huevo de Pascua Xocomon y celebra la Pascua con el sabor m\u00e1s aut\u00e9ntico. Sin frutos secos, gluten, cacahuete, huevo. Contiene leche y soja.\"><span class=\"Y2IQFc\" lang=\"es\">Contiene <strong><span style=\"color: #ed1c24;\">leche y soja.<\/span><\/strong><\/span><\/p>\n","protected":false},"excerpt":{"rendered":"<p>300 gr,<\/p>\n<p>18 cm de alto,<\/p>\n<p>Huevo de pascua con sorpresa de chocolate en interior (animales de la granja\u00a0 de juguete),<\/p>\n<p>Mona de Pascua XOCOMON online, env\u00eda la \u00abMONA\u00bb a tu ahijado\/a, empaquetados y listos para entregar y disfrutar de esta \u00abMona\u00bb de oro negro.<\/p>\n<p><strong>No contiene trazas de frutos secos,<\/strong> sin gluten.<\/p>\n<p>&nbsp;<\/p>\n<p>INGREDIENTES: Pasta de cacao, az\u00facar, manteca de cacao, <span style=\"color: #ff0000;\"><strong>leche en polvo<\/strong><\/span> emulgente: <strong><span style=\"color: #ff0000;\">lecitina de soja<\/span><\/strong>, aroma natural de vainilla.<\/p>\n<p><strong>SIN GLUTEN, SIN HUEVO, SIN FRUTOS SECOS, SIN CACAHUETE, SIN ACEITE DE PALMA, SIN TRAZAS<\/strong><\/p>\n<p>Chocolate apto para vegetarianos<\/p>\n","protected":false},"featured_media":28049,"comment_status":"open","ping_status":"closed","template":"","meta":[],"product_brand":[],"product_cat":[131,191],"product_tag":[309],"class_list":{"0":"post-27565","1":"product","2":"type-product","3":"status-publish","4":"has-post-thumbnail","6":"product_cat-pascua","7":"product_cat-chocolate-con-leche-pascuas","8":"product_tag-ou-de-pasqua","9":"tm-has-options","11":"first","12":"outofstock","13":"taxable","14":"shipping-taxable","15":"purchasable","16":"product-type-simple"},"yoast_head":"<!-- This site is optimized with the Yoast SEO plugin v26.7 - https:\/\/yoast.com\/wordpress\/plugins\/seo\/ -->\n<title>HUEVO de chocolate con leche CON SORPRESA (animales de la granja juguete) - Xocomon<\/title>\n<meta name=\"description\" content=\"Huevo de Pascua de chocolate con leche CON SORPRESA, chocolate con leche sin trazas de frutos secos, gluten, huevo, cacahuete....www.xocomon.com\" \/>\n<meta name=\"robots\" content=\"index, follow, max-snippet:-1, max-image-preview:large, max-video-preview:-1\" \/>\n<link rel=\"canonical\" href=\"https:\/\/xocomon.com\/producto\/ou-amb-sorpresa-a-linterior-granja\/\" \/>\n<meta property=\"og:locale\" content=\"es_ES\" \/>\n<meta property=\"og:type\" content=\"article\" \/>\n<meta property=\"og:title\" content=\"HUEVO de chocolate con leche CON SORPRESA (animales de la granja juguete) - Xocomon\" \/>\n<meta property=\"og:description\" content=\"Huevo de Pascua de chocolate con leche CON SORPRESA, chocolate con leche sin trazas de frutos secos, gluten, huevo, cacahuete....www.xocomon.com\" \/>\n<meta property=\"og:url\" content=\"https:\/\/xocomon.com\/producto\/ou-amb-sorpresa-a-linterior-granja\/\" \/>\n<meta property=\"og:site_name\" content=\"Xocomon\" \/>\n<meta property=\"article:publisher\" content=\"https:\/\/www.facebook.com\/xocomon\/\" \/>\n<meta property=\"article:modified_time\" content=\"2026-03-27T08:19:57+00:00\" \/>\n<meta property=\"og:image\" content=\"https:\/\/xocomon.com\/wp-content\/uploads\/2026\/03\/huevo-animales-de-la-granja-llet-.jpeg\" \/>\n\t<meta property=\"og:image:width\" content=\"1136\" \/>\n\t<meta property=\"og:image:height\" content=\"937\" \/>\n\t<meta property=\"og:image:type\" content=\"image\/jpeg\" \/>\n<meta name=\"twitter:card\" content=\"summary_large_image\" \/>\n<meta name=\"twitter:label1\" content=\"Tiempo de lectura\" \/>\n\t<meta name=\"twitter:data1\" content=\"1 minuto\" \/>\n<script type=\"application\/ld+json\" class=\"yoast-schema-graph\">{\"@context\":\"https:\/\/schema.org\",\"@graph\":[{\"@type\":\"WebPage\",\"@id\":\"https:\/\/xocomon.com\/producto\/ou-amb-sorpresa-a-linterior-granja\/\",\"url\":\"https:\/\/xocomon.com\/producto\/ou-amb-sorpresa-a-linterior-granja\/\",\"name\":\"HUEVO de chocolate con leche CON SORPRESA (animales de la granja juguete) - Xocomon\",\"isPartOf\":{\"@id\":\"https:\/\/xocomon.com\/#website\"},\"primaryImageOfPage\":{\"@id\":\"https:\/\/xocomon.com\/producto\/ou-amb-sorpresa-a-linterior-granja\/#primaryimage\"},\"image\":{\"@id\":\"https:\/\/xocomon.com\/producto\/ou-amb-sorpresa-a-linterior-granja\/#primaryimage\"},\"thumbnailUrl\":\"https:\/\/xocomon.com\/wp-content\/uploads\/2026\/03\/huevo-animales-de-la-granja-llet-.jpeg\",\"datePublished\":\"2026-02-18T09:28:05+00:00\",\"dateModified\":\"2026-03-27T08:19:57+00:00\",\"description\":\"Huevo de Pascua de chocolate con leche CON SORPRESA, chocolate con leche sin trazas de frutos secos, gluten, huevo, cacahuete....www.xocomon.com\",\"breadcrumb\":{\"@id\":\"https:\/\/xocomon.com\/producto\/ou-amb-sorpresa-a-linterior-granja\/#breadcrumb\"},\"inLanguage\":\"es\",\"potentialAction\":[{\"@type\":\"ReadAction\",\"target\":[\"https:\/\/xocomon.com\/producto\/ou-amb-sorpresa-a-linterior-granja\/\"]}]},{\"@type\":\"ImageObject\",\"inLanguage\":\"es\",\"@id\":\"https:\/\/xocomon.com\/producto\/ou-amb-sorpresa-a-linterior-granja\/#primaryimage\",\"url\":\"https:\/\/xocomon.com\/wp-content\/uploads\/2026\/03\/huevo-animales-de-la-granja-llet-.jpeg\",\"contentUrl\":\"https:\/\/xocomon.com\/wp-content\/uploads\/2026\/03\/huevo-animales-de-la-granja-llet-.jpeg\",\"width\":1136,\"height\":937},{\"@type\":\"BreadcrumbList\",\"@id\":\"https:\/\/xocomon.com\/producto\/ou-amb-sorpresa-a-linterior-granja\/#breadcrumb\",\"itemListElement\":[{\"@type\":\"ListItem\",\"position\":1,\"name\":\"Portada\",\"item\":\"https:\/\/xocomon.com\/es\/\"},{\"@type\":\"ListItem\",\"position\":2,\"name\":\"Tienda\",\"item\":\"https:\/\/xocomon.com\/es\/tienda\/\"},{\"@type\":\"ListItem\",\"position\":3,\"name\":\"HUEVO de chocolate con leche CON SORPRESA (animales de la granja juguete)\"}]},{\"@type\":\"WebSite\",\"@id\":\"https:\/\/xocomon.com\/#website\",\"url\":\"https:\/\/xocomon.com\/\",\"name\":\"Xocomon\",\"description\":\"\",\"potentialAction\":[{\"@type\":\"SearchAction\",\"target\":{\"@type\":\"EntryPoint\",\"urlTemplate\":\"https:\/\/xocomon.com\/?s={search_term_string}\"},\"query-input\":{\"@type\":\"PropertyValueSpecification\",\"valueRequired\":true,\"valueName\":\"search_term_string\"}}],\"inLanguage\":\"es\"}]}<\/script>\n<!-- \/ Yoast SEO plugin. -->","yoast_head_json":{"title":"HUEVO de chocolate con leche CON SORPRESA (animales de la granja juguete) - Xocomon","description":"Huevo de Pascua de chocolate con leche CON SORPRESA, chocolate con leche sin trazas de frutos secos, gluten, huevo, cacahuete....www.xocomon.com","robots":{"index":"index","follow":"follow","max-snippet":"max-snippet:-1","max-image-preview":"max-image-preview:large","max-video-preview":"max-video-preview:-1"},"canonical":"https:\/\/xocomon.com\/producto\/ou-amb-sorpresa-a-linterior-granja\/","og_locale":"es_ES","og_type":"article","og_title":"HUEVO de chocolate con leche CON SORPRESA (animales de la granja juguete) - Xocomon","og_description":"Huevo de Pascua de chocolate con leche CON SORPRESA, chocolate con leche sin trazas de frutos secos, gluten, huevo, cacahuete....www.xocomon.com","og_url":"https:\/\/xocomon.com\/producto\/ou-amb-sorpresa-a-linterior-granja\/","og_site_name":"Xocomon","article_publisher":"https:\/\/www.facebook.com\/xocomon\/","article_modified_time":"2026-03-27T08:19:57+00:00","og_image":[{"width":1136,"height":937,"url":"https:\/\/xocomon.com\/wp-content\/uploads\/2026\/03\/huevo-animales-de-la-granja-llet-.jpeg","type":"image\/jpeg"}],"twitter_card":"summary_large_image","twitter_misc":{"Tiempo de lectura":"1 minuto"},"schema":{"@context":"https:\/\/schema.org","@graph":[{"@type":"WebPage","@id":"https:\/\/xocomon.com\/producto\/ou-amb-sorpresa-a-linterior-granja\/","url":"https:\/\/xocomon.com\/producto\/ou-amb-sorpresa-a-linterior-granja\/","name":"HUEVO de chocolate con leche CON SORPRESA (animales de la granja juguete) - Xocomon","isPartOf":{"@id":"https:\/\/xocomon.com\/#website"},"primaryImageOfPage":{"@id":"https:\/\/xocomon.com\/producto\/ou-amb-sorpresa-a-linterior-granja\/#primaryimage"},"image":{"@id":"https:\/\/xocomon.com\/producto\/ou-amb-sorpresa-a-linterior-granja\/#primaryimage"},"thumbnailUrl":"https:\/\/xocomon.com\/wp-content\/uploads\/2026\/03\/huevo-animales-de-la-granja-llet-.jpeg","datePublished":"2026-02-18T09:28:05+00:00","dateModified":"2026-03-27T08:19:57+00:00","description":"Huevo de Pascua de chocolate con leche CON SORPRESA, chocolate con leche sin trazas de frutos secos, gluten, huevo, cacahuete....www.xocomon.com","breadcrumb":{"@id":"https:\/\/xocomon.com\/producto\/ou-amb-sorpresa-a-linterior-granja\/#breadcrumb"},"inLanguage":"es","potentialAction":[{"@type":"ReadAction","target":["https:\/\/xocomon.com\/producto\/ou-amb-sorpresa-a-linterior-granja\/"]}]},{"@type":"ImageObject","inLanguage":"es","@id":"https:\/\/xocomon.com\/producto\/ou-amb-sorpresa-a-linterior-granja\/#primaryimage","url":"https:\/\/xocomon.com\/wp-content\/uploads\/2026\/03\/huevo-animales-de-la-granja-llet-.jpeg","contentUrl":"https:\/\/xocomon.com\/wp-content\/uploads\/2026\/03\/huevo-animales-de-la-granja-llet-.jpeg","width":1136,"height":937},{"@type":"BreadcrumbList","@id":"https:\/\/xocomon.com\/producto\/ou-amb-sorpresa-a-linterior-granja\/#breadcrumb","itemListElement":[{"@type":"ListItem","position":1,"name":"Portada","item":"https:\/\/xocomon.com\/es\/"},{"@type":"ListItem","position":2,"name":"Tienda","item":"https:\/\/xocomon.com\/es\/tienda\/"},{"@type":"ListItem","position":3,"name":"HUEVO de chocolate con leche CON SORPRESA (animales de la granja juguete)"}]},{"@type":"WebSite","@id":"https:\/\/xocomon.com\/#website","url":"https:\/\/xocomon.com\/","name":"Xocomon","description":"","potentialAction":[{"@type":"SearchAction","target":{"@type":"EntryPoint","urlTemplate":"https:\/\/xocomon.com\/?s={search_term_string}"},"query-input":{"@type":"PropertyValueSpecification","valueRequired":true,"valueName":"search_term_string"}}],"inLanguage":"es"}]}},"tiered_pricing_type":"fixed","tiered_pricing_fixed_rules":[],"tiered_pricing_product_settings":{"layout":"default","base_unit_name":{"singular":null,"plural":null},"default_variation":null},"tiered_pricing_minimum_quantity":null,"tiered_pricing_roles_data":[],"tiered_pricing_percentage_rules":[],"_links":{"self":[{"href":"https:\/\/xocomon.com\/es\/wp-json\/wp\/v2\/product\/27565","targetHints":{"allow":["GET"]}}],"collection":[{"href":"https:\/\/xocomon.com\/es\/wp-json\/wp\/v2\/product"}],"about":[{"href":"https:\/\/xocomon.com\/es\/wp-json\/wp\/v2\/types\/product"}],"replies":[{"embeddable":true,"href":"https:\/\/xocomon.com\/es\/wp-json\/wp\/v2\/comments?post=27565"}],"wp:featuredmedia":[{"embeddable":true,"href":"https:\/\/xocomon.com\/es\/wp-json\/wp\/v2\/media\/28049"}],"wp:attachment":[{"href":"https:\/\/xocomon.com\/es\/wp-json\/wp\/v2\/media?parent=27565"}],"wp:term":[{"taxonomy":"product_brand","embeddable":true,"href":"https:\/\/xocomon.com\/es\/wp-json\/wp\/v2\/product_brand?post=27565"},{"taxonomy":"product_cat","embeddable":true,"href":"https:\/\/xocomon.com\/es\/wp-json\/wp\/v2\/product_cat?post=27565"},{"taxonomy":"product_tag","embeddable":true,"href":"https:\/\/xocomon.com\/es\/wp-json\/wp\/v2\/product_tag?post=27565"}],"curies":[{"name":"wp","href":"https:\/\/api.w.org\/{rel}","templated":true}]}}