{"id":27517,"date":"2026-02-12T23:19:54","date_gmt":"2026-02-12T22:19:54","guid":{"rendered":"https:\/\/xocomon.com\/?post_type=product&#038;p=27517"},"modified":"2026-04-21T12:42:38","modified_gmt":"2026-04-21T11:42:38","slug":"la-gallina-cocorina-chocolate-negra-copia","status":"publish","type":"product","link":"https:\/\/xocomon.com\/es\/producto\/la-gallina-cocorina-chocolate-negra-copia\/","title":{"rendered":"Conejo origami grande chocolate negro"},"content":{"rendered":"<div id=\"tw-container\" class=\"nev7se\" data-cp=\"1\" data-nnttsvi=\"1\" data-sletp=\"false\" data-sm=\"1\" data-ssbp=\"false\" data-sugg-time=\"500\" data-sugg-url=\"https:\/\/clients1.google.com\/complete\/search\" data-uilc=\"es\" data-vil=\",af,af-ZA,am,am-ET,ar-EG,ar-AE,ar-KW,ar-QA,ar,ar-IL,ar-JO,ar-LB,ar-PS,az,az-AZ,bg,bg-BG,bn,bn-BD,bn-IN,ca,ca-es,cs,cs-CZ,de,de-DE,de-CH,de-AT,de-LI,en,en-US,en-CA,en-AU,en-NZ,en-GB,en-IN,en-KE,en-TZ,en-NG,en-GH,en-PH,en-ZA,es,es-ES,es-AR,es-UY,es-419,es-BO,es-CL,es-CR,es-CO,es-DO,es-EC,es-GT,es-HN,es-NI,es-PA,es-PE,es-PR,es-PY,es-SV,es-VE,es-MX,es-US,eu,eu-ES,fi,fi-FI,fr,fr-FR,fr-CH,fr-BE,gl,gl-ES,gu,gu-IN,he,he-IL,iw,iw-IL,hu,hu-HU,hy,hy-AM,id,id-ID,is,is-IS,it,it-IT,it-CH,ja,ja-JP,jv,jv-ID,ka,ka-GE,km,km-KH,kn,kn-IN,ko,ko-KR,la,lo,lo-LA,lv,lv-LV,ml,ml-IN,mr,mr-IN,ms,ms-MY,nl,nl-NL,nb,nb-NO,ne,ne-NP,pl,pl-PL,pt,pt-BR,pt-PT,ro,ro-RO,ru,ru-RU,si-LK,sk,sk-SK,sr,sr-RS,su,su-ID,sv,sv-SE,sw,sw-TZ,sw-KE,ta,ta-IN,ta-SG,ta-LK,ta-MY,te,te-IN,tr,tr-TR,ur,ur-PK,ur-IN,yue,yue-HK,yue-Hant-HK,zh-HK,zh,zh-CN,zh-cmn,zh-cmn-CN,zh-Hans,zh-Hans-CN,zh-cmn-Hans,zh-cmn-Hans-CN,cmn-CN,cmn-Hans,cmn-Hans-CN,zh-TW,zh-Hant-TW,cmn-TW,cmn-Hant-TW,zh-cmn-TW,zh-cmn-Hant-TW,zu,zu-ZA,hi,hi-IN,tl,tl-PH,pa,pa-IN\">\n<div>\n<div>\n<div id=\"tw-ob\" class=\"tw-src-ltr\">\n<div class=\"oSioSc\">\n<div id=\"tw-target\">\n<div id=\"kAz1tf\" class=\"g9WsWb PZPZlf\" data-attrid=\"tw-targetArea\" data-entityname=\"Google Translate\">\n<div id=\"tw-target-text-container\" class=\"tw-ta-container tw-nfl\" tabindex=\"0\" role=\"text\">\n<pre id=\"tw-target-text\" class=\"tw-data-text tw-text-large tw-ta\" dir=\"ltr\" tabindex=\"-1\" role=\"text\" data-placeholder=\"Traducci\u00f3n\" data-ved=\"2ahUKEwiFkcLP-9SSAxWcVKQEHfNZMKsQ3ewLegQIDBAW\" aria-label=\"Texto traducido: Figura de Pascua elegante \u2013 Chocolate original para regalar y decorar\r\n\r\nDescubre la Pascua Xocomon con figuras de conejos diferentes, una propuesta dulce y llena de alegr\u00eda para celebrar la Pascua de forma original.\r\n\r\nElaborada con chocolate de alta calidad, combina un sabor irresistible con un dise\u00f1o simp\u00e1tico que aporta un toque creativo y festivo.\r\n\r\nEl conejo origami, con un estilo elegante y encantador, lo convierte en una opci\u00f3n perfecta tanto para regalar como para utilizarla como figura decorativa para la mona de Pascua.\r\n\r\nEs ideal para sorprender a peque\u00f1os y mayores con un detalle diferente, artesanal y lleno de personalidad.\r\n\r\nPerfecta para completar su celebraci\u00f3n con calidad e imaginaci\u00f3n.\r\n\r\n\u2714 Chocolate de alta calidad\r\n\u2714 Dise\u00f1o conejo elegante\u00a0\r\n\u2714 Ideal para decorar el mono\r\n\u2714 Regalo original de Pascua\r\n\r\nDa un toque dulce, creativo y lleno de humor en tu Pascua con la gallina cocorina Xocomon.\"><span class=\"Y2IQFc\" lang=\"es\" style=\"font-family: helvetica, arial, sans-serif;\">Figura de Pascua elegante \u2013 Chocolate original para regalar y decorar\r\n\r\nDescubre la Pascua Xocomon con figuras de conejos diferentes, una propuesta dulce y llena de alegr\u00eda para celebrar la Pascua de forma original.\r\n\r\nElaborada con chocolate de alta calidad, combina un sabor irresistible con un dise\u00f1o simp\u00e1tico que aporta un toque creativo y festivo.\r\n\r\nEl conejo origami, con un estilo elegante y encantador, lo convierte en una opci\u00f3n perfecta tanto para regalar como para utilizarla como figura decorativa para la mona de Pascua.\r\n\r\nEs ideal para sorprender a peque\u00f1os y mayores con un detalle diferente, artesanal y lleno de personalidad.\r\n\r\nPerfecta para completar su celebraci\u00f3n con calidad e imaginaci\u00f3n.\r\n\r\n\u2714 Chocolate de alta calidad\r\n\u2714 Dise\u00f1o conejo elegante\u00a0\r\n\u2714 Ideal para decorar el mono\r\n\u2714 Regalo original de Pascua\r\n\r\nDa un toque dulce, creativo y elegante en tu Pascua con el conejo origami Xocomon.<\/span><\/pre>\n<\/div>\n<div id=\"tw-target-rmn-container\" class=\"tw-target-rmn tw-ta-container tw-nfl\" tabindex=\"-1\" role=\"text\">\n<pre id=\"tw-target-rmn\" class=\"tw-data-placeholder tw-text-small tw-ta\" dir=\"ltr\" tabindex=\"-1\" role=\"text\" data-placeholder=\"\"><\/pre>\n<\/div>\n<div class=\"iYB33c\">\n<div id=\"tw-tmenu\" class=\"tw-menu\"><\/div>\n<\/div>\n<\/div>\n<\/div>\n<\/div>\n<\/div>\n<div id=\"tw-images\"><\/div>\n<div class=\"dURPtb\"><\/div>\n<div>\n<div><\/div>\n<\/div>\n<\/div>\n<\/div>\n<\/div>\n<div class=\"KFFQ0c xKf9F\"><\/div>\n<pre id=\"tw-target-text\" class=\"tw-data-text tw-text-large tw-ta\" dir=\"ltr\" tabindex=\"-1\" role=\"text\" data-placeholder=\"Traducci\u00f3n\" data-ved=\"2ahUKEwiJid-18tOSAxVTTKQEHRzYAHwQ3ewLegQIDBAW\" aria-label=\"Texto traducido: FIGURA DE PASCUA 350 g de chocolate negro Xocomon \u2013 Pureza, intensidad y calidad para todos Descubre la gallina m\u00e1s divertida de chocolates Xocomon, una propuesta pura y elegante para los amantes del chocolate intenso. Elaborado con s\u00f3lo 3 ingredientes, esta joya de Pascua destaca por su sabor profundo, equilibrado y aut\u00e9ntico. Es una figura de Pascua vegana, sin ning\u00fan al\u00e9rgeno, pensado para que todo el mundo pueda disfrutarlo con total tranquilidad. Con 350-400 g de chocolate negro de alta calidad, es ideal para regalar, compartir o convertir la celebraci\u00f3n de Pascua en un momento especial. Su cuidado acabado y su presencia elegante hacen perfecta tanto para peque\u00f1os como para mayores. Con Xocomon, menos es m\u00e1s: s\u00f3lo tres ingredientes, m\u00e1xima calidad y intenso sabor. \u2714 chocolate negro premium \u2714 Sin al\u00e9rgenos \u2714 S\u00f3lo 3 ingredientes \u2714 100% vegano \u2714 Perfecto para todos Celebra la Pascua con la intensidad y seguridad de las figuras de Pascua Xocomon.\"><\/pre>\n","protected":false},"excerpt":{"rendered":"<pre id=\"tw-target-text\" class=\"tw-data-text tw-text-large tw-ta\" dir=\"ltr\" tabindex=\"-1\" role=\"text\" data-placeholder=\"Traducci\u00f3n\" data-ved=\"2ahUKEwiJid-18tOSAxVTTKQEHRzYAHwQ3ewLegQIDBAW\" aria-label=\"Texto traducido: Figura de Pascua 350-400g chocolate negro Xocomon 15 cm de alto, 3 INGREDIENTES: Pasta de cacao, az\u00facar, mantequilla de cacao, chocolate negro vegano y vegetariano. SIN FRUTOS SECOS, LECHE, HUEVO, GLUTEN, SOJA Y CACAHUET.\"><span class=\"Y2IQFc\" lang=\"es\" style=\"font-family: helvetica, arial, sans-serif;\">Figura de Pascua 350-400g chocolate negro Xocomon\r\n\r\n17,5 cm de alto,\r\n\r\n3 INGREDIENTES: Pasta de cacao, az\u00facar, mantequilla de cacao,\r\n\r\nchocolate negro vegano y vegetariano.\r\n\r\nSIN FRUTOS SECOS, LECHE, HUEVO, GLUTEN, SOJA Y CACAHUET.<\/span><\/pre>\n","protected":false},"featured_media":27697,"comment_status":"open","ping_status":"closed","template":"","meta":[],"product_brand":[],"product_cat":[131,190],"product_tag":[438,295],"class_list":{"0":"post-27517","1":"product","2":"type-product","3":"status-publish","4":"has-post-thumbnail","6":"product_cat-pascua","7":"product_cat-chocolate-negro-pascuas","8":"product_tag-ou-es","9":"product_tag-pasqua","10":"tm-no-options-pxq","12":"first","13":"instock","14":"taxable","15":"shipping-taxable","16":"purchasable","17":"product-type-simple"},"yoast_head":"<!-- This site is optimized with the Yoast SEO plugin v26.7 - https:\/\/yoast.com\/wordpress\/plugins\/seo\/ -->\n<title>Conejo origami grande chocolate negro - Xocomon<\/title>\n<meta name=\"description\" content=\"figura Pascua de Chocolate Negro 300g. sin leche, sin frutos secos, sin huevo, sin cacahuete, sin gluten. sin soja. 3 Ingredientes, VEGANO.\" \/>\n<meta name=\"robots\" content=\"index, follow, max-snippet:-1, max-image-preview:large, max-video-preview:-1\" \/>\n<link rel=\"canonical\" href=\"https:\/\/xocomon.com\/producto\/conill-origami-xocolata-negra\/\" \/>\n<meta property=\"og:locale\" content=\"es_ES\" \/>\n<meta property=\"og:type\" content=\"article\" \/>\n<meta property=\"og:title\" content=\"Conejo origami grande chocolate negro - Xocomon\" \/>\n<meta property=\"og:description\" content=\"figura Pascua de Chocolate Negro 300g. sin leche, sin frutos secos, sin huevo, sin cacahuete, sin gluten. sin soja. 3 Ingredientes, VEGANO.\" \/>\n<meta property=\"og:url\" content=\"https:\/\/xocomon.com\/producto\/conill-origami-xocolata-negra\/\" \/>\n<meta property=\"og:site_name\" content=\"Xocomon\" \/>\n<meta property=\"article:publisher\" content=\"https:\/\/www.facebook.com\/xocomon\/\" \/>\n<meta property=\"article:modified_time\" content=\"2026-04-21T11:42:38+00:00\" \/>\n<meta property=\"og:image\" content=\"https:\/\/xocomon.com\/wp-content\/uploads\/2026\/02\/conill-origami-gran-n.png\" \/>\n\t<meta property=\"og:image:width\" content=\"1600\" \/>\n\t<meta property=\"og:image:height\" content=\"1600\" \/>\n\t<meta property=\"og:image:type\" content=\"image\/png\" \/>\n<meta name=\"twitter:card\" content=\"summary_large_image\" \/>\n<script type=\"application\/ld+json\" class=\"yoast-schema-graph\">{\"@context\":\"https:\/\/schema.org\",\"@graph\":[{\"@type\":\"WebPage\",\"@id\":\"https:\/\/xocomon.com\/producto\/conill-origami-xocolata-negra\/\",\"url\":\"https:\/\/xocomon.com\/producto\/conill-origami-xocolata-negra\/\",\"name\":\"Conejo origami grande chocolate negro - Xocomon\",\"isPartOf\":{\"@id\":\"https:\/\/xocomon.com\/#website\"},\"primaryImageOfPage\":{\"@id\":\"https:\/\/xocomon.com\/producto\/conill-origami-xocolata-negra\/#primaryimage\"},\"image\":{\"@id\":\"https:\/\/xocomon.com\/producto\/conill-origami-xocolata-negra\/#primaryimage\"},\"thumbnailUrl\":\"https:\/\/xocomon.com\/wp-content\/uploads\/2026\/02\/conill-origami-gran-n.png\",\"datePublished\":\"2026-02-12T22:19:54+00:00\",\"dateModified\":\"2026-04-21T11:42:38+00:00\",\"description\":\"figura Pascua de Chocolate Negro 300g. sin leche, sin frutos secos, sin huevo, sin cacahuete, sin gluten. sin soja. 3 Ingredientes, VEGANO.\",\"breadcrumb\":{\"@id\":\"https:\/\/xocomon.com\/producto\/conill-origami-xocolata-negra\/#breadcrumb\"},\"inLanguage\":\"es\",\"potentialAction\":[{\"@type\":\"ReadAction\",\"target\":[\"https:\/\/xocomon.com\/producto\/conill-origami-xocolata-negra\/\"]}]},{\"@type\":\"ImageObject\",\"inLanguage\":\"es\",\"@id\":\"https:\/\/xocomon.com\/producto\/conill-origami-xocolata-negra\/#primaryimage\",\"url\":\"https:\/\/xocomon.com\/wp-content\/uploads\/2026\/02\/conill-origami-gran-n.png\",\"contentUrl\":\"https:\/\/xocomon.com\/wp-content\/uploads\/2026\/02\/conill-origami-gran-n.png\",\"width\":1600,\"height\":1600},{\"@type\":\"BreadcrumbList\",\"@id\":\"https:\/\/xocomon.com\/producto\/conill-origami-xocolata-negra\/#breadcrumb\",\"itemListElement\":[{\"@type\":\"ListItem\",\"position\":1,\"name\":\"Portada\",\"item\":\"https:\/\/xocomon.com\/es\/\"},{\"@type\":\"ListItem\",\"position\":2,\"name\":\"Tienda\",\"item\":\"https:\/\/xocomon.com\/es\/tienda\/\"},{\"@type\":\"ListItem\",\"position\":3,\"name\":\"Conejo origami grande chocolate negro\"}]},{\"@type\":\"WebSite\",\"@id\":\"https:\/\/xocomon.com\/#website\",\"url\":\"https:\/\/xocomon.com\/\",\"name\":\"Xocomon\",\"description\":\"\",\"potentialAction\":[{\"@type\":\"SearchAction\",\"target\":{\"@type\":\"EntryPoint\",\"urlTemplate\":\"https:\/\/xocomon.com\/?s={search_term_string}\"},\"query-input\":{\"@type\":\"PropertyValueSpecification\",\"valueRequired\":true,\"valueName\":\"search_term_string\"}}],\"inLanguage\":\"es\"}]}<\/script>\n<!-- \/ Yoast SEO plugin. -->","yoast_head_json":{"title":"Conejo origami grande chocolate negro - Xocomon","description":"figura Pascua de Chocolate Negro 300g. sin leche, sin frutos secos, sin huevo, sin cacahuete, sin gluten. sin soja. 3 Ingredientes, VEGANO.","robots":{"index":"index","follow":"follow","max-snippet":"max-snippet:-1","max-image-preview":"max-image-preview:large","max-video-preview":"max-video-preview:-1"},"canonical":"https:\/\/xocomon.com\/producto\/conill-origami-xocolata-negra\/","og_locale":"es_ES","og_type":"article","og_title":"Conejo origami grande chocolate negro - Xocomon","og_description":"figura Pascua de Chocolate Negro 300g. sin leche, sin frutos secos, sin huevo, sin cacahuete, sin gluten. sin soja. 3 Ingredientes, VEGANO.","og_url":"https:\/\/xocomon.com\/producto\/conill-origami-xocolata-negra\/","og_site_name":"Xocomon","article_publisher":"https:\/\/www.facebook.com\/xocomon\/","article_modified_time":"2026-04-21T11:42:38+00:00","og_image":[{"width":1600,"height":1600,"url":"https:\/\/xocomon.com\/wp-content\/uploads\/2026\/02\/conill-origami-gran-n.png","type":"image\/png"}],"twitter_card":"summary_large_image","schema":{"@context":"https:\/\/schema.org","@graph":[{"@type":"WebPage","@id":"https:\/\/xocomon.com\/producto\/conill-origami-xocolata-negra\/","url":"https:\/\/xocomon.com\/producto\/conill-origami-xocolata-negra\/","name":"Conejo origami grande chocolate negro - Xocomon","isPartOf":{"@id":"https:\/\/xocomon.com\/#website"},"primaryImageOfPage":{"@id":"https:\/\/xocomon.com\/producto\/conill-origami-xocolata-negra\/#primaryimage"},"image":{"@id":"https:\/\/xocomon.com\/producto\/conill-origami-xocolata-negra\/#primaryimage"},"thumbnailUrl":"https:\/\/xocomon.com\/wp-content\/uploads\/2026\/02\/conill-origami-gran-n.png","datePublished":"2026-02-12T22:19:54+00:00","dateModified":"2026-04-21T11:42:38+00:00","description":"figura Pascua de Chocolate Negro 300g. sin leche, sin frutos secos, sin huevo, sin cacahuete, sin gluten. sin soja. 3 Ingredientes, VEGANO.","breadcrumb":{"@id":"https:\/\/xocomon.com\/producto\/conill-origami-xocolata-negra\/#breadcrumb"},"inLanguage":"es","potentialAction":[{"@type":"ReadAction","target":["https:\/\/xocomon.com\/producto\/conill-origami-xocolata-negra\/"]}]},{"@type":"ImageObject","inLanguage":"es","@id":"https:\/\/xocomon.com\/producto\/conill-origami-xocolata-negra\/#primaryimage","url":"https:\/\/xocomon.com\/wp-content\/uploads\/2026\/02\/conill-origami-gran-n.png","contentUrl":"https:\/\/xocomon.com\/wp-content\/uploads\/2026\/02\/conill-origami-gran-n.png","width":1600,"height":1600},{"@type":"BreadcrumbList","@id":"https:\/\/xocomon.com\/producto\/conill-origami-xocolata-negra\/#breadcrumb","itemListElement":[{"@type":"ListItem","position":1,"name":"Portada","item":"https:\/\/xocomon.com\/es\/"},{"@type":"ListItem","position":2,"name":"Tienda","item":"https:\/\/xocomon.com\/es\/tienda\/"},{"@type":"ListItem","position":3,"name":"Conejo origami grande chocolate negro"}]},{"@type":"WebSite","@id":"https:\/\/xocomon.com\/#website","url":"https:\/\/xocomon.com\/","name":"Xocomon","description":"","potentialAction":[{"@type":"SearchAction","target":{"@type":"EntryPoint","urlTemplate":"https:\/\/xocomon.com\/?s={search_term_string}"},"query-input":{"@type":"PropertyValueSpecification","valueRequired":true,"valueName":"search_term_string"}}],"inLanguage":"es"}]}},"tiered_pricing_type":"fixed","tiered_pricing_fixed_rules":[],"tiered_pricing_product_settings":{"layout":"default","base_unit_name":{"singular":null,"plural":null},"default_variation":null},"tiered_pricing_minimum_quantity":null,"tiered_pricing_roles_data":[],"tiered_pricing_percentage_rules":[],"_links":{"self":[{"href":"https:\/\/xocomon.com\/es\/wp-json\/wp\/v2\/product\/27517","targetHints":{"allow":["GET"]}}],"collection":[{"href":"https:\/\/xocomon.com\/es\/wp-json\/wp\/v2\/product"}],"about":[{"href":"https:\/\/xocomon.com\/es\/wp-json\/wp\/v2\/types\/product"}],"replies":[{"embeddable":true,"href":"https:\/\/xocomon.com\/es\/wp-json\/wp\/v2\/comments?post=27517"}],"wp:featuredmedia":[{"embeddable":true,"href":"https:\/\/xocomon.com\/es\/wp-json\/wp\/v2\/media\/27697"}],"wp:attachment":[{"href":"https:\/\/xocomon.com\/es\/wp-json\/wp\/v2\/media?parent=27517"}],"wp:term":[{"taxonomy":"product_brand","embeddable":true,"href":"https:\/\/xocomon.com\/es\/wp-json\/wp\/v2\/product_brand?post=27517"},{"taxonomy":"product_cat","embeddable":true,"href":"https:\/\/xocomon.com\/es\/wp-json\/wp\/v2\/product_cat?post=27517"},{"taxonomy":"product_tag","embeddable":true,"href":"https:\/\/xocomon.com\/es\/wp-json\/wp\/v2\/product_tag?post=27517"}],"curies":[{"name":"wp","href":"https:\/\/api.w.org\/{rel}","templated":true}]}}