{"id":27506,"date":"2026-02-12T22:32:31","date_gmt":"2026-02-12T21:32:31","guid":{"rendered":"https:\/\/xocomon.com\/?post_type=product&#038;p=27506"},"modified":"2026-04-21T12:42:56","modified_gmt":"2026-04-21T11:42:56","slug":"tableta-gallinero-chocolate-con-leche-100g-copia","status":"publish","type":"product","link":"https:\/\/xocomon.com\/es\/producto\/tableta-gallinero-chocolate-con-leche-100g-copia\/","title":{"rendered":"Gallina Cocorina chocolate con leche"},"content":{"rendered":"<pre id=\"tw-target-text\" class=\"tw-data-text tw-text-large tw-ta\" dir=\"ltr\" tabindex=\"-1\" role=\"text\" data-placeholder=\"Traducci\u00f3n\" data-ved=\"2ahUKEwiJid-18tOSAxVTTKQEHRzYAHwQ3ewLegQIDBAW\" aria-label=\"Texto traducido: Figura de Pascua\u00a0 divertidas \u2013 Chocolate original para regalar y decorar Descubre la\u00a0Pasqua Xocomon con gallinas divertidas, una propuesta dulce y llena de alegr\u00eda para celebrar la Pascua de forma original. Elaborada con chocolate de alta calidad, combina un sabor irresistible con un dise\u00f1o simp\u00e1tico que aporta un toque creativo y festivo. la gallina, con un estilo divertido y encantador, la convierten en una opci\u00f3n perfecta tanto para regalar como para utilizarla como placa decorativa para la mona de Pascua. Es ideal para sorprender a peque\u00f1os y mayores con un detalle diferente, artesanal y lleno de personalidad. Perfecta para completar su celebraci\u00f3n con calidad e imaginaci\u00f3n. \u2714 Chocolate de alta calidad \u2714 Dise\u00f1o gallina divertida \u2714 Ideal para decorar el mono \u2714 Regalo original de Pascua Da un toque dulce, creativo y lleno de humor en tu Pascua con la gallina cocorina Xocomon.\"><span class=\"Y2IQFc\" lang=\"es\" style=\"font-family: helvetica, arial, sans-serif;\">Figura de Pascua divertida \u2013 Chocolate original para regalar y decorar\r\n\r\nDescubre la Pasqua Xocomon con gallinas divertidas, una propuesta dulce y llena de alegr\u00eda para celebrar la Pascua de forma original. Elaborada con chocolate de alta calidad, combina un sabor irresistible con un dise\u00f1o simp\u00e1tico que aporta un toque creativo y festivo.\r\n\r\nla gallina, con un estilo divertido y encantador, la convierten en una opci\u00f3n perfecta tanto para regalar como para utilizarla como placa decorativa para la mona de Pascua.\r\n\r\nEs ideal para sorprender a peque\u00f1os y mayores con un detalle diferente, artesanal y lleno de personalidad.\r\n\r\nPerfecta para completar su celebraci\u00f3n con calidad e imaginaci\u00f3n.\r\n\r\n\u2714 Chocolate de alta calidad\r\n\u2714 Dise\u00f1o gallina divertida\r\n\u2714 Ideal para decorar el mono\r\n\u2714 Regalo original de Pascua\r\n\r\nDa un toque dulce, creativo y lleno de humor en tu Pascua con la gallina cocorina Xocomon.<\/span><\/pre>\n","protected":false},"excerpt":{"rendered":"<pre id=\"tw-target-text\" class=\"tw-data-text tw-text-large tw-ta\" dir=\"ltr\" tabindex=\"-1\" role=\"text\" data-placeholder=\"Traducci\u00f3n\" data-ved=\"2ahUKEwjkgZPP9dSSAxVdaqQEHVgKOOEQ3ewLegQIDBAW\" aria-label=\"Texto traducido: Cocorina Hen milk chocolate 350-400g. 15-18 cm\"><span style=\"font-family: helvetica, arial, sans-serif;\">Gallina Cocorina\u00a0 chocolate con leche 350-400g. \r\n15-18 cm<\/span><\/pre>\n<h4>INGREDIENTES<\/h4>\n<ul>\n<li>Pasta de cacao.<\/li>\n<li>Manteca de cacao.<\/li>\n<li>Az\u00facar.<\/li>\n<li><span style=\"color: #ed1c24;\"><strong>Leche en polvo.<\/strong><\/span><\/li>\n<li>Emulgente: <span style=\"color: #ed1c24;\"><strong>lecitina de soja.<\/strong><\/span><\/li>\n<li>Aroma natural de vainilla.<\/li>\n<\/ul>\n<h6>Chocolate sin gluten, sin huevo, sin frutos secos, sin cacahuete, sin aceite de palma.<\/h6>\n<h6>Chocolate apto para vegetarianos<\/h6>\n","protected":false},"featured_media":27522,"comment_status":"open","ping_status":"closed","template":"","meta":[],"product_brand":[],"product_cat":[130,28,131,191],"product_tag":[],"class_list":{"0":"post-27506","1":"product","2":"type-product","3":"status-publish","4":"has-post-thumbnail","6":"product_cat-chocolate","7":"product_cat-chocolate-con-leche","8":"product_cat-pascua","9":"product_cat-chocolate-con-leche-pascuas","10":"tm-has-options","12":"first","13":"instock","14":"taxable","15":"shipping-taxable","16":"purchasable","17":"product-type-simple"},"yoast_head":"<!-- This site is optimized with the Yoast SEO plugin v26.7 - https:\/\/yoast.com\/wordpress\/plugins\/seo\/ -->\n<title>Gallina Cocorina chocolate con leche - Xocomon<\/title>\n<meta name=\"description\" content=\"Tableta Gallinero chocolate con leche 100g. Sin trazas de frutos secos, gluten, cacahuete ni huevo. Artesana, hecha en Matar\u00f3 en obradores propios.\" \/>\n<meta name=\"robots\" content=\"index, follow, max-snippet:-1, max-image-preview:large, max-video-preview:-1\" \/>\n<link rel=\"canonical\" href=\"https:\/\/xocomon.com\/producto\/la-gallina-cocorina-xocolata-amb-llet\/\" \/>\n<meta property=\"og:locale\" content=\"es_ES\" \/>\n<meta property=\"og:type\" content=\"article\" \/>\n<meta property=\"og:title\" content=\"Gallina Cocorina chocolate con leche - Xocomon\" \/>\n<meta property=\"og:description\" content=\"Tableta Gallinero chocolate con leche 100g. Sin trazas de frutos secos, gluten, cacahuete ni huevo. Artesana, hecha en Matar\u00f3 en obradores propios.\" \/>\n<meta property=\"og:url\" content=\"https:\/\/xocomon.com\/producto\/la-gallina-cocorina-xocolata-amb-llet\/\" \/>\n<meta property=\"og:site_name\" content=\"Xocomon\" \/>\n<meta property=\"article:publisher\" content=\"https:\/\/www.facebook.com\/xocomon\/\" \/>\n<meta property=\"article:modified_time\" content=\"2026-04-21T11:42:56+00:00\" \/>\n<meta property=\"og:image\" content=\"https:\/\/xocomon.com\/wp-content\/uploads\/2026\/02\/cocorina-llet-26.png\" \/>\n\t<meta property=\"og:image:width\" content=\"1600\" \/>\n\t<meta property=\"og:image:height\" content=\"1600\" \/>\n\t<meta property=\"og:image:type\" content=\"image\/png\" \/>\n<meta name=\"twitter:card\" content=\"summary_large_image\" \/>\n<script type=\"application\/ld+json\" class=\"yoast-schema-graph\">{\"@context\":\"https:\/\/schema.org\",\"@graph\":[{\"@type\":\"WebPage\",\"@id\":\"https:\/\/xocomon.com\/producto\/la-gallina-cocorina-xocolata-amb-llet\/\",\"url\":\"https:\/\/xocomon.com\/producto\/la-gallina-cocorina-xocolata-amb-llet\/\",\"name\":\"Gallina Cocorina chocolate con leche - Xocomon\",\"isPartOf\":{\"@id\":\"https:\/\/xocomon.com\/#website\"},\"primaryImageOfPage\":{\"@id\":\"https:\/\/xocomon.com\/producto\/la-gallina-cocorina-xocolata-amb-llet\/#primaryimage\"},\"image\":{\"@id\":\"https:\/\/xocomon.com\/producto\/la-gallina-cocorina-xocolata-amb-llet\/#primaryimage\"},\"thumbnailUrl\":\"https:\/\/xocomon.com\/wp-content\/uploads\/2026\/02\/cocorina-llet-26.png\",\"datePublished\":\"2026-02-12T21:32:31+00:00\",\"dateModified\":\"2026-04-21T11:42:56+00:00\",\"description\":\"Tableta Gallinero chocolate con leche 100g. Sin trazas de frutos secos, gluten, cacahuete ni huevo. Artesana, hecha en Matar\u00f3 en obradores propios.\",\"breadcrumb\":{\"@id\":\"https:\/\/xocomon.com\/producto\/la-gallina-cocorina-xocolata-amb-llet\/#breadcrumb\"},\"inLanguage\":\"es\",\"potentialAction\":[{\"@type\":\"ReadAction\",\"target\":[\"https:\/\/xocomon.com\/producto\/la-gallina-cocorina-xocolata-amb-llet\/\"]}]},{\"@type\":\"ImageObject\",\"inLanguage\":\"es\",\"@id\":\"https:\/\/xocomon.com\/producto\/la-gallina-cocorina-xocolata-amb-llet\/#primaryimage\",\"url\":\"https:\/\/xocomon.com\/wp-content\/uploads\/2026\/02\/cocorina-llet-26.png\",\"contentUrl\":\"https:\/\/xocomon.com\/wp-content\/uploads\/2026\/02\/cocorina-llet-26.png\",\"width\":1600,\"height\":1600},{\"@type\":\"BreadcrumbList\",\"@id\":\"https:\/\/xocomon.com\/producto\/la-gallina-cocorina-xocolata-amb-llet\/#breadcrumb\",\"itemListElement\":[{\"@type\":\"ListItem\",\"position\":1,\"name\":\"Portada\",\"item\":\"https:\/\/xocomon.com\/es\/\"},{\"@type\":\"ListItem\",\"position\":2,\"name\":\"Tienda\",\"item\":\"https:\/\/xocomon.com\/es\/tienda\/\"},{\"@type\":\"ListItem\",\"position\":3,\"name\":\"Gallina Cocorina chocolate con leche\"}]},{\"@type\":\"WebSite\",\"@id\":\"https:\/\/xocomon.com\/#website\",\"url\":\"https:\/\/xocomon.com\/\",\"name\":\"Xocomon\",\"description\":\"\",\"potentialAction\":[{\"@type\":\"SearchAction\",\"target\":{\"@type\":\"EntryPoint\",\"urlTemplate\":\"https:\/\/xocomon.com\/?s={search_term_string}\"},\"query-input\":{\"@type\":\"PropertyValueSpecification\",\"valueRequired\":true,\"valueName\":\"search_term_string\"}}],\"inLanguage\":\"es\"}]}<\/script>\n<!-- \/ Yoast SEO plugin. -->","yoast_head_json":{"title":"Gallina Cocorina chocolate con leche - Xocomon","description":"Tableta Gallinero chocolate con leche 100g. Sin trazas de frutos secos, gluten, cacahuete ni huevo. Artesana, hecha en Matar\u00f3 en obradores propios.","robots":{"index":"index","follow":"follow","max-snippet":"max-snippet:-1","max-image-preview":"max-image-preview:large","max-video-preview":"max-video-preview:-1"},"canonical":"https:\/\/xocomon.com\/producto\/la-gallina-cocorina-xocolata-amb-llet\/","og_locale":"es_ES","og_type":"article","og_title":"Gallina Cocorina chocolate con leche - Xocomon","og_description":"Tableta Gallinero chocolate con leche 100g. Sin trazas de frutos secos, gluten, cacahuete ni huevo. Artesana, hecha en Matar\u00f3 en obradores propios.","og_url":"https:\/\/xocomon.com\/producto\/la-gallina-cocorina-xocolata-amb-llet\/","og_site_name":"Xocomon","article_publisher":"https:\/\/www.facebook.com\/xocomon\/","article_modified_time":"2026-04-21T11:42:56+00:00","og_image":[{"width":1600,"height":1600,"url":"https:\/\/xocomon.com\/wp-content\/uploads\/2026\/02\/cocorina-llet-26.png","type":"image\/png"}],"twitter_card":"summary_large_image","schema":{"@context":"https:\/\/schema.org","@graph":[{"@type":"WebPage","@id":"https:\/\/xocomon.com\/producto\/la-gallina-cocorina-xocolata-amb-llet\/","url":"https:\/\/xocomon.com\/producto\/la-gallina-cocorina-xocolata-amb-llet\/","name":"Gallina Cocorina chocolate con leche - Xocomon","isPartOf":{"@id":"https:\/\/xocomon.com\/#website"},"primaryImageOfPage":{"@id":"https:\/\/xocomon.com\/producto\/la-gallina-cocorina-xocolata-amb-llet\/#primaryimage"},"image":{"@id":"https:\/\/xocomon.com\/producto\/la-gallina-cocorina-xocolata-amb-llet\/#primaryimage"},"thumbnailUrl":"https:\/\/xocomon.com\/wp-content\/uploads\/2026\/02\/cocorina-llet-26.png","datePublished":"2026-02-12T21:32:31+00:00","dateModified":"2026-04-21T11:42:56+00:00","description":"Tableta Gallinero chocolate con leche 100g. Sin trazas de frutos secos, gluten, cacahuete ni huevo. Artesana, hecha en Matar\u00f3 en obradores propios.","breadcrumb":{"@id":"https:\/\/xocomon.com\/producto\/la-gallina-cocorina-xocolata-amb-llet\/#breadcrumb"},"inLanguage":"es","potentialAction":[{"@type":"ReadAction","target":["https:\/\/xocomon.com\/producto\/la-gallina-cocorina-xocolata-amb-llet\/"]}]},{"@type":"ImageObject","inLanguage":"es","@id":"https:\/\/xocomon.com\/producto\/la-gallina-cocorina-xocolata-amb-llet\/#primaryimage","url":"https:\/\/xocomon.com\/wp-content\/uploads\/2026\/02\/cocorina-llet-26.png","contentUrl":"https:\/\/xocomon.com\/wp-content\/uploads\/2026\/02\/cocorina-llet-26.png","width":1600,"height":1600},{"@type":"BreadcrumbList","@id":"https:\/\/xocomon.com\/producto\/la-gallina-cocorina-xocolata-amb-llet\/#breadcrumb","itemListElement":[{"@type":"ListItem","position":1,"name":"Portada","item":"https:\/\/xocomon.com\/es\/"},{"@type":"ListItem","position":2,"name":"Tienda","item":"https:\/\/xocomon.com\/es\/tienda\/"},{"@type":"ListItem","position":3,"name":"Gallina Cocorina chocolate con leche"}]},{"@type":"WebSite","@id":"https:\/\/xocomon.com\/#website","url":"https:\/\/xocomon.com\/","name":"Xocomon","description":"","potentialAction":[{"@type":"SearchAction","target":{"@type":"EntryPoint","urlTemplate":"https:\/\/xocomon.com\/?s={search_term_string}"},"query-input":{"@type":"PropertyValueSpecification","valueRequired":true,"valueName":"search_term_string"}}],"inLanguage":"es"}]}},"tiered_pricing_type":"fixed","tiered_pricing_fixed_rules":[],"tiered_pricing_product_settings":{"layout":"default","base_unit_name":{"singular":null,"plural":null},"default_variation":null},"tiered_pricing_minimum_quantity":null,"tiered_pricing_roles_data":[],"tiered_pricing_percentage_rules":[],"_links":{"self":[{"href":"https:\/\/xocomon.com\/es\/wp-json\/wp\/v2\/product\/27506","targetHints":{"allow":["GET"]}}],"collection":[{"href":"https:\/\/xocomon.com\/es\/wp-json\/wp\/v2\/product"}],"about":[{"href":"https:\/\/xocomon.com\/es\/wp-json\/wp\/v2\/types\/product"}],"replies":[{"embeddable":true,"href":"https:\/\/xocomon.com\/es\/wp-json\/wp\/v2\/comments?post=27506"}],"wp:featuredmedia":[{"embeddable":true,"href":"https:\/\/xocomon.com\/es\/wp-json\/wp\/v2\/media\/27522"}],"wp:attachment":[{"href":"https:\/\/xocomon.com\/es\/wp-json\/wp\/v2\/media?parent=27506"}],"wp:term":[{"taxonomy":"product_brand","embeddable":true,"href":"https:\/\/xocomon.com\/es\/wp-json\/wp\/v2\/product_brand?post=27506"},{"taxonomy":"product_cat","embeddable":true,"href":"https:\/\/xocomon.com\/es\/wp-json\/wp\/v2\/product_cat?post=27506"},{"taxonomy":"product_tag","embeddable":true,"href":"https:\/\/xocomon.com\/es\/wp-json\/wp\/v2\/product_tag?post=27506"}],"curies":[{"name":"wp","href":"https:\/\/api.w.org\/{rel}","templated":true}]}}