{"id":27502,"date":"2026-02-12T19:37:46","date_gmt":"2026-02-12T18:37:46","guid":{"rendered":"https:\/\/xocomon.com\/?post_type=product&#038;p=27502"},"modified":"2026-04-21T12:42:47","modified_gmt":"2026-04-21T11:42:47","slug":"huevo-pascua-de-chocolate-negro-300g-copia","status":"publish","type":"product","link":"https:\/\/xocomon.com\/es\/producto\/huevo-pascua-de-chocolate-negro-300g-copia\/","title":{"rendered":"Gallina Cocorina chocolate negra"},"content":{"rendered":"<pre id=\"tw-target-text\" class=\"tw-data-text tw-text-large tw-ta\" dir=\"ltr\" tabindex=\"-1\" role=\"text\" data-placeholder=\"Traducci\u00f3n\" data-ved=\"2ahUKEwiJid-18tOSAxVTTKQEHRzYAHwQ3ewLegQIDBAW\" aria-label=\"Texto traducido: FIGURA DE PASCUA 350 g de chocolate negro Xocomon \u2013 Pureza, intensidad y calidad para todos Descubre la gallina m\u00e1s divertida de chocolates Xocomon, una propuesta pura y elegante para los amantes del chocolate intenso. Elaborado con s\u00f3lo 3 ingredientes, esta joya de Pascua destaca por su sabor profundo, equilibrado y aut\u00e9ntico. Es una figura de Pascua vegana, sin ning\u00fan al\u00e9rgeno, pensado para que todo el mundo pueda disfrutarlo con total tranquilidad. Con 350-400 g de chocolate negro de alta calidad, es ideal para regalar, compartir o convertir la celebraci\u00f3n de Pascua en un momento especial. Su cuidado acabado y su presencia elegante hacen perfecta tanto para peque\u00f1os como para mayores. Con Xocomon, menos es m\u00e1s: s\u00f3lo tres ingredientes, m\u00e1xima calidad y intenso sabor. \u2714 chocolate negro premium \u2714 Sin al\u00e9rgenos \u2714 S\u00f3lo 3 ingredientes \u2714 100% vegano \u2714 Perfecto para todos Celebra la Pascua con la intensidad y seguridad de las figuras de Pascua Xocomon.\"><span class=\"Y2IQFc\" lang=\"es\" style=\"font-family: helvetica, arial, sans-serif;\">FIGURA DE PASCUA 350 g de chocolate negro Xocomon \u2013 Pureza, intensidad y calidad para todos\r\n\r\nDescubre la gallina m\u00e1s divertida de chocolates Xocomon, una propuesta pura y elegante para los amantes del chocolate intenso. Elaborado con s\u00f3lo 3 ingredientes, esta joya de Pascua destaca por su sabor profundo, equilibrado y aut\u00e9ntico.\r\n\r\nEs una figura de Pascua vegana, sin ning\u00fan al\u00e9rgeno, pensado para que todo el mundo pueda disfrutarlo con total tranquilidad.\r\n\r\nCon 350-400 g de chocolate negro de alta calidad, es ideal para regalar, compartir o convertir la celebraci\u00f3n de Pascua en un momento especial. Su cuidado acabado y su presencia elegante hacen perfecta tanto para peque\u00f1os como para mayores.\r\n\r\nCon Xocomon, menos es m\u00e1s: s\u00f3lo tres ingredientes, m\u00e1xima calidad y intenso sabor.\r\n\r\n\u2714 chocolate negro premium\r\n\u2714 Sin al\u00e9rgenos\r\n\u2714 S\u00f3lo 3 ingredientes\r\n\u2714 100% vegano\r\n\u2714 Perfecto para todos\r\n\r\nCelebra la Pascua con la intensidad y seguridad de las figuras de Pascua Xocomon.<\/span><\/pre>\n<pre id=\"tw-target-text\" class=\"tw-data-text tw-text-large tw-ta\" dir=\"ltr\" tabindex=\"-1\" role=\"text\" data-placeholder=\"Traducci\u00f3n\" data-ved=\"2ahUKEwiJid-18tOSAxVTTKQEHRzYAHwQ3ewLegQIDBAW\" aria-label=\"Texto traducido: FIGURA DE PASCUA 350 g de chocolate negro Xocomon \u2013 Pureza, intensidad y calidad para todos Descubre la gallina m\u00e1s divertida de chocolates Xocomon, una propuesta pura y elegante para los amantes del chocolate intenso. Elaborado con s\u00f3lo 3 ingredientes, esta joya de Pascua destaca por su sabor profundo, equilibrado y aut\u00e9ntico. Es una figura de Pascua vegana, sin ning\u00fan al\u00e9rgeno, pensado para que todo el mundo pueda disfrutarlo con total tranquilidad. Con 350-400 g de chocolate negro de alta calidad, es ideal para regalar, compartir o convertir la celebraci\u00f3n de Pascua en un momento especial. Su cuidado acabado y su presencia elegante hacen perfecta tanto para peque\u00f1os como para mayores. Con Xocomon, menos es m\u00e1s: s\u00f3lo tres ingredientes, m\u00e1xima calidad y intenso sabor. \u2714 chocolate negro premium \u2714 Sin al\u00e9rgenos \u2714 S\u00f3lo 3 ingredientes \u2714 100% vegano \u2714 Perfecto para todos Celebra la Pascua con la intensidad y seguridad de las figuras de Pascua Xocomon.\"><\/pre>\n","protected":false},"excerpt":{"rendered":"<pre id=\"tw-target-text\" class=\"tw-data-text tw-text-large tw-ta\" dir=\"ltr\" tabindex=\"-1\" role=\"text\" data-placeholder=\"Traducci\u00f3n\" data-ved=\"2ahUKEwiJid-18tOSAxVTTKQEHRzYAHwQ3ewLegQIDBAW\" aria-label=\"Texto traducido: Figura de Pascua 350-400g chocolate negro Xocomon 15 cm de alto, 3 INGREDIENTES: Pasta de cacao, az\u00facar, mantequilla de cacao, chocolate negro vegano y vegetariano. SIN FRUTOS SECOS, LECHE, HUEVO, GLUTEN, SOJA Y CACAHUET.\"><span class=\"Y2IQFc\" lang=\"es\" style=\"font-family: helvetica, arial, sans-serif;\">Figura de Pascua 350-400g chocolate negro Xocomon\r\n\r\n15 cm de alto,\r\n\r\n3 INGREDIENTES: Pasta de cacao, az\u00facar, mantequilla de cacao,\r\n\r\nchocolate negro vegano y vegetariano.\r\n\r\nSIN FRUTOS SECOS, LECHE, HUEVO, GLUTEN, SOJA Y CACAHUET.<\/span><\/pre>\n","protected":false},"featured_media":27528,"comment_status":"open","ping_status":"closed","template":"","meta":[],"product_brand":[],"product_cat":[131,190],"product_tag":[438,295],"class_list":{"0":"post-27502","1":"product","2":"type-product","3":"status-publish","4":"has-post-thumbnail","6":"product_cat-pascua","7":"product_cat-chocolate-negro-pascuas","8":"product_tag-ou-es","9":"product_tag-pasqua","10":"tm-no-options-pxq","12":"first","13":"instock","14":"taxable","15":"shipping-taxable","16":"purchasable","17":"product-type-simple"},"yoast_head":"<!-- This site is optimized with the Yoast SEO plugin v26.7 - https:\/\/yoast.com\/wordpress\/plugins\/seo\/ -->\n<title>Gallina Cocorina chocolate negra - Xocomon<\/title>\n<meta name=\"description\" content=\"figura Pascua de Chocolate Negro 300g. sin leche, sin frutos secos, sin huevo, sin cacahuete, sin gluten. sin soja. 3 Ingredientes, VEGANO.\" \/>\n<meta name=\"robots\" content=\"index, follow, max-snippet:-1, max-image-preview:large, max-video-preview:-1\" \/>\n<link rel=\"canonical\" href=\"https:\/\/xocomon.com\/producto\/la-gallina-cocorina\/\" \/>\n<meta property=\"og:locale\" content=\"es_ES\" \/>\n<meta property=\"og:type\" content=\"article\" \/>\n<meta property=\"og:title\" content=\"Gallina Cocorina chocolate negra - Xocomon\" \/>\n<meta property=\"og:description\" content=\"figura Pascua de Chocolate Negro 300g. sin leche, sin frutos secos, sin huevo, sin cacahuete, sin gluten. sin soja. 3 Ingredientes, VEGANO.\" \/>\n<meta property=\"og:url\" content=\"https:\/\/xocomon.com\/producto\/la-gallina-cocorina\/\" \/>\n<meta property=\"og:site_name\" content=\"Xocomon\" \/>\n<meta property=\"article:publisher\" content=\"https:\/\/www.facebook.com\/xocomon\/\" \/>\n<meta property=\"article:modified_time\" content=\"2026-04-21T11:42:47+00:00\" \/>\n<meta property=\"og:image\" content=\"https:\/\/xocomon.com\/wp-content\/uploads\/2026\/02\/cocorina-negra-.png\" \/>\n\t<meta property=\"og:image:width\" content=\"1600\" \/>\n\t<meta property=\"og:image:height\" content=\"1600\" \/>\n\t<meta property=\"og:image:type\" content=\"image\/png\" \/>\n<meta name=\"twitter:card\" content=\"summary_large_image\" \/>\n<script type=\"application\/ld+json\" class=\"yoast-schema-graph\">{\"@context\":\"https:\/\/schema.org\",\"@graph\":[{\"@type\":\"WebPage\",\"@id\":\"https:\/\/xocomon.com\/producto\/la-gallina-cocorina\/\",\"url\":\"https:\/\/xocomon.com\/producto\/la-gallina-cocorina\/\",\"name\":\"Gallina Cocorina chocolate negra - Xocomon\",\"isPartOf\":{\"@id\":\"https:\/\/xocomon.com\/#website\"},\"primaryImageOfPage\":{\"@id\":\"https:\/\/xocomon.com\/producto\/la-gallina-cocorina\/#primaryimage\"},\"image\":{\"@id\":\"https:\/\/xocomon.com\/producto\/la-gallina-cocorina\/#primaryimage\"},\"thumbnailUrl\":\"https:\/\/xocomon.com\/wp-content\/uploads\/2026\/02\/cocorina-negra-.png\",\"datePublished\":\"2026-02-12T18:37:46+00:00\",\"dateModified\":\"2026-04-21T11:42:47+00:00\",\"description\":\"figura Pascua de Chocolate Negro 300g. sin leche, sin frutos secos, sin huevo, sin cacahuete, sin gluten. sin soja. 3 Ingredientes, VEGANO.\",\"breadcrumb\":{\"@id\":\"https:\/\/xocomon.com\/producto\/la-gallina-cocorina\/#breadcrumb\"},\"inLanguage\":\"es\",\"potentialAction\":[{\"@type\":\"ReadAction\",\"target\":[\"https:\/\/xocomon.com\/producto\/la-gallina-cocorina\/\"]}]},{\"@type\":\"ImageObject\",\"inLanguage\":\"es\",\"@id\":\"https:\/\/xocomon.com\/producto\/la-gallina-cocorina\/#primaryimage\",\"url\":\"https:\/\/xocomon.com\/wp-content\/uploads\/2026\/02\/cocorina-negra-.png\",\"contentUrl\":\"https:\/\/xocomon.com\/wp-content\/uploads\/2026\/02\/cocorina-negra-.png\",\"width\":1600,\"height\":1600},{\"@type\":\"BreadcrumbList\",\"@id\":\"https:\/\/xocomon.com\/producto\/la-gallina-cocorina\/#breadcrumb\",\"itemListElement\":[{\"@type\":\"ListItem\",\"position\":1,\"name\":\"Portada\",\"item\":\"https:\/\/xocomon.com\/es\/\"},{\"@type\":\"ListItem\",\"position\":2,\"name\":\"Tienda\",\"item\":\"https:\/\/xocomon.com\/es\/tienda\/\"},{\"@type\":\"ListItem\",\"position\":3,\"name\":\"Gallina Cocorina chocolate negra\"}]},{\"@type\":\"WebSite\",\"@id\":\"https:\/\/xocomon.com\/#website\",\"url\":\"https:\/\/xocomon.com\/\",\"name\":\"Xocomon\",\"description\":\"\",\"potentialAction\":[{\"@type\":\"SearchAction\",\"target\":{\"@type\":\"EntryPoint\",\"urlTemplate\":\"https:\/\/xocomon.com\/?s={search_term_string}\"},\"query-input\":{\"@type\":\"PropertyValueSpecification\",\"valueRequired\":true,\"valueName\":\"search_term_string\"}}],\"inLanguage\":\"es\"}]}<\/script>\n<!-- \/ Yoast SEO plugin. -->","yoast_head_json":{"title":"Gallina Cocorina chocolate negra - Xocomon","description":"figura Pascua de Chocolate Negro 300g. sin leche, sin frutos secos, sin huevo, sin cacahuete, sin gluten. sin soja. 3 Ingredientes, VEGANO.","robots":{"index":"index","follow":"follow","max-snippet":"max-snippet:-1","max-image-preview":"max-image-preview:large","max-video-preview":"max-video-preview:-1"},"canonical":"https:\/\/xocomon.com\/producto\/la-gallina-cocorina\/","og_locale":"es_ES","og_type":"article","og_title":"Gallina Cocorina chocolate negra - Xocomon","og_description":"figura Pascua de Chocolate Negro 300g. sin leche, sin frutos secos, sin huevo, sin cacahuete, sin gluten. sin soja. 3 Ingredientes, VEGANO.","og_url":"https:\/\/xocomon.com\/producto\/la-gallina-cocorina\/","og_site_name":"Xocomon","article_publisher":"https:\/\/www.facebook.com\/xocomon\/","article_modified_time":"2026-04-21T11:42:47+00:00","og_image":[{"width":1600,"height":1600,"url":"https:\/\/xocomon.com\/wp-content\/uploads\/2026\/02\/cocorina-negra-.png","type":"image\/png"}],"twitter_card":"summary_large_image","schema":{"@context":"https:\/\/schema.org","@graph":[{"@type":"WebPage","@id":"https:\/\/xocomon.com\/producto\/la-gallina-cocorina\/","url":"https:\/\/xocomon.com\/producto\/la-gallina-cocorina\/","name":"Gallina Cocorina chocolate negra - Xocomon","isPartOf":{"@id":"https:\/\/xocomon.com\/#website"},"primaryImageOfPage":{"@id":"https:\/\/xocomon.com\/producto\/la-gallina-cocorina\/#primaryimage"},"image":{"@id":"https:\/\/xocomon.com\/producto\/la-gallina-cocorina\/#primaryimage"},"thumbnailUrl":"https:\/\/xocomon.com\/wp-content\/uploads\/2026\/02\/cocorina-negra-.png","datePublished":"2026-02-12T18:37:46+00:00","dateModified":"2026-04-21T11:42:47+00:00","description":"figura Pascua de Chocolate Negro 300g. sin leche, sin frutos secos, sin huevo, sin cacahuete, sin gluten. sin soja. 3 Ingredientes, VEGANO.","breadcrumb":{"@id":"https:\/\/xocomon.com\/producto\/la-gallina-cocorina\/#breadcrumb"},"inLanguage":"es","potentialAction":[{"@type":"ReadAction","target":["https:\/\/xocomon.com\/producto\/la-gallina-cocorina\/"]}]},{"@type":"ImageObject","inLanguage":"es","@id":"https:\/\/xocomon.com\/producto\/la-gallina-cocorina\/#primaryimage","url":"https:\/\/xocomon.com\/wp-content\/uploads\/2026\/02\/cocorina-negra-.png","contentUrl":"https:\/\/xocomon.com\/wp-content\/uploads\/2026\/02\/cocorina-negra-.png","width":1600,"height":1600},{"@type":"BreadcrumbList","@id":"https:\/\/xocomon.com\/producto\/la-gallina-cocorina\/#breadcrumb","itemListElement":[{"@type":"ListItem","position":1,"name":"Portada","item":"https:\/\/xocomon.com\/es\/"},{"@type":"ListItem","position":2,"name":"Tienda","item":"https:\/\/xocomon.com\/es\/tienda\/"},{"@type":"ListItem","position":3,"name":"Gallina Cocorina chocolate negra"}]},{"@type":"WebSite","@id":"https:\/\/xocomon.com\/#website","url":"https:\/\/xocomon.com\/","name":"Xocomon","description":"","potentialAction":[{"@type":"SearchAction","target":{"@type":"EntryPoint","urlTemplate":"https:\/\/xocomon.com\/?s={search_term_string}"},"query-input":{"@type":"PropertyValueSpecification","valueRequired":true,"valueName":"search_term_string"}}],"inLanguage":"es"}]}},"tiered_pricing_type":"fixed","tiered_pricing_fixed_rules":[],"tiered_pricing_product_settings":{"layout":"default","base_unit_name":{"singular":null,"plural":null},"default_variation":null},"tiered_pricing_minimum_quantity":null,"tiered_pricing_roles_data":[],"tiered_pricing_percentage_rules":[],"_links":{"self":[{"href":"https:\/\/xocomon.com\/es\/wp-json\/wp\/v2\/product\/27502","targetHints":{"allow":["GET"]}}],"collection":[{"href":"https:\/\/xocomon.com\/es\/wp-json\/wp\/v2\/product"}],"about":[{"href":"https:\/\/xocomon.com\/es\/wp-json\/wp\/v2\/types\/product"}],"replies":[{"embeddable":true,"href":"https:\/\/xocomon.com\/es\/wp-json\/wp\/v2\/comments?post=27502"}],"wp:featuredmedia":[{"embeddable":true,"href":"https:\/\/xocomon.com\/es\/wp-json\/wp\/v2\/media\/27528"}],"wp:attachment":[{"href":"https:\/\/xocomon.com\/es\/wp-json\/wp\/v2\/media?parent=27502"}],"wp:term":[{"taxonomy":"product_brand","embeddable":true,"href":"https:\/\/xocomon.com\/es\/wp-json\/wp\/v2\/product_brand?post=27502"},{"taxonomy":"product_cat","embeddable":true,"href":"https:\/\/xocomon.com\/es\/wp-json\/wp\/v2\/product_cat?post=27502"},{"taxonomy":"product_tag","embeddable":true,"href":"https:\/\/xocomon.com\/es\/wp-json\/wp\/v2\/product_tag?post=27502"}],"curies":[{"name":"wp","href":"https:\/\/api.w.org\/{rel}","templated":true}]}}