{"id":27406,"date":"2026-01-30T12:09:33","date_gmt":"2026-01-30T11:09:33","guid":{"rendered":"https:\/\/xocomon.com\/product\/lot-amor\/"},"modified":"2026-04-17T09:25:36","modified_gmt":"2026-04-17T08:25:36","slug":"lote-amor-de-chocolate-con-leche","status":"publish","type":"product","link":"https:\/\/xocomon.com\/es\/producto\/lote-amor-de-chocolate-con-leche\/","title":{"rendered":"Lote Amor de Chocolate con Leche"},"content":{"rendered":"","protected":false},"excerpt":{"rendered":"<pre id=\"tw-target-text\" class=\"tw-data-text tw-text-large tw-ta\" dir=\"ltr\" tabindex=\"-1\" role=\"text\" data-placeholder=\"Traducci\u00f3\" data-ved=\"2ahUKEwjD-_Hlk7OSAxXaRvEDHQcjM74Q3ewLegQIChAW\" aria-label=\"Text tradu\u00eft: Lote San Valent\u00edn Xocomon \u2013 Chocolate artesano para regalar El Lote San Valent\u00edn Xocomon es una selecci\u00f3n de chocolate artesano sin al\u00e9rgenos ideal para regalar por San Valent\u00edn. Productos Xocomon de calidad, elaborados con cuidados ingredientes y presentados en un formato perfecto para sorprender con un detalle dulce y especial. Un regalo de chocolate por San Valent\u00edn que combina sabor, amor y proximidad. \u2764\ufe0f\ud83c\udf6b\"><span class=\"Y2IQFc\" lang=\"es\" style=\"font-family: arial, helvetica, sans-serif;\">Lote San Valent\u00edn Xocomon \u2013 Chocolate artesano para regalar\r\n\r\nEl Lote San Valent\u00edn Xocomon es una selecci\u00f3n de chocolate artesano sin al\u00e9rgenos ideal para regalar por San Valent\u00edn.\r\n\r\nProductos Xocomon de calidad, elaborados con cuidados ingredientes y presentados en un formato perfecto para sorprender con un detalle dulce y especial.\r\n\r\nUn regalo de chocolate por San Valent\u00edn que combina sabor, amor y proximidad. \u2764\ufe0f\ud83c\udf6b<\/span><\/pre>\n","protected":false},"featured_media":27382,"comment_status":"closed","ping_status":"closed","template":"","meta":[],"product_brand":[],"product_cat":[1563,130,28,206],"product_tag":[],"class_list":{"0":"post-27406","1":"product","2":"type-product","3":"status-publish","4":"has-post-thumbnail","6":"product_cat-amor-chocolate","7":"product_cat-chocolate","8":"product_cat-chocolate-con-leche","9":"product_cat-lotes","10":"tm-has-options","12":"first","13":"instock","14":"sold-individually","15":"taxable","16":"shipping-taxable","17":"purchasable","18":"product-type-woosb"},"yoast_head":"<!-- This site is optimized with the Yoast SEO plugin v26.7 - https:\/\/yoast.com\/wordpress\/plugins\/seo\/ -->\n<title>Lote Amor de Chocolate con Leche - Xocomon<\/title>\n<meta name=\"description\" content=\"Lote San Valent\u00edn Xocomon \u2013 Chocolate artesano para regalarEl Lote San Valent\u00edn Xocomon es una selecci\u00f3n de chocolate artesano sin al\u00e9rgenos ideal para regalar por San Valent\u00edn.Productos Xocomon de calidad, elaborados con cuidados ingredientes y presentados en un formato perfecto para sorprender con un detalle dulce y especial.Un regalo de chocolate por San Valent\u00edn que combina sabor, amor y proximidad. \u2764\ufe0f\ud83c\udf6b\" \/>\n<meta name=\"robots\" content=\"index, follow, max-snippet:-1, max-image-preview:large, max-video-preview:-1\" \/>\n<link rel=\"canonical\" href=\"https:\/\/xocomon.com\/es\/producto\/lote-amor-de-chocolate-con-leche\/\" \/>\n<meta property=\"og:locale\" content=\"es_ES\" \/>\n<meta property=\"og:type\" content=\"article\" \/>\n<meta property=\"og:title\" content=\"Lote Amor de Chocolate con Leche - Xocomon\" \/>\n<meta property=\"og:description\" content=\"Lote San Valent\u00edn Xocomon \u2013 Chocolate artesano para regalarEl Lote San Valent\u00edn Xocomon es una selecci\u00f3n de chocolate artesano sin al\u00e9rgenos ideal para regalar por San Valent\u00edn.Productos Xocomon de calidad, elaborados con cuidados ingredientes y presentados en un formato perfecto para sorprender con un detalle dulce y especial.Un regalo de chocolate por San Valent\u00edn que combina sabor, amor y proximidad. \u2764\ufe0f\ud83c\udf6b\" \/>\n<meta property=\"og:url\" content=\"https:\/\/xocomon.com\/es\/producto\/lote-amor-de-chocolate-con-leche\/\" \/>\n<meta property=\"og:site_name\" content=\"Xocomon\" \/>\n<meta property=\"article:publisher\" content=\"https:\/\/www.facebook.com\/xocomon\/\" \/>\n<meta property=\"article:modified_time\" content=\"2026-04-17T08:25:36+00:00\" \/>\n<meta property=\"og:image\" content=\"https:\/\/xocomon.com\/wp-content\/uploads\/2026\/01\/lot-st-valentin-portada-llet.png\" \/>\n\t<meta property=\"og:image:width\" content=\"1600\" \/>\n\t<meta property=\"og:image:height\" content=\"1600\" \/>\n\t<meta property=\"og:image:type\" content=\"image\/png\" \/>\n<meta name=\"twitter:card\" content=\"summary_large_image\" \/>\n<meta name=\"twitter:label1\" content=\"Tiempo de lectura\" \/>\n\t<meta name=\"twitter:data1\" content=\"1 minuto\" \/>\n<script type=\"application\/ld+json\" class=\"yoast-schema-graph\">{\"@context\":\"https:\/\/schema.org\",\"@graph\":[{\"@type\":\"WebPage\",\"@id\":\"https:\/\/xocomon.com\/es\/producto\/lote-amor-de-chocolate-con-leche\/\",\"url\":\"https:\/\/xocomon.com\/es\/producto\/lote-amor-de-chocolate-con-leche\/\",\"name\":\"Lote Amor de Chocolate con Leche - Xocomon\",\"isPartOf\":{\"@id\":\"https:\/\/xocomon.com\/#website\"},\"primaryImageOfPage\":{\"@id\":\"https:\/\/xocomon.com\/es\/producto\/lote-amor-de-chocolate-con-leche\/#primaryimage\"},\"image\":{\"@id\":\"https:\/\/xocomon.com\/es\/producto\/lote-amor-de-chocolate-con-leche\/#primaryimage\"},\"thumbnailUrl\":\"https:\/\/xocomon.com\/wp-content\/uploads\/2026\/01\/lot-st-valentin-portada-llet.png\",\"datePublished\":\"2026-01-30T11:09:33+00:00\",\"dateModified\":\"2026-04-17T08:25:36+00:00\",\"description\":\"Lote San Valent\u00edn Xocomon \u2013 Chocolate artesano para regalarEl Lote San Valent\u00edn Xocomon es una selecci\u00f3n de chocolate artesano sin al\u00e9rgenos ideal para regalar por San Valent\u00edn.Productos Xocomon de calidad, elaborados con cuidados ingredientes y presentados en un formato perfecto para sorprender con un detalle dulce y especial.Un regalo de chocolate por San Valent\u00edn que combina sabor, amor y proximidad. \u2764\ufe0f\ud83c\udf6b\",\"breadcrumb\":{\"@id\":\"https:\/\/xocomon.com\/es\/producto\/lote-amor-de-chocolate-con-leche\/#breadcrumb\"},\"inLanguage\":\"es\",\"potentialAction\":[{\"@type\":\"ReadAction\",\"target\":[\"https:\/\/xocomon.com\/es\/producto\/lote-amor-de-chocolate-con-leche\/\"]}]},{\"@type\":\"ImageObject\",\"inLanguage\":\"es\",\"@id\":\"https:\/\/xocomon.com\/es\/producto\/lote-amor-de-chocolate-con-leche\/#primaryimage\",\"url\":\"https:\/\/xocomon.com\/wp-content\/uploads\/2026\/01\/lot-st-valentin-portada-llet.png\",\"contentUrl\":\"https:\/\/xocomon.com\/wp-content\/uploads\/2026\/01\/lot-st-valentin-portada-llet.png\",\"width\":1600,\"height\":1600},{\"@type\":\"BreadcrumbList\",\"@id\":\"https:\/\/xocomon.com\/es\/producto\/lote-amor-de-chocolate-con-leche\/#breadcrumb\",\"itemListElement\":[{\"@type\":\"ListItem\",\"position\":1,\"name\":\"Portada\",\"item\":\"https:\/\/xocomon.com\/es\/\"},{\"@type\":\"ListItem\",\"position\":2,\"name\":\"Tienda\",\"item\":\"https:\/\/xocomon.com\/es\/tienda\/\"},{\"@type\":\"ListItem\",\"position\":3,\"name\":\"Lote Amor de Chocolate con Leche\"}]},{\"@type\":\"WebSite\",\"@id\":\"https:\/\/xocomon.com\/#website\",\"url\":\"https:\/\/xocomon.com\/\",\"name\":\"Xocomon\",\"description\":\"\",\"potentialAction\":[{\"@type\":\"SearchAction\",\"target\":{\"@type\":\"EntryPoint\",\"urlTemplate\":\"https:\/\/xocomon.com\/?s={search_term_string}\"},\"query-input\":{\"@type\":\"PropertyValueSpecification\",\"valueRequired\":true,\"valueName\":\"search_term_string\"}}],\"inLanguage\":\"es\"}]}<\/script>\n<!-- \/ Yoast SEO plugin. -->","yoast_head_json":{"title":"Lote Amor de Chocolate con Leche - Xocomon","description":"Lote San Valent\u00edn Xocomon \u2013 Chocolate artesano para regalarEl Lote San Valent\u00edn Xocomon es una selecci\u00f3n de chocolate artesano sin al\u00e9rgenos ideal para regalar por San Valent\u00edn.Productos Xocomon de calidad, elaborados con cuidados ingredientes y presentados en un formato perfecto para sorprender con un detalle dulce y especial.Un regalo de chocolate por San Valent\u00edn que combina sabor, amor y proximidad. \u2764\ufe0f\ud83c\udf6b","robots":{"index":"index","follow":"follow","max-snippet":"max-snippet:-1","max-image-preview":"max-image-preview:large","max-video-preview":"max-video-preview:-1"},"canonical":"https:\/\/xocomon.com\/es\/producto\/lote-amor-de-chocolate-con-leche\/","og_locale":"es_ES","og_type":"article","og_title":"Lote Amor de Chocolate con Leche - Xocomon","og_description":"Lote San Valent\u00edn Xocomon \u2013 Chocolate artesano para regalarEl Lote San Valent\u00edn Xocomon es una selecci\u00f3n de chocolate artesano sin al\u00e9rgenos ideal para regalar por San Valent\u00edn.Productos Xocomon de calidad, elaborados con cuidados ingredientes y presentados en un formato perfecto para sorprender con un detalle dulce y especial.Un regalo de chocolate por San Valent\u00edn que combina sabor, amor y proximidad. \u2764\ufe0f\ud83c\udf6b","og_url":"https:\/\/xocomon.com\/es\/producto\/lote-amor-de-chocolate-con-leche\/","og_site_name":"Xocomon","article_publisher":"https:\/\/www.facebook.com\/xocomon\/","article_modified_time":"2026-04-17T08:25:36+00:00","og_image":[{"width":1600,"height":1600,"url":"https:\/\/xocomon.com\/wp-content\/uploads\/2026\/01\/lot-st-valentin-portada-llet.png","type":"image\/png"}],"twitter_card":"summary_large_image","twitter_misc":{"Tiempo de lectura":"1 minuto"},"schema":{"@context":"https:\/\/schema.org","@graph":[{"@type":"WebPage","@id":"https:\/\/xocomon.com\/es\/producto\/lote-amor-de-chocolate-con-leche\/","url":"https:\/\/xocomon.com\/es\/producto\/lote-amor-de-chocolate-con-leche\/","name":"Lote Amor de Chocolate con Leche - Xocomon","isPartOf":{"@id":"https:\/\/xocomon.com\/#website"},"primaryImageOfPage":{"@id":"https:\/\/xocomon.com\/es\/producto\/lote-amor-de-chocolate-con-leche\/#primaryimage"},"image":{"@id":"https:\/\/xocomon.com\/es\/producto\/lote-amor-de-chocolate-con-leche\/#primaryimage"},"thumbnailUrl":"https:\/\/xocomon.com\/wp-content\/uploads\/2026\/01\/lot-st-valentin-portada-llet.png","datePublished":"2026-01-30T11:09:33+00:00","dateModified":"2026-04-17T08:25:36+00:00","description":"Lote San Valent\u00edn Xocomon \u2013 Chocolate artesano para regalarEl Lote San Valent\u00edn Xocomon es una selecci\u00f3n de chocolate artesano sin al\u00e9rgenos ideal para regalar por San Valent\u00edn.Productos Xocomon de calidad, elaborados con cuidados ingredientes y presentados en un formato perfecto para sorprender con un detalle dulce y especial.Un regalo de chocolate por San Valent\u00edn que combina sabor, amor y proximidad. \u2764\ufe0f\ud83c\udf6b","breadcrumb":{"@id":"https:\/\/xocomon.com\/es\/producto\/lote-amor-de-chocolate-con-leche\/#breadcrumb"},"inLanguage":"es","potentialAction":[{"@type":"ReadAction","target":["https:\/\/xocomon.com\/es\/producto\/lote-amor-de-chocolate-con-leche\/"]}]},{"@type":"ImageObject","inLanguage":"es","@id":"https:\/\/xocomon.com\/es\/producto\/lote-amor-de-chocolate-con-leche\/#primaryimage","url":"https:\/\/xocomon.com\/wp-content\/uploads\/2026\/01\/lot-st-valentin-portada-llet.png","contentUrl":"https:\/\/xocomon.com\/wp-content\/uploads\/2026\/01\/lot-st-valentin-portada-llet.png","width":1600,"height":1600},{"@type":"BreadcrumbList","@id":"https:\/\/xocomon.com\/es\/producto\/lote-amor-de-chocolate-con-leche\/#breadcrumb","itemListElement":[{"@type":"ListItem","position":1,"name":"Portada","item":"https:\/\/xocomon.com\/es\/"},{"@type":"ListItem","position":2,"name":"Tienda","item":"https:\/\/xocomon.com\/es\/tienda\/"},{"@type":"ListItem","position":3,"name":"Lote Amor de Chocolate con Leche"}]},{"@type":"WebSite","@id":"https:\/\/xocomon.com\/#website","url":"https:\/\/xocomon.com\/","name":"Xocomon","description":"","potentialAction":[{"@type":"SearchAction","target":{"@type":"EntryPoint","urlTemplate":"https:\/\/xocomon.com\/?s={search_term_string}"},"query-input":{"@type":"PropertyValueSpecification","valueRequired":true,"valueName":"search_term_string"}}],"inLanguage":"es"}]}},"tiered_pricing_type":"fixed","tiered_pricing_fixed_rules":[],"tiered_pricing_product_settings":{"layout":"default","base_unit_name":{"singular":null,"plural":null},"default_variation":null},"tiered_pricing_minimum_quantity":null,"tiered_pricing_roles_data":[],"tiered_pricing_percentage_rules":[],"_links":{"self":[{"href":"https:\/\/xocomon.com\/es\/wp-json\/wp\/v2\/product\/27406","targetHints":{"allow":["GET"]}}],"collection":[{"href":"https:\/\/xocomon.com\/es\/wp-json\/wp\/v2\/product"}],"about":[{"href":"https:\/\/xocomon.com\/es\/wp-json\/wp\/v2\/types\/product"}],"replies":[{"embeddable":true,"href":"https:\/\/xocomon.com\/es\/wp-json\/wp\/v2\/comments?post=27406"}],"wp:featuredmedia":[{"embeddable":true,"href":"https:\/\/xocomon.com\/es\/wp-json\/wp\/v2\/media\/27382"}],"wp:attachment":[{"href":"https:\/\/xocomon.com\/es\/wp-json\/wp\/v2\/media?parent=27406"}],"wp:term":[{"taxonomy":"product_brand","embeddable":true,"href":"https:\/\/xocomon.com\/es\/wp-json\/wp\/v2\/product_brand?post=27406"},{"taxonomy":"product_cat","embeddable":true,"href":"https:\/\/xocomon.com\/es\/wp-json\/wp\/v2\/product_cat?post=27406"},{"taxonomy":"product_tag","embeddable":true,"href":"https:\/\/xocomon.com\/es\/wp-json\/wp\/v2\/product_tag?post=27406"}],"curies":[{"name":"wp","href":"https:\/\/api.w.org\/{rel}","templated":true}]}}