{"id":24328,"date":"2025-03-20T13:51:49","date_gmt":"2025-03-20T12:51:49","guid":{"rendered":"https:\/\/xocomon.com\/?post_type=product&#038;p=24328"},"modified":"2026-04-22T09:55:25","modified_gmt":"2026-04-22T08:55:25","slug":"crema-de-cacao-xocomon-200g","status":"publish","type":"product","link":"https:\/\/xocomon.com\/es\/producto\/crema-de-cacao-xocomon-200g\/","title":{"rendered":"Crema de cacao xocomon 200g"},"content":{"rendered":"<h2 style=\"color: #000 !important;\">Crema de cacao Xocomon chocolate negro, con aceite de oliva, procedente de agricultura ecol\u00f3gica.<\/h2>\n<p>\u00a1Por fin hemos lanzado la crema de cacao que tanto ped\u00edais! Crema de cacao Xocomon chocolate negro, \u00a1sin ning\u00fan al\u00e9rgeno ni trazas!<\/p>\n<p>Los ingredientes son diferentes a nuestro chocolate habitual, la hacemos con chocolate en polvo. Deliciosa, equilibrada y muy buena. Evidentemente sin frutos secos, es solo crema de chocolate.<\/p>\n<p>Esperamos que os guste mucho y que nos dej\u00e9is muchas rese\u00f1as de este producto estrella. Seguir aqu\u00ed es cosa de todos, \u00bfnos ayudas?<\/p>\n<h3>Somos lo que vosotros ped\u00eds, siempre que nos es posible, \u00a1porque somos familia!<\/h3>\n<p>&nbsp;<\/p>\n<h2>La conservaci\u00f3n es importante<\/h2>\n<p>Debe conservarse en un lugar fresco y seco. Pueden aparecer manchas blancas de la manteca de cacao en la superficie, <strong>NO PASA NADA<\/strong>, solo hay que calentar un poco y\u00a0 mezclar bien. No afecta a la calidad del producto.<\/p>\n<h3>\u00bfPor qu\u00e9 chocolate Xocomon?<\/h3>\n<p>Porque es seguro, delicioso y \u00fanico.<\/p>\n<p>Este proyecto nace de la necesidad de hacer chocolate sin trazas de frutos secos.<\/p>\n<p>Adem\u00e1s, es sin gluten, sin huevo y sin cacahuete.<\/p>\n<p>Muchos nos pregunt\u00e1is por qu\u00e9 hacemos chocolate con leche si la leche es un al\u00e9rgeno.<\/p>\n<p>Cl\u00e0udia es al final el chocolate que quer\u00eda porque ella s\u00ed tolera la prote\u00edna de la leche.<\/p>\n<p>Y esta es nuestra raz\u00f3n de ser.<\/p>\n<p>A partir de ah\u00ed vimos que hay muchos al\u00e9rgicos a la prote\u00edna de la leche y hicimos chocolate negro sin leche ni trazas y chocolate con chufa.<\/p>\n<p>El chocolate con chufa sustituye al chocolate con leche y tiene un sabor muy parecido.<\/p>\n<p>As\u00ed que ahora ya sab\u00e9is un poco m\u00e1s sobre nosotros, esperamos que os guste.<\/p>\n<p>\u00a1Y feliz Pascua, que os haga un buen papel el huevo de f\u00fatbol!<\/p>\n<p>&nbsp;<\/p>\n<h3>Seguridad<\/h3>\n<p>La seguridad es nuestra raz\u00f3n de ser.<\/p>\n<p>Compramos chocolate certificado sin frutos secos por parte del proveedor.<\/p>\n<p>Por tanto, nuestros proveedores son grandes productores de cacao.<\/p>\n<p>Formamos parte de Cocoa Horizons.<\/p>\n<p>Producimos seg\u00fan las m\u00e1ximas de seguridad e higiene.<\/p>\n<p>Obradores propios en Matar\u00f3 desde el tercer trimestre de 2023.<\/p>\n<p>Os esperamos siempre aqu\u00ed en el Camino Real de La Habana 50 de Matar\u00f3. \u00a1Ven!<br \/>\n<a href=\"https:\/\/xocomon.com\/producte\/crema-de-cacau-xocomon-200g\/\">Crema de cacao Xocomon 200g<\/a><\/p>\n","protected":false},"excerpt":{"rendered":"<p>Crema de cacao xocomon 200g<\/p>\n<p><span style=\"text-decoration: underline;\">Peso<\/span>: 200g.<br \/>\n<b>Ingredientes:<\/b><\/p>\n<ul>\n<li>Az\u00facar moreno de ca\u00f1a. *<\/li>\n<li>Aceite de oliva virgen extra *<\/li>\n<li>Cacao desgrasado en polvo *<\/li>\n<li>Manteca de cacao *<\/li>\n<li>Lecitina de girasol *<\/li>\n<\/ul>\n<p>Procedente de agricultura ecol\u00f3gica *<\/p>\n<p>Certificado CAAE<\/p>\n<p>Origen: Agricultura UE \/ Agricultura no UE<\/p>\n<h6>Sin al\u00e9rgenos &#8211; chocolate negro<\/h6>\n<p>UNIDADES LIMITADAS<\/p>\n","protected":false},"featured_media":24337,"comment_status":"open","ping_status":"closed","template":"","meta":[],"product_brand":[],"product_cat":[130,127,28,199],"product_tag":[1997,1995,1996,368,286],"class_list":{"0":"post-24328","1":"product","2":"type-product","3":"status-publish","4":"has-post-thumbnail","6":"product_cat-chocolate","7":"product_cat-chocolate-negro","8":"product_cat-chocolate-con-leche","9":"product_cat-fiestas","10":"product_tag-cacao-para-untar","11":"product_tag-crema-de-cacao-xocomon-200g","12":"product_tag-nocilla-es","13":"product_tag-ou-futbol-xocolata-negra-es","14":"product_tag-pascua","15":"tm-has-options","17":"first","18":"instock","19":"taxable","20":"shipping-taxable","21":"purchasable","22":"product-type-simple"},"yoast_head":"<!-- This site is optimized with the Yoast SEO plugin v26.7 - https:\/\/yoast.com\/wordpress\/plugins\/seo\/ -->\n<title>Crema de cacao xocomon 200g - Xocomon<\/title>\n<meta name=\"description\" content=\"Crema de cacao Xocomon 200g. Ingredientes: az\u00facar, aceite, cacao desgrasado en polvo, manteca de cacao, lecitina de girasol. Sin al\u00e9rgenos.\" \/>\n<meta name=\"robots\" content=\"index, follow, max-snippet:-1, max-image-preview:large, max-video-preview:-1\" \/>\n<link rel=\"canonical\" href=\"https:\/\/xocomon.com\/producto\/crema-de-cacau-xocomon-200g\/\" \/>\n<meta property=\"og:locale\" content=\"es_ES\" \/>\n<meta property=\"og:type\" content=\"article\" \/>\n<meta property=\"og:title\" content=\"Crema de cacao xocomon 200g - Xocomon\" \/>\n<meta property=\"og:description\" content=\"Crema de cacao Xocomon 200g. Ingredientes: az\u00facar, aceite, cacao desgrasado en polvo, manteca de cacao, lecitina de girasol. Sin al\u00e9rgenos.\" \/>\n<meta property=\"og:url\" content=\"https:\/\/xocomon.com\/producto\/crema-de-cacau-xocomon-200g\/\" \/>\n<meta property=\"og:site_name\" content=\"Xocomon\" \/>\n<meta property=\"article:publisher\" content=\"https:\/\/www.facebook.com\/xocomon\/\" \/>\n<meta property=\"article:modified_time\" content=\"2026-04-22T08:55:25+00:00\" \/>\n<meta property=\"og:image\" content=\"https:\/\/xocomon.com\/wp-content\/uploads\/2025\/03\/web-1.png\" \/>\n\t<meta property=\"og:image:width\" content=\"1080\" \/>\n\t<meta property=\"og:image:height\" content=\"1080\" \/>\n\t<meta property=\"og:image:type\" content=\"image\/png\" \/>\n<meta name=\"twitter:card\" content=\"summary_large_image\" \/>\n<meta name=\"twitter:label1\" content=\"Tiempo de lectura\" \/>\n\t<meta name=\"twitter:data1\" content=\"3 minutos\" \/>\n<script type=\"application\/ld+json\" class=\"yoast-schema-graph\">{\"@context\":\"https:\/\/schema.org\",\"@graph\":[{\"@type\":\"WebPage\",\"@id\":\"https:\/\/xocomon.com\/producto\/crema-de-cacau-xocomon-200g\/\",\"url\":\"https:\/\/xocomon.com\/producto\/crema-de-cacau-xocomon-200g\/\",\"name\":\"Crema de cacao xocomon 200g - Xocomon\",\"isPartOf\":{\"@id\":\"https:\/\/xocomon.com\/#website\"},\"primaryImageOfPage\":{\"@id\":\"https:\/\/xocomon.com\/producto\/crema-de-cacau-xocomon-200g\/#primaryimage\"},\"image\":{\"@id\":\"https:\/\/xocomon.com\/producto\/crema-de-cacau-xocomon-200g\/#primaryimage\"},\"thumbnailUrl\":\"https:\/\/xocomon.com\/wp-content\/uploads\/2025\/03\/web-1.png\",\"datePublished\":\"2025-03-20T12:51:49+00:00\",\"dateModified\":\"2026-04-22T08:55:25+00:00\",\"description\":\"Crema de cacao Xocomon 200g. Ingredientes: az\u00facar, aceite, cacao desgrasado en polvo, manteca de cacao, lecitina de girasol. Sin al\u00e9rgenos.\",\"breadcrumb\":{\"@id\":\"https:\/\/xocomon.com\/producto\/crema-de-cacau-xocomon-200g\/#breadcrumb\"},\"inLanguage\":\"es\",\"potentialAction\":[{\"@type\":\"ReadAction\",\"target\":[\"https:\/\/xocomon.com\/producto\/crema-de-cacau-xocomon-200g\/\"]}]},{\"@type\":\"ImageObject\",\"inLanguage\":\"es\",\"@id\":\"https:\/\/xocomon.com\/producto\/crema-de-cacau-xocomon-200g\/#primaryimage\",\"url\":\"https:\/\/xocomon.com\/wp-content\/uploads\/2025\/03\/web-1.png\",\"contentUrl\":\"https:\/\/xocomon.com\/wp-content\/uploads\/2025\/03\/web-1.png\",\"width\":1080,\"height\":1080},{\"@type\":\"BreadcrumbList\",\"@id\":\"https:\/\/xocomon.com\/producto\/crema-de-cacau-xocomon-200g\/#breadcrumb\",\"itemListElement\":[{\"@type\":\"ListItem\",\"position\":1,\"name\":\"Portada\",\"item\":\"https:\/\/xocomon.com\/es\/\"},{\"@type\":\"ListItem\",\"position\":2,\"name\":\"Tienda\",\"item\":\"https:\/\/xocomon.com\/es\/tienda\/\"},{\"@type\":\"ListItem\",\"position\":3,\"name\":\"Crema de cacao xocomon 200g\"}]},{\"@type\":\"WebSite\",\"@id\":\"https:\/\/xocomon.com\/#website\",\"url\":\"https:\/\/xocomon.com\/\",\"name\":\"Xocomon\",\"description\":\"\",\"potentialAction\":[{\"@type\":\"SearchAction\",\"target\":{\"@type\":\"EntryPoint\",\"urlTemplate\":\"https:\/\/xocomon.com\/?s={search_term_string}\"},\"query-input\":{\"@type\":\"PropertyValueSpecification\",\"valueRequired\":true,\"valueName\":\"search_term_string\"}}],\"inLanguage\":\"es\"}]}<\/script>\n<!-- \/ Yoast SEO plugin. -->","yoast_head_json":{"title":"Crema de cacao xocomon 200g - Xocomon","description":"Crema de cacao Xocomon 200g. Ingredientes: az\u00facar, aceite, cacao desgrasado en polvo, manteca de cacao, lecitina de girasol. Sin al\u00e9rgenos.","robots":{"index":"index","follow":"follow","max-snippet":"max-snippet:-1","max-image-preview":"max-image-preview:large","max-video-preview":"max-video-preview:-1"},"canonical":"https:\/\/xocomon.com\/producto\/crema-de-cacau-xocomon-200g\/","og_locale":"es_ES","og_type":"article","og_title":"Crema de cacao xocomon 200g - Xocomon","og_description":"Crema de cacao Xocomon 200g. Ingredientes: az\u00facar, aceite, cacao desgrasado en polvo, manteca de cacao, lecitina de girasol. Sin al\u00e9rgenos.","og_url":"https:\/\/xocomon.com\/producto\/crema-de-cacau-xocomon-200g\/","og_site_name":"Xocomon","article_publisher":"https:\/\/www.facebook.com\/xocomon\/","article_modified_time":"2026-04-22T08:55:25+00:00","og_image":[{"width":1080,"height":1080,"url":"https:\/\/xocomon.com\/wp-content\/uploads\/2025\/03\/web-1.png","type":"image\/png"}],"twitter_card":"summary_large_image","twitter_misc":{"Tiempo de lectura":"3 minutos"},"schema":{"@context":"https:\/\/schema.org","@graph":[{"@type":"WebPage","@id":"https:\/\/xocomon.com\/producto\/crema-de-cacau-xocomon-200g\/","url":"https:\/\/xocomon.com\/producto\/crema-de-cacau-xocomon-200g\/","name":"Crema de cacao xocomon 200g - Xocomon","isPartOf":{"@id":"https:\/\/xocomon.com\/#website"},"primaryImageOfPage":{"@id":"https:\/\/xocomon.com\/producto\/crema-de-cacau-xocomon-200g\/#primaryimage"},"image":{"@id":"https:\/\/xocomon.com\/producto\/crema-de-cacau-xocomon-200g\/#primaryimage"},"thumbnailUrl":"https:\/\/xocomon.com\/wp-content\/uploads\/2025\/03\/web-1.png","datePublished":"2025-03-20T12:51:49+00:00","dateModified":"2026-04-22T08:55:25+00:00","description":"Crema de cacao Xocomon 200g. Ingredientes: az\u00facar, aceite, cacao desgrasado en polvo, manteca de cacao, lecitina de girasol. Sin al\u00e9rgenos.","breadcrumb":{"@id":"https:\/\/xocomon.com\/producto\/crema-de-cacau-xocomon-200g\/#breadcrumb"},"inLanguage":"es","potentialAction":[{"@type":"ReadAction","target":["https:\/\/xocomon.com\/producto\/crema-de-cacau-xocomon-200g\/"]}]},{"@type":"ImageObject","inLanguage":"es","@id":"https:\/\/xocomon.com\/producto\/crema-de-cacau-xocomon-200g\/#primaryimage","url":"https:\/\/xocomon.com\/wp-content\/uploads\/2025\/03\/web-1.png","contentUrl":"https:\/\/xocomon.com\/wp-content\/uploads\/2025\/03\/web-1.png","width":1080,"height":1080},{"@type":"BreadcrumbList","@id":"https:\/\/xocomon.com\/producto\/crema-de-cacau-xocomon-200g\/#breadcrumb","itemListElement":[{"@type":"ListItem","position":1,"name":"Portada","item":"https:\/\/xocomon.com\/es\/"},{"@type":"ListItem","position":2,"name":"Tienda","item":"https:\/\/xocomon.com\/es\/tienda\/"},{"@type":"ListItem","position":3,"name":"Crema de cacao xocomon 200g"}]},{"@type":"WebSite","@id":"https:\/\/xocomon.com\/#website","url":"https:\/\/xocomon.com\/","name":"Xocomon","description":"","potentialAction":[{"@type":"SearchAction","target":{"@type":"EntryPoint","urlTemplate":"https:\/\/xocomon.com\/?s={search_term_string}"},"query-input":{"@type":"PropertyValueSpecification","valueRequired":true,"valueName":"search_term_string"}}],"inLanguage":"es"}]}},"tiered_pricing_type":"fixed","tiered_pricing_fixed_rules":[],"tiered_pricing_product_settings":{"layout":"default","base_unit_name":{"singular":null,"plural":null},"default_variation":null},"tiered_pricing_minimum_quantity":null,"tiered_pricing_roles_data":[],"tiered_pricing_percentage_rules":[],"_links":{"self":[{"href":"https:\/\/xocomon.com\/es\/wp-json\/wp\/v2\/product\/24328","targetHints":{"allow":["GET"]}}],"collection":[{"href":"https:\/\/xocomon.com\/es\/wp-json\/wp\/v2\/product"}],"about":[{"href":"https:\/\/xocomon.com\/es\/wp-json\/wp\/v2\/types\/product"}],"replies":[{"embeddable":true,"href":"https:\/\/xocomon.com\/es\/wp-json\/wp\/v2\/comments?post=24328"}],"wp:featuredmedia":[{"embeddable":true,"href":"https:\/\/xocomon.com\/es\/wp-json\/wp\/v2\/media\/24337"}],"wp:attachment":[{"href":"https:\/\/xocomon.com\/es\/wp-json\/wp\/v2\/media?parent=24328"}],"wp:term":[{"taxonomy":"product_brand","embeddable":true,"href":"https:\/\/xocomon.com\/es\/wp-json\/wp\/v2\/product_brand?post=24328"},{"taxonomy":"product_cat","embeddable":true,"href":"https:\/\/xocomon.com\/es\/wp-json\/wp\/v2\/product_cat?post=24328"},{"taxonomy":"product_tag","embeddable":true,"href":"https:\/\/xocomon.com\/es\/wp-json\/wp\/v2\/product_tag?post=24328"}],"curies":[{"name":"wp","href":"https:\/\/api.w.org\/{rel}","templated":true}]}}