{"id":24048,"date":"2025-03-03T11:21:53","date_gmt":"2025-03-03T10:21:53","guid":{"rendered":"https:\/\/xocomon.com\/?post_type=product&#038;p=24048"},"modified":"2026-04-13T18:16:04","modified_gmt":"2026-04-13T17:16:04","slug":"dinoxocomon-leche-350g","status":"publish","type":"product","link":"https:\/\/xocomon.com\/es\/producto\/dinoxocomon-leche-350g\/","title":{"rendered":"Dinoxocomon leche 350g"},"content":{"rendered":"<h2>Dinoxocomon leche 350g + 4 huevos Trolli (gominola)<\/h2>\n<h3>UNIDADES LIMITADAS<\/h3>\n<p> \u00a1Lo hemos creado nuevo este 2025 porque un peque\u00f1o cliente nuestro nos lo pidi\u00f3 con mucha insistencia!<br \/>\nSomos artesanos, hacemos cada pieza a mano, una a una. Sin prisas y con todo el amor.<\/p>\n<p><!--more--> <\/p>\n<h2><strong>\u00bfPor qu\u00e9 chocolate Xocomon?<\/strong><\/h2>\n<p> &nbsp;<br \/>\nPorque es seguro, buen\u00edsimo y \u00fanico.<\/p>\n<p>Este proyecto nace de la necesidad de hacer chocolate sin trazas de frutos secos.<\/p>\n<p>A partir de ah\u00ed tambi\u00e9n es sin gluten, sin huevo y sin cacahuete.<\/p>\n<p>Muchos nos pregunt\u00e1is por qu\u00e9 hacemos chocolate con leche si la leche es un al\u00e9rgeno.<\/p>\n<p>Cl\u00e0udia, al final, quer\u00eda ese chocolate porque ella s\u00ed tolera la prote\u00edna de la leche.<\/p>\n<p>Y esa es nuestra raz\u00f3n de ser.<\/p>\n<p>A partir de ah\u00ed vimos que hay muchas personas al\u00e9rgicas a la prote\u00edna de la leche, as\u00ed que creamos chocolate negro sin leche ni trazas, y chocolate con chufa.<\/p>\n<p>El chocolate con chufa sustituye al chocolate con leche y tiene un sabor muy parecido.<\/p>\n<p>As\u00ed que ahora ya sab\u00e9is un poco m\u00e1s de nosotros. \u00a1Esperamos que os guste!<\/p>\n<p>\u00a1Feliz Pascua y que el Dinoxocomon leche 350g os acompa\u00f1e en esta celebraci\u00f3n!<\/p>\n<p>\u00a0<\/p>\n<h2><strong>Seguridad:<\/strong><\/h2>\n<h3>Dinoxocomon leche 350g<\/h3>\n<h4>La seguridad es nuestra raz\u00f3n de ser.<\/h4>\n<h4>Compramos chocolate certificado sin frutos secos por parte del proveedor.<\/h4>\n<h4>Por tanto, nuestros proveedores son grandes productores de cacao.<\/h4>\n<h4>Formamos parte de Cocoa Horizons.<\/h4>\n<h4>Obradores propios en Matar\u00f3 desde noviembre de 2023<\/h4>\n<p><span style=\"font-size: 80%\">Esperamos que os encante este divertido dinosaurio.<\/span><\/p>\n","protected":false},"excerpt":{"rendered":"<p>Dinoxocomon leche 350g + 4 huevos (gominola)<\/p>\n<p><span style=\"text-decoration: underline\">Medidas<\/span>: 22 \u00d7 14 cm el dinosaurio + 4 huevos de dinosaurio marca Trolli<br \/>\n<span style=\"text-decoration: underline\">Peso<\/span>: 350g<\/p>\n<p>Ingredientes:<\/p>\n<ul>\n<li>Pasta de cacao.<\/li>\n<li>Az\u00facar.<\/li>\n<li><strong><span style=\"color: #ed1c24\">Leche entera en polvo.<\/span><\/strong><\/li>\n<li>Manteca de cacao.<\/li>\n<li><strong><span style=\"color: #ed1c24\">Lecitina de soja.<\/span><\/strong><\/li>\n<li>Aroma natural de vainilla.<\/li>\n<\/ul>\n<p>Ingredientes de los huevos de dinosaurio marca TROLLI:<br \/>\nJarabe de glucosa; az\u00facar; dextrosa; gelatina; acidulante: \u00e1cido c\u00edtrico; colorantes alimentarios (zanahoria, c\u00farcuma); aromas; colorante: curcumina; agente de recubrimiento: cera de abeja blanca y amarilla.<\/p>\n<p><b>Al\u00e9rgenos:<span style=\"color: #ed1c24\"> leche y soja<\/span> \u2013 chocolate Xocomon<\/b><\/p>\n<p>UNIDADES LIMITADAS<\/p>\n","protected":false},"featured_media":24059,"comment_status":"open","ping_status":"closed","template":"","meta":[],"product_brand":[],"product_cat":[131,191],"product_tag":[331,2005,339,340,341,342],"class_list":{"0":"post-24048","1":"product","2":"type-product","3":"status-publish","4":"has-post-thumbnail","6":"product_cat-pascua","7":"product_cat-chocolate-con-leche-pascuas","8":"product_tag-basquet-es","9":"product_tag-dino-es","10":"product_tag-oubasquet-es","11":"product_tag-oudepascua-es","12":"product_tag-oudexocolatabasquet-es","13":"product_tag-xocollet-es","14":"tm-has-options","16":"first","17":"instock","18":"taxable","19":"shipping-taxable","20":"purchasable","21":"product-type-simple"},"yoast_head":"<!-- This site is optimized with the Yoast SEO plugin v26.7 - https:\/\/yoast.com\/wordpress\/plugins\/seo\/ -->\n<title>Dinoxocomon leche 350g - Xocomon<\/title>\n<meta name=\"description\" content=\"Dinoxocomon leche 350g Ingredientes: az\u00facar, pasta de cacao, manteca de cacao, leche entera en polvo, lecitina de soja, aroma natural de vainilla.\" \/>\n<meta name=\"robots\" content=\"index, follow, max-snippet:-1, max-image-preview:large, max-video-preview:-1\" \/>\n<link rel=\"canonical\" href=\"https:\/\/xocomon.com\/producto\/dinoxocomon-llet-350g\/\" \/>\n<meta property=\"og:locale\" content=\"es_ES\" \/>\n<meta property=\"og:type\" content=\"article\" \/>\n<meta property=\"og:title\" content=\"Dinoxocomon leche 350g - Xocomon\" \/>\n<meta property=\"og:description\" content=\"Dinoxocomon leche 350g Ingredientes: az\u00facar, pasta de cacao, manteca de cacao, leche entera en polvo, lecitina de soja, aroma natural de vainilla.\" \/>\n<meta property=\"og:url\" content=\"https:\/\/xocomon.com\/producto\/dinoxocomon-llet-350g\/\" \/>\n<meta property=\"og:site_name\" content=\"Xocomon\" \/>\n<meta property=\"article:publisher\" content=\"https:\/\/www.facebook.com\/xocomon\/\" \/>\n<meta property=\"article:modified_time\" content=\"2026-04-13T17:16:04+00:00\" \/>\n<meta property=\"og:image\" content=\"https:\/\/xocomon.com\/wp-content\/uploads\/2025\/03\/Diseno-sin-titulo-2025-03-03T120017.148.png\" \/>\n\t<meta property=\"og:image:width\" content=\"1080\" \/>\n\t<meta property=\"og:image:height\" content=\"1350\" \/>\n\t<meta property=\"og:image:type\" content=\"image\/png\" \/>\n<meta name=\"twitter:card\" content=\"summary_large_image\" \/>\n<meta name=\"twitter:label1\" content=\"Tiempo de lectura\" \/>\n\t<meta name=\"twitter:data1\" content=\"2 minutos\" \/>\n<script type=\"application\/ld+json\" class=\"yoast-schema-graph\">{\"@context\":\"https:\/\/schema.org\",\"@graph\":[{\"@type\":\"WebPage\",\"@id\":\"https:\/\/xocomon.com\/producto\/dinoxocomon-llet-350g\/\",\"url\":\"https:\/\/xocomon.com\/producto\/dinoxocomon-llet-350g\/\",\"name\":\"Dinoxocomon leche 350g - Xocomon\",\"isPartOf\":{\"@id\":\"https:\/\/xocomon.com\/#website\"},\"primaryImageOfPage\":{\"@id\":\"https:\/\/xocomon.com\/producto\/dinoxocomon-llet-350g\/#primaryimage\"},\"image\":{\"@id\":\"https:\/\/xocomon.com\/producto\/dinoxocomon-llet-350g\/#primaryimage\"},\"thumbnailUrl\":\"https:\/\/xocomon.com\/wp-content\/uploads\/2025\/03\/Diseno-sin-titulo-2025-03-03T120017.148.png\",\"datePublished\":\"2025-03-03T10:21:53+00:00\",\"dateModified\":\"2026-04-13T17:16:04+00:00\",\"description\":\"Dinoxocomon leche 350g Ingredientes: az\u00facar, pasta de cacao, manteca de cacao, leche entera en polvo, lecitina de soja, aroma natural de vainilla.\",\"breadcrumb\":{\"@id\":\"https:\/\/xocomon.com\/producto\/dinoxocomon-llet-350g\/#breadcrumb\"},\"inLanguage\":\"es\",\"potentialAction\":[{\"@type\":\"ReadAction\",\"target\":[\"https:\/\/xocomon.com\/producto\/dinoxocomon-llet-350g\/\"]}]},{\"@type\":\"ImageObject\",\"inLanguage\":\"es\",\"@id\":\"https:\/\/xocomon.com\/producto\/dinoxocomon-llet-350g\/#primaryimage\",\"url\":\"https:\/\/xocomon.com\/wp-content\/uploads\/2025\/03\/Diseno-sin-titulo-2025-03-03T120017.148.png\",\"contentUrl\":\"https:\/\/xocomon.com\/wp-content\/uploads\/2025\/03\/Diseno-sin-titulo-2025-03-03T120017.148.png\",\"width\":1080,\"height\":1350},{\"@type\":\"BreadcrumbList\",\"@id\":\"https:\/\/xocomon.com\/producto\/dinoxocomon-llet-350g\/#breadcrumb\",\"itemListElement\":[{\"@type\":\"ListItem\",\"position\":1,\"name\":\"Portada\",\"item\":\"https:\/\/xocomon.com\/es\/\"},{\"@type\":\"ListItem\",\"position\":2,\"name\":\"Tienda\",\"item\":\"https:\/\/xocomon.com\/es\/tienda\/\"},{\"@type\":\"ListItem\",\"position\":3,\"name\":\"Dinoxocomon leche 350g\"}]},{\"@type\":\"WebSite\",\"@id\":\"https:\/\/xocomon.com\/#website\",\"url\":\"https:\/\/xocomon.com\/\",\"name\":\"Xocomon\",\"description\":\"\",\"potentialAction\":[{\"@type\":\"SearchAction\",\"target\":{\"@type\":\"EntryPoint\",\"urlTemplate\":\"https:\/\/xocomon.com\/?s={search_term_string}\"},\"query-input\":{\"@type\":\"PropertyValueSpecification\",\"valueRequired\":true,\"valueName\":\"search_term_string\"}}],\"inLanguage\":\"es\"}]}<\/script>\n<!-- \/ Yoast SEO plugin. -->","yoast_head_json":{"title":"Dinoxocomon leche 350g - Xocomon","description":"Dinoxocomon leche 350g Ingredientes: az\u00facar, pasta de cacao, manteca de cacao, leche entera en polvo, lecitina de soja, aroma natural de vainilla.","robots":{"index":"index","follow":"follow","max-snippet":"max-snippet:-1","max-image-preview":"max-image-preview:large","max-video-preview":"max-video-preview:-1"},"canonical":"https:\/\/xocomon.com\/producto\/dinoxocomon-llet-350g\/","og_locale":"es_ES","og_type":"article","og_title":"Dinoxocomon leche 350g - Xocomon","og_description":"Dinoxocomon leche 350g Ingredientes: az\u00facar, pasta de cacao, manteca de cacao, leche entera en polvo, lecitina de soja, aroma natural de vainilla.","og_url":"https:\/\/xocomon.com\/producto\/dinoxocomon-llet-350g\/","og_site_name":"Xocomon","article_publisher":"https:\/\/www.facebook.com\/xocomon\/","article_modified_time":"2026-04-13T17:16:04+00:00","og_image":[{"width":1080,"height":1350,"url":"https:\/\/xocomon.com\/wp-content\/uploads\/2025\/03\/Diseno-sin-titulo-2025-03-03T120017.148.png","type":"image\/png"}],"twitter_card":"summary_large_image","twitter_misc":{"Tiempo de lectura":"2 minutos"},"schema":{"@context":"https:\/\/schema.org","@graph":[{"@type":"WebPage","@id":"https:\/\/xocomon.com\/producto\/dinoxocomon-llet-350g\/","url":"https:\/\/xocomon.com\/producto\/dinoxocomon-llet-350g\/","name":"Dinoxocomon leche 350g - Xocomon","isPartOf":{"@id":"https:\/\/xocomon.com\/#website"},"primaryImageOfPage":{"@id":"https:\/\/xocomon.com\/producto\/dinoxocomon-llet-350g\/#primaryimage"},"image":{"@id":"https:\/\/xocomon.com\/producto\/dinoxocomon-llet-350g\/#primaryimage"},"thumbnailUrl":"https:\/\/xocomon.com\/wp-content\/uploads\/2025\/03\/Diseno-sin-titulo-2025-03-03T120017.148.png","datePublished":"2025-03-03T10:21:53+00:00","dateModified":"2026-04-13T17:16:04+00:00","description":"Dinoxocomon leche 350g Ingredientes: az\u00facar, pasta de cacao, manteca de cacao, leche entera en polvo, lecitina de soja, aroma natural de vainilla.","breadcrumb":{"@id":"https:\/\/xocomon.com\/producto\/dinoxocomon-llet-350g\/#breadcrumb"},"inLanguage":"es","potentialAction":[{"@type":"ReadAction","target":["https:\/\/xocomon.com\/producto\/dinoxocomon-llet-350g\/"]}]},{"@type":"ImageObject","inLanguage":"es","@id":"https:\/\/xocomon.com\/producto\/dinoxocomon-llet-350g\/#primaryimage","url":"https:\/\/xocomon.com\/wp-content\/uploads\/2025\/03\/Diseno-sin-titulo-2025-03-03T120017.148.png","contentUrl":"https:\/\/xocomon.com\/wp-content\/uploads\/2025\/03\/Diseno-sin-titulo-2025-03-03T120017.148.png","width":1080,"height":1350},{"@type":"BreadcrumbList","@id":"https:\/\/xocomon.com\/producto\/dinoxocomon-llet-350g\/#breadcrumb","itemListElement":[{"@type":"ListItem","position":1,"name":"Portada","item":"https:\/\/xocomon.com\/es\/"},{"@type":"ListItem","position":2,"name":"Tienda","item":"https:\/\/xocomon.com\/es\/tienda\/"},{"@type":"ListItem","position":3,"name":"Dinoxocomon leche 350g"}]},{"@type":"WebSite","@id":"https:\/\/xocomon.com\/#website","url":"https:\/\/xocomon.com\/","name":"Xocomon","description":"","potentialAction":[{"@type":"SearchAction","target":{"@type":"EntryPoint","urlTemplate":"https:\/\/xocomon.com\/?s={search_term_string}"},"query-input":{"@type":"PropertyValueSpecification","valueRequired":true,"valueName":"search_term_string"}}],"inLanguage":"es"}]}},"tiered_pricing_type":"fixed","tiered_pricing_fixed_rules":[],"tiered_pricing_product_settings":{"layout":"default","base_unit_name":{"singular":null,"plural":null},"default_variation":null},"tiered_pricing_minimum_quantity":null,"tiered_pricing_roles_data":[],"tiered_pricing_percentage_rules":[],"_links":{"self":[{"href":"https:\/\/xocomon.com\/es\/wp-json\/wp\/v2\/product\/24048","targetHints":{"allow":["GET"]}}],"collection":[{"href":"https:\/\/xocomon.com\/es\/wp-json\/wp\/v2\/product"}],"about":[{"href":"https:\/\/xocomon.com\/es\/wp-json\/wp\/v2\/types\/product"}],"replies":[{"embeddable":true,"href":"https:\/\/xocomon.com\/es\/wp-json\/wp\/v2\/comments?post=24048"}],"wp:featuredmedia":[{"embeddable":true,"href":"https:\/\/xocomon.com\/es\/wp-json\/wp\/v2\/media\/24059"}],"wp:attachment":[{"href":"https:\/\/xocomon.com\/es\/wp-json\/wp\/v2\/media?parent=24048"}],"wp:term":[{"taxonomy":"product_brand","embeddable":true,"href":"https:\/\/xocomon.com\/es\/wp-json\/wp\/v2\/product_brand?post=24048"},{"taxonomy":"product_cat","embeddable":true,"href":"https:\/\/xocomon.com\/es\/wp-json\/wp\/v2\/product_cat?post=24048"},{"taxonomy":"product_tag","embeddable":true,"href":"https:\/\/xocomon.com\/es\/wp-json\/wp\/v2\/product_tag?post=24048"}],"curies":[{"name":"wp","href":"https:\/\/api.w.org\/{rel}","templated":true}]}}