{"id":24009,"date":"2025-02-27T14:11:44","date_gmt":"2025-02-27T13:11:44","guid":{"rendered":"https:\/\/xocomon.com\/?post_type=product&#038;p=24009"},"modified":"2026-04-21T12:43:58","modified_gmt":"2026-04-21T11:43:58","slug":"tableta-pascua-100g-chocolate-negro","status":"publish","type":"product","link":"https:\/\/xocomon.com\/es\/producto\/tableta-pascua-100g-chocolate-negro\/","title":{"rendered":"Tableta pascua 100g chocolate negro."},"content":{"rendered":"<pre id=\"tw-target-text\" class=\"tw-data-text tw-text-large tw-ta\" dir=\"ltr\" tabindex=\"-1\" role=\"text\" data-placeholder=\"Traducci\u00f3n\" data-ved=\"2ahUKEwiJid-18tOSAxVTTKQEHRzYAHwQ3ewLegQIDBAW\" aria-label=\"Texto traducido: Azulejo de Pascua con conejo divertido \u2013 Chocolate para decorar y regalar Descubre la Azulejo de Pascua Xocomon con un conejo muy divertido, una propuesta original y deliciosa para celebrar estas fechas tan especiales. Elaborada con chocolate de alta calidad, combina sabor irresistible y un dise\u00f1o alegre que encanta a peque\u00f1os y mayores. Esta baldosa es perfecta tanto para disfrutarla como para utilizarla de placa decorativa para la mona de Pascua. Su conejo simp\u00e1tico y lleno de car\u00e1cter aporta un toque creativo y festivo a cualquier creaci\u00f3n. Ideal para regalar, decorar o sorprender con un detalle dulce y distinto. \u2714 Chocolate de alta calidad \u2714 Conejo de Pascua con dise\u00f1o divertido \u2714 Perfecta como placa decorativa para el mono \u2714 Ideal para regalar A\u00f1ade un toque dulce y original a tu Pascua con la Azulejo de Pascua Xocomon.\"><span class=\"Y2IQFc\" lang=\"es\" style=\"font-family: helvetica, arial, sans-serif;\">Tableta  de Pascua con conejo divertido \u2013 Chocolate para decorar y regalar\r\n\r\nDescubre la tableta de Pascua Xocomon con un conejo muy divertido, una propuesta original y deliciosa para celebrar estas fechas tan especiales.\r\n\r\nElaborada con chocolate de alta calidad, combina sabor irresistible y un dise\u00f1o alegre que encanta a peque\u00f1os y mayores.\r\n\r\nEsta tableta es perfecta tanto para disfrutarla como para utilizarla de placa decorativa para la mona de Pascua. Su conejo simp\u00e1tico y lleno de car\u00e1cter aporta un toque creativo y festivo a cualquier creaci\u00f3n.\r\n\r\nIdeal para regalar, decorar o sorprender con un detalle dulce y distinto.\r\n\r\n\u2714 Chocolate de alta calidad\r\n\u2714 Conejo de Pascua con dise\u00f1o divertido\r\n\u2714 Perfecta como placa decorativa para el mono\r\n\u2714 Ideal para regalar\r\n\r\nA\u00f1ade un toque dulce y original a tu Pascua con la tableta de Pascua Xocomon.<\/span><\/pre>\n","protected":false},"excerpt":{"rendered":"<p>Tableta pascua 100g chocolate negro.<\/p>\n<p>Tableta de chocolate negro en caja de pl\u00e1stico transparente 100gr.<\/p>\n<p><strong>Ingredientes<\/strong><\/p>\n<ul>\n<li>Pasta de cacao.<\/li>\n<li>Az\u00facar.<\/li>\n<li>Manteca de cacao.<\/li>\n<\/ul>\n<p>SIN AL\u00c9RGENOS<\/p>\n<p>Fabricado en nuestro obrador de Matar\u00f3, s\u00f3lo se trabaja chocolate.<br \/>\nTenemos dos obradores totalmente separados uno de chocolate negro y uno de leche.<\/p>\n<p><strong>No existe posible contaminaci\u00f3n.<\/strong><\/p>\n<p>&nbsp;<\/p>\n","protected":false},"featured_media":24015,"comment_status":"open","ping_status":"closed","template":"","meta":[],"product_brand":[],"product_cat":[130,127,131,190],"product_tag":[286,295,297],"class_list":{"0":"post-24009","1":"product","2":"type-product","3":"status-publish","4":"has-post-thumbnail","6":"product_cat-chocolate","7":"product_cat-chocolate-negro","8":"product_cat-pascua","9":"product_cat-chocolate-negro-pascuas","10":"product_tag-pascua","11":"product_tag-pasqua","12":"product_tag-sin-alergenos","13":"tm-has-options","15":"first","16":"outofstock","17":"taxable","18":"shipping-taxable","19":"purchasable","20":"product-type-simple"},"yoast_head":"<!-- This site is optimized with the Yoast SEO plugin v26.7 - https:\/\/yoast.com\/wordpress\/plugins\/seo\/ -->\n<title>Tableta pascua 100g chocolate negro. - Xocomon<\/title>\n<meta name=\"description\" content=\"Tableta pascua 100g chocolate negro. ingredientes: azucar, pasta de cacao, manteca de cacao, emulgente: lecitina, aroma de vainilla\" \/>\n<meta name=\"robots\" content=\"index, follow, max-snippet:-1, max-image-preview:large, max-video-preview:-1\" \/>\n<link rel=\"canonical\" href=\"https:\/\/xocomon.com\/producto\/rajola-pasqua-100g-xocolata-negra\/\" \/>\n<meta property=\"og:locale\" content=\"es_ES\" \/>\n<meta property=\"og:type\" content=\"article\" \/>\n<meta property=\"og:title\" content=\"Tableta pascua 100g chocolate negro. - Xocomon\" \/>\n<meta property=\"og:description\" content=\"Tableta pascua 100g chocolate negro. ingredientes: azucar, pasta de cacao, manteca de cacao, emulgente: lecitina, aroma de vainilla\" \/>\n<meta property=\"og:url\" content=\"https:\/\/xocomon.com\/producto\/rajola-pasqua-100g-xocolata-negra\/\" \/>\n<meta property=\"og:site_name\" content=\"Xocomon\" \/>\n<meta property=\"article:publisher\" content=\"https:\/\/www.facebook.com\/xocomon\/\" \/>\n<meta property=\"article:modified_time\" content=\"2026-04-21T11:43:58+00:00\" \/>\n<meta property=\"og:image\" content=\"https:\/\/xocomon.com\/wp-content\/uploads\/2025\/02\/negra-1.png\" \/>\n\t<meta property=\"og:image:width\" content=\"1080\" \/>\n\t<meta property=\"og:image:height\" content=\"1350\" \/>\n\t<meta property=\"og:image:type\" content=\"image\/png\" \/>\n<meta name=\"twitter:card\" content=\"summary_large_image\" \/>\n<meta name=\"twitter:label1\" content=\"Tiempo de lectura\" \/>\n\t<meta name=\"twitter:data1\" content=\"1 minuto\" \/>\n<script type=\"application\/ld+json\" class=\"yoast-schema-graph\">{\"@context\":\"https:\/\/schema.org\",\"@graph\":[{\"@type\":\"WebPage\",\"@id\":\"https:\/\/xocomon.com\/producto\/rajola-pasqua-100g-xocolata-negra\/\",\"url\":\"https:\/\/xocomon.com\/producto\/rajola-pasqua-100g-xocolata-negra\/\",\"name\":\"Tableta pascua 100g chocolate negro. - Xocomon\",\"isPartOf\":{\"@id\":\"https:\/\/xocomon.com\/#website\"},\"primaryImageOfPage\":{\"@id\":\"https:\/\/xocomon.com\/producto\/rajola-pasqua-100g-xocolata-negra\/#primaryimage\"},\"image\":{\"@id\":\"https:\/\/xocomon.com\/producto\/rajola-pasqua-100g-xocolata-negra\/#primaryimage\"},\"thumbnailUrl\":\"https:\/\/xocomon.com\/wp-content\/uploads\/2025\/02\/negra-1.png\",\"datePublished\":\"2025-02-27T13:11:44+00:00\",\"dateModified\":\"2026-04-21T11:43:58+00:00\",\"description\":\"Tableta pascua 100g chocolate negro. ingredientes: azucar, pasta de cacao, manteca de cacao, emulgente: lecitina, aroma de vainilla\",\"breadcrumb\":{\"@id\":\"https:\/\/xocomon.com\/producto\/rajola-pasqua-100g-xocolata-negra\/#breadcrumb\"},\"inLanguage\":\"es\",\"potentialAction\":[{\"@type\":\"ReadAction\",\"target\":[\"https:\/\/xocomon.com\/producto\/rajola-pasqua-100g-xocolata-negra\/\"]}]},{\"@type\":\"ImageObject\",\"inLanguage\":\"es\",\"@id\":\"https:\/\/xocomon.com\/producto\/rajola-pasqua-100g-xocolata-negra\/#primaryimage\",\"url\":\"https:\/\/xocomon.com\/wp-content\/uploads\/2025\/02\/negra-1.png\",\"contentUrl\":\"https:\/\/xocomon.com\/wp-content\/uploads\/2025\/02\/negra-1.png\",\"width\":1080,\"height\":1350},{\"@type\":\"BreadcrumbList\",\"@id\":\"https:\/\/xocomon.com\/producto\/rajola-pasqua-100g-xocolata-negra\/#breadcrumb\",\"itemListElement\":[{\"@type\":\"ListItem\",\"position\":1,\"name\":\"Portada\",\"item\":\"https:\/\/xocomon.com\/es\/\"},{\"@type\":\"ListItem\",\"position\":2,\"name\":\"Tienda\",\"item\":\"https:\/\/xocomon.com\/es\/tienda\/\"},{\"@type\":\"ListItem\",\"position\":3,\"name\":\"Tableta pascua 100g chocolate negro.\"}]},{\"@type\":\"WebSite\",\"@id\":\"https:\/\/xocomon.com\/#website\",\"url\":\"https:\/\/xocomon.com\/\",\"name\":\"Xocomon\",\"description\":\"\",\"potentialAction\":[{\"@type\":\"SearchAction\",\"target\":{\"@type\":\"EntryPoint\",\"urlTemplate\":\"https:\/\/xocomon.com\/?s={search_term_string}\"},\"query-input\":{\"@type\":\"PropertyValueSpecification\",\"valueRequired\":true,\"valueName\":\"search_term_string\"}}],\"inLanguage\":\"es\"}]}<\/script>\n<!-- \/ Yoast SEO plugin. -->","yoast_head_json":{"title":"Tableta pascua 100g chocolate negro. - Xocomon","description":"Tableta pascua 100g chocolate negro. ingredientes: azucar, pasta de cacao, manteca de cacao, emulgente: lecitina, aroma de vainilla","robots":{"index":"index","follow":"follow","max-snippet":"max-snippet:-1","max-image-preview":"max-image-preview:large","max-video-preview":"max-video-preview:-1"},"canonical":"https:\/\/xocomon.com\/producto\/rajola-pasqua-100g-xocolata-negra\/","og_locale":"es_ES","og_type":"article","og_title":"Tableta pascua 100g chocolate negro. - Xocomon","og_description":"Tableta pascua 100g chocolate negro. ingredientes: azucar, pasta de cacao, manteca de cacao, emulgente: lecitina, aroma de vainilla","og_url":"https:\/\/xocomon.com\/producto\/rajola-pasqua-100g-xocolata-negra\/","og_site_name":"Xocomon","article_publisher":"https:\/\/www.facebook.com\/xocomon\/","article_modified_time":"2026-04-21T11:43:58+00:00","og_image":[{"width":1080,"height":1350,"url":"https:\/\/xocomon.com\/wp-content\/uploads\/2025\/02\/negra-1.png","type":"image\/png"}],"twitter_card":"summary_large_image","twitter_misc":{"Tiempo de lectura":"1 minuto"},"schema":{"@context":"https:\/\/schema.org","@graph":[{"@type":"WebPage","@id":"https:\/\/xocomon.com\/producto\/rajola-pasqua-100g-xocolata-negra\/","url":"https:\/\/xocomon.com\/producto\/rajola-pasqua-100g-xocolata-negra\/","name":"Tableta pascua 100g chocolate negro. - Xocomon","isPartOf":{"@id":"https:\/\/xocomon.com\/#website"},"primaryImageOfPage":{"@id":"https:\/\/xocomon.com\/producto\/rajola-pasqua-100g-xocolata-negra\/#primaryimage"},"image":{"@id":"https:\/\/xocomon.com\/producto\/rajola-pasqua-100g-xocolata-negra\/#primaryimage"},"thumbnailUrl":"https:\/\/xocomon.com\/wp-content\/uploads\/2025\/02\/negra-1.png","datePublished":"2025-02-27T13:11:44+00:00","dateModified":"2026-04-21T11:43:58+00:00","description":"Tableta pascua 100g chocolate negro. ingredientes: azucar, pasta de cacao, manteca de cacao, emulgente: lecitina, aroma de vainilla","breadcrumb":{"@id":"https:\/\/xocomon.com\/producto\/rajola-pasqua-100g-xocolata-negra\/#breadcrumb"},"inLanguage":"es","potentialAction":[{"@type":"ReadAction","target":["https:\/\/xocomon.com\/producto\/rajola-pasqua-100g-xocolata-negra\/"]}]},{"@type":"ImageObject","inLanguage":"es","@id":"https:\/\/xocomon.com\/producto\/rajola-pasqua-100g-xocolata-negra\/#primaryimage","url":"https:\/\/xocomon.com\/wp-content\/uploads\/2025\/02\/negra-1.png","contentUrl":"https:\/\/xocomon.com\/wp-content\/uploads\/2025\/02\/negra-1.png","width":1080,"height":1350},{"@type":"BreadcrumbList","@id":"https:\/\/xocomon.com\/producto\/rajola-pasqua-100g-xocolata-negra\/#breadcrumb","itemListElement":[{"@type":"ListItem","position":1,"name":"Portada","item":"https:\/\/xocomon.com\/es\/"},{"@type":"ListItem","position":2,"name":"Tienda","item":"https:\/\/xocomon.com\/es\/tienda\/"},{"@type":"ListItem","position":3,"name":"Tableta pascua 100g chocolate negro."}]},{"@type":"WebSite","@id":"https:\/\/xocomon.com\/#website","url":"https:\/\/xocomon.com\/","name":"Xocomon","description":"","potentialAction":[{"@type":"SearchAction","target":{"@type":"EntryPoint","urlTemplate":"https:\/\/xocomon.com\/?s={search_term_string}"},"query-input":{"@type":"PropertyValueSpecification","valueRequired":true,"valueName":"search_term_string"}}],"inLanguage":"es"}]}},"tiered_pricing_type":"fixed","tiered_pricing_fixed_rules":[],"tiered_pricing_product_settings":{"layout":"default","base_unit_name":{"singular":null,"plural":null},"default_variation":null},"tiered_pricing_minimum_quantity":null,"tiered_pricing_roles_data":[],"tiered_pricing_percentage_rules":[],"_links":{"self":[{"href":"https:\/\/xocomon.com\/es\/wp-json\/wp\/v2\/product\/24009","targetHints":{"allow":["GET"]}}],"collection":[{"href":"https:\/\/xocomon.com\/es\/wp-json\/wp\/v2\/product"}],"about":[{"href":"https:\/\/xocomon.com\/es\/wp-json\/wp\/v2\/types\/product"}],"replies":[{"embeddable":true,"href":"https:\/\/xocomon.com\/es\/wp-json\/wp\/v2\/comments?post=24009"}],"wp:featuredmedia":[{"embeddable":true,"href":"https:\/\/xocomon.com\/es\/wp-json\/wp\/v2\/media\/24015"}],"wp:attachment":[{"href":"https:\/\/xocomon.com\/es\/wp-json\/wp\/v2\/media?parent=24009"}],"wp:term":[{"taxonomy":"product_brand","embeddable":true,"href":"https:\/\/xocomon.com\/es\/wp-json\/wp\/v2\/product_brand?post=24009"},{"taxonomy":"product_cat","embeddable":true,"href":"https:\/\/xocomon.com\/es\/wp-json\/wp\/v2\/product_cat?post=24009"},{"taxonomy":"product_tag","embeddable":true,"href":"https:\/\/xocomon.com\/es\/wp-json\/wp\/v2\/product_tag?post=24009"}],"curies":[{"name":"wp","href":"https:\/\/api.w.org\/{rel}","templated":true}]}}