{"id":23859,"date":"2025-02-21T18:59:41","date_gmt":"2025-02-21T17:59:41","guid":{"rendered":"https:\/\/xocomon.com\/?post_type=product&#038;p=23859"},"modified":"2026-04-21T12:46:26","modified_gmt":"2026-04-21T11:46:26","slug":"conejo-diamante-150g-chocolate-con-leche","status":"publish","type":"product","link":"https:\/\/xocomon.com\/es\/producto\/conejo-diamante-150g-chocolate-con-leche\/","title":{"rendered":"Conejo diamante 150g chocolate con leche"},"content":{"rendered":"<p id=\"tw-target-text\" class=\"tw-data-text tw-text-large tw-ta\" dir=\"ltr\" data-placeholder=\"Traducci\u00f3\">Conejo diamante 150g chocolate con leche<\/p>\n<p class=\"tw-data-text tw-text-large tw-ta\" dir=\"ltr\" data-placeholder=\"Traducci\u00f3\"><span class=\"Y2IQFc\" lang=\"es\">UNIDADES LIMITADAS <\/span><\/p>\n<p class=\"tw-data-text tw-text-large tw-ta\" dir=\"ltr\" data-placeholder=\"Traducci\u00f3\"><span class=\"Y2IQFc\" lang=\"es\">Somos artesanos, hacemos cada CONEJO a mano, uno a uno. Sin prisa con todo el amor. <\/span><\/p>\n<p class=\"tw-data-text tw-text-large tw-ta\" dir=\"ltr\" data-placeholder=\"Traducci\u00f3\"><span class=\"Y2IQFc\" lang=\"es\">\u00bfPor qu\u00e9 chocolate Xocomon? <\/span><\/p>\n<p class=\"tw-data-text tw-text-large tw-ta\" dir=\"ltr\" data-placeholder=\"Traducci\u00f3\"><span class=\"Y2IQFc\" lang=\"es\">Porque es segura, buen\u00edsima y \u00fanica. <\/span><\/p>\n<p class=\"tw-data-text tw-text-large tw-ta\" dir=\"ltr\" data-placeholder=\"Traducci\u00f3\"><span class=\"Y2IQFc\" lang=\"es\">Este proyecto nace de la necesidad de hacer chocolate sin trazas de frutos secos. <\/span><\/p>\n<p class=\"tw-data-text tw-text-large tw-ta\" dir=\"ltr\" data-placeholder=\"Traducci\u00f3\"><span class=\"Y2IQFc\" lang=\"es\">A partir de aqu\u00ed tambi\u00e9n es sin gluten, sin huevo y sin cacahuete. <\/span><\/p>\n<p class=\"tw-data-text tw-text-large tw-ta\" dir=\"ltr\" data-placeholder=\"Traducci\u00f3\"><span class=\"Y2IQFc\" lang=\"es\">Muchos nos pide para que hagamos chocolate con leche, si la leche es un al\u00e9rgeno?.<\/span><\/p>\n<p class=\"tw-data-text tw-text-large tw-ta\" dir=\"ltr\" data-placeholder=\"Traducci\u00f3\"><span class=\"Y2IQFc\" lang=\"es\">Claudia es al final el chocolate que quer\u00eda ya que ella si tolera prote\u00edna de la leche. <\/span><\/p>\n<p class=\"tw-data-text tw-text-large tw-ta\" dir=\"ltr\" data-placeholder=\"Traducci\u00f3\"><span class=\"Y2IQFc\" lang=\"es\">Y \u00e9sta es nuestra raz\u00f3n de nacer. A partir de aqu\u00ed vimos que hay muchos al\u00e9rgicos a la prote\u00edna de la leche y hicimos chocolate negro sin leche ni trazas y chocolate con chufa. <\/span><\/p>\n<p class=\"tw-data-text tw-text-large tw-ta\" dir=\"ltr\" data-placeholder=\"Traducci\u00f3\"><span class=\"Y2IQFc\" lang=\"es\">El chocolate con chufa sustituye al chocolate con leche y tiene un sabor muy parecido. <\/span><\/p>\n<p class=\"tw-data-text tw-text-large tw-ta\" dir=\"ltr\" data-placeholder=\"Traducci\u00f3\"><span class=\"Y2IQFc\" lang=\"es\">As\u00ed que ahora ya sab\u00e9is un poco m\u00e1s de nosotros, esperamos que os guste<\/span><\/p>\n<p class=\"tw-data-text tw-text-large tw-ta\" dir=\"ltr\" data-placeholder=\"Traducci\u00f3\"><span class=\"Y2IQFc\" lang=\"es\">Y feliz pascua y que le haga un buen papel el CONEJO de chocolate con leche <\/span><\/p>\n<p class=\"tw-data-text tw-text-large tw-ta\" dir=\"ltr\" data-placeholder=\"Traducci\u00f3\"><span class=\"Y2IQFc\" lang=\"es\">Seguridad:\u00a0<\/span><\/p>\n<p class=\"tw-data-text tw-text-large tw-ta\" dir=\"ltr\" data-placeholder=\"Traducci\u00f3\"><span class=\"Y2IQFc\" lang=\"es\"> La seguridad es nuestra raz\u00f3n de ser. Compramos chocolate certificado sin frutos secos por parte del proveedor. Por tanto nuestros proveedores son grandes productores de cacao. Formamos parte de cocoa horizontes. <\/span><\/p>\n<p class=\"tw-data-text tw-text-large tw-ta\" dir=\"ltr\" data-placeholder=\"Traducci\u00f3\"><span class=\"Y2IQFc\" lang=\"es\">Obradores propios en Matar\u00f3 desde noviembre 2023. <\/span><\/p>\n<p class=\"tw-data-text tw-text-large tw-ta\" dir=\"ltr\" data-placeholder=\"Traducci\u00f3\"><span class=\"Y2IQFc\" lang=\"es\">Producimos seg\u00fan las m\u00e1ximas de seguridad y limpieza.<\/span><\/p>\n<p dir=\"ltr\" data-placeholder=\"Traducci\u00f3\">Tenemos dos obradores totalmente independientes, aires, utensilios, maquinas, moldes, nada se comparte entre obradores. MAXIMA SEGURIDAD.<\/p>\n<p class=\"tw-data-text tw-text-large tw-ta\" dir=\"ltr\" data-placeholder=\"Traducci\u00f3\">\n","protected":false},"excerpt":{"rendered":"<p id=\"tw-target-text\" class=\"tw-data-text tw-text-large tw-ta\" dir=\"ltr\" data-placeholder=\"Traducci\u00f3\"><span class=\"Y2IQFc\" lang=\"es\">Conejo diamante 150g chocolate leche.<\/span><\/p>\n<p dir=\"ltr\" data-placeholder=\"Traducci\u00f3\"><span class=\"Y2IQFc\" lang=\"es\"><span style=\"font-family: helvetica, arial, sans-serif\"><span style=\"text-decoration: underline\">Medida<\/span><\/span>: Figura peque\u00f1a de conejo\u00a0 15 cm con caja decorativa.<\/span><\/p>\n<p dir=\"ltr\" data-placeholder=\"Traducci\u00f3\"><span class=\"Y2IQFc\" lang=\"es\"><span style=\"text-decoration: underline\">Peso<\/span>: 150G.<\/span><\/p>\n<h4 class=\"tw-data-text tw-text-large tw-ta\" dir=\"ltr\" data-placeholder=\"Traducci\u00f3\"><span class=\"Y2IQFc\" lang=\"es\">Ingredientes: <\/span><\/h4>\n<ul>\n<li class=\"tw-data-text tw-text-large tw-ta\" dir=\"ltr\" data-placeholder=\"Traducci\u00f3\"><span class=\"Y2IQFc\" lang=\"es\">Pasta de cacao.<\/span><\/li>\n<li class=\"tw-data-text tw-text-large tw-ta\" dir=\"ltr\" data-placeholder=\"Traducci\u00f3\"><span class=\"Y2IQFc\" lang=\"es\">Az\u00facar.<\/span><\/li>\n<li class=\"tw-data-text tw-text-large tw-ta\" dir=\"ltr\" data-placeholder=\"Traducci\u00f3\"><span class=\"Y2IQFc\" lang=\"es\"><span style=\"color: #ed1c24\"><strong>Leche entera en polvo.<\/strong><\/span><\/span><\/li>\n<li class=\"tw-data-text tw-text-large tw-ta\" dir=\"ltr\" data-placeholder=\"Traducci\u00f3\"><span class=\"Y2IQFc\" lang=\"es\">Mantequilla de cacao.<\/span><\/li>\n<li class=\"tw-data-text tw-text-large tw-ta\" dir=\"ltr\" data-placeholder=\"Traducci\u00f3\"><span class=\"Y2IQFc\" lang=\"es\"><strong><span style=\"color: #ed1c24\">Lecitina de soja.<\/span><\/strong><\/span><\/li>\n<li class=\"tw-data-text tw-text-large tw-ta\" dir=\"ltr\" data-placeholder=\"Traducci\u00f3\"><span class=\"Y2IQFc\" lang=\"es\">Aroma natural de vainilla.<\/span><\/li>\n<\/ul>\n<p class=\"tw-data-text tw-text-large tw-ta\" dir=\"ltr\" data-placeholder=\"Traducci\u00f3\"><span class=\"Y2IQFc\" lang=\"es\">Al\u00e9rgenos leche y soja.<\/span><\/p>\n<p class=\"tw-data-text tw-text-large tw-ta\" dir=\"ltr\" data-placeholder=\"Traducci\u00f3\"><span class=\"Y2IQFc\" lang=\"es\">UNIDADES LIMITADAS<\/span><\/p>\n<p dir=\"ltr\" data-placeholder=\"Traducci\u00f3\"><img loading=\"lazy\" decoding=\"async\" class=\"size-full wp-image-20848 alignnone\" src=\"https:\/\/xocomon.com\/wp-content\/uploads\/2024\/04\/icons-con-leche.png\" alt=\"\" width=\"307\" height=\"81\" \/>\n","protected":false},"featured_media":23862,"comment_status":"open","ping_status":"closed","template":"","meta":[],"product_brand":[],"product_cat":[131,191],"product_tag":[358,286,295],"class_list":{"0":"post-23859","1":"product","2":"type-product","3":"status-publish","4":"has-post-thumbnail","6":"product_cat-pascua","7":"product_cat-chocolate-con-leche-pascuas","8":"product_tag-ou-futbol-xocolata-amb-llet-es","9":"product_tag-pascua","10":"product_tag-pasqua","11":"tm-has-options","13":"first","14":"instock","15":"taxable","16":"shipping-taxable","17":"purchasable","18":"product-type-simple"},"yoast_head":"<!-- This site is optimized with the Yoast SEO plugin v26.7 - https:\/\/yoast.com\/wordpress\/plugins\/seo\/ -->\n<title>Conejo diamante 150g chocolate con leche - Xocomon<\/title>\n<meta name=\"description\" content=\"Conejo diamante 150g chocolate con leche, ingredientes: az\u00facar, pasta de cacao, manteca de cacao, leche entera en polvo, emulgente lecitina de soja y aroma\" \/>\n<meta name=\"robots\" content=\"index, follow, max-snippet:-1, max-image-preview:large, max-video-preview:-1\" \/>\n<link rel=\"canonical\" href=\"https:\/\/xocomon.com\/producto\/conill-diamant-150g-xocolata-amb-llet\/\" \/>\n<meta property=\"og:locale\" content=\"es_ES\" \/>\n<meta property=\"og:type\" content=\"article\" \/>\n<meta property=\"og:title\" content=\"Conejo diamante 150g chocolate con leche - Xocomon\" \/>\n<meta property=\"og:description\" content=\"Conejo diamante 150g chocolate con leche, ingredientes: az\u00facar, pasta de cacao, manteca de cacao, leche entera en polvo, emulgente lecitina de soja y aroma\" \/>\n<meta property=\"og:url\" content=\"https:\/\/xocomon.com\/producto\/conill-diamant-150g-xocolata-amb-llet\/\" \/>\n<meta property=\"og:site_name\" content=\"Xocomon\" \/>\n<meta property=\"article:publisher\" content=\"https:\/\/www.facebook.com\/xocomon\/\" \/>\n<meta property=\"article:modified_time\" content=\"2026-04-21T11:46:26+00:00\" \/>\n<meta property=\"og:image\" content=\"https:\/\/xocomon.com\/wp-content\/uploads\/2025\/02\/llet-150g-conill-diamant-2.png\" \/>\n\t<meta property=\"og:image:width\" content=\"1080\" \/>\n\t<meta property=\"og:image:height\" content=\"1350\" \/>\n\t<meta property=\"og:image:type\" content=\"image\/png\" \/>\n<meta name=\"twitter:card\" content=\"summary_large_image\" \/>\n<meta name=\"twitter:label1\" content=\"Tiempo de lectura\" \/>\n\t<meta name=\"twitter:data1\" content=\"2 minutos\" \/>\n<script type=\"application\/ld+json\" class=\"yoast-schema-graph\">{\"@context\":\"https:\/\/schema.org\",\"@graph\":[{\"@type\":\"WebPage\",\"@id\":\"https:\/\/xocomon.com\/producto\/conill-diamant-150g-xocolata-amb-llet\/\",\"url\":\"https:\/\/xocomon.com\/producto\/conill-diamant-150g-xocolata-amb-llet\/\",\"name\":\"Conejo diamante 150g chocolate con leche - Xocomon\",\"isPartOf\":{\"@id\":\"https:\/\/xocomon.com\/#website\"},\"primaryImageOfPage\":{\"@id\":\"https:\/\/xocomon.com\/producto\/conill-diamant-150g-xocolata-amb-llet\/#primaryimage\"},\"image\":{\"@id\":\"https:\/\/xocomon.com\/producto\/conill-diamant-150g-xocolata-amb-llet\/#primaryimage\"},\"thumbnailUrl\":\"https:\/\/xocomon.com\/wp-content\/uploads\/2025\/02\/llet-150g-conill-diamant-2.png\",\"datePublished\":\"2025-02-21T17:59:41+00:00\",\"dateModified\":\"2026-04-21T11:46:26+00:00\",\"description\":\"Conejo diamante 150g chocolate con leche, ingredientes: az\u00facar, pasta de cacao, manteca de cacao, leche entera en polvo, emulgente lecitina de soja y aroma\",\"breadcrumb\":{\"@id\":\"https:\/\/xocomon.com\/producto\/conill-diamant-150g-xocolata-amb-llet\/#breadcrumb\"},\"inLanguage\":\"es\",\"potentialAction\":[{\"@type\":\"ReadAction\",\"target\":[\"https:\/\/xocomon.com\/producto\/conill-diamant-150g-xocolata-amb-llet\/\"]}]},{\"@type\":\"ImageObject\",\"inLanguage\":\"es\",\"@id\":\"https:\/\/xocomon.com\/producto\/conill-diamant-150g-xocolata-amb-llet\/#primaryimage\",\"url\":\"https:\/\/xocomon.com\/wp-content\/uploads\/2025\/02\/llet-150g-conill-diamant-2.png\",\"contentUrl\":\"https:\/\/xocomon.com\/wp-content\/uploads\/2025\/02\/llet-150g-conill-diamant-2.png\",\"width\":1080,\"height\":1350},{\"@type\":\"BreadcrumbList\",\"@id\":\"https:\/\/xocomon.com\/producto\/conill-diamant-150g-xocolata-amb-llet\/#breadcrumb\",\"itemListElement\":[{\"@type\":\"ListItem\",\"position\":1,\"name\":\"Portada\",\"item\":\"https:\/\/xocomon.com\/es\/\"},{\"@type\":\"ListItem\",\"position\":2,\"name\":\"Tienda\",\"item\":\"https:\/\/xocomon.com\/es\/tienda\/\"},{\"@type\":\"ListItem\",\"position\":3,\"name\":\"Conejo diamante 150g chocolate con leche\"}]},{\"@type\":\"WebSite\",\"@id\":\"https:\/\/xocomon.com\/#website\",\"url\":\"https:\/\/xocomon.com\/\",\"name\":\"Xocomon\",\"description\":\"\",\"potentialAction\":[{\"@type\":\"SearchAction\",\"target\":{\"@type\":\"EntryPoint\",\"urlTemplate\":\"https:\/\/xocomon.com\/?s={search_term_string}\"},\"query-input\":{\"@type\":\"PropertyValueSpecification\",\"valueRequired\":true,\"valueName\":\"search_term_string\"}}],\"inLanguage\":\"es\"}]}<\/script>\n<!-- \/ Yoast SEO plugin. -->","yoast_head_json":{"title":"Conejo diamante 150g chocolate con leche - Xocomon","description":"Conejo diamante 150g chocolate con leche, ingredientes: az\u00facar, pasta de cacao, manteca de cacao, leche entera en polvo, emulgente lecitina de soja y aroma","robots":{"index":"index","follow":"follow","max-snippet":"max-snippet:-1","max-image-preview":"max-image-preview:large","max-video-preview":"max-video-preview:-1"},"canonical":"https:\/\/xocomon.com\/producto\/conill-diamant-150g-xocolata-amb-llet\/","og_locale":"es_ES","og_type":"article","og_title":"Conejo diamante 150g chocolate con leche - Xocomon","og_description":"Conejo diamante 150g chocolate con leche, ingredientes: az\u00facar, pasta de cacao, manteca de cacao, leche entera en polvo, emulgente lecitina de soja y aroma","og_url":"https:\/\/xocomon.com\/producto\/conill-diamant-150g-xocolata-amb-llet\/","og_site_name":"Xocomon","article_publisher":"https:\/\/www.facebook.com\/xocomon\/","article_modified_time":"2026-04-21T11:46:26+00:00","og_image":[{"width":1080,"height":1350,"url":"https:\/\/xocomon.com\/wp-content\/uploads\/2025\/02\/llet-150g-conill-diamant-2.png","type":"image\/png"}],"twitter_card":"summary_large_image","twitter_misc":{"Tiempo de lectura":"2 minutos"},"schema":{"@context":"https:\/\/schema.org","@graph":[{"@type":"WebPage","@id":"https:\/\/xocomon.com\/producto\/conill-diamant-150g-xocolata-amb-llet\/","url":"https:\/\/xocomon.com\/producto\/conill-diamant-150g-xocolata-amb-llet\/","name":"Conejo diamante 150g chocolate con leche - Xocomon","isPartOf":{"@id":"https:\/\/xocomon.com\/#website"},"primaryImageOfPage":{"@id":"https:\/\/xocomon.com\/producto\/conill-diamant-150g-xocolata-amb-llet\/#primaryimage"},"image":{"@id":"https:\/\/xocomon.com\/producto\/conill-diamant-150g-xocolata-amb-llet\/#primaryimage"},"thumbnailUrl":"https:\/\/xocomon.com\/wp-content\/uploads\/2025\/02\/llet-150g-conill-diamant-2.png","datePublished":"2025-02-21T17:59:41+00:00","dateModified":"2026-04-21T11:46:26+00:00","description":"Conejo diamante 150g chocolate con leche, ingredientes: az\u00facar, pasta de cacao, manteca de cacao, leche entera en polvo, emulgente lecitina de soja y aroma","breadcrumb":{"@id":"https:\/\/xocomon.com\/producto\/conill-diamant-150g-xocolata-amb-llet\/#breadcrumb"},"inLanguage":"es","potentialAction":[{"@type":"ReadAction","target":["https:\/\/xocomon.com\/producto\/conill-diamant-150g-xocolata-amb-llet\/"]}]},{"@type":"ImageObject","inLanguage":"es","@id":"https:\/\/xocomon.com\/producto\/conill-diamant-150g-xocolata-amb-llet\/#primaryimage","url":"https:\/\/xocomon.com\/wp-content\/uploads\/2025\/02\/llet-150g-conill-diamant-2.png","contentUrl":"https:\/\/xocomon.com\/wp-content\/uploads\/2025\/02\/llet-150g-conill-diamant-2.png","width":1080,"height":1350},{"@type":"BreadcrumbList","@id":"https:\/\/xocomon.com\/producto\/conill-diamant-150g-xocolata-amb-llet\/#breadcrumb","itemListElement":[{"@type":"ListItem","position":1,"name":"Portada","item":"https:\/\/xocomon.com\/es\/"},{"@type":"ListItem","position":2,"name":"Tienda","item":"https:\/\/xocomon.com\/es\/tienda\/"},{"@type":"ListItem","position":3,"name":"Conejo diamante 150g chocolate con leche"}]},{"@type":"WebSite","@id":"https:\/\/xocomon.com\/#website","url":"https:\/\/xocomon.com\/","name":"Xocomon","description":"","potentialAction":[{"@type":"SearchAction","target":{"@type":"EntryPoint","urlTemplate":"https:\/\/xocomon.com\/?s={search_term_string}"},"query-input":{"@type":"PropertyValueSpecification","valueRequired":true,"valueName":"search_term_string"}}],"inLanguage":"es"}]}},"tiered_pricing_type":"fixed","tiered_pricing_fixed_rules":[],"tiered_pricing_product_settings":{"layout":"default","base_unit_name":{"singular":null,"plural":null},"default_variation":null},"tiered_pricing_minimum_quantity":null,"tiered_pricing_roles_data":[],"tiered_pricing_percentage_rules":[],"_links":{"self":[{"href":"https:\/\/xocomon.com\/es\/wp-json\/wp\/v2\/product\/23859","targetHints":{"allow":["GET"]}}],"collection":[{"href":"https:\/\/xocomon.com\/es\/wp-json\/wp\/v2\/product"}],"about":[{"href":"https:\/\/xocomon.com\/es\/wp-json\/wp\/v2\/types\/product"}],"replies":[{"embeddable":true,"href":"https:\/\/xocomon.com\/es\/wp-json\/wp\/v2\/comments?post=23859"}],"wp:featuredmedia":[{"embeddable":true,"href":"https:\/\/xocomon.com\/es\/wp-json\/wp\/v2\/media\/23862"}],"wp:attachment":[{"href":"https:\/\/xocomon.com\/es\/wp-json\/wp\/v2\/media?parent=23859"}],"wp:term":[{"taxonomy":"product_brand","embeddable":true,"href":"https:\/\/xocomon.com\/es\/wp-json\/wp\/v2\/product_brand?post=23859"},{"taxonomy":"product_cat","embeddable":true,"href":"https:\/\/xocomon.com\/es\/wp-json\/wp\/v2\/product_cat?post=23859"},{"taxonomy":"product_tag","embeddable":true,"href":"https:\/\/xocomon.com\/es\/wp-json\/wp\/v2\/product_tag?post=23859"}],"curies":[{"name":"wp","href":"https:\/\/api.w.org\/{rel}","templated":true}]}}