{"id":23701,"date":"2025-02-07T18:55:55","date_gmt":"2025-02-07T17:55:55","guid":{"rendered":"https:\/\/xocomon.com\/?post_type=product&#038;p=23701"},"modified":"2026-04-17T10:08:44","modified_gmt":"2026-04-17T09:08:44","slug":"sellos-de-amor-de-chocolate-negro","status":"publish","type":"product","link":"https:\/\/xocomon.com\/es\/producto\/sellos-de-amor-de-chocolate-negro\/","title":{"rendered":"Sellos de Amor de Chocolate Negro"},"content":{"rendered":"<h1 id=\"tw-target-text\" class=\"tw-data-text tw-text-large tw-ta\" dir=\"ltr\" data-placeholder=\"Traducci\u00f3n\" data-ved=\"2ahUKEwjp_suOzLGLAxVfR_EDHbWaC5MQ3ewLegQIBxAV\" aria-label=\"Texto traducido: sellos de amor chocolate con leche chocomon. PORQUE NOS ENCANTA EL AMOR ideal enamorados! Es un formato precioso que a todos los enamorados les encanta. Somos artesanos, hacemos cada prenda a mano, uno a uno. Sin prisa con todo el amor.\"><span class=\"Y2IQFc\" lang=\"es\" style=\"font-family: helvetica, arial, sans-serif;\">Sellos de amor chocolate negro Xocomon. <\/span><\/h1>\n<h1 class=\"tw-data-text tw-text-large tw-ta\" dir=\"ltr\" data-placeholder=\"Traducci\u00f3n\" data-ved=\"2ahUKEwjp_suOzLGLAxVfR_EDHbWaC5MQ3ewLegQIBxAV\" aria-label=\"Texto traducido: sellos de amor chocolate con leche chocomon. PORQUE NOS ENCANTA EL AMOR ideal enamorados! Es un formato precioso que a todos los enamorados les encanta. Somos artesanos, hacemos cada prenda a mano, uno a uno. Sin prisa con todo el amor.\"><span class=\"Y2IQFc\" lang=\"es\" style=\"font-family: helvetica, arial, sans-serif;\">PORQUE NOS ENCANTA EL AMOR <\/span><\/h1>\n<h1 class=\"tw-data-text tw-text-large tw-ta\" dir=\"ltr\" data-placeholder=\"Traducci\u00f3n\" data-ved=\"2ahUKEwjp_suOzLGLAxVfR_EDHbWaC5MQ3ewLegQIBxAV\" aria-label=\"Texto traducido: sellos de amor chocolate con leche chocomon. PORQUE NOS ENCANTA EL AMOR ideal enamorados! Es un formato precioso que a todos los enamorados les encanta. Somos artesanos, hacemos cada prenda a mano, uno a uno. Sin prisa con todo el amor.\"><span class=\"Y2IQFc\" lang=\"es\" style=\"font-family: helvetica, arial, sans-serif;\">Ideal enamorados! Es un formato precioso que a todos los enamorados les encanta. Somos artesanos, hacemos cada pieza a mano, uno a uno. Sin prisa con todo el amor.<\/span><\/h1>\n<p><!--more--><\/p>\n<h2><span style=\"font-size: 140%;\"><strong>Por que\u00a0 Xocomon?<\/strong><\/span><\/h2>\n<p>&nbsp;<\/p>\n<pre id=\"tw-target-text\" class=\"tw-data-text tw-text-large tw-ta\" dir=\"ltr\" data-placeholder=\"Traducci\u00f3n\" data-ved=\"2ahUKEwjp_suOzLGLAxVfR_EDHbWaC5MQ3ewLegQIBxAV\" aria-label=\"Texto traducido: Porque es segura, buen\u00edsima y \u00fanica. Este proyecto nace de la necesidad de hacer chocolate sin trazas de frutos secos. A partir de aqu\u00ed tambi\u00e9n es sin gluten, sin huevo y sin cacahuete. Muchos nos pide para que hagamos chocolate con leche, si la leche es un al\u00e9rgeno?. Claudia es al final el chocolate que quer\u00eda ya que ella si tolera prote\u00edna de la leche. Y \u00e9sta es nuestra raz\u00f3n de nacer. A partir de aqu\u00ed vimos que hay muchos al\u00e9rgicos a la prote\u00edna de la leche y hicimos chocolate negro sin leche ni trazas y chocolate con chufa. El chocolate con chufa sustituye al chocolate con leche y tiene un sabor muy parecido. As\u00ed que ahora ya sab\u00e9is un poco m\u00e1s de nosotros, esperamos que os guste Y feliz pascua y que le haga un buen papel el huevo de f\u00fatbol chocolate con leche\"><span class=\"Y2IQFc\" lang=\"es\" style=\"font-family: helvetica, arial, sans-serif;\">Porque es segura, buen\u00edsima y \u00fanica.\r\n\r\nEste proyecto nace de la necesidad de hacer chocolate sin trazas de frutos secos.\r\n\r\nA partir de aqu\u00ed tambi\u00e9n es sin gluten, sin huevo y sin cacahuete.\r\n\r\nMuchos nos pide para que hagamos chocolate con leche, si la leche es un al\u00e9rgeno?.\r\n\r\nClaudia es al final el chocolate que quer\u00eda ya que ella si tolera prote\u00edna de la leche.\r\n\r\nY \u00e9sta es nuestra raz\u00f3n de nacer.\r\n\r\nA partir de aqu\u00ed vimos que hay muchos al\u00e9rgicos a la prote\u00edna de la leche y hicimos chocolate negro sin leche ni trazas y chocolate con chufa.\r\n\r\nEl chocolate con chufa sustituye al chocolate con leche y tiene un sabor muy parecido.\r\n\r\nAs\u00ed que ahora ya sab\u00e9is un poco m\u00e1s de nosotros, esperamos que os guste\r\n\r\nY feliz st Valent\u00edn  y que le haga un buen papel tu regalo de chocolate con leche<\/span><\/pre>\n<h2><strong>Seguridad:<\/strong><\/h2>\n<pre id=\"tw-target-text\" class=\"tw-data-text tw-text-large tw-ta\" dir=\"ltr\" data-placeholder=\"Traducci\u00f3n\" data-ved=\"2ahUKEwjp_suOzLGLAxVfR_EDHbWaC5MQ3ewLegQIBxAV\" aria-label=\"Texto traducido: sellos de amor chocolate leche La seguridad es nuestra raz\u00f3n de ser. Compramos chocolate certificado sin frutos secos por parte del proveedor. Por tanto nuestros proveedores son grandes productores de cacao. Formamos parte de cocoa horizontes. Antes de empezar cualquier producci\u00f3n, limpiamos techo, paredes suelo del obrador. Hacemos an\u00e1lisis de superficies para asegurar las trazas de los al\u00e9rgenos definidos. Entramos del almac\u00e9n de chocolate con leche chocomon, chocolate y todos los utensilios y maquina exclusiva. Producimos seg\u00fan las m\u00e1ximas de seguridad y limpieza. Cerramos todos los productos en el obrador, nunca fabricamos nada m\u00e1s en el mismo tiempo. Cerramos y analizamos producto final Damos el lote por liberado. Esperamos que te encanta este huevo tan divertido.\"><span class=\"Y2IQFc\" lang=\"es\" style=\"font-family: helvetica, arial, sans-serif;\"><span style=\"font-size: 160%;\">Sellos de amor chocolate leche\r\n<\/span>\r\nLa seguridad es nuestra raz\u00f3n de ser.\r\nCompramos chocolate certificado sin frutos secos por parte del proveedor.\r\nPor tanto nuestros proveedores son grandes productores de cacao.\r\nFormamos parte de cocoa horizontes.\r\nTenemos obrador propio en Matar\u00f3\r\nSomos fabricantes \r\nHacemos an\u00e1lisis seg\u00fan el plan anal\u00edtico de la compa\u00f1\u00eda.\r\nAlmac\u00e9n de chocolate con leche xocomon. \u00daNICO\r\nProducimos seg\u00fan las m\u00e1ximas de seguridad y limpieza.\r\nCerramos todos los productos en el obrador, nunca fabricamos nada m\u00e1s en el mismo tiempo.\r\nTodos los productos salen envasados del obrador.\r\nDamos el lote por liberado cuando las anal\u00edticas son ok.\r\n\r\n\r\n\r\n<span style=\"font-size: 95%;\">Esperamos que te encanta este formato tan divertido.<\/span><\/span><\/pre>\n<p>&nbsp;<\/p>\n","protected":false},"excerpt":{"rendered":"<pre id=\"tw-target-text\" class=\"tw-data-text tw-text-large tw-ta\" dir=\"ltr\" style=\"padding-left: 40px;\" data-placeholder=\"Traducci\u00f3n\" data-ved=\"2ahUKEwjp_suOzLGLAxVfR_EDHbWaC5MQ3ewLegQIBxAV\" aria-label=\"Texto traducido: Sellos de amor chocolate leche- 150g de sellos, pieza peque\u00f1a, un solo mordisco, perfecto para capricho.Caja kraft de bombones con ventana, preciosa. Peso: 150G Ingredientes: Pasta de cacao. Az\u00facar Leche entera en polvo. Mantequilla de cacao. Lecitina de soja Aroma natural de vainilla. Al\u00e9rgenos leche y soja\"><span class=\"Y2IQFc\" lang=\"es\" style=\"font-family: helvetica, arial, sans-serif; font-size: 110%;\">Sellos de amor chocolate negro\r\n\r\n150g de sellos, pieza peque\u00f1a, un solo mordisco, perfecto para capricho.\r\nCaja kraft de bombones con ventana, preciosa.\r\n\r\nPeso: 150G\r\n\r\nIngredientes:\r\nManteca de cacao\r\nPasta de cacao.\r\nAz\u00facar\r\n\r\nSIN Al\u00e9rgenos <\/span><\/pre>\n<p dir=\"ltr\" data-placeholder=\"Traducci\u00f3\"><span style=\"font-family: helvetica, arial, sans-serif; font-size: 95%;\"><img loading=\"lazy\" decoding=\"async\" class=\"size-full wp-image-20848 alignnone\" src=\"https:\/\/xocomon.com\/wp-content\/uploads\/2024\/04\/icons-con-leche.png\" alt=\"\" width=\"307\" height=\"81\" \/><\/span><\/p>\n","protected":false},"featured_media":23686,"comment_status":"open","ping_status":"closed","template":"","meta":[],"product_brand":[],"product_cat":[1563,130,127],"product_tag":[295],"class_list":{"0":"post-23701","1":"product","2":"type-product","3":"status-publish","4":"has-post-thumbnail","6":"product_cat-love","7":"product_cat-chocolate","8":"product_cat-chocolate-negro","9":"product_tag-pasqua","10":"tm-has-options","12":"first","13":"instock","14":"taxable","15":"shipping-taxable","16":"purchasable","17":"product-type-simple"},"yoast_head":"<!-- This site is optimized with the Yoast SEO plugin v26.7 - https:\/\/yoast.com\/wordpress\/plugins\/seo\/ -->\n<title>Sellos de Amor de Chocolate Negro - Xocomon<\/title>\n<meta name=\"description\" content=\"sellos de amor chocolate negro, ingredientes: az\u00facar, pasta de cacao, manteca de cacao, emulgente lecitina, aroma. sin alergenos sin trazas\" \/>\n<meta name=\"robots\" content=\"index, follow, max-snippet:-1, max-image-preview:large, max-video-preview:-1\" \/>\n<link rel=\"canonical\" href=\"https:\/\/xocomon.com\/es\/producto\/sellos-de-amor-de-chocolate-negro\/\" \/>\n<meta property=\"og:locale\" content=\"es_ES\" \/>\n<meta property=\"og:type\" content=\"article\" \/>\n<meta property=\"og:title\" content=\"Sellos de Amor de Chocolate Negro - Xocomon\" \/>\n<meta property=\"og:description\" content=\"sellos de amor chocolate negro, ingredientes: az\u00facar, pasta de cacao, manteca de cacao, emulgente lecitina, aroma. sin alergenos sin trazas\" \/>\n<meta property=\"og:url\" content=\"https:\/\/xocomon.com\/es\/producto\/sellos-de-amor-de-chocolate-negro\/\" \/>\n<meta property=\"og:site_name\" content=\"Xocomon\" \/>\n<meta property=\"article:publisher\" content=\"https:\/\/www.facebook.com\/xocomon\/\" \/>\n<meta property=\"article:modified_time\" content=\"2026-04-17T09:08:44+00:00\" \/>\n<meta property=\"og:image\" content=\"https:\/\/xocomon.com\/wp-content\/uploads\/2025\/02\/NEGRA.png\" \/>\n\t<meta property=\"og:image:width\" content=\"1080\" \/>\n\t<meta property=\"og:image:height\" content=\"1080\" \/>\n\t<meta property=\"og:image:type\" content=\"image\/png\" \/>\n<meta name=\"twitter:card\" content=\"summary_large_image\" \/>\n<meta name=\"twitter:label1\" content=\"Tiempo de lectura\" \/>\n\t<meta name=\"twitter:data1\" content=\"1 minuto\" \/>\n<script type=\"application\/ld+json\" class=\"yoast-schema-graph\">{\"@context\":\"https:\/\/schema.org\",\"@graph\":[{\"@type\":\"WebPage\",\"@id\":\"https:\/\/xocomon.com\/es\/producto\/sellos-de-amor-de-chocolate-negro\/\",\"url\":\"https:\/\/xocomon.com\/es\/producto\/sellos-de-amor-de-chocolate-negro\/\",\"name\":\"Sellos de Amor de Chocolate Negro - Xocomon\",\"isPartOf\":{\"@id\":\"https:\/\/xocomon.com\/#website\"},\"primaryImageOfPage\":{\"@id\":\"https:\/\/xocomon.com\/es\/producto\/sellos-de-amor-de-chocolate-negro\/#primaryimage\"},\"image\":{\"@id\":\"https:\/\/xocomon.com\/es\/producto\/sellos-de-amor-de-chocolate-negro\/#primaryimage\"},\"thumbnailUrl\":\"https:\/\/xocomon.com\/wp-content\/uploads\/2025\/02\/NEGRA.png\",\"datePublished\":\"2025-02-07T17:55:55+00:00\",\"dateModified\":\"2026-04-17T09:08:44+00:00\",\"description\":\"sellos de amor chocolate negro, ingredientes: az\u00facar, pasta de cacao, manteca de cacao, emulgente lecitina, aroma. sin alergenos sin trazas\",\"breadcrumb\":{\"@id\":\"https:\/\/xocomon.com\/es\/producto\/sellos-de-amor-de-chocolate-negro\/#breadcrumb\"},\"inLanguage\":\"es\",\"potentialAction\":[{\"@type\":\"ReadAction\",\"target\":[\"https:\/\/xocomon.com\/es\/producto\/sellos-de-amor-de-chocolate-negro\/\"]}]},{\"@type\":\"ImageObject\",\"inLanguage\":\"es\",\"@id\":\"https:\/\/xocomon.com\/es\/producto\/sellos-de-amor-de-chocolate-negro\/#primaryimage\",\"url\":\"https:\/\/xocomon.com\/wp-content\/uploads\/2025\/02\/NEGRA.png\",\"contentUrl\":\"https:\/\/xocomon.com\/wp-content\/uploads\/2025\/02\/NEGRA.png\",\"width\":1080,\"height\":1080},{\"@type\":\"BreadcrumbList\",\"@id\":\"https:\/\/xocomon.com\/es\/producto\/sellos-de-amor-de-chocolate-negro\/#breadcrumb\",\"itemListElement\":[{\"@type\":\"ListItem\",\"position\":1,\"name\":\"Portada\",\"item\":\"https:\/\/xocomon.com\/es\/\"},{\"@type\":\"ListItem\",\"position\":2,\"name\":\"Tienda\",\"item\":\"https:\/\/xocomon.com\/es\/tienda\/\"},{\"@type\":\"ListItem\",\"position\":3,\"name\":\"Sellos de Amor de Chocolate Negro\"}]},{\"@type\":\"WebSite\",\"@id\":\"https:\/\/xocomon.com\/#website\",\"url\":\"https:\/\/xocomon.com\/\",\"name\":\"Xocomon\",\"description\":\"\",\"potentialAction\":[{\"@type\":\"SearchAction\",\"target\":{\"@type\":\"EntryPoint\",\"urlTemplate\":\"https:\/\/xocomon.com\/?s={search_term_string}\"},\"query-input\":{\"@type\":\"PropertyValueSpecification\",\"valueRequired\":true,\"valueName\":\"search_term_string\"}}],\"inLanguage\":\"es\"}]}<\/script>\n<!-- \/ Yoast SEO plugin. -->","yoast_head_json":{"title":"Sellos de Amor de Chocolate Negro - Xocomon","description":"sellos de amor chocolate negro, ingredientes: az\u00facar, pasta de cacao, manteca de cacao, emulgente lecitina, aroma. sin alergenos sin trazas","robots":{"index":"index","follow":"follow","max-snippet":"max-snippet:-1","max-image-preview":"max-image-preview:large","max-video-preview":"max-video-preview:-1"},"canonical":"https:\/\/xocomon.com\/es\/producto\/sellos-de-amor-de-chocolate-negro\/","og_locale":"es_ES","og_type":"article","og_title":"Sellos de Amor de Chocolate Negro - Xocomon","og_description":"sellos de amor chocolate negro, ingredientes: az\u00facar, pasta de cacao, manteca de cacao, emulgente lecitina, aroma. sin alergenos sin trazas","og_url":"https:\/\/xocomon.com\/es\/producto\/sellos-de-amor-de-chocolate-negro\/","og_site_name":"Xocomon","article_publisher":"https:\/\/www.facebook.com\/xocomon\/","article_modified_time":"2026-04-17T09:08:44+00:00","og_image":[{"width":1080,"height":1080,"url":"https:\/\/xocomon.com\/wp-content\/uploads\/2025\/02\/NEGRA.png","type":"image\/png"}],"twitter_card":"summary_large_image","twitter_misc":{"Tiempo de lectura":"1 minuto"},"schema":{"@context":"https:\/\/schema.org","@graph":[{"@type":"WebPage","@id":"https:\/\/xocomon.com\/es\/producto\/sellos-de-amor-de-chocolate-negro\/","url":"https:\/\/xocomon.com\/es\/producto\/sellos-de-amor-de-chocolate-negro\/","name":"Sellos de Amor de Chocolate Negro - Xocomon","isPartOf":{"@id":"https:\/\/xocomon.com\/#website"},"primaryImageOfPage":{"@id":"https:\/\/xocomon.com\/es\/producto\/sellos-de-amor-de-chocolate-negro\/#primaryimage"},"image":{"@id":"https:\/\/xocomon.com\/es\/producto\/sellos-de-amor-de-chocolate-negro\/#primaryimage"},"thumbnailUrl":"https:\/\/xocomon.com\/wp-content\/uploads\/2025\/02\/NEGRA.png","datePublished":"2025-02-07T17:55:55+00:00","dateModified":"2026-04-17T09:08:44+00:00","description":"sellos de amor chocolate negro, ingredientes: az\u00facar, pasta de cacao, manteca de cacao, emulgente lecitina, aroma. sin alergenos sin trazas","breadcrumb":{"@id":"https:\/\/xocomon.com\/es\/producto\/sellos-de-amor-de-chocolate-negro\/#breadcrumb"},"inLanguage":"es","potentialAction":[{"@type":"ReadAction","target":["https:\/\/xocomon.com\/es\/producto\/sellos-de-amor-de-chocolate-negro\/"]}]},{"@type":"ImageObject","inLanguage":"es","@id":"https:\/\/xocomon.com\/es\/producto\/sellos-de-amor-de-chocolate-negro\/#primaryimage","url":"https:\/\/xocomon.com\/wp-content\/uploads\/2025\/02\/NEGRA.png","contentUrl":"https:\/\/xocomon.com\/wp-content\/uploads\/2025\/02\/NEGRA.png","width":1080,"height":1080},{"@type":"BreadcrumbList","@id":"https:\/\/xocomon.com\/es\/producto\/sellos-de-amor-de-chocolate-negro\/#breadcrumb","itemListElement":[{"@type":"ListItem","position":1,"name":"Portada","item":"https:\/\/xocomon.com\/es\/"},{"@type":"ListItem","position":2,"name":"Tienda","item":"https:\/\/xocomon.com\/es\/tienda\/"},{"@type":"ListItem","position":3,"name":"Sellos de Amor de Chocolate Negro"}]},{"@type":"WebSite","@id":"https:\/\/xocomon.com\/#website","url":"https:\/\/xocomon.com\/","name":"Xocomon","description":"","potentialAction":[{"@type":"SearchAction","target":{"@type":"EntryPoint","urlTemplate":"https:\/\/xocomon.com\/?s={search_term_string}"},"query-input":{"@type":"PropertyValueSpecification","valueRequired":true,"valueName":"search_term_string"}}],"inLanguage":"es"}]}},"tiered_pricing_type":"fixed","tiered_pricing_fixed_rules":[],"tiered_pricing_product_settings":{"layout":"default","base_unit_name":{"singular":null,"plural":null},"default_variation":null},"tiered_pricing_minimum_quantity":null,"tiered_pricing_roles_data":[],"tiered_pricing_percentage_rules":[],"_links":{"self":[{"href":"https:\/\/xocomon.com\/es\/wp-json\/wp\/v2\/product\/23701","targetHints":{"allow":["GET"]}}],"collection":[{"href":"https:\/\/xocomon.com\/es\/wp-json\/wp\/v2\/product"}],"about":[{"href":"https:\/\/xocomon.com\/es\/wp-json\/wp\/v2\/types\/product"}],"replies":[{"embeddable":true,"href":"https:\/\/xocomon.com\/es\/wp-json\/wp\/v2\/comments?post=23701"}],"wp:featuredmedia":[{"embeddable":true,"href":"https:\/\/xocomon.com\/es\/wp-json\/wp\/v2\/media\/23686"}],"wp:attachment":[{"href":"https:\/\/xocomon.com\/es\/wp-json\/wp\/v2\/media?parent=23701"}],"wp:term":[{"taxonomy":"product_brand","embeddable":true,"href":"https:\/\/xocomon.com\/es\/wp-json\/wp\/v2\/product_brand?post=23701"},{"taxonomy":"product_cat","embeddable":true,"href":"https:\/\/xocomon.com\/es\/wp-json\/wp\/v2\/product_cat?post=23701"},{"taxonomy":"product_tag","embeddable":true,"href":"https:\/\/xocomon.com\/es\/wp-json\/wp\/v2\/product_tag?post=23701"}],"curies":[{"name":"wp","href":"https:\/\/api.w.org\/{rel}","templated":true}]}}