{"id":23644,"date":"2025-02-06T11:47:58","date_gmt":"2025-02-06T10:47:58","guid":{"rendered":"https:\/\/xocomon.com\/?post_type=product&#038;p=23644"},"modified":"2026-04-17T10:09:00","modified_gmt":"2026-04-17T09:09:00","slug":"candado-de-chocolate-negro-70g","status":"publish","type":"product","link":"https:\/\/xocomon.com\/es\/producto\/candado-de-chocolate-negro-70g\/","title":{"rendered":"Candado de Chocolate Negro 70g"},"content":{"rendered":"<pre id=\"tw-target-text\" class=\"tw-data-text tw-text-large tw-ta\" dir=\"ltr\" data-placeholder=\"Traducci\u00f3n\" data-ved=\"2ahUKEwiRuIuh8a6LAxWPVfEDHQynOBsQ3ewLegQIBxAV\" aria-label=\"Texto traducido: Candado de chocolate para poder celebrar d\u00edas especiales, como St. Valent\u00ed o St. Jordi o simplemente porque nos gusta el amor y las cursiladas. Fabricados artesanalmente, en nuestros obradores de Matar\u00f3 70 g de chocolate MADE WITH LOVE. Elaborado con cacao sostenible y socialmente responsable (Cocoa Horitzons)\"><span class=\"Y2IQFc\" lang=\"es\" style=\"font-family: helvetica, arial, sans-serif;\">Candado de chocolate para poder celebrar d\u00edas especiales, como St. Valent\u00edn o St. Jordi o simplemente porque nos gusta el amor y las cursiladas.\r\n\r\nFabricados artesanalmente, en nuestros obradores de Matar\u00f3\r\n\r\n70 g de chocolate MADE WITH LOVE.\r\n\r\n\r\n<\/span><\/pre>\n","protected":false},"excerpt":{"rendered":"<pre id=\"tw-target-text\" class=\"tw-data-text tw-text-large tw-ta\" dir=\"ltr\" data-placeholder=\"Traducci\u00f3n\" data-ved=\"2ahUKEwiRuIuh8a6LAxWPVfEDHQynOBsQ3ewLegQIBxAV\" aria-label=\"Texto traducido: 1 candado de chocolate chocomon chocolate negro 70gr dentro de una caja preciosa, es como un libro con una faja con un coraz\u00f3n troquelado INGREDIENTES: Pasta de cacao, az\u00facar, mantequilla de cacao, emulsionante: lecitina, aroma natural de vainilla. Chocolate negro vegano y vegetariano. SIN TRAZAS DE FRUTOS SECOS, LECHE, HUEVO, GLUTEN, CACAHUET y SOJA.\"><span class=\"Y2IQFc\" lang=\"es\" style=\"font-family: helvetica, arial, sans-serif;\">1 candado de chocolate Xocomon chocolate negro 70gr.\r\n\r\nINGREDIENTES: Pasta de cacao, az\u00facar, manteca de cacao.\r\n\r\nChocolate negro vegano y vegetariano.\r\n\r\nSIN TRAZAS DE FRUTOS SECOS, LECHE, HUEVO, GLUTEN, CACAHUETE y SOJA.<\/span><\/pre>\n","protected":false},"featured_media":23633,"comment_status":"open","ping_status":"closed","template":"","meta":[],"product_brand":[],"product_cat":[1563,130,127],"product_tag":[],"class_list":{"0":"post-23644","1":"product","2":"type-product","3":"status-publish","4":"has-post-thumbnail","6":"product_cat-love","7":"product_cat-chocolate","8":"product_cat-chocolate-negro","9":"tm-has-options","11":"first","12":"instock","13":"taxable","14":"shipping-taxable","15":"purchasable","16":"product-type-simple"},"yoast_head":"<!-- This site is optimized with the Yoast SEO plugin v26.7 - https:\/\/yoast.com\/wordpress\/plugins\/seo\/ -->\n<title>Candado de Chocolate Negro 70g - Xocomon<\/title>\n<meta name=\"description\" content=\"Candado de chocolate negro xocomon, equilibrado, artesano sin al\u00e9rgenos, fabricado en Matar\u00f3, INGREDIENTES: Pasta de cacao, az\u00facar, manteca de cacao\" \/>\n<meta name=\"robots\" content=\"index, follow, max-snippet:-1, max-image-preview:large, max-video-preview:-1\" \/>\n<link rel=\"canonical\" href=\"https:\/\/xocomon.com\/es\/producto\/candado-de-chocolate-negro-70g\/\" \/>\n<meta property=\"og:locale\" content=\"es_ES\" \/>\n<meta property=\"og:type\" content=\"article\" \/>\n<meta property=\"og:title\" content=\"Candado de Chocolate Negro 70g - Xocomon\" \/>\n<meta property=\"og:description\" content=\"Candado de chocolate negro xocomon, equilibrado, artesano sin al\u00e9rgenos, fabricado en Matar\u00f3, INGREDIENTES: Pasta de cacao, az\u00facar, manteca de cacao\" \/>\n<meta property=\"og:url\" content=\"https:\/\/xocomon.com\/es\/producto\/candado-de-chocolate-negro-70g\/\" \/>\n<meta property=\"og:site_name\" content=\"Xocomon\" \/>\n<meta property=\"article:publisher\" content=\"https:\/\/www.facebook.com\/xocomon\/\" \/>\n<meta property=\"article:modified_time\" content=\"2026-04-17T09:09:00+00:00\" \/>\n<meta property=\"og:image\" content=\"https:\/\/xocomon.com\/wp-content\/uploads\/2025\/02\/candado-negro.png\" \/>\n\t<meta property=\"og:image:width\" content=\"1080\" \/>\n\t<meta property=\"og:image:height\" content=\"1080\" \/>\n\t<meta property=\"og:image:type\" content=\"image\/png\" \/>\n<meta name=\"twitter:card\" content=\"summary_large_image\" \/>\n<meta name=\"twitter:label1\" content=\"Tiempo de lectura\" \/>\n\t<meta name=\"twitter:data1\" content=\"1 minuto\" \/>\n<script type=\"application\/ld+json\" class=\"yoast-schema-graph\">{\"@context\":\"https:\/\/schema.org\",\"@graph\":[{\"@type\":\"WebPage\",\"@id\":\"https:\/\/xocomon.com\/es\/producto\/candado-de-chocolate-negro-70g\/\",\"url\":\"https:\/\/xocomon.com\/es\/producto\/candado-de-chocolate-negro-70g\/\",\"name\":\"Candado de Chocolate Negro 70g - Xocomon\",\"isPartOf\":{\"@id\":\"https:\/\/xocomon.com\/#website\"},\"primaryImageOfPage\":{\"@id\":\"https:\/\/xocomon.com\/es\/producto\/candado-de-chocolate-negro-70g\/#primaryimage\"},\"image\":{\"@id\":\"https:\/\/xocomon.com\/es\/producto\/candado-de-chocolate-negro-70g\/#primaryimage\"},\"thumbnailUrl\":\"https:\/\/xocomon.com\/wp-content\/uploads\/2025\/02\/candado-negro.png\",\"datePublished\":\"2025-02-06T10:47:58+00:00\",\"dateModified\":\"2026-04-17T09:09:00+00:00\",\"description\":\"Candado de chocolate negro xocomon, equilibrado, artesano sin al\u00e9rgenos, fabricado en Matar\u00f3, INGREDIENTES: Pasta de cacao, az\u00facar, manteca de cacao\",\"breadcrumb\":{\"@id\":\"https:\/\/xocomon.com\/es\/producto\/candado-de-chocolate-negro-70g\/#breadcrumb\"},\"inLanguage\":\"es\",\"potentialAction\":[{\"@type\":\"ReadAction\",\"target\":[\"https:\/\/xocomon.com\/es\/producto\/candado-de-chocolate-negro-70g\/\"]}]},{\"@type\":\"ImageObject\",\"inLanguage\":\"es\",\"@id\":\"https:\/\/xocomon.com\/es\/producto\/candado-de-chocolate-negro-70g\/#primaryimage\",\"url\":\"https:\/\/xocomon.com\/wp-content\/uploads\/2025\/02\/candado-negro.png\",\"contentUrl\":\"https:\/\/xocomon.com\/wp-content\/uploads\/2025\/02\/candado-negro.png\",\"width\":1080,\"height\":1080},{\"@type\":\"BreadcrumbList\",\"@id\":\"https:\/\/xocomon.com\/es\/producto\/candado-de-chocolate-negro-70g\/#breadcrumb\",\"itemListElement\":[{\"@type\":\"ListItem\",\"position\":1,\"name\":\"Portada\",\"item\":\"https:\/\/xocomon.com\/es\/\"},{\"@type\":\"ListItem\",\"position\":2,\"name\":\"Tienda\",\"item\":\"https:\/\/xocomon.com\/es\/tienda\/\"},{\"@type\":\"ListItem\",\"position\":3,\"name\":\"Candado de Chocolate Negro 70g\"}]},{\"@type\":\"WebSite\",\"@id\":\"https:\/\/xocomon.com\/#website\",\"url\":\"https:\/\/xocomon.com\/\",\"name\":\"Xocomon\",\"description\":\"\",\"potentialAction\":[{\"@type\":\"SearchAction\",\"target\":{\"@type\":\"EntryPoint\",\"urlTemplate\":\"https:\/\/xocomon.com\/?s={search_term_string}\"},\"query-input\":{\"@type\":\"PropertyValueSpecification\",\"valueRequired\":true,\"valueName\":\"search_term_string\"}}],\"inLanguage\":\"es\"}]}<\/script>\n<!-- \/ Yoast SEO plugin. -->","yoast_head_json":{"title":"Candado de Chocolate Negro 70g - Xocomon","description":"Candado de chocolate negro xocomon, equilibrado, artesano sin al\u00e9rgenos, fabricado en Matar\u00f3, INGREDIENTES: Pasta de cacao, az\u00facar, manteca de cacao","robots":{"index":"index","follow":"follow","max-snippet":"max-snippet:-1","max-image-preview":"max-image-preview:large","max-video-preview":"max-video-preview:-1"},"canonical":"https:\/\/xocomon.com\/es\/producto\/candado-de-chocolate-negro-70g\/","og_locale":"es_ES","og_type":"article","og_title":"Candado de Chocolate Negro 70g - Xocomon","og_description":"Candado de chocolate negro xocomon, equilibrado, artesano sin al\u00e9rgenos, fabricado en Matar\u00f3, INGREDIENTES: Pasta de cacao, az\u00facar, manteca de cacao","og_url":"https:\/\/xocomon.com\/es\/producto\/candado-de-chocolate-negro-70g\/","og_site_name":"Xocomon","article_publisher":"https:\/\/www.facebook.com\/xocomon\/","article_modified_time":"2026-04-17T09:09:00+00:00","og_image":[{"width":1080,"height":1080,"url":"https:\/\/xocomon.com\/wp-content\/uploads\/2025\/02\/candado-negro.png","type":"image\/png"}],"twitter_card":"summary_large_image","twitter_misc":{"Tiempo de lectura":"1 minuto"},"schema":{"@context":"https:\/\/schema.org","@graph":[{"@type":"WebPage","@id":"https:\/\/xocomon.com\/es\/producto\/candado-de-chocolate-negro-70g\/","url":"https:\/\/xocomon.com\/es\/producto\/candado-de-chocolate-negro-70g\/","name":"Candado de Chocolate Negro 70g - Xocomon","isPartOf":{"@id":"https:\/\/xocomon.com\/#website"},"primaryImageOfPage":{"@id":"https:\/\/xocomon.com\/es\/producto\/candado-de-chocolate-negro-70g\/#primaryimage"},"image":{"@id":"https:\/\/xocomon.com\/es\/producto\/candado-de-chocolate-negro-70g\/#primaryimage"},"thumbnailUrl":"https:\/\/xocomon.com\/wp-content\/uploads\/2025\/02\/candado-negro.png","datePublished":"2025-02-06T10:47:58+00:00","dateModified":"2026-04-17T09:09:00+00:00","description":"Candado de chocolate negro xocomon, equilibrado, artesano sin al\u00e9rgenos, fabricado en Matar\u00f3, INGREDIENTES: Pasta de cacao, az\u00facar, manteca de cacao","breadcrumb":{"@id":"https:\/\/xocomon.com\/es\/producto\/candado-de-chocolate-negro-70g\/#breadcrumb"},"inLanguage":"es","potentialAction":[{"@type":"ReadAction","target":["https:\/\/xocomon.com\/es\/producto\/candado-de-chocolate-negro-70g\/"]}]},{"@type":"ImageObject","inLanguage":"es","@id":"https:\/\/xocomon.com\/es\/producto\/candado-de-chocolate-negro-70g\/#primaryimage","url":"https:\/\/xocomon.com\/wp-content\/uploads\/2025\/02\/candado-negro.png","contentUrl":"https:\/\/xocomon.com\/wp-content\/uploads\/2025\/02\/candado-negro.png","width":1080,"height":1080},{"@type":"BreadcrumbList","@id":"https:\/\/xocomon.com\/es\/producto\/candado-de-chocolate-negro-70g\/#breadcrumb","itemListElement":[{"@type":"ListItem","position":1,"name":"Portada","item":"https:\/\/xocomon.com\/es\/"},{"@type":"ListItem","position":2,"name":"Tienda","item":"https:\/\/xocomon.com\/es\/tienda\/"},{"@type":"ListItem","position":3,"name":"Candado de Chocolate Negro 70g"}]},{"@type":"WebSite","@id":"https:\/\/xocomon.com\/#website","url":"https:\/\/xocomon.com\/","name":"Xocomon","description":"","potentialAction":[{"@type":"SearchAction","target":{"@type":"EntryPoint","urlTemplate":"https:\/\/xocomon.com\/?s={search_term_string}"},"query-input":{"@type":"PropertyValueSpecification","valueRequired":true,"valueName":"search_term_string"}}],"inLanguage":"es"}]}},"tiered_pricing_type":"fixed","tiered_pricing_fixed_rules":[],"tiered_pricing_product_settings":{"layout":"default","base_unit_name":{"singular":null,"plural":null},"default_variation":null},"tiered_pricing_minimum_quantity":null,"tiered_pricing_roles_data":[],"tiered_pricing_percentage_rules":[],"_links":{"self":[{"href":"https:\/\/xocomon.com\/es\/wp-json\/wp\/v2\/product\/23644","targetHints":{"allow":["GET"]}}],"collection":[{"href":"https:\/\/xocomon.com\/es\/wp-json\/wp\/v2\/product"}],"about":[{"href":"https:\/\/xocomon.com\/es\/wp-json\/wp\/v2\/types\/product"}],"replies":[{"embeddable":true,"href":"https:\/\/xocomon.com\/es\/wp-json\/wp\/v2\/comments?post=23644"}],"wp:featuredmedia":[{"embeddable":true,"href":"https:\/\/xocomon.com\/es\/wp-json\/wp\/v2\/media\/23633"}],"wp:attachment":[{"href":"https:\/\/xocomon.com\/es\/wp-json\/wp\/v2\/media?parent=23644"}],"wp:term":[{"taxonomy":"product_brand","embeddable":true,"href":"https:\/\/xocomon.com\/es\/wp-json\/wp\/v2\/product_brand?post=23644"},{"taxonomy":"product_cat","embeddable":true,"href":"https:\/\/xocomon.com\/es\/wp-json\/wp\/v2\/product_cat?post=23644"},{"taxonomy":"product_tag","embeddable":true,"href":"https:\/\/xocomon.com\/es\/wp-json\/wp\/v2\/product_tag?post=23644"}],"curies":[{"name":"wp","href":"https:\/\/api.w.org\/{rel}","templated":true}]}}