{"id":21704,"date":"2024-10-01T17:09:15","date_gmt":"2024-10-01T16:09:15","guid":{"rendered":"https:\/\/xocomon.com\/product\/piruleta-nube-halloween\/"},"modified":"2026-04-28T11:05:11","modified_gmt":"2026-04-28T10:05:11","slug":"piruleta-nube-halloween","status":"publish","type":"product","link":"https:\/\/xocomon.com\/es\/producto\/piruleta-nube-halloween\/","title":{"rendered":"Piruleta \u00abNUBE\u00bb  halloween"},"content":{"rendered":"<p><span style=\"color: #ed1c24\">NUEVA,\u00a0 no es de Chocolate !!!!!!!!!!!<\/span><\/p>\n<p>Imagina una piruleta de nube en forma de calavera, inspirada en la vibrante est\u00e9tica de la pel\u00edcula <em>Coco<\/em>. La base es una nube suave y esponjosa, de un blanco brillante, que resalta su textura esponjosa y delicada.<\/p>\n<p>La calavera tiene un dise\u00f1o amigable, con grandes ojos \u00a0y una peque\u00f1a sonrisa, lo que le da un aire festivo. En lugar de chocolate, la piruleta est\u00e1 decorada con colorantes alimentarios brillantes en tonos azules, rosas, amarillos y naranjas, que se aplican en forma de dibujos elaborados. Puedes ver patrones de flores, hojas y peque\u00f1os detalles que evocan el esp\u00edritu del D\u00eda de los Muertos.<\/p>\n<p>Los ojos pueden estar rodeados de un contorno azul intenso, mientras que las mejillas tienen un toque de rosa que resalta su expresi\u00f3n alegre. La boca, dise\u00f1ada con una l\u00ednea negra, puede tener peque\u00f1os dientes dibujados en blanco, a\u00f1adiendo un toque divertido.<\/p>\n<p>El palito de la piruleta es de madera, resistente y c\u00f3modo de sostener, y se complementa con una cinta de colores alrededor de la base para darle un acabado festivo.<\/p>\n<p>En conjunto, esta piruleta de nube es una deliciosa obra de arte, perfecta para celebrar Halloween con el colorido y la alegr\u00eda de la tradici\u00f3n mexicana. \u00a1Seguro que ser\u00e1 un verdadero espect\u00e1culo visual y un regalo encantador!<\/p>\n","protected":false},"excerpt":{"rendered":"<p>Piruleta de Marshmallow en forma de calabera 27 GR, 9 cm la nube, 26 cm nube+palo.<\/p>\n<p><span style=\"color: #ed1c24\"><strong>Contiene GLUTEN<\/strong><\/span><\/p>\n<p>Ingredientes:<\/p>\n<p>\u00abSirope de glucosa-fructosa, az\u00facar, dextrosa, agua, gelatina, almid\u00f3n de <span style=\"color: #ed1c24\">TRIGO<\/span>, almid\u00f3n de maiz , aromas, colorantes, E100,E102,E110,E122, E133, E151,E182&#8243;<\/p>\n<p>&nbsp;<\/p>\n<p>&nbsp;<\/p>\n","protected":false},"featured_media":21743,"comment_status":"open","ping_status":"closed","template":"","meta":[],"product_brand":[],"product_cat":[2053,1133],"product_tag":[],"class_list":{"0":"post-21704","1":"product","2":"type-product","3":"status-publish","4":"has-post-thumbnail","6":"product_cat-chocolate-sin-trazas-para-halloween","7":"product_cat-ofertas-outlet","8":"tm-has-options","10":"first","11":"instock","12":"sale","13":"taxable","14":"shipping-taxable","15":"purchasable","16":"product-type-simple"},"yoast_head":"<!-- This site is optimized with the Yoast SEO plugin v26.7 - https:\/\/yoast.com\/wordpress\/plugins\/seo\/ -->\n<title>Piruleta &quot;NUBE&quot; halloween - Xocomon<\/title>\n<meta name=\"description\" content=\"Piruleta &quot;NUBE&quot; halloween , NO SON DE XOCOMON, sense traces ni al.lergens sols cont\u00e9 GLUTEN, xocomon sols les comercialitza.\" \/>\n<meta name=\"robots\" content=\"index, follow, max-snippet:-1, max-image-preview:large, max-video-preview:-1\" \/>\n<link rel=\"canonical\" href=\"https:\/\/xocomon.com\/producto\/piruleta-nube-halloween\/\" \/>\n<meta property=\"og:locale\" content=\"es_ES\" \/>\n<meta property=\"og:type\" content=\"article\" \/>\n<meta property=\"og:title\" content=\"Piruleta &quot;NUBE&quot; halloween - Xocomon\" \/>\n<meta property=\"og:description\" content=\"Piruleta &quot;NUBE&quot; halloween , NO SON DE XOCOMON, sense traces ni al.lergens sols cont\u00e9 GLUTEN, xocomon sols les comercialitza.\" \/>\n<meta property=\"og:url\" content=\"https:\/\/xocomon.com\/producto\/piruleta-nube-halloween\/\" \/>\n<meta property=\"og:site_name\" content=\"Xocomon\" \/>\n<meta property=\"article:publisher\" content=\"https:\/\/www.facebook.com\/xocomon\/\" \/>\n<meta property=\"article:modified_time\" content=\"2026-04-28T10:05:11+00:00\" \/>\n<meta property=\"og:image\" content=\"https:\/\/xocomon.com\/wp-content\/uploads\/2024\/10\/CATRINA.jpg\" \/>\n\t<meta property=\"og:image:width\" content=\"625\" \/>\n\t<meta property=\"og:image:height\" content=\"480\" \/>\n\t<meta property=\"og:image:type\" content=\"image\/jpeg\" \/>\n<meta name=\"twitter:card\" content=\"summary_large_image\" \/>\n<meta name=\"twitter:label1\" content=\"Tiempo de lectura\" \/>\n\t<meta name=\"twitter:data1\" content=\"2 minutos\" \/>\n<script type=\"application\/ld+json\" class=\"yoast-schema-graph\">{\"@context\":\"https:\/\/schema.org\",\"@graph\":[{\"@type\":\"WebPage\",\"@id\":\"https:\/\/xocomon.com\/producto\/piruleta-nube-halloween\/\",\"url\":\"https:\/\/xocomon.com\/producto\/piruleta-nube-halloween\/\",\"name\":\"Piruleta \\\"NUBE\\\" halloween - Xocomon\",\"isPartOf\":{\"@id\":\"https:\/\/xocomon.com\/#website\"},\"primaryImageOfPage\":{\"@id\":\"https:\/\/xocomon.com\/producto\/piruleta-nube-halloween\/#primaryimage\"},\"image\":{\"@id\":\"https:\/\/xocomon.com\/producto\/piruleta-nube-halloween\/#primaryimage\"},\"thumbnailUrl\":\"https:\/\/xocomon.com\/wp-content\/uploads\/2024\/10\/CATRINA.jpg\",\"datePublished\":\"2024-10-01T16:09:15+00:00\",\"dateModified\":\"2026-04-28T10:05:11+00:00\",\"description\":\"Piruleta \\\"NUBE\\\" halloween , NO SON DE XOCOMON, sense traces ni al.lergens sols cont\u00e9 GLUTEN, xocomon sols les comercialitza.\",\"breadcrumb\":{\"@id\":\"https:\/\/xocomon.com\/producto\/piruleta-nube-halloween\/#breadcrumb\"},\"inLanguage\":\"es\",\"potentialAction\":[{\"@type\":\"ReadAction\",\"target\":[\"https:\/\/xocomon.com\/producto\/piruleta-nube-halloween\/\"]}]},{\"@type\":\"ImageObject\",\"inLanguage\":\"es\",\"@id\":\"https:\/\/xocomon.com\/producto\/piruleta-nube-halloween\/#primaryimage\",\"url\":\"https:\/\/xocomon.com\/wp-content\/uploads\/2024\/10\/CATRINA.jpg\",\"contentUrl\":\"https:\/\/xocomon.com\/wp-content\/uploads\/2024\/10\/CATRINA.jpg\",\"width\":625,\"height\":480},{\"@type\":\"BreadcrumbList\",\"@id\":\"https:\/\/xocomon.com\/producto\/piruleta-nube-halloween\/#breadcrumb\",\"itemListElement\":[{\"@type\":\"ListItem\",\"position\":1,\"name\":\"Portada\",\"item\":\"https:\/\/xocomon.com\/es\/\"},{\"@type\":\"ListItem\",\"position\":2,\"name\":\"Tienda\",\"item\":\"https:\/\/xocomon.com\/es\/tienda\/\"},{\"@type\":\"ListItem\",\"position\":3,\"name\":\"Piruleta &#8220;NUBE&#8221; halloween\"}]},{\"@type\":\"WebSite\",\"@id\":\"https:\/\/xocomon.com\/#website\",\"url\":\"https:\/\/xocomon.com\/\",\"name\":\"Xocomon\",\"description\":\"\",\"potentialAction\":[{\"@type\":\"SearchAction\",\"target\":{\"@type\":\"EntryPoint\",\"urlTemplate\":\"https:\/\/xocomon.com\/?s={search_term_string}\"},\"query-input\":{\"@type\":\"PropertyValueSpecification\",\"valueRequired\":true,\"valueName\":\"search_term_string\"}}],\"inLanguage\":\"es\"}]}<\/script>\n<!-- \/ Yoast SEO plugin. -->","yoast_head_json":{"title":"Piruleta \"NUBE\" halloween - Xocomon","description":"Piruleta \"NUBE\" halloween , NO SON DE XOCOMON, sense traces ni al.lergens sols cont\u00e9 GLUTEN, xocomon sols les comercialitza.","robots":{"index":"index","follow":"follow","max-snippet":"max-snippet:-1","max-image-preview":"max-image-preview:large","max-video-preview":"max-video-preview:-1"},"canonical":"https:\/\/xocomon.com\/producto\/piruleta-nube-halloween\/","og_locale":"es_ES","og_type":"article","og_title":"Piruleta \"NUBE\" halloween - Xocomon","og_description":"Piruleta \"NUBE\" halloween , NO SON DE XOCOMON, sense traces ni al.lergens sols cont\u00e9 GLUTEN, xocomon sols les comercialitza.","og_url":"https:\/\/xocomon.com\/producto\/piruleta-nube-halloween\/","og_site_name":"Xocomon","article_publisher":"https:\/\/www.facebook.com\/xocomon\/","article_modified_time":"2026-04-28T10:05:11+00:00","og_image":[{"width":625,"height":480,"url":"https:\/\/xocomon.com\/wp-content\/uploads\/2024\/10\/CATRINA.jpg","type":"image\/jpeg"}],"twitter_card":"summary_large_image","twitter_misc":{"Tiempo de lectura":"2 minutos"},"schema":{"@context":"https:\/\/schema.org","@graph":[{"@type":"WebPage","@id":"https:\/\/xocomon.com\/producto\/piruleta-nube-halloween\/","url":"https:\/\/xocomon.com\/producto\/piruleta-nube-halloween\/","name":"Piruleta \"NUBE\" halloween - Xocomon","isPartOf":{"@id":"https:\/\/xocomon.com\/#website"},"primaryImageOfPage":{"@id":"https:\/\/xocomon.com\/producto\/piruleta-nube-halloween\/#primaryimage"},"image":{"@id":"https:\/\/xocomon.com\/producto\/piruleta-nube-halloween\/#primaryimage"},"thumbnailUrl":"https:\/\/xocomon.com\/wp-content\/uploads\/2024\/10\/CATRINA.jpg","datePublished":"2024-10-01T16:09:15+00:00","dateModified":"2026-04-28T10:05:11+00:00","description":"Piruleta \"NUBE\" halloween , NO SON DE XOCOMON, sense traces ni al.lergens sols cont\u00e9 GLUTEN, xocomon sols les comercialitza.","breadcrumb":{"@id":"https:\/\/xocomon.com\/producto\/piruleta-nube-halloween\/#breadcrumb"},"inLanguage":"es","potentialAction":[{"@type":"ReadAction","target":["https:\/\/xocomon.com\/producto\/piruleta-nube-halloween\/"]}]},{"@type":"ImageObject","inLanguage":"es","@id":"https:\/\/xocomon.com\/producto\/piruleta-nube-halloween\/#primaryimage","url":"https:\/\/xocomon.com\/wp-content\/uploads\/2024\/10\/CATRINA.jpg","contentUrl":"https:\/\/xocomon.com\/wp-content\/uploads\/2024\/10\/CATRINA.jpg","width":625,"height":480},{"@type":"BreadcrumbList","@id":"https:\/\/xocomon.com\/producto\/piruleta-nube-halloween\/#breadcrumb","itemListElement":[{"@type":"ListItem","position":1,"name":"Portada","item":"https:\/\/xocomon.com\/es\/"},{"@type":"ListItem","position":2,"name":"Tienda","item":"https:\/\/xocomon.com\/es\/tienda\/"},{"@type":"ListItem","position":3,"name":"Piruleta &#8220;NUBE&#8221; halloween"}]},{"@type":"WebSite","@id":"https:\/\/xocomon.com\/#website","url":"https:\/\/xocomon.com\/","name":"Xocomon","description":"","potentialAction":[{"@type":"SearchAction","target":{"@type":"EntryPoint","urlTemplate":"https:\/\/xocomon.com\/?s={search_term_string}"},"query-input":{"@type":"PropertyValueSpecification","valueRequired":true,"valueName":"search_term_string"}}],"inLanguage":"es"}]}},"tiered_pricing_type":"fixed","tiered_pricing_fixed_rules":[],"tiered_pricing_product_settings":{"layout":"default","base_unit_name":{"singular":null,"plural":null},"default_variation":null},"tiered_pricing_minimum_quantity":null,"tiered_pricing_roles_data":[],"tiered_pricing_percentage_rules":[],"_links":{"self":[{"href":"https:\/\/xocomon.com\/es\/wp-json\/wp\/v2\/product\/21704","targetHints":{"allow":["GET"]}}],"collection":[{"href":"https:\/\/xocomon.com\/es\/wp-json\/wp\/v2\/product"}],"about":[{"href":"https:\/\/xocomon.com\/es\/wp-json\/wp\/v2\/types\/product"}],"replies":[{"embeddable":true,"href":"https:\/\/xocomon.com\/es\/wp-json\/wp\/v2\/comments?post=21704"}],"wp:featuredmedia":[{"embeddable":true,"href":"https:\/\/xocomon.com\/es\/wp-json\/wp\/v2\/media\/21743"}],"wp:attachment":[{"href":"https:\/\/xocomon.com\/es\/wp-json\/wp\/v2\/media?parent=21704"}],"wp:term":[{"taxonomy":"product_brand","embeddable":true,"href":"https:\/\/xocomon.com\/es\/wp-json\/wp\/v2\/product_brand?post=21704"},{"taxonomy":"product_cat","embeddable":true,"href":"https:\/\/xocomon.com\/es\/wp-json\/wp\/v2\/product_cat?post=21704"},{"taxonomy":"product_tag","embeddable":true,"href":"https:\/\/xocomon.com\/es\/wp-json\/wp\/v2\/product_tag?post=21704"}],"curies":[{"name":"wp","href":"https:\/\/api.w.org\/{rel}","templated":true}]}}