{"id":20753,"date":"2024-04-11T20:33:38","date_gmt":"2024-04-11T19:33:38","guid":{"rendered":"https:\/\/xocomon.com\/product\/drac-st-jordi-xocolata-amb-llet\/"},"modified":"2026-04-19T16:24:36","modified_gmt":"2026-04-19T15:24:36","slug":"dragon-sant-jordi-de-chocolate-con-leche","status":"publish","type":"product","link":"https:\/\/xocomon.com\/es\/producto\/dragon-sant-jordi-de-chocolate-con-leche\/","title":{"rendered":"Drag\u00f3n Sant Jordi de Chocolate con Leche"},"content":{"rendered":"","protected":false},"excerpt":{"rendered":"<p>Drag\u00f3n de chocolate 100g, 11*11 cm , pieza peque\u00f1a.<\/p>\n<h4>INGREDIENTES<\/h4>\n<ul>\n<li>Pasta de cacao.<\/li>\n<li>Manteca de cacao.<\/li>\n<li>Az\u00facar.<\/li>\n<li><strong>Leche en polvo.<\/strong><\/li>\n<li>Emulsionante: <strong>lecitina de soja.<\/strong><\/li>\n<li>Aroma natural de vainilla.<\/li>\n<\/ul>\n<h6>chocolate sin gluten, sin huevo , sin frutos secos, sin cacahuete.<\/h6>\n<h6>Chocolate apta per vegetarianos<\/h6>\n","protected":false},"featured_media":20747,"comment_status":"open","ping_status":"closed","template":"","meta":[],"product_brand":[],"product_cat":[1563,130,28,199,202,131,191],"product_tag":[],"class_list":{"0":"post-20753","1":"product","2":"type-product","3":"status-publish","4":"has-post-thumbnail","6":"product_cat-amor-chocolate","7":"product_cat-chocolate","8":"product_cat-chocolate-con-leche","9":"product_cat-fiestas","10":"product_cat-chocolate-con-leche-fiestas","11":"product_cat-pascua","12":"product_cat-chocolate-con-leche-pascuas","13":"tm-has-options","15":"first","16":"instock","17":"taxable","18":"shipping-taxable","19":"purchasable","20":"product-type-simple"},"yoast_head":"<!-- This site is optimized with the Yoast SEO plugin v26.7 - https:\/\/yoast.com\/wordpress\/plugins\/seo\/ -->\n<title>Drag\u00f3n Sant Jordi de Chocolate con Leche | XOCOMON<\/title>\n<meta name=\"description\" content=\"DRAG\u00d3N ST JORDI chocolate con leche, regala chocolate y amor del bueno al mismo tiempo, ingredientes solo 3 sin alergenos, pasta de cacao...\" \/>\n<meta name=\"robots\" content=\"index, follow, max-snippet:-1, max-image-preview:large, max-video-preview:-1\" \/>\n<link rel=\"canonical\" href=\"https:\/\/xocomon.com\/es\/producto\/dragon-sant-jordi-de-chocolate-con-leche\/\" \/>\n<meta property=\"og:locale\" content=\"es_ES\" \/>\n<meta property=\"og:type\" content=\"article\" \/>\n<meta property=\"og:title\" content=\"Drag\u00f3n Sant Jordi de Chocolate con Leche | XOCOMON\" \/>\n<meta property=\"og:description\" content=\"DRAG\u00d3N ST JORDI chocolate con leche, regala chocolate y amor del bueno al mismo tiempo, ingredientes solo 3 sin alergenos, pasta de cacao...\" \/>\n<meta property=\"og:url\" content=\"https:\/\/xocomon.com\/es\/producto\/dragon-sant-jordi-de-chocolate-con-leche\/\" \/>\n<meta property=\"og:site_name\" content=\"Xocomon\" \/>\n<meta property=\"article:publisher\" content=\"https:\/\/www.facebook.com\/xocomon\/\" \/>\n<meta property=\"article:modified_time\" content=\"2026-04-19T15:24:36+00:00\" \/>\n<meta property=\"og:image\" content=\"https:\/\/xocomon.com\/wp-content\/uploads\/2024\/04\/DRAC-XOCO-LLET.jpg\" \/>\n\t<meta property=\"og:image:width\" content=\"1080\" \/>\n\t<meta property=\"og:image:height\" content=\"1080\" \/>\n\t<meta property=\"og:image:type\" content=\"image\/jpeg\" \/>\n<meta name=\"twitter:card\" content=\"summary_large_image\" \/>\n<meta name=\"twitter:label1\" content=\"Tiempo de lectura\" \/>\n\t<meta name=\"twitter:data1\" content=\"1 minuto\" \/>\n<script type=\"application\/ld+json\" class=\"yoast-schema-graph\">{\"@context\":\"https:\/\/schema.org\",\"@graph\":[{\"@type\":\"WebPage\",\"@id\":\"https:\/\/xocomon.com\/es\/producto\/dragon-sant-jordi-de-chocolate-con-leche\/\",\"url\":\"https:\/\/xocomon.com\/es\/producto\/dragon-sant-jordi-de-chocolate-con-leche\/\",\"name\":\"Drag\u00f3n Sant Jordi de Chocolate con Leche | XOCOMON\",\"isPartOf\":{\"@id\":\"https:\/\/xocomon.com\/#website\"},\"primaryImageOfPage\":{\"@id\":\"https:\/\/xocomon.com\/es\/producto\/dragon-sant-jordi-de-chocolate-con-leche\/#primaryimage\"},\"image\":{\"@id\":\"https:\/\/xocomon.com\/es\/producto\/dragon-sant-jordi-de-chocolate-con-leche\/#primaryimage\"},\"thumbnailUrl\":\"https:\/\/xocomon.com\/wp-content\/uploads\/2024\/04\/DRAC-XOCO-LLET.jpg\",\"datePublished\":\"2024-04-11T19:33:38+00:00\",\"dateModified\":\"2026-04-19T15:24:36+00:00\",\"description\":\"DRAG\u00d3N ST JORDI chocolate con leche, regala chocolate y amor del bueno al mismo tiempo, ingredientes solo 3 sin alergenos, pasta de cacao...\",\"breadcrumb\":{\"@id\":\"https:\/\/xocomon.com\/es\/producto\/dragon-sant-jordi-de-chocolate-con-leche\/#breadcrumb\"},\"inLanguage\":\"es\",\"potentialAction\":[{\"@type\":\"ReadAction\",\"target\":[\"https:\/\/xocomon.com\/es\/producto\/dragon-sant-jordi-de-chocolate-con-leche\/\"]}]},{\"@type\":\"ImageObject\",\"inLanguage\":\"es\",\"@id\":\"https:\/\/xocomon.com\/es\/producto\/dragon-sant-jordi-de-chocolate-con-leche\/#primaryimage\",\"url\":\"https:\/\/xocomon.com\/wp-content\/uploads\/2024\/04\/DRAC-XOCO-LLET.jpg\",\"contentUrl\":\"https:\/\/xocomon.com\/wp-content\/uploads\/2024\/04\/DRAC-XOCO-LLET.jpg\",\"width\":1080,\"height\":1080},{\"@type\":\"BreadcrumbList\",\"@id\":\"https:\/\/xocomon.com\/es\/producto\/dragon-sant-jordi-de-chocolate-con-leche\/#breadcrumb\",\"itemListElement\":[{\"@type\":\"ListItem\",\"position\":1,\"name\":\"Portada\",\"item\":\"https:\/\/xocomon.com\/es\/\"},{\"@type\":\"ListItem\",\"position\":2,\"name\":\"Tienda\",\"item\":\"https:\/\/xocomon.com\/es\/tienda\/\"},{\"@type\":\"ListItem\",\"position\":3,\"name\":\"Drag\u00f3n Sant Jordi de Chocolate con Leche\"}]},{\"@type\":\"WebSite\",\"@id\":\"https:\/\/xocomon.com\/#website\",\"url\":\"https:\/\/xocomon.com\/\",\"name\":\"Xocomon\",\"description\":\"\",\"potentialAction\":[{\"@type\":\"SearchAction\",\"target\":{\"@type\":\"EntryPoint\",\"urlTemplate\":\"https:\/\/xocomon.com\/?s={search_term_string}\"},\"query-input\":{\"@type\":\"PropertyValueSpecification\",\"valueRequired\":true,\"valueName\":\"search_term_string\"}}],\"inLanguage\":\"es\"}]}<\/script>\n<!-- \/ Yoast SEO plugin. -->","yoast_head_json":{"title":"Drag\u00f3n Sant Jordi de Chocolate con Leche | XOCOMON","description":"DRAG\u00d3N ST JORDI chocolate con leche, regala chocolate y amor del bueno al mismo tiempo, ingredientes solo 3 sin alergenos, pasta de cacao...","robots":{"index":"index","follow":"follow","max-snippet":"max-snippet:-1","max-image-preview":"max-image-preview:large","max-video-preview":"max-video-preview:-1"},"canonical":"https:\/\/xocomon.com\/es\/producto\/dragon-sant-jordi-de-chocolate-con-leche\/","og_locale":"es_ES","og_type":"article","og_title":"Drag\u00f3n Sant Jordi de Chocolate con Leche | XOCOMON","og_description":"DRAG\u00d3N ST JORDI chocolate con leche, regala chocolate y amor del bueno al mismo tiempo, ingredientes solo 3 sin alergenos, pasta de cacao...","og_url":"https:\/\/xocomon.com\/es\/producto\/dragon-sant-jordi-de-chocolate-con-leche\/","og_site_name":"Xocomon","article_publisher":"https:\/\/www.facebook.com\/xocomon\/","article_modified_time":"2026-04-19T15:24:36+00:00","og_image":[{"width":1080,"height":1080,"url":"https:\/\/xocomon.com\/wp-content\/uploads\/2024\/04\/DRAC-XOCO-LLET.jpg","type":"image\/jpeg"}],"twitter_card":"summary_large_image","twitter_misc":{"Tiempo de lectura":"1 minuto"},"schema":{"@context":"https:\/\/schema.org","@graph":[{"@type":"WebPage","@id":"https:\/\/xocomon.com\/es\/producto\/dragon-sant-jordi-de-chocolate-con-leche\/","url":"https:\/\/xocomon.com\/es\/producto\/dragon-sant-jordi-de-chocolate-con-leche\/","name":"Drag\u00f3n Sant Jordi de Chocolate con Leche | XOCOMON","isPartOf":{"@id":"https:\/\/xocomon.com\/#website"},"primaryImageOfPage":{"@id":"https:\/\/xocomon.com\/es\/producto\/dragon-sant-jordi-de-chocolate-con-leche\/#primaryimage"},"image":{"@id":"https:\/\/xocomon.com\/es\/producto\/dragon-sant-jordi-de-chocolate-con-leche\/#primaryimage"},"thumbnailUrl":"https:\/\/xocomon.com\/wp-content\/uploads\/2024\/04\/DRAC-XOCO-LLET.jpg","datePublished":"2024-04-11T19:33:38+00:00","dateModified":"2026-04-19T15:24:36+00:00","description":"DRAG\u00d3N ST JORDI chocolate con leche, regala chocolate y amor del bueno al mismo tiempo, ingredientes solo 3 sin alergenos, pasta de cacao...","breadcrumb":{"@id":"https:\/\/xocomon.com\/es\/producto\/dragon-sant-jordi-de-chocolate-con-leche\/#breadcrumb"},"inLanguage":"es","potentialAction":[{"@type":"ReadAction","target":["https:\/\/xocomon.com\/es\/producto\/dragon-sant-jordi-de-chocolate-con-leche\/"]}]},{"@type":"ImageObject","inLanguage":"es","@id":"https:\/\/xocomon.com\/es\/producto\/dragon-sant-jordi-de-chocolate-con-leche\/#primaryimage","url":"https:\/\/xocomon.com\/wp-content\/uploads\/2024\/04\/DRAC-XOCO-LLET.jpg","contentUrl":"https:\/\/xocomon.com\/wp-content\/uploads\/2024\/04\/DRAC-XOCO-LLET.jpg","width":1080,"height":1080},{"@type":"BreadcrumbList","@id":"https:\/\/xocomon.com\/es\/producto\/dragon-sant-jordi-de-chocolate-con-leche\/#breadcrumb","itemListElement":[{"@type":"ListItem","position":1,"name":"Portada","item":"https:\/\/xocomon.com\/es\/"},{"@type":"ListItem","position":2,"name":"Tienda","item":"https:\/\/xocomon.com\/es\/tienda\/"},{"@type":"ListItem","position":3,"name":"Drag\u00f3n Sant Jordi de Chocolate con Leche"}]},{"@type":"WebSite","@id":"https:\/\/xocomon.com\/#website","url":"https:\/\/xocomon.com\/","name":"Xocomon","description":"","potentialAction":[{"@type":"SearchAction","target":{"@type":"EntryPoint","urlTemplate":"https:\/\/xocomon.com\/?s={search_term_string}"},"query-input":{"@type":"PropertyValueSpecification","valueRequired":true,"valueName":"search_term_string"}}],"inLanguage":"es"}]}},"tiered_pricing_type":"fixed","tiered_pricing_fixed_rules":[],"tiered_pricing_product_settings":{"layout":"default","base_unit_name":{"singular":null,"plural":null},"default_variation":null},"tiered_pricing_minimum_quantity":null,"tiered_pricing_roles_data":[],"tiered_pricing_percentage_rules":[],"_links":{"self":[{"href":"https:\/\/xocomon.com\/es\/wp-json\/wp\/v2\/product\/20753","targetHints":{"allow":["GET"]}}],"collection":[{"href":"https:\/\/xocomon.com\/es\/wp-json\/wp\/v2\/product"}],"about":[{"href":"https:\/\/xocomon.com\/es\/wp-json\/wp\/v2\/types\/product"}],"replies":[{"embeddable":true,"href":"https:\/\/xocomon.com\/es\/wp-json\/wp\/v2\/comments?post=20753"}],"wp:featuredmedia":[{"embeddable":true,"href":"https:\/\/xocomon.com\/es\/wp-json\/wp\/v2\/media\/20747"}],"wp:attachment":[{"href":"https:\/\/xocomon.com\/es\/wp-json\/wp\/v2\/media?parent=20753"}],"wp:term":[{"taxonomy":"product_brand","embeddable":true,"href":"https:\/\/xocomon.com\/es\/wp-json\/wp\/v2\/product_brand?post=20753"},{"taxonomy":"product_cat","embeddable":true,"href":"https:\/\/xocomon.com\/es\/wp-json\/wp\/v2\/product_cat?post=20753"},{"taxonomy":"product_tag","embeddable":true,"href":"https:\/\/xocomon.com\/es\/wp-json\/wp\/v2\/product_tag?post=20753"}],"curies":[{"name":"wp","href":"https:\/\/api.w.org\/{rel}","templated":true}]}}