{"id":19901,"date":"2024-02-28T18:47:57","date_gmt":"2024-02-28T17:47:57","guid":{"rendered":"https:\/\/xocomon.com\/product\/lot-mona-de-pasqua-2024-xocolata-negra\/"},"modified":"2026-02-24T10:04:27","modified_gmt":"2026-02-24T09:04:27","slug":"lote-mona-de-pascua-2024-chocolate-negro","status":"publish","type":"product","link":"https:\/\/xocomon.com\/es\/producto\/lote-mona-de-pascua-2024-chocolate-negro\/","title":{"rendered":"lote mona de pascua 2024 chocolate negro"},"content":{"rendered":"<p>&nbsp;<\/p>\n<p>lote mona de pascua 2024 chocolate negro<\/p>\n<p><span data-sheets-value=\"{&quot;1&quot;:2,&quot;2&quot;:&quot;Est\u00e1 fabricado con nuestro chocolate belga, buen\u00edsimo, pensado PARA TODA LA FAMILIA, con un sabor a cacao amargo bien equilibrado (55% de cacao) y lo mejor es que NO CONTIENE: prote\u00ednas de leche, lactosa, huevos ni derivados, altramuz, gluten, trigo, cent\u00e9simo, ma\u00edz, avellanas, almendras, aceite de avellana o de almendra, cacahuetes, aceite de cacahuete, nueces, pacanas, anacardos, pistachos, casta\u00f1as de Par\u00e1 (o nueces de Brasil), nueces de macadamia, casta\u00f1as , mostaza, sulfitos, miel, Glutamato E620-&gt; E625, sulfitos E220-&gt; E227, \u00c1cido benzoico E210-&gt; E213, Parabens E214-&gt; E219, tartracina E102, Amarillo naranja E110, azorrubina E122, Amaranto E123, Rojo E124 y E129, azul E131, indigotina E132, Licopeno E160B-D, tragacanto E413, \u00c1cido s\u00f3rbico E200-&gt; E203, BHA \/ BHT E320 \/ 321. NI TRAZAS\\nProducidos uno a uno ARTESANALMENTE por nuestra experta chocolatera, en moldes especiales donde s\u00f3lo se fabrica nuestro chocolate y en un obrador seguro.\\nMuchas gracias por comprar Xocomon.\\nTenemos a su disposici\u00f3n las fichas t\u00e9cnicas de todos nuestros productos y los an\u00e1lisis de los chocolates empleados\\n&quot;}\" data-sheets-userformat=\"{&quot;2&quot;:899,&quot;3&quot;:{&quot;1&quot;:0},&quot;4&quot;:{&quot;1&quot;:2,&quot;2&quot;:255},&quot;10&quot;:0,&quot;11&quot;:4,&quot;12&quot;:0}\">Est\u00e1 fabricado con nuestro chocolate belga, buen\u00edsimo, pensado PARA TODA LA FAMILIA, con un sabor a cacao amargo bien equilibrado (65% de cacao)<br \/>\nProducidos una a una ARTESANALMENTE por nuestra experta chocolatera, en moldes especiales donde s\u00f3lo se fabrica nuestro chocolate y en un obrador seguro propio en Matar\u00f3.<br \/>\nMuchas gracias por comprar Xocomon.<\/span><\/p>\n<p>&nbsp;<\/p>\n","protected":false},"excerpt":{"rendered":"<p><span data-sheets-value=\"{&quot;1&quot;:2,&quot;2&quot;:&quot;PIRULETA DE XOCOLATA NEGRA XOCOMON Ingredients: Pasta de cacau, sucre, mantega de cacau, emulgent: lecitina de soja, aroma natural de vainilla.\\nNO CONT\u00c9 fruits secs, cacahuet, llet, ou ni gluten, ni traces de tots ells.CONT\u00c9 SOJA\\nUna piruleta de xocolata es un luxe dels bons i si a m\u00e8s a m\u00e8s la pot menjar tothom \u00e9s fant\u00e0stic. L'hem fabricada perqu\u00e8 era una demanda vostra desde sempre. Aix\u00ed que les vostres peticions son ordes per nosaltres i aqui est\u00e0! Per a tots i per uns berenars de luxe inoblidables. Ens encanta la xocolata Xocomon i fer-vos feli\u00e7os.\\nson de 30 gr, ben equilibrades i amb un pal molt llarg. Esperem que us agradin molt. \\nEspecial per a festes d'aniversari.\\n&quot;}\" data-sheets-userformat=\"{&quot;2&quot;:899,&quot;3&quot;:{&quot;1&quot;:0},&quot;4&quot;:{&quot;1&quot;:2,&quot;2&quot;:16770457},&quot;10&quot;:0,&quot;11&quot;:4,&quot;12&quot;:0}\" data-sheets-textstyleruns=\"{&quot;1&quot;:0}\uee10{&quot;1&quot;:100,&quot;2&quot;:{&quot;2&quot;:{&quot;1&quot;:2,&quot;2&quot;:16711680}}}\uee10{&quot;1&quot;:115}\uee10{&quot;1&quot;:225,&quot;2&quot;:{&quot;2&quot;:{&quot;1&quot;:2,&quot;2&quot;:16711680}}}\uee10{&quot;1&quot;:229}\">Ingredientes: Pasta de cacao, az\u00facar, manteca de cacao.<\/span><\/p>\n<p><span data-sheets-value=\"{&quot;1&quot;:2,&quot;2&quot;:&quot;PIRULETA DE XOCOLATA NEGRA XOCOMON Ingredients: Pasta de cacau, sucre, mantega de cacau, emulgent: lecitina de soja, aroma natural de vainilla.\\nNO CONT\u00c9 fruits secs, cacahuet, llet, ou ni gluten, ni traces de tots ells.CONT\u00c9 SOJA\\nUna piruleta de xocolata es un luxe dels bons i si a m\u00e8s a m\u00e8s la pot menjar tothom \u00e9s fant\u00e0stic. L'hem fabricada perqu\u00e8 era una demanda vostra desde sempre. Aix\u00ed que les vostres peticions son ordes per nosaltres i aqui est\u00e0! Per a tots i per uns berenars de luxe inoblidables. Ens encanta la xocolata Xocomon i fer-vos feli\u00e7os.\\nson de 30 gr, ben equilibrades i amb un pal molt llarg. Esperem que us agradin molt. \\nEspecial per a festes d'aniversari.\\n&quot;}\" data-sheets-userformat=\"{&quot;2&quot;:899,&quot;3&quot;:{&quot;1&quot;:0},&quot;4&quot;:{&quot;1&quot;:2,&quot;2&quot;:16770457},&quot;10&quot;:0,&quot;11&quot;:4,&quot;12&quot;:0}\" data-sheets-textstyleruns=\"{&quot;1&quot;:0}\uee10{&quot;1&quot;:100,&quot;2&quot;:{&quot;2&quot;:{&quot;1&quot;:2,&quot;2&quot;:16711680}}}\uee10{&quot;1&quot;:115}\uee10{&quot;1&quot;:225,&quot;2&quot;:{&quot;2&quot;:{&quot;1&quot;:2,&quot;2&quot;:16711680}}}\uee10{&quot;1&quot;:229}\"><br \/>\nNO CONTIENE frutos secos, leche, cacahuete, huevo ni gluten, ni SOJA<\/span><\/p>\n<p>&nbsp;<\/p>\n","protected":false},"featured_media":27701,"comment_status":"open","ping_status":"closed","template":"","meta":[],"product_brand":[],"product_cat":[206,131,190],"product_tag":[],"class_list":{"0":"post-19901","1":"product","2":"type-product","3":"status-publish","4":"has-post-thumbnail","6":"product_cat-lotes","7":"product_cat-pascua","8":"product_cat-chocolate-negro-pascuas","9":"tm-has-options","11":"first","12":"instock","13":"taxable","14":"shipping-taxable","15":"purchasable","16":"product-type-woosb"},"yoast_head":"<!-- This site is optimized with the Yoast SEO plugin v26.7 - https:\/\/yoast.com\/wordpress\/plugins\/seo\/ -->\n<title>lote mona de pascua 2024 chocolate negro - Xocomon<\/title>\n<meta name=\"description\" content=\"lote mona de pascua 2024 chocolate negro\" \/>\n<meta name=\"robots\" content=\"index, follow, max-snippet:-1, max-image-preview:large, max-video-preview:-1\" \/>\n<link rel=\"canonical\" href=\"https:\/\/xocomon.com\/es\/producto\/lote-mona-de-pascua-2024-chocolate-negro\/\" \/>\n<meta property=\"og:locale\" content=\"es_ES\" \/>\n<meta property=\"og:type\" content=\"article\" \/>\n<meta property=\"og:title\" content=\"lote mona de pascua 2024 chocolate negro - Xocomon\" \/>\n<meta property=\"og:description\" content=\"lote mona de pascua 2024 chocolate negro\" \/>\n<meta property=\"og:url\" content=\"https:\/\/xocomon.com\/es\/producto\/lote-mona-de-pascua-2024-chocolate-negro\/\" \/>\n<meta property=\"og:site_name\" content=\"Xocomon\" \/>\n<meta property=\"article:publisher\" content=\"https:\/\/www.facebook.com\/xocomon\/\" \/>\n<meta property=\"article:modified_time\" content=\"2026-02-24T09:04:27+00:00\" \/>\n<meta property=\"og:image\" content=\"https:\/\/xocomon.com\/wp-content\/uploads\/2026\/02\/lot-26-negre.png\" \/>\n\t<meta property=\"og:image:width\" content=\"1600\" \/>\n\t<meta property=\"og:image:height\" content=\"1600\" \/>\n\t<meta property=\"og:image:type\" content=\"image\/png\" \/>\n<meta name=\"twitter:card\" content=\"summary_large_image\" \/>\n<meta name=\"twitter:label1\" content=\"Tiempo de lectura\" \/>\n\t<meta name=\"twitter:data1\" content=\"2 minutos\" \/>\n<script type=\"application\/ld+json\" class=\"yoast-schema-graph\">{\"@context\":\"https:\/\/schema.org\",\"@graph\":[{\"@type\":\"WebPage\",\"@id\":\"https:\/\/xocomon.com\/es\/producto\/lote-mona-de-pascua-2024-chocolate-negro\/\",\"url\":\"https:\/\/xocomon.com\/es\/producto\/lote-mona-de-pascua-2024-chocolate-negro\/\",\"name\":\"lote mona de pascua 2024 chocolate negro - Xocomon\",\"isPartOf\":{\"@id\":\"https:\/\/xocomon.com\/#website\"},\"primaryImageOfPage\":{\"@id\":\"https:\/\/xocomon.com\/es\/producto\/lote-mona-de-pascua-2024-chocolate-negro\/#primaryimage\"},\"image\":{\"@id\":\"https:\/\/xocomon.com\/es\/producto\/lote-mona-de-pascua-2024-chocolate-negro\/#primaryimage\"},\"thumbnailUrl\":\"https:\/\/xocomon.com\/wp-content\/uploads\/2026\/02\/lot-26-negre.png\",\"datePublished\":\"2024-02-28T17:47:57+00:00\",\"dateModified\":\"2026-02-24T09:04:27+00:00\",\"description\":\"lote mona de pascua 2024 chocolate negro\",\"breadcrumb\":{\"@id\":\"https:\/\/xocomon.com\/es\/producto\/lote-mona-de-pascua-2024-chocolate-negro\/#breadcrumb\"},\"inLanguage\":\"es\",\"potentialAction\":[{\"@type\":\"ReadAction\",\"target\":[\"https:\/\/xocomon.com\/es\/producto\/lote-mona-de-pascua-2024-chocolate-negro\/\"]}]},{\"@type\":\"ImageObject\",\"inLanguage\":\"es\",\"@id\":\"https:\/\/xocomon.com\/es\/producto\/lote-mona-de-pascua-2024-chocolate-negro\/#primaryimage\",\"url\":\"https:\/\/xocomon.com\/wp-content\/uploads\/2026\/02\/lot-26-negre.png\",\"contentUrl\":\"https:\/\/xocomon.com\/wp-content\/uploads\/2026\/02\/lot-26-negre.png\",\"width\":1600,\"height\":1600},{\"@type\":\"BreadcrumbList\",\"@id\":\"https:\/\/xocomon.com\/es\/producto\/lote-mona-de-pascua-2024-chocolate-negro\/#breadcrumb\",\"itemListElement\":[{\"@type\":\"ListItem\",\"position\":1,\"name\":\"Portada\",\"item\":\"https:\/\/xocomon.com\/es\/\"},{\"@type\":\"ListItem\",\"position\":2,\"name\":\"Tienda\",\"item\":\"https:\/\/xocomon.com\/es\/tienda\/\"},{\"@type\":\"ListItem\",\"position\":3,\"name\":\"lote mona de pascua 2024 chocolate negro\"}]},{\"@type\":\"WebSite\",\"@id\":\"https:\/\/xocomon.com\/#website\",\"url\":\"https:\/\/xocomon.com\/\",\"name\":\"Xocomon\",\"description\":\"\",\"potentialAction\":[{\"@type\":\"SearchAction\",\"target\":{\"@type\":\"EntryPoint\",\"urlTemplate\":\"https:\/\/xocomon.com\/?s={search_term_string}\"},\"query-input\":{\"@type\":\"PropertyValueSpecification\",\"valueRequired\":true,\"valueName\":\"search_term_string\"}}],\"inLanguage\":\"es\"}]}<\/script>\n<!-- \/ Yoast SEO plugin. -->","yoast_head_json":{"title":"lote mona de pascua 2024 chocolate negro - Xocomon","description":"lote mona de pascua 2024 chocolate negro","robots":{"index":"index","follow":"follow","max-snippet":"max-snippet:-1","max-image-preview":"max-image-preview:large","max-video-preview":"max-video-preview:-1"},"canonical":"https:\/\/xocomon.com\/es\/producto\/lote-mona-de-pascua-2024-chocolate-negro\/","og_locale":"es_ES","og_type":"article","og_title":"lote mona de pascua 2024 chocolate negro - Xocomon","og_description":"lote mona de pascua 2024 chocolate negro","og_url":"https:\/\/xocomon.com\/es\/producto\/lote-mona-de-pascua-2024-chocolate-negro\/","og_site_name":"Xocomon","article_publisher":"https:\/\/www.facebook.com\/xocomon\/","article_modified_time":"2026-02-24T09:04:27+00:00","og_image":[{"width":1600,"height":1600,"url":"https:\/\/xocomon.com\/wp-content\/uploads\/2026\/02\/lot-26-negre.png","type":"image\/png"}],"twitter_card":"summary_large_image","twitter_misc":{"Tiempo de lectura":"2 minutos"},"schema":{"@context":"https:\/\/schema.org","@graph":[{"@type":"WebPage","@id":"https:\/\/xocomon.com\/es\/producto\/lote-mona-de-pascua-2024-chocolate-negro\/","url":"https:\/\/xocomon.com\/es\/producto\/lote-mona-de-pascua-2024-chocolate-negro\/","name":"lote mona de pascua 2024 chocolate negro - Xocomon","isPartOf":{"@id":"https:\/\/xocomon.com\/#website"},"primaryImageOfPage":{"@id":"https:\/\/xocomon.com\/es\/producto\/lote-mona-de-pascua-2024-chocolate-negro\/#primaryimage"},"image":{"@id":"https:\/\/xocomon.com\/es\/producto\/lote-mona-de-pascua-2024-chocolate-negro\/#primaryimage"},"thumbnailUrl":"https:\/\/xocomon.com\/wp-content\/uploads\/2026\/02\/lot-26-negre.png","datePublished":"2024-02-28T17:47:57+00:00","dateModified":"2026-02-24T09:04:27+00:00","description":"lote mona de pascua 2024 chocolate negro","breadcrumb":{"@id":"https:\/\/xocomon.com\/es\/producto\/lote-mona-de-pascua-2024-chocolate-negro\/#breadcrumb"},"inLanguage":"es","potentialAction":[{"@type":"ReadAction","target":["https:\/\/xocomon.com\/es\/producto\/lote-mona-de-pascua-2024-chocolate-negro\/"]}]},{"@type":"ImageObject","inLanguage":"es","@id":"https:\/\/xocomon.com\/es\/producto\/lote-mona-de-pascua-2024-chocolate-negro\/#primaryimage","url":"https:\/\/xocomon.com\/wp-content\/uploads\/2026\/02\/lot-26-negre.png","contentUrl":"https:\/\/xocomon.com\/wp-content\/uploads\/2026\/02\/lot-26-negre.png","width":1600,"height":1600},{"@type":"BreadcrumbList","@id":"https:\/\/xocomon.com\/es\/producto\/lote-mona-de-pascua-2024-chocolate-negro\/#breadcrumb","itemListElement":[{"@type":"ListItem","position":1,"name":"Portada","item":"https:\/\/xocomon.com\/es\/"},{"@type":"ListItem","position":2,"name":"Tienda","item":"https:\/\/xocomon.com\/es\/tienda\/"},{"@type":"ListItem","position":3,"name":"lote mona de pascua 2024 chocolate negro"}]},{"@type":"WebSite","@id":"https:\/\/xocomon.com\/#website","url":"https:\/\/xocomon.com\/","name":"Xocomon","description":"","potentialAction":[{"@type":"SearchAction","target":{"@type":"EntryPoint","urlTemplate":"https:\/\/xocomon.com\/?s={search_term_string}"},"query-input":{"@type":"PropertyValueSpecification","valueRequired":true,"valueName":"search_term_string"}}],"inLanguage":"es"}]}},"tiered_pricing_type":"fixed","tiered_pricing_fixed_rules":[],"tiered_pricing_product_settings":{"layout":"default","base_unit_name":{"singular":null,"plural":null},"default_variation":null},"tiered_pricing_minimum_quantity":null,"tiered_pricing_roles_data":[],"tiered_pricing_percentage_rules":[],"_links":{"self":[{"href":"https:\/\/xocomon.com\/es\/wp-json\/wp\/v2\/product\/19901","targetHints":{"allow":["GET"]}}],"collection":[{"href":"https:\/\/xocomon.com\/es\/wp-json\/wp\/v2\/product"}],"about":[{"href":"https:\/\/xocomon.com\/es\/wp-json\/wp\/v2\/types\/product"}],"replies":[{"embeddable":true,"href":"https:\/\/xocomon.com\/es\/wp-json\/wp\/v2\/comments?post=19901"}],"wp:featuredmedia":[{"embeddable":true,"href":"https:\/\/xocomon.com\/es\/wp-json\/wp\/v2\/media\/27701"}],"wp:attachment":[{"href":"https:\/\/xocomon.com\/es\/wp-json\/wp\/v2\/media?parent=19901"}],"wp:term":[{"taxonomy":"product_brand","embeddable":true,"href":"https:\/\/xocomon.com\/es\/wp-json\/wp\/v2\/product_brand?post=19901"},{"taxonomy":"product_cat","embeddable":true,"href":"https:\/\/xocomon.com\/es\/wp-json\/wp\/v2\/product_cat?post=19901"},{"taxonomy":"product_tag","embeddable":true,"href":"https:\/\/xocomon.com\/es\/wp-json\/wp\/v2\/product_tag?post=19901"}],"curies":[{"name":"wp","href":"https:\/\/api.w.org\/{rel}","templated":true}]}}