{"id":19787,"date":"2024-02-27T09:32:10","date_gmt":"2024-02-27T08:32:10","guid":{"rendered":"https:\/\/xocomon.com\/product\/piruleta-cor-xocolata-amb-llet\/"},"modified":"2026-04-17T10:13:04","modified_gmt":"2026-04-17T09:13:04","slug":"piruleta-corazon-de-chocolate-con-leche","status":"publish","type":"product","link":"https:\/\/xocomon.com\/es\/producto\/piruleta-corazon-de-chocolate-con-leche\/","title":{"rendered":"Piruleta Coraz\u00f3n de Chocolate con Leche"},"content":{"rendered":"","protected":false},"excerpt":{"rendered":"<p>Piruleta coraz\u00f3n, chocolate con leche 30g<\/p>\n<h4>Ingredientes<\/h4>\n<ul>\n<li>Pasta de cacao.<\/li>\n<li>Az\u00facar.<\/li>\n<li><span style=\"color: #ed1c24;\">Leche entera con polvo.<\/span><\/li>\n<li>Manteca de cacao<\/li>\n<li>Emulgente: <span style=\"color: #ed1c24;\">lecitina de soja.<\/span><\/li>\n<li>Aroma natural de vainilla.<\/li>\n<li>Fabricado en nuestro obrador de Matar\u00f3, s\u00f3lo se trabaja chocolate.<\/li>\n<\/ul>\n<p>Tenemos dos obradores totalmente separados uno de chocolate negro y uno de leche.<\/p>\n<h6>No existe posible contaminaci\u00f3n.<\/h6>\n","protected":false},"featured_media":19760,"comment_status":"open","ping_status":"closed","template":"","meta":[],"product_brand":[],"product_cat":[1563,130,28,199,202,131,191],"product_tag":[],"class_list":{"0":"post-19787","1":"product","2":"type-product","3":"status-publish","4":"has-post-thumbnail","6":"product_cat-love","7":"product_cat-chocolate","8":"product_cat-chocolate-con-leche","9":"product_cat-fiestas","10":"product_cat-chocolate-con-leche-fiestas","11":"product_cat-pascua","12":"product_cat-chocolate-con-leche-pascuas","13":"tm-has-options","15":"first","16":"instock","17":"taxable","18":"shipping-taxable","19":"purchasable","20":"product-type-simple"},"yoast_head":"<!-- This site is optimized with the Yoast SEO plugin v26.7 - https:\/\/yoast.com\/wordpress\/plugins\/seo\/ -->\n<title>Piruleta Coraz\u00f3n de Chocolate con Leche - Xocomon<\/title>\n<meta name=\"robots\" content=\"index, follow, max-snippet:-1, max-image-preview:large, max-video-preview:-1\" \/>\n<link rel=\"canonical\" href=\"https:\/\/xocomon.com\/es\/producto\/piruleta-corazon-de-chocolate-con-leche\/\" \/>\n<meta property=\"og:locale\" content=\"es_ES\" \/>\n<meta property=\"og:type\" content=\"article\" \/>\n<meta property=\"og:title\" content=\"Piruleta Coraz\u00f3n de Chocolate con Leche - Xocomon\" \/>\n<meta property=\"og:description\" content=\"Piruleta coraz\u00f3n, chocolate con leche 30g Ingredientes   Pasta de cacao.  Az\u00facar.  Leche entera con polvo.  Manteca de cacao  Emulgente: lecitina de soja.  Aroma natural de vainilla.  Fabricado en nuestro obrador de Matar\u00f3, s\u00f3lo se trabaja chocolate.  Tenemos dos obradores totalmente separados uno de chocolate negro y uno de leche. No existe posible contaminaci\u00f3n.\" \/>\n<meta property=\"og:url\" content=\"https:\/\/xocomon.com\/es\/producto\/piruleta-corazon-de-chocolate-con-leche\/\" \/>\n<meta property=\"og:site_name\" content=\"Xocomon\" \/>\n<meta property=\"article:publisher\" content=\"https:\/\/www.facebook.com\/xocomon\/\" \/>\n<meta property=\"article:modified_time\" content=\"2026-04-17T09:13:04+00:00\" \/>\n<meta property=\"og:image\" content=\"https:\/\/xocomon.com\/wp-content\/uploads\/2024\/02\/piruleta-llet-cor.jpg\" \/>\n\t<meta property=\"og:image:width\" content=\"500\" \/>\n\t<meta property=\"og:image:height\" content=\"500\" \/>\n\t<meta property=\"og:image:type\" content=\"image\/jpeg\" \/>\n<meta name=\"twitter:card\" content=\"summary_large_image\" \/>\n<meta name=\"twitter:label1\" content=\"Tiempo de lectura\" \/>\n\t<meta name=\"twitter:data1\" content=\"1 minuto\" \/>\n<script type=\"application\/ld+json\" class=\"yoast-schema-graph\">{\"@context\":\"https:\/\/schema.org\",\"@graph\":[{\"@type\":\"WebPage\",\"@id\":\"https:\/\/xocomon.com\/es\/producto\/piruleta-corazon-de-chocolate-con-leche\/\",\"url\":\"https:\/\/xocomon.com\/es\/producto\/piruleta-corazon-de-chocolate-con-leche\/\",\"name\":\"Piruleta Coraz\u00f3n de Chocolate con Leche - Xocomon\",\"isPartOf\":{\"@id\":\"https:\/\/xocomon.com\/#website\"},\"primaryImageOfPage\":{\"@id\":\"https:\/\/xocomon.com\/es\/producto\/piruleta-corazon-de-chocolate-con-leche\/#primaryimage\"},\"image\":{\"@id\":\"https:\/\/xocomon.com\/es\/producto\/piruleta-corazon-de-chocolate-con-leche\/#primaryimage\"},\"thumbnailUrl\":\"https:\/\/xocomon.com\/wp-content\/uploads\/2024\/02\/piruleta-llet-cor.jpg\",\"datePublished\":\"2024-02-27T08:32:10+00:00\",\"dateModified\":\"2026-04-17T09:13:04+00:00\",\"breadcrumb\":{\"@id\":\"https:\/\/xocomon.com\/es\/producto\/piruleta-corazon-de-chocolate-con-leche\/#breadcrumb\"},\"inLanguage\":\"es\",\"potentialAction\":[{\"@type\":\"ReadAction\",\"target\":[\"https:\/\/xocomon.com\/es\/producto\/piruleta-corazon-de-chocolate-con-leche\/\"]}]},{\"@type\":\"ImageObject\",\"inLanguage\":\"es\",\"@id\":\"https:\/\/xocomon.com\/es\/producto\/piruleta-corazon-de-chocolate-con-leche\/#primaryimage\",\"url\":\"https:\/\/xocomon.com\/wp-content\/uploads\/2024\/02\/piruleta-llet-cor.jpg\",\"contentUrl\":\"https:\/\/xocomon.com\/wp-content\/uploads\/2024\/02\/piruleta-llet-cor.jpg\",\"width\":500,\"height\":500},{\"@type\":\"BreadcrumbList\",\"@id\":\"https:\/\/xocomon.com\/es\/producto\/piruleta-corazon-de-chocolate-con-leche\/#breadcrumb\",\"itemListElement\":[{\"@type\":\"ListItem\",\"position\":1,\"name\":\"Portada\",\"item\":\"https:\/\/xocomon.com\/es\/\"},{\"@type\":\"ListItem\",\"position\":2,\"name\":\"Tienda\",\"item\":\"https:\/\/xocomon.com\/es\/tienda\/\"},{\"@type\":\"ListItem\",\"position\":3,\"name\":\"Piruleta Coraz\u00f3n de Chocolate con Leche\"}]},{\"@type\":\"WebSite\",\"@id\":\"https:\/\/xocomon.com\/#website\",\"url\":\"https:\/\/xocomon.com\/\",\"name\":\"Xocomon\",\"description\":\"\",\"potentialAction\":[{\"@type\":\"SearchAction\",\"target\":{\"@type\":\"EntryPoint\",\"urlTemplate\":\"https:\/\/xocomon.com\/?s={search_term_string}\"},\"query-input\":{\"@type\":\"PropertyValueSpecification\",\"valueRequired\":true,\"valueName\":\"search_term_string\"}}],\"inLanguage\":\"es\"}]}<\/script>\n<!-- \/ Yoast SEO plugin. -->","yoast_head_json":{"title":"Piruleta Coraz\u00f3n de Chocolate con Leche - Xocomon","robots":{"index":"index","follow":"follow","max-snippet":"max-snippet:-1","max-image-preview":"max-image-preview:large","max-video-preview":"max-video-preview:-1"},"canonical":"https:\/\/xocomon.com\/es\/producto\/piruleta-corazon-de-chocolate-con-leche\/","og_locale":"es_ES","og_type":"article","og_title":"Piruleta Coraz\u00f3n de Chocolate con Leche - Xocomon","og_description":"Piruleta coraz\u00f3n, chocolate con leche 30g Ingredientes   Pasta de cacao.  Az\u00facar.  Leche entera con polvo.  Manteca de cacao  Emulgente: lecitina de soja.  Aroma natural de vainilla.  Fabricado en nuestro obrador de Matar\u00f3, s\u00f3lo se trabaja chocolate.  Tenemos dos obradores totalmente separados uno de chocolate negro y uno de leche. No existe posible contaminaci\u00f3n.","og_url":"https:\/\/xocomon.com\/es\/producto\/piruleta-corazon-de-chocolate-con-leche\/","og_site_name":"Xocomon","article_publisher":"https:\/\/www.facebook.com\/xocomon\/","article_modified_time":"2026-04-17T09:13:04+00:00","og_image":[{"width":500,"height":500,"url":"https:\/\/xocomon.com\/wp-content\/uploads\/2024\/02\/piruleta-llet-cor.jpg","type":"image\/jpeg"}],"twitter_card":"summary_large_image","twitter_misc":{"Tiempo de lectura":"1 minuto"},"schema":{"@context":"https:\/\/schema.org","@graph":[{"@type":"WebPage","@id":"https:\/\/xocomon.com\/es\/producto\/piruleta-corazon-de-chocolate-con-leche\/","url":"https:\/\/xocomon.com\/es\/producto\/piruleta-corazon-de-chocolate-con-leche\/","name":"Piruleta Coraz\u00f3n de Chocolate con Leche - Xocomon","isPartOf":{"@id":"https:\/\/xocomon.com\/#website"},"primaryImageOfPage":{"@id":"https:\/\/xocomon.com\/es\/producto\/piruleta-corazon-de-chocolate-con-leche\/#primaryimage"},"image":{"@id":"https:\/\/xocomon.com\/es\/producto\/piruleta-corazon-de-chocolate-con-leche\/#primaryimage"},"thumbnailUrl":"https:\/\/xocomon.com\/wp-content\/uploads\/2024\/02\/piruleta-llet-cor.jpg","datePublished":"2024-02-27T08:32:10+00:00","dateModified":"2026-04-17T09:13:04+00:00","breadcrumb":{"@id":"https:\/\/xocomon.com\/es\/producto\/piruleta-corazon-de-chocolate-con-leche\/#breadcrumb"},"inLanguage":"es","potentialAction":[{"@type":"ReadAction","target":["https:\/\/xocomon.com\/es\/producto\/piruleta-corazon-de-chocolate-con-leche\/"]}]},{"@type":"ImageObject","inLanguage":"es","@id":"https:\/\/xocomon.com\/es\/producto\/piruleta-corazon-de-chocolate-con-leche\/#primaryimage","url":"https:\/\/xocomon.com\/wp-content\/uploads\/2024\/02\/piruleta-llet-cor.jpg","contentUrl":"https:\/\/xocomon.com\/wp-content\/uploads\/2024\/02\/piruleta-llet-cor.jpg","width":500,"height":500},{"@type":"BreadcrumbList","@id":"https:\/\/xocomon.com\/es\/producto\/piruleta-corazon-de-chocolate-con-leche\/#breadcrumb","itemListElement":[{"@type":"ListItem","position":1,"name":"Portada","item":"https:\/\/xocomon.com\/es\/"},{"@type":"ListItem","position":2,"name":"Tienda","item":"https:\/\/xocomon.com\/es\/tienda\/"},{"@type":"ListItem","position":3,"name":"Piruleta Coraz\u00f3n de Chocolate con Leche"}]},{"@type":"WebSite","@id":"https:\/\/xocomon.com\/#website","url":"https:\/\/xocomon.com\/","name":"Xocomon","description":"","potentialAction":[{"@type":"SearchAction","target":{"@type":"EntryPoint","urlTemplate":"https:\/\/xocomon.com\/?s={search_term_string}"},"query-input":{"@type":"PropertyValueSpecification","valueRequired":true,"valueName":"search_term_string"}}],"inLanguage":"es"}]}},"tiered_pricing_type":"fixed","tiered_pricing_fixed_rules":[],"tiered_pricing_product_settings":{"layout":"default","base_unit_name":{"singular":null,"plural":null},"default_variation":null},"tiered_pricing_minimum_quantity":null,"tiered_pricing_roles_data":[],"tiered_pricing_percentage_rules":[],"_links":{"self":[{"href":"https:\/\/xocomon.com\/es\/wp-json\/wp\/v2\/product\/19787","targetHints":{"allow":["GET"]}}],"collection":[{"href":"https:\/\/xocomon.com\/es\/wp-json\/wp\/v2\/product"}],"about":[{"href":"https:\/\/xocomon.com\/es\/wp-json\/wp\/v2\/types\/product"}],"replies":[{"embeddable":true,"href":"https:\/\/xocomon.com\/es\/wp-json\/wp\/v2\/comments?post=19787"}],"wp:featuredmedia":[{"embeddable":true,"href":"https:\/\/xocomon.com\/es\/wp-json\/wp\/v2\/media\/19760"}],"wp:attachment":[{"href":"https:\/\/xocomon.com\/es\/wp-json\/wp\/v2\/media?parent=19787"}],"wp:term":[{"taxonomy":"product_brand","embeddable":true,"href":"https:\/\/xocomon.com\/es\/wp-json\/wp\/v2\/product_brand?post=19787"},{"taxonomy":"product_cat","embeddable":true,"href":"https:\/\/xocomon.com\/es\/wp-json\/wp\/v2\/product_cat?post=19787"},{"taxonomy":"product_tag","embeddable":true,"href":"https:\/\/xocomon.com\/es\/wp-json\/wp\/v2\/product_tag?post=19787"}],"curies":[{"name":"wp","href":"https:\/\/api.w.org\/{rel}","templated":true}]}}