{"id":19721,"date":"2024-02-25T20:31:56","date_gmt":"2024-02-25T19:31:56","guid":{"rendered":"https:\/\/xocomon.com\/?post_type=product&#038;p=19721"},"modified":"2026-04-13T18:19:45","modified_gmt":"2026-04-13T17:19:45","slug":"pelota-de-basquetball-chocolate-con-leche","status":"publish","type":"product","link":"https:\/\/xocomon.com\/es\/producto\/pelota-de-basquetball-chocolate-con-leche\/","title":{"rendered":"Pelota de b\u00e1squet chocolate con leche 300g"},"content":{"rendered":"<p>Pelota de b\u00e1squet chocolate con leche 300g<\/p>\n","protected":false},"excerpt":{"rendered":"<p>Pelota de b\u00e1squet de chocolate con leche 300gr.<\/p>\n<p><span style=\"text-decoration: underline;\">Di\u00e1metro<\/span>: 14.5 cm<\/p>\n<p><span style=\"text-decoration: underline;\">Peso<\/span>: 300gr<\/p>\n<h4>Ingredientes:<\/h4>\n<ul>\n<li>Pasta de cacao.<\/li>\n<li>Az\u00facar.<\/li>\n<li><span style=\"color: #ed1c24;\">Leche entera con polvo.<\/span><\/li>\n<li>Manteca de cacao.<\/li>\n<li>Emulgente: <span style=\"color: #ed1c24;\">lecitina de soja.<\/span><\/li>\n<li>Aroma natural de vainilla.<\/li>\n<\/ul>\n<p>Fabricado en nuestro obrador de Matar\u00f3, s\u00f3lo se trabaja chocolate.<\/p>\n<p>Tenemos dos obradores totalmente separados uno de chocolate negro y uno de leche.<\/p>\n<h6>No existe posible contaminaci\u00f3n.<\/h6>\n","protected":false},"featured_media":19708,"comment_status":"open","ping_status":"closed","template":"","meta":[],"product_brand":[],"product_cat":[131,191],"product_tag":[],"class_list":{"0":"post-19721","1":"product","2":"type-product","3":"status-publish","4":"has-post-thumbnail","6":"product_cat-pascua","7":"product_cat-chocolate-con-leche-pascuas","8":"tm-has-options","10":"first","11":"outofstock","12":"taxable","13":"shipping-taxable","14":"purchasable","15":"product-type-simple"},"yoast_head":"<!-- This site is optimized with the Yoast SEO plugin v26.7 - https:\/\/yoast.com\/wordpress\/plugins\/seo\/ -->\n<title>Pelota de b\u00e1squet chocolate con leche 300g - Xocomon<\/title>\n<meta name=\"description\" content=\"Pelota de b\u00e1squet chocolate con leche 300g, sin trazas de frutos secos, chocolate xocomon, obradores propios en matar\u00f3, barcelona.\" \/>\n<meta name=\"robots\" content=\"index, follow, max-snippet:-1, max-image-preview:large, max-video-preview:-1\" \/>\n<link rel=\"canonical\" href=\"https:\/\/xocomon.com\/producto\/pilota-de-basquet-xocolata-amb-llet-300gr\/\" \/>\n<meta property=\"og:locale\" content=\"es_ES\" \/>\n<meta property=\"og:type\" content=\"article\" \/>\n<meta property=\"og:title\" content=\"Pelota de b\u00e1squet chocolate con leche 300g - Xocomon\" \/>\n<meta property=\"og:description\" content=\"Pelota de b\u00e1squet chocolate con leche 300g, sin trazas de frutos secos, chocolate xocomon, obradores propios en matar\u00f3, barcelona.\" \/>\n<meta property=\"og:url\" content=\"https:\/\/xocomon.com\/producto\/pilota-de-basquet-xocolata-amb-llet-300gr\/\" \/>\n<meta property=\"og:site_name\" content=\"Xocomon\" \/>\n<meta property=\"article:publisher\" content=\"https:\/\/www.facebook.com\/xocomon\/\" \/>\n<meta property=\"article:modified_time\" content=\"2026-04-13T17:19:45+00:00\" \/>\n<meta property=\"og:image\" content=\"https:\/\/xocomon.com\/wp-content\/uploads\/2024\/02\/pilota-llet-2-.png\" \/>\n\t<meta property=\"og:image:width\" content=\"1080\" \/>\n\t<meta property=\"og:image:height\" content=\"1080\" \/>\n\t<meta property=\"og:image:type\" content=\"image\/png\" \/>\n<meta name=\"twitter:card\" content=\"summary_large_image\" \/>\n<meta name=\"twitter:label1\" content=\"Tiempo de lectura\" \/>\n\t<meta name=\"twitter:data1\" content=\"1 minuto\" \/>\n<script type=\"application\/ld+json\" class=\"yoast-schema-graph\">{\"@context\":\"https:\/\/schema.org\",\"@graph\":[{\"@type\":\"WebPage\",\"@id\":\"https:\/\/xocomon.com\/producto\/pilota-de-basquet-xocolata-amb-llet-300gr\/\",\"url\":\"https:\/\/xocomon.com\/producto\/pilota-de-basquet-xocolata-amb-llet-300gr\/\",\"name\":\"Pelota de b\u00e1squet chocolate con leche 300g - Xocomon\",\"isPartOf\":{\"@id\":\"https:\/\/xocomon.com\/#website\"},\"primaryImageOfPage\":{\"@id\":\"https:\/\/xocomon.com\/producto\/pilota-de-basquet-xocolata-amb-llet-300gr\/#primaryimage\"},\"image\":{\"@id\":\"https:\/\/xocomon.com\/producto\/pilota-de-basquet-xocolata-amb-llet-300gr\/#primaryimage\"},\"thumbnailUrl\":\"https:\/\/xocomon.com\/wp-content\/uploads\/2024\/02\/pilota-llet-2-.png\",\"datePublished\":\"2024-02-25T19:31:56+00:00\",\"dateModified\":\"2026-04-13T17:19:45+00:00\",\"description\":\"Pelota de b\u00e1squet chocolate con leche 300g, sin trazas de frutos secos, chocolate xocomon, obradores propios en matar\u00f3, barcelona.\",\"breadcrumb\":{\"@id\":\"https:\/\/xocomon.com\/producto\/pilota-de-basquet-xocolata-amb-llet-300gr\/#breadcrumb\"},\"inLanguage\":\"es\",\"potentialAction\":[{\"@type\":\"ReadAction\",\"target\":[\"https:\/\/xocomon.com\/producto\/pilota-de-basquet-xocolata-amb-llet-300gr\/\"]}]},{\"@type\":\"ImageObject\",\"inLanguage\":\"es\",\"@id\":\"https:\/\/xocomon.com\/producto\/pilota-de-basquet-xocolata-amb-llet-300gr\/#primaryimage\",\"url\":\"https:\/\/xocomon.com\/wp-content\/uploads\/2024\/02\/pilota-llet-2-.png\",\"contentUrl\":\"https:\/\/xocomon.com\/wp-content\/uploads\/2024\/02\/pilota-llet-2-.png\",\"width\":1080,\"height\":1080},{\"@type\":\"BreadcrumbList\",\"@id\":\"https:\/\/xocomon.com\/producto\/pilota-de-basquet-xocolata-amb-llet-300gr\/#breadcrumb\",\"itemListElement\":[{\"@type\":\"ListItem\",\"position\":1,\"name\":\"Portada\",\"item\":\"https:\/\/xocomon.com\/es\/\"},{\"@type\":\"ListItem\",\"position\":2,\"name\":\"Tienda\",\"item\":\"https:\/\/xocomon.com\/es\/tienda\/\"},{\"@type\":\"ListItem\",\"position\":3,\"name\":\"Pelota de b\u00e1squet chocolate con leche 300g\"}]},{\"@type\":\"WebSite\",\"@id\":\"https:\/\/xocomon.com\/#website\",\"url\":\"https:\/\/xocomon.com\/\",\"name\":\"Xocomon\",\"description\":\"\",\"potentialAction\":[{\"@type\":\"SearchAction\",\"target\":{\"@type\":\"EntryPoint\",\"urlTemplate\":\"https:\/\/xocomon.com\/?s={search_term_string}\"},\"query-input\":{\"@type\":\"PropertyValueSpecification\",\"valueRequired\":true,\"valueName\":\"search_term_string\"}}],\"inLanguage\":\"es\"}]}<\/script>\n<!-- \/ Yoast SEO plugin. -->","yoast_head_json":{"title":"Pelota de b\u00e1squet chocolate con leche 300g - Xocomon","description":"Pelota de b\u00e1squet chocolate con leche 300g, sin trazas de frutos secos, chocolate xocomon, obradores propios en matar\u00f3, barcelona.","robots":{"index":"index","follow":"follow","max-snippet":"max-snippet:-1","max-image-preview":"max-image-preview:large","max-video-preview":"max-video-preview:-1"},"canonical":"https:\/\/xocomon.com\/producto\/pilota-de-basquet-xocolata-amb-llet-300gr\/","og_locale":"es_ES","og_type":"article","og_title":"Pelota de b\u00e1squet chocolate con leche 300g - Xocomon","og_description":"Pelota de b\u00e1squet chocolate con leche 300g, sin trazas de frutos secos, chocolate xocomon, obradores propios en matar\u00f3, barcelona.","og_url":"https:\/\/xocomon.com\/producto\/pilota-de-basquet-xocolata-amb-llet-300gr\/","og_site_name":"Xocomon","article_publisher":"https:\/\/www.facebook.com\/xocomon\/","article_modified_time":"2026-04-13T17:19:45+00:00","og_image":[{"width":1080,"height":1080,"url":"https:\/\/xocomon.com\/wp-content\/uploads\/2024\/02\/pilota-llet-2-.png","type":"image\/png"}],"twitter_card":"summary_large_image","twitter_misc":{"Tiempo de lectura":"1 minuto"},"schema":{"@context":"https:\/\/schema.org","@graph":[{"@type":"WebPage","@id":"https:\/\/xocomon.com\/producto\/pilota-de-basquet-xocolata-amb-llet-300gr\/","url":"https:\/\/xocomon.com\/producto\/pilota-de-basquet-xocolata-amb-llet-300gr\/","name":"Pelota de b\u00e1squet chocolate con leche 300g - Xocomon","isPartOf":{"@id":"https:\/\/xocomon.com\/#website"},"primaryImageOfPage":{"@id":"https:\/\/xocomon.com\/producto\/pilota-de-basquet-xocolata-amb-llet-300gr\/#primaryimage"},"image":{"@id":"https:\/\/xocomon.com\/producto\/pilota-de-basquet-xocolata-amb-llet-300gr\/#primaryimage"},"thumbnailUrl":"https:\/\/xocomon.com\/wp-content\/uploads\/2024\/02\/pilota-llet-2-.png","datePublished":"2024-02-25T19:31:56+00:00","dateModified":"2026-04-13T17:19:45+00:00","description":"Pelota de b\u00e1squet chocolate con leche 300g, sin trazas de frutos secos, chocolate xocomon, obradores propios en matar\u00f3, barcelona.","breadcrumb":{"@id":"https:\/\/xocomon.com\/producto\/pilota-de-basquet-xocolata-amb-llet-300gr\/#breadcrumb"},"inLanguage":"es","potentialAction":[{"@type":"ReadAction","target":["https:\/\/xocomon.com\/producto\/pilota-de-basquet-xocolata-amb-llet-300gr\/"]}]},{"@type":"ImageObject","inLanguage":"es","@id":"https:\/\/xocomon.com\/producto\/pilota-de-basquet-xocolata-amb-llet-300gr\/#primaryimage","url":"https:\/\/xocomon.com\/wp-content\/uploads\/2024\/02\/pilota-llet-2-.png","contentUrl":"https:\/\/xocomon.com\/wp-content\/uploads\/2024\/02\/pilota-llet-2-.png","width":1080,"height":1080},{"@type":"BreadcrumbList","@id":"https:\/\/xocomon.com\/producto\/pilota-de-basquet-xocolata-amb-llet-300gr\/#breadcrumb","itemListElement":[{"@type":"ListItem","position":1,"name":"Portada","item":"https:\/\/xocomon.com\/es\/"},{"@type":"ListItem","position":2,"name":"Tienda","item":"https:\/\/xocomon.com\/es\/tienda\/"},{"@type":"ListItem","position":3,"name":"Pelota de b\u00e1squet chocolate con leche 300g"}]},{"@type":"WebSite","@id":"https:\/\/xocomon.com\/#website","url":"https:\/\/xocomon.com\/","name":"Xocomon","description":"","potentialAction":[{"@type":"SearchAction","target":{"@type":"EntryPoint","urlTemplate":"https:\/\/xocomon.com\/?s={search_term_string}"},"query-input":{"@type":"PropertyValueSpecification","valueRequired":true,"valueName":"search_term_string"}}],"inLanguage":"es"}]}},"tiered_pricing_type":"fixed","tiered_pricing_fixed_rules":[],"tiered_pricing_product_settings":{"layout":"default","base_unit_name":{"singular":null,"plural":null},"default_variation":null},"tiered_pricing_minimum_quantity":null,"tiered_pricing_roles_data":[],"tiered_pricing_percentage_rules":[],"_links":{"self":[{"href":"https:\/\/xocomon.com\/es\/wp-json\/wp\/v2\/product\/19721","targetHints":{"allow":["GET"]}}],"collection":[{"href":"https:\/\/xocomon.com\/es\/wp-json\/wp\/v2\/product"}],"about":[{"href":"https:\/\/xocomon.com\/es\/wp-json\/wp\/v2\/types\/product"}],"replies":[{"embeddable":true,"href":"https:\/\/xocomon.com\/es\/wp-json\/wp\/v2\/comments?post=19721"}],"wp:featuredmedia":[{"embeddable":true,"href":"https:\/\/xocomon.com\/es\/wp-json\/wp\/v2\/media\/19708"}],"wp:attachment":[{"href":"https:\/\/xocomon.com\/es\/wp-json\/wp\/v2\/media?parent=19721"}],"wp:term":[{"taxonomy":"product_brand","embeddable":true,"href":"https:\/\/xocomon.com\/es\/wp-json\/wp\/v2\/product_brand?post=19721"},{"taxonomy":"product_cat","embeddable":true,"href":"https:\/\/xocomon.com\/es\/wp-json\/wp\/v2\/product_cat?post=19721"},{"taxonomy":"product_tag","embeddable":true,"href":"https:\/\/xocomon.com\/es\/wp-json\/wp\/v2\/product_tag?post=19721"}],"curies":[{"name":"wp","href":"https:\/\/api.w.org\/{rel}","templated":true}]}}