{"id":19534,"date":"2024-02-19T11:53:02","date_gmt":"2024-02-19T10:53:02","guid":{"rendered":"https:\/\/xocomon.com\/?post_type=product&#038;p=19534"},"modified":"2026-04-09T21:03:20","modified_gmt":"2026-04-09T20:03:20","slug":"ous-minis-xocomon","status":"publish","type":"product","link":"https:\/\/xocomon.com\/es\/producto\/ous-minis-xocomon\/","title":{"rendered":"Huevos minis de chocolate negro 100g"},"content":{"rendered":"<pre id=\"tw-target-text\" class=\"tw-data-text tw-text-large tw-ta\" dir=\"ltr\" tabindex=\"-1\" role=\"text\" data-placeholder=\"Traducci\u00f3n\" data-ved=\"2ahUKEwiJid-18tOSAxVTTKQEHRzYAHwQ3ewLegQIDBAW\" aria-label=\"Texto traducido: Huevos Minis de chocolate negro 100 g \u2013 Sin al\u00e9rgenos, 100% placer Disfruta de los Huevos Minis de chocolate negro Xocomon (100 g), peque\u00f1os tesoros llenos de intensidad y sabor aut\u00e9ntico. Elaborados con chocolate negro de alta calidad, ofrecen un sabor equilibrado, profundo e irresistible para los amantes del cacao. Esta propuesta es sin al\u00e9rgenos, pensada para que todos puedan celebrar la Pascua con tranquilidad y confianza. Perfectas para compartir, regalar o completar el mono con un toque elegante y delicioso. Con su formato mini, son ideales para machacar, repartir o sorprender con un detalle dulce e inclusivo. \u2714 100 g de huevos minis de chocolate negro \u2714 Sin al\u00e9rgenos \u2714 Intensidad y calidad Xocomon \u2714 Ideales para regalar o compartir Descubre los Huevos Minis de chocolate negro y celebra la Pascua con el sabor m\u00e1s puro.\"><span class=\"Y2IQFc\" lang=\"es\" style=\"font-family: helvetica, arial, sans-serif;\">Huevos Minis de chocolate negro 100 g \u2013 Sin al\u00e9rgenos, 100% placer\r\n\r\nDisfruta de los Huevos Minis de chocolate negro Xocomon (100 g), peque\u00f1os tesoros llenos de intensidad y sabor aut\u00e9ntico. Elaborados con chocolate negro de alta calidad, ofrecen un sabor equilibrado, profundo e irresistible para los amantes del cacao.\r\n\r\nEsta propuesta es sin al\u00e9rgenos, pensada para que todos puedan celebrar la Pascua con tranquilidad y confianza. Perfectas para compartir, regalar o completar el mono con un toque elegante y delicioso.\r\n\r\nCon su formato mini, son ideales para machacar, repartir o sorprender con un detalle dulce e inclusivo.\r\n\r\n\u2714 100 g de huevos minis de chocolate negro\r\n\u2714 Sin al\u00e9rgenos\r\n\u2714 Intensidad y calidad Xocomon\r\n\u2714 Ideales para regalar o compartir\r\n\r\nDescubre los Huevos Minis de chocolate negro y celebra la Pascua con el sabor m\u00e1s puro.<\/span><\/pre>\n","protected":false},"excerpt":{"rendered":"<p>Huevitos peque\u00f1os 3cm chocolate negro.<\/p>\n<p><span style=\"text-decoration: underline;\">Cantidad<\/span>\u00a0100 gr.<\/p>\n<h4>Ingredientes:<\/h4>\n<ul>\n<li>Pasta de cacao.<\/li>\n<li>Az\u00facar.<\/li>\n<li>Manteca de cacao.<\/li>\n<\/ul>\n<h6>SIN ALERGENOS<\/h6>\n<p>Fabricado en nuestro obrador en Matar\u00f3 donde solo se trabaja chocolate negro.<\/p>\n<p>&nbsp;<\/p>\n","protected":false},"featured_media":23790,"comment_status":"open","ping_status":"closed","template":"","meta":[],"product_brand":[],"product_cat":[130,127,131,190],"product_tag":[801,802,803],"class_list":{"0":"post-19534","1":"product","2":"type-product","3":"status-publish","4":"has-post-thumbnail","6":"product_cat-chocolate","7":"product_cat-chocolate-negro","8":"product_cat-pascua","9":"product_cat-chocolate-negro-pascuas","10":"product_tag-huevos-pascua-es","11":"product_tag-ous-a-granel-es","12":"product_tag-ous-de-pasqua-es","13":"tm-no-options-pxq","15":"first","16":"instock","17":"taxable","18":"shipping-taxable","19":"purchasable","20":"product-type-variable","21":"has-default-attributes"},"yoast_head":"<!-- This site is optimized with the Yoast SEO plugin v26.7 - https:\/\/yoast.com\/wordpress\/plugins\/seo\/ -->\n<title>Huevos minis de chocolate negro 100g - Xocomon<\/title>\n<meta name=\"description\" content=\"Huevos minis de chocolate negro 100g sin alergenos xocomon, chocolate apta para todos. Obradores propios en matar\u00f3 barcelona\" \/>\n<meta name=\"robots\" content=\"index, follow, max-snippet:-1, max-image-preview:large, max-video-preview:-1\" \/>\n<link rel=\"canonical\" href=\"https:\/\/xocomon.com\/es\/producto\/ous-minis-xocomon\/\" \/>\n<meta property=\"og:locale\" content=\"es_ES\" \/>\n<meta property=\"og:type\" content=\"article\" \/>\n<meta property=\"og:title\" content=\"Huevos minis de chocolate negro 100g - Xocomon\" \/>\n<meta property=\"og:description\" content=\"Huevos minis de chocolate negro 100g sin alergenos xocomon, chocolate apta para todos. Obradores propios en matar\u00f3 barcelona\" \/>\n<meta property=\"og:url\" content=\"https:\/\/xocomon.com\/es\/producto\/ous-minis-xocomon\/\" \/>\n<meta property=\"og:site_name\" content=\"Xocomon\" \/>\n<meta property=\"article:publisher\" content=\"https:\/\/www.facebook.com\/xocomon\/\" \/>\n<meta property=\"article:modified_time\" content=\"2026-04-09T20:03:20+00:00\" \/>\n<meta property=\"og:image\" content=\"https:\/\/xocomon.com\/wp-content\/uploads\/2025\/02\/Diseno-sin-titulo-75.png\" \/>\n\t<meta property=\"og:image:width\" content=\"1080\" \/>\n\t<meta property=\"og:image:height\" content=\"1350\" \/>\n\t<meta property=\"og:image:type\" content=\"image\/png\" \/>\n<meta name=\"twitter:card\" content=\"summary_large_image\" \/>\n<meta name=\"twitter:label1\" content=\"Tiempo de lectura\" \/>\n\t<meta name=\"twitter:data1\" content=\"1 minuto\" \/>\n<script type=\"application\/ld+json\" class=\"yoast-schema-graph\">{\"@context\":\"https:\/\/schema.org\",\"@graph\":[{\"@type\":\"WebPage\",\"@id\":\"https:\/\/xocomon.com\/es\/producto\/ous-minis-xocomon\/\",\"url\":\"https:\/\/xocomon.com\/es\/producto\/ous-minis-xocomon\/\",\"name\":\"Huevos minis de chocolate negro 100g - Xocomon\",\"isPartOf\":{\"@id\":\"https:\/\/xocomon.com\/#website\"},\"primaryImageOfPage\":{\"@id\":\"https:\/\/xocomon.com\/es\/producto\/ous-minis-xocomon\/#primaryimage\"},\"image\":{\"@id\":\"https:\/\/xocomon.com\/es\/producto\/ous-minis-xocomon\/#primaryimage\"},\"thumbnailUrl\":\"https:\/\/xocomon.com\/wp-content\/uploads\/2025\/02\/Diseno-sin-titulo-75.png\",\"datePublished\":\"2024-02-19T10:53:02+00:00\",\"dateModified\":\"2026-04-09T20:03:20+00:00\",\"description\":\"Huevos minis de chocolate negro 100g sin alergenos xocomon, chocolate apta para todos. Obradores propios en matar\u00f3 barcelona\",\"breadcrumb\":{\"@id\":\"https:\/\/xocomon.com\/es\/producto\/ous-minis-xocomon\/#breadcrumb\"},\"inLanguage\":\"es\",\"potentialAction\":[{\"@type\":\"ReadAction\",\"target\":[\"https:\/\/xocomon.com\/es\/producto\/ous-minis-xocomon\/\"]}]},{\"@type\":\"ImageObject\",\"inLanguage\":\"es\",\"@id\":\"https:\/\/xocomon.com\/es\/producto\/ous-minis-xocomon\/#primaryimage\",\"url\":\"https:\/\/xocomon.com\/wp-content\/uploads\/2025\/02\/Diseno-sin-titulo-75.png\",\"contentUrl\":\"https:\/\/xocomon.com\/wp-content\/uploads\/2025\/02\/Diseno-sin-titulo-75.png\",\"width\":1080,\"height\":1350},{\"@type\":\"BreadcrumbList\",\"@id\":\"https:\/\/xocomon.com\/es\/producto\/ous-minis-xocomon\/#breadcrumb\",\"itemListElement\":[{\"@type\":\"ListItem\",\"position\":1,\"name\":\"Portada\",\"item\":\"https:\/\/xocomon.com\/es\/\"},{\"@type\":\"ListItem\",\"position\":2,\"name\":\"Tienda\",\"item\":\"https:\/\/xocomon.com\/es\/tienda\/\"},{\"@type\":\"ListItem\",\"position\":3,\"name\":\"Huevos minis de chocolate negro 100g\"}]},{\"@type\":\"WebSite\",\"@id\":\"https:\/\/xocomon.com\/#website\",\"url\":\"https:\/\/xocomon.com\/\",\"name\":\"Xocomon\",\"description\":\"\",\"potentialAction\":[{\"@type\":\"SearchAction\",\"target\":{\"@type\":\"EntryPoint\",\"urlTemplate\":\"https:\/\/xocomon.com\/?s={search_term_string}\"},\"query-input\":{\"@type\":\"PropertyValueSpecification\",\"valueRequired\":true,\"valueName\":\"search_term_string\"}}],\"inLanguage\":\"es\"}]}<\/script>\n<!-- \/ Yoast SEO plugin. -->","yoast_head_json":{"title":"Huevos minis de chocolate negro 100g - Xocomon","description":"Huevos minis de chocolate negro 100g sin alergenos xocomon, chocolate apta para todos. Obradores propios en matar\u00f3 barcelona","robots":{"index":"index","follow":"follow","max-snippet":"max-snippet:-1","max-image-preview":"max-image-preview:large","max-video-preview":"max-video-preview:-1"},"canonical":"https:\/\/xocomon.com\/es\/producto\/ous-minis-xocomon\/","og_locale":"es_ES","og_type":"article","og_title":"Huevos minis de chocolate negro 100g - Xocomon","og_description":"Huevos minis de chocolate negro 100g sin alergenos xocomon, chocolate apta para todos. Obradores propios en matar\u00f3 barcelona","og_url":"https:\/\/xocomon.com\/es\/producto\/ous-minis-xocomon\/","og_site_name":"Xocomon","article_publisher":"https:\/\/www.facebook.com\/xocomon\/","article_modified_time":"2026-04-09T20:03:20+00:00","og_image":[{"width":1080,"height":1350,"url":"https:\/\/xocomon.com\/wp-content\/uploads\/2025\/02\/Diseno-sin-titulo-75.png","type":"image\/png"}],"twitter_card":"summary_large_image","twitter_misc":{"Tiempo de lectura":"1 minuto"},"schema":{"@context":"https:\/\/schema.org","@graph":[{"@type":"WebPage","@id":"https:\/\/xocomon.com\/es\/producto\/ous-minis-xocomon\/","url":"https:\/\/xocomon.com\/es\/producto\/ous-minis-xocomon\/","name":"Huevos minis de chocolate negro 100g - Xocomon","isPartOf":{"@id":"https:\/\/xocomon.com\/#website"},"primaryImageOfPage":{"@id":"https:\/\/xocomon.com\/es\/producto\/ous-minis-xocomon\/#primaryimage"},"image":{"@id":"https:\/\/xocomon.com\/es\/producto\/ous-minis-xocomon\/#primaryimage"},"thumbnailUrl":"https:\/\/xocomon.com\/wp-content\/uploads\/2025\/02\/Diseno-sin-titulo-75.png","datePublished":"2024-02-19T10:53:02+00:00","dateModified":"2026-04-09T20:03:20+00:00","description":"Huevos minis de chocolate negro 100g sin alergenos xocomon, chocolate apta para todos. Obradores propios en matar\u00f3 barcelona","breadcrumb":{"@id":"https:\/\/xocomon.com\/es\/producto\/ous-minis-xocomon\/#breadcrumb"},"inLanguage":"es","potentialAction":[{"@type":"ReadAction","target":["https:\/\/xocomon.com\/es\/producto\/ous-minis-xocomon\/"]}]},{"@type":"ImageObject","inLanguage":"es","@id":"https:\/\/xocomon.com\/es\/producto\/ous-minis-xocomon\/#primaryimage","url":"https:\/\/xocomon.com\/wp-content\/uploads\/2025\/02\/Diseno-sin-titulo-75.png","contentUrl":"https:\/\/xocomon.com\/wp-content\/uploads\/2025\/02\/Diseno-sin-titulo-75.png","width":1080,"height":1350},{"@type":"BreadcrumbList","@id":"https:\/\/xocomon.com\/es\/producto\/ous-minis-xocomon\/#breadcrumb","itemListElement":[{"@type":"ListItem","position":1,"name":"Portada","item":"https:\/\/xocomon.com\/es\/"},{"@type":"ListItem","position":2,"name":"Tienda","item":"https:\/\/xocomon.com\/es\/tienda\/"},{"@type":"ListItem","position":3,"name":"Huevos minis de chocolate negro 100g"}]},{"@type":"WebSite","@id":"https:\/\/xocomon.com\/#website","url":"https:\/\/xocomon.com\/","name":"Xocomon","description":"","potentialAction":[{"@type":"SearchAction","target":{"@type":"EntryPoint","urlTemplate":"https:\/\/xocomon.com\/?s={search_term_string}"},"query-input":{"@type":"PropertyValueSpecification","valueRequired":true,"valueName":"search_term_string"}}],"inLanguage":"es"}]}},"tiered_pricing_type":"fixed","tiered_pricing_fixed_rules":[],"tiered_pricing_product_settings":{"layout":"default","base_unit_name":{"singular":null,"plural":null},"default_variation":null},"tiered_pricing_minimum_quantity":null,"tiered_pricing_roles_data":[],"tiered_pricing_percentage_rules":[],"_links":{"self":[{"href":"https:\/\/xocomon.com\/es\/wp-json\/wp\/v2\/product\/19534","targetHints":{"allow":["GET"]}}],"collection":[{"href":"https:\/\/xocomon.com\/es\/wp-json\/wp\/v2\/product"}],"about":[{"href":"https:\/\/xocomon.com\/es\/wp-json\/wp\/v2\/types\/product"}],"replies":[{"embeddable":true,"href":"https:\/\/xocomon.com\/es\/wp-json\/wp\/v2\/comments?post=19534"}],"wp:featuredmedia":[{"embeddable":true,"href":"https:\/\/xocomon.com\/es\/wp-json\/wp\/v2\/media\/23790"}],"wp:attachment":[{"href":"https:\/\/xocomon.com\/es\/wp-json\/wp\/v2\/media?parent=19534"}],"wp:term":[{"taxonomy":"product_brand","embeddable":true,"href":"https:\/\/xocomon.com\/es\/wp-json\/wp\/v2\/product_brand?post=19534"},{"taxonomy":"product_cat","embeddable":true,"href":"https:\/\/xocomon.com\/es\/wp-json\/wp\/v2\/product_cat?post=19534"},{"taxonomy":"product_tag","embeddable":true,"href":"https:\/\/xocomon.com\/es\/wp-json\/wp\/v2\/product_tag?post=19534"}],"curies":[{"name":"wp","href":"https:\/\/api.w.org\/{rel}","templated":true}]}}