{"id":16870,"date":"2023-03-16T11:03:27","date_gmt":"2023-03-16T10:03:27","guid":{"rendered":"https:\/\/xocomon.com\/?post_type=product&#038;p=16870"},"modified":"2026-03-16T09:57:31","modified_gmt":"2026-03-16T08:57:31","slug":"100-huevos-pequenos-xocomon-granel-2","status":"publish","type":"product","link":"https:\/\/xocomon.com\/es\/producto\/100-huevos-pequenos-xocomon-granel-2\/","title":{"rendered":"100 HUEVOS PEQUE\u00d1OS xocomon, granel chocolate negro"},"content":{"rendered":"<p>100 HUEVOS DE 100 GR granel<\/p>\n<p>Una locura de \u00faltima hora<\/p>\n<p>Porque nos gusta ayudaros, pod\u00e9is comprar a GRANEL, si si!!!<\/p>\n<p>Es una cosa que raramente podemos hacer las familias con alergias alimentarias por la inseguridad que provoca.<\/p>\n<p>Las hueveras abultan mucho y este a\u00f1o hemos fabricado los huevos y los hemos dejado pendientes de poner en las hueveras para mejorar el espacio en el almac\u00e9n.<\/p>\n<p>Y el otro d\u00eda me dijo una chica que quer\u00eda muchos para hacer el juego de los huevos de pascua en el jard\u00edn de su casa para todos iguales. As\u00ed que pens\u00e9 que seria una buena opci\u00f3n y aqu\u00ed esta.<\/p>\n<p>&nbsp;<\/p>\n","protected":false},"excerpt":{"rendered":"<p><span style=\"text-decoration: underline;\"><strong>PRODUCTOS A GRANEL<\/strong><\/span><\/p>\n<p><strong>Precio unidad 0.99\u20ac<\/strong><\/p>\n<p>Para los que necesitan cantidad.<\/p>\n<h4>Ingredientes:<\/h4>\n<ul>\n<li>Pasta de cacao.<\/li>\n<li>Az\u00facar.<\/li>\n<li>Manteca de cacao.<\/li>\n<\/ul>\n<h6>SIN ALERGENOS<\/h6>\n<p><span style=\"text-decoration: underline;\">Cantidad<\/span>: 100 unidades en una caja grande<\/p>\n<p>Cada huevo pesa 17 g, son los mismos huevos que tenemos peque\u00f1os en huevera de 6 unidades que pesan 100 g\/6.<\/p>\n<p>OFERTA \u00daNICA<\/p>\n","protected":false},"featured_media":16883,"comment_status":"open","ping_status":"closed","template":"","meta":[],"product_brand":[],"product_cat":[1133,199,203,131,190],"product_tag":[631],"class_list":{"0":"post-16870","1":"product","2":"type-product","3":"status-publish","4":"has-post-thumbnail","6":"product_cat-ofertas-outlet","7":"product_cat-fiestas","8":"product_cat-chocolate-negro-fiestas","9":"product_cat-pascua","10":"product_cat-chocolate-negro-pascuas","11":"product_tag-huevos-granel","12":"tm-has-options","14":"first","15":"instock","16":"sale","17":"taxable","18":"shipping-taxable","19":"purchasable","20":"product-type-simple"},"yoast_head":"<!-- This site is optimized with the Yoast SEO plugin v26.7 - https:\/\/yoast.com\/wordpress\/plugins\/seo\/ -->\n<title>100 HUEVOS PEQUE\u00d1OS xocomon, granel chocolate negro - Xocomon<\/title>\n<meta name=\"description\" content=\"100 HUEVOS PEQUE\u00d1OS xocomon, granel, INGREDIENTES: pasta de cacao, az\u00facar, manteca de cacao, emulgente y aroma natural de vainilla\" \/>\n<meta name=\"robots\" content=\"index, follow, max-snippet:-1, max-image-preview:large, max-video-preview:-1\" \/>\n<link rel=\"canonical\" href=\"https:\/\/xocomon.com\/es\/producto\/100-huevos-pequenos-xocomon-granel-2\/\" \/>\n<meta property=\"og:locale\" content=\"es_ES\" \/>\n<meta property=\"og:type\" content=\"article\" \/>\n<meta property=\"og:title\" content=\"100 HUEVOS PEQUE\u00d1OS xocomon, granel chocolate negro - Xocomon\" \/>\n<meta property=\"og:description\" content=\"100 HUEVOS PEQUE\u00d1OS xocomon, granel, INGREDIENTES: pasta de cacao, az\u00facar, manteca de cacao, emulgente y aroma natural de vainilla\" \/>\n<meta property=\"og:url\" content=\"https:\/\/xocomon.com\/es\/producto\/100-huevos-pequenos-xocomon-granel-2\/\" \/>\n<meta property=\"og:site_name\" content=\"Xocomon\" \/>\n<meta property=\"article:publisher\" content=\"https:\/\/www.facebook.com\/xocomon\/\" \/>\n<meta property=\"article:modified_time\" content=\"2026-03-16T08:57:31+00:00\" \/>\n<meta property=\"og:image\" content=\"https:\/\/xocomon.com\/wp-content\/uploads\/2023\/03\/IMG_4832.jpg\" \/>\n\t<meta property=\"og:image:width\" content=\"480\" \/>\n\t<meta property=\"og:image:height\" content=\"640\" \/>\n\t<meta property=\"og:image:type\" content=\"image\/jpeg\" \/>\n<meta name=\"twitter:card\" content=\"summary_large_image\" \/>\n<meta name=\"twitter:label1\" content=\"Tiempo de lectura\" \/>\n\t<meta name=\"twitter:data1\" content=\"1 minuto\" \/>\n<script type=\"application\/ld+json\" class=\"yoast-schema-graph\">{\"@context\":\"https:\/\/schema.org\",\"@graph\":[{\"@type\":\"WebPage\",\"@id\":\"https:\/\/xocomon.com\/es\/producto\/100-huevos-pequenos-xocomon-granel-2\/\",\"url\":\"https:\/\/xocomon.com\/es\/producto\/100-huevos-pequenos-xocomon-granel-2\/\",\"name\":\"100 HUEVOS PEQUE\u00d1OS xocomon, granel chocolate negro - Xocomon\",\"isPartOf\":{\"@id\":\"https:\/\/xocomon.com\/#website\"},\"primaryImageOfPage\":{\"@id\":\"https:\/\/xocomon.com\/es\/producto\/100-huevos-pequenos-xocomon-granel-2\/#primaryimage\"},\"image\":{\"@id\":\"https:\/\/xocomon.com\/es\/producto\/100-huevos-pequenos-xocomon-granel-2\/#primaryimage\"},\"thumbnailUrl\":\"https:\/\/xocomon.com\/wp-content\/uploads\/2023\/03\/IMG_4832.jpg\",\"datePublished\":\"2023-03-16T10:03:27+00:00\",\"dateModified\":\"2026-03-16T08:57:31+00:00\",\"description\":\"100 HUEVOS PEQUE\u00d1OS xocomon, granel, INGREDIENTES: pasta de cacao, az\u00facar, manteca de cacao, emulgente y aroma natural de vainilla\",\"breadcrumb\":{\"@id\":\"https:\/\/xocomon.com\/es\/producto\/100-huevos-pequenos-xocomon-granel-2\/#breadcrumb\"},\"inLanguage\":\"es\",\"potentialAction\":[{\"@type\":\"ReadAction\",\"target\":[\"https:\/\/xocomon.com\/es\/producto\/100-huevos-pequenos-xocomon-granel-2\/\"]}]},{\"@type\":\"ImageObject\",\"inLanguage\":\"es\",\"@id\":\"https:\/\/xocomon.com\/es\/producto\/100-huevos-pequenos-xocomon-granel-2\/#primaryimage\",\"url\":\"https:\/\/xocomon.com\/wp-content\/uploads\/2023\/03\/IMG_4832.jpg\",\"contentUrl\":\"https:\/\/xocomon.com\/wp-content\/uploads\/2023\/03\/IMG_4832.jpg\",\"width\":480,\"height\":640},{\"@type\":\"BreadcrumbList\",\"@id\":\"https:\/\/xocomon.com\/es\/producto\/100-huevos-pequenos-xocomon-granel-2\/#breadcrumb\",\"itemListElement\":[{\"@type\":\"ListItem\",\"position\":1,\"name\":\"Portada\",\"item\":\"https:\/\/xocomon.com\/es\/\"},{\"@type\":\"ListItem\",\"position\":2,\"name\":\"Tienda\",\"item\":\"https:\/\/xocomon.com\/es\/tienda\/\"},{\"@type\":\"ListItem\",\"position\":3,\"name\":\"100 HUEVOS PEQUE\u00d1OS xocomon, granel chocolate negro\"}]},{\"@type\":\"WebSite\",\"@id\":\"https:\/\/xocomon.com\/#website\",\"url\":\"https:\/\/xocomon.com\/\",\"name\":\"Xocomon\",\"description\":\"\",\"potentialAction\":[{\"@type\":\"SearchAction\",\"target\":{\"@type\":\"EntryPoint\",\"urlTemplate\":\"https:\/\/xocomon.com\/?s={search_term_string}\"},\"query-input\":{\"@type\":\"PropertyValueSpecification\",\"valueRequired\":true,\"valueName\":\"search_term_string\"}}],\"inLanguage\":\"es\"}]}<\/script>\n<!-- \/ Yoast SEO plugin. -->","yoast_head_json":{"title":"100 HUEVOS PEQUE\u00d1OS xocomon, granel chocolate negro - Xocomon","description":"100 HUEVOS PEQUE\u00d1OS xocomon, granel, INGREDIENTES: pasta de cacao, az\u00facar, manteca de cacao, emulgente y aroma natural de vainilla","robots":{"index":"index","follow":"follow","max-snippet":"max-snippet:-1","max-image-preview":"max-image-preview:large","max-video-preview":"max-video-preview:-1"},"canonical":"https:\/\/xocomon.com\/es\/producto\/100-huevos-pequenos-xocomon-granel-2\/","og_locale":"es_ES","og_type":"article","og_title":"100 HUEVOS PEQUE\u00d1OS xocomon, granel chocolate negro - Xocomon","og_description":"100 HUEVOS PEQUE\u00d1OS xocomon, granel, INGREDIENTES: pasta de cacao, az\u00facar, manteca de cacao, emulgente y aroma natural de vainilla","og_url":"https:\/\/xocomon.com\/es\/producto\/100-huevos-pequenos-xocomon-granel-2\/","og_site_name":"Xocomon","article_publisher":"https:\/\/www.facebook.com\/xocomon\/","article_modified_time":"2026-03-16T08:57:31+00:00","og_image":[{"width":480,"height":640,"url":"https:\/\/xocomon.com\/wp-content\/uploads\/2023\/03\/IMG_4832.jpg","type":"image\/jpeg"}],"twitter_card":"summary_large_image","twitter_misc":{"Tiempo de lectura":"1 minuto"},"schema":{"@context":"https:\/\/schema.org","@graph":[{"@type":"WebPage","@id":"https:\/\/xocomon.com\/es\/producto\/100-huevos-pequenos-xocomon-granel-2\/","url":"https:\/\/xocomon.com\/es\/producto\/100-huevos-pequenos-xocomon-granel-2\/","name":"100 HUEVOS PEQUE\u00d1OS xocomon, granel chocolate negro - Xocomon","isPartOf":{"@id":"https:\/\/xocomon.com\/#website"},"primaryImageOfPage":{"@id":"https:\/\/xocomon.com\/es\/producto\/100-huevos-pequenos-xocomon-granel-2\/#primaryimage"},"image":{"@id":"https:\/\/xocomon.com\/es\/producto\/100-huevos-pequenos-xocomon-granel-2\/#primaryimage"},"thumbnailUrl":"https:\/\/xocomon.com\/wp-content\/uploads\/2023\/03\/IMG_4832.jpg","datePublished":"2023-03-16T10:03:27+00:00","dateModified":"2026-03-16T08:57:31+00:00","description":"100 HUEVOS PEQUE\u00d1OS xocomon, granel, INGREDIENTES: pasta de cacao, az\u00facar, manteca de cacao, emulgente y aroma natural de vainilla","breadcrumb":{"@id":"https:\/\/xocomon.com\/es\/producto\/100-huevos-pequenos-xocomon-granel-2\/#breadcrumb"},"inLanguage":"es","potentialAction":[{"@type":"ReadAction","target":["https:\/\/xocomon.com\/es\/producto\/100-huevos-pequenos-xocomon-granel-2\/"]}]},{"@type":"ImageObject","inLanguage":"es","@id":"https:\/\/xocomon.com\/es\/producto\/100-huevos-pequenos-xocomon-granel-2\/#primaryimage","url":"https:\/\/xocomon.com\/wp-content\/uploads\/2023\/03\/IMG_4832.jpg","contentUrl":"https:\/\/xocomon.com\/wp-content\/uploads\/2023\/03\/IMG_4832.jpg","width":480,"height":640},{"@type":"BreadcrumbList","@id":"https:\/\/xocomon.com\/es\/producto\/100-huevos-pequenos-xocomon-granel-2\/#breadcrumb","itemListElement":[{"@type":"ListItem","position":1,"name":"Portada","item":"https:\/\/xocomon.com\/es\/"},{"@type":"ListItem","position":2,"name":"Tienda","item":"https:\/\/xocomon.com\/es\/tienda\/"},{"@type":"ListItem","position":3,"name":"100 HUEVOS PEQUE\u00d1OS xocomon, granel chocolate negro"}]},{"@type":"WebSite","@id":"https:\/\/xocomon.com\/#website","url":"https:\/\/xocomon.com\/","name":"Xocomon","description":"","potentialAction":[{"@type":"SearchAction","target":{"@type":"EntryPoint","urlTemplate":"https:\/\/xocomon.com\/?s={search_term_string}"},"query-input":{"@type":"PropertyValueSpecification","valueRequired":true,"valueName":"search_term_string"}}],"inLanguage":"es"}]}},"tiered_pricing_type":"fixed","tiered_pricing_fixed_rules":[],"tiered_pricing_product_settings":{"layout":"default","base_unit_name":{"singular":null,"plural":null},"default_variation":null},"tiered_pricing_minimum_quantity":null,"tiered_pricing_roles_data":[],"tiered_pricing_percentage_rules":[],"_links":{"self":[{"href":"https:\/\/xocomon.com\/es\/wp-json\/wp\/v2\/product\/16870","targetHints":{"allow":["GET"]}}],"collection":[{"href":"https:\/\/xocomon.com\/es\/wp-json\/wp\/v2\/product"}],"about":[{"href":"https:\/\/xocomon.com\/es\/wp-json\/wp\/v2\/types\/product"}],"replies":[{"embeddable":true,"href":"https:\/\/xocomon.com\/es\/wp-json\/wp\/v2\/comments?post=16870"}],"wp:featuredmedia":[{"embeddable":true,"href":"https:\/\/xocomon.com\/es\/wp-json\/wp\/v2\/media\/16883"}],"wp:attachment":[{"href":"https:\/\/xocomon.com\/es\/wp-json\/wp\/v2\/media?parent=16870"}],"wp:term":[{"taxonomy":"product_brand","embeddable":true,"href":"https:\/\/xocomon.com\/es\/wp-json\/wp\/v2\/product_brand?post=16870"},{"taxonomy":"product_cat","embeddable":true,"href":"https:\/\/xocomon.com\/es\/wp-json\/wp\/v2\/product_cat?post=16870"},{"taxonomy":"product_tag","embeddable":true,"href":"https:\/\/xocomon.com\/es\/wp-json\/wp\/v2\/product_tag?post=16870"}],"curies":[{"name":"wp","href":"https:\/\/api.w.org\/{rel}","templated":true}]}}