{"id":16430,"date":"2024-01-01T15:53:46","date_gmt":"2023-03-01T14:53:46","guid":{"rendered":"https:\/\/xocomon.com\/product\/tableta-xocolata-amb-sal-xocolata-llet\/"},"modified":"2026-04-19T17:19:02","modified_gmt":"2026-04-19T16:19:02","slug":"tableta-chocolate-con-salchocolate-con-leche","status":"publish","type":"product","link":"https:\/\/xocomon.com\/es\/producto\/tableta-chocolate-con-salchocolate-con-leche\/","title":{"rendered":"Tableta chocolate con sal- chocolate con leche"},"content":{"rendered":"<p>Tableta chocolate con sal chocolate con leche 100g<\/p>\n<p>Sab\u00edas que la sal y el chocolate se han mezclado desde siempre, a m\u00ed personalmente me encanta.<\/p>\n<p>Esta tableta va por m\u00ed, \u00a1por que yo lo valgo!<\/p>\n<p>Ya hace 6 a\u00f1os que en Xocomon trabajo para todos, sus peticiones son \u00f3rdenes.<\/p>\n<p>\u00a1Esta va para m\u00ed! Mis recuerdos con el chocolate son dos, ir a casa de mi abuela los domingos por la tarde y comer pan con chocolate.<\/p>\n<p>En aquel entonces merend\u00e1bamos sin sentarnos, nos daba una rebanada de pan y una presa de chocolate ya correr.<\/p>\n<p>De hecho ten\u00eda 13 nietos y era dif\u00edcil dejar el juego en la mas\u00eda para merendar en calma. El otro y la que nos trae esta tableta, les cuento r\u00e1pido la historia.<\/p>\n<p>Durante la semana, cuando \u00e9ramos peque\u00f1os me cuidaban mis t\u00edos abuelos, Ram\u00f3n y Conxita, en mi casa la sal escaseaba porque mi padre sufri\u00f3 un ictus muy joven y el m\u00e9dico recet\u00f3 comida sin sal.<\/p>\n<p>\u00a1Todos com\u00edamos sin sal, siempre!<\/p>\n<p>Mi padre se recuper\u00f3<span style=\"font-size: 14.4px\">pero no se imaginan la ilusi\u00f3n que me hac\u00eda a m\u00ed por la tarde una merienda con pan con sal! Total que a la salida de la escuela mis t\u00edos me recog\u00edan en la escuela, tost\u00e1bamos pan en la chimenea y pon\u00edamos un buen chorro de aceite de oliva, sal y chocolate! Placer m\u00e1ximo. Total que esta tableta es una exquisitez, puede comerse sola, o con pan con aceite. <\/span><\/p>\n<p><span style=\"font-size: 14.4px\">Os la recomiendo. con leche y negro puedes escoger\u00a0<\/span><\/p>\n<p><span style=\"font-size: 14.4px\">\u00a1Buen viaje!<\/span><\/p>\n","protected":false},"excerpt":{"rendered":"<pre id=\"tw-target-text\" class=\"tw-data-text tw-text-large tw-ta\" dir=\"ltr\" data-placeholder=\"Traducci\u00f3\"><span class=\"Y2IQFc\" lang=\"es\" style=\"font-family: helvetica, arial, sans-serif\">Tableta chocolate con sal chocolate con  leche\r\n\r\n100 gr de chocolate con sal.\r\n\r\nIngredientes: az\u00facar, pasta de cacao, mantequilla de cacao, <strong><span style=\"color: #ff0000\">leche entera en polvo<\/span><\/strong>, sal, <strong><span style=\"color: #ff0000\">lecitina de soja<\/span><\/strong> y aroma natural de vainilla.\r\n\r\nTableta del mapa mundi con sal.\r\n\r\n\u00a1Haz tu propio viaje, disfruta!<\/span><\/pre>\n","protected":false},"featured_media":16749,"comment_status":"open","ping_status":"closed","template":"","meta":[],"product_brand":[],"product_cat":[130,28,198,199],"product_tag":[474,475],"class_list":{"0":"post-16430","1":"product","2":"type-product","3":"status-publish","4":"has-post-thumbnail","6":"product_cat-chocolate","7":"product_cat-chocolate-con-leche","8":"product_cat-festes","9":"product_cat-fiestas","10":"product_tag-tableta-xocolata-amb-sal-xocolata-llet-es","11":"product_tag-tableta-xocolata-amb-sal-xocolata-negra-es","12":"tm-has-options","14":"first","15":"instock","16":"taxable","17":"shipping-taxable","18":"purchasable","19":"product-type-simple"},"yoast_head":"<!-- This site is optimized with the Yoast SEO plugin v26.7 - https:\/\/yoast.com\/wordpress\/plugins\/seo\/ -->\n<title>Tableta chocolate con sal- chocolate con leche - Xocomon<\/title>\n<meta name=\"description\" content=\"Tableta chocolate con sal chocolate con leche. Ingredientes: az\u00facar, pasta de cacao, mantequilla de cacao, leche entera en polvo, sal, lecitina de soja y\" \/>\n<meta name=\"robots\" content=\"index, follow, max-snippet:-1, max-image-preview:large, max-video-preview:-1\" \/>\n<link rel=\"canonical\" href=\"https:\/\/xocomon.com\/es\/producto\/tableta-chocolate-con-salchocolate-con-leche\/\" \/>\n<meta property=\"og:locale\" content=\"es_ES\" \/>\n<meta property=\"og:type\" content=\"article\" \/>\n<meta property=\"og:title\" content=\"Tableta chocolate con sal- chocolate con leche - Xocomon\" \/>\n<meta property=\"og:description\" content=\"Tableta chocolate con sal chocolate con leche. Ingredientes: az\u00facar, pasta de cacao, mantequilla de cacao, leche entera en polvo, sal, lecitina de soja y\" \/>\n<meta property=\"og:url\" content=\"https:\/\/xocomon.com\/es\/producto\/tableta-chocolate-con-salchocolate-con-leche\/\" \/>\n<meta property=\"og:site_name\" content=\"Xocomon\" \/>\n<meta property=\"article:publisher\" content=\"https:\/\/www.facebook.com\/xocomon\/\" \/>\n<meta property=\"article:modified_time\" content=\"2026-04-19T16:19:02+00:00\" \/>\n<meta property=\"og:image\" content=\"https:\/\/xocomon.com\/wp-content\/uploads\/2023\/03\/DSC04581-1-e1678447258768.jpg\" \/>\n\t<meta property=\"og:image:width\" content=\"1080\" \/>\n\t<meta property=\"og:image:height\" content=\"1080\" \/>\n\t<meta property=\"og:image:type\" content=\"image\/jpeg\" \/>\n<meta name=\"twitter:card\" content=\"summary_large_image\" \/>\n<meta name=\"twitter:label1\" content=\"Tiempo de lectura\" \/>\n\t<meta name=\"twitter:data1\" content=\"2 minutos\" \/>\n<script type=\"application\/ld+json\" class=\"yoast-schema-graph\">{\"@context\":\"https:\/\/schema.org\",\"@graph\":[{\"@type\":\"WebPage\",\"@id\":\"https:\/\/xocomon.com\/es\/producto\/tableta-chocolate-con-salchocolate-con-leche\/\",\"url\":\"https:\/\/xocomon.com\/es\/producto\/tableta-chocolate-con-salchocolate-con-leche\/\",\"name\":\"Tableta chocolate con sal- chocolate con leche - Xocomon\",\"isPartOf\":{\"@id\":\"https:\/\/xocomon.com\/#website\"},\"primaryImageOfPage\":{\"@id\":\"https:\/\/xocomon.com\/es\/producto\/tableta-chocolate-con-salchocolate-con-leche\/#primaryimage\"},\"image\":{\"@id\":\"https:\/\/xocomon.com\/es\/producto\/tableta-chocolate-con-salchocolate-con-leche\/#primaryimage\"},\"thumbnailUrl\":\"https:\/\/xocomon.com\/wp-content\/uploads\/2023\/03\/DSC04581-1-e1678447258768.jpg\",\"datePublished\":\"2023-03-01T14:53:46+00:00\",\"dateModified\":\"2026-04-19T16:19:02+00:00\",\"description\":\"Tableta chocolate con sal chocolate con leche. Ingredientes: az\u00facar, pasta de cacao, mantequilla de cacao, leche entera en polvo, sal, lecitina de soja y\",\"breadcrumb\":{\"@id\":\"https:\/\/xocomon.com\/es\/producto\/tableta-chocolate-con-salchocolate-con-leche\/#breadcrumb\"},\"inLanguage\":\"es\",\"potentialAction\":[{\"@type\":\"ReadAction\",\"target\":[\"https:\/\/xocomon.com\/es\/producto\/tableta-chocolate-con-salchocolate-con-leche\/\"]}]},{\"@type\":\"ImageObject\",\"inLanguage\":\"es\",\"@id\":\"https:\/\/xocomon.com\/es\/producto\/tableta-chocolate-con-salchocolate-con-leche\/#primaryimage\",\"url\":\"https:\/\/xocomon.com\/wp-content\/uploads\/2023\/03\/DSC04581-1-e1678447258768.jpg\",\"contentUrl\":\"https:\/\/xocomon.com\/wp-content\/uploads\/2023\/03\/DSC04581-1-e1678447258768.jpg\",\"width\":1080,\"height\":1080,\"caption\":\"xocolata amb sal llet\"},{\"@type\":\"BreadcrumbList\",\"@id\":\"https:\/\/xocomon.com\/es\/producto\/tableta-chocolate-con-salchocolate-con-leche\/#breadcrumb\",\"itemListElement\":[{\"@type\":\"ListItem\",\"position\":1,\"name\":\"Portada\",\"item\":\"https:\/\/xocomon.com\/es\/\"},{\"@type\":\"ListItem\",\"position\":2,\"name\":\"Tienda\",\"item\":\"https:\/\/xocomon.com\/es\/tienda\/\"},{\"@type\":\"ListItem\",\"position\":3,\"name\":\"Tableta chocolate con sal- chocolate con leche\"}]},{\"@type\":\"WebSite\",\"@id\":\"https:\/\/xocomon.com\/#website\",\"url\":\"https:\/\/xocomon.com\/\",\"name\":\"Xocomon\",\"description\":\"\",\"potentialAction\":[{\"@type\":\"SearchAction\",\"target\":{\"@type\":\"EntryPoint\",\"urlTemplate\":\"https:\/\/xocomon.com\/?s={search_term_string}\"},\"query-input\":{\"@type\":\"PropertyValueSpecification\",\"valueRequired\":true,\"valueName\":\"search_term_string\"}}],\"inLanguage\":\"es\"}]}<\/script>\n<!-- \/ Yoast SEO plugin. -->","yoast_head_json":{"title":"Tableta chocolate con sal- chocolate con leche - Xocomon","description":"Tableta chocolate con sal chocolate con leche. Ingredientes: az\u00facar, pasta de cacao, mantequilla de cacao, leche entera en polvo, sal, lecitina de soja y","robots":{"index":"index","follow":"follow","max-snippet":"max-snippet:-1","max-image-preview":"max-image-preview:large","max-video-preview":"max-video-preview:-1"},"canonical":"https:\/\/xocomon.com\/es\/producto\/tableta-chocolate-con-salchocolate-con-leche\/","og_locale":"es_ES","og_type":"article","og_title":"Tableta chocolate con sal- chocolate con leche - Xocomon","og_description":"Tableta chocolate con sal chocolate con leche. Ingredientes: az\u00facar, pasta de cacao, mantequilla de cacao, leche entera en polvo, sal, lecitina de soja y","og_url":"https:\/\/xocomon.com\/es\/producto\/tableta-chocolate-con-salchocolate-con-leche\/","og_site_name":"Xocomon","article_publisher":"https:\/\/www.facebook.com\/xocomon\/","article_modified_time":"2026-04-19T16:19:02+00:00","og_image":[{"width":1080,"height":1080,"url":"https:\/\/xocomon.com\/wp-content\/uploads\/2023\/03\/DSC04581-1-e1678447258768.jpg","type":"image\/jpeg"}],"twitter_card":"summary_large_image","twitter_misc":{"Tiempo de lectura":"2 minutos"},"schema":{"@context":"https:\/\/schema.org","@graph":[{"@type":"WebPage","@id":"https:\/\/xocomon.com\/es\/producto\/tableta-chocolate-con-salchocolate-con-leche\/","url":"https:\/\/xocomon.com\/es\/producto\/tableta-chocolate-con-salchocolate-con-leche\/","name":"Tableta chocolate con sal- chocolate con leche - Xocomon","isPartOf":{"@id":"https:\/\/xocomon.com\/#website"},"primaryImageOfPage":{"@id":"https:\/\/xocomon.com\/es\/producto\/tableta-chocolate-con-salchocolate-con-leche\/#primaryimage"},"image":{"@id":"https:\/\/xocomon.com\/es\/producto\/tableta-chocolate-con-salchocolate-con-leche\/#primaryimage"},"thumbnailUrl":"https:\/\/xocomon.com\/wp-content\/uploads\/2023\/03\/DSC04581-1-e1678447258768.jpg","datePublished":"2023-03-01T14:53:46+00:00","dateModified":"2026-04-19T16:19:02+00:00","description":"Tableta chocolate con sal chocolate con leche. Ingredientes: az\u00facar, pasta de cacao, mantequilla de cacao, leche entera en polvo, sal, lecitina de soja y","breadcrumb":{"@id":"https:\/\/xocomon.com\/es\/producto\/tableta-chocolate-con-salchocolate-con-leche\/#breadcrumb"},"inLanguage":"es","potentialAction":[{"@type":"ReadAction","target":["https:\/\/xocomon.com\/es\/producto\/tableta-chocolate-con-salchocolate-con-leche\/"]}]},{"@type":"ImageObject","inLanguage":"es","@id":"https:\/\/xocomon.com\/es\/producto\/tableta-chocolate-con-salchocolate-con-leche\/#primaryimage","url":"https:\/\/xocomon.com\/wp-content\/uploads\/2023\/03\/DSC04581-1-e1678447258768.jpg","contentUrl":"https:\/\/xocomon.com\/wp-content\/uploads\/2023\/03\/DSC04581-1-e1678447258768.jpg","width":1080,"height":1080,"caption":"xocolata amb sal llet"},{"@type":"BreadcrumbList","@id":"https:\/\/xocomon.com\/es\/producto\/tableta-chocolate-con-salchocolate-con-leche\/#breadcrumb","itemListElement":[{"@type":"ListItem","position":1,"name":"Portada","item":"https:\/\/xocomon.com\/es\/"},{"@type":"ListItem","position":2,"name":"Tienda","item":"https:\/\/xocomon.com\/es\/tienda\/"},{"@type":"ListItem","position":3,"name":"Tableta chocolate con sal- chocolate con leche"}]},{"@type":"WebSite","@id":"https:\/\/xocomon.com\/#website","url":"https:\/\/xocomon.com\/","name":"Xocomon","description":"","potentialAction":[{"@type":"SearchAction","target":{"@type":"EntryPoint","urlTemplate":"https:\/\/xocomon.com\/?s={search_term_string}"},"query-input":{"@type":"PropertyValueSpecification","valueRequired":true,"valueName":"search_term_string"}}],"inLanguage":"es"}]}},"tiered_pricing_type":"fixed","tiered_pricing_fixed_rules":{"50":4.25},"tiered_pricing_product_settings":{"layout":"default","base_unit_name":{"singular":null,"plural":null},"default_variation":null},"tiered_pricing_minimum_quantity":null,"tiered_pricing_roles_data":[],"tiered_pricing_percentage_rules":[],"_links":{"self":[{"href":"https:\/\/xocomon.com\/es\/wp-json\/wp\/v2\/product\/16430","targetHints":{"allow":["GET"]}}],"collection":[{"href":"https:\/\/xocomon.com\/es\/wp-json\/wp\/v2\/product"}],"about":[{"href":"https:\/\/xocomon.com\/es\/wp-json\/wp\/v2\/types\/product"}],"replies":[{"embeddable":true,"href":"https:\/\/xocomon.com\/es\/wp-json\/wp\/v2\/comments?post=16430"}],"wp:featuredmedia":[{"embeddable":true,"href":"https:\/\/xocomon.com\/es\/wp-json\/wp\/v2\/media\/16749"}],"wp:attachment":[{"href":"https:\/\/xocomon.com\/es\/wp-json\/wp\/v2\/media?parent=16430"}],"wp:term":[{"taxonomy":"product_brand","embeddable":true,"href":"https:\/\/xocomon.com\/es\/wp-json\/wp\/v2\/product_brand?post=16430"},{"taxonomy":"product_cat","embeddable":true,"href":"https:\/\/xocomon.com\/es\/wp-json\/wp\/v2\/product_cat?post=16430"},{"taxonomy":"product_tag","embeddable":true,"href":"https:\/\/xocomon.com\/es\/wp-json\/wp\/v2\/product_tag?post=16430"}],"curies":[{"name":"wp","href":"https:\/\/api.w.org\/{rel}","templated":true}]}}