{"id":16421,"date":"2023-03-01T13:08:34","date_gmt":"2023-03-01T12:08:34","guid":{"rendered":"https:\/\/xocomon.com\/product\/4-ous-esports-petits-xocolata-amb-llet\/"},"modified":"2026-04-02T08:33:52","modified_gmt":"2026-04-02T07:33:52","slug":"4-huevos-deportes-pequenos-chocolate-con-leche","status":"publish","type":"product","link":"https:\/\/xocomon.com\/es\/producto\/4-huevos-deportes-pequenos-chocolate-con-leche\/","title":{"rendered":"4 huevos deportes peque\u00f1os chocolate con leche"},"content":{"rendered":"<p id=\"tw-target-text\" class=\"tw-data-text tw-text-large tw-ta\" dir=\"ltr\" data-placeholder=\"Traducci\u00f3\"><span class=\"Y2IQFc\" lang=\"es\" style=\"font-family: helvetica, arial, sans-serif\">4 huevos deportes peque\u00f1os chocolate con leche<\/span><\/p>\n<p class=\"tw-data-text tw-text-large tw-ta\" dir=\"ltr\" data-placeholder=\"Traducci\u00f3\"><span class=\"Y2IQFc\" lang=\"es\" style=\"font-family: helvetica, arial, sans-serif\">Huevos de deportes <\/span><\/p>\n<p class=\"tw-data-text tw-text-large tw-ta\" dir=\"ltr\" data-placeholder=\"Traducci\u00f3\"><span class=\"Y2IQFc\" lang=\"es\" style=\"font-family: helvetica, arial, sans-serif\">Este a\u00f1o nos hemos inspirado en los deportes, sab\u00e9is que en casa nuestros hijos juegan desde peque\u00f1os a baloncesto Claudia ya f\u00fatbol Cesc. <\/span><\/p>\n<p class=\"tw-data-text tw-text-large tw-ta\" dir=\"ltr\" data-placeholder=\"Traducci\u00f3\"><span class=\"Y2IQFc\" lang=\"es\" style=\"font-family: helvetica, arial, sans-serif\">As\u00ed que cuando fuimos a comprar moldes, inicialmente pens\u00e1bamos en hacer una pelota grande de baloncesto y f\u00fatbol. <\/span><\/p>\n<p class=\"tw-data-text tw-text-large tw-ta\" dir=\"ltr\" data-placeholder=\"Traducci\u00f3\"><span class=\"Y2IQFc\" lang=\"es\" style=\"font-family: helvetica, arial, sans-serif\">Pero all\u00ed vimos estos moldes tan divertidos de un huevo que sostiene balones de diferentes deportes. <\/span><\/p>\n<p class=\"tw-data-text tw-text-large tw-ta\" dir=\"ltr\" data-placeholder=\"Traducci\u00f3\"><span class=\"Y2IQFc\" lang=\"es\" style=\"font-family: helvetica, arial, sans-serif\">En formato peque\u00f1o hay 4 deportes, aunque no sean todos los deportes que hoy en d\u00eda podemos encontrar, tenemos 4, nataci\u00f3n, rugby, baloncesto y f\u00fatbol. As\u00ed que esperamos que os gusten mucho y disfrutad de un buen mono sin trazas!.<\/span><\/p>\n","protected":false},"excerpt":{"rendered":"<p id=\"tw-target-text\" class=\"tw-data-text tw-text-large tw-ta\" dir=\"ltr\" data-placeholder=\"Traducci\u00f3\"><span class=\"Y2IQFc\" lang=\"es\" style=\"font-family: helvetica, arial, sans-serif\">4 huevos deportes peque\u00f1os chocolate negro.<\/span><\/p>\n<p dir=\"ltr\" data-placeholder=\"Traducci\u00f3\"><span class=\"Y2IQFc\" lang=\"es\" style=\"font-family: helvetica, arial, sans-serif\">Huevos peque\u00f1os de 6 cm alto, los encajamos muy bonitos en una caja Kraft los 4 juntos<\/span><\/p>\n<h6 class=\"tw-data-text tw-text-large tw-ta\" dir=\"ltr\" data-placeholder=\"Traducci\u00f3\"><span class=\"Y2IQFc\" lang=\"es\" style=\"font-family: helvetica, arial, sans-serif\">Sin frutos secos, huevo, gluten y cacahuete. Sin trazas.<\/span><\/h6>\n<h4 dir=\"ltr\" data-placeholder=\"Traducci\u00f3\">Contenido:<\/h4>\n<ul>\n<li dir=\"ltr\" data-placeholder=\"Traducci\u00f3\"><span lang=\"es\">1 Huevo de baloncesto.<\/span><\/li>\n<li dir=\"ltr\" data-placeholder=\"Traducci\u00f3\"><span lang=\"es\">1 Huevo de f\u00fatbol.<\/span><\/li>\n<li dir=\"ltr\" data-placeholder=\"Traducci\u00f3\"><span lang=\"es\">1 Huevo de nataci\u00f3n.<\/span><\/li>\n<li dir=\"ltr\" data-placeholder=\"Traducci\u00f3\"><span lang=\"es\">1 Huevo de rugby.<\/span><\/li>\n<\/ul>\n<h4 dir=\"ltr\" data-placeholder=\"Traducci\u00f3\"><span lang=\"es\">Ingredientes: <\/span><\/h4>\n<ul>\n<li dir=\"ltr\" data-placeholder=\"Traducci\u00f3\"><span lang=\"es\">Az\u00facar.<\/span><\/li>\n<li dir=\"ltr\" data-placeholder=\"Traducci\u00f3\"><span lang=\"es\">Pasta de cacao.<\/span><\/li>\n<li dir=\"ltr\" data-placeholder=\"Traducci\u00f3\"><span lang=\"es\">Manztequilla de cacao.<\/span><\/li>\n<li dir=\"ltr\" data-placeholder=\"Traducci\u00f3\"><span lang=\"es\">Leche entera en polvo.<\/span><\/li>\n<li dir=\"ltr\" data-placeholder=\"Traducci\u00f3\"><span lang=\"es\">Lecitina de soja.<\/span><\/li>\n<li dir=\"ltr\" data-placeholder=\"Traducci\u00f3\"><span lang=\"es\">Aroma natural de vainilla.<\/span><\/li>\n<li dir=\"ltr\" data-placeholder=\"Traducci\u00f3\"><span lang=\"es\">40 gr cada huevo, total 160 gr de chocolate, <\/span><\/li>\n<\/ul>\n<p class=\"tw-data-text tw-text-large tw-ta\" dir=\"ltr\" data-placeholder=\"Traducci\u00f3\"><span class=\"Y2IQFc\" lang=\"es\" style=\"font-family: helvetica, arial, sans-serif\">No se venden por separado.<\/span><\/p>\n","protected":false},"featured_media":16787,"comment_status":"open","ping_status":"closed","template":"","meta":[],"product_brand":[],"product_cat":[131,191],"product_tag":[437,438,309,439,440,441],"class_list":{"0":"post-16421","1":"product","2":"type-product","3":"status-publish","4":"has-post-thumbnail","6":"product_cat-pascua","7":"product_cat-chocolate-con-leche-pascuas","8":"product_tag-esports-es","9":"product_tag-ou-es","10":"product_tag-ou-de-pasqua","11":"product_tag-ous-esports-es","12":"product_tag-ous-pasqua-es","13":"product_tag-sense-al-lergens-es","14":"tm-has-options","16":"first","17":"instock","18":"taxable","19":"shipping-taxable","20":"purchasable","21":"product-type-simple"},"yoast_head":"<!-- This site is optimized with the Yoast SEO plugin v26.7 - https:\/\/yoast.com\/wordpress\/plugins\/seo\/ -->\n<title>4 huevos deportes peque\u00f1os chocolate con leche - Xocomon<\/title>\n<meta name=\"description\" content=\"4 huevos deportes peque\u00f1os chocolate con leche, ingredientes: az\u00facar, pasta de cacao, manteca de cacao, leche, lecitina soja aroma\" \/>\n<meta name=\"robots\" content=\"index, follow, max-snippet:-1, max-image-preview:large, max-video-preview:-1\" \/>\n<link rel=\"canonical\" href=\"https:\/\/xocomon.com\/producto\/4-ous-esports-petits-xocolata-amb-llet\/\" \/>\n<meta property=\"og:locale\" content=\"es_ES\" \/>\n<meta property=\"og:type\" content=\"article\" \/>\n<meta property=\"og:title\" content=\"4 huevos deportes peque\u00f1os chocolate con leche - Xocomon\" \/>\n<meta property=\"og:description\" content=\"4 huevos deportes peque\u00f1os chocolate con leche, ingredientes: az\u00facar, pasta de cacao, manteca de cacao, leche, lecitina soja aroma\" \/>\n<meta property=\"og:url\" content=\"https:\/\/xocomon.com\/producto\/4-ous-esports-petits-xocolata-amb-llet\/\" \/>\n<meta property=\"og:site_name\" content=\"Xocomon\" \/>\n<meta property=\"article:publisher\" content=\"https:\/\/www.facebook.com\/xocomon\/\" \/>\n<meta property=\"article:modified_time\" content=\"2026-04-02T07:33:52+00:00\" \/>\n<meta property=\"og:image\" content=\"https:\/\/xocomon.com\/wp-content\/uploads\/2023\/03\/Sin-titulo-3.jpg\" \/>\n\t<meta property=\"og:image:width\" content=\"1200\" \/>\n\t<meta property=\"og:image:height\" content=\"1200\" \/>\n\t<meta property=\"og:image:type\" content=\"image\/jpeg\" \/>\n<meta name=\"twitter:card\" content=\"summary_large_image\" \/>\n<meta name=\"twitter:label1\" content=\"Tiempo de lectura\" \/>\n\t<meta name=\"twitter:data1\" content=\"1 minuto\" \/>\n<script type=\"application\/ld+json\" class=\"yoast-schema-graph\">{\"@context\":\"https:\/\/schema.org\",\"@graph\":[{\"@type\":\"WebPage\",\"@id\":\"https:\/\/xocomon.com\/producto\/4-ous-esports-petits-xocolata-amb-llet\/\",\"url\":\"https:\/\/xocomon.com\/producto\/4-ous-esports-petits-xocolata-amb-llet\/\",\"name\":\"4 huevos deportes peque\u00f1os chocolate con leche - Xocomon\",\"isPartOf\":{\"@id\":\"https:\/\/xocomon.com\/#website\"},\"primaryImageOfPage\":{\"@id\":\"https:\/\/xocomon.com\/producto\/4-ous-esports-petits-xocolata-amb-llet\/#primaryimage\"},\"image\":{\"@id\":\"https:\/\/xocomon.com\/producto\/4-ous-esports-petits-xocolata-amb-llet\/#primaryimage\"},\"thumbnailUrl\":\"https:\/\/xocomon.com\/wp-content\/uploads\/2023\/03\/Sin-titulo-3.jpg\",\"datePublished\":\"2023-03-01T12:08:34+00:00\",\"dateModified\":\"2026-04-02T07:33:52+00:00\",\"description\":\"4 huevos deportes peque\u00f1os chocolate con leche, ingredientes: az\u00facar, pasta de cacao, manteca de cacao, leche, lecitina soja aroma\",\"breadcrumb\":{\"@id\":\"https:\/\/xocomon.com\/producto\/4-ous-esports-petits-xocolata-amb-llet\/#breadcrumb\"},\"inLanguage\":\"es\",\"potentialAction\":[{\"@type\":\"ReadAction\",\"target\":[\"https:\/\/xocomon.com\/producto\/4-ous-esports-petits-xocolata-amb-llet\/\"]}]},{\"@type\":\"ImageObject\",\"inLanguage\":\"es\",\"@id\":\"https:\/\/xocomon.com\/producto\/4-ous-esports-petits-xocolata-amb-llet\/#primaryimage\",\"url\":\"https:\/\/xocomon.com\/wp-content\/uploads\/2023\/03\/Sin-titulo-3.jpg\",\"contentUrl\":\"https:\/\/xocomon.com\/wp-content\/uploads\/2023\/03\/Sin-titulo-3.jpg\",\"width\":1200,\"height\":1200,\"caption\":\"deportes llet\"},{\"@type\":\"BreadcrumbList\",\"@id\":\"https:\/\/xocomon.com\/producto\/4-ous-esports-petits-xocolata-amb-llet\/#breadcrumb\",\"itemListElement\":[{\"@type\":\"ListItem\",\"position\":1,\"name\":\"Portada\",\"item\":\"https:\/\/xocomon.com\/es\/\"},{\"@type\":\"ListItem\",\"position\":2,\"name\":\"Tienda\",\"item\":\"https:\/\/xocomon.com\/es\/tienda\/\"},{\"@type\":\"ListItem\",\"position\":3,\"name\":\"4 huevos deportes peque\u00f1os chocolate con leche\"}]},{\"@type\":\"WebSite\",\"@id\":\"https:\/\/xocomon.com\/#website\",\"url\":\"https:\/\/xocomon.com\/\",\"name\":\"Xocomon\",\"description\":\"\",\"potentialAction\":[{\"@type\":\"SearchAction\",\"target\":{\"@type\":\"EntryPoint\",\"urlTemplate\":\"https:\/\/xocomon.com\/?s={search_term_string}\"},\"query-input\":{\"@type\":\"PropertyValueSpecification\",\"valueRequired\":true,\"valueName\":\"search_term_string\"}}],\"inLanguage\":\"es\"}]}<\/script>\n<!-- \/ Yoast SEO plugin. -->","yoast_head_json":{"title":"4 huevos deportes peque\u00f1os chocolate con leche - Xocomon","description":"4 huevos deportes peque\u00f1os chocolate con leche, ingredientes: az\u00facar, pasta de cacao, manteca de cacao, leche, lecitina soja aroma","robots":{"index":"index","follow":"follow","max-snippet":"max-snippet:-1","max-image-preview":"max-image-preview:large","max-video-preview":"max-video-preview:-1"},"canonical":"https:\/\/xocomon.com\/producto\/4-ous-esports-petits-xocolata-amb-llet\/","og_locale":"es_ES","og_type":"article","og_title":"4 huevos deportes peque\u00f1os chocolate con leche - Xocomon","og_description":"4 huevos deportes peque\u00f1os chocolate con leche, ingredientes: az\u00facar, pasta de cacao, manteca de cacao, leche, lecitina soja aroma","og_url":"https:\/\/xocomon.com\/producto\/4-ous-esports-petits-xocolata-amb-llet\/","og_site_name":"Xocomon","article_publisher":"https:\/\/www.facebook.com\/xocomon\/","article_modified_time":"2026-04-02T07:33:52+00:00","og_image":[{"width":1200,"height":1200,"url":"https:\/\/xocomon.com\/wp-content\/uploads\/2023\/03\/Sin-titulo-3.jpg","type":"image\/jpeg"}],"twitter_card":"summary_large_image","twitter_misc":{"Tiempo de lectura":"1 minuto"},"schema":{"@context":"https:\/\/schema.org","@graph":[{"@type":"WebPage","@id":"https:\/\/xocomon.com\/producto\/4-ous-esports-petits-xocolata-amb-llet\/","url":"https:\/\/xocomon.com\/producto\/4-ous-esports-petits-xocolata-amb-llet\/","name":"4 huevos deportes peque\u00f1os chocolate con leche - Xocomon","isPartOf":{"@id":"https:\/\/xocomon.com\/#website"},"primaryImageOfPage":{"@id":"https:\/\/xocomon.com\/producto\/4-ous-esports-petits-xocolata-amb-llet\/#primaryimage"},"image":{"@id":"https:\/\/xocomon.com\/producto\/4-ous-esports-petits-xocolata-amb-llet\/#primaryimage"},"thumbnailUrl":"https:\/\/xocomon.com\/wp-content\/uploads\/2023\/03\/Sin-titulo-3.jpg","datePublished":"2023-03-01T12:08:34+00:00","dateModified":"2026-04-02T07:33:52+00:00","description":"4 huevos deportes peque\u00f1os chocolate con leche, ingredientes: az\u00facar, pasta de cacao, manteca de cacao, leche, lecitina soja aroma","breadcrumb":{"@id":"https:\/\/xocomon.com\/producto\/4-ous-esports-petits-xocolata-amb-llet\/#breadcrumb"},"inLanguage":"es","potentialAction":[{"@type":"ReadAction","target":["https:\/\/xocomon.com\/producto\/4-ous-esports-petits-xocolata-amb-llet\/"]}]},{"@type":"ImageObject","inLanguage":"es","@id":"https:\/\/xocomon.com\/producto\/4-ous-esports-petits-xocolata-amb-llet\/#primaryimage","url":"https:\/\/xocomon.com\/wp-content\/uploads\/2023\/03\/Sin-titulo-3.jpg","contentUrl":"https:\/\/xocomon.com\/wp-content\/uploads\/2023\/03\/Sin-titulo-3.jpg","width":1200,"height":1200,"caption":"deportes llet"},{"@type":"BreadcrumbList","@id":"https:\/\/xocomon.com\/producto\/4-ous-esports-petits-xocolata-amb-llet\/#breadcrumb","itemListElement":[{"@type":"ListItem","position":1,"name":"Portada","item":"https:\/\/xocomon.com\/es\/"},{"@type":"ListItem","position":2,"name":"Tienda","item":"https:\/\/xocomon.com\/es\/tienda\/"},{"@type":"ListItem","position":3,"name":"4 huevos deportes peque\u00f1os chocolate con leche"}]},{"@type":"WebSite","@id":"https:\/\/xocomon.com\/#website","url":"https:\/\/xocomon.com\/","name":"Xocomon","description":"","potentialAction":[{"@type":"SearchAction","target":{"@type":"EntryPoint","urlTemplate":"https:\/\/xocomon.com\/?s={search_term_string}"},"query-input":{"@type":"PropertyValueSpecification","valueRequired":true,"valueName":"search_term_string"}}],"inLanguage":"es"}]}},"tiered_pricing_type":"fixed","tiered_pricing_fixed_rules":[],"tiered_pricing_product_settings":{"layout":"default","base_unit_name":{"singular":null,"plural":null},"default_variation":null},"tiered_pricing_minimum_quantity":null,"tiered_pricing_roles_data":[],"tiered_pricing_percentage_rules":[],"_links":{"self":[{"href":"https:\/\/xocomon.com\/es\/wp-json\/wp\/v2\/product\/16421","targetHints":{"allow":["GET"]}}],"collection":[{"href":"https:\/\/xocomon.com\/es\/wp-json\/wp\/v2\/product"}],"about":[{"href":"https:\/\/xocomon.com\/es\/wp-json\/wp\/v2\/types\/product"}],"replies":[{"embeddable":true,"href":"https:\/\/xocomon.com\/es\/wp-json\/wp\/v2\/comments?post=16421"}],"wp:featuredmedia":[{"embeddable":true,"href":"https:\/\/xocomon.com\/es\/wp-json\/wp\/v2\/media\/16787"}],"wp:attachment":[{"href":"https:\/\/xocomon.com\/es\/wp-json\/wp\/v2\/media?parent=16421"}],"wp:term":[{"taxonomy":"product_brand","embeddable":true,"href":"https:\/\/xocomon.com\/es\/wp-json\/wp\/v2\/product_brand?post=16421"},{"taxonomy":"product_cat","embeddable":true,"href":"https:\/\/xocomon.com\/es\/wp-json\/wp\/v2\/product_cat?post=16421"},{"taxonomy":"product_tag","embeddable":true,"href":"https:\/\/xocomon.com\/es\/wp-json\/wp\/v2\/product_tag?post=16421"}],"curies":[{"name":"wp","href":"https:\/\/api.w.org\/{rel}","templated":true}]}}