{"id":16415,"date":"2023-03-01T12:26:38","date_gmt":"2023-03-01T11:26:38","guid":{"rendered":"https:\/\/xocomon.com\/product\/4-ous-esports-petits-xn\/"},"modified":"2026-03-10T13:18:01","modified_gmt":"2026-03-10T12:18:01","slug":"4-huevos-deportes-pequenos-chocolate-negro","status":"publish","type":"product","link":"https:\/\/xocomon.com\/es\/producto\/4-huevos-deportes-pequenos-chocolate-negro\/","title":{"rendered":"4 huevos deportes peque\u00f1os chocolate negro"},"content":{"rendered":"<p id=\"tw-target-text\" class=\"tw-data-text tw-text-large tw-ta\" dir=\"ltr\" data-placeholder=\"Traducci\u00f3\"><span class=\"Y2IQFc\" lang=\"es\">4 huevos deportes peque\u00f1os chocolate negro <\/span><\/p>\n<p class=\"tw-data-text tw-text-large tw-ta\" dir=\"ltr\" data-placeholder=\"Traducci\u00f3\"><span class=\"Y2IQFc\" lang=\"es\">Huevos de deportes <\/span><\/p>\n<p class=\"tw-data-text tw-text-large tw-ta\" dir=\"ltr\" data-placeholder=\"Traducci\u00f3\"><span class=\"Y2IQFc\" lang=\"es\">Este a\u00f1o nos hemos inspirado en los deportes, sab\u00e9is que en casa nuestros hijos juegan desde peque\u00f1os a baloncesto Claudia ya f\u00fatbol Cesc.<\/span><\/p>\n<p class=\"tw-data-text tw-text-large tw-ta\" dir=\"ltr\" data-placeholder=\"Traducci\u00f3\"><span class=\"Y2IQFc\" lang=\"es\">As\u00ed que cuando fuimos a comprar moldes, inicialmente pens\u00e1bamos en hacer una pelota grande de baloncesto y f\u00fatbol. <\/span><\/p>\n<p class=\"tw-data-text tw-text-large tw-ta\" dir=\"ltr\" data-placeholder=\"Traducci\u00f3\"><span class=\"Y2IQFc\" lang=\"es\">Pero all\u00ed vimos estos moldes tan divertidos de un huevo que sostiene balones de diferentes deportes. <\/span><\/p>\n<p class=\"tw-data-text tw-text-large tw-ta\" dir=\"ltr\" data-placeholder=\"Traducci\u00f3\"><span class=\"Y2IQFc\" lang=\"es\">En formato peque\u00f1o hay 4 deportes, aunque no sean todos los deportes que hoy en d\u00eda podemos encontrar, tenemos 4, nataci\u00f3n, rugby, baloncesto y f\u00fatbol. As\u00ed que esperamos que os gusten mucho y disfrutad de un buen mono sin trazas!.<\/span><\/p>\n","protected":false},"excerpt":{"rendered":"<p id=\"tw-target-text\" dir=\"ltr\" data-placeholder=\"Traducci\u00f3\"><strong><span lang=\"es\">4 huevos deportes peque\u00f1os chocolate negro, sin ning\u00fan al\u00e9rgeno.<\/span><\/strong><\/p>\n<p dir=\"ltr\" data-placeholder=\"Traducci\u00f3\"><span lang=\"es\">40 gr cada huevo, total 160 gr de chocolate, huevos peque\u00f1os de 6 cm alto, los encajamos muy bonitos en una caja Kraft los 4 juntos<\/span><\/p>\n<h4 dir=\"ltr\" data-placeholder=\"Traducci\u00f3\">Contenido:<\/h4>\n<ul>\n<li dir=\"ltr\" data-placeholder=\"Traducci\u00f3\"><span lang=\"es\">1<\/span><span lang=\"es\"> Huevo de baloncesto.<\/span><\/li>\n<li dir=\"ltr\" data-placeholder=\"Traducci\u00f3\"><span lang=\"es\">1 Huevo de f\u00fatbol.<\/span><\/li>\n<li dir=\"ltr\" data-placeholder=\"Traducci\u00f3\"><span lang=\"es\">1 Huevo de nataci\u00f3n.<\/span><\/li>\n<li dir=\"ltr\" data-placeholder=\"Traducci\u00f3\"><span lang=\"es\">1 Huevo de rugby.<\/span><\/li>\n<\/ul>\n<h4 dir=\"ltr\" data-placeholder=\"Traducci\u00f3\"><span lang=\"es\">Ingredientes:<\/span><\/h4>\n<ul>\n<li dir=\"ltr\" data-placeholder=\"Traducci\u00f3\"><span lang=\"es\">Az\u00facar.<\/span><\/li>\n<li dir=\"ltr\" data-placeholder=\"Traducci\u00f3\"><span lang=\"es\">Pasta de cacao.<\/span><\/li>\n<li dir=\"ltr\" data-placeholder=\"Traducci\u00f3\"><span lang=\"es\">Mantequilla de cacao.<\/span><\/li>\n<\/ul>\n<p dir=\"ltr\" data-placeholder=\"Traducci\u00f3\"><span lang=\"es\">No se venden por separado.<\/span><\/p>\n","protected":false},"featured_media":16413,"comment_status":"open","ping_status":"closed","template":"","meta":[],"product_brand":[],"product_cat":[131,190],"product_tag":[421],"class_list":{"0":"post-16415","1":"product","2":"type-product","3":"status-publish","4":"has-post-thumbnail","6":"product_cat-pascua","7":"product_cat-chocolate-negro-pascuas","8":"product_tag-4-ous-esports-petits-xn-es","9":"tm-has-options","11":"first","12":"instock","13":"taxable","14":"shipping-taxable","15":"purchasable","16":"product-type-simple"},"yoast_head":"<!-- This site is optimized with the Yoast SEO plugin v26.7 - https:\/\/yoast.com\/wordpress\/plugins\/seo\/ -->\n<title>4 huevos deportes peque\u00f1os chocolate negro - Xocomon<\/title>\n<meta name=\"description\" content=\"huevos de pascua 4 deportes peque\u00f1os sin alergenos, sin frutos secos, leche, huevo, gluten, soja, cacahuete, sin trazas !\" \/>\n<meta name=\"robots\" content=\"index, follow, max-snippet:-1, max-image-preview:large, max-video-preview:-1\" \/>\n<link rel=\"canonical\" href=\"https:\/\/xocomon.com\/producto\/4-ous-esports-petits-xn\/\" \/>\n<meta property=\"og:locale\" content=\"es_ES\" \/>\n<meta property=\"og:type\" content=\"article\" \/>\n<meta property=\"og:title\" content=\"4 huevos deportes peque\u00f1os chocolate negro - Xocomon\" \/>\n<meta property=\"og:description\" content=\"huevos de pascua 4 deportes peque\u00f1os sin alergenos, sin frutos secos, leche, huevo, gluten, soja, cacahuete, sin trazas !\" \/>\n<meta property=\"og:url\" content=\"https:\/\/xocomon.com\/producto\/4-ous-esports-petits-xn\/\" \/>\n<meta property=\"og:site_name\" content=\"Xocomon\" \/>\n<meta property=\"article:publisher\" content=\"https:\/\/www.facebook.com\/xocomon\/\" \/>\n<meta property=\"article:modified_time\" content=\"2026-03-10T12:18:01+00:00\" \/>\n<meta property=\"og:image\" content=\"https:\/\/xocomon.com\/wp-content\/uploads\/2023\/03\/PHOTO-2023-02-27-19-37-26.jpg\" \/>\n\t<meta property=\"og:image:width\" content=\"1600\" \/>\n\t<meta property=\"og:image:height\" content=\"1600\" \/>\n\t<meta property=\"og:image:type\" content=\"image\/jpeg\" \/>\n<meta name=\"twitter:card\" content=\"summary_large_image\" \/>\n<meta name=\"twitter:label1\" content=\"Tiempo de lectura\" \/>\n\t<meta name=\"twitter:data1\" content=\"1 minuto\" \/>\n<script type=\"application\/ld+json\" class=\"yoast-schema-graph\">{\"@context\":\"https:\/\/schema.org\",\"@graph\":[{\"@type\":\"WebPage\",\"@id\":\"https:\/\/xocomon.com\/producto\/4-ous-esports-petits-xn\/\",\"url\":\"https:\/\/xocomon.com\/producto\/4-ous-esports-petits-xn\/\",\"name\":\"4 huevos deportes peque\u00f1os chocolate negro - Xocomon\",\"isPartOf\":{\"@id\":\"https:\/\/xocomon.com\/#website\"},\"primaryImageOfPage\":{\"@id\":\"https:\/\/xocomon.com\/producto\/4-ous-esports-petits-xn\/#primaryimage\"},\"image\":{\"@id\":\"https:\/\/xocomon.com\/producto\/4-ous-esports-petits-xn\/#primaryimage\"},\"thumbnailUrl\":\"https:\/\/xocomon.com\/wp-content\/uploads\/2023\/03\/PHOTO-2023-02-27-19-37-26.jpg\",\"datePublished\":\"2023-03-01T11:26:38+00:00\",\"dateModified\":\"2026-03-10T12:18:01+00:00\",\"description\":\"huevos de pascua 4 deportes peque\u00f1os sin alergenos, sin frutos secos, leche, huevo, gluten, soja, cacahuete, sin trazas !\",\"breadcrumb\":{\"@id\":\"https:\/\/xocomon.com\/producto\/4-ous-esports-petits-xn\/#breadcrumb\"},\"inLanguage\":\"es\",\"potentialAction\":[{\"@type\":\"ReadAction\",\"target\":[\"https:\/\/xocomon.com\/producto\/4-ous-esports-petits-xn\/\"]}]},{\"@type\":\"ImageObject\",\"inLanguage\":\"es\",\"@id\":\"https:\/\/xocomon.com\/producto\/4-ous-esports-petits-xn\/#primaryimage\",\"url\":\"https:\/\/xocomon.com\/wp-content\/uploads\/2023\/03\/PHOTO-2023-02-27-19-37-26.jpg\",\"contentUrl\":\"https:\/\/xocomon.com\/wp-content\/uploads\/2023\/03\/PHOTO-2023-02-27-19-37-26.jpg\",\"width\":1600,\"height\":1600},{\"@type\":\"BreadcrumbList\",\"@id\":\"https:\/\/xocomon.com\/producto\/4-ous-esports-petits-xn\/#breadcrumb\",\"itemListElement\":[{\"@type\":\"ListItem\",\"position\":1,\"name\":\"Portada\",\"item\":\"https:\/\/xocomon.com\/es\/\"},{\"@type\":\"ListItem\",\"position\":2,\"name\":\"Tienda\",\"item\":\"https:\/\/xocomon.com\/es\/tienda\/\"},{\"@type\":\"ListItem\",\"position\":3,\"name\":\"4 huevos deportes peque\u00f1os chocolate negro\"}]},{\"@type\":\"WebSite\",\"@id\":\"https:\/\/xocomon.com\/#website\",\"url\":\"https:\/\/xocomon.com\/\",\"name\":\"Xocomon\",\"description\":\"\",\"potentialAction\":[{\"@type\":\"SearchAction\",\"target\":{\"@type\":\"EntryPoint\",\"urlTemplate\":\"https:\/\/xocomon.com\/?s={search_term_string}\"},\"query-input\":{\"@type\":\"PropertyValueSpecification\",\"valueRequired\":true,\"valueName\":\"search_term_string\"}}],\"inLanguage\":\"es\"}]}<\/script>\n<!-- \/ Yoast SEO plugin. -->","yoast_head_json":{"title":"4 huevos deportes peque\u00f1os chocolate negro - Xocomon","description":"huevos de pascua 4 deportes peque\u00f1os sin alergenos, sin frutos secos, leche, huevo, gluten, soja, cacahuete, sin trazas !","robots":{"index":"index","follow":"follow","max-snippet":"max-snippet:-1","max-image-preview":"max-image-preview:large","max-video-preview":"max-video-preview:-1"},"canonical":"https:\/\/xocomon.com\/producto\/4-ous-esports-petits-xn\/","og_locale":"es_ES","og_type":"article","og_title":"4 huevos deportes peque\u00f1os chocolate negro - Xocomon","og_description":"huevos de pascua 4 deportes peque\u00f1os sin alergenos, sin frutos secos, leche, huevo, gluten, soja, cacahuete, sin trazas !","og_url":"https:\/\/xocomon.com\/producto\/4-ous-esports-petits-xn\/","og_site_name":"Xocomon","article_publisher":"https:\/\/www.facebook.com\/xocomon\/","article_modified_time":"2026-03-10T12:18:01+00:00","og_image":[{"width":1600,"height":1600,"url":"https:\/\/xocomon.com\/wp-content\/uploads\/2023\/03\/PHOTO-2023-02-27-19-37-26.jpg","type":"image\/jpeg"}],"twitter_card":"summary_large_image","twitter_misc":{"Tiempo de lectura":"1 minuto"},"schema":{"@context":"https:\/\/schema.org","@graph":[{"@type":"WebPage","@id":"https:\/\/xocomon.com\/producto\/4-ous-esports-petits-xn\/","url":"https:\/\/xocomon.com\/producto\/4-ous-esports-petits-xn\/","name":"4 huevos deportes peque\u00f1os chocolate negro - Xocomon","isPartOf":{"@id":"https:\/\/xocomon.com\/#website"},"primaryImageOfPage":{"@id":"https:\/\/xocomon.com\/producto\/4-ous-esports-petits-xn\/#primaryimage"},"image":{"@id":"https:\/\/xocomon.com\/producto\/4-ous-esports-petits-xn\/#primaryimage"},"thumbnailUrl":"https:\/\/xocomon.com\/wp-content\/uploads\/2023\/03\/PHOTO-2023-02-27-19-37-26.jpg","datePublished":"2023-03-01T11:26:38+00:00","dateModified":"2026-03-10T12:18:01+00:00","description":"huevos de pascua 4 deportes peque\u00f1os sin alergenos, sin frutos secos, leche, huevo, gluten, soja, cacahuete, sin trazas !","breadcrumb":{"@id":"https:\/\/xocomon.com\/producto\/4-ous-esports-petits-xn\/#breadcrumb"},"inLanguage":"es","potentialAction":[{"@type":"ReadAction","target":["https:\/\/xocomon.com\/producto\/4-ous-esports-petits-xn\/"]}]},{"@type":"ImageObject","inLanguage":"es","@id":"https:\/\/xocomon.com\/producto\/4-ous-esports-petits-xn\/#primaryimage","url":"https:\/\/xocomon.com\/wp-content\/uploads\/2023\/03\/PHOTO-2023-02-27-19-37-26.jpg","contentUrl":"https:\/\/xocomon.com\/wp-content\/uploads\/2023\/03\/PHOTO-2023-02-27-19-37-26.jpg","width":1600,"height":1600},{"@type":"BreadcrumbList","@id":"https:\/\/xocomon.com\/producto\/4-ous-esports-petits-xn\/#breadcrumb","itemListElement":[{"@type":"ListItem","position":1,"name":"Portada","item":"https:\/\/xocomon.com\/es\/"},{"@type":"ListItem","position":2,"name":"Tienda","item":"https:\/\/xocomon.com\/es\/tienda\/"},{"@type":"ListItem","position":3,"name":"4 huevos deportes peque\u00f1os chocolate negro"}]},{"@type":"WebSite","@id":"https:\/\/xocomon.com\/#website","url":"https:\/\/xocomon.com\/","name":"Xocomon","description":"","potentialAction":[{"@type":"SearchAction","target":{"@type":"EntryPoint","urlTemplate":"https:\/\/xocomon.com\/?s={search_term_string}"},"query-input":{"@type":"PropertyValueSpecification","valueRequired":true,"valueName":"search_term_string"}}],"inLanguage":"es"}]}},"tiered_pricing_type":"fixed","tiered_pricing_fixed_rules":[],"tiered_pricing_product_settings":{"layout":"default","base_unit_name":{"singular":null,"plural":null},"default_variation":null},"tiered_pricing_minimum_quantity":null,"tiered_pricing_roles_data":[],"tiered_pricing_percentage_rules":[],"_links":{"self":[{"href":"https:\/\/xocomon.com\/es\/wp-json\/wp\/v2\/product\/16415","targetHints":{"allow":["GET"]}}],"collection":[{"href":"https:\/\/xocomon.com\/es\/wp-json\/wp\/v2\/product"}],"about":[{"href":"https:\/\/xocomon.com\/es\/wp-json\/wp\/v2\/types\/product"}],"replies":[{"embeddable":true,"href":"https:\/\/xocomon.com\/es\/wp-json\/wp\/v2\/comments?post=16415"}],"wp:featuredmedia":[{"embeddable":true,"href":"https:\/\/xocomon.com\/es\/wp-json\/wp\/v2\/media\/16413"}],"wp:attachment":[{"href":"https:\/\/xocomon.com\/es\/wp-json\/wp\/v2\/media?parent=16415"}],"wp:term":[{"taxonomy":"product_brand","embeddable":true,"href":"https:\/\/xocomon.com\/es\/wp-json\/wp\/v2\/product_brand?post=16415"},{"taxonomy":"product_cat","embeddable":true,"href":"https:\/\/xocomon.com\/es\/wp-json\/wp\/v2\/product_cat?post=16415"},{"taxonomy":"product_tag","embeddable":true,"href":"https:\/\/xocomon.com\/es\/wp-json\/wp\/v2\/product_tag?post=16415"}],"curies":[{"name":"wp","href":"https:\/\/api.w.org\/{rel}","templated":true}]}}