{"id":16370,"date":"2023-02-27T11:46:45","date_gmt":"2023-02-27T10:46:45","guid":{"rendered":"https:\/\/xocomon.com\/product\/ou-futbol-xocolata-negra\/"},"modified":"2026-03-30T13:09:35","modified_gmt":"2026-03-30T12:09:35","slug":"huevo-futbol-chocolate-negro","status":"publish","type":"product","link":"https:\/\/xocomon.com\/es\/producto\/huevo-futbol-chocolate-negro\/","title":{"rendered":"Huevo f\u00fatbol chocolate negro"},"content":{"rendered":"<pre id=\"tw-target-text\" class=\"tw-data-text tw-text-large tw-ta\" dir=\"ltr\" tabindex=\"-1\" role=\"text\" data-placeholder=\"Traducci\u00f3n\" data-ved=\"2ahUKEwiJid-18tOSAxVTTKQEHRzYAHwQ3ewLegQIDBAW\" aria-label=\"Texto traducido: Huevo de Pascua Xocomon \u2013 Huevo de f\u00fatbol, \u200b\u200bchocolate con dise\u00f1o original para amantes del deporte\r\n\r\nDescubre el Huevo de Pascua Xocomon con motivo de f\u00fatbol, \u200b\u200buna propuesta dulce y sorprendente para celebrar la Pascua con estilo y personalidad. Elaborado con chocolate de primera calidad, este huevo combina sabor intenso y suave textura con un dise\u00f1o deportivo inspirado en el f\u00fatbol que har\u00e1 sonre\u00edr tanto a los peque\u00f1os como a los grandes aficionados.\r\n\r\nPerfecto como regalo para fans del deporte, como detalle para monas creativas o simplemente para disfrutar de un chocolate festivo con un toque divertido y original. El Huevo de Baloncesto Xocomon aporta energ\u00eda, calidad y alegr\u00eda a cualquier celebraci\u00f3n.\r\n\r\n\u2714 Chocolate de alta calidad con sabor delicioso\r\n\u2714 Dise\u00f1o exclusivo con motivo de baloncesto\r\n\u2714 Ideal como regalo o decoraci\u00f3n para Pascua\r\n\u2714 Perfecto para aficionados al deporte\r\n\r\nCelebra esta Pascua con el Huevo de f\u00fatbol\u00a0 Xocomon \u2014 sabor y deporte en cada mordisco.\"><span class=\"Y2IQFc\" lang=\"es\" style=\"font-family: helvetica, arial, sans-serif;\">Huevo de Pascua Xocomon \u2013 Huevo de f\u00fatbol, \u200b\u200bchocolate con dise\u00f1o original para amantes del deporte\r\n\r\nDescubre el Huevo de Pascua Xocomon con motivo de f\u00fatbol, \u200b\u200buna propuesta dulce y sorprendente para celebrar la Pascua con estilo y personalidad. Elaborado con chocolate de primera calidad, este huevo combina sabor intenso y suave textura con un dise\u00f1o deportivo inspirado en el f\u00fatbol que har\u00e1 sonre\u00edr tanto a los peque\u00f1os como a los grandes aficionados.\r\n\r\nPerfecto como regalo para fans del deporte, como detalle para monas creativas o simplemente para disfrutar de un chocolate festivo con un toque divertido y original. El Huevo de Baloncesto Xocomon aporta energ\u00eda, calidad y alegr\u00eda a cualquier celebraci\u00f3n.\r\n\r\n\u2714 Chocolate de alta calidad con sabor delicioso\r\n\u2714 Dise\u00f1o exclusivo con motivo de baloncesto\r\n\u2714 Ideal como regalo o decoraci\u00f3n para Pascua\r\n\u2714 Perfecto para aficionados al deporte\r\n\r\nCelebra esta Pascua con el Huevo de f\u00fatbol\u00a0 Xocomon \u2014 sabor y deporte en cada mordisco.<\/span><\/pre>\n","protected":false},"excerpt":{"rendered":"<p dir=\"ltr\" data-placeholder=\"Traducci\u00f3\"><span class=\"Y2IQFc\" lang=\"es\"><span style=\"font-family: helvetica, arial, sans-serif;\"><span style=\"text-decoration: underline;\">Medida<\/span><\/span>: Huevo grande de 14 cm con caja decorativa con anilla de 19 cm. <\/span><\/p>\n<p dir=\"ltr\" data-placeholder=\"Traducci\u00f3\"><span class=\"Y2IQFc\" lang=\"es\"><span style=\"text-decoration: underline;\">Peso<\/span>: 250G<\/span><\/p>\n<p id=\"tw-target-text\" class=\"tw-data-text tw-text-large tw-ta\" dir=\"ltr\" data-placeholder=\"Traducci\u00f3\"><span class=\"Y2IQFc\" lang=\"es\">Huevo de pascua f\u00fatbol chocolate negro.<\/span><\/p>\n<h4 class=\"tw-data-text tw-text-large tw-ta\" dir=\"ltr\" data-placeholder=\"Traducci\u00f3\"><span class=\"Y2IQFc\" lang=\"es\">Ingredientes: <\/span><\/h4>\n<ul>\n<li class=\"tw-data-text tw-text-large tw-ta\" dir=\"ltr\" data-placeholder=\"Traducci\u00f3\"><span class=\"Y2IQFc\" lang=\"es\">Pasta de cacao.<\/span><\/li>\n<li class=\"tw-data-text tw-text-large tw-ta\" dir=\"ltr\" data-placeholder=\"Traducci\u00f3\"><span class=\"Y2IQFc\" lang=\"es\">Az\u00facar.<\/span><\/li>\n<li class=\"tw-data-text tw-text-large tw-ta\" dir=\"ltr\" data-placeholder=\"Traducci\u00f3\"><span class=\"Y2IQFc\" lang=\"es\">Mantequilla de cacao.<\/span><\/li>\n<\/ul>\n<h6 class=\"tw-data-text tw-text-large tw-ta\" dir=\"ltr\" data-placeholder=\"Traducci\u00f3\"><span class=\"Y2IQFc\" lang=\"es\">Sin al\u00e9rgenos &#8211; chocolate xocomon.<\/span><\/h6>\n<p class=\"tw-data-text tw-text-large tw-ta\" dir=\"ltr\" data-placeholder=\"Traducci\u00f3\"><span class=\"Y2IQFc\" lang=\"es\">UNIDADES LIMIDADES<\/span><\/p>\n<p dir=\"ltr\" data-placeholder=\"Traducci\u00f3\"><img loading=\"lazy\" decoding=\"async\" class=\"size-full wp-image-20867 alignnone\" src=\"https:\/\/xocomon.com\/wp-content\/uploads\/2024\/04\/icons-negro.png\" alt=\"\" width=\"253\" height=\"171\" \/>\n","protected":false},"featured_media":16200,"comment_status":"open","ping_status":"closed","template":"","meta":[],"product_brand":[],"product_cat":[131,190],"product_tag":[368],"class_list":{"0":"post-16370","1":"product","2":"type-product","3":"status-publish","4":"has-post-thumbnail","6":"product_cat-pascua","7":"product_cat-chocolate-negro-pascuas","8":"product_tag-ou-futbol-xocolata-negra-es","9":"tm-has-options","11":"first","12":"instock","13":"taxable","14":"shipping-taxable","15":"purchasable","16":"product-type-simple"},"yoast_head":"<!-- This site is optimized with the Yoast SEO plugin v26.7 - https:\/\/yoast.com\/wordpress\/plugins\/seo\/ -->\n<title>Huevo f\u00fatbol chocolate negro - Xocomon<\/title>\n<meta name=\"description\" content=\"Huevo f\u00fatbol chocolate negro sin al\u00e9rgenos ni trazas, sin soja, sin leche, sin huevo, sin gluten, sin cacahuete, sin frutos secos.\" \/>\n<meta name=\"robots\" content=\"index, follow, max-snippet:-1, max-image-preview:large, max-video-preview:-1\" \/>\n<link rel=\"canonical\" href=\"https:\/\/xocomon.com\/producto\/ou-futbol-xocolata-negra\/\" \/>\n<meta property=\"og:locale\" content=\"es_ES\" \/>\n<meta property=\"og:type\" content=\"article\" \/>\n<meta property=\"og:title\" content=\"Huevo f\u00fatbol chocolate negro - Xocomon\" \/>\n<meta property=\"og:description\" content=\"Huevo f\u00fatbol chocolate negro sin al\u00e9rgenos ni trazas, sin soja, sin leche, sin huevo, sin gluten, sin cacahuete, sin frutos secos.\" \/>\n<meta property=\"og:url\" content=\"https:\/\/xocomon.com\/producto\/ou-futbol-xocolata-negra\/\" \/>\n<meta property=\"og:site_name\" content=\"Xocomon\" \/>\n<meta property=\"article:publisher\" content=\"https:\/\/www.facebook.com\/xocomon\/\" \/>\n<meta property=\"article:modified_time\" content=\"2026-03-30T12:09:35+00:00\" \/>\n<meta property=\"og:image\" content=\"https:\/\/xocomon.com\/wp-content\/uploads\/2023\/02\/DSC03788_1_1_1.jpg\" \/>\n\t<meta property=\"og:image:width\" content=\"1500\" \/>\n\t<meta property=\"og:image:height\" content=\"1500\" \/>\n\t<meta property=\"og:image:type\" content=\"image\/jpeg\" \/>\n<meta name=\"twitter:card\" content=\"summary_large_image\" \/>\n<meta name=\"twitter:label1\" content=\"Tiempo de lectura\" \/>\n\t<meta name=\"twitter:data1\" content=\"1 minuto\" \/>\n<script type=\"application\/ld+json\" class=\"yoast-schema-graph\">{\"@context\":\"https:\/\/schema.org\",\"@graph\":[{\"@type\":\"WebPage\",\"@id\":\"https:\/\/xocomon.com\/producto\/ou-futbol-xocolata-negra\/\",\"url\":\"https:\/\/xocomon.com\/producto\/ou-futbol-xocolata-negra\/\",\"name\":\"Huevo f\u00fatbol chocolate negro - Xocomon\",\"isPartOf\":{\"@id\":\"https:\/\/xocomon.com\/#website\"},\"primaryImageOfPage\":{\"@id\":\"https:\/\/xocomon.com\/producto\/ou-futbol-xocolata-negra\/#primaryimage\"},\"image\":{\"@id\":\"https:\/\/xocomon.com\/producto\/ou-futbol-xocolata-negra\/#primaryimage\"},\"thumbnailUrl\":\"https:\/\/xocomon.com\/wp-content\/uploads\/2023\/02\/DSC03788_1_1_1.jpg\",\"datePublished\":\"2023-02-27T10:46:45+00:00\",\"dateModified\":\"2026-03-30T12:09:35+00:00\",\"description\":\"Huevo f\u00fatbol chocolate negro sin al\u00e9rgenos ni trazas, sin soja, sin leche, sin huevo, sin gluten, sin cacahuete, sin frutos secos.\",\"breadcrumb\":{\"@id\":\"https:\/\/xocomon.com\/producto\/ou-futbol-xocolata-negra\/#breadcrumb\"},\"inLanguage\":\"es\",\"potentialAction\":[{\"@type\":\"ReadAction\",\"target\":[\"https:\/\/xocomon.com\/producto\/ou-futbol-xocolata-negra\/\"]}]},{\"@type\":\"ImageObject\",\"inLanguage\":\"es\",\"@id\":\"https:\/\/xocomon.com\/producto\/ou-futbol-xocolata-negra\/#primaryimage\",\"url\":\"https:\/\/xocomon.com\/wp-content\/uploads\/2023\/02\/DSC03788_1_1_1.jpg\",\"contentUrl\":\"https:\/\/xocomon.com\/wp-content\/uploads\/2023\/02\/DSC03788_1_1_1.jpg\",\"width\":1500,\"height\":1500,\"caption\":\"Ou futbol xocolata amb llet\"},{\"@type\":\"BreadcrumbList\",\"@id\":\"https:\/\/xocomon.com\/producto\/ou-futbol-xocolata-negra\/#breadcrumb\",\"itemListElement\":[{\"@type\":\"ListItem\",\"position\":1,\"name\":\"Portada\",\"item\":\"https:\/\/xocomon.com\/es\/\"},{\"@type\":\"ListItem\",\"position\":2,\"name\":\"Tienda\",\"item\":\"https:\/\/xocomon.com\/es\/tienda\/\"},{\"@type\":\"ListItem\",\"position\":3,\"name\":\"Huevo f\u00fatbol chocolate negro\"}]},{\"@type\":\"WebSite\",\"@id\":\"https:\/\/xocomon.com\/#website\",\"url\":\"https:\/\/xocomon.com\/\",\"name\":\"Xocomon\",\"description\":\"\",\"potentialAction\":[{\"@type\":\"SearchAction\",\"target\":{\"@type\":\"EntryPoint\",\"urlTemplate\":\"https:\/\/xocomon.com\/?s={search_term_string}\"},\"query-input\":{\"@type\":\"PropertyValueSpecification\",\"valueRequired\":true,\"valueName\":\"search_term_string\"}}],\"inLanguage\":\"es\"}]}<\/script>\n<!-- \/ Yoast SEO plugin. -->","yoast_head_json":{"title":"Huevo f\u00fatbol chocolate negro - Xocomon","description":"Huevo f\u00fatbol chocolate negro sin al\u00e9rgenos ni trazas, sin soja, sin leche, sin huevo, sin gluten, sin cacahuete, sin frutos secos.","robots":{"index":"index","follow":"follow","max-snippet":"max-snippet:-1","max-image-preview":"max-image-preview:large","max-video-preview":"max-video-preview:-1"},"canonical":"https:\/\/xocomon.com\/producto\/ou-futbol-xocolata-negra\/","og_locale":"es_ES","og_type":"article","og_title":"Huevo f\u00fatbol chocolate negro - Xocomon","og_description":"Huevo f\u00fatbol chocolate negro sin al\u00e9rgenos ni trazas, sin soja, sin leche, sin huevo, sin gluten, sin cacahuete, sin frutos secos.","og_url":"https:\/\/xocomon.com\/producto\/ou-futbol-xocolata-negra\/","og_site_name":"Xocomon","article_publisher":"https:\/\/www.facebook.com\/xocomon\/","article_modified_time":"2026-03-30T12:09:35+00:00","og_image":[{"width":1500,"height":1500,"url":"https:\/\/xocomon.com\/wp-content\/uploads\/2023\/02\/DSC03788_1_1_1.jpg","type":"image\/jpeg"}],"twitter_card":"summary_large_image","twitter_misc":{"Tiempo de lectura":"1 minuto"},"schema":{"@context":"https:\/\/schema.org","@graph":[{"@type":"WebPage","@id":"https:\/\/xocomon.com\/producto\/ou-futbol-xocolata-negra\/","url":"https:\/\/xocomon.com\/producto\/ou-futbol-xocolata-negra\/","name":"Huevo f\u00fatbol chocolate negro - Xocomon","isPartOf":{"@id":"https:\/\/xocomon.com\/#website"},"primaryImageOfPage":{"@id":"https:\/\/xocomon.com\/producto\/ou-futbol-xocolata-negra\/#primaryimage"},"image":{"@id":"https:\/\/xocomon.com\/producto\/ou-futbol-xocolata-negra\/#primaryimage"},"thumbnailUrl":"https:\/\/xocomon.com\/wp-content\/uploads\/2023\/02\/DSC03788_1_1_1.jpg","datePublished":"2023-02-27T10:46:45+00:00","dateModified":"2026-03-30T12:09:35+00:00","description":"Huevo f\u00fatbol chocolate negro sin al\u00e9rgenos ni trazas, sin soja, sin leche, sin huevo, sin gluten, sin cacahuete, sin frutos secos.","breadcrumb":{"@id":"https:\/\/xocomon.com\/producto\/ou-futbol-xocolata-negra\/#breadcrumb"},"inLanguage":"es","potentialAction":[{"@type":"ReadAction","target":["https:\/\/xocomon.com\/producto\/ou-futbol-xocolata-negra\/"]}]},{"@type":"ImageObject","inLanguage":"es","@id":"https:\/\/xocomon.com\/producto\/ou-futbol-xocolata-negra\/#primaryimage","url":"https:\/\/xocomon.com\/wp-content\/uploads\/2023\/02\/DSC03788_1_1_1.jpg","contentUrl":"https:\/\/xocomon.com\/wp-content\/uploads\/2023\/02\/DSC03788_1_1_1.jpg","width":1500,"height":1500,"caption":"Ou futbol xocolata amb llet"},{"@type":"BreadcrumbList","@id":"https:\/\/xocomon.com\/producto\/ou-futbol-xocolata-negra\/#breadcrumb","itemListElement":[{"@type":"ListItem","position":1,"name":"Portada","item":"https:\/\/xocomon.com\/es\/"},{"@type":"ListItem","position":2,"name":"Tienda","item":"https:\/\/xocomon.com\/es\/tienda\/"},{"@type":"ListItem","position":3,"name":"Huevo f\u00fatbol chocolate negro"}]},{"@type":"WebSite","@id":"https:\/\/xocomon.com\/#website","url":"https:\/\/xocomon.com\/","name":"Xocomon","description":"","potentialAction":[{"@type":"SearchAction","target":{"@type":"EntryPoint","urlTemplate":"https:\/\/xocomon.com\/?s={search_term_string}"},"query-input":{"@type":"PropertyValueSpecification","valueRequired":true,"valueName":"search_term_string"}}],"inLanguage":"es"}]}},"tiered_pricing_type":"fixed","tiered_pricing_fixed_rules":[],"tiered_pricing_product_settings":{"layout":"default","base_unit_name":{"singular":null,"plural":null},"default_variation":null},"tiered_pricing_minimum_quantity":null,"tiered_pricing_roles_data":[],"tiered_pricing_percentage_rules":[],"_links":{"self":[{"href":"https:\/\/xocomon.com\/es\/wp-json\/wp\/v2\/product\/16370","targetHints":{"allow":["GET"]}}],"collection":[{"href":"https:\/\/xocomon.com\/es\/wp-json\/wp\/v2\/product"}],"about":[{"href":"https:\/\/xocomon.com\/es\/wp-json\/wp\/v2\/types\/product"}],"replies":[{"embeddable":true,"href":"https:\/\/xocomon.com\/es\/wp-json\/wp\/v2\/comments?post=16370"}],"wp:featuredmedia":[{"embeddable":true,"href":"https:\/\/xocomon.com\/es\/wp-json\/wp\/v2\/media\/16200"}],"wp:attachment":[{"href":"https:\/\/xocomon.com\/es\/wp-json\/wp\/v2\/media?parent=16370"}],"wp:term":[{"taxonomy":"product_brand","embeddable":true,"href":"https:\/\/xocomon.com\/es\/wp-json\/wp\/v2\/product_brand?post=16370"},{"taxonomy":"product_cat","embeddable":true,"href":"https:\/\/xocomon.com\/es\/wp-json\/wp\/v2\/product_cat?post=16370"},{"taxonomy":"product_tag","embeddable":true,"href":"https:\/\/xocomon.com\/es\/wp-json\/wp\/v2\/product_tag?post=16370"}],"curies":[{"name":"wp","href":"https:\/\/api.w.org\/{rel}","templated":true}]}}