{"id":16352,"date":"2023-02-24T17:05:14","date_gmt":"2023-02-24T16:05:14","guid":{"rendered":"https:\/\/xocomon.com\/product\/ou-futbol-xocolata-amb-llet\/"},"modified":"2026-04-04T12:56:10","modified_gmt":"2026-04-04T11:56:10","slug":"huevo-de-futbol-chocolate-con-leche","status":"publish","type":"product","link":"https:\/\/xocomon.com\/es\/producto\/huevo-de-futbol-chocolate-con-leche\/","title":{"rendered":"Huevo de f\u00fatbol chocolate con leche"},"content":{"rendered":"<p id=\"tw-target-text\" class=\"tw-data-text tw-text-large tw-ta\" dir=\"ltr\" data-placeholder=\"Traducci\u00f3\"><span class=\"Y2IQFc\" lang=\"es\">Huevo f\u00fatbol chocolate con leche <\/span><\/p>\n<p class=\"tw-data-text tw-text-large tw-ta\" dir=\"ltr\" data-placeholder=\"Traducci\u00f3\"><span class=\"Y2IQFc\" lang=\"es\">UNIDADES LIMITADAS <\/span><\/p>\n<p class=\"tw-data-text tw-text-large tw-ta\" dir=\"ltr\" data-placeholder=\"Traducci\u00f3\"><span class=\"Y2IQFc\" lang=\"es\">Lo hemos hecho nueve este 2023 para dar a los futboleros una alegr\u00eda. <\/span><\/p>\n<p class=\"tw-data-text tw-text-large tw-ta\" dir=\"ltr\" data-placeholder=\"Traducci\u00f3\"><span class=\"Y2IQFc\" lang=\"es\">Somos artesanos, hacemos cada huevo a mano, uno a uno. Sin prisa con todo el amor. <\/span><\/p>\n<p class=\"tw-data-text tw-text-large tw-ta\" dir=\"ltr\" data-placeholder=\"Traducci\u00f3\"><span class=\"Y2IQFc\" lang=\"es\">\u00bfPor qu\u00e9 chocolate Xocomon? <\/span><\/p>\n<p class=\"tw-data-text tw-text-large tw-ta\" dir=\"ltr\" data-placeholder=\"Traducci\u00f3\"><span class=\"Y2IQFc\" lang=\"es\">Porque es segura, buen\u00edsima y \u00fanica. <\/span><\/p>\n<p class=\"tw-data-text tw-text-large tw-ta\" dir=\"ltr\" data-placeholder=\"Traducci\u00f3\"><span class=\"Y2IQFc\" lang=\"es\">Este proyecto nace de la necesidad de hacer chocolate sin trazas de frutos secos. <\/span><\/p>\n<p class=\"tw-data-text tw-text-large tw-ta\" dir=\"ltr\" data-placeholder=\"Traducci\u00f3\"><span class=\"Y2IQFc\" lang=\"es\">A partir de aqu\u00ed tambi\u00e9n es sin gluten, sin huevo y sin cacahuete. <\/span><\/p>\n<p class=\"tw-data-text tw-text-large tw-ta\" dir=\"ltr\" data-placeholder=\"Traducci\u00f3\"><span class=\"Y2IQFc\" lang=\"es\">Muchos nos pide para que hagamos chocolate con leche, si la leche es un al\u00e9rgeno?.<\/span><\/p>\n<p class=\"tw-data-text tw-text-large tw-ta\" dir=\"ltr\" data-placeholder=\"Traducci\u00f3\"><span class=\"Y2IQFc\" lang=\"es\">Claudia es al final el chocolate que quer\u00eda ya que ella si tolera prote\u00edna de la leche. <\/span><\/p>\n<p class=\"tw-data-text tw-text-large tw-ta\" dir=\"ltr\" data-placeholder=\"Traducci\u00f3\"><span class=\"Y2IQFc\" lang=\"es\">Y \u00e9sta es nuestra raz\u00f3n de nacer. A partir de aqu\u00ed vimos que hay muchos al\u00e9rgicos a la prote\u00edna de la leche y hicimos chocolate negro sin leche ni trazas y chocolate con chufa. <\/span><\/p>\n<p class=\"tw-data-text tw-text-large tw-ta\" dir=\"ltr\" data-placeholder=\"Traducci\u00f3\"><span class=\"Y2IQFc\" lang=\"es\">El chocolate con chufa sustituye al chocolate con leche y tiene un sabor muy parecido. <\/span><\/p>\n<p class=\"tw-data-text tw-text-large tw-ta\" dir=\"ltr\" data-placeholder=\"Traducci\u00f3\"><span class=\"Y2IQFc\" lang=\"es\">As\u00ed que ahora ya sab\u00e9is un poco m\u00e1s de nosotros, esperamos que os guste<\/span><\/p>\n<p class=\"tw-data-text tw-text-large tw-ta\" dir=\"ltr\" data-placeholder=\"Traducci\u00f3\"><span class=\"Y2IQFc\" lang=\"es\">Y feliz pascua y que le haga un buen papel el huevo de f\u00fatbol chocolate con leche Seguridad: Huevo f\u00fatbol chocolate leche La seguridad es nuestra raz\u00f3n de ser. Compramos chocolate certificado sin frutos secos por parte del proveedor. Por tanto nuestros proveedores son grandes productores de cacao. Formamos parte de cocoa horizontes. Antes de empezar cualquier producci\u00f3n, limpiamos techo, paredes suelo del obrador. Hacemos an\u00e1lisis de superficies para asegurar las trazas de los al\u00e9rgenos definidos. Entramos del almac\u00e9n de chocolate con leche chocomon, chocolate y todos los utensilios y maquina exclusiva. Producimos seg\u00fan las m\u00e1ximas de seguridad y limpieza. Cerramos todos los productos en el obrador, nunca fabricamos nada m\u00e1s en el mismo tiempo. Cerramos y analizamos producto final Damos el lote por liberado. Esperamos que te encanta este huevo tan divertido.<\/span><\/p>\n","protected":false},"excerpt":{"rendered":"<p id=\"tw-target-text\" class=\"tw-data-text tw-text-large tw-ta\" dir=\"ltr\" data-placeholder=\"Traducci\u00f3\"><span class=\"Y2IQFc\" lang=\"es\">Huevo f\u00fatbol chocolate leche.<\/span><\/p>\n<p dir=\"ltr\" data-placeholder=\"Traducci\u00f3\"><span class=\"Y2IQFc\" lang=\"es\"><span style=\"font-family: helvetica, arial, sans-serif\"><span style=\"text-decoration: underline\">Medida<\/span><\/span>: Huevo grande de 14 cm con caja decorativa con anilla de 19 cm. <\/span><\/p>\n<p dir=\"ltr\" data-placeholder=\"Traducci\u00f3\"><span class=\"Y2IQFc\" lang=\"es\"><span style=\"text-decoration: underline\">Peso<\/span>: 250G.<\/span><\/p>\n<h4 class=\"tw-data-text tw-text-large tw-ta\" dir=\"ltr\" data-placeholder=\"Traducci\u00f3\"><span class=\"Y2IQFc\" lang=\"es\">Ingredientes: <\/span><\/h4>\n<ul>\n<li class=\"tw-data-text tw-text-large tw-ta\" dir=\"ltr\" data-placeholder=\"Traducci\u00f3\"><span class=\"Y2IQFc\" lang=\"es\">Pasta de cacao.<\/span><\/li>\n<li class=\"tw-data-text tw-text-large tw-ta\" dir=\"ltr\" data-placeholder=\"Traducci\u00f3\"><span class=\"Y2IQFc\" lang=\"es\">Az\u00facar.<\/span><\/li>\n<li class=\"tw-data-text tw-text-large tw-ta\" dir=\"ltr\" data-placeholder=\"Traducci\u00f3\"><span class=\"Y2IQFc\" lang=\"es\"><span style=\"color: #ed1c24\"><strong>Leche entera en polvo.<\/strong><\/span><\/span><\/li>\n<li class=\"tw-data-text tw-text-large tw-ta\" dir=\"ltr\" data-placeholder=\"Traducci\u00f3\"><span class=\"Y2IQFc\" lang=\"es\">Mantequilla de cacao.<\/span><\/li>\n<li class=\"tw-data-text tw-text-large tw-ta\" dir=\"ltr\" data-placeholder=\"Traducci\u00f3\"><span class=\"Y2IQFc\" lang=\"es\"><strong><span style=\"color: #ed1c24\">Lecitina de soja.<\/span><\/strong><\/span><\/li>\n<li class=\"tw-data-text tw-text-large tw-ta\" dir=\"ltr\" data-placeholder=\"Traducci\u00f3\"><span class=\"Y2IQFc\" lang=\"es\">Aroma natural de vainilla.<\/span><\/li>\n<\/ul>\n<p class=\"tw-data-text tw-text-large tw-ta\" dir=\"ltr\" data-placeholder=\"Traducci\u00f3\"><span class=\"Y2IQFc\" lang=\"es\">Al\u00e9rgenos leche y soja.<\/span><\/p>\n<p class=\"tw-data-text tw-text-large tw-ta\" dir=\"ltr\" data-placeholder=\"Traducci\u00f3\"><span class=\"Y2IQFc\" lang=\"es\">UNIDADES LIMITADAS<\/span><\/p>\n<p dir=\"ltr\" data-placeholder=\"Traducci\u00f3\"><img loading=\"lazy\" decoding=\"async\" class=\"size-full wp-image-20848 alignnone\" src=\"https:\/\/xocomon.com\/wp-content\/uploads\/2024\/04\/icons-con-leche.png\" alt=\"\" width=\"307\" height=\"81\" \/>\n","protected":false},"featured_media":16779,"comment_status":"open","ping_status":"closed","template":"","meta":[],"product_brand":[],"product_cat":[131,191],"product_tag":[358,286,295],"class_list":{"0":"post-16352","1":"product","2":"type-product","3":"status-publish","4":"has-post-thumbnail","6":"product_cat-pascua","7":"product_cat-chocolate-con-leche-pascuas","8":"product_tag-ou-futbol-xocolata-amb-llet-es","9":"product_tag-pascua","10":"product_tag-pasqua","11":"tm-has-options","13":"first","14":"instock","15":"taxable","16":"shipping-taxable","17":"purchasable","18":"product-type-simple"},"yoast_head":"<!-- This site is optimized with the Yoast SEO plugin v26.7 - https:\/\/yoast.com\/wordpress\/plugins\/seo\/ -->\n<title>Huevo de f\u00fatbol chocolate con leche - Xocomon<\/title>\n<meta name=\"description\" content=\"huevo de futbol chocolate con leche, ingredientes: az\u00facar, pasta de cacao, manteca de cacao, leche entera en polvo, emulgente lecitina de soja y aroma\" \/>\n<meta name=\"robots\" content=\"index, follow, max-snippet:-1, max-image-preview:large, max-video-preview:-1\" \/>\n<link rel=\"canonical\" href=\"https:\/\/xocomon.com\/producto\/ou-futbol-xocolata-amb-llet\/\" \/>\n<meta property=\"og:locale\" content=\"es_ES\" \/>\n<meta property=\"og:type\" content=\"article\" \/>\n<meta property=\"og:title\" content=\"Huevo de f\u00fatbol chocolate con leche - Xocomon\" \/>\n<meta property=\"og:description\" content=\"huevo de futbol chocolate con leche, ingredientes: az\u00facar, pasta de cacao, manteca de cacao, leche entera en polvo, emulgente lecitina de soja y aroma\" \/>\n<meta property=\"og:url\" content=\"https:\/\/xocomon.com\/producto\/ou-futbol-xocolata-amb-llet\/\" \/>\n<meta property=\"og:site_name\" content=\"Xocomon\" \/>\n<meta property=\"article:publisher\" content=\"https:\/\/www.facebook.com\/xocomon\/\" \/>\n<meta property=\"article:modified_time\" content=\"2026-04-04T11:56:10+00:00\" \/>\n<meta property=\"og:image\" content=\"https:\/\/xocomon.com\/wp-content\/uploads\/2023\/03\/Sin-titulo-1-2.jpg\" \/>\n\t<meta property=\"og:image:width\" content=\"1180\" \/>\n\t<meta property=\"og:image:height\" content=\"1180\" \/>\n\t<meta property=\"og:image:type\" content=\"image\/jpeg\" \/>\n<meta name=\"twitter:card\" content=\"summary_large_image\" \/>\n<meta name=\"twitter:label1\" content=\"Tiempo de lectura\" \/>\n\t<meta name=\"twitter:data1\" content=\"2 minutos\" \/>\n<script type=\"application\/ld+json\" class=\"yoast-schema-graph\">{\"@context\":\"https:\/\/schema.org\",\"@graph\":[{\"@type\":\"WebPage\",\"@id\":\"https:\/\/xocomon.com\/producto\/ou-futbol-xocolata-amb-llet\/\",\"url\":\"https:\/\/xocomon.com\/producto\/ou-futbol-xocolata-amb-llet\/\",\"name\":\"Huevo de f\u00fatbol chocolate con leche - Xocomon\",\"isPartOf\":{\"@id\":\"https:\/\/xocomon.com\/#website\"},\"primaryImageOfPage\":{\"@id\":\"https:\/\/xocomon.com\/producto\/ou-futbol-xocolata-amb-llet\/#primaryimage\"},\"image\":{\"@id\":\"https:\/\/xocomon.com\/producto\/ou-futbol-xocolata-amb-llet\/#primaryimage\"},\"thumbnailUrl\":\"https:\/\/xocomon.com\/wp-content\/uploads\/2023\/03\/Sin-titulo-1-2.jpg\",\"datePublished\":\"2023-02-24T16:05:14+00:00\",\"dateModified\":\"2026-04-04T11:56:10+00:00\",\"description\":\"huevo de futbol chocolate con leche, ingredientes: az\u00facar, pasta de cacao, manteca de cacao, leche entera en polvo, emulgente lecitina de soja y aroma\",\"breadcrumb\":{\"@id\":\"https:\/\/xocomon.com\/producto\/ou-futbol-xocolata-amb-llet\/#breadcrumb\"},\"inLanguage\":\"es\",\"potentialAction\":[{\"@type\":\"ReadAction\",\"target\":[\"https:\/\/xocomon.com\/producto\/ou-futbol-xocolata-amb-llet\/\"]}]},{\"@type\":\"ImageObject\",\"inLanguage\":\"es\",\"@id\":\"https:\/\/xocomon.com\/producto\/ou-futbol-xocolata-amb-llet\/#primaryimage\",\"url\":\"https:\/\/xocomon.com\/wp-content\/uploads\/2023\/03\/Sin-titulo-1-2.jpg\",\"contentUrl\":\"https:\/\/xocomon.com\/wp-content\/uploads\/2023\/03\/Sin-titulo-1-2.jpg\",\"width\":1180,\"height\":1180},{\"@type\":\"BreadcrumbList\",\"@id\":\"https:\/\/xocomon.com\/producto\/ou-futbol-xocolata-amb-llet\/#breadcrumb\",\"itemListElement\":[{\"@type\":\"ListItem\",\"position\":1,\"name\":\"Portada\",\"item\":\"https:\/\/xocomon.com\/es\/\"},{\"@type\":\"ListItem\",\"position\":2,\"name\":\"Tienda\",\"item\":\"https:\/\/xocomon.com\/es\/tienda\/\"},{\"@type\":\"ListItem\",\"position\":3,\"name\":\"Huevo de f\u00fatbol chocolate con leche\"}]},{\"@type\":\"WebSite\",\"@id\":\"https:\/\/xocomon.com\/#website\",\"url\":\"https:\/\/xocomon.com\/\",\"name\":\"Xocomon\",\"description\":\"\",\"potentialAction\":[{\"@type\":\"SearchAction\",\"target\":{\"@type\":\"EntryPoint\",\"urlTemplate\":\"https:\/\/xocomon.com\/?s={search_term_string}\"},\"query-input\":{\"@type\":\"PropertyValueSpecification\",\"valueRequired\":true,\"valueName\":\"search_term_string\"}}],\"inLanguage\":\"es\"}]}<\/script>\n<!-- \/ Yoast SEO plugin. -->","yoast_head_json":{"title":"Huevo de f\u00fatbol chocolate con leche - Xocomon","description":"huevo de futbol chocolate con leche, ingredientes: az\u00facar, pasta de cacao, manteca de cacao, leche entera en polvo, emulgente lecitina de soja y aroma","robots":{"index":"index","follow":"follow","max-snippet":"max-snippet:-1","max-image-preview":"max-image-preview:large","max-video-preview":"max-video-preview:-1"},"canonical":"https:\/\/xocomon.com\/producto\/ou-futbol-xocolata-amb-llet\/","og_locale":"es_ES","og_type":"article","og_title":"Huevo de f\u00fatbol chocolate con leche - Xocomon","og_description":"huevo de futbol chocolate con leche, ingredientes: az\u00facar, pasta de cacao, manteca de cacao, leche entera en polvo, emulgente lecitina de soja y aroma","og_url":"https:\/\/xocomon.com\/producto\/ou-futbol-xocolata-amb-llet\/","og_site_name":"Xocomon","article_publisher":"https:\/\/www.facebook.com\/xocomon\/","article_modified_time":"2026-04-04T11:56:10+00:00","og_image":[{"width":1180,"height":1180,"url":"https:\/\/xocomon.com\/wp-content\/uploads\/2023\/03\/Sin-titulo-1-2.jpg","type":"image\/jpeg"}],"twitter_card":"summary_large_image","twitter_misc":{"Tiempo de lectura":"2 minutos"},"schema":{"@context":"https:\/\/schema.org","@graph":[{"@type":"WebPage","@id":"https:\/\/xocomon.com\/producto\/ou-futbol-xocolata-amb-llet\/","url":"https:\/\/xocomon.com\/producto\/ou-futbol-xocolata-amb-llet\/","name":"Huevo de f\u00fatbol chocolate con leche - Xocomon","isPartOf":{"@id":"https:\/\/xocomon.com\/#website"},"primaryImageOfPage":{"@id":"https:\/\/xocomon.com\/producto\/ou-futbol-xocolata-amb-llet\/#primaryimage"},"image":{"@id":"https:\/\/xocomon.com\/producto\/ou-futbol-xocolata-amb-llet\/#primaryimage"},"thumbnailUrl":"https:\/\/xocomon.com\/wp-content\/uploads\/2023\/03\/Sin-titulo-1-2.jpg","datePublished":"2023-02-24T16:05:14+00:00","dateModified":"2026-04-04T11:56:10+00:00","description":"huevo de futbol chocolate con leche, ingredientes: az\u00facar, pasta de cacao, manteca de cacao, leche entera en polvo, emulgente lecitina de soja y aroma","breadcrumb":{"@id":"https:\/\/xocomon.com\/producto\/ou-futbol-xocolata-amb-llet\/#breadcrumb"},"inLanguage":"es","potentialAction":[{"@type":"ReadAction","target":["https:\/\/xocomon.com\/producto\/ou-futbol-xocolata-amb-llet\/"]}]},{"@type":"ImageObject","inLanguage":"es","@id":"https:\/\/xocomon.com\/producto\/ou-futbol-xocolata-amb-llet\/#primaryimage","url":"https:\/\/xocomon.com\/wp-content\/uploads\/2023\/03\/Sin-titulo-1-2.jpg","contentUrl":"https:\/\/xocomon.com\/wp-content\/uploads\/2023\/03\/Sin-titulo-1-2.jpg","width":1180,"height":1180},{"@type":"BreadcrumbList","@id":"https:\/\/xocomon.com\/producto\/ou-futbol-xocolata-amb-llet\/#breadcrumb","itemListElement":[{"@type":"ListItem","position":1,"name":"Portada","item":"https:\/\/xocomon.com\/es\/"},{"@type":"ListItem","position":2,"name":"Tienda","item":"https:\/\/xocomon.com\/es\/tienda\/"},{"@type":"ListItem","position":3,"name":"Huevo de f\u00fatbol chocolate con leche"}]},{"@type":"WebSite","@id":"https:\/\/xocomon.com\/#website","url":"https:\/\/xocomon.com\/","name":"Xocomon","description":"","potentialAction":[{"@type":"SearchAction","target":{"@type":"EntryPoint","urlTemplate":"https:\/\/xocomon.com\/?s={search_term_string}"},"query-input":{"@type":"PropertyValueSpecification","valueRequired":true,"valueName":"search_term_string"}}],"inLanguage":"es"}]}},"tiered_pricing_type":"fixed","tiered_pricing_fixed_rules":[],"tiered_pricing_product_settings":{"layout":"default","base_unit_name":{"singular":null,"plural":null},"default_variation":null},"tiered_pricing_minimum_quantity":null,"tiered_pricing_roles_data":[],"tiered_pricing_percentage_rules":[],"_links":{"self":[{"href":"https:\/\/xocomon.com\/es\/wp-json\/wp\/v2\/product\/16352","targetHints":{"allow":["GET"]}}],"collection":[{"href":"https:\/\/xocomon.com\/es\/wp-json\/wp\/v2\/product"}],"about":[{"href":"https:\/\/xocomon.com\/es\/wp-json\/wp\/v2\/types\/product"}],"replies":[{"embeddable":true,"href":"https:\/\/xocomon.com\/es\/wp-json\/wp\/v2\/comments?post=16352"}],"wp:featuredmedia":[{"embeddable":true,"href":"https:\/\/xocomon.com\/es\/wp-json\/wp\/v2\/media\/16779"}],"wp:attachment":[{"href":"https:\/\/xocomon.com\/es\/wp-json\/wp\/v2\/media?parent=16352"}],"wp:term":[{"taxonomy":"product_brand","embeddable":true,"href":"https:\/\/xocomon.com\/es\/wp-json\/wp\/v2\/product_brand?post=16352"},{"taxonomy":"product_cat","embeddable":true,"href":"https:\/\/xocomon.com\/es\/wp-json\/wp\/v2\/product_cat?post=16352"},{"taxonomy":"product_tag","embeddable":true,"href":"https:\/\/xocomon.com\/es\/wp-json\/wp\/v2\/product_tag?post=16352"}],"curies":[{"name":"wp","href":"https:\/\/api.w.org\/{rel}","templated":true}]}}