{"id":14733,"date":"2022-11-09T15:53:48","date_gmt":"2022-11-09T14:53:48","guid":{"rendered":"https:\/\/xocomon.com\/?post_type=product&#038;p=14733"},"modified":"2026-05-12T15:33:19","modified_gmt":"2026-05-12T14:33:19","slug":"300g-en-gotas-de-cobertura-de-chocolate-con-leche-especial-reposteria","status":"publish","type":"product","link":"https:\/\/xocomon.com\/es\/producto\/300g-en-gotas-de-cobertura-de-chocolate-con-leche-especial-reposteria\/","title":{"rendered":"300g en gotas de cobertura de chocolate con leche. Especial Reposter\u00eda"},"content":{"rendered":"<p>300g en gotas de cobertura de chocolate CON LECHE. Especial Reposter\u00eda<\/p>\n<p>Chocolate CON LECHE\u00a0 300g en callets.<\/p>\n<p><strong>Ingredientes: Pasta de cacao, az\u00facar, <span style=\"color: #e14d43\">LECHE ENTERA EN POLVO<\/span> manteca de cacao, emulgente: lecitina de <span style=\"color: #e14d43\">SOJA<\/span>, aroma natural de vainilla.<\/strong><\/p>\n<p>300 g de chocolate con leche\u00a0 Xocomon, en formato gotas para fundir en casa y listos para preparar postres deliciosos!<\/p>\n<p>Un chocolate f\u00e1cil fundir, con una textura que lo hace ideal para preparar todo tipo de coberturas, cookies, relleno, bombones o postres de todo tipo, e incluso para un chocolate caliente. Se puede fundir el chocolate\u00a0 al ba\u00f1o mar\u00eda o en el microondas.<\/p>\n<p>Es un chocolate belga, muy buena, <strong>PARA TODA LA FAMILIA,<\/strong> con un sabor a cacao amargo bien equilibrado.<\/p>\n<p>&nbsp;<\/p>\n","protected":false},"excerpt":{"rendered":"<p>300g en gotas de cobertura de chocolate con leche. Especial Reposter\u00eda.<\/p>\n<p>Chocolate CON LECHE\u00a0 300g en callets.<\/p>\n<h4>Ingredientes:<\/h4>\n<ul>\n<li>Pasta de cacao.<\/li>\n<li>Az\u00facar.<\/li>\n<li><span style=\"color: #e14d43\">LECHE ENTERA EN POLVO.<\/span><\/li>\n<li>Manteca de cacao.<\/li>\n<li>Emulgente: lecitina de <span style=\"color: #e14d43\">SOJA<\/span><\/li>\n<li>Aroma natural de vainilla.<\/li>\n<\/ul>\n<h6>Sin trazas de frutos secos, gluten, huevo, cacahuete.<\/h6>\n<img loading=\"lazy\" decoding=\"async\" class=\"size-full wp-image-20848 alignnone\" src=\"https:\/\/xocomon.com\/wp-content\/uploads\/2024\/04\/icons-con-leche.png\" alt=\"\" width=\"307\" height=\"81\" \/>\n","protected":false},"featured_media":14772,"comment_status":"open","ping_status":"closed","template":"","meta":[],"product_brand":[],"product_cat":[130,28],"product_tag":[],"class_list":{"0":"post-14733","1":"product","2":"type-product","3":"status-publish","4":"has-post-thumbnail","6":"product_cat-chocolate","7":"product_cat-chocolate-con-leche","8":"tm-has-options","10":"first","11":"instock","12":"taxable","13":"shipping-taxable","14":"purchasable","15":"product-type-simple"},"yoast_head":"<!-- This site is optimized with the Yoast SEO plugin v26.7 - https:\/\/yoast.com\/wordpress\/plugins\/seo\/ -->\n<title>300g en gotas de cobertura de chocolate con leche. Especial Reposter\u00eda - Xocomon<\/title>\n<meta name=\"description\" content=\"300g en gotas de cobertura de chocolate CON LECHE. Especial Reposter\u00eda, ingredientes: pasta de cacao, manteca de cacao, az\u00facar, leche, lecitina de soja...\" \/>\n<meta name=\"robots\" content=\"index, follow, max-snippet:-1, max-image-preview:large, max-video-preview:-1\" \/>\n<link rel=\"canonical\" href=\"https:\/\/xocomon.com\/producto\/300g-de-gotes-de-xocolata-amb-llet-especial-reposteria\/\" \/>\n<meta property=\"og:locale\" content=\"es_ES\" \/>\n<meta property=\"og:type\" content=\"article\" \/>\n<meta property=\"og:title\" content=\"300g en gotas de cobertura de chocolate con leche. Especial Reposter\u00eda - Xocomon\" \/>\n<meta property=\"og:description\" content=\"300g en gotas de cobertura de chocolate CON LECHE. Especial Reposter\u00eda, ingredientes: pasta de cacao, manteca de cacao, az\u00facar, leche, lecitina de soja...\" \/>\n<meta property=\"og:url\" content=\"https:\/\/xocomon.com\/producto\/300g-de-gotes-de-xocolata-amb-llet-especial-reposteria\/\" \/>\n<meta property=\"og:site_name\" content=\"Xocomon\" \/>\n<meta property=\"article:publisher\" content=\"https:\/\/www.facebook.com\/xocomon\/\" \/>\n<meta property=\"article:modified_time\" content=\"2026-05-12T14:33:19+00:00\" \/>\n<meta property=\"og:image\" content=\"https:\/\/xocomon.com\/wp-content\/uploads\/2022\/11\/fc406db0-055f-44df-9923-4e8672af47dd-1.jpg\" \/>\n\t<meta property=\"og:image:width\" content=\"768\" \/>\n\t<meta property=\"og:image:height\" content=\"1024\" \/>\n\t<meta property=\"og:image:type\" content=\"image\/jpeg\" \/>\n<meta name=\"twitter:card\" content=\"summary_large_image\" \/>\n<meta name=\"twitter:label1\" content=\"Tiempo de lectura\" \/>\n\t<meta name=\"twitter:data1\" content=\"1 minuto\" \/>\n<script type=\"application\/ld+json\" class=\"yoast-schema-graph\">{\"@context\":\"https:\/\/schema.org\",\"@graph\":[{\"@type\":\"WebPage\",\"@id\":\"https:\/\/xocomon.com\/producto\/300g-de-gotes-de-xocolata-amb-llet-especial-reposteria\/\",\"url\":\"https:\/\/xocomon.com\/producto\/300g-de-gotes-de-xocolata-amb-llet-especial-reposteria\/\",\"name\":\"300g en gotas de cobertura de chocolate con leche. Especial Reposter\u00eda - Xocomon\",\"isPartOf\":{\"@id\":\"https:\/\/xocomon.com\/#website\"},\"primaryImageOfPage\":{\"@id\":\"https:\/\/xocomon.com\/producto\/300g-de-gotes-de-xocolata-amb-llet-especial-reposteria\/#primaryimage\"},\"image\":{\"@id\":\"https:\/\/xocomon.com\/producto\/300g-de-gotes-de-xocolata-amb-llet-especial-reposteria\/#primaryimage\"},\"thumbnailUrl\":\"https:\/\/xocomon.com\/wp-content\/uploads\/2022\/11\/fc406db0-055f-44df-9923-4e8672af47dd-1.jpg\",\"datePublished\":\"2022-11-09T14:53:48+00:00\",\"dateModified\":\"2026-05-12T14:33:19+00:00\",\"description\":\"300g en gotas de cobertura de chocolate CON LECHE. Especial Reposter\u00eda, ingredientes: pasta de cacao, manteca de cacao, az\u00facar, leche, lecitina de soja...\",\"breadcrumb\":{\"@id\":\"https:\/\/xocomon.com\/producto\/300g-de-gotes-de-xocolata-amb-llet-especial-reposteria\/#breadcrumb\"},\"inLanguage\":\"es\",\"potentialAction\":[{\"@type\":\"ReadAction\",\"target\":[\"https:\/\/xocomon.com\/producto\/300g-de-gotes-de-xocolata-amb-llet-especial-reposteria\/\"]}]},{\"@type\":\"ImageObject\",\"inLanguage\":\"es\",\"@id\":\"https:\/\/xocomon.com\/producto\/300g-de-gotes-de-xocolata-amb-llet-especial-reposteria\/#primaryimage\",\"url\":\"https:\/\/xocomon.com\/wp-content\/uploads\/2022\/11\/fc406db0-055f-44df-9923-4e8672af47dd-1.jpg\",\"contentUrl\":\"https:\/\/xocomon.com\/wp-content\/uploads\/2022\/11\/fc406db0-055f-44df-9923-4e8672af47dd-1.jpg\",\"width\":768,\"height\":1024},{\"@type\":\"BreadcrumbList\",\"@id\":\"https:\/\/xocomon.com\/producto\/300g-de-gotes-de-xocolata-amb-llet-especial-reposteria\/#breadcrumb\",\"itemListElement\":[{\"@type\":\"ListItem\",\"position\":1,\"name\":\"Portada\",\"item\":\"https:\/\/xocomon.com\/es\/\"},{\"@type\":\"ListItem\",\"position\":2,\"name\":\"Tienda\",\"item\":\"https:\/\/xocomon.com\/es\/tienda\/\"},{\"@type\":\"ListItem\",\"position\":3,\"name\":\"300g en gotas de cobertura de chocolate con leche. Especial Reposter\u00eda\"}]},{\"@type\":\"WebSite\",\"@id\":\"https:\/\/xocomon.com\/#website\",\"url\":\"https:\/\/xocomon.com\/\",\"name\":\"Xocomon\",\"description\":\"\",\"potentialAction\":[{\"@type\":\"SearchAction\",\"target\":{\"@type\":\"EntryPoint\",\"urlTemplate\":\"https:\/\/xocomon.com\/?s={search_term_string}\"},\"query-input\":{\"@type\":\"PropertyValueSpecification\",\"valueRequired\":true,\"valueName\":\"search_term_string\"}}],\"inLanguage\":\"es\"}]}<\/script>\n<!-- \/ Yoast SEO plugin. -->","yoast_head_json":{"title":"300g en gotas de cobertura de chocolate con leche. Especial Reposter\u00eda - Xocomon","description":"300g en gotas de cobertura de chocolate CON LECHE. Especial Reposter\u00eda, ingredientes: pasta de cacao, manteca de cacao, az\u00facar, leche, lecitina de soja...","robots":{"index":"index","follow":"follow","max-snippet":"max-snippet:-1","max-image-preview":"max-image-preview:large","max-video-preview":"max-video-preview:-1"},"canonical":"https:\/\/xocomon.com\/producto\/300g-de-gotes-de-xocolata-amb-llet-especial-reposteria\/","og_locale":"es_ES","og_type":"article","og_title":"300g en gotas de cobertura de chocolate con leche. Especial Reposter\u00eda - Xocomon","og_description":"300g en gotas de cobertura de chocolate CON LECHE. Especial Reposter\u00eda, ingredientes: pasta de cacao, manteca de cacao, az\u00facar, leche, lecitina de soja...","og_url":"https:\/\/xocomon.com\/producto\/300g-de-gotes-de-xocolata-amb-llet-especial-reposteria\/","og_site_name":"Xocomon","article_publisher":"https:\/\/www.facebook.com\/xocomon\/","article_modified_time":"2026-05-12T14:33:19+00:00","og_image":[{"width":768,"height":1024,"url":"https:\/\/xocomon.com\/wp-content\/uploads\/2022\/11\/fc406db0-055f-44df-9923-4e8672af47dd-1.jpg","type":"image\/jpeg"}],"twitter_card":"summary_large_image","twitter_misc":{"Tiempo de lectura":"1 minuto"},"schema":{"@context":"https:\/\/schema.org","@graph":[{"@type":"WebPage","@id":"https:\/\/xocomon.com\/producto\/300g-de-gotes-de-xocolata-amb-llet-especial-reposteria\/","url":"https:\/\/xocomon.com\/producto\/300g-de-gotes-de-xocolata-amb-llet-especial-reposteria\/","name":"300g en gotas de cobertura de chocolate con leche. Especial Reposter\u00eda - Xocomon","isPartOf":{"@id":"https:\/\/xocomon.com\/#website"},"primaryImageOfPage":{"@id":"https:\/\/xocomon.com\/producto\/300g-de-gotes-de-xocolata-amb-llet-especial-reposteria\/#primaryimage"},"image":{"@id":"https:\/\/xocomon.com\/producto\/300g-de-gotes-de-xocolata-amb-llet-especial-reposteria\/#primaryimage"},"thumbnailUrl":"https:\/\/xocomon.com\/wp-content\/uploads\/2022\/11\/fc406db0-055f-44df-9923-4e8672af47dd-1.jpg","datePublished":"2022-11-09T14:53:48+00:00","dateModified":"2026-05-12T14:33:19+00:00","description":"300g en gotas de cobertura de chocolate CON LECHE. Especial Reposter\u00eda, ingredientes: pasta de cacao, manteca de cacao, az\u00facar, leche, lecitina de soja...","breadcrumb":{"@id":"https:\/\/xocomon.com\/producto\/300g-de-gotes-de-xocolata-amb-llet-especial-reposteria\/#breadcrumb"},"inLanguage":"es","potentialAction":[{"@type":"ReadAction","target":["https:\/\/xocomon.com\/producto\/300g-de-gotes-de-xocolata-amb-llet-especial-reposteria\/"]}]},{"@type":"ImageObject","inLanguage":"es","@id":"https:\/\/xocomon.com\/producto\/300g-de-gotes-de-xocolata-amb-llet-especial-reposteria\/#primaryimage","url":"https:\/\/xocomon.com\/wp-content\/uploads\/2022\/11\/fc406db0-055f-44df-9923-4e8672af47dd-1.jpg","contentUrl":"https:\/\/xocomon.com\/wp-content\/uploads\/2022\/11\/fc406db0-055f-44df-9923-4e8672af47dd-1.jpg","width":768,"height":1024},{"@type":"BreadcrumbList","@id":"https:\/\/xocomon.com\/producto\/300g-de-gotes-de-xocolata-amb-llet-especial-reposteria\/#breadcrumb","itemListElement":[{"@type":"ListItem","position":1,"name":"Portada","item":"https:\/\/xocomon.com\/es\/"},{"@type":"ListItem","position":2,"name":"Tienda","item":"https:\/\/xocomon.com\/es\/tienda\/"},{"@type":"ListItem","position":3,"name":"300g en gotas de cobertura de chocolate con leche. Especial Reposter\u00eda"}]},{"@type":"WebSite","@id":"https:\/\/xocomon.com\/#website","url":"https:\/\/xocomon.com\/","name":"Xocomon","description":"","potentialAction":[{"@type":"SearchAction","target":{"@type":"EntryPoint","urlTemplate":"https:\/\/xocomon.com\/?s={search_term_string}"},"query-input":{"@type":"PropertyValueSpecification","valueRequired":true,"valueName":"search_term_string"}}],"inLanguage":"es"}]}},"tiered_pricing_type":"fixed","tiered_pricing_fixed_rules":[],"tiered_pricing_product_settings":{"layout":"default","base_unit_name":{"singular":null,"plural":null},"default_variation":null},"tiered_pricing_minimum_quantity":null,"tiered_pricing_roles_data":[],"tiered_pricing_percentage_rules":[],"_links":{"self":[{"href":"https:\/\/xocomon.com\/es\/wp-json\/wp\/v2\/product\/14733","targetHints":{"allow":["GET"]}}],"collection":[{"href":"https:\/\/xocomon.com\/es\/wp-json\/wp\/v2\/product"}],"about":[{"href":"https:\/\/xocomon.com\/es\/wp-json\/wp\/v2\/types\/product"}],"replies":[{"embeddable":true,"href":"https:\/\/xocomon.com\/es\/wp-json\/wp\/v2\/comments?post=14733"}],"wp:featuredmedia":[{"embeddable":true,"href":"https:\/\/xocomon.com\/es\/wp-json\/wp\/v2\/media\/14772"}],"wp:attachment":[{"href":"https:\/\/xocomon.com\/es\/wp-json\/wp\/v2\/media?parent=14733"}],"wp:term":[{"taxonomy":"product_brand","embeddable":true,"href":"https:\/\/xocomon.com\/es\/wp-json\/wp\/v2\/product_brand?post=14733"},{"taxonomy":"product_cat","embeddable":true,"href":"https:\/\/xocomon.com\/es\/wp-json\/wp\/v2\/product_cat?post=14733"},{"taxonomy":"product_tag","embeddable":true,"href":"https:\/\/xocomon.com\/es\/wp-json\/wp\/v2\/product_tag?post=14733"}],"curies":[{"name":"wp","href":"https:\/\/api.w.org\/{rel}","templated":true}]}}