{"id":14730,"date":"2022-11-09T15:53:37","date_gmt":"2022-11-09T14:53:37","guid":{"rendered":"https:\/\/xocomon.com\/?post_type=product&#038;p=14730"},"modified":"2026-04-20T10:03:30","modified_gmt":"2026-04-20T09:03:30","slug":"300g-en-gotas-de-cobertura-de-chocolate-negro-56-especial-reposteria-copia","status":"publish","type":"product","link":"https:\/\/xocomon.com\/es\/producto\/300g-en-gotas-de-cobertura-de-chocolate-negro-56-especial-reposteria-copia\/","title":{"rendered":"300g en gotas de cobertura de chocolate negro 56%. Especial Reposter\u00eda"},"content":{"rendered":"<p>300g en gotas de cobertura de chocolate negro 56%. Especial Reposter\u00eda<\/p>\n<p>Chocolate Negro 300g para todos veganos y vegetarianos.<\/p>\n<p><strong>Ingredientes: Pasta de cacao, az\u00facar, manteca de cacao, emulgente: lecitina de girasol, aroma natural de vainilla.<\/strong><\/p>\n<p>SIN AL\u00c9RGENOS<\/p>\n<p>300 g de chocolate negro Xocomon, en formato gotas para fundir en casa y listos para preparar postres deliciosos!<\/p>\n<p>Un chocolate f\u00e1cil fundir, con una textura que lo hace ideal para preparar todo tipo de coberturas, cookies, relleno, bombones o postres de todo tipo, e incluso para un chocolate caliente. Se puede fundir el chocolate troceado, al ba\u00f1o mar\u00eda o en el microondas.<\/p>\n<p>Es un chocolate belga, muy buena, <strong>PARA TODA LA FAMILIA,<\/strong> con un sabor a cacao amargo bien equilibrado (55% de cacao).<\/p>\n<p>&nbsp;<\/p>\n","protected":false},"excerpt":{"rendered":"<p>300g en gotas de cobertura de chocolate negro 56%. Especial Reposter\u00eda<\/p>\n<p>Chocolate Negro 300g para todos veganos y vegetarianos.<\/p>\n<p><strong>Ingredientes: Pasta de cacao, az\u00facar, manteca de cacao, emulgente: lecitina de girasol, aroma natural de vainilla.<\/strong><\/p>\n<p>SIN AL\u00c9RGENOS<\/p>\n","protected":false},"featured_media":14388,"comment_status":"open","ping_status":"closed","template":"","meta":[],"product_brand":[],"product_cat":[130,127],"product_tag":[],"class_list":{"0":"post-14730","1":"product","2":"type-product","3":"status-publish","4":"has-post-thumbnail","6":"product_cat-chocolate","7":"product_cat-chocolate-negro","8":"tm-has-options","10":"first","11":"instock","12":"taxable","13":"shipping-taxable","14":"purchasable","15":"product-type-simple"},"yoast_head":"<!-- This site is optimized with the Yoast SEO plugin v26.7 - https:\/\/yoast.com\/wordpress\/plugins\/seo\/ -->\n<title>300g en gotas de cobertura de chocolate negro 56%. Especial Reposter\u00eda - Xocomon<\/title>\n<meta name=\"description\" content=\"300g en gotas de cobertura de chocolate negro 56%. Especial Reposter\u00eda, ingredientes: pasta de cacao, manteca de cacao, az\u00facar, lecitina, aroma\" \/>\n<meta name=\"robots\" content=\"index, follow, max-snippet:-1, max-image-preview:large, max-video-preview:-1\" \/>\n<link rel=\"canonical\" href=\"https:\/\/xocomon.com\/producto\/300g-de-gotes-de-xocolata-negra-56-especial-reposteria\/\" \/>\n<meta property=\"og:locale\" content=\"es_ES\" \/>\n<meta property=\"og:type\" content=\"article\" \/>\n<meta property=\"og:title\" content=\"300g en gotas de cobertura de chocolate negro 56%. Especial Reposter\u00eda - Xocomon\" \/>\n<meta property=\"og:description\" content=\"300g en gotas de cobertura de chocolate negro 56%. Especial Reposter\u00eda, ingredientes: pasta de cacao, manteca de cacao, az\u00facar, lecitina, aroma\" \/>\n<meta property=\"og:url\" content=\"https:\/\/xocomon.com\/producto\/300g-de-gotes-de-xocolata-negra-56-especial-reposteria\/\" \/>\n<meta property=\"og:site_name\" content=\"Xocomon\" \/>\n<meta property=\"article:publisher\" content=\"https:\/\/www.facebook.com\/xocomon\/\" \/>\n<meta property=\"article:modified_time\" content=\"2026-04-20T09:03:30+00:00\" \/>\n<meta property=\"og:image\" content=\"https:\/\/xocomon.com\/wp-content\/uploads\/2022\/10\/IMG_5139-removebg-preview-1.png\" \/>\n\t<meta property=\"og:image:width\" content=\"433\" \/>\n\t<meta property=\"og:image:height\" content=\"577\" \/>\n\t<meta property=\"og:image:type\" content=\"image\/png\" \/>\n<meta name=\"twitter:card\" content=\"summary_large_image\" \/>\n<meta name=\"twitter:label1\" content=\"Tiempo de lectura\" \/>\n\t<meta name=\"twitter:data1\" content=\"1 minuto\" \/>\n<script type=\"application\/ld+json\" class=\"yoast-schema-graph\">{\"@context\":\"https:\/\/schema.org\",\"@graph\":[{\"@type\":\"WebPage\",\"@id\":\"https:\/\/xocomon.com\/producto\/300g-de-gotes-de-xocolata-negra-56-especial-reposteria\/\",\"url\":\"https:\/\/xocomon.com\/producto\/300g-de-gotes-de-xocolata-negra-56-especial-reposteria\/\",\"name\":\"300g en gotas de cobertura de chocolate negro 56%. Especial Reposter\u00eda - Xocomon\",\"isPartOf\":{\"@id\":\"https:\/\/xocomon.com\/#website\"},\"primaryImageOfPage\":{\"@id\":\"https:\/\/xocomon.com\/producto\/300g-de-gotes-de-xocolata-negra-56-especial-reposteria\/#primaryimage\"},\"image\":{\"@id\":\"https:\/\/xocomon.com\/producto\/300g-de-gotes-de-xocolata-negra-56-especial-reposteria\/#primaryimage\"},\"thumbnailUrl\":\"https:\/\/xocomon.com\/wp-content\/uploads\/2022\/10\/IMG_5139-removebg-preview-1.png\",\"datePublished\":\"2022-11-09T14:53:37+00:00\",\"dateModified\":\"2026-04-20T09:03:30+00:00\",\"description\":\"300g en gotas de cobertura de chocolate negro 56%. Especial Reposter\u00eda, ingredientes: pasta de cacao, manteca de cacao, az\u00facar, lecitina, aroma\",\"breadcrumb\":{\"@id\":\"https:\/\/xocomon.com\/producto\/300g-de-gotes-de-xocolata-negra-56-especial-reposteria\/#breadcrumb\"},\"inLanguage\":\"es\",\"potentialAction\":[{\"@type\":\"ReadAction\",\"target\":[\"https:\/\/xocomon.com\/producto\/300g-de-gotes-de-xocolata-negra-56-especial-reposteria\/\"]}]},{\"@type\":\"ImageObject\",\"inLanguage\":\"es\",\"@id\":\"https:\/\/xocomon.com\/producto\/300g-de-gotes-de-xocolata-negra-56-especial-reposteria\/#primaryimage\",\"url\":\"https:\/\/xocomon.com\/wp-content\/uploads\/2022\/10\/IMG_5139-removebg-preview-1.png\",\"contentUrl\":\"https:\/\/xocomon.com\/wp-content\/uploads\/2022\/10\/IMG_5139-removebg-preview-1.png\",\"width\":433,\"height\":577},{\"@type\":\"BreadcrumbList\",\"@id\":\"https:\/\/xocomon.com\/producto\/300g-de-gotes-de-xocolata-negra-56-especial-reposteria\/#breadcrumb\",\"itemListElement\":[{\"@type\":\"ListItem\",\"position\":1,\"name\":\"Portada\",\"item\":\"https:\/\/xocomon.com\/es\/\"},{\"@type\":\"ListItem\",\"position\":2,\"name\":\"Tienda\",\"item\":\"https:\/\/xocomon.com\/es\/tienda\/\"},{\"@type\":\"ListItem\",\"position\":3,\"name\":\"300g en gotas de cobertura de chocolate negro 56%. Especial Reposter\u00eda\"}]},{\"@type\":\"WebSite\",\"@id\":\"https:\/\/xocomon.com\/#website\",\"url\":\"https:\/\/xocomon.com\/\",\"name\":\"Xocomon\",\"description\":\"\",\"potentialAction\":[{\"@type\":\"SearchAction\",\"target\":{\"@type\":\"EntryPoint\",\"urlTemplate\":\"https:\/\/xocomon.com\/?s={search_term_string}\"},\"query-input\":{\"@type\":\"PropertyValueSpecification\",\"valueRequired\":true,\"valueName\":\"search_term_string\"}}],\"inLanguage\":\"es\"}]}<\/script>\n<!-- \/ Yoast SEO plugin. -->","yoast_head_json":{"title":"300g en gotas de cobertura de chocolate negro 56%. Especial Reposter\u00eda - Xocomon","description":"300g en gotas de cobertura de chocolate negro 56%. Especial Reposter\u00eda, ingredientes: pasta de cacao, manteca de cacao, az\u00facar, lecitina, aroma","robots":{"index":"index","follow":"follow","max-snippet":"max-snippet:-1","max-image-preview":"max-image-preview:large","max-video-preview":"max-video-preview:-1"},"canonical":"https:\/\/xocomon.com\/producto\/300g-de-gotes-de-xocolata-negra-56-especial-reposteria\/","og_locale":"es_ES","og_type":"article","og_title":"300g en gotas de cobertura de chocolate negro 56%. Especial Reposter\u00eda - Xocomon","og_description":"300g en gotas de cobertura de chocolate negro 56%. Especial Reposter\u00eda, ingredientes: pasta de cacao, manteca de cacao, az\u00facar, lecitina, aroma","og_url":"https:\/\/xocomon.com\/producto\/300g-de-gotes-de-xocolata-negra-56-especial-reposteria\/","og_site_name":"Xocomon","article_publisher":"https:\/\/www.facebook.com\/xocomon\/","article_modified_time":"2026-04-20T09:03:30+00:00","og_image":[{"width":433,"height":577,"url":"https:\/\/xocomon.com\/wp-content\/uploads\/2022\/10\/IMG_5139-removebg-preview-1.png","type":"image\/png"}],"twitter_card":"summary_large_image","twitter_misc":{"Tiempo de lectura":"1 minuto"},"schema":{"@context":"https:\/\/schema.org","@graph":[{"@type":"WebPage","@id":"https:\/\/xocomon.com\/producto\/300g-de-gotes-de-xocolata-negra-56-especial-reposteria\/","url":"https:\/\/xocomon.com\/producto\/300g-de-gotes-de-xocolata-negra-56-especial-reposteria\/","name":"300g en gotas de cobertura de chocolate negro 56%. Especial Reposter\u00eda - Xocomon","isPartOf":{"@id":"https:\/\/xocomon.com\/#website"},"primaryImageOfPage":{"@id":"https:\/\/xocomon.com\/producto\/300g-de-gotes-de-xocolata-negra-56-especial-reposteria\/#primaryimage"},"image":{"@id":"https:\/\/xocomon.com\/producto\/300g-de-gotes-de-xocolata-negra-56-especial-reposteria\/#primaryimage"},"thumbnailUrl":"https:\/\/xocomon.com\/wp-content\/uploads\/2022\/10\/IMG_5139-removebg-preview-1.png","datePublished":"2022-11-09T14:53:37+00:00","dateModified":"2026-04-20T09:03:30+00:00","description":"300g en gotas de cobertura de chocolate negro 56%. Especial Reposter\u00eda, ingredientes: pasta de cacao, manteca de cacao, az\u00facar, lecitina, aroma","breadcrumb":{"@id":"https:\/\/xocomon.com\/producto\/300g-de-gotes-de-xocolata-negra-56-especial-reposteria\/#breadcrumb"},"inLanguage":"es","potentialAction":[{"@type":"ReadAction","target":["https:\/\/xocomon.com\/producto\/300g-de-gotes-de-xocolata-negra-56-especial-reposteria\/"]}]},{"@type":"ImageObject","inLanguage":"es","@id":"https:\/\/xocomon.com\/producto\/300g-de-gotes-de-xocolata-negra-56-especial-reposteria\/#primaryimage","url":"https:\/\/xocomon.com\/wp-content\/uploads\/2022\/10\/IMG_5139-removebg-preview-1.png","contentUrl":"https:\/\/xocomon.com\/wp-content\/uploads\/2022\/10\/IMG_5139-removebg-preview-1.png","width":433,"height":577},{"@type":"BreadcrumbList","@id":"https:\/\/xocomon.com\/producto\/300g-de-gotes-de-xocolata-negra-56-especial-reposteria\/#breadcrumb","itemListElement":[{"@type":"ListItem","position":1,"name":"Portada","item":"https:\/\/xocomon.com\/es\/"},{"@type":"ListItem","position":2,"name":"Tienda","item":"https:\/\/xocomon.com\/es\/tienda\/"},{"@type":"ListItem","position":3,"name":"300g en gotas de cobertura de chocolate negro 56%. Especial Reposter\u00eda"}]},{"@type":"WebSite","@id":"https:\/\/xocomon.com\/#website","url":"https:\/\/xocomon.com\/","name":"Xocomon","description":"","potentialAction":[{"@type":"SearchAction","target":{"@type":"EntryPoint","urlTemplate":"https:\/\/xocomon.com\/?s={search_term_string}"},"query-input":{"@type":"PropertyValueSpecification","valueRequired":true,"valueName":"search_term_string"}}],"inLanguage":"es"}]}},"tiered_pricing_type":"fixed","tiered_pricing_fixed_rules":[],"tiered_pricing_product_settings":{"layout":"default","base_unit_name":{"singular":null,"plural":null},"default_variation":null},"tiered_pricing_minimum_quantity":null,"tiered_pricing_roles_data":[],"tiered_pricing_percentage_rules":[],"_links":{"self":[{"href":"https:\/\/xocomon.com\/es\/wp-json\/wp\/v2\/product\/14730","targetHints":{"allow":["GET"]}}],"collection":[{"href":"https:\/\/xocomon.com\/es\/wp-json\/wp\/v2\/product"}],"about":[{"href":"https:\/\/xocomon.com\/es\/wp-json\/wp\/v2\/types\/product"}],"replies":[{"embeddable":true,"href":"https:\/\/xocomon.com\/es\/wp-json\/wp\/v2\/comments?post=14730"}],"wp:featuredmedia":[{"embeddable":true,"href":"https:\/\/xocomon.com\/es\/wp-json\/wp\/v2\/media\/14388"}],"wp:attachment":[{"href":"https:\/\/xocomon.com\/es\/wp-json\/wp\/v2\/media?parent=14730"}],"wp:term":[{"taxonomy":"product_brand","embeddable":true,"href":"https:\/\/xocomon.com\/es\/wp-json\/wp\/v2\/product_brand?post=14730"},{"taxonomy":"product_cat","embeddable":true,"href":"https:\/\/xocomon.com\/es\/wp-json\/wp\/v2\/product_cat?post=14730"},{"taxonomy":"product_tag","embeddable":true,"href":"https:\/\/xocomon.com\/es\/wp-json\/wp\/v2\/product_tag?post=14730"}],"curies":[{"name":"wp","href":"https:\/\/api.w.org\/{rel}","templated":true}]}}