{"id":13213,"date":"2022-03-16T12:04:13","date_gmt":"2022-03-16T11:04:13","guid":{"rendered":"https:\/\/xocomon.com\/?post_type=product&#038;p=13213"},"modified":"2026-04-02T19:32:03","modified_gmt":"2026-04-02T18:32:03","slug":"chocolatinas-pascua-chocolate-con-leche-85gr-copia","status":"publish","type":"product","link":"https:\/\/xocomon.com\/es\/producto\/chocolatinas-pascua-chocolate-con-leche-85gr-copia\/","title":{"rendered":"60 Chocolatinas 22gr\/unidad, chocolate con leche bolsa"},"content":{"rendered":"<p><span data-sheets-value=\"{&quot;1&quot;:2,&quot;2&quot;:&quot;12 chocolatinas de chocolate con leche. total 90 g.nChocolatinas de Pascua, chocolatina de 3x3 con dibujos variados de pascua, nEs un formato muy c\u00f3modo para regalar, ideales para acompa\u00f1ar el caf\u00e9.nNo contiene trazas de frutos secos, cacahuete, huevo ni gluten. Chocolate con leche de verdad para los al\u00e9rgicos a los frutos secos. Ingredientes: az\u00facar, manteca de cacao, leche entera en polvo, pasta de cacao, emulgente: lecitina de soja, aroma natural de vainilla.nCONTIENE SOJA Y LECHE.nEs un chocolate belga, muy buena, con un sabor a cacao amargo bien equilibrado (55% de cacao) y lo mejor es que NO CONTIENE: huevos ni derivados, altramuz, gluten, trigo, cent\u00e9simo, ma\u00edz moro, avellanas, almendras, aceite de avellana o de almendra, cacahuetes, aceite de cacahuete, nueces, pacanas, anacardos, pistachos, casta\u00f1as de Par\u00e1 (o nueces de Brasil), nueces de macadamia, casta\u00f1as, mostaza, sulfitos, miel , Glutamato E620 -&gt;; E625, Sulfitos E220 -&gt;; E227, \u00c1cido benzoico E210 -&gt;; E213, Parabens E214 -&gt;; E219, tartracina E102, Amarillo naranja E110, azorrubina E122, Amaranto E123, Rojo E124 y E129, Azul E131 , indigotina E132, Licopeno E160B-D, tragacanto E413, \u00c1cido s\u00f3rbico E200 -&gt;; E203, BHA \/ BHT E320 \/ 321. NI TRAZAS.nProducida de forma artesanal por nuestra artesana chocolatera y en moldes especiales donde s\u00f3lo se fabrica este chocolate.nn&quot;}\" data-sheets-userformat=\"{&quot;2&quot;:4995,&quot;3&quot;:{&quot;1&quot;:0},&quot;4&quot;:{&quot;1&quot;:2,&quot;2&quot;:16770457},&quot;10&quot;:2,&quot;11&quot;:4,&quot;12&quot;:0,&quot;15&quot;:&quot;Arial&quot;}\" data-sheets-textstyleruns=\"{&quot;1&quot;:0}\uee10{&quot;1&quot;:372,&quot;2&quot;:{&quot;2&quot;:{&quot;1&quot;:2,&quot;2&quot;:16711680}}}\uee10{&quot;1&quot;:393}\uee10{&quot;1&quot;:422,&quot;2&quot;:{&quot;2&quot;:{&quot;1&quot;:2,&quot;2&quot;:16711680}}}\uee10{&quot;1&quot;:438}\uee10{&quot;1&quot;:475,&quot;2&quot;:{&quot;2&quot;:{&quot;1&quot;:2,&quot;2&quot;:16711680}}}\uee10{&quot;1&quot;:489}\">60 chocolatinas de chocolate con leche, formato bolsa de pl\u00e1stico individual.<\/span><\/p>\n<p>Es un formato muy c\u00f3modo para regalar, ideales para meriendas<br \/>\nNo contiene trazas de frutos secos, cacahuete, huevo ni gluten.<\/p>\n<p><span data-sheets-value=\"{&quot;1&quot;:2,&quot;2&quot;:&quot;12 chocolatinas de chocolate con leche. total 90 g.nChocolatinas de Pascua, chocolatina de 3x3 con dibujos variados de pascua, nEs un formato muy c\u00f3modo para regalar, ideales para acompa\u00f1ar el caf\u00e9.nNo contiene trazas de frutos secos, cacahuete, huevo ni gluten. Chocolate con leche de verdad para los al\u00e9rgicos a los frutos secos. Ingredientes: az\u00facar, manteca de cacao, leche entera en polvo, pasta de cacao, emulgente: lecitina de soja, aroma natural de vainilla.nCONTIENE SOJA Y LECHE.nEs un chocolate belga, muy buena, con un sabor a cacao amargo bien equilibrado (55% de cacao) y lo mejor es que NO CONTIENE: huevos ni derivados, altramuz, gluten, trigo, cent\u00e9simo, ma\u00edz moro, avellanas, almendras, aceite de avellana o de almendra, cacahuetes, aceite de cacahuete, nueces, pacanas, anacardos, pistachos, casta\u00f1as de Par\u00e1 (o nueces de Brasil), nueces de macadamia, casta\u00f1as, mostaza, sulfitos, miel , Glutamato E620 -&gt;; E625, Sulfitos E220 -&gt;; E227, \u00c1cido benzoico E210 -&gt;; E213, Parabens E214 -&gt;; E219, tartracina E102, Amarillo naranja E110, azorrubina E122, Amaranto E123, Rojo E124 y E129, Azul E131 , indigotina E132, Licopeno E160B-D, tragacanto E413, \u00c1cido s\u00f3rbico E200 -&gt;; E203, BHA \/ BHT E320 \/ 321. NI TRAZAS.nProducida de forma artesanal por nuestra artesana chocolatera y en moldes especiales donde s\u00f3lo se fabrica este chocolate.nn&quot;}\" data-sheets-userformat=\"{&quot;2&quot;:4995,&quot;3&quot;:{&quot;1&quot;:0},&quot;4&quot;:{&quot;1&quot;:2,&quot;2&quot;:16770457},&quot;10&quot;:2,&quot;11&quot;:4,&quot;12&quot;:0,&quot;15&quot;:&quot;Arial&quot;}\" data-sheets-textstyleruns=\"{&quot;1&quot;:0}\uee10{&quot;1&quot;:372,&quot;2&quot;:{&quot;2&quot;:{&quot;1&quot;:2,&quot;2&quot;:16711680}}}\uee10{&quot;1&quot;:393}\uee10{&quot;1&quot;:422,&quot;2&quot;:{&quot;2&quot;:{&quot;1&quot;:2,&quot;2&quot;:16711680}}}\uee10{&quot;1&quot;:438}\uee10{&quot;1&quot;:475,&quot;2&quot;:{&quot;2&quot;:{&quot;1&quot;:2,&quot;2&quot;:16711680}}}\uee10{&quot;1&quot;:489}\">Chocolate con leche de verdad para los al\u00e9rgicos a los frutos secos.<\/span><\/p>\n<p><span data-sheets-value=\"{&quot;1&quot;:2,&quot;2&quot;:&quot;12 chocolatinas de chocolate con leche. total 90 g.nChocolatinas de Pascua, chocolatina de 3x3 con dibujos variados de pascua, nEs un formato muy c\u00f3modo para regalar, ideales para acompa\u00f1ar el caf\u00e9.nNo contiene trazas de frutos secos, cacahuete, huevo ni gluten. Chocolate con leche de verdad para los al\u00e9rgicos a los frutos secos. Ingredientes: az\u00facar, manteca de cacao, leche entera en polvo, pasta de cacao, emulgente: lecitina de soja, aroma natural de vainilla.nCONTIENE SOJA Y LECHE.nEs un chocolate belga, muy buena, con un sabor a cacao amargo bien equilibrado (55% de cacao) y lo mejor es que NO CONTIENE: huevos ni derivados, altramuz, gluten, trigo, cent\u00e9simo, ma\u00edz moro, avellanas, almendras, aceite de avellana o de almendra, cacahuetes, aceite de cacahuete, nueces, pacanas, anacardos, pistachos, casta\u00f1as de Par\u00e1 (o nueces de Brasil), nueces de macadamia, casta\u00f1as, mostaza, sulfitos, miel , Glutamato E620 -&gt;; E625, Sulfitos E220 -&gt;; E227, \u00c1cido benzoico E210 -&gt;; E213, Parabens E214 -&gt;; E219, tartracina E102, Amarillo naranja E110, azorrubina E122, Amaranto E123, Rojo E124 y E129, Azul E131 , indigotina E132, Licopeno E160B-D, tragacanto E413, \u00c1cido s\u00f3rbico E200 -&gt;; E203, BHA \/ BHT E320 \/ 321. NI TRAZAS.nProducida de forma artesanal por nuestra artesana chocolatera y en moldes especiales donde s\u00f3lo se fabrica este chocolate.nn&quot;}\" data-sheets-userformat=\"{&quot;2&quot;:4995,&quot;3&quot;:{&quot;1&quot;:0},&quot;4&quot;:{&quot;1&quot;:2,&quot;2&quot;:16770457},&quot;10&quot;:2,&quot;11&quot;:4,&quot;12&quot;:0,&quot;15&quot;:&quot;Arial&quot;}\" data-sheets-textstyleruns=\"{&quot;1&quot;:0}\uee10{&quot;1&quot;:372,&quot;2&quot;:{&quot;2&quot;:{&quot;1&quot;:2,&quot;2&quot;:16711680}}}\uee10{&quot;1&quot;:393}\uee10{&quot;1&quot;:422,&quot;2&quot;:{&quot;2&quot;:{&quot;1&quot;:2,&quot;2&quot;:16711680}}}\uee10{&quot;1&quot;:438}\uee10{&quot;1&quot;:475,&quot;2&quot;:{&quot;2&quot;:{&quot;1&quot;:2,&quot;2&quot;:16711680}}}\uee10{&quot;1&quot;:489}\"> Ingredientes: az\u00facar, manteca de cacao, <span style=\"color: #ff0000\"><strong>leche entera en polvo<\/strong><\/span>, pasta de cacao, emulgente: <strong><span style=\"color: #ff0000\">lecitina de soja<\/span><\/strong>, aroma natural de vainilla.<br \/>\nCONTIENE SOJA Y LECHE.<\/span><\/p>\n<p><span data-sheets-value=\"{&quot;1&quot;:2,&quot;2&quot;:&quot;12 chocolatinas de chocolate con leche. total 90 g.nChocolatinas de Pascua, chocolatina de 3x3 con dibujos variados de pascua, nEs un formato muy c\u00f3modo para regalar, ideales para acompa\u00f1ar el caf\u00e9.nNo contiene trazas de frutos secos, cacahuete, huevo ni gluten. Chocolate con leche de verdad para los al\u00e9rgicos a los frutos secos. Ingredientes: az\u00facar, manteca de cacao, leche entera en polvo, pasta de cacao, emulgente: lecitina de soja, aroma natural de vainilla.nCONTIENE SOJA Y LECHE.nEs un chocolate belga, muy buena, con un sabor a cacao amargo bien equilibrado (55% de cacao) y lo mejor es que NO CONTIENE: huevos ni derivados, altramuz, gluten, trigo, cent\u00e9simo, ma\u00edz moro, avellanas, almendras, aceite de avellana o de almendra, cacahuetes, aceite de cacahuete, nueces, pacanas, anacardos, pistachos, casta\u00f1as de Par\u00e1 (o nueces de Brasil), nueces de macadamia, casta\u00f1as, mostaza, sulfitos, miel , Glutamato E620 -&gt;; E625, Sulfitos E220 -&gt;; E227, \u00c1cido benzoico E210 -&gt;; E213, Parabens E214 -&gt;; E219, tartracina E102, Amarillo naranja E110, azorrubina E122, Amaranto E123, Rojo E124 y E129, Azul E131 , indigotina E132, Licopeno E160B-D, tragacanto E413, \u00c1cido s\u00f3rbico E200 -&gt;; E203, BHA \/ BHT E320 \/ 321. NI TRAZAS.nProducida de forma artesanal por nuestra artesana chocolatera y en moldes especiales donde s\u00f3lo se fabrica este chocolate.nn&quot;}\" data-sheets-userformat=\"{&quot;2&quot;:4995,&quot;3&quot;:{&quot;1&quot;:0},&quot;4&quot;:{&quot;1&quot;:2,&quot;2&quot;:16770457},&quot;10&quot;:2,&quot;11&quot;:4,&quot;12&quot;:0,&quot;15&quot;:&quot;Arial&quot;}\" data-sheets-textstyleruns=\"{&quot;1&quot;:0}\uee10{&quot;1&quot;:372,&quot;2&quot;:{&quot;2&quot;:{&quot;1&quot;:2,&quot;2&quot;:16711680}}}\uee10{&quot;1&quot;:393}\uee10{&quot;1&quot;:422,&quot;2&quot;:{&quot;2&quot;:{&quot;1&quot;:2,&quot;2&quot;:16711680}}}\uee10{&quot;1&quot;:438}\uee10{&quot;1&quot;:475,&quot;2&quot;:{&quot;2&quot;:{&quot;1&quot;:2,&quot;2&quot;:16711680}}}\uee10{&quot;1&quot;:489}\"><br \/>\nEs un chocolate belga, muy buena, con un sabor a cacao amargo bien equilibrado (55% de cacao)<br \/>\nProducida de forma artesanal por nuestra artesana chocolatera y en moldes especiales donde s\u00f3lo se fabrica este chocolate.<\/span><\/p>\n","protected":false},"excerpt":{"rendered":"<p><strong>60 unidades de chocolatinas de 22 gr, formato individual con bolsa de pl\u00e1stico. Especial merienda.<\/strong><\/p>\n<p>Ingredientes:<\/p>\n<ul>\n<li>Leche.<\/li>\n<li>Pasta de cacao.<\/li>\n<li>Az\u00facar.<\/li>\n<li>Manteca de cacao.<\/li>\n<li><strong><span style=\"color: #ff0000\">Leche en polvo.<\/span><\/strong><\/li>\n<li>Emulgente: <span style=\"color: #ff0000\"><strong>lecitina de soja.<\/strong><\/span><\/li>\n<li>Aroma natural de vainilla.<\/li>\n<\/ul>\n<p>CONTIENE <strong>SOJA Y LECHE.<\/strong><\/p>\n<h6><strong>SIN GLUTEN, SIN HUEVO, SIN FRUTOS SECOS, SIN CACAHUETE, SIN TRAZAS<\/strong><\/h6>\n<img loading=\"lazy\" decoding=\"async\" class=\"size-full wp-image-20848 alignnone\" src=\"https:\/\/xocomon.com\/wp-content\/uploads\/2024\/04\/icons-con-leche.png\" alt=\"\" width=\"307\" height=\"81\" \/>\n<p>&nbsp;<\/p>\n","protected":false},"featured_media":13039,"comment_status":"open","ping_status":"closed","template":"","meta":[],"product_brand":[],"product_cat":[1133,130,28,199,202],"product_tag":[],"class_list":{"0":"post-13213","1":"product","2":"type-product","3":"status-publish","4":"has-post-thumbnail","6":"product_cat-ofertas-outlet","7":"product_cat-chocolate","8":"product_cat-chocolate-con-leche","9":"product_cat-fiestas","10":"product_cat-chocolate-con-leche-fiestas","11":"tm-has-options","13":"first","14":"instock","15":"taxable","16":"shipping-taxable","17":"purchasable","18":"product-type-simple"},"yoast_head":"<!-- This site is optimized with the Yoast SEO plugin v26.7 - https:\/\/yoast.com\/wordpress\/plugins\/seo\/ -->\n<title>60 Chocolatinas 22gr\/unidad, chocolate con leche bolsa - Xocomon<\/title>\n<meta name=\"description\" content=\"60 Chocolatinas 22gr\/unidad, chocolate con leche bolsa, sin frutos secos, sin gluten, sin cacahuete, sin huevo, sin trazas\" \/>\n<meta name=\"robots\" content=\"index, follow, max-snippet:-1, max-image-preview:large, max-video-preview:-1\" \/>\n<link rel=\"canonical\" href=\"https:\/\/xocomon.com\/producto\/60-xocolatines-22-gr-xocolata-amb-llet-bossa\/\" \/>\n<meta property=\"og:locale\" content=\"es_ES\" \/>\n<meta property=\"og:type\" content=\"article\" \/>\n<meta property=\"og:title\" content=\"60 Chocolatinas 22gr\/unidad, chocolate con leche bolsa - Xocomon\" \/>\n<meta property=\"og:description\" content=\"60 Chocolatinas 22gr\/unidad, chocolate con leche bolsa, sin frutos secos, sin gluten, sin cacahuete, sin huevo, sin trazas\" \/>\n<meta property=\"og:url\" content=\"https:\/\/xocomon.com\/producto\/60-xocolatines-22-gr-xocolata-amb-llet-bossa\/\" \/>\n<meta property=\"og:site_name\" content=\"Xocomon\" \/>\n<meta property=\"article:publisher\" content=\"https:\/\/www.facebook.com\/xocomon\/\" \/>\n<meta property=\"article:modified_time\" content=\"2026-04-02T18:32:03+00:00\" \/>\n<meta property=\"og:image\" content=\"https:\/\/xocomon.com\/wp-content\/uploads\/2022\/03\/5D__8062_XCM_low.jpg\" \/>\n\t<meta property=\"og:image:width\" content=\"640\" \/>\n\t<meta property=\"og:image:height\" content=\"524\" \/>\n\t<meta property=\"og:image:type\" content=\"image\/jpeg\" \/>\n<meta name=\"twitter:card\" content=\"summary_large_image\" \/>\n<meta name=\"twitter:label1\" content=\"Tiempo de lectura\" \/>\n\t<meta name=\"twitter:data1\" content=\"2 minutos\" \/>\n<script type=\"application\/ld+json\" class=\"yoast-schema-graph\">{\"@context\":\"https:\/\/schema.org\",\"@graph\":[{\"@type\":\"WebPage\",\"@id\":\"https:\/\/xocomon.com\/producto\/60-xocolatines-22-gr-xocolata-amb-llet-bossa\/\",\"url\":\"https:\/\/xocomon.com\/producto\/60-xocolatines-22-gr-xocolata-amb-llet-bossa\/\",\"name\":\"60 Chocolatinas 22gr\/unidad, chocolate con leche bolsa - Xocomon\",\"isPartOf\":{\"@id\":\"https:\/\/xocomon.com\/#website\"},\"primaryImageOfPage\":{\"@id\":\"https:\/\/xocomon.com\/producto\/60-xocolatines-22-gr-xocolata-amb-llet-bossa\/#primaryimage\"},\"image\":{\"@id\":\"https:\/\/xocomon.com\/producto\/60-xocolatines-22-gr-xocolata-amb-llet-bossa\/#primaryimage\"},\"thumbnailUrl\":\"https:\/\/xocomon.com\/wp-content\/uploads\/2022\/03\/5D__8062_XCM_low.jpg\",\"datePublished\":\"2022-03-16T11:04:13+00:00\",\"dateModified\":\"2026-04-02T18:32:03+00:00\",\"description\":\"60 Chocolatinas 22gr\/unidad, chocolate con leche bolsa, sin frutos secos, sin gluten, sin cacahuete, sin huevo, sin trazas\",\"breadcrumb\":{\"@id\":\"https:\/\/xocomon.com\/producto\/60-xocolatines-22-gr-xocolata-amb-llet-bossa\/#breadcrumb\"},\"inLanguage\":\"es\",\"potentialAction\":[{\"@type\":\"ReadAction\",\"target\":[\"https:\/\/xocomon.com\/producto\/60-xocolatines-22-gr-xocolata-amb-llet-bossa\/\"]}]},{\"@type\":\"ImageObject\",\"inLanguage\":\"es\",\"@id\":\"https:\/\/xocomon.com\/producto\/60-xocolatines-22-gr-xocolata-amb-llet-bossa\/#primaryimage\",\"url\":\"https:\/\/xocomon.com\/wp-content\/uploads\/2022\/03\/5D__8062_XCM_low.jpg\",\"contentUrl\":\"https:\/\/xocomon.com\/wp-content\/uploads\/2022\/03\/5D__8062_XCM_low.jpg\",\"width\":640,\"height\":524},{\"@type\":\"BreadcrumbList\",\"@id\":\"https:\/\/xocomon.com\/producto\/60-xocolatines-22-gr-xocolata-amb-llet-bossa\/#breadcrumb\",\"itemListElement\":[{\"@type\":\"ListItem\",\"position\":1,\"name\":\"Portada\",\"item\":\"https:\/\/xocomon.com\/es\/\"},{\"@type\":\"ListItem\",\"position\":2,\"name\":\"Tienda\",\"item\":\"https:\/\/xocomon.com\/es\/tienda\/\"},{\"@type\":\"ListItem\",\"position\":3,\"name\":\"60 Chocolatinas 22gr\/unidad, chocolate con leche bolsa\"}]},{\"@type\":\"WebSite\",\"@id\":\"https:\/\/xocomon.com\/#website\",\"url\":\"https:\/\/xocomon.com\/\",\"name\":\"Xocomon\",\"description\":\"\",\"potentialAction\":[{\"@type\":\"SearchAction\",\"target\":{\"@type\":\"EntryPoint\",\"urlTemplate\":\"https:\/\/xocomon.com\/?s={search_term_string}\"},\"query-input\":{\"@type\":\"PropertyValueSpecification\",\"valueRequired\":true,\"valueName\":\"search_term_string\"}}],\"inLanguage\":\"es\"}]}<\/script>\n<!-- \/ Yoast SEO plugin. -->","yoast_head_json":{"title":"60 Chocolatinas 22gr\/unidad, chocolate con leche bolsa - Xocomon","description":"60 Chocolatinas 22gr\/unidad, chocolate con leche bolsa, sin frutos secos, sin gluten, sin cacahuete, sin huevo, sin trazas","robots":{"index":"index","follow":"follow","max-snippet":"max-snippet:-1","max-image-preview":"max-image-preview:large","max-video-preview":"max-video-preview:-1"},"canonical":"https:\/\/xocomon.com\/producto\/60-xocolatines-22-gr-xocolata-amb-llet-bossa\/","og_locale":"es_ES","og_type":"article","og_title":"60 Chocolatinas 22gr\/unidad, chocolate con leche bolsa - Xocomon","og_description":"60 Chocolatinas 22gr\/unidad, chocolate con leche bolsa, sin frutos secos, sin gluten, sin cacahuete, sin huevo, sin trazas","og_url":"https:\/\/xocomon.com\/producto\/60-xocolatines-22-gr-xocolata-amb-llet-bossa\/","og_site_name":"Xocomon","article_publisher":"https:\/\/www.facebook.com\/xocomon\/","article_modified_time":"2026-04-02T18:32:03+00:00","og_image":[{"width":640,"height":524,"url":"https:\/\/xocomon.com\/wp-content\/uploads\/2022\/03\/5D__8062_XCM_low.jpg","type":"image\/jpeg"}],"twitter_card":"summary_large_image","twitter_misc":{"Tiempo de lectura":"2 minutos"},"schema":{"@context":"https:\/\/schema.org","@graph":[{"@type":"WebPage","@id":"https:\/\/xocomon.com\/producto\/60-xocolatines-22-gr-xocolata-amb-llet-bossa\/","url":"https:\/\/xocomon.com\/producto\/60-xocolatines-22-gr-xocolata-amb-llet-bossa\/","name":"60 Chocolatinas 22gr\/unidad, chocolate con leche bolsa - Xocomon","isPartOf":{"@id":"https:\/\/xocomon.com\/#website"},"primaryImageOfPage":{"@id":"https:\/\/xocomon.com\/producto\/60-xocolatines-22-gr-xocolata-amb-llet-bossa\/#primaryimage"},"image":{"@id":"https:\/\/xocomon.com\/producto\/60-xocolatines-22-gr-xocolata-amb-llet-bossa\/#primaryimage"},"thumbnailUrl":"https:\/\/xocomon.com\/wp-content\/uploads\/2022\/03\/5D__8062_XCM_low.jpg","datePublished":"2022-03-16T11:04:13+00:00","dateModified":"2026-04-02T18:32:03+00:00","description":"60 Chocolatinas 22gr\/unidad, chocolate con leche bolsa, sin frutos secos, sin gluten, sin cacahuete, sin huevo, sin trazas","breadcrumb":{"@id":"https:\/\/xocomon.com\/producto\/60-xocolatines-22-gr-xocolata-amb-llet-bossa\/#breadcrumb"},"inLanguage":"es","potentialAction":[{"@type":"ReadAction","target":["https:\/\/xocomon.com\/producto\/60-xocolatines-22-gr-xocolata-amb-llet-bossa\/"]}]},{"@type":"ImageObject","inLanguage":"es","@id":"https:\/\/xocomon.com\/producto\/60-xocolatines-22-gr-xocolata-amb-llet-bossa\/#primaryimage","url":"https:\/\/xocomon.com\/wp-content\/uploads\/2022\/03\/5D__8062_XCM_low.jpg","contentUrl":"https:\/\/xocomon.com\/wp-content\/uploads\/2022\/03\/5D__8062_XCM_low.jpg","width":640,"height":524},{"@type":"BreadcrumbList","@id":"https:\/\/xocomon.com\/producto\/60-xocolatines-22-gr-xocolata-amb-llet-bossa\/#breadcrumb","itemListElement":[{"@type":"ListItem","position":1,"name":"Portada","item":"https:\/\/xocomon.com\/es\/"},{"@type":"ListItem","position":2,"name":"Tienda","item":"https:\/\/xocomon.com\/es\/tienda\/"},{"@type":"ListItem","position":3,"name":"60 Chocolatinas 22gr\/unidad, chocolate con leche bolsa"}]},{"@type":"WebSite","@id":"https:\/\/xocomon.com\/#website","url":"https:\/\/xocomon.com\/","name":"Xocomon","description":"","potentialAction":[{"@type":"SearchAction","target":{"@type":"EntryPoint","urlTemplate":"https:\/\/xocomon.com\/?s={search_term_string}"},"query-input":{"@type":"PropertyValueSpecification","valueRequired":true,"valueName":"search_term_string"}}],"inLanguage":"es"}]}},"tiered_pricing_type":"fixed","tiered_pricing_fixed_rules":[],"tiered_pricing_product_settings":{"layout":"default","base_unit_name":{"singular":null,"plural":null},"default_variation":null},"tiered_pricing_minimum_quantity":null,"tiered_pricing_roles_data":[],"tiered_pricing_percentage_rules":[],"_links":{"self":[{"href":"https:\/\/xocomon.com\/es\/wp-json\/wp\/v2\/product\/13213","targetHints":{"allow":["GET"]}}],"collection":[{"href":"https:\/\/xocomon.com\/es\/wp-json\/wp\/v2\/product"}],"about":[{"href":"https:\/\/xocomon.com\/es\/wp-json\/wp\/v2\/types\/product"}],"replies":[{"embeddable":true,"href":"https:\/\/xocomon.com\/es\/wp-json\/wp\/v2\/comments?post=13213"}],"wp:featuredmedia":[{"embeddable":true,"href":"https:\/\/xocomon.com\/es\/wp-json\/wp\/v2\/media\/13039"}],"wp:attachment":[{"href":"https:\/\/xocomon.com\/es\/wp-json\/wp\/v2\/media?parent=13213"}],"wp:term":[{"taxonomy":"product_brand","embeddable":true,"href":"https:\/\/xocomon.com\/es\/wp-json\/wp\/v2\/product_brand?post=13213"},{"taxonomy":"product_cat","embeddable":true,"href":"https:\/\/xocomon.com\/es\/wp-json\/wp\/v2\/product_cat?post=13213"},{"taxonomy":"product_tag","embeddable":true,"href":"https:\/\/xocomon.com\/es\/wp-json\/wp\/v2\/product_tag?post=13213"}],"curies":[{"name":"wp","href":"https:\/\/api.w.org\/{rel}","templated":true}]}}