{"id":13211,"date":"2022-03-16T11:14:58","date_gmt":"2022-03-16T10:14:58","guid":{"rendered":"https:\/\/xocomon.com\/?post_type=product&#038;p=13211"},"modified":"2026-05-03T16:03:11","modified_gmt":"2026-05-03T15:03:11","slug":"chocolatinas-pascua-chocolate-negro-85gr-copia","status":"publish","type":"product","link":"https:\/\/xocomon.com\/es\/producto\/chocolatinas-pascua-chocolate-negro-85gr-copia\/","title":{"rendered":"60 Chocolatinas 22 gr\/unidad chocolate negro bolsa."},"content":{"rendered":"<p><span data-sheets-value=\"{&quot;1&quot;:2,&quot;2&quot;:&quot;12 chocolatinas de chocolate negro. total 90 g.nChocolatinas con motivos de pascua, chocolatina de 3x3 con dibujos variados de pascua, ideales para estas pascuas.nEs un formato muy c\u00f3modo para regalar, son ideales para acompa\u00f1ar el caf\u00e9.nNo contiene trazas de frutos secos, leche, cacahuete, huevo, gluten ni trazas de todos ellos . As\u00ed, aparte de los al\u00e9rgicos a los frutos secos, pueden comer tambi\u00e9n los al\u00e9rgicos a la leche, los veganos y los vegetarianos, ya que no tiene leche. Ingredientes: pasta de cacao, az\u00facar, manteca de cacao, emulgente:lecitina de soja y aroma natural de vainillanCONTIENE SOJA.nEs un chocolate belga, muy buena, con un sabor a cacao amargo bien equilibrado (55% de cacao) y lo mejor es que NO CONTIENE: prote\u00ednas de leche, lactosa, huevos ni derivados, altramuz, gluten, trigo, cent\u00e9simo, ma\u00edz moro, avellanas, almendras, aceite de avellana o de almendra, cacahuetes, aceite de cacahuete, nueces, pacanas, anacardos, pistachos, casta\u00f1as de Par\u00e1 (o nueces de Brasil), nueces de macadamia, casta\u00f1as, mostaza, sulfitos, miel , Glutamato E620 -&gt;; E625, Sulfitos E220 -&gt;; E227, \u00c1cido benzoico E210 -&gt;; E213, Parabens E214 -&gt;; E219, tartracina E102, Amarillo naranja E110, azorrubina E122, Amaranto E123, Rojo E124 y E129, Azul E131 , indigotina E132, Licopeno E160B-D, tragacanto E413, \u00c1cido s\u00f3rbico E200 -&gt;; E203, BHA \/ BHT E320 \/ 321. NI TRAZASnProducida de forma artesanal por nuestra artesana chocolatera y en moldes especiales donde s\u00f3lo se fabrica este chocolate.&quot;}\" data-sheets-userformat=\"{&quot;2&quot;:4995,&quot;3&quot;:{&quot;1&quot;:0},&quot;4&quot;:{&quot;1&quot;:2,&quot;2&quot;:255},&quot;10&quot;:2,&quot;11&quot;:4,&quot;12&quot;:0,&quot;15&quot;:&quot;Arial&quot;}\" data-sheets-textstyleruns=\"{&quot;1&quot;:0}\uee10{&quot;1&quot;:550,&quot;2&quot;:{&quot;2&quot;:{&quot;1&quot;:2,&quot;2&quot;:16711680}}}\uee10{&quot;1&quot;:566}\uee10{&quot;1&quot;:595,&quot;2&quot;:{&quot;2&quot;:{&quot;1&quot;:2,&quot;2&quot;:16711680}}}\uee10{&quot;1&quot;:608}\">60 chocolatinas de chocolate negro individuales en bolsa de pl\u00e1stico, <\/span><span data-sheets-value=\"{&quot;1&quot;:2,&quot;2&quot;:&quot;12 chocolatinas de chocolate negro. total 90 g.nChocolatinas con motivos de pascua, chocolatina de 3x3 con dibujos variados de pascua, ideales para estas pascuas.nEs un formato muy c\u00f3modo para regalar, son ideales para acompa\u00f1ar el caf\u00e9.nNo contiene trazas de frutos secos, leche, cacahuete, huevo, gluten ni trazas de todos ellos . As\u00ed, aparte de los al\u00e9rgicos a los frutos secos, pueden comer tambi\u00e9n los al\u00e9rgicos a la leche, los veganos y los vegetarianos, ya que no tiene leche. Ingredientes: pasta de cacao, az\u00facar, manteca de cacao, emulgente:lecitina de soja y aroma natural de vainillanCONTIENE SOJA.nEs un chocolate belga, muy buena, con un sabor a cacao amargo bien equilibrado (55% de cacao) y lo mejor es que NO CONTIENE: prote\u00ednas de leche, lactosa, huevos ni derivados, altramuz, gluten, trigo, cent\u00e9simo, ma\u00edz moro, avellanas, almendras, aceite de avellana o de almendra, cacahuetes, aceite de cacahuete, nueces, pacanas, anacardos, pistachos, casta\u00f1as de Par\u00e1 (o nueces de Brasil), nueces de macadamia, casta\u00f1as, mostaza, sulfitos, miel , Glutamato E620 -&gt;; E625, Sulfitos E220 -&gt;; E227, \u00c1cido benzoico E210 -&gt;; E213, Parabens E214 -&gt;; E219, tartracina E102, Amarillo naranja E110, azorrubina E122, Amaranto E123, Rojo E124 y E129, Azul E131 , indigotina E132, Licopeno E160B-D, tragacanto E413, \u00c1cido s\u00f3rbico E200 -&gt;; E203, BHA \/ BHT E320 \/ 321. NI TRAZASnProducida de forma artesanal por nuestra artesana chocolatera y en moldes especiales donde s\u00f3lo se fabrica este chocolate.&quot;}\" data-sheets-userformat=\"{&quot;2&quot;:4995,&quot;3&quot;:{&quot;1&quot;:0},&quot;4&quot;:{&quot;1&quot;:2,&quot;2&quot;:255},&quot;10&quot;:2,&quot;11&quot;:4,&quot;12&quot;:0,&quot;15&quot;:&quot;Arial&quot;}\" data-sheets-textstyleruns=\"{&quot;1&quot;:0}\uee10{&quot;1&quot;:550,&quot;2&quot;:{&quot;2&quot;:{&quot;1&quot;:2,&quot;2&quot;:16711680}}}\uee10{&quot;1&quot;:566}\uee10{&quot;1&quot;:595,&quot;2&quot;:{&quot;2&quot;:{&quot;1&quot;:2,&quot;2&quot;:16711680}}}\uee10{&quot;1&quot;:608}\">ideales para meriendas.<br \/>\nNo contiene Frutos secos, leche, cacahuete, huevo, gluten ni soja . As\u00ed, aparte de los al\u00e9rgicos a los frutos secos, pueden comer tambi\u00e9n los al\u00e9rgicos a la leche, los veganos y los vegetarianos, ya que no tiene leche. <\/span><\/p>\n<p><span data-sheets-value=\"{&quot;1&quot;:2,&quot;2&quot;:&quot;12 chocolatinas de chocolate negro. total 90 g.nChocolatinas con motivos de pascua, chocolatina de 3x3 con dibujos variados de pascua, ideales para estas pascuas.nEs un formato muy c\u00f3modo para regalar, son ideales para acompa\u00f1ar el caf\u00e9.nNo contiene trazas de frutos secos, leche, cacahuete, huevo, gluten ni trazas de todos ellos . As\u00ed, aparte de los al\u00e9rgicos a los frutos secos, pueden comer tambi\u00e9n los al\u00e9rgicos a la leche, los veganos y los vegetarianos, ya que no tiene leche. Ingredientes: pasta de cacao, az\u00facar, manteca de cacao, emulgente:lecitina de soja y aroma natural de vainillanCONTIENE SOJA.nEs un chocolate belga, muy buena, con un sabor a cacao amargo bien equilibrado (55% de cacao) y lo mejor es que NO CONTIENE: prote\u00ednas de leche, lactosa, huevos ni derivados, altramuz, gluten, trigo, cent\u00e9simo, ma\u00edz moro, avellanas, almendras, aceite de avellana o de almendra, cacahuetes, aceite de cacahuete, nueces, pacanas, anacardos, pistachos, casta\u00f1as de Par\u00e1 (o nueces de Brasil), nueces de macadamia, casta\u00f1as, mostaza, sulfitos, miel , Glutamato E620 -&gt;; E625, Sulfitos E220 -&gt;; E227, \u00c1cido benzoico E210 -&gt;; E213, Parabens E214 -&gt;; E219, tartracina E102, Amarillo naranja E110, azorrubina E122, Amaranto E123, Rojo E124 y E129, Azul E131 , indigotina E132, Licopeno E160B-D, tragacanto E413, \u00c1cido s\u00f3rbico E200 -&gt;; E203, BHA \/ BHT E320 \/ 321. NI TRAZASnProducida de forma artesanal por nuestra artesana chocolatera y en moldes especiales donde s\u00f3lo se fabrica este chocolate.&quot;}\" data-sheets-userformat=\"{&quot;2&quot;:4995,&quot;3&quot;:{&quot;1&quot;:0},&quot;4&quot;:{&quot;1&quot;:2,&quot;2&quot;:255},&quot;10&quot;:2,&quot;11&quot;:4,&quot;12&quot;:0,&quot;15&quot;:&quot;Arial&quot;}\" data-sheets-textstyleruns=\"{&quot;1&quot;:0}\uee10{&quot;1&quot;:550,&quot;2&quot;:{&quot;2&quot;:{&quot;1&quot;:2,&quot;2&quot;:16711680}}}\uee10{&quot;1&quot;:566}\uee10{&quot;1&quot;:595,&quot;2&quot;:{&quot;2&quot;:{&quot;1&quot;:2,&quot;2&quot;:16711680}}}\uee10{&quot;1&quot;:608}\">Ingredientes: pasta de cacao, az\u00facar, manteca de cacao, emulgente: lecitina \u00a0y aroma natural de vainilla<\/span><\/p>\n<p>Es un chocolate belga, muy buena, con un sabor a cacao amargo bien equilibrado (55% de cacao)<br \/>\nProducida de forma artesanal por nuestra artesana chocolatera y en moldes especiales donde s\u00f3lo se fabrica este chocolate.<\/p>\n<p>&nbsp;<\/p>\n","protected":false},"excerpt":{"rendered":"<p>60 chocolatinas, tama\u00f1o merienda de chocolate negro xocomon, el packaging es en bolsa de pl\u00e1stico para que sean mas baratas.<\/p>\n<p>Este formato es el que utilizamos para las colectividades grandes. Al final nos hemos decidido con el p\u00fablico en general. As\u00ed que puedes comprar 60 unidades a precios muy buenos, \u00bfTe atreves?<\/p>\n<p>INGREDIENTES; Pasta de cacao, az\u00facar, manteca de cacao, emulgente: lecitina, aroma natural de vainilla<\/p>\n<p>SIN GLUTEN, SIN HUEVO, SIN FRUTOS SECOS, SIN CACAHUETE, SIN LECHE, SIN SOJA<\/p>\n","protected":false},"featured_media":13217,"comment_status":"open","ping_status":"closed","template":"","meta":[],"product_brand":[],"product_cat":[1133,130,127,199,203],"product_tag":[],"class_list":{"0":"post-13211","1":"product","2":"type-product","3":"status-publish","4":"has-post-thumbnail","6":"product_cat-ofertas-outlet","7":"product_cat-chocolate","8":"product_cat-chocolate-negro","9":"product_cat-fiestas","10":"product_cat-chocolate-negro-fiestas","11":"tm-has-options","13":"first","14":"instock","15":"taxable","16":"shipping-taxable","17":"purchasable","18":"product-type-simple"},"yoast_head":"<!-- This site is optimized with the Yoast SEO plugin v26.7 - https:\/\/yoast.com\/wordpress\/plugins\/seo\/ -->\n<title>60 Chocolatinas 22 gr\/unidad chocolate negro bolsa. - Xocomon<\/title>\n<meta name=\"description\" content=\"60 Chocolatinas 22 gr\/unidad chocolate negro bolsa. Sin frutos secos, sin cacahuete, sin leche, sin huevo. sin gluten, sin trazas\" \/>\n<meta name=\"robots\" content=\"index, follow, max-snippet:-1, max-image-preview:large, max-video-preview:-1\" \/>\n<link rel=\"canonical\" href=\"https:\/\/xocomon.com\/producto\/60-xocolatines-22-gr-unitat-xocolata-negra-amb-bossa\/\" \/>\n<meta property=\"og:locale\" content=\"es_ES\" \/>\n<meta property=\"og:type\" content=\"article\" \/>\n<meta property=\"og:title\" content=\"60 Chocolatinas 22 gr\/unidad chocolate negro bolsa. - Xocomon\" \/>\n<meta property=\"og:description\" content=\"60 Chocolatinas 22 gr\/unidad chocolate negro bolsa. Sin frutos secos, sin cacahuete, sin leche, sin huevo. sin gluten, sin trazas\" \/>\n<meta property=\"og:url\" content=\"https:\/\/xocomon.com\/producto\/60-xocolatines-22-gr-unitat-xocolata-negra-amb-bossa\/\" \/>\n<meta property=\"og:site_name\" content=\"Xocomon\" \/>\n<meta property=\"article:publisher\" content=\"https:\/\/www.facebook.com\/xocomon\/\" \/>\n<meta property=\"article:modified_time\" content=\"2026-05-03T15:03:11+00:00\" \/>\n<meta property=\"og:image\" content=\"https:\/\/xocomon.com\/wp-content\/uploads\/2022\/03\/d3a039bf-43dc-4ebd-a401-1e81bb8cdbad.jpg\" \/>\n\t<meta property=\"og:image:width\" content=\"768\" \/>\n\t<meta property=\"og:image:height\" content=\"1024\" \/>\n\t<meta property=\"og:image:type\" content=\"image\/jpeg\" \/>\n<meta name=\"twitter:card\" content=\"summary_large_image\" \/>\n<meta name=\"twitter:label1\" content=\"Tiempo de lectura\" \/>\n\t<meta name=\"twitter:data1\" content=\"2 minutos\" \/>\n<script type=\"application\/ld+json\" class=\"yoast-schema-graph\">{\"@context\":\"https:\/\/schema.org\",\"@graph\":[{\"@type\":\"WebPage\",\"@id\":\"https:\/\/xocomon.com\/producto\/60-xocolatines-22-gr-unitat-xocolata-negra-amb-bossa\/\",\"url\":\"https:\/\/xocomon.com\/producto\/60-xocolatines-22-gr-unitat-xocolata-negra-amb-bossa\/\",\"name\":\"60 Chocolatinas 22 gr\/unidad chocolate negro bolsa. - Xocomon\",\"isPartOf\":{\"@id\":\"https:\/\/xocomon.com\/#website\"},\"primaryImageOfPage\":{\"@id\":\"https:\/\/xocomon.com\/producto\/60-xocolatines-22-gr-unitat-xocolata-negra-amb-bossa\/#primaryimage\"},\"image\":{\"@id\":\"https:\/\/xocomon.com\/producto\/60-xocolatines-22-gr-unitat-xocolata-negra-amb-bossa\/#primaryimage\"},\"thumbnailUrl\":\"https:\/\/xocomon.com\/wp-content\/uploads\/2022\/03\/d3a039bf-43dc-4ebd-a401-1e81bb8cdbad.jpg\",\"datePublished\":\"2022-03-16T10:14:58+00:00\",\"dateModified\":\"2026-05-03T15:03:11+00:00\",\"description\":\"60 Chocolatinas 22 gr\/unidad chocolate negro bolsa. Sin frutos secos, sin cacahuete, sin leche, sin huevo. sin gluten, sin trazas\",\"breadcrumb\":{\"@id\":\"https:\/\/xocomon.com\/producto\/60-xocolatines-22-gr-unitat-xocolata-negra-amb-bossa\/#breadcrumb\"},\"inLanguage\":\"es\",\"potentialAction\":[{\"@type\":\"ReadAction\",\"target\":[\"https:\/\/xocomon.com\/producto\/60-xocolatines-22-gr-unitat-xocolata-negra-amb-bossa\/\"]}]},{\"@type\":\"ImageObject\",\"inLanguage\":\"es\",\"@id\":\"https:\/\/xocomon.com\/producto\/60-xocolatines-22-gr-unitat-xocolata-negra-amb-bossa\/#primaryimage\",\"url\":\"https:\/\/xocomon.com\/wp-content\/uploads\/2022\/03\/d3a039bf-43dc-4ebd-a401-1e81bb8cdbad.jpg\",\"contentUrl\":\"https:\/\/xocomon.com\/wp-content\/uploads\/2022\/03\/d3a039bf-43dc-4ebd-a401-1e81bb8cdbad.jpg\",\"width\":768,\"height\":1024},{\"@type\":\"BreadcrumbList\",\"@id\":\"https:\/\/xocomon.com\/producto\/60-xocolatines-22-gr-unitat-xocolata-negra-amb-bossa\/#breadcrumb\",\"itemListElement\":[{\"@type\":\"ListItem\",\"position\":1,\"name\":\"Portada\",\"item\":\"https:\/\/xocomon.com\/es\/\"},{\"@type\":\"ListItem\",\"position\":2,\"name\":\"Tienda\",\"item\":\"https:\/\/xocomon.com\/es\/tienda\/\"},{\"@type\":\"ListItem\",\"position\":3,\"name\":\"60 Chocolatinas 22 gr\/unidad chocolate negro bolsa.\"}]},{\"@type\":\"WebSite\",\"@id\":\"https:\/\/xocomon.com\/#website\",\"url\":\"https:\/\/xocomon.com\/\",\"name\":\"Xocomon\",\"description\":\"\",\"potentialAction\":[{\"@type\":\"SearchAction\",\"target\":{\"@type\":\"EntryPoint\",\"urlTemplate\":\"https:\/\/xocomon.com\/?s={search_term_string}\"},\"query-input\":{\"@type\":\"PropertyValueSpecification\",\"valueRequired\":true,\"valueName\":\"search_term_string\"}}],\"inLanguage\":\"es\"}]}<\/script>\n<!-- \/ Yoast SEO plugin. -->","yoast_head_json":{"title":"60 Chocolatinas 22 gr\/unidad chocolate negro bolsa. - Xocomon","description":"60 Chocolatinas 22 gr\/unidad chocolate negro bolsa. Sin frutos secos, sin cacahuete, sin leche, sin huevo. sin gluten, sin trazas","robots":{"index":"index","follow":"follow","max-snippet":"max-snippet:-1","max-image-preview":"max-image-preview:large","max-video-preview":"max-video-preview:-1"},"canonical":"https:\/\/xocomon.com\/producto\/60-xocolatines-22-gr-unitat-xocolata-negra-amb-bossa\/","og_locale":"es_ES","og_type":"article","og_title":"60 Chocolatinas 22 gr\/unidad chocolate negro bolsa. - Xocomon","og_description":"60 Chocolatinas 22 gr\/unidad chocolate negro bolsa. Sin frutos secos, sin cacahuete, sin leche, sin huevo. sin gluten, sin trazas","og_url":"https:\/\/xocomon.com\/producto\/60-xocolatines-22-gr-unitat-xocolata-negra-amb-bossa\/","og_site_name":"Xocomon","article_publisher":"https:\/\/www.facebook.com\/xocomon\/","article_modified_time":"2026-05-03T15:03:11+00:00","og_image":[{"width":768,"height":1024,"url":"https:\/\/xocomon.com\/wp-content\/uploads\/2022\/03\/d3a039bf-43dc-4ebd-a401-1e81bb8cdbad.jpg","type":"image\/jpeg"}],"twitter_card":"summary_large_image","twitter_misc":{"Tiempo de lectura":"2 minutos"},"schema":{"@context":"https:\/\/schema.org","@graph":[{"@type":"WebPage","@id":"https:\/\/xocomon.com\/producto\/60-xocolatines-22-gr-unitat-xocolata-negra-amb-bossa\/","url":"https:\/\/xocomon.com\/producto\/60-xocolatines-22-gr-unitat-xocolata-negra-amb-bossa\/","name":"60 Chocolatinas 22 gr\/unidad chocolate negro bolsa. - Xocomon","isPartOf":{"@id":"https:\/\/xocomon.com\/#website"},"primaryImageOfPage":{"@id":"https:\/\/xocomon.com\/producto\/60-xocolatines-22-gr-unitat-xocolata-negra-amb-bossa\/#primaryimage"},"image":{"@id":"https:\/\/xocomon.com\/producto\/60-xocolatines-22-gr-unitat-xocolata-negra-amb-bossa\/#primaryimage"},"thumbnailUrl":"https:\/\/xocomon.com\/wp-content\/uploads\/2022\/03\/d3a039bf-43dc-4ebd-a401-1e81bb8cdbad.jpg","datePublished":"2022-03-16T10:14:58+00:00","dateModified":"2026-05-03T15:03:11+00:00","description":"60 Chocolatinas 22 gr\/unidad chocolate negro bolsa. Sin frutos secos, sin cacahuete, sin leche, sin huevo. sin gluten, sin trazas","breadcrumb":{"@id":"https:\/\/xocomon.com\/producto\/60-xocolatines-22-gr-unitat-xocolata-negra-amb-bossa\/#breadcrumb"},"inLanguage":"es","potentialAction":[{"@type":"ReadAction","target":["https:\/\/xocomon.com\/producto\/60-xocolatines-22-gr-unitat-xocolata-negra-amb-bossa\/"]}]},{"@type":"ImageObject","inLanguage":"es","@id":"https:\/\/xocomon.com\/producto\/60-xocolatines-22-gr-unitat-xocolata-negra-amb-bossa\/#primaryimage","url":"https:\/\/xocomon.com\/wp-content\/uploads\/2022\/03\/d3a039bf-43dc-4ebd-a401-1e81bb8cdbad.jpg","contentUrl":"https:\/\/xocomon.com\/wp-content\/uploads\/2022\/03\/d3a039bf-43dc-4ebd-a401-1e81bb8cdbad.jpg","width":768,"height":1024},{"@type":"BreadcrumbList","@id":"https:\/\/xocomon.com\/producto\/60-xocolatines-22-gr-unitat-xocolata-negra-amb-bossa\/#breadcrumb","itemListElement":[{"@type":"ListItem","position":1,"name":"Portada","item":"https:\/\/xocomon.com\/es\/"},{"@type":"ListItem","position":2,"name":"Tienda","item":"https:\/\/xocomon.com\/es\/tienda\/"},{"@type":"ListItem","position":3,"name":"60 Chocolatinas 22 gr\/unidad chocolate negro bolsa."}]},{"@type":"WebSite","@id":"https:\/\/xocomon.com\/#website","url":"https:\/\/xocomon.com\/","name":"Xocomon","description":"","potentialAction":[{"@type":"SearchAction","target":{"@type":"EntryPoint","urlTemplate":"https:\/\/xocomon.com\/?s={search_term_string}"},"query-input":{"@type":"PropertyValueSpecification","valueRequired":true,"valueName":"search_term_string"}}],"inLanguage":"es"}]}},"tiered_pricing_type":"fixed","tiered_pricing_fixed_rules":[],"tiered_pricing_product_settings":{"layout":"default","base_unit_name":{"singular":null,"plural":null},"default_variation":null},"tiered_pricing_minimum_quantity":null,"tiered_pricing_roles_data":[],"tiered_pricing_percentage_rules":[],"_links":{"self":[{"href":"https:\/\/xocomon.com\/es\/wp-json\/wp\/v2\/product\/13211","targetHints":{"allow":["GET"]}}],"collection":[{"href":"https:\/\/xocomon.com\/es\/wp-json\/wp\/v2\/product"}],"about":[{"href":"https:\/\/xocomon.com\/es\/wp-json\/wp\/v2\/types\/product"}],"replies":[{"embeddable":true,"href":"https:\/\/xocomon.com\/es\/wp-json\/wp\/v2\/comments?post=13211"}],"wp:featuredmedia":[{"embeddable":true,"href":"https:\/\/xocomon.com\/es\/wp-json\/wp\/v2\/media\/13217"}],"wp:attachment":[{"href":"https:\/\/xocomon.com\/es\/wp-json\/wp\/v2\/media?parent=13211"}],"wp:term":[{"taxonomy":"product_brand","embeddable":true,"href":"https:\/\/xocomon.com\/es\/wp-json\/wp\/v2\/product_brand?post=13211"},{"taxonomy":"product_cat","embeddable":true,"href":"https:\/\/xocomon.com\/es\/wp-json\/wp\/v2\/product_cat?post=13211"},{"taxonomy":"product_tag","embeddable":true,"href":"https:\/\/xocomon.com\/es\/wp-json\/wp\/v2\/product_tag?post=13211"}],"curies":[{"name":"wp","href":"https:\/\/api.w.org\/{rel}","templated":true}]}}