{"id":11381,"date":"2021-10-25T12:02:04","date_gmt":"2021-10-25T11:02:04","guid":{"rendered":"https:\/\/xocomon.com\/?post_type=product&#038;p=11381"},"modified":"2026-04-14T10:46:01","modified_gmt":"2026-04-14T09:46:01","slug":"arbol-con-sal-chocolateleche","status":"publish","type":"product","link":"https:\/\/xocomon.com\/es\/producto\/arbol-con-sal-chocolateleche\/","title":{"rendered":"ARBOL CON SAL chocolate con leche"},"content":{"rendered":"<p>&nbsp;<\/p>\n<pre id=\"tw-target-text\" class=\"tw-data-text tw-text-large tw-ta\" dir=\"ltr\" tabindex=\"-1\" role=\"text\" data-placeholder=\"Traducci\u00f3\" data-ved=\"2ahUKEwih-PGV29WQAxX8OfsDHYe-IYUQ3ewLegQIDxAW\" aria-label=\"Text tradu\u00eft: \u00c1rbol con sal Nuestro cl\u00e1sico \u00e1rbol de Navidad con chocolate negro y un toque de sal marina vuelve este a\u00f1o... \u00a1y m\u00e1s bonito que nunca! \ud83c\udf1f Hemos dise\u00f1ado una caja a medida preciosa, pensada para convertir este \u00e1rbol en un regalo especial y elegante, perfecto para sorprender a estas fiestas. Como siempre, elaborado con nuestro chocolate sin alergenos, para que todo el mundo pueda disfrutarlo con tranquilidad. Un detalle navide\u00f1o lleno de sabor, cuidado y magia \u2728\"><span class=\"Y2IQFc\" lang=\"es\" style=\"font-family: helvetica, arial, sans-serif;\">\u00c1rbol con sal\r\n\r\nNuestro cl\u00e1sico \u00e1rbol de Navidad con chocolate negro y un toque de sal marina vuelve este a\u00f1o... \u00a1y m\u00e1s bonito que nunca! \ud83c\udf1f\r\n\r\nHemos dise\u00f1ado una caja a medida preciosa, pensada para convertir este \u00e1rbol en un regalo especial y elegante, perfecto para sorprender a estas fiestas.\r\n\r\nComo siempre, elaborado con nuestro chocolate sin al\u00e9rgenos, para que todo el mundo pueda disfrutarlo con tranquilidad.\r\n\r\nUn detalle navide\u00f1o lleno de sabor, cuidado y magia \u2728<\/span><\/pre>\n","protected":false},"excerpt":{"rendered":"<p><strong>\u00c1rbol de navidad, tableta de 85 gr. Chocolate con leche y con sal.<\/strong><\/p>\n<h6>A\u00f1adimos la sal a nuestro chocolate.<\/h6>\n<h4>Ingredientes:<\/h4>\n<ul>\n<li>Pasta de cacao.<\/li>\n<li>Az\u00facar.<\/li>\n<li>Manteca de cacao.<\/li>\n<li><strong>Leche en polvo.<\/strong><\/li>\n<li>Emulsionante: <strong>lecitina de soja. <\/strong><\/li>\n<li>Aroma natural de vainilla y sal.<\/li>\n<\/ul>\n<p>Contiene <span style=\"color: #ff0000;\"><strong>SOJA Y LECHE\u00a0<\/strong><\/span><\/p>\n<h6>SIN GLUTEN, SIN HUEVO, SIN FRUTOS SECOS, SIN CACAHUETE,\u00a0 SIN ACEITE de PALMA y sin trazas de todos ellos.<\/h6>\n<p>Espero que os guste, \u00a1es la preferida de la familia!<\/p>\n<h6>Apta vegetarianos.\u00a0Cacao sostenible<\/h6>\n<img loading=\"lazy\" decoding=\"async\" class=\"size-full wp-image-20848 alignnone\" src=\"https:\/\/xocomon.com\/wp-content\/uploads\/2024\/04\/icons-con-leche.png\" alt=\"\" width=\"307\" height=\"81\" \/>\n","protected":false},"featured_media":26327,"comment_status":"open","ping_status":"closed","template":"","meta":[],"product_brand":[],"product_cat":[1133,149,187],"product_tag":[469,257],"class_list":{"0":"post-11381","1":"product","2":"type-product","3":"status-publish","4":"has-post-thumbnail","6":"product_cat-ofertas-outlet","7":"product_cat-navidad","8":"product_cat-chocolate-con-leche-navidad","9":"product_tag-sal-es","10":"product_tag-xocolata-negra-es","11":"tm-has-options","13":"first","14":"instock","15":"sale","16":"taxable","17":"shipping-taxable","18":"purchasable","19":"product-type-simple"},"yoast_head":"<!-- This site is optimized with the Yoast SEO plugin v26.7 - https:\/\/yoast.com\/wordpress\/plugins\/seo\/ -->\n<title>ARBOL CON SAL chocolate con leche - Xocomon<\/title>\n<meta name=\"description\" content=\"\u00e1rbol con sal sin trazas de frutos secos ni gluten ni cacahuete, ni huevo, chocolate xocomon hecho en Matar\u00f3 en un obrador seguro.\" \/>\n<meta name=\"robots\" content=\"index, follow, max-snippet:-1, max-image-preview:large, max-video-preview:-1\" \/>\n<link rel=\"canonical\" href=\"https:\/\/xocomon.com\/producto\/arbre-de-xocolata-amb-sal-xocomon\/\" \/>\n<meta property=\"og:locale\" content=\"es_ES\" \/>\n<meta property=\"og:type\" content=\"article\" \/>\n<meta property=\"og:title\" content=\"ARBOL CON SAL chocolate con leche - Xocomon\" \/>\n<meta property=\"og:description\" content=\"\u00e1rbol con sal sin trazas de frutos secos ni gluten ni cacahuete, ni huevo, chocolate xocomon hecho en Matar\u00f3 en un obrador seguro.\" \/>\n<meta property=\"og:url\" content=\"https:\/\/xocomon.com\/producto\/arbre-de-xocolata-amb-sal-xocomon\/\" \/>\n<meta property=\"og:site_name\" content=\"Xocomon\" \/>\n<meta property=\"article:publisher\" content=\"https:\/\/www.facebook.com\/xocomon\/\" \/>\n<meta property=\"article:modified_time\" content=\"2026-04-14T09:46:01+00:00\" \/>\n<meta property=\"og:image\" content=\"https:\/\/xocomon.com\/wp-content\/uploads\/2025\/11\/Disseny-sense-titol-15.png\" \/>\n\t<meta property=\"og:image:width\" content=\"1200\" \/>\n\t<meta property=\"og:image:height\" content=\"1600\" \/>\n\t<meta property=\"og:image:type\" content=\"image\/png\" \/>\n<meta name=\"twitter:card\" content=\"summary_large_image\" \/>\n<meta name=\"twitter:label1\" content=\"Tiempo de lectura\" \/>\n\t<meta name=\"twitter:data1\" content=\"1 minuto\" \/>\n<script type=\"application\/ld+json\" class=\"yoast-schema-graph\">{\"@context\":\"https:\/\/schema.org\",\"@graph\":[{\"@type\":\"WebPage\",\"@id\":\"https:\/\/xocomon.com\/producto\/arbre-de-xocolata-amb-sal-xocomon\/\",\"url\":\"https:\/\/xocomon.com\/producto\/arbre-de-xocolata-amb-sal-xocomon\/\",\"name\":\"ARBOL CON SAL chocolate con leche - Xocomon\",\"isPartOf\":{\"@id\":\"https:\/\/xocomon.com\/#website\"},\"primaryImageOfPage\":{\"@id\":\"https:\/\/xocomon.com\/producto\/arbre-de-xocolata-amb-sal-xocomon\/#primaryimage\"},\"image\":{\"@id\":\"https:\/\/xocomon.com\/producto\/arbre-de-xocolata-amb-sal-xocomon\/#primaryimage\"},\"thumbnailUrl\":\"https:\/\/xocomon.com\/wp-content\/uploads\/2025\/11\/Disseny-sense-titol-15.png\",\"datePublished\":\"2021-10-25T11:02:04+00:00\",\"dateModified\":\"2026-04-14T09:46:01+00:00\",\"description\":\"\u00e1rbol con sal sin trazas de frutos secos ni gluten ni cacahuete, ni huevo, chocolate xocomon hecho en Matar\u00f3 en un obrador seguro.\",\"breadcrumb\":{\"@id\":\"https:\/\/xocomon.com\/producto\/arbre-de-xocolata-amb-sal-xocomon\/#breadcrumb\"},\"inLanguage\":\"es\",\"potentialAction\":[{\"@type\":\"ReadAction\",\"target\":[\"https:\/\/xocomon.com\/producto\/arbre-de-xocolata-amb-sal-xocomon\/\"]}]},{\"@type\":\"ImageObject\",\"inLanguage\":\"es\",\"@id\":\"https:\/\/xocomon.com\/producto\/arbre-de-xocolata-amb-sal-xocomon\/#primaryimage\",\"url\":\"https:\/\/xocomon.com\/wp-content\/uploads\/2025\/11\/Disseny-sense-titol-15.png\",\"contentUrl\":\"https:\/\/xocomon.com\/wp-content\/uploads\/2025\/11\/Disseny-sense-titol-15.png\",\"width\":1200,\"height\":1600},{\"@type\":\"BreadcrumbList\",\"@id\":\"https:\/\/xocomon.com\/producto\/arbre-de-xocolata-amb-sal-xocomon\/#breadcrumb\",\"itemListElement\":[{\"@type\":\"ListItem\",\"position\":1,\"name\":\"Portada\",\"item\":\"https:\/\/xocomon.com\/es\/\"},{\"@type\":\"ListItem\",\"position\":2,\"name\":\"Tienda\",\"item\":\"https:\/\/xocomon.com\/es\/tienda\/\"},{\"@type\":\"ListItem\",\"position\":3,\"name\":\"ARBOL CON SAL chocolate con leche\"}]},{\"@type\":\"WebSite\",\"@id\":\"https:\/\/xocomon.com\/#website\",\"url\":\"https:\/\/xocomon.com\/\",\"name\":\"Xocomon\",\"description\":\"\",\"potentialAction\":[{\"@type\":\"SearchAction\",\"target\":{\"@type\":\"EntryPoint\",\"urlTemplate\":\"https:\/\/xocomon.com\/?s={search_term_string}\"},\"query-input\":{\"@type\":\"PropertyValueSpecification\",\"valueRequired\":true,\"valueName\":\"search_term_string\"}}],\"inLanguage\":\"es\"}]}<\/script>\n<!-- \/ Yoast SEO plugin. -->","yoast_head_json":{"title":"ARBOL CON SAL chocolate con leche - Xocomon","description":"\u00e1rbol con sal sin trazas de frutos secos ni gluten ni cacahuete, ni huevo, chocolate xocomon hecho en Matar\u00f3 en un obrador seguro.","robots":{"index":"index","follow":"follow","max-snippet":"max-snippet:-1","max-image-preview":"max-image-preview:large","max-video-preview":"max-video-preview:-1"},"canonical":"https:\/\/xocomon.com\/producto\/arbre-de-xocolata-amb-sal-xocomon\/","og_locale":"es_ES","og_type":"article","og_title":"ARBOL CON SAL chocolate con leche - Xocomon","og_description":"\u00e1rbol con sal sin trazas de frutos secos ni gluten ni cacahuete, ni huevo, chocolate xocomon hecho en Matar\u00f3 en un obrador seguro.","og_url":"https:\/\/xocomon.com\/producto\/arbre-de-xocolata-amb-sal-xocomon\/","og_site_name":"Xocomon","article_publisher":"https:\/\/www.facebook.com\/xocomon\/","article_modified_time":"2026-04-14T09:46:01+00:00","og_image":[{"width":1200,"height":1600,"url":"https:\/\/xocomon.com\/wp-content\/uploads\/2025\/11\/Disseny-sense-titol-15.png","type":"image\/png"}],"twitter_card":"summary_large_image","twitter_misc":{"Tiempo de lectura":"1 minuto"},"schema":{"@context":"https:\/\/schema.org","@graph":[{"@type":"WebPage","@id":"https:\/\/xocomon.com\/producto\/arbre-de-xocolata-amb-sal-xocomon\/","url":"https:\/\/xocomon.com\/producto\/arbre-de-xocolata-amb-sal-xocomon\/","name":"ARBOL CON SAL chocolate con leche - Xocomon","isPartOf":{"@id":"https:\/\/xocomon.com\/#website"},"primaryImageOfPage":{"@id":"https:\/\/xocomon.com\/producto\/arbre-de-xocolata-amb-sal-xocomon\/#primaryimage"},"image":{"@id":"https:\/\/xocomon.com\/producto\/arbre-de-xocolata-amb-sal-xocomon\/#primaryimage"},"thumbnailUrl":"https:\/\/xocomon.com\/wp-content\/uploads\/2025\/11\/Disseny-sense-titol-15.png","datePublished":"2021-10-25T11:02:04+00:00","dateModified":"2026-04-14T09:46:01+00:00","description":"\u00e1rbol con sal sin trazas de frutos secos ni gluten ni cacahuete, ni huevo, chocolate xocomon hecho en Matar\u00f3 en un obrador seguro.","breadcrumb":{"@id":"https:\/\/xocomon.com\/producto\/arbre-de-xocolata-amb-sal-xocomon\/#breadcrumb"},"inLanguage":"es","potentialAction":[{"@type":"ReadAction","target":["https:\/\/xocomon.com\/producto\/arbre-de-xocolata-amb-sal-xocomon\/"]}]},{"@type":"ImageObject","inLanguage":"es","@id":"https:\/\/xocomon.com\/producto\/arbre-de-xocolata-amb-sal-xocomon\/#primaryimage","url":"https:\/\/xocomon.com\/wp-content\/uploads\/2025\/11\/Disseny-sense-titol-15.png","contentUrl":"https:\/\/xocomon.com\/wp-content\/uploads\/2025\/11\/Disseny-sense-titol-15.png","width":1200,"height":1600},{"@type":"BreadcrumbList","@id":"https:\/\/xocomon.com\/producto\/arbre-de-xocolata-amb-sal-xocomon\/#breadcrumb","itemListElement":[{"@type":"ListItem","position":1,"name":"Portada","item":"https:\/\/xocomon.com\/es\/"},{"@type":"ListItem","position":2,"name":"Tienda","item":"https:\/\/xocomon.com\/es\/tienda\/"},{"@type":"ListItem","position":3,"name":"ARBOL CON SAL chocolate con leche"}]},{"@type":"WebSite","@id":"https:\/\/xocomon.com\/#website","url":"https:\/\/xocomon.com\/","name":"Xocomon","description":"","potentialAction":[{"@type":"SearchAction","target":{"@type":"EntryPoint","urlTemplate":"https:\/\/xocomon.com\/?s={search_term_string}"},"query-input":{"@type":"PropertyValueSpecification","valueRequired":true,"valueName":"search_term_string"}}],"inLanguage":"es"}]}},"tiered_pricing_type":"fixed","tiered_pricing_fixed_rules":{"5":7.2},"tiered_pricing_product_settings":{"layout":"default","base_unit_name":{"singular":null,"plural":null},"default_variation":null},"tiered_pricing_minimum_quantity":null,"tiered_pricing_roles_data":[],"tiered_pricing_percentage_rules":[],"_links":{"self":[{"href":"https:\/\/xocomon.com\/es\/wp-json\/wp\/v2\/product\/11381","targetHints":{"allow":["GET"]}}],"collection":[{"href":"https:\/\/xocomon.com\/es\/wp-json\/wp\/v2\/product"}],"about":[{"href":"https:\/\/xocomon.com\/es\/wp-json\/wp\/v2\/types\/product"}],"replies":[{"embeddable":true,"href":"https:\/\/xocomon.com\/es\/wp-json\/wp\/v2\/comments?post=11381"}],"wp:featuredmedia":[{"embeddable":true,"href":"https:\/\/xocomon.com\/es\/wp-json\/wp\/v2\/media\/26327"}],"wp:attachment":[{"href":"https:\/\/xocomon.com\/es\/wp-json\/wp\/v2\/media?parent=11381"}],"wp:term":[{"taxonomy":"product_brand","embeddable":true,"href":"https:\/\/xocomon.com\/es\/wp-json\/wp\/v2\/product_brand?post=11381"},{"taxonomy":"product_cat","embeddable":true,"href":"https:\/\/xocomon.com\/es\/wp-json\/wp\/v2\/product_cat?post=11381"},{"taxonomy":"product_tag","embeddable":true,"href":"https:\/\/xocomon.com\/es\/wp-json\/wp\/v2\/product_tag?post=11381"}],"curies":[{"name":"wp","href":"https:\/\/api.w.org\/{rel}","templated":true}]}}