{"id":11355,"date":"2021-10-25T08:51:48","date_gmt":"2021-10-25T07:51:48","guid":{"rendered":"https:\/\/xocomon.com\/?post_type=product&#038;p=11355"},"modified":"2026-04-14T10:45:52","modified_gmt":"2026-04-14T09:45:52","slug":"arbolnavidadsal","status":"publish","type":"product","link":"https:\/\/xocomon.com\/es\/producto\/arbolnavidadsal\/","title":{"rendered":"ARBOL CON SAL chocolate negro"},"content":{"rendered":"<p>&nbsp;<\/p>\n<pre id=\"tw-target-text\" class=\"tw-data-text tw-text-large tw-ta\" dir=\"ltr\" tabindex=\"-1\" role=\"text\" data-placeholder=\"Traducci\u00f3\" data-ved=\"2ahUKEwih-PGV29WQAxX8OfsDHYe-IYUQ3ewLegQIDxAW\" aria-label=\"Text tradu\u00eft: \u00c1rbol con sal Nuestro cl\u00e1sico \u00e1rbol de Navidad con chocolate negro y un toque de sal marina vuelve este a\u00f1o... \u00a1y m\u00e1s bonito que nunca! \ud83c\udf1f Hemos dise\u00f1ado una caja a medida preciosa, pensada para convertir este \u00e1rbol en un regalo especial y elegante, perfecto para sorprender a estas fiestas. Como siempre, elaborado con nuestro chocolate sin alergenos, para que todo el mundo pueda disfrutarlo con tranquilidad. Un detalle navide\u00f1o lleno de sabor, cuidado y magia \u2728\"><span class=\"Y2IQFc\" lang=\"es\" style=\"font-family: helvetica, arial, sans-serif;\">\u00c1rbol con sal\r\n\r\nNuestro cl\u00e1sico \u00e1rbol de Navidad con chocolate negro y un toque de sal marina vuelve este a\u00f1o... \u00a1y m\u00e1s bonito que nunca! \ud83c\udf1f\r\n\r\nHemos dise\u00f1ado una caja a medida preciosa, pensada para convertir este \u00e1rbol en un regalo especial y elegante, perfecto para sorprender a estas fiestas.\r\n\r\nComo siempre, elaborado con nuestro chocolate sin alergenos, para que todo el mundo pueda disfrutarlo con tranquilidad.\r\n\r\nUn detalle navide\u00f1o lleno de sabor, cuidado y magia \u2728<\/span><\/pre>\n","protected":false},"excerpt":{"rendered":"<p>&nbsp;<\/p>\n<p>\u00c1rbol de navidad, tableta de 85 gr. Chocolate negro con sal.<\/p>\n<p>&nbsp;<\/p>\n<p><strong>INGREDIENTES<\/strong>:<\/p>\n<p>Pasta de cacao, az\u00facar, manteca de cacao y sal.<\/p>\n<p>Apta Veganos y vegetarianos.<\/p>\n<p>&nbsp;<\/p>\n","protected":false},"featured_media":21881,"comment_status":"open","ping_status":"closed","template":"","meta":[],"product_brand":[],"product_cat":[1133,149,186],"product_tag":[469,257],"class_list":{"0":"post-11355","1":"product","2":"type-product","3":"status-publish","4":"has-post-thumbnail","6":"product_cat-ofertas-outlet","7":"product_cat-navidad","8":"product_cat-chocolate-negro-navidad","9":"product_tag-sal-es","10":"product_tag-xocolata-negra-es","11":"tm-has-options","13":"first","14":"instock","15":"sale","16":"taxable","17":"shipping-taxable","18":"purchasable","19":"product-type-simple"},"yoast_head":"<!-- This site is optimized with the Yoast SEO plugin v26.7 - https:\/\/yoast.com\/wordpress\/plugins\/seo\/ -->\n<title>ARBOL CON SAL chocolate negro - Xocomon<\/title>\n<meta name=\"description\" content=\"\u00e1rbol de navidad con sal , chocolate xocomon 65% cacao, obrador seguro sin alergenos en matar\u00f3 ( barcelona), solo tres ingredientes y sal.\" \/>\n<meta name=\"robots\" content=\"index, follow, max-snippet:-1, max-image-preview:large, max-video-preview:-1\" \/>\n<link rel=\"canonical\" href=\"https:\/\/xocomon.com\/producto\/arbre-amb-sal-xocolata-negra-xocomon\/\" \/>\n<meta property=\"og:locale\" content=\"es_ES\" \/>\n<meta property=\"og:type\" content=\"article\" \/>\n<meta property=\"og:title\" content=\"ARBOL CON SAL chocolate negro - Xocomon\" \/>\n<meta property=\"og:description\" content=\"\u00e1rbol de navidad con sal , chocolate xocomon 65% cacao, obrador seguro sin alergenos en matar\u00f3 ( barcelona), solo tres ingredientes y sal.\" \/>\n<meta property=\"og:url\" content=\"https:\/\/xocomon.com\/producto\/arbre-amb-sal-xocolata-negra-xocomon\/\" \/>\n<meta property=\"og:site_name\" content=\"Xocomon\" \/>\n<meta property=\"article:publisher\" content=\"https:\/\/www.facebook.com\/xocomon\/\" \/>\n<meta property=\"article:modified_time\" content=\"2026-04-14T09:45:52+00:00\" \/>\n<meta property=\"og:image\" content=\"https:\/\/xocomon.com\/wp-content\/uploads\/2024\/10\/arbre-sense-fons.png\" \/>\n\t<meta property=\"og:image:width\" content=\"1080\" \/>\n\t<meta property=\"og:image:height\" content=\"1080\" \/>\n\t<meta property=\"og:image:type\" content=\"image\/png\" \/>\n<meta name=\"twitter:card\" content=\"summary_large_image\" \/>\n<meta name=\"twitter:label1\" content=\"Tiempo de lectura\" \/>\n\t<meta name=\"twitter:data1\" content=\"1 minuto\" \/>\n<script type=\"application\/ld+json\" class=\"yoast-schema-graph\">{\"@context\":\"https:\/\/schema.org\",\"@graph\":[{\"@type\":\"WebPage\",\"@id\":\"https:\/\/xocomon.com\/producto\/arbre-amb-sal-xocolata-negra-xocomon\/\",\"url\":\"https:\/\/xocomon.com\/producto\/arbre-amb-sal-xocolata-negra-xocomon\/\",\"name\":\"ARBOL CON SAL chocolate negro - Xocomon\",\"isPartOf\":{\"@id\":\"https:\/\/xocomon.com\/#website\"},\"primaryImageOfPage\":{\"@id\":\"https:\/\/xocomon.com\/producto\/arbre-amb-sal-xocolata-negra-xocomon\/#primaryimage\"},\"image\":{\"@id\":\"https:\/\/xocomon.com\/producto\/arbre-amb-sal-xocolata-negra-xocomon\/#primaryimage\"},\"thumbnailUrl\":\"https:\/\/xocomon.com\/wp-content\/uploads\/2024\/10\/arbre-sense-fons.png\",\"datePublished\":\"2021-10-25T07:51:48+00:00\",\"dateModified\":\"2026-04-14T09:45:52+00:00\",\"description\":\"\u00e1rbol de navidad con sal , chocolate xocomon 65% cacao, obrador seguro sin alergenos en matar\u00f3 ( barcelona), solo tres ingredientes y sal.\",\"breadcrumb\":{\"@id\":\"https:\/\/xocomon.com\/producto\/arbre-amb-sal-xocolata-negra-xocomon\/#breadcrumb\"},\"inLanguage\":\"es\",\"potentialAction\":[{\"@type\":\"ReadAction\",\"target\":[\"https:\/\/xocomon.com\/producto\/arbre-amb-sal-xocolata-negra-xocomon\/\"]}]},{\"@type\":\"ImageObject\",\"inLanguage\":\"es\",\"@id\":\"https:\/\/xocomon.com\/producto\/arbre-amb-sal-xocolata-negra-xocomon\/#primaryimage\",\"url\":\"https:\/\/xocomon.com\/wp-content\/uploads\/2024\/10\/arbre-sense-fons.png\",\"contentUrl\":\"https:\/\/xocomon.com\/wp-content\/uploads\/2024\/10\/arbre-sense-fons.png\",\"width\":1080,\"height\":1080},{\"@type\":\"BreadcrumbList\",\"@id\":\"https:\/\/xocomon.com\/producto\/arbre-amb-sal-xocolata-negra-xocomon\/#breadcrumb\",\"itemListElement\":[{\"@type\":\"ListItem\",\"position\":1,\"name\":\"Portada\",\"item\":\"https:\/\/xocomon.com\/es\/\"},{\"@type\":\"ListItem\",\"position\":2,\"name\":\"Tienda\",\"item\":\"https:\/\/xocomon.com\/es\/tienda\/\"},{\"@type\":\"ListItem\",\"position\":3,\"name\":\"ARBOL CON SAL chocolate negro\"}]},{\"@type\":\"WebSite\",\"@id\":\"https:\/\/xocomon.com\/#website\",\"url\":\"https:\/\/xocomon.com\/\",\"name\":\"Xocomon\",\"description\":\"\",\"potentialAction\":[{\"@type\":\"SearchAction\",\"target\":{\"@type\":\"EntryPoint\",\"urlTemplate\":\"https:\/\/xocomon.com\/?s={search_term_string}\"},\"query-input\":{\"@type\":\"PropertyValueSpecification\",\"valueRequired\":true,\"valueName\":\"search_term_string\"}}],\"inLanguage\":\"es\"}]}<\/script>\n<!-- \/ Yoast SEO plugin. -->","yoast_head_json":{"title":"ARBOL CON SAL chocolate negro - Xocomon","description":"\u00e1rbol de navidad con sal , chocolate xocomon 65% cacao, obrador seguro sin alergenos en matar\u00f3 ( barcelona), solo tres ingredientes y sal.","robots":{"index":"index","follow":"follow","max-snippet":"max-snippet:-1","max-image-preview":"max-image-preview:large","max-video-preview":"max-video-preview:-1"},"canonical":"https:\/\/xocomon.com\/producto\/arbre-amb-sal-xocolata-negra-xocomon\/","og_locale":"es_ES","og_type":"article","og_title":"ARBOL CON SAL chocolate negro - Xocomon","og_description":"\u00e1rbol de navidad con sal , chocolate xocomon 65% cacao, obrador seguro sin alergenos en matar\u00f3 ( barcelona), solo tres ingredientes y sal.","og_url":"https:\/\/xocomon.com\/producto\/arbre-amb-sal-xocolata-negra-xocomon\/","og_site_name":"Xocomon","article_publisher":"https:\/\/www.facebook.com\/xocomon\/","article_modified_time":"2026-04-14T09:45:52+00:00","og_image":[{"width":1080,"height":1080,"url":"https:\/\/xocomon.com\/wp-content\/uploads\/2024\/10\/arbre-sense-fons.png","type":"image\/png"}],"twitter_card":"summary_large_image","twitter_misc":{"Tiempo de lectura":"1 minuto"},"schema":{"@context":"https:\/\/schema.org","@graph":[{"@type":"WebPage","@id":"https:\/\/xocomon.com\/producto\/arbre-amb-sal-xocolata-negra-xocomon\/","url":"https:\/\/xocomon.com\/producto\/arbre-amb-sal-xocolata-negra-xocomon\/","name":"ARBOL CON SAL chocolate negro - Xocomon","isPartOf":{"@id":"https:\/\/xocomon.com\/#website"},"primaryImageOfPage":{"@id":"https:\/\/xocomon.com\/producto\/arbre-amb-sal-xocolata-negra-xocomon\/#primaryimage"},"image":{"@id":"https:\/\/xocomon.com\/producto\/arbre-amb-sal-xocolata-negra-xocomon\/#primaryimage"},"thumbnailUrl":"https:\/\/xocomon.com\/wp-content\/uploads\/2024\/10\/arbre-sense-fons.png","datePublished":"2021-10-25T07:51:48+00:00","dateModified":"2026-04-14T09:45:52+00:00","description":"\u00e1rbol de navidad con sal , chocolate xocomon 65% cacao, obrador seguro sin alergenos en matar\u00f3 ( barcelona), solo tres ingredientes y sal.","breadcrumb":{"@id":"https:\/\/xocomon.com\/producto\/arbre-amb-sal-xocolata-negra-xocomon\/#breadcrumb"},"inLanguage":"es","potentialAction":[{"@type":"ReadAction","target":["https:\/\/xocomon.com\/producto\/arbre-amb-sal-xocolata-negra-xocomon\/"]}]},{"@type":"ImageObject","inLanguage":"es","@id":"https:\/\/xocomon.com\/producto\/arbre-amb-sal-xocolata-negra-xocomon\/#primaryimage","url":"https:\/\/xocomon.com\/wp-content\/uploads\/2024\/10\/arbre-sense-fons.png","contentUrl":"https:\/\/xocomon.com\/wp-content\/uploads\/2024\/10\/arbre-sense-fons.png","width":1080,"height":1080},{"@type":"BreadcrumbList","@id":"https:\/\/xocomon.com\/producto\/arbre-amb-sal-xocolata-negra-xocomon\/#breadcrumb","itemListElement":[{"@type":"ListItem","position":1,"name":"Portada","item":"https:\/\/xocomon.com\/es\/"},{"@type":"ListItem","position":2,"name":"Tienda","item":"https:\/\/xocomon.com\/es\/tienda\/"},{"@type":"ListItem","position":3,"name":"ARBOL CON SAL chocolate negro"}]},{"@type":"WebSite","@id":"https:\/\/xocomon.com\/#website","url":"https:\/\/xocomon.com\/","name":"Xocomon","description":"","potentialAction":[{"@type":"SearchAction","target":{"@type":"EntryPoint","urlTemplate":"https:\/\/xocomon.com\/?s={search_term_string}"},"query-input":{"@type":"PropertyValueSpecification","valueRequired":true,"valueName":"search_term_string"}}],"inLanguage":"es"}]}},"tiered_pricing_type":"fixed","tiered_pricing_fixed_rules":{"5":7.2},"tiered_pricing_product_settings":{"layout":"default","base_unit_name":{"singular":null,"plural":null},"default_variation":null},"tiered_pricing_minimum_quantity":null,"tiered_pricing_roles_data":[],"tiered_pricing_percentage_rules":[],"_links":{"self":[{"href":"https:\/\/xocomon.com\/es\/wp-json\/wp\/v2\/product\/11355","targetHints":{"allow":["GET"]}}],"collection":[{"href":"https:\/\/xocomon.com\/es\/wp-json\/wp\/v2\/product"}],"about":[{"href":"https:\/\/xocomon.com\/es\/wp-json\/wp\/v2\/types\/product"}],"replies":[{"embeddable":true,"href":"https:\/\/xocomon.com\/es\/wp-json\/wp\/v2\/comments?post=11355"}],"wp:featuredmedia":[{"embeddable":true,"href":"https:\/\/xocomon.com\/es\/wp-json\/wp\/v2\/media\/21881"}],"wp:attachment":[{"href":"https:\/\/xocomon.com\/es\/wp-json\/wp\/v2\/media?parent=11355"}],"wp:term":[{"taxonomy":"product_brand","embeddable":true,"href":"https:\/\/xocomon.com\/es\/wp-json\/wp\/v2\/product_brand?post=11355"},{"taxonomy":"product_cat","embeddable":true,"href":"https:\/\/xocomon.com\/es\/wp-json\/wp\/v2\/product_cat?post=11355"},{"taxonomy":"product_tag","embeddable":true,"href":"https:\/\/xocomon.com\/es\/wp-json\/wp\/v2\/product_tag?post=11355"}],"curies":[{"name":"wp","href":"https:\/\/api.w.org\/{rel}","templated":true}]}}