{"id":7616,"date":"2019-11-15T10:48:07","date_gmt":"2019-11-15T10:48:07","guid":{"rendered":"https:\/\/xocomon.com\/?page_id=7616"},"modified":"2019-11-25T13:27:23","modified_gmt":"2019-11-25T13:27:23","slug":"chocomon","status":"publish","type":"page","link":"https:\/\/xocomon.com\/es\/chocomon\/","title":{"rendered":"Chocomon"},"content":{"rendered":"\n  <div id=\"page-header-642589879\" class=\"page-header-wrapper\">\n  <div class=\"page-title light normal-title\">\n\n        <div class=\"page-title-bg\">\n      <div class=\"title-bg fill bg-fill\"\n        data-parallax-container=\".page-title\"\n        data-parallax-background\n        data-parallax=\"-\">\n      <\/div>\n      <div class=\"title-overlay fill\"><\/div>\n    <\/div>\n    \n    <div class=\"page-title-inner container align-center text-center flex-row-col medium-flex-wrap\" >\n              <div class=\"title-wrapper flex-col\">\n          <h1 class=\"entry-title mb-0\">\n            Chocomon          <\/h1>\n        <\/div>\n                    <div class=\"title-content flex-col\">\n        <div class=\"title-share pt-half pb-half\"><div class=\"social-icons share-icons share-row relative\" ><a href=\"whatsapp:\/\/send?text=Chocomon - https:\/\/xocomon.com\/es\/chocomon\/\" data-action=\"share\/whatsapp\/share\" class=\"icon button circle is-outline tooltip whatsapp show-for-medium\" title=\"Compartir en WhatsApp\" aria-label=\"Compartir en WhatsApp\" ><i class=\"icon-whatsapp\" ><\/i><\/a><a href=\"https:\/\/www.facebook.com\/sharer.php?u=https:\/\/xocomon.com\/es\/chocomon\/\" data-label=\"Facebook\" onclick=\"window.open(this.href,this.title,'width=500,height=500,top=300px,left=300px'); return false;\" target=\"_blank\" class=\"icon button circle is-outline tooltip facebook\" title=\"Compartir en Facebook\" aria-label=\"Compartir en Facebook\" rel=\"noopener nofollow\" ><i class=\"icon-facebook\" ><\/i><\/a><a href=\"https:\/\/twitter.com\/share?url=https:\/\/xocomon.com\/es\/chocomon\/\" onclick=\"window.open(this.href,this.title,'width=500,height=500,top=300px,left=300px'); return false;\" target=\"_blank\" class=\"icon button circle is-outline tooltip twitter\" title=\"Compartir en Twitter\" aria-label=\"Compartir en Twitter\" rel=\"noopener nofollow\" ><i class=\"icon-twitter\" ><\/i><\/a><a href=\"mailto:?subject=Chocomon&body=Check%20this%20out%3A%20https%3A%2F%2Fxocomon.com%2Fes%2Fchocomon%2F\" class=\"icon button circle is-outline tooltip email\" title=\"Env\u00eda por email\" aria-label=\"Env\u00eda por email\" rel=\"nofollow\" ><i class=\"icon-envelop\" ><\/i><\/a><a href=\"https:\/\/pinterest.com\/pin\/create\/button?url=https:\/\/xocomon.com\/es\/chocomon\/&media&description=Chocomon\" onclick=\"window.open(this.href,this.title,'width=500,height=500,top=300px,left=300px'); return false;\" target=\"_blank\" class=\"icon button circle is-outline tooltip pinterest\" title=\"Pinear en Pinterest\" aria-label=\"Pinear en Pinterest\" rel=\"noopener nofollow\" ><i class=\"icon-pinterest\" ><\/i><\/a><a href=\"https:\/\/www.linkedin.com\/shareArticle?mini=true&url=https:\/\/xocomon.com\/es\/chocomon\/&title=Chocomon\" onclick=\"window.open(this.href,this.title,'width=500,height=500,top=300px,left=300px'); return false;\" target=\"_blank\" class=\"icon button circle is-outline tooltip linkedin\" title=\"Compartir en LinkedIn\" aria-label=\"Compartir en LinkedIn\" rel=\"noopener nofollow\" ><i class=\"icon-linkedin\" ><\/i><\/a><\/div><\/div>      <\/div>\n    <\/div>\n\n     \n<style>\n#page-header-642589879 .title-overlay {\n  background-color: rgb(255, 255, 255);\n}\n#page-header-642589879 .normal-title {\n  background-color: rgb(255, 255, 255);\n}\n<\/style>\n  <\/div>\n    <\/div>\n  \n\n\n\t<section class=\"section\" id=\"section_1192966286\">\n\t\t<div class=\"section-bg fill\" >\n\t\t\t\t\t\t\t\t\t\n\t\t\t\n\n\t\t<\/div>\n\n\t\t\n\n\t\t<div class=\"section-content relative\">\n\t\t\t\n\n<div class=\"row align-middle\"  id=\"row-18523198\">\n\n\n\t<div id=\"col-1495705438\" class=\"col medium-6 small-12 large-6\"  >\n\t\t\t\t<div class=\"col-inner\"  >\n\t\t\t\n\t\t\t\n\n<p style=\"text-align: center;\"><span style=\"font-weight: 400;\">Ahora mismo estar\u00e9is leyendo esta web para entender qu\u00e9 hacemos y qu\u00e9 es CHOCOMON.<\/span><\/p>\n<p style=\"text-align: center;\"><span style=\"font-weight: 400;\">CHOCOMON es un reto, una ilusi\u00f3n, una historia muy parecida a la tuya. Nuestra hija es muy al\u00e9rgica a los frutos secos y ante la imposibilidad de encontrar productos adecuados para ella en el mercado, hemos optado por crearlos y comercializarlos. Cansados \u200b\u200bde decir NO, ahora podemos decir:<\/span><\/p>\n<p style=\"text-align: center;\"><span style=\"font-size: 140%; color: #cf0c1c;\">PARA TI, CL\u00c0UDIA; PARA TI, BIEL; PARA TI, MARIA; PARA TI, CARLOS; PARA TI\u2026 PARA TODOS!<\/span><\/p>\n<p style=\"text-align: center;\"><span style=\"font-weight: 400;\">Esta ser\u00e1 tu web, el lugar donde podr\u00e1s comprar e incluso exponer las necesidades que puedas tener.<\/span><\/p>\n<p style=\"text-align: center;\"><span style=\"font-weight: 400;\">Empezamos con <\/span><b>chocolate sin trazas de frutos secos<\/b><span style=\"font-weight: 400;\">, pero habr\u00e1 otros proyectos muy interesantes. Este s\u00f3lo es el principio para mejorar el d\u00eda a d\u00eda de las personas al\u00e9rgicas y su entorno. Nada es imposible: \u00a1somos invencibles!<\/span><\/p>\n<p style=\"text-align: center;\"><span style=\"font-weight: 400;\">Nuestros productos son de m\u00e1xima calidad y tienen la garant\u00eda de estar bien hechos y ser seguros para ti y los tuyos.<\/span><\/p>\n<p>En nuestra tienda online podr\u00e9is encontrar un gran surtido de Chocolate Chocomon, tanto en chocolate negro como en su versi\u00f3n de chocolate con leche: <a href=\"https:\/\/xocomon.com\/es\/tienda\/\">https:\/\/xocomon.com\/es\/tienda\/<\/a><\/p>\n<p>Y estas Fiestas podr\u00e9is disfrutar de nuestro chocolate navide\u00f1o especialmente dise\u00f1ado para los m\u00e1s peque\u00f1os de la casa, que son los m\u00e1s golosos: <a href=\"https:\/\/xocomon.com\/es\/categoria-producto\/navidad\/\">https:\/\/xocomon.com\/es\/categoria-producto\/navidad\/<\/a><\/p>\n<p style=\"text-align: center;\"><span style=\"color: #28bea3;\"><strong><span style=\"font-size: 150%;\">\u201cTENEMOS ALERGIA A ALIMENTOS Y NO COMEMOS CUALQUIER COSA\u201d<\/span><\/strong><\/span><\/p>\n\n\t\t<\/div>\n\t\t\t\t\t<\/div>\n\n\t\n\n\t<div id=\"col-2081044884\" class=\"col medium-6 small-12 large-6\"  >\n\t\t\t\t<div class=\"col-inner\"  >\n\t\t\t\n\t\t\t\n\n<p><img loading=\"lazy\" decoding=\"async\" alt=\"chocomon\" class=\"size-full wp-image-6163 aligncenter\" src=\"https:\/\/xocomon.com\/wp-content\/uploads\/2019\/03\/qui-som-png-01-01-518x460.png\" width=\"518\" height=\"460\" srcset=\"https:\/\/xocomon.com\/wp-content\/uploads\/2019\/03\/qui-som-png-01-01-518x460.png 518w, https:\/\/xocomon.com\/wp-content\/uploads\/2019\/03\/qui-som-png-01-01-518x460-300x266.png 300w, https:\/\/xocomon.com\/wp-content\/uploads\/2019\/03\/qui-som-png-01-01-518x460-510x453.png 510w\" sizes=\"auto, (max-width: 518px) 100vw, 518px\" \/><\/p>\n<p style=\"text-align: center;\"><span style=\"font-weight: 400;\">La materia prima nos llega certificada del proveedor, los moldes son especiales para cada tipo de chocolate, el obrador no trabaja con frutos secos, tenemos un plan de limpieza muy estricto y llevamos la trazabilidad de cada lote.<\/span><\/p>\n<p style=\"text-align: center;\"><span style=\"font-weight: 400;\">Somos muy exigentes con la garant\u00eda de calidad del producto: es chocolate belga de calidad.<\/span><\/p>\n<p style=\"text-align: center;\"><b>Para poder comernos el mundo tenemos que tener cuidado y hacerlo bien.<\/b><\/p>\n<p style=\"text-align: center;\"><b>Estamos aqu\u00ed para ayudar a los al\u00e9rgicos y sus familias, para que crezcan m\u00e1s fuertes y saludables sin renunciar al placer de comer chocolate.<\/b><\/p>\n\n\t\t<\/div>\n\t\t\t\t\t<\/div>\n\n\t\n\n<\/div>\n\n\t\t<\/div>\n\n\t\t\n<style>\n#section_1192966286 {\n  padding-top: 30px;\n  padding-bottom: 30px;\n}\n<\/style>\n\t<\/section>\n\t\n\n","protected":false},"excerpt":{"rendered":"","protected":false},"author":736,"featured_media":0,"parent":0,"menu_order":0,"comment_status":"closed","ping_status":"closed","template":"","meta":{"footnotes":""},"class_list":["post-7616","page","type-page","status-publish","hentry"],"yoast_head":"<!-- This site is optimized with the Yoast SEO plugin v26.7 - https:\/\/yoast.com\/wordpress\/plugins\/seo\/ -->\n<title>chocomon chocolate negro chocomon www.xocomon.com<\/title>\n<meta name=\"description\" content=\"CHOCOMON se dedica a crear y comercializar chocolate negro y chocolate con leche sin trazas de frutos secos aptos para al\u00e9rgicos a los frutos secos.\" \/>\n<meta name=\"robots\" content=\"index, follow, max-snippet:-1, max-image-preview:large, max-video-preview:-1\" \/>\n<link rel=\"canonical\" href=\"https:\/\/xocomon.com\/es\/chocomon\/\" \/>\n<meta property=\"og:locale\" content=\"es_ES\" \/>\n<meta property=\"og:type\" content=\"article\" \/>\n<meta property=\"og:title\" content=\"chocomon chocolate negro chocomon www.xocomon.com\" \/>\n<meta property=\"og:description\" content=\"CHOCOMON se dedica a crear y comercializar chocolate negro y chocolate con leche sin trazas de frutos secos aptos para al\u00e9rgicos a los frutos secos.\" \/>\n<meta property=\"og:url\" content=\"https:\/\/xocomon.com\/es\/chocomon\/\" \/>\n<meta property=\"og:site_name\" content=\"Xocomon\" \/>\n<meta property=\"article:publisher\" content=\"https:\/\/www.facebook.com\/xocomon\/\" \/>\n<meta property=\"article:modified_time\" content=\"2019-11-25T13:27:23+00:00\" \/>\n<meta property=\"og:image\" content=\"https:\/\/xocomon.com\/wp-content\/uploads\/2019\/03\/qui-som-png-01-01-518x460.png\" \/>\n<meta name=\"twitter:card\" content=\"summary_large_image\" \/>\n<meta name=\"twitter:label1\" content=\"Tiempo de lectura\" \/>\n\t<meta name=\"twitter:data1\" content=\"2 minutos\" \/>\n<script type=\"application\/ld+json\" class=\"yoast-schema-graph\">{\"@context\":\"https:\/\/schema.org\",\"@graph\":[{\"@type\":\"WebPage\",\"@id\":\"https:\/\/xocomon.com\/es\/chocomon\/\",\"url\":\"https:\/\/xocomon.com\/es\/chocomon\/\",\"name\":\"chocomon chocolate negro chocomon www.xocomon.com\",\"isPartOf\":{\"@id\":\"https:\/\/xocomon.com\/#website\"},\"primaryImageOfPage\":{\"@id\":\"https:\/\/xocomon.com\/es\/chocomon\/#primaryimage\"},\"image\":{\"@id\":\"https:\/\/xocomon.com\/es\/chocomon\/#primaryimage\"},\"thumbnailUrl\":\"https:\/\/xocomon.com\/wp-content\/uploads\/2019\/03\/qui-som-png-01-01-518x460.png\",\"datePublished\":\"2019-11-15T10:48:07+00:00\",\"dateModified\":\"2019-11-25T13:27:23+00:00\",\"description\":\"CHOCOMON se dedica a crear y comercializar chocolate negro y chocolate con leche sin trazas de frutos secos aptos para al\u00e9rgicos a los frutos secos.\",\"breadcrumb\":{\"@id\":\"https:\/\/xocomon.com\/es\/chocomon\/#breadcrumb\"},\"inLanguage\":\"es\",\"potentialAction\":[{\"@type\":\"ReadAction\",\"target\":[\"https:\/\/xocomon.com\/es\/chocomon\/\"]}]},{\"@type\":\"ImageObject\",\"inLanguage\":\"es\",\"@id\":\"https:\/\/xocomon.com\/es\/chocomon\/#primaryimage\",\"url\":\"https:\/\/xocomon.com\/wp-content\/uploads\/2019\/03\/qui-som-png-01-01-518x460.png\",\"contentUrl\":\"https:\/\/xocomon.com\/wp-content\/uploads\/2019\/03\/qui-som-png-01-01-518x460.png\"},{\"@type\":\"BreadcrumbList\",\"@id\":\"https:\/\/xocomon.com\/es\/chocomon\/#breadcrumb\",\"itemListElement\":[{\"@type\":\"ListItem\",\"position\":1,\"name\":\"Portada\",\"item\":\"https:\/\/xocomon.com\/es\/\"},{\"@type\":\"ListItem\",\"position\":2,\"name\":\"Chocomon\"}]},{\"@type\":\"WebSite\",\"@id\":\"https:\/\/xocomon.com\/#website\",\"url\":\"https:\/\/xocomon.com\/\",\"name\":\"Xocomon\",\"description\":\"\",\"potentialAction\":[{\"@type\":\"SearchAction\",\"target\":{\"@type\":\"EntryPoint\",\"urlTemplate\":\"https:\/\/xocomon.com\/?s={search_term_string}\"},\"query-input\":{\"@type\":\"PropertyValueSpecification\",\"valueRequired\":true,\"valueName\":\"search_term_string\"}}],\"inLanguage\":\"es\"}]}<\/script>\n<!-- \/ Yoast SEO plugin. -->","yoast_head_json":{"title":"chocomon chocolate negro chocomon www.xocomon.com","description":"CHOCOMON se dedica a crear y comercializar chocolate negro y chocolate con leche sin trazas de frutos secos aptos para al\u00e9rgicos a los frutos secos.","robots":{"index":"index","follow":"follow","max-snippet":"max-snippet:-1","max-image-preview":"max-image-preview:large","max-video-preview":"max-video-preview:-1"},"canonical":"https:\/\/xocomon.com\/es\/chocomon\/","og_locale":"es_ES","og_type":"article","og_title":"chocomon chocolate negro chocomon www.xocomon.com","og_description":"CHOCOMON se dedica a crear y comercializar chocolate negro y chocolate con leche sin trazas de frutos secos aptos para al\u00e9rgicos a los frutos secos.","og_url":"https:\/\/xocomon.com\/es\/chocomon\/","og_site_name":"Xocomon","article_publisher":"https:\/\/www.facebook.com\/xocomon\/","article_modified_time":"2019-11-25T13:27:23+00:00","og_image":[{"url":"https:\/\/xocomon.com\/wp-content\/uploads\/2019\/03\/qui-som-png-01-01-518x460.png","type":"","width":"","height":""}],"twitter_card":"summary_large_image","twitter_misc":{"Tiempo de lectura":"2 minutos"},"schema":{"@context":"https:\/\/schema.org","@graph":[{"@type":"WebPage","@id":"https:\/\/xocomon.com\/es\/chocomon\/","url":"https:\/\/xocomon.com\/es\/chocomon\/","name":"chocomon chocolate negro chocomon www.xocomon.com","isPartOf":{"@id":"https:\/\/xocomon.com\/#website"},"primaryImageOfPage":{"@id":"https:\/\/xocomon.com\/es\/chocomon\/#primaryimage"},"image":{"@id":"https:\/\/xocomon.com\/es\/chocomon\/#primaryimage"},"thumbnailUrl":"https:\/\/xocomon.com\/wp-content\/uploads\/2019\/03\/qui-som-png-01-01-518x460.png","datePublished":"2019-11-15T10:48:07+00:00","dateModified":"2019-11-25T13:27:23+00:00","description":"CHOCOMON se dedica a crear y comercializar chocolate negro y chocolate con leche sin trazas de frutos secos aptos para al\u00e9rgicos a los frutos secos.","breadcrumb":{"@id":"https:\/\/xocomon.com\/es\/chocomon\/#breadcrumb"},"inLanguage":"es","potentialAction":[{"@type":"ReadAction","target":["https:\/\/xocomon.com\/es\/chocomon\/"]}]},{"@type":"ImageObject","inLanguage":"es","@id":"https:\/\/xocomon.com\/es\/chocomon\/#primaryimage","url":"https:\/\/xocomon.com\/wp-content\/uploads\/2019\/03\/qui-som-png-01-01-518x460.png","contentUrl":"https:\/\/xocomon.com\/wp-content\/uploads\/2019\/03\/qui-som-png-01-01-518x460.png"},{"@type":"BreadcrumbList","@id":"https:\/\/xocomon.com\/es\/chocomon\/#breadcrumb","itemListElement":[{"@type":"ListItem","position":1,"name":"Portada","item":"https:\/\/xocomon.com\/es\/"},{"@type":"ListItem","position":2,"name":"Chocomon"}]},{"@type":"WebSite","@id":"https:\/\/xocomon.com\/#website","url":"https:\/\/xocomon.com\/","name":"Xocomon","description":"","potentialAction":[{"@type":"SearchAction","target":{"@type":"EntryPoint","urlTemplate":"https:\/\/xocomon.com\/?s={search_term_string}"},"query-input":{"@type":"PropertyValueSpecification","valueRequired":true,"valueName":"search_term_string"}}],"inLanguage":"es"}]}},"_links":{"self":[{"href":"https:\/\/xocomon.com\/es\/wp-json\/wp\/v2\/pages\/7616","targetHints":{"allow":["GET"]}}],"collection":[{"href":"https:\/\/xocomon.com\/es\/wp-json\/wp\/v2\/pages"}],"about":[{"href":"https:\/\/xocomon.com\/es\/wp-json\/wp\/v2\/types\/page"}],"author":[{"embeddable":true,"href":"https:\/\/xocomon.com\/es\/wp-json\/wp\/v2\/users\/736"}],"replies":[{"embeddable":true,"href":"https:\/\/xocomon.com\/es\/wp-json\/wp\/v2\/comments?post=7616"}],"version-history":[{"count":9,"href":"https:\/\/xocomon.com\/es\/wp-json\/wp\/v2\/pages\/7616\/revisions"}],"predecessor-version":[{"id":7669,"href":"https:\/\/xocomon.com\/es\/wp-json\/wp\/v2\/pages\/7616\/revisions\/7669"}],"wp:attachment":[{"href":"https:\/\/xocomon.com\/es\/wp-json\/wp\/v2\/media?parent=7616"}],"curies":[{"name":"wp","href":"https:\/\/api.w.org\/{rel}","templated":true}]}}