{"id":6596,"date":"2021-08-06T15:08:22","date_gmt":"2021-08-06T15:08:22","guid":{"rendered":"https:\/\/xocomon.com\/?page_id=6596"},"modified":"2025-11-08T17:45:37","modified_gmt":"2025-11-08T16:45:37","slug":"quienes-somos-xocomon","status":"publish","type":"page","link":"https:\/\/xocomon.com\/es\/quienes-somos-xocomon\/","title":{"rendered":"Qui\u00e9nes Somos"},"content":{"rendered":"\n  <div id=\"page-header-967208499\" class=\"page-header-wrapper\">\n  <div class=\"page-title light normal-title\">\n\n        <div class=\"page-title-bg\">\n      <div class=\"title-bg fill bg-fill\"\n        data-parallax-container=\".page-title\"\n        data-parallax-background\n        data-parallax=\"-\">\n      <\/div>\n      <div class=\"title-overlay fill\"><\/div>\n    <\/div>\n    \n    <div class=\"page-title-inner container align-center text-center flex-row-col medium-flex-wrap\" >\n              <div class=\"title-wrapper flex-col\">\n          <h1 class=\"entry-title mb-0\">\n            Qui\u00e9nes Somos          <\/h1>\n        <\/div>\n                    <div class=\"title-content flex-col\">\n        <div class=\"title-share pt-half pb-half\"><div class=\"social-icons share-icons share-row relative\" ><a href=\"whatsapp:\/\/send?text=Qui%C3%A9nes%20Somos - https:\/\/xocomon.com\/es\/quienes-somos-xocomon\/\" data-action=\"share\/whatsapp\/share\" class=\"icon button circle is-outline tooltip whatsapp show-for-medium\" title=\"Compartir en WhatsApp\" aria-label=\"Compartir en WhatsApp\" ><i class=\"icon-whatsapp\" ><\/i><\/a><a href=\"https:\/\/www.facebook.com\/sharer.php?u=https:\/\/xocomon.com\/es\/quienes-somos-xocomon\/\" data-label=\"Facebook\" onclick=\"window.open(this.href,this.title,'width=500,height=500,top=300px,left=300px'); return false;\" target=\"_blank\" class=\"icon button circle is-outline tooltip facebook\" title=\"Compartir en Facebook\" aria-label=\"Compartir en Facebook\" rel=\"noopener nofollow\" ><i class=\"icon-facebook\" ><\/i><\/a><a href=\"https:\/\/twitter.com\/share?url=https:\/\/xocomon.com\/es\/quienes-somos-xocomon\/\" onclick=\"window.open(this.href,this.title,'width=500,height=500,top=300px,left=300px'); return false;\" target=\"_blank\" class=\"icon button circle is-outline tooltip twitter\" title=\"Compartir en Twitter\" aria-label=\"Compartir en Twitter\" rel=\"noopener nofollow\" ><i class=\"icon-twitter\" ><\/i><\/a><a href=\"mailto:?subject=Qui%C3%A9nes%20Somos&body=Check%20this%20out%3A%20https%3A%2F%2Fxocomon.com%2Fes%2Fquienes-somos-xocomon%2F\" class=\"icon button circle is-outline tooltip email\" title=\"Env\u00eda por email\" aria-label=\"Env\u00eda por email\" rel=\"nofollow\" ><i class=\"icon-envelop\" ><\/i><\/a><a href=\"https:\/\/pinterest.com\/pin\/create\/button?url=https:\/\/xocomon.com\/es\/quienes-somos-xocomon\/&media&description=Qui%C3%A9nes%20Somos\" onclick=\"window.open(this.href,this.title,'width=500,height=500,top=300px,left=300px'); return false;\" target=\"_blank\" class=\"icon button circle is-outline tooltip pinterest\" title=\"Pinear en Pinterest\" aria-label=\"Pinear en Pinterest\" rel=\"noopener nofollow\" ><i class=\"icon-pinterest\" ><\/i><\/a><a href=\"https:\/\/www.linkedin.com\/shareArticle?mini=true&url=https:\/\/xocomon.com\/es\/quienes-somos-xocomon\/&title=Qui%C3%A9nes%20Somos\" onclick=\"window.open(this.href,this.title,'width=500,height=500,top=300px,left=300px'); return false;\" target=\"_blank\" class=\"icon button circle is-outline tooltip linkedin\" title=\"Compartir en LinkedIn\" aria-label=\"Compartir en LinkedIn\" rel=\"noopener nofollow\" ><i class=\"icon-linkedin\" ><\/i><\/a><\/div><\/div>      <\/div>\n    <\/div>\n\n     \n<style>\n#page-header-967208499 .title-overlay {\n  background-color: rgb(255, 255, 255);\n}\n#page-header-967208499 .normal-title {\n  background-color: rgb(255, 255, 255);\n}\n<\/style>\n  <\/div>\n    <\/div>\n  \n\n\n\t<section class=\"section\" id=\"section_500973551\">\n\t\t<div class=\"section-bg fill\" >\n\t\t\t\t\t\t\t\t\t\n\t\t\t\n\n\t\t<\/div>\n\n\t\t\n\n\t\t<div class=\"section-content relative\">\n\t\t\t\n\n<div class=\"row align-middle\"  id=\"row-147995002\">\n\n\n\t<div id=\"col-1041915535\" class=\"col medium-6 small-12 large-6\"  >\n\t\t\t\t<div class=\"col-inner\"  >\n\t\t\t\n\t\t\t\n\n<p style=\"text-align: center;\"><span style=\"font-weight: 400;\">Ahora mismo estar\u00e9is leyendo esta web para entender qu\u00e9 hacemos y qu\u00e9 es XOCOMON.<\/span><\/p>\n<p style=\"text-align: center;\"><span style=\"font-weight: 400;\">XOCOMON es un reto, una ilusi\u00f3n, una historia muy parecida a la tuya. Nuestra hija es muy al\u00e9rgica a los frutos secos y ante la imposibilidad de encontrar productos adecuados para ella en el mercado, hemos optado por crearlos y comercializarlos. Cansados \u200b\u200bde decir NO, ahora podemos decir:<\/span><\/p>\n<p style=\"text-align: center;\"><span style=\"font-size: 140%; color: #cf0c1c;\">PARA TI, CL\u00c0UDIA; PARA TI, BIEL; PARA TI, MARIA; PARA TI, CARLOS; PARA TI\u2026 PARA TODOS!<\/span><\/p>\n<p style=\"text-align: center;\"><span style=\"font-weight: 400;\">Esta ser\u00e1 tu web, el lugar donde podr\u00e1s comprar e incluso exponer las necesidades que puedas tener.<\/span><\/p>\n<p style=\"text-align: center;\"><span style=\"font-weight: 400;\">Empezamos con <\/span><b>chocolate sin trazas de frutos secos<\/b><span style=\"font-weight: 400;\">, pero habr\u00e1 otros proyectos muy interesantes. Este s\u00f3lo es el principio para mejorar el d\u00eda a d\u00eda de las personas al\u00e9rgicas y su entorno. Nada es imposible: \u00a1somos invencibles!<\/span><\/p>\n<p style=\"text-align: center;\"><span style=\"font-weight: 400;\">Nuestros productos son de m\u00e1xima calidad y tienen la garant\u00eda de estar bien hechos y ser seguros para ti y los tuyos.<\/span><\/p>\n<p style=\"text-align: center;\"><span style=\"color: #28bea3;\"><strong><span style=\"font-size: 150%;\">\u201cTENEMOS ALERGIA A ALIMENTOS Y NO COMEMOS CUALQUIER COSA\u201d<\/span><\/strong><\/span><\/p>\n\n\t\t<\/div>\n\t\t\t\t\t<\/div>\n\n\t\n\n\t<div id=\"col-611571938\" class=\"col medium-6 small-12 large-6\"  >\n\t\t\t\t<div class=\"col-inner\"  >\n\t\t\t\n\t\t\t\n\n<p><img loading=\"lazy\" decoding=\"async\" class=\"size-full wp-image-11207 aligncenter\" src=\"https:\/\/xocomon.com\/wp-content\/uploads\/2021\/09\/family-xocomon-w800.jpg\" alt=\"\" width=\"800\" height=\"532\" srcset=\"https:\/\/xocomon.com\/wp-content\/uploads\/2021\/09\/family-xocomon-w800.jpg 800w, https:\/\/xocomon.com\/wp-content\/uploads\/2021\/09\/family-xocomon-w800-300x200.jpg 300w, https:\/\/xocomon.com\/wp-content\/uploads\/2021\/09\/family-xocomon-w800-768x511.jpg 768w, https:\/\/xocomon.com\/wp-content\/uploads\/2021\/09\/family-xocomon-w800-510x339.jpg 510w\" sizes=\"auto, (max-width: 800px) 100vw, 800px\" \/><\/p>\n<p style=\"text-align: center;\"><span style=\"font-weight: 400;\">La materia prima nos llega certificada del proveedor, los moldes son especiales para cada tipo de chocolate, el obrador no trabaja con frutos secos, tenemos un plan de limpieza muy estricto y llevamos la trazabilidad de cada lote.<\/span><\/p>\n<p style=\"text-align: center;\"><span style=\"font-weight: 400;\">Somos muy exigentes con la garant\u00eda de calidad del producto: es chocolate de calidad.<\/span><\/p>\n<p style=\"text-align: center;\"><b>Para poder comernos el mundo tenemos que tener cuidado y hacerlo bien.<\/b><\/p>\n<p style=\"text-align: center;\"><b>Estamos aqu\u00ed para ayudar a los al\u00e9rgicos y sus familias, para que crezcan m\u00e1s fuertes y saludables sin renunciar al placer de comer chocolate.<\/b><\/p>\n\n\n\t\t<\/div>\n\t\t\t\t\t<\/div>\n\n\t\n\n<\/div>\n\n\t\t<\/div>\n\n\t\t\n<style>\n#section_500973551 {\n  padding-top: 30px;\n  padding-bottom: 30px;\n}\n<\/style>\n\t<\/section>\n\t\n\n\n","protected":false},"excerpt":{"rendered":"","protected":false},"author":736,"featured_media":0,"parent":0,"menu_order":0,"comment_status":"closed","ping_status":"closed","template":"","meta":{"footnotes":""},"class_list":["post-6596","page","type-page","status-publish","hentry"],"yoast_head":"<!-- This site is optimized with the Yoast SEO plugin v26.7 - https:\/\/yoast.com\/wordpress\/plugins\/seo\/ -->\n<title>Qui\u00e9nes Somos - Xocomon<\/title>\n<meta name=\"robots\" content=\"index, follow, max-snippet:-1, max-image-preview:large, max-video-preview:-1\" \/>\n<link rel=\"canonical\" href=\"https:\/\/xocomon.com\/es\/quienes-somos-xocomon\/\" \/>\n<meta property=\"og:locale\" content=\"es_ES\" \/>\n<meta property=\"og:type\" content=\"article\" \/>\n<meta property=\"og:title\" content=\"Qui\u00e9nes Somos - Xocomon\" \/>\n<meta property=\"og:url\" content=\"https:\/\/xocomon.com\/es\/quienes-somos-xocomon\/\" \/>\n<meta property=\"og:site_name\" content=\"Xocomon\" \/>\n<meta property=\"article:publisher\" content=\"https:\/\/www.facebook.com\/xocomon\/\" \/>\n<meta property=\"article:modified_time\" content=\"2025-11-08T16:45:37+00:00\" \/>\n<meta property=\"og:image\" content=\"https:\/\/xocomon.com\/wp-content\/uploads\/2021\/09\/family-xocomon-w800.jpg\" \/>\n\t<meta property=\"og:image:width\" content=\"800\" \/>\n\t<meta property=\"og:image:height\" content=\"532\" \/>\n\t<meta property=\"og:image:type\" content=\"image\/jpeg\" \/>\n<meta name=\"twitter:card\" content=\"summary_large_image\" \/>\n<meta name=\"twitter:label1\" content=\"Tiempo de lectura\" \/>\n\t<meta name=\"twitter:data1\" content=\"1 minuto\" \/>\n<script type=\"application\/ld+json\" class=\"yoast-schema-graph\">{\"@context\":\"https:\/\/schema.org\",\"@graph\":[{\"@type\":\"WebPage\",\"@id\":\"https:\/\/xocomon.com\/es\/quienes-somos-xocomon\/\",\"url\":\"https:\/\/xocomon.com\/es\/quienes-somos-xocomon\/\",\"name\":\"Qui\u00e9nes Somos - Xocomon\",\"isPartOf\":{\"@id\":\"https:\/\/xocomon.com\/#website\"},\"primaryImageOfPage\":{\"@id\":\"https:\/\/xocomon.com\/es\/quienes-somos-xocomon\/#primaryimage\"},\"image\":{\"@id\":\"https:\/\/xocomon.com\/es\/quienes-somos-xocomon\/#primaryimage\"},\"thumbnailUrl\":\"https:\/\/xocomon.com\/wp-content\/uploads\/2021\/09\/family-xocomon-w800.jpg\",\"datePublished\":\"2021-08-06T15:08:22+00:00\",\"dateModified\":\"2025-11-08T16:45:37+00:00\",\"breadcrumb\":{\"@id\":\"https:\/\/xocomon.com\/es\/quienes-somos-xocomon\/#breadcrumb\"},\"inLanguage\":\"es\",\"potentialAction\":[{\"@type\":\"ReadAction\",\"target\":[\"https:\/\/xocomon.com\/es\/quienes-somos-xocomon\/\"]}]},{\"@type\":\"ImageObject\",\"inLanguage\":\"es\",\"@id\":\"https:\/\/xocomon.com\/es\/quienes-somos-xocomon\/#primaryimage\",\"url\":\"https:\/\/xocomon.com\/wp-content\/uploads\/2021\/09\/family-xocomon-w800.jpg\",\"contentUrl\":\"https:\/\/xocomon.com\/wp-content\/uploads\/2021\/09\/family-xocomon-w800.jpg\"},{\"@type\":\"BreadcrumbList\",\"@id\":\"https:\/\/xocomon.com\/es\/quienes-somos-xocomon\/#breadcrumb\",\"itemListElement\":[{\"@type\":\"ListItem\",\"position\":1,\"name\":\"Portada\",\"item\":\"https:\/\/xocomon.com\/es\/\"},{\"@type\":\"ListItem\",\"position\":2,\"name\":\"Qui\u00e9nes Somos\"}]},{\"@type\":\"WebSite\",\"@id\":\"https:\/\/xocomon.com\/#website\",\"url\":\"https:\/\/xocomon.com\/\",\"name\":\"Xocomon\",\"description\":\"\",\"potentialAction\":[{\"@type\":\"SearchAction\",\"target\":{\"@type\":\"EntryPoint\",\"urlTemplate\":\"https:\/\/xocomon.com\/?s={search_term_string}\"},\"query-input\":{\"@type\":\"PropertyValueSpecification\",\"valueRequired\":true,\"valueName\":\"search_term_string\"}}],\"inLanguage\":\"es\"}]}<\/script>\n<!-- \/ Yoast SEO plugin. -->","yoast_head_json":{"title":"Qui\u00e9nes Somos - Xocomon","robots":{"index":"index","follow":"follow","max-snippet":"max-snippet:-1","max-image-preview":"max-image-preview:large","max-video-preview":"max-video-preview:-1"},"canonical":"https:\/\/xocomon.com\/es\/quienes-somos-xocomon\/","og_locale":"es_ES","og_type":"article","og_title":"Qui\u00e9nes Somos - Xocomon","og_url":"https:\/\/xocomon.com\/es\/quienes-somos-xocomon\/","og_site_name":"Xocomon","article_publisher":"https:\/\/www.facebook.com\/xocomon\/","article_modified_time":"2025-11-08T16:45:37+00:00","og_image":[{"width":800,"height":532,"url":"https:\/\/xocomon.com\/wp-content\/uploads\/2021\/09\/family-xocomon-w800.jpg","type":"image\/jpeg"}],"twitter_card":"summary_large_image","twitter_misc":{"Tiempo de lectura":"1 minuto"},"schema":{"@context":"https:\/\/schema.org","@graph":[{"@type":"WebPage","@id":"https:\/\/xocomon.com\/es\/quienes-somos-xocomon\/","url":"https:\/\/xocomon.com\/es\/quienes-somos-xocomon\/","name":"Qui\u00e9nes Somos - Xocomon","isPartOf":{"@id":"https:\/\/xocomon.com\/#website"},"primaryImageOfPage":{"@id":"https:\/\/xocomon.com\/es\/quienes-somos-xocomon\/#primaryimage"},"image":{"@id":"https:\/\/xocomon.com\/es\/quienes-somos-xocomon\/#primaryimage"},"thumbnailUrl":"https:\/\/xocomon.com\/wp-content\/uploads\/2021\/09\/family-xocomon-w800.jpg","datePublished":"2021-08-06T15:08:22+00:00","dateModified":"2025-11-08T16:45:37+00:00","breadcrumb":{"@id":"https:\/\/xocomon.com\/es\/quienes-somos-xocomon\/#breadcrumb"},"inLanguage":"es","potentialAction":[{"@type":"ReadAction","target":["https:\/\/xocomon.com\/es\/quienes-somos-xocomon\/"]}]},{"@type":"ImageObject","inLanguage":"es","@id":"https:\/\/xocomon.com\/es\/quienes-somos-xocomon\/#primaryimage","url":"https:\/\/xocomon.com\/wp-content\/uploads\/2021\/09\/family-xocomon-w800.jpg","contentUrl":"https:\/\/xocomon.com\/wp-content\/uploads\/2021\/09\/family-xocomon-w800.jpg"},{"@type":"BreadcrumbList","@id":"https:\/\/xocomon.com\/es\/quienes-somos-xocomon\/#breadcrumb","itemListElement":[{"@type":"ListItem","position":1,"name":"Portada","item":"https:\/\/xocomon.com\/es\/"},{"@type":"ListItem","position":2,"name":"Qui\u00e9nes Somos"}]},{"@type":"WebSite","@id":"https:\/\/xocomon.com\/#website","url":"https:\/\/xocomon.com\/","name":"Xocomon","description":"","potentialAction":[{"@type":"SearchAction","target":{"@type":"EntryPoint","urlTemplate":"https:\/\/xocomon.com\/?s={search_term_string}"},"query-input":{"@type":"PropertyValueSpecification","valueRequired":true,"valueName":"search_term_string"}}],"inLanguage":"es"}]}},"_links":{"self":[{"href":"https:\/\/xocomon.com\/es\/wp-json\/wp\/v2\/pages\/6596","targetHints":{"allow":["GET"]}}],"collection":[{"href":"https:\/\/xocomon.com\/es\/wp-json\/wp\/v2\/pages"}],"about":[{"href":"https:\/\/xocomon.com\/es\/wp-json\/wp\/v2\/types\/page"}],"author":[{"embeddable":true,"href":"https:\/\/xocomon.com\/es\/wp-json\/wp\/v2\/users\/736"}],"replies":[{"embeddable":true,"href":"https:\/\/xocomon.com\/es\/wp-json\/wp\/v2\/comments?post=6596"}],"version-history":[{"count":8,"href":"https:\/\/xocomon.com\/es\/wp-json\/wp\/v2\/pages\/6596\/revisions"}],"predecessor-version":[{"id":26239,"href":"https:\/\/xocomon.com\/es\/wp-json\/wp\/v2\/pages\/6596\/revisions\/26239"}],"wp:attachment":[{"href":"https:\/\/xocomon.com\/es\/wp-json\/wp\/v2\/media?parent=6596"}],"curies":[{"name":"wp","href":"https:\/\/api.w.org\/{rel}","templated":true}]}}