{"id":6420,"date":"2019-03-14T11:47:58","date_gmt":"2019-03-14T11:47:58","guid":{"rendered":"https:\/\/xocomon.com\/como-comprar-envios-y-tratamientos-de-datos-personales\/"},"modified":"2025-03-26T11:02:40","modified_gmt":"2025-03-26T10:02:40","slug":"como-comprar-envios-y-tratamientos-de-datos-personales","status":"publish","type":"page","link":"https:\/\/xocomon.com\/es\/como-comprar-envios-y-tratamientos-de-datos-personales\/","title":{"rendered":"C\u00f3mo comprar, Env\u00edos y Tratamientos de Datos Personales"},"content":{"rendered":"\n<h4 class=\"p1\"><span style=\"text-decoration: underline;\"><strong>COMO COMPRAR, ENV\u00cdOS Y TRATAMIENTO DE DATOS PERSONALES<\/strong><\/span><\/h4>\n<p class=\"p1\">Es muy f\u00e1cil comprar, puedes comprar la cantidad que quieras sin pedido m\u00ednimo.<\/p>\n<p class=\"p1\">Se puede comprar entre muchos productos: chocolates con leche sin trazas de frutos secos, chocolate negro sin trazas de frutos secos, turrones de chocolate o crema de cacao. Trabajamos para ser un portal donde las familias de al\u00e9rgicos encuentren salida a sus necesidades.<\/p>\n<p class=\"p1\">Xocomon para poder realizar la compra pide los datos siguientes: Nombre del cliente, direcci\u00f3n de correo electr\u00f3nico, un tel\u00e9fono, direcci\u00f3n de env\u00edo y si el cliente la requiere, se pide la direcci\u00f3n de facturaci\u00f3n para poder emitir la factura.<\/p>\n<p class=\"p1\">Xocomon respetara escrupulosamente la confidencialidad de los datos de car\u00e1cter personal aportadas por el visitante de la e-commerce, mediante el cumplimiento de la normativa vigente sobre protecci\u00f3n de datos personales , i entre otros aquello que dispone la ley Org\u00e0nica 15\/1999, de 13 de diciembre, de protecci\u00f3n de datos de car\u00e1cter personal.<\/p>\n<p class=\"p1\">Al realizar un pedido utilizando esta p\u00e1gina <a href=\"http:\/\/www.xocomon.com\"><span class=\"s1\">www.xocomon.com<\/span><\/a> , el cliente acepta expresamente la aplicaci\u00f3n de estas condiciones generales a las transacciones realizadas utilizando este medio. El programa permite que el cliente pueda consultar los precios de Xocomon, las existencias de productos y la emisi\u00f3n de pedidos por medios electr\u00f3nicos. No hay restricci\u00f3n, se compra directamente sin registrar-se.<\/p>\n<p class=\"p1\">Todos los precios son con el IVA incluido.<\/p>\n<p class=\"p1\">Las formas de pago son mediante tarjeta de cr\u00e9dito, d\u00e9bito o pasarela de PAY PAL o bien transferencia bancaria, se puede escoger.<\/p>\n<p class=\"p1\">Todos los datos facilitados en estas pasarelas son confidenciales y son propiedad de CAIXABANC o Pay Pal, sin que xocomon guarde ni tenga acceso a estos datos. Las condiciones de uso y privacidad ser\u00e1n las que ofrezcan estas dos empresas.<\/p>\n<p class=\"p1\">El cliente acepta que la \u00fanica documentaci\u00f3n facilitada por xocomon en relaci\u00f3n con la compra y forma de pago de los servicios adquiridos a trav\u00e9s del programa de comercio electr\u00f3nico sea un pedido y una factura comercial en el caso que se requiera por parte expresa del cliente.<\/p>\n<p class=\"p1\">Xocomon es responsable de todos los gastos y costes de utilizaci\u00f3n del programa, incluyendo, sin car\u00e1cter exhaustivo, los gastos de consumo y conexi\u00f3n telef\u00f3nica, equipo de telecomunicaciones, etc.<\/p>\n<p class=\"p1\">El correo electr\u00f3nico NO se considerar\u00e1 como un medio valido a efectos de reclamaciones. Para comunicar cualquier reclamaci\u00f3n escribir a montse@xocomon.com , el asunto del mensaje poner RECLAMACION, pero para dar validez legal a las reclamaciones se tienen que hacer llegar por correo certificado al Cami Ral de l\u2019havana n\u00fam 50, 08301 Matar\u00f3 (Barcelona -Spain).<\/p>\n<p class=\"p1\">Toda la informaci\u00f3n que se reciba desde el formulario de contacto, como comentarios, sugerencias o ideas, se considerar\u00e1 cedida a Xocomon de manera gratuita. Por favor no env\u00eden informaci\u00f3n que no pueda ser as\u00ed tratada.<\/p>\n<h4 class=\"p1\"><span class=\"s2\"><span style=\"text-decoration: underline;\"><b>Como comprar y env\u00edos a su casa.<\/b><\/span><b><\/b><\/span><\/h4>\n<p class=\"p1\">Es muy f\u00e1cil comprar, puedes comprar la cantidad que quieras sin pedido m\u00ednimo.<\/p>\n<p class=\"p1\">Puedes comprar desde cualquier parte del mundo y se puede enviar a cualquier parte, el mundo es global y nosotros tambi\u00e9n.<\/p>\n<p class=\"p1\">Si quieres factura, te pediremos el NIF y se mandara autom\u00e1ticamente la factura de acuerdo con la ley. Todos los pedidos emiten una hoja de confirmaci\u00f3n que recibir\u00e1s en tu e-mail.<\/p>\n<p class=\"p1\">Nuestros precios aparecen con el IVA incluido, el IVA del chocolate es del 10% y el del transporte del 21%.<\/p>\n<p class=\"p1\">La cesta siempre estar\u00e1 visible en el lado superior derecho de la pantalla, y te calcular\u00e1 el precio con IVA de los productos.<\/p>\n<p class=\"p1\">Una vez introduces el c\u00f3digo postal se te calculara el importe de los gastos de env\u00edo. Si tienes alguna duda no dudes en poner-te en contacto con nosotros y te ayudaremos en todo, ll\u00e1manos al +34 635676589.<\/p>\n<p class=\"p1\">Una vez termines la compra, introduces los datos de env\u00edo y procedes a terminar la compra, te saldr\u00e1n productos relacionados que te puedan interesar. Puedes cargar de nuevo la cesta y terminar la compra.<\/p>\n<p class=\"p1\">Una vez terminada la compra te pedir\u00e1 la forma de pago, puedes escoger entre Pay Pal, transferencia, tarjeta de d\u00e9bito o tarjeta de cr\u00e9dito.<\/p>\n<p class=\"p1\">Al permitir transferencias, el pedido se pondr\u00e1 en marcha una vez llegue el pago, mandar comprobante de pago por e-mail si quer\u00e9is acelerar el tramite.<\/p>\n<p class=\"p1\">Pedimos un e-mail y tel\u00e9fono m\u00f3vil para poder hacer el seguimiento del pedido.<\/p>\n<h4 class=\"p1\"><span class=\"s2\"><span style=\"text-decoration: underline;\"><b>Pol\u00edtica de env\u00edos.<\/b><\/span><b><\/b><\/span><\/h4>\n<p class=\"p1\">Todos los pedidos se entregar\u00e1n en 24 o 48 horas (d\u00edas laborables), seg\u00fan tipo de servicio seleccionado al realizar la compra. Las entregas se hacen durante el d\u00eda de (9:00 a 19:00). Ideal facilitar una direcci\u00f3n de entrega en la que normalmente haya gente en esta franja horaria. LOS SABADOS NO SE ENTREGA.<\/p>\n<p class=\"p1\">Trabajamos con Seur Y Gls, pueden escoger.<\/p>\n<p class=\"p1\">Si cuando pasa el repartidor en la direcci\u00f3n facilitada est\u00e1n ausentes, volver\u00e1n otra vez. Se har\u00e1n dos entregas a domicilio sin cargo, sino se tendr\u00e1n que recoger los paquetes en la oficina de agencia de transporte o ser\u00e1n devueltos a xocomon.<\/p>\n<p class=\"p1\">En verano se utilizar\u00e1 el servicio FRIO. Entregas antes de las 13:30 del d\u00eda siguiente laborable a su recogida.<\/p>\n<p class=\"p1\">El chocolate debe mantenerse entre 18-25 \u00baC.<\/p>\n<p class=\"p1\">Tiempos de tr\u00e1nsito: orientativos expresados en d\u00edas laborables para env\u00edos con origen y\/o destino BCN.<\/p>\n<p class=\"p1\">Los env\u00edos a Andorra, Canarias, Ceuta, Melilla y Gibraltar ESTAN RESTRINGIDOS. Poneros en contacto por e-mail montse@xocomon.com.<\/p>\n<p class=\"p1\">No se hacen env\u00edos a apartados de correos.<\/p>\n<p class=\"p1\">En algunas poblaciones portuguesas hay un d\u00eda mas de transito; Algarve, Coimbra, \u00c9vora, Montijo, Ourem, Santarem, Sines, y Vilareal.<\/p>\n<p class=\"p1\">La mercanc\u00eda va asegurada por el LOTE.<\/p>\n<p class=\"p1\">Se realizan env\u00edos a todo el mundo, por favor mandar un e-mail y les calcularemos el coste del env\u00edo.<\/p>\n<p class=\"p1\">Los pedidos que entren y est\u00e9n pagados antes de las 12:00h, por norma general ser\u00e1n procesados para salir el mismo d\u00eda. Para los pedidos realizados a partir de esta hora no se garantiza la salida en el mismo d\u00eda, sino al d\u00eda siguiente.<\/p>\n<h4 class=\"p1\"><span class=\"s2\"><span style=\"text-decoration: underline;\"><b>Devoluciones<\/b><\/span><b><\/b><\/span><\/h4>\n<p class=\"p1\">No se admiten devoluciones. Al ser un producto que se puede contaminar, no se aceptan devoluciones.<\/p>\n<p class=\"p1\">Si el pedido no est\u00e1 en buenas condiciones a la entrega de este,escriba en el albaran de entrega o rechace el paquete, si decide recogerlo, m\u00e1ndenos fotos de la mercanc\u00eda en mal estado.<\/p>\n<p class=\"p1\">Procederemos a tratar la incidencia, siempre escriba a<span class=\"Apple-converted-space\">\u00a0 <\/span><a href=\"mailto:montse@xocomon.com\"><span class=\"s1\">montse@xocomon.com<\/span><\/a>.<\/p>\n<p class=\"p1\">Muchas gracias por comprar a xocomon, un placer trabajar para usted.<\/p>\n\n","protected":false},"excerpt":{"rendered":"","protected":false},"author":736,"featured_media":0,"parent":0,"menu_order":0,"comment_status":"closed","ping_status":"closed","template":"","meta":{"footnotes":""},"class_list":["post-6420","page","type-page","status-publish","hentry"],"yoast_head":"<!-- This site is optimized with the Yoast SEO plugin v26.7 - https:\/\/yoast.com\/wordpress\/plugins\/seo\/ -->\n<title>C\u00f3mo comprar, Env\u00edos y Tratamientos de Datos Personales - Xocomon<\/title>\n<meta name=\"robots\" content=\"index, follow, max-snippet:-1, max-image-preview:large, max-video-preview:-1\" \/>\n<link rel=\"canonical\" href=\"https:\/\/xocomon.com\/es\/como-comprar-envios-y-tratamientos-de-datos-personales\/\" \/>\n<meta property=\"og:locale\" content=\"es_ES\" \/>\n<meta property=\"og:type\" content=\"article\" \/>\n<meta property=\"og:title\" content=\"C\u00f3mo comprar, Env\u00edos y Tratamientos de Datos Personales - Xocomon\" \/>\n<meta property=\"og:url\" content=\"https:\/\/xocomon.com\/es\/como-comprar-envios-y-tratamientos-de-datos-personales\/\" \/>\n<meta property=\"og:site_name\" content=\"Xocomon\" \/>\n<meta property=\"article:publisher\" content=\"https:\/\/www.facebook.com\/xocomon\/\" \/>\n<meta property=\"article:modified_time\" content=\"2025-03-26T10:02:40+00:00\" \/>\n<meta name=\"twitter:card\" content=\"summary_large_image\" \/>\n<meta name=\"twitter:label1\" content=\"Tiempo de lectura\" \/>\n\t<meta name=\"twitter:data1\" content=\"6 minutos\" \/>\n<script type=\"application\/ld+json\" class=\"yoast-schema-graph\">{\"@context\":\"https:\/\/schema.org\",\"@graph\":[{\"@type\":\"WebPage\",\"@id\":\"https:\/\/xocomon.com\/es\/como-comprar-envios-y-tratamientos-de-datos-personales\/\",\"url\":\"https:\/\/xocomon.com\/es\/como-comprar-envios-y-tratamientos-de-datos-personales\/\",\"name\":\"C\u00f3mo comprar, Env\u00edos y Tratamientos de Datos Personales - Xocomon\",\"isPartOf\":{\"@id\":\"https:\/\/xocomon.com\/#website\"},\"datePublished\":\"2019-03-14T11:47:58+00:00\",\"dateModified\":\"2025-03-26T10:02:40+00:00\",\"breadcrumb\":{\"@id\":\"https:\/\/xocomon.com\/es\/como-comprar-envios-y-tratamientos-de-datos-personales\/#breadcrumb\"},\"inLanguage\":\"es\",\"potentialAction\":[{\"@type\":\"ReadAction\",\"target\":[\"https:\/\/xocomon.com\/es\/como-comprar-envios-y-tratamientos-de-datos-personales\/\"]}]},{\"@type\":\"BreadcrumbList\",\"@id\":\"https:\/\/xocomon.com\/es\/como-comprar-envios-y-tratamientos-de-datos-personales\/#breadcrumb\",\"itemListElement\":[{\"@type\":\"ListItem\",\"position\":1,\"name\":\"Portada\",\"item\":\"https:\/\/xocomon.com\/es\/\"},{\"@type\":\"ListItem\",\"position\":2,\"name\":\"C\u00f3mo comprar, Env\u00edos y Tratamientos de Datos Personales\"}]},{\"@type\":\"WebSite\",\"@id\":\"https:\/\/xocomon.com\/#website\",\"url\":\"https:\/\/xocomon.com\/\",\"name\":\"Xocomon\",\"description\":\"\",\"potentialAction\":[{\"@type\":\"SearchAction\",\"target\":{\"@type\":\"EntryPoint\",\"urlTemplate\":\"https:\/\/xocomon.com\/?s={search_term_string}\"},\"query-input\":{\"@type\":\"PropertyValueSpecification\",\"valueRequired\":true,\"valueName\":\"search_term_string\"}}],\"inLanguage\":\"es\"}]}<\/script>\n<!-- \/ Yoast SEO plugin. -->","yoast_head_json":{"title":"C\u00f3mo comprar, Env\u00edos y Tratamientos de Datos Personales - Xocomon","robots":{"index":"index","follow":"follow","max-snippet":"max-snippet:-1","max-image-preview":"max-image-preview:large","max-video-preview":"max-video-preview:-1"},"canonical":"https:\/\/xocomon.com\/es\/como-comprar-envios-y-tratamientos-de-datos-personales\/","og_locale":"es_ES","og_type":"article","og_title":"C\u00f3mo comprar, Env\u00edos y Tratamientos de Datos Personales - Xocomon","og_url":"https:\/\/xocomon.com\/es\/como-comprar-envios-y-tratamientos-de-datos-personales\/","og_site_name":"Xocomon","article_publisher":"https:\/\/www.facebook.com\/xocomon\/","article_modified_time":"2025-03-26T10:02:40+00:00","twitter_card":"summary_large_image","twitter_misc":{"Tiempo de lectura":"6 minutos"},"schema":{"@context":"https:\/\/schema.org","@graph":[{"@type":"WebPage","@id":"https:\/\/xocomon.com\/es\/como-comprar-envios-y-tratamientos-de-datos-personales\/","url":"https:\/\/xocomon.com\/es\/como-comprar-envios-y-tratamientos-de-datos-personales\/","name":"C\u00f3mo comprar, Env\u00edos y Tratamientos de Datos Personales - Xocomon","isPartOf":{"@id":"https:\/\/xocomon.com\/#website"},"datePublished":"2019-03-14T11:47:58+00:00","dateModified":"2025-03-26T10:02:40+00:00","breadcrumb":{"@id":"https:\/\/xocomon.com\/es\/como-comprar-envios-y-tratamientos-de-datos-personales\/#breadcrumb"},"inLanguage":"es","potentialAction":[{"@type":"ReadAction","target":["https:\/\/xocomon.com\/es\/como-comprar-envios-y-tratamientos-de-datos-personales\/"]}]},{"@type":"BreadcrumbList","@id":"https:\/\/xocomon.com\/es\/como-comprar-envios-y-tratamientos-de-datos-personales\/#breadcrumb","itemListElement":[{"@type":"ListItem","position":1,"name":"Portada","item":"https:\/\/xocomon.com\/es\/"},{"@type":"ListItem","position":2,"name":"C\u00f3mo comprar, Env\u00edos y Tratamientos de Datos Personales"}]},{"@type":"WebSite","@id":"https:\/\/xocomon.com\/#website","url":"https:\/\/xocomon.com\/","name":"Xocomon","description":"","potentialAction":[{"@type":"SearchAction","target":{"@type":"EntryPoint","urlTemplate":"https:\/\/xocomon.com\/?s={search_term_string}"},"query-input":{"@type":"PropertyValueSpecification","valueRequired":true,"valueName":"search_term_string"}}],"inLanguage":"es"}]}},"_links":{"self":[{"href":"https:\/\/xocomon.com\/es\/wp-json\/wp\/v2\/pages\/6420","targetHints":{"allow":["GET"]}}],"collection":[{"href":"https:\/\/xocomon.com\/es\/wp-json\/wp\/v2\/pages"}],"about":[{"href":"https:\/\/xocomon.com\/es\/wp-json\/wp\/v2\/types\/page"}],"author":[{"embeddable":true,"href":"https:\/\/xocomon.com\/es\/wp-json\/wp\/v2\/users\/736"}],"replies":[{"embeddable":true,"href":"https:\/\/xocomon.com\/es\/wp-json\/wp\/v2\/comments?post=6420"}],"version-history":[{"count":3,"href":"https:\/\/xocomon.com\/es\/wp-json\/wp\/v2\/pages\/6420\/revisions"}],"predecessor-version":[{"id":24468,"href":"https:\/\/xocomon.com\/es\/wp-json\/wp\/v2\/pages\/6420\/revisions\/24468"}],"wp:attachment":[{"href":"https:\/\/xocomon.com\/es\/wp-json\/wp\/v2\/media?parent=6420"}],"curies":[{"name":"wp","href":"https:\/\/api.w.org\/{rel}","templated":true}]}}