{"id":4433,"date":"2018-12-10T11:36:16","date_gmt":"2018-12-10T11:36:16","guid":{"rendered":"https:\/\/xocomon.com\/?page_id=4433"},"modified":"2025-03-26T11:17:17","modified_gmt":"2025-03-26T10:17:17","slug":"aviso-legal","status":"publish","type":"page","link":"https:\/\/xocomon.com\/es\/aviso-legal\/","title":{"rendered":"Aviso Legal"},"content":{"rendered":"\n<h3 class=\"p1\"><span style=\"text-decoration: underline;\"><strong>Aviso Legal<\/strong><\/span><\/h3>\n<p class=\"p1\">El presente es un aviso de obligada visualizaci\u00f3n que regula las condiciones de uso que deben ser observadas y respetadas por los usuarios de esta p\u00e1gina web. Es importante leerlo atentamente, ya que el hecho de acceder a ella implica que el usuario ha le\u00eddo y acepta, sin reservas, las condiciones que siguen.<\/p>\n<p class=\"p1\"><span style=\"text-decoration: underline;\"><b>Informaci\u00f3n general LSSI<\/b><\/span><br \/>MONTSE ROSET ESTIVILL, en su condici\u00f3n de titular i responsable de este espacio web (XOCOLATES XOCOMON SL en adelante), en cumplimiento con lo establecido con el art\u00edculo 10 de la ley34\/2002, de 11 de julio de servicios de la sociedad de la informaci\u00f3n i de comercio electr\u00f3nico, pongo a disposici\u00f3n la siguiente informaci\u00f3n de car\u00e1cter general:<\/p>\n<p class=\"p1\">XOCOLATES XOCOMON SL<\/p>\n<p class=\"p1\">NIF B56492911<\/p>\n<p class=\"p1\">CAMI RAL DE L\u2019HAVANA 50<\/p>\n<p class=\"p1\">08301 MATARO BARCELONA<\/p>\n<p class=\"p1\"><br \/>la marca comercial Xocomon.<br \/>Para cualquier consulta o reclamaci\u00f3n relativa a este espacio web o a la informaci\u00f3n o a los productos i servicios que se ofrecen, los usuarios se pueden dirigir a mroset@xocomon.com XOCOLATES XOCOMON SL<\/p>\n<p class=\"p1\">CAMI RAL DE L\u2019HAVANA 50<\/p>\n<p class=\"p1\">08301 MATARO BARCELONA<\/p>\n<p class=\"p1\">Tel 934647755 o +34 635676589.<\/p>\n<p class=\"p1\"><span style=\"text-decoration: underline;\"><b>Condiciones de uso de la p\u00e1gina web<\/b><\/span><br \/>El acceso a la p\u00e1gina web por parte del usuario es gratuito. Sin embargo, est\u00e1 condicionado a la lectura previa y aceptaci\u00f3n \u00edntegra, expresa y sin reservas de las CONDICIONES GENERALES DE USO, vigentes en el momento. Si el usuario no est\u00e1 de acuerdo con estas condiciones de uso deber\u00e1 abstenerse de utilizar este portal, as\u00ed como de operar en \u00e9l.<br \/>Por ello, si el usuario no est\u00e1 de acuerdo con las consideraciones detalladas en este aviso legal rogamos no haga uso del presente sitio web, ya que cualquier uso que haga del mismo o de los servicios y contenidos, supondr\u00e1 la aceptaci\u00f3n de los t\u00e9rminos legales que se describen.<br \/>Xocomon es una p\u00e1gina web con una e-commerce en una plataforma WORDPRESS, en el marco de su actividad, pone diferentes productos a la venta. As\u00ed pues, queda expresamente prohibido a los usuarios utilizarlos con fines distintos para los que fueron creados.<br \/>El usuario acepta acceder a nuestra p\u00e1gina web de acuerdo con la buena fe, las normas de orden p\u00fablico y, en su caso, las condiciones espec\u00edficas de uso que sean aplicables. El acceso a nuestro sitio web se hace bajo la responsabilidad propia y exclusiva del usuario que responder\u00e1, en todo caso, de los da\u00f1os y perjuicios que pudiera causar.<br \/>El usuario tiene expresamente prohibida la utilizaci\u00f3n y obtenci\u00f3n de los servicios y contenidos ofrecidos en esta p\u00e1gina web por procedimientos distintos a los estipulados en estas condiciones de uso y, en su caso, en las condiciones particulares que regulen la adquisici\u00f3n de determinados servicios.<br \/>Esta p\u00e1gina web contiene enlaces o hiperenlaces que conducen a otras p\u00e1ginas web gestionadas por terceros ajenos a nuestra organizaci\u00f3n. As\u00ed pues, Xocolates xocomon sl no puede garantizar el contenido o las informaciones que se recojan en las p\u00e1ginas web mencionadas, ni su veracidad o actualizaci\u00f3n. En consecuencia, xocolates xocomon sl queda eximida de cualquier responsabilidad por da\u00f1os y perjuicios de todo tipo que puedan derivarse de la utilizaci\u00f3n de p\u00e1ginas web ajenas a la nuestra.<\/p>\n<p class=\"p1\"><span style=\"text-decoration: underline;\"><b>Derechos de propiedad intelectual e industrial<\/b><\/span><br \/>XOCOLATES XOCOMON SL es titular de los derechos de propiedad intelectual e industrial de la totalidad de los contenidos de esta p\u00e1gina web (incluyendo, a t\u00edtulo meramente enunciativo, todos los elementos que configuran la apariencia visual, la imagen gr\u00e1fica, marcas, logotipos, nombres comerciales, nombres de dominio, textos, cr\u00edticas y comentarios, im\u00e1genes, gr\u00e1ficos, dise\u00f1os, sonidos, bases de datos, programas, diagramas de flujo, presentaci\u00f3n, arquitectura de navegaci\u00f3n, el dise\u00f1o de la interfaz tecnol\u00f3gica y los c\u00f3digos fuente de las p\u00e1ginas web) independientemente del soporte en que se encuentren.<br \/>Se proh\u00edbe expresamente la realizaci\u00f3n de framings o de cualesquiera otros mecanismos que alteren el dise\u00f1o, configuraci\u00f3n original o contenidos de este sitio web.<br \/>El acceso al sitio web no implica la concesi\u00f3n de ning\u00fan tipo de licencia sobre el mismo o sus contenidos. Quedando prohibida la realizaci\u00f3n de ning\u00fan negocio jur\u00eddico sobre los mismos.<br \/>XOCOLATES XOCOMON SL no asumir\u00e1 ninguna responsabilidad que pueda derivarse de cualquier alteraci\u00f3n o manipulaci\u00f3n de esta p\u00e1gina web por parte de terceros.<\/p>\n<p class=\"p1\"><span style=\"text-decoration: underline;\"><b>Limitaci\u00f3n de la responsabilidad<\/b><\/span><br \/>XOCOLATES XOCOMON SL <span class=\"Apple-converted-space\">\u00a0 <\/span>ha adoptado las medidas de seguridad que permite el estado actual de la tecnolog\u00eda. Sin embargo, no puede garantizar la ausencia absoluta de virus o elementos lesivos y, en consecuencia, queda exonerada de cualquier responsabilidad en este aspecto.<br \/>XOCOLATES XOCOMON SL <span class=\"Apple-converted-space\">\u00a0 <\/span>no asume ninguna responsabilidad derivada, o que pueda derivarse, de la utilizaci\u00f3n que los usuarios hagan de las informaciones y contenidos de esta p\u00e1gina web.<br \/>XOCOLATES XOCOMON SL <span class=\"Apple-converted-space\">\u00a0 <\/span>realizar\u00e1 todos los esfuerzos posibles para mantener el presente sitio web actualizado, sin embargo pese a haber tomado todas las precauciones necesarias para proporcionar informaciones actuales y exactas, no podemos garantizar la actualizaci\u00f3n de toda la informaci\u00f3n facilitada ni la falta de errores u omisiones.<br \/>Las opiniones aparecidas en las publicaciones, revistas y art\u00edculos accesibles desde el sitio web pertenecen a sus respectivos autores. Por ello xocomon no asume ninguna responsabilidad por la informaci\u00f3n y los contenidos de todo tipo accesibles desde el sitio web que hayan sido facilitados por terceros y, en especial, por los da\u00f1os y perjuicios de cualquier tipo vinculados a los mismos.<br \/>Tampoco responder\u00e1 por el incumplimiento de cualquier ley, costumbre o c\u00f3digo de conducta que les sean aplicables.<br \/>XOCOLATES XOCOMON SL <span class=\"Apple-converted-space\">\u00a0 <\/span>se reserva el derecho de suspender temporalmente el acceso a su p\u00e1gina web por causas relacionadas con la mejora, el mantenimiento o la revisi\u00f3n de los contenidos o de la programaci\u00f3n, y tambi\u00e9n por cualquier otro motivo.<\/p>\n<p class=\"p1\"><span style=\"text-decoration: underline;\"><b>Jurisdicci\u00f3n y fuero aplicables<\/b><\/span><br \/>Estas condiciones se rigen exclusivamente por la legislaci\u00f3n espa\u00f1ola. En el caso de que se produzca cualquier tipo de discrepancia o diferencia entre las partes con relaci\u00f3n a la interpretaci\u00f3n y el contenido todas las partes se someten, con renuncia expresa a cualquier otro fuero, a los juzgados y tribunales de Barcelona.<\/p>\n<p class=\"p1\"><span style=\"text-decoration: underline;\"><b>Modificaci\u00f3n de esta pol\u00edtica de confidencialidad<\/b><\/span><br \/>Estas condiciones generales de uso han sido establecidas con fecha de 1 de Febrero de 2017. En cualquier momento podemos modificarlas. Por ello se recomienda comprobar la fecha de emisi\u00f3n cada vez que el usuario se conecta a nuestra p\u00e1gina web y as\u00ed tendr\u00e1 la certeza de que no se ha producido ninguna modificaci\u00f3n que le afecte.<\/p>\n<p class=\"p1\"><span style=\"text-decoration: underline;\"><b>Pol\u00edtica de privacidad y confidencialidad.<\/b><\/span><br \/>En cumplimiento de las prescripciones de la Ley Org\u00e1nica 5\/1992, de 29 de octubre, modificada por Ley Org\u00e1nica 15\/1.999, de 13 de diciembre, de Protecci\u00f3n de Datos de Car\u00e1cter Personal (LOPDP), los datos objeto de tratamiento que el usuario facilite a XOCOLATES XOCOMON SL<span class=\"Apple-converted-space\">\u00a0 <\/span>tanto a trav\u00e9s del apartado \u201cCont\u00e1ctenos\u201d no podr\u00e1n usar para finalidades incompatibles con aquellas para las que los datos hubieran sido recogidos.<br \/>XOCOLATES XOCOMON SL<span class=\"Apple-converted-space\">\u00a0 <\/span>se compromete a tratar dichos datos de manera confidencial y de conformidad con el contenido del texto legal anteriormente citado. Cualquier otro uso de los datos, distinto a los mencionados, requerir\u00e1 previo y expreso consentimiento del usuario.<br \/>Los usuariosno se registran por lo que xocomon no guarda datos, solo los datos de los pedidos que han hecho los clientes y las consultas v\u00eda mail.<br \/>Los datos del domicilio social son:<\/p>\n<p class=\"p1\"><br \/>XOCOMON<br \/>MONTSE ROSET ESTIVILL<br \/>77742267J<br \/>C\/ BISBE COMELLAS 63 1\u00ba 08693 CASSERRES<\/p>\n<p class=\"p1\"><br \/>Asimismo, mismo le informamos de que, mediante la cumplimentaci\u00f3n de los formularios de contacto en nuestra web, sus datos personales se incorporar\u00e1n a nuestros ficheros automatizados con el \u00fanico fin de poder prestarle el servicio requerido. En todo momento, tiene derecho a la eliminaci\u00f3n de tales datos, deber\u00e1 solicitarlo mediante el correo montse@xocomon.com.<br \/>El responsable de los ficheros ha inscrito debidamente en la AEPD(Agencia Espa\u00f1ola de protecci\u00f3n de dato), el pasado 6\/2\/2017 los ficheros. El responsable es XOCOLATES XOCOMON SL<br \/>Es nuestro compromiso el de seguir las pautas marcadas por la legislaci\u00f3n sobre protecci\u00f3n de datos personales, en especial en lo relativo a los derechos de informaci\u00f3n, acceso, rectificaci\u00f3n y cancelaci\u00f3n de datos.<br \/>XOCOLATES XOCOMON SL <span class=\"Apple-converted-space\">\u00a0 <\/span>est\u00e1 inscrita en el registro sanitario de industrias de distribuci\u00f3n de alimentos. RSIPAC 25.04694\/CAT y RGSEAA 25.003438\/B<br \/>Recogida de datos y consentimiento para tratarlos.<br \/>Se informa de que los datos personales que se solicitan en nuestros formularios o que nos puedan ser facilitados de forma consciente y expresa por cualquier medio, se incluir\u00e1n en un fichero de datos personales cuyo responsable y titular es xocomon.<br \/>xocomon como responsable del fichero y quienes intervengan en cualquier fase del tratamiento de los datos de car\u00e1cter personal est\u00e1n obligados al secreto profesional respecto de los mismos y al deber de guardarlos. Obligaciones que subsistir\u00e1n aun despu\u00e9s de finalizar sus relaciones con el titular del fichero o, en su caso, con el responsable de este.<br \/>XOCOLATES XOCOMON SL<span class=\"Apple-converted-space\">\u00a0 <\/span>no se responsabiliza del tratamiento de los datos personales de las p\u00e1ginas web a las que el usuario pueda acceder por medio de los distintos enlaces que contiene nuestra p\u00e1gina web.<\/p>\n<p class=\"p1\"><span style=\"text-decoration: underline;\"><b>Cesi\u00f3n de datos<\/b><\/span><br \/>Informamos que los datos son tratados confidencialmente y utilizados exclusivamente en el \u00e1mbito interno de la empresa y para las finalidades indicadas, de modo que no los cedemos ni comunicamos a ning\u00fan tercero, a menos que el usuario nos autorice a ello expresamente y en los casos previstos legalmente.<\/p>\n\n","protected":false},"excerpt":{"rendered":"","protected":false},"author":736,"featured_media":0,"parent":0,"menu_order":0,"comment_status":"closed","ping_status":"closed","template":"","meta":{"footnotes":""},"class_list":["post-4433","page","type-page","status-publish","hentry"],"yoast_head":"<!-- This site is optimized with the Yoast SEO plugin v26.7 - https:\/\/yoast.com\/wordpress\/plugins\/seo\/ -->\n<title>Aviso Legal - Xocomon<\/title>\n<meta name=\"robots\" content=\"index, follow, max-snippet:-1, max-image-preview:large, max-video-preview:-1\" \/>\n<link rel=\"canonical\" href=\"https:\/\/xocomon.com\/es\/aviso-legal\/\" \/>\n<meta property=\"og:locale\" content=\"es_ES\" \/>\n<meta property=\"og:type\" content=\"article\" \/>\n<meta property=\"og:title\" content=\"Aviso Legal - Xocomon\" \/>\n<meta property=\"og:url\" content=\"https:\/\/xocomon.com\/es\/aviso-legal\/\" \/>\n<meta property=\"og:site_name\" content=\"Xocomon\" \/>\n<meta property=\"article:publisher\" content=\"https:\/\/www.facebook.com\/xocomon\/\" \/>\n<meta property=\"article:modified_time\" content=\"2025-03-26T10:17:17+00:00\" \/>\n<meta name=\"twitter:card\" content=\"summary_large_image\" \/>\n<meta name=\"twitter:label1\" content=\"Tiempo de lectura\" \/>\n\t<meta name=\"twitter:data1\" content=\"8 minutos\" \/>\n<script type=\"application\/ld+json\" class=\"yoast-schema-graph\">{\"@context\":\"https:\/\/schema.org\",\"@graph\":[{\"@type\":\"WebPage\",\"@id\":\"https:\/\/xocomon.com\/es\/aviso-legal\/\",\"url\":\"https:\/\/xocomon.com\/es\/aviso-legal\/\",\"name\":\"Aviso Legal - Xocomon\",\"isPartOf\":{\"@id\":\"https:\/\/xocomon.com\/#website\"},\"datePublished\":\"2018-12-10T11:36:16+00:00\",\"dateModified\":\"2025-03-26T10:17:17+00:00\",\"breadcrumb\":{\"@id\":\"https:\/\/xocomon.com\/es\/aviso-legal\/#breadcrumb\"},\"inLanguage\":\"es\",\"potentialAction\":[{\"@type\":\"ReadAction\",\"target\":[\"https:\/\/xocomon.com\/es\/aviso-legal\/\"]}]},{\"@type\":\"BreadcrumbList\",\"@id\":\"https:\/\/xocomon.com\/es\/aviso-legal\/#breadcrumb\",\"itemListElement\":[{\"@type\":\"ListItem\",\"position\":1,\"name\":\"Portada\",\"item\":\"https:\/\/xocomon.com\/es\/\"},{\"@type\":\"ListItem\",\"position\":2,\"name\":\"Aviso Legal\"}]},{\"@type\":\"WebSite\",\"@id\":\"https:\/\/xocomon.com\/#website\",\"url\":\"https:\/\/xocomon.com\/\",\"name\":\"Xocomon\",\"description\":\"\",\"potentialAction\":[{\"@type\":\"SearchAction\",\"target\":{\"@type\":\"EntryPoint\",\"urlTemplate\":\"https:\/\/xocomon.com\/?s={search_term_string}\"},\"query-input\":{\"@type\":\"PropertyValueSpecification\",\"valueRequired\":true,\"valueName\":\"search_term_string\"}}],\"inLanguage\":\"es\"}]}<\/script>\n<!-- \/ Yoast SEO plugin. -->","yoast_head_json":{"title":"Aviso Legal - Xocomon","robots":{"index":"index","follow":"follow","max-snippet":"max-snippet:-1","max-image-preview":"max-image-preview:large","max-video-preview":"max-video-preview:-1"},"canonical":"https:\/\/xocomon.com\/es\/aviso-legal\/","og_locale":"es_ES","og_type":"article","og_title":"Aviso Legal - Xocomon","og_url":"https:\/\/xocomon.com\/es\/aviso-legal\/","og_site_name":"Xocomon","article_publisher":"https:\/\/www.facebook.com\/xocomon\/","article_modified_time":"2025-03-26T10:17:17+00:00","twitter_card":"summary_large_image","twitter_misc":{"Tiempo de lectura":"8 minutos"},"schema":{"@context":"https:\/\/schema.org","@graph":[{"@type":"WebPage","@id":"https:\/\/xocomon.com\/es\/aviso-legal\/","url":"https:\/\/xocomon.com\/es\/aviso-legal\/","name":"Aviso Legal - Xocomon","isPartOf":{"@id":"https:\/\/xocomon.com\/#website"},"datePublished":"2018-12-10T11:36:16+00:00","dateModified":"2025-03-26T10:17:17+00:00","breadcrumb":{"@id":"https:\/\/xocomon.com\/es\/aviso-legal\/#breadcrumb"},"inLanguage":"es","potentialAction":[{"@type":"ReadAction","target":["https:\/\/xocomon.com\/es\/aviso-legal\/"]}]},{"@type":"BreadcrumbList","@id":"https:\/\/xocomon.com\/es\/aviso-legal\/#breadcrumb","itemListElement":[{"@type":"ListItem","position":1,"name":"Portada","item":"https:\/\/xocomon.com\/es\/"},{"@type":"ListItem","position":2,"name":"Aviso Legal"}]},{"@type":"WebSite","@id":"https:\/\/xocomon.com\/#website","url":"https:\/\/xocomon.com\/","name":"Xocomon","description":"","potentialAction":[{"@type":"SearchAction","target":{"@type":"EntryPoint","urlTemplate":"https:\/\/xocomon.com\/?s={search_term_string}"},"query-input":{"@type":"PropertyValueSpecification","valueRequired":true,"valueName":"search_term_string"}}],"inLanguage":"es"}]}},"_links":{"self":[{"href":"https:\/\/xocomon.com\/es\/wp-json\/wp\/v2\/pages\/4433","targetHints":{"allow":["GET"]}}],"collection":[{"href":"https:\/\/xocomon.com\/es\/wp-json\/wp\/v2\/pages"}],"about":[{"href":"https:\/\/xocomon.com\/es\/wp-json\/wp\/v2\/types\/page"}],"author":[{"embeddable":true,"href":"https:\/\/xocomon.com\/es\/wp-json\/wp\/v2\/users\/736"}],"replies":[{"embeddable":true,"href":"https:\/\/xocomon.com\/es\/wp-json\/wp\/v2\/comments?post=4433"}],"version-history":[{"count":4,"href":"https:\/\/xocomon.com\/es\/wp-json\/wp\/v2\/pages\/4433\/revisions"}],"predecessor-version":[{"id":24471,"href":"https:\/\/xocomon.com\/es\/wp-json\/wp\/v2\/pages\/4433\/revisions\/24471"}],"wp:attachment":[{"href":"https:\/\/xocomon.com\/es\/wp-json\/wp\/v2\/media?parent=4433"}],"curies":[{"name":"wp","href":"https:\/\/api.w.org\/{rel}","templated":true}]}}